{"id":10586,"date":"2025-06-20T09:43:20","date_gmt":"2025-06-20T08:43:20","guid":{"rendered":"https:\/\/ksapa.org\/fr\/?page_id=10586"},"modified":"2025-11-17T15:50:57","modified_gmt":"2025-11-17T14:50:57","slug":"sutti-cdd-fullstack-developpeur","status":"publish","type":"page","link":"https:\/\/ksapa.org\/fr\/impliquez-vous\/carrieres\/sutti-cdd-fullstack-developpeur\/","title":{"rendered":"SUTTI \u2013 CDD &#8211; Fullstack d\u00e9veloppeur JS"},"content":{"rendered":"\n\n  <div class=\"banner has-hover\" id=\"banner-1835953154\">\n          <div class=\"banner-inner fill\">\n        <div class=\"banner-bg fill\" >\n            <div class=\"bg fill bg-fill \"><\/div>\n                        <div class=\"overlay\"><\/div>            \n                    <\/div>\n        <div class=\"banner-layers container\">\n            <div class=\"fill banner-link\"><\/div>            \n\n   <div id=\"text-box-544881772\" class=\"text-box banner-layer x50 md-x50 lg-x50 y50 md-y50 lg-y50 res-text\">\n                                <div class=\"text-box-content text dark\">\n              \n              <div class=\"text-inner text-center\">\n                  \n\n<h1><strong>Senior Fullstack JavaScript Developer (Remote\/Hybrid) <\/strong>\u2013 M\/F<\/h1>\n<p>6-month contract<\/p>\n<div class=\"is-divider divider clearfix\" style=\"background-color:rgb(255, 255, 255);\"><\/div>\n\n\n              <\/div>\n           <\/div>\n                            \n<style>\n#text-box-544881772 {\n  width: 100%;\n}\n#text-box-544881772 .text-box-content {\n  font-size: 100%;\n}\n<\/style>\n    <\/div>\n \n\n        <\/div>\n      <\/div>\n\n            \n<style>\n#banner-1835953154 {\n  padding-top: 350px;\n}\n#banner-1835953154 .bg.bg-loaded {\n  background-image: url(https:\/\/ksapa.org\/fr\/wp-content\/uploads\/sites\/1\/2019\/06\/career.jpg);\n}\n#banner-1835953154 .overlay {\n  background-color: rgba(0,0,0,.5);\n}\n#banner-1835953154 .bg {\n  background-position: 32% 31%;\n}\n<\/style>\n  <\/div>\n\n\n\t<section class=\"section\" id=\"section_233093728\">\n\t\t<div class=\"bg section-bg fill bg-fill  bg-loaded\" >\n\n\t\t\t\n\t\t\t\n\t\t\t\n\n\t\t<\/div>\n\n\t\t<div class=\"section-content relative\">\n\t\t\t\n\n<div class=\"row\"  id=\"row-856470283\">\n\n\n\t<div id=\"col-1373665525\" class=\"col small-12 large-12\"  >\n\t\t\t\t<div class=\"col-inner\"  >\n\t\t\t\n\t\t\t\n\n<div class=\"text-center\"><div class=\"is-divider divider clearfix\" style=\"background-color:rgb(166, 166, 166);\"><\/div><\/div>\n\n<h1 style=\"text-align: center;\"><span style=\"font-size: 120%;\"><strong>Senior Fullstack JavaScript Developer (Remote\/Hybrid) <\/strong>\u2013 M\/F<\/span><\/h1>\n<p style=\"text-align: center;\"><span style=\"font-size: 120%;\">\ud83c\udf0d Impact-driven | \ud83c\udf31 Agriculture | \ud83d\udcbb Tech4Impact<\/span><\/p>\n<p style=\"text-align: center;\"><span style=\"font-size: 120%;\">6-month contract, to be extended if business permits <\/span><br \/><span style=\"font-size: 120%;\">(Contrat \u00e0 Dur\u00e9e D\u00e9termin\u00e9e, French work permit required)<\/span><\/p>\n<p><span style=\"font-size: 120%;\"><em>\u00a0\u00a0\u00a0\u00a0\u00a0\u00a0\u00a0\u00a0\u00a0\u00a0\u00a0\u00a0\u00a0\u00a0\u00a0\u00a0\u00a0 <\/em><\/span><\/p>\n<h2><span style=\"font-size: 120%;\"><strong>About Ksapa <\/strong><\/span><\/h2>\n<p><span style=\"font-size: 120%;\"><strong>Ksapa<\/strong> is a mission-driven social enterprise building solutions for a more sustainable and inclusive world. We design and manage agricultural development programs across the Global South \u2014 and we\u2019re scaling our <a href=\"https:\/\/sutti.org\/\"><strong>SUTTI<\/strong><\/a> platform: a digital suite that empowers smallholder farmers through training, traceability, and impact finance.<\/span><\/p>\n<p><span style=\"font-size: 120%;\">\ud83d\udea8 <strong>We\u2019re Hiring \u2013 Senior Fullstack JavaScript Developer (Remote\/Hybrid)<\/strong><\/span><\/p>\n<p><span style=\"font-size: 120%;\">We\u2019re looking for a <strong>Senior Fullstack JS Developer<\/strong> to lead the next stage of our platform\u2019s development.<\/span><br \/><span style=\"font-size: 120%;\">\u00a0You&rsquo;ll work with real challenges: poor connectivity, low-power hardware, and diverse field contexts \u2014 and make tech that truly changes lives.<\/span><\/p>\n<h2><span style=\"font-size: 120%;\">\ud83d\udd27 <strong>Your Role<\/strong><\/span><\/h2>\n<ul>\n<li><span style=\"font-size: 120%;\">Contribute to the development of a new major Release of the <a href=\"https:\/\/sutti.org\/digital-solutions\/\">SUTTI Digital Suite<\/a><\/span><\/li>\n<li><span style=\"font-size: 120%;\">Work with a collaborative team of developers, agronomists, and data experts<\/span><\/li>\n<li><span style=\"font-size: 120%;\">Contribute to product decisions with meaningful real-world impact<\/span><\/li>\n<\/ul>\n<h2><span style=\"font-size: 120%;\">\u2705 <strong>You Bring<\/strong><\/span><\/h2>\n<ul>\n<li><span style=\"font-size: 120%;\">4+ years of experience with ReactJS + Express.js<\/span><\/li>\n<li><span style=\"font-size: 120%;\">Solid JavaScript skills and experience with MySQL.<\/span>\n<ul>\n<li><span style=\"font-size: 120%;\">Redux, OpenAPI, sequelize, DevExpress, Jest, Mocha, PlayWright skills a plus<\/span><\/li>\n<\/ul>\n<\/li>\n<li><span style=\"font-size: 120%;\">A team mindset, strong autonomy, and fluent English<\/span><\/li>\n<li><span style=\"font-size: 120%;\">Familiarity with software engineering best practices (testing, code reviews, CI\/CD)<\/span><\/li>\n<li><span style=\"font-size: 120%;\">Bonus: experience in low-connectivity environments or using technology to create positive Social and Environmental Impact; interest in Sustainability<\/span><\/li>\n<\/ul>\n<h2><span style=\"font-size: 120%;\">\ud83d\ude80 <strong>What We Offer<\/strong><\/span><\/h2>\n<ul>\n<li><span style=\"font-size: 120%;\">A chance to work on a <strong>high-impact <\/strong><strong>solution<\/strong> used by <a href=\"https:\/\/sutti.org\/case-studies\/\"><strong>100K+ farmers<\/strong><\/a><\/span><\/li>\n<li><span style=\"font-size: 120%;\">A purpose-led team with deep field knowledge and global partners<\/span><\/li>\n<li><span style=\"font-size: 120%;\">Remote\/hybrid flexibility with a startup-level of ownership<\/span><\/li>\n<\/ul>\n<p>\ud83d\udc65<span style=\"font-size: 120%;\"> Recruitment Process: 3 interviews + live coding session<\/span><\/p>\n<p><span style=\"font-size: 120%;\">\ud83d\udccd Flexible location in France<\/span><\/p>\n<p><span style=\"font-size: 120%;\">\u00a0\ud83d\udd17 <a href=\"https:\/\/sutti.org\/\">Learn more about SUTTI<\/a> | <a href=\"https:\/\/ksapa.org\/\">About Ksapa<\/a><\/span><\/p>\n<div class=\"text-center\"><div class=\"is-divider divider clearfix\" style=\"background-color:rgb(166, 166, 166);\"><\/div><\/div>\n\n<h2 style=\"text-align: center;\"><span style=\"font-size: 120%;\"><strong>\ud83d\udca1 Interested or know someone who might be?<\/strong><\/span><\/h2>\n<p><span style=\"font-size: 120%;\">Apply directly at <a href=\"mailto:job@ksapa.org\">job@ksapa.org<\/a>. Let\u2019s build tech that matters.<\/span><\/p>\n\n\t\t<\/div>\n\t\t\t\t\t<\/div>\n\n\t\n\n<\/div>\n\n\t\t<\/div>\n\n\t\t\n<style>\n#section_233093728 {\n  padding-top: 30px;\n  padding-bottom: 30px;\n}\n<\/style>\n\t<\/section>\n\t\n\n","protected":false},"excerpt":{"rendered":"","protected":false},"author":55,"featured_media":7961,"parent":529,"menu_order":0,"comment_status":"closed","ping_status":"closed","template":"page-blank.php","meta":{"footnotes":""},"class_list":["post-10586","page","type-page","status-publish","has-post-thumbnail","hentry"],"yoast_head":"<!-- This site is optimized with the Yoast SEO plugin v27.3 - https:\/\/yoast.com\/product\/yoast-seo-wordpress\/ -->\n<title>Carri\u00e8res - Fullstack d\u00e9veloppeur junior<\/title>\n<meta name=\"description\" content=\"Notre \u00e9quipe est \u00e0 la recherche d\u2019un(e) stagiaire ou un(e) alternant(e) pour son \u00e9quipe IT, pour une dur\u00e9e minimum de 6 mois \u00e0 partir de septembre 2023 (dates de d\u00e9but flexibles). Poste bas\u00e9 \u00e0 Paris.\" \/>\n<meta name=\"robots\" content=\"index, follow, max-snippet:-1, max-image-preview:large, max-video-preview:-1\" \/>\n<link rel=\"canonical\" href=\"https:\/\/ksapa.org\/fr\/impliquez-vous\/carrieres\/sutti-cdd-fullstack-developpeur\/\" \/>\n<meta property=\"og:locale\" content=\"fr_FR\" \/>\n<meta property=\"og:type\" content=\"article\" \/>\n<meta property=\"og:title\" content=\"Carri\u00e8res - Fullstack d\u00e9veloppeur junior\" \/>\n<meta property=\"og:description\" content=\"Notre \u00e9quipe est \u00e0 la recherche d\u2019un(e) stagiaire ou un(e) alternant(e) pour son \u00e9quipe IT, pour une dur\u00e9e minimum de 6 mois \u00e0 partir de septembre 2023 (dates de d\u00e9but flexibles). Poste bas\u00e9 \u00e0 Paris.\" \/>\n<meta property=\"og:url\" content=\"https:\/\/ksapa.org\/fr\/impliquez-vous\/carrieres\/sutti-cdd-fullstack-developpeur\/\" \/>\n<meta property=\"og:site_name\" content=\"Ksapa - fr\" \/>\n<meta property=\"article:modified_time\" content=\"2025-11-17T14:50:57+00:00\" \/>\n<meta property=\"og:image\" content=\"https:\/\/ksapa.org\/fr\/wp-content\/uploads\/sites\/1\/2023\/09\/Ksapa-CSRD-ESG-Reporting-scaled.jpg\" \/>\n\t<meta property=\"og:image:width\" content=\"1709\" \/>\n\t<meta property=\"og:image:height\" content=\"2560\" \/>\n\t<meta property=\"og:image:type\" content=\"image\/jpeg\" \/>\n<meta name=\"twitter:card\" content=\"summary_large_image\" \/>\n<meta name=\"twitter:site\" content=\"@KsapaOrg\" \/>\n<meta name=\"twitter:label1\" content=\"Dur\u00e9e de lecture estim\u00e9e\" \/>\n\t<meta name=\"twitter:data1\" content=\"2 minutes\" \/>\n<script type=\"application\/ld+json\" class=\"yoast-schema-graph\">{\"@context\":\"https:\\\/\\\/schema.org\",\"@graph\":[{\"@type\":\"WebPage\",\"@id\":\"https:\\\/\\\/ksapa.org\\\/fr\\\/impliquez-vous\\\/carrieres\\\/sutti-cdd-fullstack-developpeur\\\/\",\"url\":\"https:\\\/\\\/ksapa.org\\\/fr\\\/impliquez-vous\\\/carrieres\\\/sutti-cdd-fullstack-developpeur\\\/\",\"name\":\"Carri\u00e8res - Fullstack d\u00e9veloppeur junior\",\"isPartOf\":{\"@id\":\"https:\\\/\\\/ksapa.org\\\/fr\\\/#website\"},\"primaryImageOfPage\":{\"@id\":\"https:\\\/\\\/ksapa.org\\\/fr\\\/impliquez-vous\\\/carrieres\\\/sutti-cdd-fullstack-developpeur\\\/#primaryimage\"},\"image\":{\"@id\":\"https:\\\/\\\/ksapa.org\\\/fr\\\/impliquez-vous\\\/carrieres\\\/sutti-cdd-fullstack-developpeur\\\/#primaryimage\"},\"thumbnailUrl\":\"https:\\\/\\\/ksapa.org\\\/fr\\\/wp-content\\\/uploads\\\/sites\\\/1\\\/2023\\\/09\\\/Ksapa-CSRD-ESG-Reporting-scaled.jpg\",\"datePublished\":\"2025-06-20T08:43:20+00:00\",\"dateModified\":\"2025-11-17T14:50:57+00:00\",\"description\":\"Notre \u00e9quipe est \u00e0 la recherche d\u2019un(e) stagiaire ou un(e) alternant(e) pour son \u00e9quipe IT, pour une dur\u00e9e minimum de 6 mois \u00e0 partir de septembre 2023 (dates de d\u00e9but flexibles). Poste bas\u00e9 \u00e0 Paris.\",\"breadcrumb\":{\"@id\":\"https:\\\/\\\/ksapa.org\\\/fr\\\/impliquez-vous\\\/carrieres\\\/sutti-cdd-fullstack-developpeur\\\/#breadcrumb\"},\"inLanguage\":\"fr-FR\",\"potentialAction\":[{\"@type\":\"ReadAction\",\"target\":[\"https:\\\/\\\/ksapa.org\\\/fr\\\/impliquez-vous\\\/carrieres\\\/sutti-cdd-fullstack-developpeur\\\/\"]}]},{\"@type\":\"ImageObject\",\"inLanguage\":\"fr-FR\",\"@id\":\"https:\\\/\\\/ksapa.org\\\/fr\\\/impliquez-vous\\\/carrieres\\\/sutti-cdd-fullstack-developpeur\\\/#primaryimage\",\"url\":\"https:\\\/\\\/ksapa.org\\\/fr\\\/wp-content\\\/uploads\\\/sites\\\/1\\\/2023\\\/09\\\/Ksapa-CSRD-ESG-Reporting-scaled.jpg\",\"contentUrl\":\"https:\\\/\\\/ksapa.org\\\/fr\\\/wp-content\\\/uploads\\\/sites\\\/1\\\/2023\\\/09\\\/Ksapa-CSRD-ESG-Reporting-scaled.jpg\",\"width\":1709,\"height\":2560,\"caption\":\"La CSRD pose des d\u00e9fis aux entreprises \u00e9ligibles. En 3 questions, Ksapa partage du retour d'exp\u00e9rience une gestion efficace de la CSRD.\"},{\"@type\":\"BreadcrumbList\",\"@id\":\"https:\\\/\\\/ksapa.org\\\/fr\\\/impliquez-vous\\\/carrieres\\\/sutti-cdd-fullstack-developpeur\\\/#breadcrumb\",\"itemListElement\":[{\"@type\":\"ListItem\",\"position\":1,\"name\":\"Home\",\"item\":\"https:\\\/\\\/ksapa.org\\\/fr\\\/\"},{\"@type\":\"ListItem\",\"position\":2,\"name\":\"Impliquez-vous !\",\"item\":\"https:\\\/\\\/ksapa.org\\\/fr\\\/impliquez-vous\\\/\"},{\"@type\":\"ListItem\",\"position\":3,\"name\":\"Carri\u00e8res\",\"item\":\"https:\\\/\\\/ksapa.org\\\/fr\\\/impliquez-vous\\\/carrieres\\\/\"},{\"@type\":\"ListItem\",\"position\":4,\"name\":\"SUTTI \u2013 CDD &#8211; Fullstack d\u00e9veloppeur JS\"}]},{\"@type\":\"WebSite\",\"@id\":\"https:\\\/\\\/ksapa.org\\\/fr\\\/#website\",\"url\":\"https:\\\/\\\/ksapa.org\\\/fr\\\/\",\"name\":\"Ksapa - fr\",\"description\":\"\",\"publisher\":{\"@id\":\"https:\\\/\\\/ksapa.org\\\/fr\\\/#organization\"},\"potentialAction\":[{\"@type\":\"SearchAction\",\"target\":{\"@type\":\"EntryPoint\",\"urlTemplate\":\"https:\\\/\\\/ksapa.org\\\/fr\\\/?s={search_term_string}\"},\"query-input\":{\"@type\":\"PropertyValueSpecification\",\"valueRequired\":true,\"valueName\":\"search_term_string\"}}],\"inLanguage\":\"fr-FR\"},{\"@type\":\"Organization\",\"@id\":\"https:\\\/\\\/ksapa.org\\\/fr\\\/#organization\",\"name\":\"ksapa\",\"url\":\"https:\\\/\\\/ksapa.org\\\/fr\\\/\",\"logo\":{\"@type\":\"ImageObject\",\"inLanguage\":\"fr-FR\",\"@id\":\"https:\\\/\\\/ksapa.org\\\/fr\\\/#\\\/schema\\\/logo\\\/image\\\/\",\"url\":\"https:\\\/\\\/ksapa.org\\\/fr\\\/wp-content\\\/uploads\\\/sites\\\/1\\\/2019\\\/06\\\/icone-ksapa.jpg\",\"contentUrl\":\"https:\\\/\\\/ksapa.org\\\/fr\\\/wp-content\\\/uploads\\\/sites\\\/1\\\/2019\\\/06\\\/icone-ksapa.jpg\",\"width\":\"442\",\"height\":\"421\",\"caption\":\"ksapa\"},\"image\":{\"@id\":\"https:\\\/\\\/ksapa.org\\\/fr\\\/#\\\/schema\\\/logo\\\/image\\\/\"},\"sameAs\":[\"https:\\\/\\\/x.com\\\/KsapaOrg\"]}]}<\/script>\n<!-- \/ Yoast SEO plugin. -->","yoast_head_json":{"title":"Carri\u00e8res - Fullstack d\u00e9veloppeur junior","description":"Notre \u00e9quipe est \u00e0 la recherche d\u2019un(e) stagiaire ou un(e) alternant(e) pour son \u00e9quipe IT, pour une dur\u00e9e minimum de 6 mois \u00e0 partir de septembre 2023 (dates de d\u00e9but flexibles). Poste bas\u00e9 \u00e0 Paris.","robots":{"index":"index","follow":"follow","max-snippet":"max-snippet:-1","max-image-preview":"max-image-preview:large","max-video-preview":"max-video-preview:-1"},"canonical":"https:\/\/ksapa.org\/fr\/impliquez-vous\/carrieres\/sutti-cdd-fullstack-developpeur\/","og_locale":"fr_FR","og_type":"article","og_title":"Carri\u00e8res - Fullstack d\u00e9veloppeur junior","og_description":"Notre \u00e9quipe est \u00e0 la recherche d\u2019un(e) stagiaire ou un(e) alternant(e) pour son \u00e9quipe IT, pour une dur\u00e9e minimum de 6 mois \u00e0 partir de septembre 2023 (dates de d\u00e9but flexibles). Poste bas\u00e9 \u00e0 Paris.","og_url":"https:\/\/ksapa.org\/fr\/impliquez-vous\/carrieres\/sutti-cdd-fullstack-developpeur\/","og_site_name":"Ksapa - fr","article_modified_time":"2025-11-17T14:50:57+00:00","og_image":[{"width":1709,"height":2560,"url":"https:\/\/ksapa.org\/fr\/wp-content\/uploads\/sites\/1\/2023\/09\/Ksapa-CSRD-ESG-Reporting-scaled.jpg","type":"image\/jpeg"}],"twitter_card":"summary_large_image","twitter_site":"@KsapaOrg","twitter_misc":{"Dur\u00e9e de lecture estim\u00e9e":"2 minutes"},"schema":{"@context":"https:\/\/schema.org","@graph":[{"@type":"WebPage","@id":"https:\/\/ksapa.org\/fr\/impliquez-vous\/carrieres\/sutti-cdd-fullstack-developpeur\/","url":"https:\/\/ksapa.org\/fr\/impliquez-vous\/carrieres\/sutti-cdd-fullstack-developpeur\/","name":"Carri\u00e8res - Fullstack d\u00e9veloppeur junior","isPartOf":{"@id":"https:\/\/ksapa.org\/fr\/#website"},"primaryImageOfPage":{"@id":"https:\/\/ksapa.org\/fr\/impliquez-vous\/carrieres\/sutti-cdd-fullstack-developpeur\/#primaryimage"},"image":{"@id":"https:\/\/ksapa.org\/fr\/impliquez-vous\/carrieres\/sutti-cdd-fullstack-developpeur\/#primaryimage"},"thumbnailUrl":"https:\/\/ksapa.org\/fr\/wp-content\/uploads\/sites\/1\/2023\/09\/Ksapa-CSRD-ESG-Reporting-scaled.jpg","datePublished":"2025-06-20T08:43:20+00:00","dateModified":"2025-11-17T14:50:57+00:00","description":"Notre \u00e9quipe est \u00e0 la recherche d\u2019un(e) stagiaire ou un(e) alternant(e) pour son \u00e9quipe IT, pour une dur\u00e9e minimum de 6 mois \u00e0 partir de septembre 2023 (dates de d\u00e9but flexibles). Poste bas\u00e9 \u00e0 Paris.","breadcrumb":{"@id":"https:\/\/ksapa.org\/fr\/impliquez-vous\/carrieres\/sutti-cdd-fullstack-developpeur\/#breadcrumb"},"inLanguage":"fr-FR","potentialAction":[{"@type":"ReadAction","target":["https:\/\/ksapa.org\/fr\/impliquez-vous\/carrieres\/sutti-cdd-fullstack-developpeur\/"]}]},{"@type":"ImageObject","inLanguage":"fr-FR","@id":"https:\/\/ksapa.org\/fr\/impliquez-vous\/carrieres\/sutti-cdd-fullstack-developpeur\/#primaryimage","url":"https:\/\/ksapa.org\/fr\/wp-content\/uploads\/sites\/1\/2023\/09\/Ksapa-CSRD-ESG-Reporting-scaled.jpg","contentUrl":"https:\/\/ksapa.org\/fr\/wp-content\/uploads\/sites\/1\/2023\/09\/Ksapa-CSRD-ESG-Reporting-scaled.jpg","width":1709,"height":2560,"caption":"La CSRD pose des d\u00e9fis aux entreprises \u00e9ligibles. En 3 questions, Ksapa partage du retour d'exp\u00e9rience une gestion efficace de la CSRD."},{"@type":"BreadcrumbList","@id":"https:\/\/ksapa.org\/fr\/impliquez-vous\/carrieres\/sutti-cdd-fullstack-developpeur\/#breadcrumb","itemListElement":[{"@type":"ListItem","position":1,"name":"Home","item":"https:\/\/ksapa.org\/fr\/"},{"@type":"ListItem","position":2,"name":"Impliquez-vous !","item":"https:\/\/ksapa.org\/fr\/impliquez-vous\/"},{"@type":"ListItem","position":3,"name":"Carri\u00e8res","item":"https:\/\/ksapa.org\/fr\/impliquez-vous\/carrieres\/"},{"@type":"ListItem","position":4,"name":"SUTTI \u2013 CDD &#8211; Fullstack d\u00e9veloppeur JS"}]},{"@type":"WebSite","@id":"https:\/\/ksapa.org\/fr\/#website","url":"https:\/\/ksapa.org\/fr\/","name":"Ksapa - fr","description":"","publisher":{"@id":"https:\/\/ksapa.org\/fr\/#organization"},"potentialAction":[{"@type":"SearchAction","target":{"@type":"EntryPoint","urlTemplate":"https:\/\/ksapa.org\/fr\/?s={search_term_string}"},"query-input":{"@type":"PropertyValueSpecification","valueRequired":true,"valueName":"search_term_string"}}],"inLanguage":"fr-FR"},{"@type":"Organization","@id":"https:\/\/ksapa.org\/fr\/#organization","name":"ksapa","url":"https:\/\/ksapa.org\/fr\/","logo":{"@type":"ImageObject","inLanguage":"fr-FR","@id":"https:\/\/ksapa.org\/fr\/#\/schema\/logo\/image\/","url":"https:\/\/ksapa.org\/fr\/wp-content\/uploads\/sites\/1\/2019\/06\/icone-ksapa.jpg","contentUrl":"https:\/\/ksapa.org\/fr\/wp-content\/uploads\/sites\/1\/2019\/06\/icone-ksapa.jpg","width":"442","height":"421","caption":"ksapa"},"image":{"@id":"https:\/\/ksapa.org\/fr\/#\/schema\/logo\/image\/"},"sameAs":["https:\/\/x.com\/KsapaOrg"]}]}},"_links":{"self":[{"href":"https:\/\/ksapa.org\/fr\/wp-json\/wp\/v2\/pages\/10586","targetHints":{"allow":["GET"]}}],"collection":[{"href":"https:\/\/ksapa.org\/fr\/wp-json\/wp\/v2\/pages"}],"about":[{"href":"https:\/\/ksapa.org\/fr\/wp-json\/wp\/v2\/types\/page"}],"author":[{"embeddable":true,"href":"https:\/\/ksapa.org\/fr\/wp-json\/wp\/v2\/users\/55"}],"replies":[{"embeddable":true,"href":"https:\/\/ksapa.org\/fr\/wp-json\/wp\/v2\/comments?post=10586"}],"version-history":[{"count":8,"href":"https:\/\/ksapa.org\/fr\/wp-json\/wp\/v2\/pages\/10586\/revisions"}],"predecessor-version":[{"id":10598,"href":"https:\/\/ksapa.org\/fr\/wp-json\/wp\/v2\/pages\/10586\/revisions\/10598"}],"up":[{"embeddable":true,"href":"https:\/\/ksapa.org\/fr\/wp-json\/wp\/v2\/pages\/529"}],"wp:featuredmedia":[{"embeddable":true,"href":"https:\/\/ksapa.org\/fr\/wp-json\/wp\/v2\/media\/7961"}],"wp:attachment":[{"href":"https:\/\/ksapa.org\/fr\/wp-json\/wp\/v2\/media?parent=10586"}],"curies":[{"name":"wp","href":"https:\/\/api.w.org\/{rel}","templated":true}]}}