{"id":143,"date":"2019-02-13T21:11:10","date_gmt":"2019-02-13T21:11:10","guid":{"rendered":"https:\/\/resilients.xk-consulting.fr\/?page_id=143"},"modified":"2020-12-05T19:16:48","modified_gmt":"2020-12-05T18:16:48","slug":"les-fiches-outils-de-la-rse","status":"publish","type":"page","link":"https:\/\/ksapa.org\/fr\/mobiliser\/publications\/les-fiches-outils-de-la-rse\/","title":{"rendered":"Les fiches outils de la RSE"},"content":{"rendered":"\n\n  <div class=\"banner has-hover\" id=\"banner-1432129672\">\n          <div class=\"banner-inner fill\">\n        <div class=\"banner-bg fill\" >\n            <div class=\"bg fill bg-fill \"><\/div>\n                        <div class=\"overlay\"><\/div>            \n                    <\/div>\n        <div class=\"banner-layers container\">\n            <div class=\"fill banner-link\"><\/div>            \n\n   <div id=\"text-box-184219708\" class=\"text-box banner-layer x50 md-x50 lg-x50 y50 md-y50 lg-y50 res-text\">\n                                <div class=\"text-box-content text dark\">\n              \n              <div class=\"text-inner text-center\">\n                  \n\n<h1 id=\"title\" class=\"a-size-large a-spacing-none uppercase\"><span id=\"ebooksProductTitle\" class=\"a-size-extra-large\">Les fiches outils de la RSE<\/span><\/h1>\n<p id=\"title\" class=\"a-size-large a-spacing-none\">Eyrolles &#8211; 27 Aout 2015<\/p>\n\n              <\/div>\n           <\/div>\n                            \n<style>\n#text-box-184219708 {\n  width: 90%;\n}\n#text-box-184219708 .text-box-content {\n  font-size: 100%;\n}\n<\/style>\n    <\/div>\n \n\n        <\/div>\n      <\/div>\n\n            \n<style>\n#banner-1432129672 {\n  padding-top: 350px;\n}\n#banner-1432129672 .bg.bg-loaded {\n  background-image: url(https:\/\/ksapa.org\/fr\/wp-content\/uploads\/sites\/1\/2019\/02\/les-fiches-outils-rse-1350x800.jpg);\n}\n#banner-1432129672 .overlay {\n  background-color: rgba(0, 0, 0, 0.7);\n}\n#banner-1432129672 .bg {\n  background-position: 27% 50%;\n}\n<\/style>\n  <\/div>\n\n\n<div class=\"row align-middle\"  id=\"row-2055136256\">\n\n\n\t<div id=\"col-1662013164\" class=\"col medium-6 small-12 large-6\"  >\n\t\t\t\t<div class=\"col-inner\"  >\n\t\t\t\n\t\t\t\n\n<p>Pratique et bas\u00e9 sur l&rsquo;exp\u00e9rience, ce guide op\u00e9rationnel complet pr\u00e9sente en&nbsp;<strong>100 fiches<\/strong>&nbsp;les rep\u00e8res et les bonnes pratiques indispensables \u00e0 la mise en place d&rsquo;une d\u00e9marche RSE durable.<\/p>\n<ul>\n<li>Conna\u00eetre les concepts et r\u00e9f\u00e9rentiels cl\u00e9s<\/li>\n<li>D\u00e9finir une strat\u00e9gie RSE source d&rsquo;innovation<\/li>\n<li>Engager efficacement les parties prenantes<\/li>\n<li>Engager une d\u00e9marche de marketing et communication responsables<\/li>\n<li>Mettre en place un syst\u00e8me de reporting pertinent<\/li>\n<li>Piloter une d\u00e9marche d&rsquo;achats responsables<\/li>\n<li>Cr\u00e9er de la valeur partag\u00e9e sur les territoires<\/li>\n<\/ul>\n<h4>Les Fiches outils&nbsp;: des guides op\u00e9rationnels complets<\/h4>\n<p>Les ouvrages de cette collection permettent de d\u00e9couvrir ou d&rsquo;approfondir un sujet ou une fonction. Regroup\u00e9es en modules, leurs fiches pratiques et largement outill\u00e9es (conseils, cas pratiques, sch\u00e9mas, tableaux, illustrations&#8230;) vous seront rapidement indispensables&nbsp;!<\/p>\n<a rel=\"noopener noreferrer\" href=\"https:\/\/www.eyrolles.com\/Entreprise\/Livre\/les-fiches-outils-de-la-rse-9782212561609\/\" target=\"_blank\" class=\"button primary is-outline\"  >\n    <span>Commander chez Eyrolles<\/span>\n  <\/a>\n\n\n\n\t\t<\/div>\n\t\t\t\t\t<\/div>\n\n\t\n\n\t<div id=\"col-305033810\" class=\"col medium-6 small-12 large-6\"  >\n\t\t\t\t<div class=\"col-inner\"  >\n\t\t\t\n\t\t\t\n\n\t<div class=\"img has-hover x md-x lg-x y md-y lg-y\" id=\"image_842360965\">\n\t\t\t\t\t\t\t\t<div class=\"img-inner dark\" >\n\t\t\t<img decoding=\"async\" width=\"396\" height=\"500\" src=\"https:\/\/ksapa.org\/fr\/wp-content\/uploads\/sites\/1\/2019\/02\/les-fiches-outils-de-la-rse-livre-farid-baddache-eyrolles.jpg\" class=\"attachment-original size-original\" alt=\"Les fiches outils de la RSE, Farid Baddache et St\u00e9phanie Leblanc, Eyrolles\" srcset=\"https:\/\/ksapa.org\/fr\/wp-content\/uploads\/sites\/1\/2019\/02\/les-fiches-outils-de-la-rse-livre-farid-baddache-eyrolles.jpg 396w, https:\/\/ksapa.org\/fr\/wp-content\/uploads\/sites\/1\/2019\/02\/les-fiches-outils-de-la-rse-livre-farid-baddache-eyrolles-317x400.jpg 317w\" sizes=\"(max-width: 396px) 100vw, 396px\" \/>\t\t\t\t\t\t\n\t\t\t\t\t<\/div>\n\t\t\t\t\t\t\t\t\n<style>\n#image_842360965 {\n  width: 100%;\n}\n<\/style>\n\t<\/div>\n\t\n\n\n\t\t<\/div>\n\t\t\t\t\t<\/div>\n\n\t\n\n<\/div>\n","protected":false},"excerpt":{"rendered":"","protected":false},"author":1,"featured_media":181,"parent":141,"menu_order":0,"comment_status":"closed","ping_status":"closed","template":"page-blank.php","meta":{"footnotes":""},"class_list":["post-143","page","type-page","status-publish","has-post-thumbnail","hentry"],"yoast_head":"<!-- This site is optimized with the Yoast SEO plugin v27.3 - https:\/\/yoast.com\/product\/yoast-seo-wordpress\/ -->\n<title>Farid Baddache, Les fiches outils de la RSE, Eyrolles<\/title>\n<meta name=\"description\" content=\"Ce guide op\u00e9rationnel complet pr\u00e9sente en 100 fiches les rep\u00e8res et les bonnes pratiques indispensables \u00e0 la mise en place d\u2019une d\u00e9marche RSE durable.\" \/>\n<meta name=\"robots\" content=\"index, follow, max-snippet:-1, max-image-preview:large, max-video-preview:-1\" \/>\n<link rel=\"canonical\" href=\"https:\/\/ksapa.org\/fr\/mobiliser\/publications\/les-fiches-outils-de-la-rse\/\" \/>\n<meta property=\"og:locale\" content=\"fr_FR\" \/>\n<meta property=\"og:type\" content=\"article\" \/>\n<meta property=\"og:title\" content=\"Farid Baddache, Les fiches outils de la RSE, Eyrolles\" \/>\n<meta property=\"og:description\" content=\"Ce guide op\u00e9rationnel complet pr\u00e9sente en 100 fiches les rep\u00e8res et les bonnes pratiques indispensables \u00e0 la mise en place d\u2019une d\u00e9marche RSE durable.\" \/>\n<meta property=\"og:url\" content=\"https:\/\/ksapa.org\/fr\/mobiliser\/publications\/les-fiches-outils-de-la-rse\/\" \/>\n<meta property=\"og:site_name\" content=\"Ksapa - fr\" \/>\n<meta property=\"article:modified_time\" content=\"2020-12-05T18:16:48+00:00\" \/>\n<meta property=\"og:image\" content=\"https:\/\/ksapa.org\/fr\/wp-content\/uploads\/sites\/1\/2019\/02\/les-fiches-outils-rse.jpg\" \/>\n\t<meta property=\"og:image:width\" content=\"1593\" \/>\n\t<meta property=\"og:image:height\" content=\"944\" \/>\n\t<meta property=\"og:image:type\" content=\"image\/jpeg\" \/>\n<meta name=\"twitter:card\" content=\"summary_large_image\" \/>\n<meta name=\"twitter:site\" content=\"@KsapaOrg\" \/>\n<meta name=\"twitter:label1\" content=\"Dur\u00e9e de lecture estim\u00e9e\" \/>\n\t<meta name=\"twitter:data1\" content=\"1 minute\" \/>\n<script type=\"application\/ld+json\" class=\"yoast-schema-graph\">{\"@context\":\"https:\\\/\\\/schema.org\",\"@graph\":[{\"@type\":\"WebPage\",\"@id\":\"https:\\\/\\\/ksapa.org\\\/fr\\\/mobiliser\\\/publications\\\/les-fiches-outils-de-la-rse\\\/\",\"url\":\"https:\\\/\\\/ksapa.org\\\/fr\\\/mobiliser\\\/publications\\\/les-fiches-outils-de-la-rse\\\/\",\"name\":\"Farid Baddache, Les fiches outils de la RSE, Eyrolles\",\"isPartOf\":{\"@id\":\"https:\\\/\\\/ksapa.org\\\/fr\\\/#website\"},\"primaryImageOfPage\":{\"@id\":\"https:\\\/\\\/ksapa.org\\\/fr\\\/mobiliser\\\/publications\\\/les-fiches-outils-de-la-rse\\\/#primaryimage\"},\"image\":{\"@id\":\"https:\\\/\\\/ksapa.org\\\/fr\\\/mobiliser\\\/publications\\\/les-fiches-outils-de-la-rse\\\/#primaryimage\"},\"thumbnailUrl\":\"https:\\\/\\\/ksapa.org\\\/fr\\\/wp-content\\\/uploads\\\/sites\\\/1\\\/2019\\\/02\\\/les-fiches-outils-rse.jpg\",\"datePublished\":\"2019-02-13T21:11:10+00:00\",\"dateModified\":\"2020-12-05T18:16:48+00:00\",\"description\":\"Ce guide op\u00e9rationnel complet pr\u00e9sente en 100 fiches les rep\u00e8res et les bonnes pratiques indispensables \u00e0 la mise en place d\u2019une d\u00e9marche RSE durable.\",\"breadcrumb\":{\"@id\":\"https:\\\/\\\/ksapa.org\\\/fr\\\/mobiliser\\\/publications\\\/les-fiches-outils-de-la-rse\\\/#breadcrumb\"},\"inLanguage\":\"fr-FR\",\"potentialAction\":[{\"@type\":\"ReadAction\",\"target\":[\"https:\\\/\\\/ksapa.org\\\/fr\\\/mobiliser\\\/publications\\\/les-fiches-outils-de-la-rse\\\/\"]}]},{\"@type\":\"ImageObject\",\"inLanguage\":\"fr-FR\",\"@id\":\"https:\\\/\\\/ksapa.org\\\/fr\\\/mobiliser\\\/publications\\\/les-fiches-outils-de-la-rse\\\/#primaryimage\",\"url\":\"https:\\\/\\\/ksapa.org\\\/fr\\\/wp-content\\\/uploads\\\/sites\\\/1\\\/2019\\\/02\\\/les-fiches-outils-rse.jpg\",\"contentUrl\":\"https:\\\/\\\/ksapa.org\\\/fr\\\/wp-content\\\/uploads\\\/sites\\\/1\\\/2019\\\/02\\\/les-fiches-outils-rse.jpg\",\"width\":1593,\"height\":944,\"caption\":\"Les fiches outils de la RSE, Farid Baddache et St\u00e9phanie Leblanc, Eyrolles\"},{\"@type\":\"BreadcrumbList\",\"@id\":\"https:\\\/\\\/ksapa.org\\\/fr\\\/mobiliser\\\/publications\\\/les-fiches-outils-de-la-rse\\\/#breadcrumb\",\"itemListElement\":[{\"@type\":\"ListItem\",\"position\":1,\"name\":\"Home\",\"item\":\"https:\\\/\\\/ksapa.org\\\/fr\\\/\"},{\"@type\":\"ListItem\",\"position\":2,\"name\":\"Mobiliser\",\"item\":\"https:\\\/\\\/ksapa.org\\\/fr\\\/mobiliser\\\/\"},{\"@type\":\"ListItem\",\"position\":3,\"name\":\"Publications\",\"item\":\"https:\\\/\\\/ksapa.org\\\/fr\\\/mobiliser\\\/publications\\\/\"},{\"@type\":\"ListItem\",\"position\":4,\"name\":\"Les fiches outils de la RSE\"}]},{\"@type\":\"WebSite\",\"@id\":\"https:\\\/\\\/ksapa.org\\\/fr\\\/#website\",\"url\":\"https:\\\/\\\/ksapa.org\\\/fr\\\/\",\"name\":\"Ksapa - fr\",\"description\":\"\",\"publisher\":{\"@id\":\"https:\\\/\\\/ksapa.org\\\/fr\\\/#organization\"},\"potentialAction\":[{\"@type\":\"SearchAction\",\"target\":{\"@type\":\"EntryPoint\",\"urlTemplate\":\"https:\\\/\\\/ksapa.org\\\/fr\\\/?s={search_term_string}\"},\"query-input\":{\"@type\":\"PropertyValueSpecification\",\"valueRequired\":true,\"valueName\":\"search_term_string\"}}],\"inLanguage\":\"fr-FR\"},{\"@type\":\"Organization\",\"@id\":\"https:\\\/\\\/ksapa.org\\\/fr\\\/#organization\",\"name\":\"ksapa\",\"url\":\"https:\\\/\\\/ksapa.org\\\/fr\\\/\",\"logo\":{\"@type\":\"ImageObject\",\"inLanguage\":\"fr-FR\",\"@id\":\"https:\\\/\\\/ksapa.org\\\/fr\\\/#\\\/schema\\\/logo\\\/image\\\/\",\"url\":\"https:\\\/\\\/ksapa.org\\\/fr\\\/wp-content\\\/uploads\\\/sites\\\/1\\\/2019\\\/06\\\/icone-ksapa.jpg\",\"contentUrl\":\"https:\\\/\\\/ksapa.org\\\/fr\\\/wp-content\\\/uploads\\\/sites\\\/1\\\/2019\\\/06\\\/icone-ksapa.jpg\",\"width\":\"442\",\"height\":\"421\",\"caption\":\"ksapa\"},\"image\":{\"@id\":\"https:\\\/\\\/ksapa.org\\\/fr\\\/#\\\/schema\\\/logo\\\/image\\\/\"},\"sameAs\":[\"https:\\\/\\\/x.com\\\/KsapaOrg\"]}]}<\/script>\n<!-- \/ Yoast SEO plugin. -->","yoast_head_json":{"title":"Farid Baddache, Les fiches outils de la RSE, Eyrolles","description":"Ce guide op\u00e9rationnel complet pr\u00e9sente en 100 fiches les rep\u00e8res et les bonnes pratiques indispensables \u00e0 la mise en place d\u2019une d\u00e9marche RSE durable.","robots":{"index":"index","follow":"follow","max-snippet":"max-snippet:-1","max-image-preview":"max-image-preview:large","max-video-preview":"max-video-preview:-1"},"canonical":"https:\/\/ksapa.org\/fr\/mobiliser\/publications\/les-fiches-outils-de-la-rse\/","og_locale":"fr_FR","og_type":"article","og_title":"Farid Baddache, Les fiches outils de la RSE, Eyrolles","og_description":"Ce guide op\u00e9rationnel complet pr\u00e9sente en 100 fiches les rep\u00e8res et les bonnes pratiques indispensables \u00e0 la mise en place d\u2019une d\u00e9marche RSE durable.","og_url":"https:\/\/ksapa.org\/fr\/mobiliser\/publications\/les-fiches-outils-de-la-rse\/","og_site_name":"Ksapa - fr","article_modified_time":"2020-12-05T18:16:48+00:00","og_image":[{"width":1593,"height":944,"url":"https:\/\/ksapa.org\/fr\/wp-content\/uploads\/sites\/1\/2019\/02\/les-fiches-outils-rse.jpg","type":"image\/jpeg"}],"twitter_card":"summary_large_image","twitter_site":"@KsapaOrg","twitter_misc":{"Dur\u00e9e de lecture estim\u00e9e":"1 minute"},"schema":{"@context":"https:\/\/schema.org","@graph":[{"@type":"WebPage","@id":"https:\/\/ksapa.org\/fr\/mobiliser\/publications\/les-fiches-outils-de-la-rse\/","url":"https:\/\/ksapa.org\/fr\/mobiliser\/publications\/les-fiches-outils-de-la-rse\/","name":"Farid Baddache, Les fiches outils de la RSE, Eyrolles","isPartOf":{"@id":"https:\/\/ksapa.org\/fr\/#website"},"primaryImageOfPage":{"@id":"https:\/\/ksapa.org\/fr\/mobiliser\/publications\/les-fiches-outils-de-la-rse\/#primaryimage"},"image":{"@id":"https:\/\/ksapa.org\/fr\/mobiliser\/publications\/les-fiches-outils-de-la-rse\/#primaryimage"},"thumbnailUrl":"https:\/\/ksapa.org\/fr\/wp-content\/uploads\/sites\/1\/2019\/02\/les-fiches-outils-rse.jpg","datePublished":"2019-02-13T21:11:10+00:00","dateModified":"2020-12-05T18:16:48+00:00","description":"Ce guide op\u00e9rationnel complet pr\u00e9sente en 100 fiches les rep\u00e8res et les bonnes pratiques indispensables \u00e0 la mise en place d\u2019une d\u00e9marche RSE durable.","breadcrumb":{"@id":"https:\/\/ksapa.org\/fr\/mobiliser\/publications\/les-fiches-outils-de-la-rse\/#breadcrumb"},"inLanguage":"fr-FR","potentialAction":[{"@type":"ReadAction","target":["https:\/\/ksapa.org\/fr\/mobiliser\/publications\/les-fiches-outils-de-la-rse\/"]}]},{"@type":"ImageObject","inLanguage":"fr-FR","@id":"https:\/\/ksapa.org\/fr\/mobiliser\/publications\/les-fiches-outils-de-la-rse\/#primaryimage","url":"https:\/\/ksapa.org\/fr\/wp-content\/uploads\/sites\/1\/2019\/02\/les-fiches-outils-rse.jpg","contentUrl":"https:\/\/ksapa.org\/fr\/wp-content\/uploads\/sites\/1\/2019\/02\/les-fiches-outils-rse.jpg","width":1593,"height":944,"caption":"Les fiches outils de la RSE, Farid Baddache et St\u00e9phanie Leblanc, Eyrolles"},{"@type":"BreadcrumbList","@id":"https:\/\/ksapa.org\/fr\/mobiliser\/publications\/les-fiches-outils-de-la-rse\/#breadcrumb","itemListElement":[{"@type":"ListItem","position":1,"name":"Home","item":"https:\/\/ksapa.org\/fr\/"},{"@type":"ListItem","position":2,"name":"Mobiliser","item":"https:\/\/ksapa.org\/fr\/mobiliser\/"},{"@type":"ListItem","position":3,"name":"Publications","item":"https:\/\/ksapa.org\/fr\/mobiliser\/publications\/"},{"@type":"ListItem","position":4,"name":"Les fiches outils de la RSE"}]},{"@type":"WebSite","@id":"https:\/\/ksapa.org\/fr\/#website","url":"https:\/\/ksapa.org\/fr\/","name":"Ksapa - fr","description":"","publisher":{"@id":"https:\/\/ksapa.org\/fr\/#organization"},"potentialAction":[{"@type":"SearchAction","target":{"@type":"EntryPoint","urlTemplate":"https:\/\/ksapa.org\/fr\/?s={search_term_string}"},"query-input":{"@type":"PropertyValueSpecification","valueRequired":true,"valueName":"search_term_string"}}],"inLanguage":"fr-FR"},{"@type":"Organization","@id":"https:\/\/ksapa.org\/fr\/#organization","name":"ksapa","url":"https:\/\/ksapa.org\/fr\/","logo":{"@type":"ImageObject","inLanguage":"fr-FR","@id":"https:\/\/ksapa.org\/fr\/#\/schema\/logo\/image\/","url":"https:\/\/ksapa.org\/fr\/wp-content\/uploads\/sites\/1\/2019\/06\/icone-ksapa.jpg","contentUrl":"https:\/\/ksapa.org\/fr\/wp-content\/uploads\/sites\/1\/2019\/06\/icone-ksapa.jpg","width":"442","height":"421","caption":"ksapa"},"image":{"@id":"https:\/\/ksapa.org\/fr\/#\/schema\/logo\/image\/"},"sameAs":["https:\/\/x.com\/KsapaOrg"]}]}},"_links":{"self":[{"href":"https:\/\/ksapa.org\/fr\/wp-json\/wp\/v2\/pages\/143","targetHints":{"allow":["GET"]}}],"collection":[{"href":"https:\/\/ksapa.org\/fr\/wp-json\/wp\/v2\/pages"}],"about":[{"href":"https:\/\/ksapa.org\/fr\/wp-json\/wp\/v2\/types\/page"}],"author":[{"embeddable":true,"href":"https:\/\/ksapa.org\/fr\/wp-json\/wp\/v2\/users\/1"}],"replies":[{"embeddable":true,"href":"https:\/\/ksapa.org\/fr\/wp-json\/wp\/v2\/comments?post=143"}],"version-history":[{"count":1,"href":"https:\/\/ksapa.org\/fr\/wp-json\/wp\/v2\/pages\/143\/revisions"}],"predecessor-version":[{"id":2458,"href":"https:\/\/ksapa.org\/fr\/wp-json\/wp\/v2\/pages\/143\/revisions\/2458"}],"up":[{"embeddable":true,"href":"https:\/\/ksapa.org\/fr\/wp-json\/wp\/v2\/pages\/141"}],"wp:featuredmedia":[{"embeddable":true,"href":"https:\/\/ksapa.org\/fr\/wp-json\/wp\/v2\/media\/181"}],"wp:attachment":[{"href":"https:\/\/ksapa.org\/fr\/wp-json\/wp\/v2\/media?parent=143"}],"curies":[{"name":"wp","href":"https:\/\/api.w.org\/{rel}","templated":true}]}}