{"id":145,"date":"2019-02-13T21:11:29","date_gmt":"2019-02-13T21:11:29","guid":{"rendered":"https:\/\/resilients.xk-consulting.fr\/?page_id=145"},"modified":"2021-06-08T18:55:48","modified_gmt":"2021-06-08T17:55:48","slug":"le-developpement-durable","status":"publish","type":"page","link":"https:\/\/ksapa.org\/fr\/mobiliser\/publications\/le-developpement-durable\/","title":{"rendered":"Le d\u00e9veloppement durable"},"content":{"rendered":"\n\n  <div class=\"banner has-hover\" id=\"banner-795752875\">\n          <div class=\"banner-inner fill\">\n        <div class=\"banner-bg fill\" >\n            <div class=\"bg fill bg-fill \"><\/div>\n                        <div class=\"overlay\"><\/div>            \n                    <\/div>\n        <div class=\"banner-layers container\">\n            <div class=\"fill banner-link\"><\/div>            \n\n   <div id=\"text-box-77294352\" class=\"text-box banner-layer x50 md-x50 lg-x50 y50 md-y50 lg-y50 res-text\">\n                                <div class=\"text-box-content text dark\">\n              \n              <div class=\"text-inner text-center\">\n                  \n\n<h1 class=\"uppercase\"><b>Le d\u00e9veloppement durable tout simplement<\/b><\/h1>\n<p id=\"title\" class=\"a-size-large a-spacing-none\">Eyrolles &#8211; 2 Octobre 2008<\/p>\n\n              <\/div>\n           <\/div>\n                            \n<style>\n#text-box-77294352 {\n  width: 90%;\n}\n#text-box-77294352 .text-box-content {\n  font-size: 100%;\n}\n<\/style>\n    <\/div>\n \n\n        <\/div>\n      <\/div>\n\n            \n<style>\n#banner-795752875 {\n  padding-top: 350px;\n}\n#banner-795752875 .bg.bg-loaded {\n  background-image: url(https:\/\/ksapa.org\/fr\/wp-content\/uploads\/sites\/1\/2019\/02\/developpement-durable-tout-simplement-1400x630.jpg);\n}\n#banner-795752875 .overlay {\n  background-color: rgba(0, 0, 0, 0.7);\n}\n#banner-795752875 .bg {\n  background-position: 25% 75%;\n}\n<\/style>\n  <\/div>\n\n\n<div class=\"row align-middle\"  id=\"row-1665070542\">\n\n\n\t<div id=\"col-718047086\" class=\"col medium-6 small-12 large-6\"  >\n\t\t\t\t<div class=\"col-inner\"  >\n\t\t\t\n\t\t\t\n\n<h2>Une approche compl\u00e8te, accessible et vivante&nbsp;!<\/h2>\n<p>De l&rsquo;histoire aux pratiques, des origines \u00e0 la vie quotidienne, ce guide propose un panorama complet du d\u00e9veloppement durable, constituant ainsi une r\u00e9f\u00e9rence accessible sur le sujet. Il commence par d\u00e9finir le d\u00e9veloppement durable dans ses diff\u00e9rents aspects. Il en d\u00e9crit ensuite les enjeux dans leur diversit\u00e9. Enfin, il pr\u00e9sente ses diff\u00e9rents domaines d&rsquo;application en proposant des pistes pour l&rsquo;action. Vivant, ce livre s&rsquo;appuie sur plusieurs \u00e9l\u00e9ments&nbsp;:<\/p>\n<ul>\n<li><strong>Des chiffres pr\u00e9cis.<\/strong><\/li>\n<li><strong>Des exemples concrets.<\/strong><\/li>\n<li><strong>Des sch\u00e9mas clairs.<\/strong><\/li>\n<\/ul>\n<a rel=\"noopener noreferrer\" href=\"https:\/\/www.eyrolles.com\/BTP\/Livre\/le-developpement-durable-9782212541571\/\" target=\"_blank\" class=\"button primary is-outline\"  >\n    <span>Commander chez Eyrolles<\/span>\n  <\/a>\n\n\n\n\t\t<\/div>\n\t\t\t\t\t<\/div>\n\n\t\n\n\t<div id=\"col-72984773\" class=\"col medium-6 small-12 large-6\"  >\n\t\t\t\t<div class=\"col-inner\"  >\n\t\t\t\n\t\t\t\n\n\t<div class=\"img has-hover x md-x lg-x y md-y lg-y\" id=\"image_508947179\">\n\t\t\t\t\t\t\t\t<div class=\"img-inner dark\" >\n\t\t\t<img decoding=\"async\" width=\"800\" height=\"800\" src=\"https:\/\/ksapa.org\/fr\/wp-content\/uploads\/sites\/1\/2019\/02\/le-developement-durable-tout-simplement-livre-farid-baddache-800x800.jpg\" class=\"attachment-large size-large\" alt=\"Le d\u00e9veloppement durable tout simplement, Farid Baddache, Eyrolles\" srcset=\"https:\/\/ksapa.org\/fr\/wp-content\/uploads\/sites\/1\/2019\/02\/le-developement-durable-tout-simplement-livre-farid-baddache-800x800.jpg 800w, https:\/\/ksapa.org\/fr\/wp-content\/uploads\/sites\/1\/2019\/02\/le-developement-durable-tout-simplement-livre-farid-baddache-280x280.jpg 280w, https:\/\/ksapa.org\/fr\/wp-content\/uploads\/sites\/1\/2019\/02\/le-developement-durable-tout-simplement-livre-farid-baddache-400x400.jpg 400w, https:\/\/ksapa.org\/fr\/wp-content\/uploads\/sites\/1\/2019\/02\/le-developement-durable-tout-simplement-livre-farid-baddache-768x768.jpg 768w, https:\/\/ksapa.org\/fr\/wp-content\/uploads\/sites\/1\/2019\/02\/le-developement-durable-tout-simplement-livre-farid-baddache-300x300.jpg 300w, https:\/\/ksapa.org\/fr\/wp-content\/uploads\/sites\/1\/2019\/02\/le-developement-durable-tout-simplement-livre-farid-baddache-600x600.jpg 600w, https:\/\/ksapa.org\/fr\/wp-content\/uploads\/sites\/1\/2019\/02\/le-developement-durable-tout-simplement-livre-farid-baddache-100x100.jpg 100w, https:\/\/ksapa.org\/fr\/wp-content\/uploads\/sites\/1\/2019\/02\/le-developement-durable-tout-simplement-livre-farid-baddache.jpg 1000w\" sizes=\"(max-width: 800px) 100vw, 800px\" \/>\t\t\t\t\t\t\n\t\t\t\t\t<\/div>\n\t\t\t\t\t\t\t\t\n<style>\n#image_508947179 {\n  width: 100%;\n}\n<\/style>\n\t<\/div>\n\t\n\n\n\t\t<\/div>\n\t\t\t\t\t<\/div>\n\n\t\n\n<\/div>\n","protected":false},"excerpt":{"rendered":"","protected":false},"author":1,"featured_media":167,"parent":141,"menu_order":0,"comment_status":"closed","ping_status":"closed","template":"page-blank.php","meta":{"footnotes":""},"class_list":["post-145","page","type-page","status-publish","has-post-thumbnail","hentry"],"yoast_head":"<!-- This site is optimized with the Yoast SEO plugin v27.3 - https:\/\/yoast.com\/product\/yoast-seo-wordpress\/ -->\n<title>Farid Baddache - Le d\u00e9veloppement durable, Eyrolles<\/title>\n<meta name=\"description\" content=\"De l&#039;histoire aux pratiques, des origines \u00e0 la vie quotidienne ce guide propose un panorama complet du d\u00e9veloppement durable\" \/>\n<meta name=\"robots\" content=\"index, follow, max-snippet:-1, max-image-preview:large, max-video-preview:-1\" \/>\n<link rel=\"canonical\" href=\"https:\/\/ksapa.org\/fr\/mobiliser\/publications\/le-developpement-durable\/\" \/>\n<meta property=\"og:locale\" content=\"fr_FR\" \/>\n<meta property=\"og:type\" content=\"article\" \/>\n<meta property=\"og:title\" content=\"Farid Baddache - Le d\u00e9veloppement durable, Eyrolles\" \/>\n<meta property=\"og:description\" content=\"De l&#039;histoire aux pratiques, des origines \u00e0 la vie quotidienne ce guide propose un panorama complet du d\u00e9veloppement durable\" \/>\n<meta property=\"og:url\" content=\"https:\/\/ksapa.org\/fr\/mobiliser\/publications\/le-developpement-durable\/\" \/>\n<meta property=\"og:site_name\" content=\"Ksapa - fr\" \/>\n<meta property=\"article:modified_time\" content=\"2021-06-08T17:55:48+00:00\" \/>\n<meta property=\"og:image\" content=\"https:\/\/ksapa.org\/fr\/wp-content\/uploads\/sites\/1\/2019\/02\/developpement-durable-tout-simplement.jpg\" \/>\n\t<meta property=\"og:image:width\" content=\"1600\" \/>\n\t<meta property=\"og:image:height\" content=\"720\" \/>\n\t<meta property=\"og:image:type\" content=\"image\/jpeg\" \/>\n<meta name=\"twitter:card\" content=\"summary_large_image\" \/>\n<meta name=\"twitter:site\" content=\"@KsapaOrg\" \/>\n<meta name=\"twitter:label1\" content=\"Dur\u00e9e de lecture estim\u00e9e\" \/>\n\t<meta name=\"twitter:data1\" content=\"1 minute\" \/>\n<script type=\"application\/ld+json\" class=\"yoast-schema-graph\">{\"@context\":\"https:\\\/\\\/schema.org\",\"@graph\":[{\"@type\":\"WebPage\",\"@id\":\"https:\\\/\\\/ksapa.org\\\/fr\\\/mobiliser\\\/publications\\\/le-developpement-durable\\\/\",\"url\":\"https:\\\/\\\/ksapa.org\\\/fr\\\/mobiliser\\\/publications\\\/le-developpement-durable\\\/\",\"name\":\"Farid Baddache - Le d\u00e9veloppement durable, Eyrolles\",\"isPartOf\":{\"@id\":\"https:\\\/\\\/ksapa.org\\\/fr\\\/#website\"},\"primaryImageOfPage\":{\"@id\":\"https:\\\/\\\/ksapa.org\\\/fr\\\/mobiliser\\\/publications\\\/le-developpement-durable\\\/#primaryimage\"},\"image\":{\"@id\":\"https:\\\/\\\/ksapa.org\\\/fr\\\/mobiliser\\\/publications\\\/le-developpement-durable\\\/#primaryimage\"},\"thumbnailUrl\":\"https:\\\/\\\/ksapa.org\\\/fr\\\/wp-content\\\/uploads\\\/sites\\\/1\\\/2019\\\/02\\\/developpement-durable-tout-simplement.jpg\",\"datePublished\":\"2019-02-13T21:11:29+00:00\",\"dateModified\":\"2021-06-08T17:55:48+00:00\",\"description\":\"De l'histoire aux pratiques, des origines \u00e0 la vie quotidienne ce guide propose un panorama complet du d\u00e9veloppement durable\",\"breadcrumb\":{\"@id\":\"https:\\\/\\\/ksapa.org\\\/fr\\\/mobiliser\\\/publications\\\/le-developpement-durable\\\/#breadcrumb\"},\"inLanguage\":\"fr-FR\",\"potentialAction\":[{\"@type\":\"ReadAction\",\"target\":[\"https:\\\/\\\/ksapa.org\\\/fr\\\/mobiliser\\\/publications\\\/le-developpement-durable\\\/\"]}]},{\"@type\":\"ImageObject\",\"inLanguage\":\"fr-FR\",\"@id\":\"https:\\\/\\\/ksapa.org\\\/fr\\\/mobiliser\\\/publications\\\/le-developpement-durable\\\/#primaryimage\",\"url\":\"https:\\\/\\\/ksapa.org\\\/fr\\\/wp-content\\\/uploads\\\/sites\\\/1\\\/2019\\\/02\\\/developpement-durable-tout-simplement.jpg\",\"contentUrl\":\"https:\\\/\\\/ksapa.org\\\/fr\\\/wp-content\\\/uploads\\\/sites\\\/1\\\/2019\\\/02\\\/developpement-durable-tout-simplement.jpg\",\"width\":1600,\"height\":720,\"caption\":\"Le d\u00e9veloppement durable tout simplement, Farid Baddache, Eyrolles\"},{\"@type\":\"BreadcrumbList\",\"@id\":\"https:\\\/\\\/ksapa.org\\\/fr\\\/mobiliser\\\/publications\\\/le-developpement-durable\\\/#breadcrumb\",\"itemListElement\":[{\"@type\":\"ListItem\",\"position\":1,\"name\":\"Home\",\"item\":\"https:\\\/\\\/ksapa.org\\\/fr\\\/\"},{\"@type\":\"ListItem\",\"position\":2,\"name\":\"Mobiliser\",\"item\":\"https:\\\/\\\/ksapa.org\\\/fr\\\/mobiliser\\\/\"},{\"@type\":\"ListItem\",\"position\":3,\"name\":\"Publications\",\"item\":\"https:\\\/\\\/ksapa.org\\\/fr\\\/mobiliser\\\/publications\\\/\"},{\"@type\":\"ListItem\",\"position\":4,\"name\":\"Le d\u00e9veloppement durable\"}]},{\"@type\":\"WebSite\",\"@id\":\"https:\\\/\\\/ksapa.org\\\/fr\\\/#website\",\"url\":\"https:\\\/\\\/ksapa.org\\\/fr\\\/\",\"name\":\"Ksapa - fr\",\"description\":\"\",\"publisher\":{\"@id\":\"https:\\\/\\\/ksapa.org\\\/fr\\\/#organization\"},\"potentialAction\":[{\"@type\":\"SearchAction\",\"target\":{\"@type\":\"EntryPoint\",\"urlTemplate\":\"https:\\\/\\\/ksapa.org\\\/fr\\\/?s={search_term_string}\"},\"query-input\":{\"@type\":\"PropertyValueSpecification\",\"valueRequired\":true,\"valueName\":\"search_term_string\"}}],\"inLanguage\":\"fr-FR\"},{\"@type\":\"Organization\",\"@id\":\"https:\\\/\\\/ksapa.org\\\/fr\\\/#organization\",\"name\":\"ksapa\",\"url\":\"https:\\\/\\\/ksapa.org\\\/fr\\\/\",\"logo\":{\"@type\":\"ImageObject\",\"inLanguage\":\"fr-FR\",\"@id\":\"https:\\\/\\\/ksapa.org\\\/fr\\\/#\\\/schema\\\/logo\\\/image\\\/\",\"url\":\"https:\\\/\\\/ksapa.org\\\/fr\\\/wp-content\\\/uploads\\\/sites\\\/1\\\/2019\\\/06\\\/icone-ksapa.jpg\",\"contentUrl\":\"https:\\\/\\\/ksapa.org\\\/fr\\\/wp-content\\\/uploads\\\/sites\\\/1\\\/2019\\\/06\\\/icone-ksapa.jpg\",\"width\":\"442\",\"height\":\"421\",\"caption\":\"ksapa\"},\"image\":{\"@id\":\"https:\\\/\\\/ksapa.org\\\/fr\\\/#\\\/schema\\\/logo\\\/image\\\/\"},\"sameAs\":[\"https:\\\/\\\/x.com\\\/KsapaOrg\"]}]}<\/script>\n<!-- \/ Yoast SEO plugin. -->","yoast_head_json":{"title":"Farid Baddache - Le d\u00e9veloppement durable, Eyrolles","description":"De l'histoire aux pratiques, des origines \u00e0 la vie quotidienne ce guide propose un panorama complet du d\u00e9veloppement durable","robots":{"index":"index","follow":"follow","max-snippet":"max-snippet:-1","max-image-preview":"max-image-preview:large","max-video-preview":"max-video-preview:-1"},"canonical":"https:\/\/ksapa.org\/fr\/mobiliser\/publications\/le-developpement-durable\/","og_locale":"fr_FR","og_type":"article","og_title":"Farid Baddache - Le d\u00e9veloppement durable, Eyrolles","og_description":"De l'histoire aux pratiques, des origines \u00e0 la vie quotidienne ce guide propose un panorama complet du d\u00e9veloppement durable","og_url":"https:\/\/ksapa.org\/fr\/mobiliser\/publications\/le-developpement-durable\/","og_site_name":"Ksapa - fr","article_modified_time":"2021-06-08T17:55:48+00:00","og_image":[{"width":1600,"height":720,"url":"https:\/\/ksapa.org\/fr\/wp-content\/uploads\/sites\/1\/2019\/02\/developpement-durable-tout-simplement.jpg","type":"image\/jpeg"}],"twitter_card":"summary_large_image","twitter_site":"@KsapaOrg","twitter_misc":{"Dur\u00e9e de lecture estim\u00e9e":"1 minute"},"schema":{"@context":"https:\/\/schema.org","@graph":[{"@type":"WebPage","@id":"https:\/\/ksapa.org\/fr\/mobiliser\/publications\/le-developpement-durable\/","url":"https:\/\/ksapa.org\/fr\/mobiliser\/publications\/le-developpement-durable\/","name":"Farid Baddache - Le d\u00e9veloppement durable, Eyrolles","isPartOf":{"@id":"https:\/\/ksapa.org\/fr\/#website"},"primaryImageOfPage":{"@id":"https:\/\/ksapa.org\/fr\/mobiliser\/publications\/le-developpement-durable\/#primaryimage"},"image":{"@id":"https:\/\/ksapa.org\/fr\/mobiliser\/publications\/le-developpement-durable\/#primaryimage"},"thumbnailUrl":"https:\/\/ksapa.org\/fr\/wp-content\/uploads\/sites\/1\/2019\/02\/developpement-durable-tout-simplement.jpg","datePublished":"2019-02-13T21:11:29+00:00","dateModified":"2021-06-08T17:55:48+00:00","description":"De l'histoire aux pratiques, des origines \u00e0 la vie quotidienne ce guide propose un panorama complet du d\u00e9veloppement durable","breadcrumb":{"@id":"https:\/\/ksapa.org\/fr\/mobiliser\/publications\/le-developpement-durable\/#breadcrumb"},"inLanguage":"fr-FR","potentialAction":[{"@type":"ReadAction","target":["https:\/\/ksapa.org\/fr\/mobiliser\/publications\/le-developpement-durable\/"]}]},{"@type":"ImageObject","inLanguage":"fr-FR","@id":"https:\/\/ksapa.org\/fr\/mobiliser\/publications\/le-developpement-durable\/#primaryimage","url":"https:\/\/ksapa.org\/fr\/wp-content\/uploads\/sites\/1\/2019\/02\/developpement-durable-tout-simplement.jpg","contentUrl":"https:\/\/ksapa.org\/fr\/wp-content\/uploads\/sites\/1\/2019\/02\/developpement-durable-tout-simplement.jpg","width":1600,"height":720,"caption":"Le d\u00e9veloppement durable tout simplement, Farid Baddache, Eyrolles"},{"@type":"BreadcrumbList","@id":"https:\/\/ksapa.org\/fr\/mobiliser\/publications\/le-developpement-durable\/#breadcrumb","itemListElement":[{"@type":"ListItem","position":1,"name":"Home","item":"https:\/\/ksapa.org\/fr\/"},{"@type":"ListItem","position":2,"name":"Mobiliser","item":"https:\/\/ksapa.org\/fr\/mobiliser\/"},{"@type":"ListItem","position":3,"name":"Publications","item":"https:\/\/ksapa.org\/fr\/mobiliser\/publications\/"},{"@type":"ListItem","position":4,"name":"Le d\u00e9veloppement durable"}]},{"@type":"WebSite","@id":"https:\/\/ksapa.org\/fr\/#website","url":"https:\/\/ksapa.org\/fr\/","name":"Ksapa - fr","description":"","publisher":{"@id":"https:\/\/ksapa.org\/fr\/#organization"},"potentialAction":[{"@type":"SearchAction","target":{"@type":"EntryPoint","urlTemplate":"https:\/\/ksapa.org\/fr\/?s={search_term_string}"},"query-input":{"@type":"PropertyValueSpecification","valueRequired":true,"valueName":"search_term_string"}}],"inLanguage":"fr-FR"},{"@type":"Organization","@id":"https:\/\/ksapa.org\/fr\/#organization","name":"ksapa","url":"https:\/\/ksapa.org\/fr\/","logo":{"@type":"ImageObject","inLanguage":"fr-FR","@id":"https:\/\/ksapa.org\/fr\/#\/schema\/logo\/image\/","url":"https:\/\/ksapa.org\/fr\/wp-content\/uploads\/sites\/1\/2019\/06\/icone-ksapa.jpg","contentUrl":"https:\/\/ksapa.org\/fr\/wp-content\/uploads\/sites\/1\/2019\/06\/icone-ksapa.jpg","width":"442","height":"421","caption":"ksapa"},"image":{"@id":"https:\/\/ksapa.org\/fr\/#\/schema\/logo\/image\/"},"sameAs":["https:\/\/x.com\/KsapaOrg"]}]}},"_links":{"self":[{"href":"https:\/\/ksapa.org\/fr\/wp-json\/wp\/v2\/pages\/145","targetHints":{"allow":["GET"]}}],"collection":[{"href":"https:\/\/ksapa.org\/fr\/wp-json\/wp\/v2\/pages"}],"about":[{"href":"https:\/\/ksapa.org\/fr\/wp-json\/wp\/v2\/types\/page"}],"author":[{"embeddable":true,"href":"https:\/\/ksapa.org\/fr\/wp-json\/wp\/v2\/users\/1"}],"replies":[{"embeddable":true,"href":"https:\/\/ksapa.org\/fr\/wp-json\/wp\/v2\/comments?post=145"}],"version-history":[{"count":1,"href":"https:\/\/ksapa.org\/fr\/wp-json\/wp\/v2\/pages\/145\/revisions"}],"predecessor-version":[{"id":2455,"href":"https:\/\/ksapa.org\/fr\/wp-json\/wp\/v2\/pages\/145\/revisions\/2455"}],"up":[{"embeddable":true,"href":"https:\/\/ksapa.org\/fr\/wp-json\/wp\/v2\/pages\/141"}],"wp:featuredmedia":[{"embeddable":true,"href":"https:\/\/ksapa.org\/fr\/wp-json\/wp\/v2\/media\/167"}],"wp:attachment":[{"href":"https:\/\/ksapa.org\/fr\/wp-json\/wp\/v2\/media?parent=145"}],"curies":[{"name":"wp","href":"https:\/\/api.w.org\/{rel}","templated":true}]}}