{"id":149,"date":"2019-02-13T21:12:42","date_gmt":"2019-02-13T21:12:42","guid":{"rendered":"https:\/\/resilients.xk-consulting.fr\/?page_id=149"},"modified":"2020-12-05T19:11:06","modified_gmt":"2020-12-05T18:11:06","slug":"entreprises-et-ong-face-au-developpement-durable","status":"publish","type":"page","link":"https:\/\/ksapa.org\/fr\/mobiliser\/publications\/entreprises-et-ong-face-au-developpement-durable\/","title":{"rendered":"Entreprises et ONG face au d\u00e9veloppement durable"},"content":{"rendered":"\n\n  <div class=\"banner has-hover\" id=\"banner-1694929649\">\n          <div class=\"banner-inner fill\">\n        <div class=\"banner-bg fill\" >\n            <div class=\"bg fill bg-fill \"><\/div>\n                        <div class=\"overlay\"><\/div>            \n                    <\/div>\n        <div class=\"banner-layers container\">\n            <div class=\"fill banner-link\"><\/div>            \n\n   <div id=\"text-box-1061886096\" class=\"text-box banner-layer x50 md-x50 lg-x50 y50 md-y50 lg-y50 res-text\">\n                                <div class=\"text-box-content text dark\">\n              \n              <div class=\"text-inner text-center\">\n                  \n\n<h1 class=\"uppercase\"><span style=\"font-size: 80%;\">ENTREPRISES ET ONG FACE AU D\u00c9VELOPPEMENT DURABLE : L&rsquo;INNOVATION PAR LA COOP\u00c9RATION<\/span><\/h1>\n<p id=\"title\" class=\"a-size-large a-spacing-none\">L&rsquo;Harmattan &#8211; D\u00e9cembre 2004<\/p>\n\n              <\/div>\n           <\/div>\n                            \n<style>\n#text-box-1061886096 {\n  width: 100%;\n}\n#text-box-1061886096 .text-box-content {\n  font-size: 100%;\n}\n<\/style>\n    <\/div>\n \n\n        <\/div>\n      <\/div>\n\n            \n<style>\n#banner-1694929649 {\n  padding-top: 350px;\n}\n#banner-1694929649 .bg.bg-loaded {\n  background-image: url(https:\/\/ksapa.org\/fr\/wp-content\/uploads\/sites\/1\/2019\/02\/entrerpises-ong-face-developpement-durable-1324x800.jpg);\n}\n#banner-1694929649 .overlay {\n  background-color: rgba(0, 0, 0, 0.7);\n}\n#banner-1694929649 .bg {\n  background-position: 38% 57%;\n}\n<\/style>\n  <\/div>\n\n\n<div class=\"row align-middle\"  id=\"row-1853180792\">\n\n\n\t<div id=\"col-977120997\" class=\"col medium-6 small-12 large-6\"  >\n\t\t\t\t<div class=\"col-inner\"  >\n\t\t\t\n\t\t\t\n\n<p>L&rsquo;entreprise est le plus puissant agent du changement dans notre soci\u00e9t\u00e9, d\u00e8s lors que son int\u00e9r\u00eat \u00e9conomique est bien compris. L&rsquo;ONG est indiscutablement la force m\u00e9diatique la plus populaire du moment, fa\u00e7onnant l&rsquo;opinion et les d\u00e9bats, toujours l\u00e0 pour rappeler l&rsquo;entreprise \u00e0 ses devoirs envers la soci\u00e9t\u00e9. Ensemble, entreprises et ONG peuvent apprendre \u00e0 collaborer, \u00e0 se nourrir mutuellement, pour dessiner les contours d&rsquo;une soci\u00e9t\u00e9 plus durable. L&rsquo;auteur propose des pistes concr\u00e8tes permettant de hisser petit \u00e0 petit notre soci\u00e9t\u00e9 de plain-pied dans son d\u00e9veloppement durable.<\/p>\n<a rel=\"noopener noreferrer\" href=\"http:\/\/www.editions-harmattan.fr\/index.asp?navig=catalogue&#038;obj=livre&#038;no=18415\" target=\"_blank\" class=\"button primary is-outline\"  >\n    <span>Commander chez L'Harmattan<\/span>\n  <\/a>\n\n\n\n\t\t<\/div>\n\t\t\t\t\t<\/div>\n\n\t\n\n\t<div id=\"col-785534015\" class=\"col medium-6 small-12 large-6\"  >\n\t\t\t\t<div class=\"col-inner\"  >\n\t\t\t\n\t\t\t\n\n\t<div class=\"img has-hover x md-x lg-x y md-y lg-y\" id=\"image_1694158724\">\n\t\t\t\t\t\t\t\t<div class=\"img-inner dark\" >\n\t\t\t<img decoding=\"async\" width=\"526\" height=\"800\" src=\"https:\/\/ksapa.org\/fr\/wp-content\/uploads\/sites\/1\/2019\/02\/entreprises-et-ong-face-au-developpement-durable-farid-baddache-526x800.jpg\" class=\"attachment-large size-large\" alt=\"Entreprises et ONG face au d\u00e9veloppement durable: l&#039;innovation par la coop\u00e9ration | Farid Baddache\" srcset=\"https:\/\/ksapa.org\/fr\/wp-content\/uploads\/sites\/1\/2019\/02\/entreprises-et-ong-face-au-developpement-durable-farid-baddache-526x800.jpg 526w, https:\/\/ksapa.org\/fr\/wp-content\/uploads\/sites\/1\/2019\/02\/entreprises-et-ong-face-au-developpement-durable-farid-baddache-263x400.jpg 263w, https:\/\/ksapa.org\/fr\/wp-content\/uploads\/sites\/1\/2019\/02\/entreprises-et-ong-face-au-developpement-durable-farid-baddache.jpg 600w\" sizes=\"(max-width: 526px) 100vw, 526px\" \/>\t\t\t\t\t\t\n\t\t\t\t\t<\/div>\n\t\t\t\t\t\t\t\t\n<style>\n#image_1694158724 {\n  width: 100%;\n}\n<\/style>\n\t<\/div>\n\t\n\n\n\t\t<\/div>\n\t\t\t\t\t<\/div>\n\n\t\n\n<\/div>\n","protected":false},"excerpt":{"rendered":"","protected":false},"author":1,"featured_media":183,"parent":141,"menu_order":0,"comment_status":"closed","ping_status":"closed","template":"page-blank.php","meta":{"footnotes":""},"class_list":["post-149","page","type-page","status-publish","has-post-thumbnail","hentry"],"yoast_head":"<!-- This site is optimized with the Yoast SEO plugin v27.3 - https:\/\/yoast.com\/product\/yoast-seo-wordpress\/ -->\n<title>Farid Baddache - Entreprises et ONG face au d\u00e9veloppement durable<\/title>\n<meta name=\"description\" content=\"L&#039;auteur propose des pistes concr\u00e8tes permettant de hisser petit \u00e0 petit notre soci\u00e9t\u00e9 de plain-pied dans son d\u00e9veloppement durable.\" \/>\n<meta name=\"robots\" content=\"index, follow, max-snippet:-1, max-image-preview:large, max-video-preview:-1\" \/>\n<link rel=\"canonical\" href=\"https:\/\/ksapa.org\/fr\/mobiliser\/publications\/entreprises-et-ong-face-au-developpement-durable\/\" \/>\n<meta property=\"og:locale\" content=\"fr_FR\" \/>\n<meta property=\"og:type\" content=\"article\" \/>\n<meta property=\"og:title\" content=\"Farid Baddache - Entreprises et ONG face au d\u00e9veloppement durable\" \/>\n<meta property=\"og:description\" content=\"L&#039;auteur propose des pistes concr\u00e8tes permettant de hisser petit \u00e0 petit notre soci\u00e9t\u00e9 de plain-pied dans son d\u00e9veloppement durable.\" \/>\n<meta property=\"og:url\" content=\"https:\/\/ksapa.org\/fr\/mobiliser\/publications\/entreprises-et-ong-face-au-developpement-durable\/\" \/>\n<meta property=\"og:site_name\" content=\"Ksapa - fr\" \/>\n<meta property=\"article:modified_time\" content=\"2020-12-05T18:11:06+00:00\" \/>\n<meta property=\"og:image\" content=\"https:\/\/ksapa.org\/fr\/wp-content\/uploads\/sites\/1\/2019\/02\/entrerpises-ong-face-developpement-durable.jpg\" \/>\n\t<meta property=\"og:image:width\" content=\"3335\" \/>\n\t<meta property=\"og:image:height\" content=\"2015\" \/>\n\t<meta property=\"og:image:type\" content=\"image\/jpeg\" \/>\n<meta name=\"twitter:card\" content=\"summary_large_image\" \/>\n<meta name=\"twitter:site\" content=\"@KsapaOrg\" \/>\n<meta name=\"twitter:label1\" content=\"Dur\u00e9e de lecture estim\u00e9e\" \/>\n\t<meta name=\"twitter:data1\" content=\"1 minute\" \/>\n<script type=\"application\/ld+json\" class=\"yoast-schema-graph\">{\"@context\":\"https:\\\/\\\/schema.org\",\"@graph\":[{\"@type\":\"WebPage\",\"@id\":\"https:\\\/\\\/ksapa.org\\\/fr\\\/mobiliser\\\/publications\\\/entreprises-et-ong-face-au-developpement-durable\\\/\",\"url\":\"https:\\\/\\\/ksapa.org\\\/fr\\\/mobiliser\\\/publications\\\/entreprises-et-ong-face-au-developpement-durable\\\/\",\"name\":\"Farid Baddache - Entreprises et ONG face au d\u00e9veloppement durable\",\"isPartOf\":{\"@id\":\"https:\\\/\\\/ksapa.org\\\/fr\\\/#website\"},\"primaryImageOfPage\":{\"@id\":\"https:\\\/\\\/ksapa.org\\\/fr\\\/mobiliser\\\/publications\\\/entreprises-et-ong-face-au-developpement-durable\\\/#primaryimage\"},\"image\":{\"@id\":\"https:\\\/\\\/ksapa.org\\\/fr\\\/mobiliser\\\/publications\\\/entreprises-et-ong-face-au-developpement-durable\\\/#primaryimage\"},\"thumbnailUrl\":\"https:\\\/\\\/ksapa.org\\\/fr\\\/wp-content\\\/uploads\\\/sites\\\/1\\\/2019\\\/02\\\/entrerpises-ong-face-developpement-durable.jpg\",\"datePublished\":\"2019-02-13T21:12:42+00:00\",\"dateModified\":\"2020-12-05T18:11:06+00:00\",\"description\":\"L'auteur propose des pistes concr\u00e8tes permettant de hisser petit \u00e0 petit notre soci\u00e9t\u00e9 de plain-pied dans son d\u00e9veloppement durable.\",\"breadcrumb\":{\"@id\":\"https:\\\/\\\/ksapa.org\\\/fr\\\/mobiliser\\\/publications\\\/entreprises-et-ong-face-au-developpement-durable\\\/#breadcrumb\"},\"inLanguage\":\"fr-FR\",\"potentialAction\":[{\"@type\":\"ReadAction\",\"target\":[\"https:\\\/\\\/ksapa.org\\\/fr\\\/mobiliser\\\/publications\\\/entreprises-et-ong-face-au-developpement-durable\\\/\"]}]},{\"@type\":\"ImageObject\",\"inLanguage\":\"fr-FR\",\"@id\":\"https:\\\/\\\/ksapa.org\\\/fr\\\/mobiliser\\\/publications\\\/entreprises-et-ong-face-au-developpement-durable\\\/#primaryimage\",\"url\":\"https:\\\/\\\/ksapa.org\\\/fr\\\/wp-content\\\/uploads\\\/sites\\\/1\\\/2019\\\/02\\\/entrerpises-ong-face-developpement-durable.jpg\",\"contentUrl\":\"https:\\\/\\\/ksapa.org\\\/fr\\\/wp-content\\\/uploads\\\/sites\\\/1\\\/2019\\\/02\\\/entrerpises-ong-face-developpement-durable.jpg\",\"width\":3335,\"height\":2015,\"caption\":\"Entreprises et ONG face au d\u00e9veloppement durable\"},{\"@type\":\"BreadcrumbList\",\"@id\":\"https:\\\/\\\/ksapa.org\\\/fr\\\/mobiliser\\\/publications\\\/entreprises-et-ong-face-au-developpement-durable\\\/#breadcrumb\",\"itemListElement\":[{\"@type\":\"ListItem\",\"position\":1,\"name\":\"Home\",\"item\":\"https:\\\/\\\/ksapa.org\\\/fr\\\/\"},{\"@type\":\"ListItem\",\"position\":2,\"name\":\"Mobiliser\",\"item\":\"https:\\\/\\\/ksapa.org\\\/fr\\\/mobiliser\\\/\"},{\"@type\":\"ListItem\",\"position\":3,\"name\":\"Publications\",\"item\":\"https:\\\/\\\/ksapa.org\\\/fr\\\/mobiliser\\\/publications\\\/\"},{\"@type\":\"ListItem\",\"position\":4,\"name\":\"Entreprises et ONG face au d\u00e9veloppement durable\"}]},{\"@type\":\"WebSite\",\"@id\":\"https:\\\/\\\/ksapa.org\\\/fr\\\/#website\",\"url\":\"https:\\\/\\\/ksapa.org\\\/fr\\\/\",\"name\":\"Ksapa - fr\",\"description\":\"\",\"publisher\":{\"@id\":\"https:\\\/\\\/ksapa.org\\\/fr\\\/#organization\"},\"potentialAction\":[{\"@type\":\"SearchAction\",\"target\":{\"@type\":\"EntryPoint\",\"urlTemplate\":\"https:\\\/\\\/ksapa.org\\\/fr\\\/?s={search_term_string}\"},\"query-input\":{\"@type\":\"PropertyValueSpecification\",\"valueRequired\":true,\"valueName\":\"search_term_string\"}}],\"inLanguage\":\"fr-FR\"},{\"@type\":\"Organization\",\"@id\":\"https:\\\/\\\/ksapa.org\\\/fr\\\/#organization\",\"name\":\"ksapa\",\"url\":\"https:\\\/\\\/ksapa.org\\\/fr\\\/\",\"logo\":{\"@type\":\"ImageObject\",\"inLanguage\":\"fr-FR\",\"@id\":\"https:\\\/\\\/ksapa.org\\\/fr\\\/#\\\/schema\\\/logo\\\/image\\\/\",\"url\":\"https:\\\/\\\/ksapa.org\\\/fr\\\/wp-content\\\/uploads\\\/sites\\\/1\\\/2019\\\/06\\\/icone-ksapa.jpg\",\"contentUrl\":\"https:\\\/\\\/ksapa.org\\\/fr\\\/wp-content\\\/uploads\\\/sites\\\/1\\\/2019\\\/06\\\/icone-ksapa.jpg\",\"width\":\"442\",\"height\":\"421\",\"caption\":\"ksapa\"},\"image\":{\"@id\":\"https:\\\/\\\/ksapa.org\\\/fr\\\/#\\\/schema\\\/logo\\\/image\\\/\"},\"sameAs\":[\"https:\\\/\\\/x.com\\\/KsapaOrg\"]}]}<\/script>\n<!-- \/ Yoast SEO plugin. -->","yoast_head_json":{"title":"Farid Baddache - Entreprises et ONG face au d\u00e9veloppement durable","description":"L'auteur propose des pistes concr\u00e8tes permettant de hisser petit \u00e0 petit notre soci\u00e9t\u00e9 de plain-pied dans son d\u00e9veloppement durable.","robots":{"index":"index","follow":"follow","max-snippet":"max-snippet:-1","max-image-preview":"max-image-preview:large","max-video-preview":"max-video-preview:-1"},"canonical":"https:\/\/ksapa.org\/fr\/mobiliser\/publications\/entreprises-et-ong-face-au-developpement-durable\/","og_locale":"fr_FR","og_type":"article","og_title":"Farid Baddache - Entreprises et ONG face au d\u00e9veloppement durable","og_description":"L'auteur propose des pistes concr\u00e8tes permettant de hisser petit \u00e0 petit notre soci\u00e9t\u00e9 de plain-pied dans son d\u00e9veloppement durable.","og_url":"https:\/\/ksapa.org\/fr\/mobiliser\/publications\/entreprises-et-ong-face-au-developpement-durable\/","og_site_name":"Ksapa - fr","article_modified_time":"2020-12-05T18:11:06+00:00","og_image":[{"width":3335,"height":2015,"url":"https:\/\/ksapa.org\/fr\/wp-content\/uploads\/sites\/1\/2019\/02\/entrerpises-ong-face-developpement-durable.jpg","type":"image\/jpeg"}],"twitter_card":"summary_large_image","twitter_site":"@KsapaOrg","twitter_misc":{"Dur\u00e9e de lecture estim\u00e9e":"1 minute"},"schema":{"@context":"https:\/\/schema.org","@graph":[{"@type":"WebPage","@id":"https:\/\/ksapa.org\/fr\/mobiliser\/publications\/entreprises-et-ong-face-au-developpement-durable\/","url":"https:\/\/ksapa.org\/fr\/mobiliser\/publications\/entreprises-et-ong-face-au-developpement-durable\/","name":"Farid Baddache - Entreprises et ONG face au d\u00e9veloppement durable","isPartOf":{"@id":"https:\/\/ksapa.org\/fr\/#website"},"primaryImageOfPage":{"@id":"https:\/\/ksapa.org\/fr\/mobiliser\/publications\/entreprises-et-ong-face-au-developpement-durable\/#primaryimage"},"image":{"@id":"https:\/\/ksapa.org\/fr\/mobiliser\/publications\/entreprises-et-ong-face-au-developpement-durable\/#primaryimage"},"thumbnailUrl":"https:\/\/ksapa.org\/fr\/wp-content\/uploads\/sites\/1\/2019\/02\/entrerpises-ong-face-developpement-durable.jpg","datePublished":"2019-02-13T21:12:42+00:00","dateModified":"2020-12-05T18:11:06+00:00","description":"L'auteur propose des pistes concr\u00e8tes permettant de hisser petit \u00e0 petit notre soci\u00e9t\u00e9 de plain-pied dans son d\u00e9veloppement durable.","breadcrumb":{"@id":"https:\/\/ksapa.org\/fr\/mobiliser\/publications\/entreprises-et-ong-face-au-developpement-durable\/#breadcrumb"},"inLanguage":"fr-FR","potentialAction":[{"@type":"ReadAction","target":["https:\/\/ksapa.org\/fr\/mobiliser\/publications\/entreprises-et-ong-face-au-developpement-durable\/"]}]},{"@type":"ImageObject","inLanguage":"fr-FR","@id":"https:\/\/ksapa.org\/fr\/mobiliser\/publications\/entreprises-et-ong-face-au-developpement-durable\/#primaryimage","url":"https:\/\/ksapa.org\/fr\/wp-content\/uploads\/sites\/1\/2019\/02\/entrerpises-ong-face-developpement-durable.jpg","contentUrl":"https:\/\/ksapa.org\/fr\/wp-content\/uploads\/sites\/1\/2019\/02\/entrerpises-ong-face-developpement-durable.jpg","width":3335,"height":2015,"caption":"Entreprises et ONG face au d\u00e9veloppement durable"},{"@type":"BreadcrumbList","@id":"https:\/\/ksapa.org\/fr\/mobiliser\/publications\/entreprises-et-ong-face-au-developpement-durable\/#breadcrumb","itemListElement":[{"@type":"ListItem","position":1,"name":"Home","item":"https:\/\/ksapa.org\/fr\/"},{"@type":"ListItem","position":2,"name":"Mobiliser","item":"https:\/\/ksapa.org\/fr\/mobiliser\/"},{"@type":"ListItem","position":3,"name":"Publications","item":"https:\/\/ksapa.org\/fr\/mobiliser\/publications\/"},{"@type":"ListItem","position":4,"name":"Entreprises et ONG face au d\u00e9veloppement durable"}]},{"@type":"WebSite","@id":"https:\/\/ksapa.org\/fr\/#website","url":"https:\/\/ksapa.org\/fr\/","name":"Ksapa - fr","description":"","publisher":{"@id":"https:\/\/ksapa.org\/fr\/#organization"},"potentialAction":[{"@type":"SearchAction","target":{"@type":"EntryPoint","urlTemplate":"https:\/\/ksapa.org\/fr\/?s={search_term_string}"},"query-input":{"@type":"PropertyValueSpecification","valueRequired":true,"valueName":"search_term_string"}}],"inLanguage":"fr-FR"},{"@type":"Organization","@id":"https:\/\/ksapa.org\/fr\/#organization","name":"ksapa","url":"https:\/\/ksapa.org\/fr\/","logo":{"@type":"ImageObject","inLanguage":"fr-FR","@id":"https:\/\/ksapa.org\/fr\/#\/schema\/logo\/image\/","url":"https:\/\/ksapa.org\/fr\/wp-content\/uploads\/sites\/1\/2019\/06\/icone-ksapa.jpg","contentUrl":"https:\/\/ksapa.org\/fr\/wp-content\/uploads\/sites\/1\/2019\/06\/icone-ksapa.jpg","width":"442","height":"421","caption":"ksapa"},"image":{"@id":"https:\/\/ksapa.org\/fr\/#\/schema\/logo\/image\/"},"sameAs":["https:\/\/x.com\/KsapaOrg"]}]}},"_links":{"self":[{"href":"https:\/\/ksapa.org\/fr\/wp-json\/wp\/v2\/pages\/149","targetHints":{"allow":["GET"]}}],"collection":[{"href":"https:\/\/ksapa.org\/fr\/wp-json\/wp\/v2\/pages"}],"about":[{"href":"https:\/\/ksapa.org\/fr\/wp-json\/wp\/v2\/types\/page"}],"author":[{"embeddable":true,"href":"https:\/\/ksapa.org\/fr\/wp-json\/wp\/v2\/users\/1"}],"replies":[{"embeddable":true,"href":"https:\/\/ksapa.org\/fr\/wp-json\/wp\/v2\/comments?post=149"}],"version-history":[{"count":1,"href":"https:\/\/ksapa.org\/fr\/wp-json\/wp\/v2\/pages\/149\/revisions"}],"predecessor-version":[{"id":2454,"href":"https:\/\/ksapa.org\/fr\/wp-json\/wp\/v2\/pages\/149\/revisions\/2454"}],"up":[{"embeddable":true,"href":"https:\/\/ksapa.org\/fr\/wp-json\/wp\/v2\/pages\/141"}],"wp:featuredmedia":[{"embeddable":true,"href":"https:\/\/ksapa.org\/fr\/wp-json\/wp\/v2\/media\/183"}],"wp:attachment":[{"href":"https:\/\/ksapa.org\/fr\/wp-json\/wp\/v2\/media?parent=149"}],"curies":[{"name":"wp","href":"https:\/\/api.w.org\/{rel}","templated":true}]}}