{"id":15,"date":"2019-02-03T22:17:20","date_gmt":"2019-02-03T22:17:20","guid":{"rendered":"https:\/\/resilients.xk-consulting.fr\/?page_id=15"},"modified":"2021-08-07T17:53:43","modified_gmt":"2021-08-07T16:53:43","slug":"ligne-editoriale","status":"publish","type":"page","link":"https:\/\/ksapa.org\/fr\/ligne-editoriale\/","title":{"rendered":"Ligne Editoriale"},"content":{"rendered":"\n\n  <div class=\"banner has-hover\" id=\"banner-1625355699\">\n          <div class=\"banner-inner fill\">\n        <div class=\"banner-bg fill\" >\n            <div class=\"bg fill bg-fill \"><\/div>\n                        <div class=\"overlay\"><\/div>            \n                    <\/div>\n        <div class=\"banner-layers container\">\n            <div class=\"fill banner-link\"><\/div>            \n\n   <div id=\"text-box-1437392920\" class=\"text-box banner-layer x50 md-x50 lg-x50 y50 md-y50 lg-y50 res-text\">\n                                <div class=\"text-box-content text dark\">\n              \n              <div class=\"text-inner text-center\">\n                  \n\n<h1 class=\"uppercase\"><strong>ligne editoriale<\/strong><\/h1>\n\n              <\/div>\n           <\/div>\n                            \n<style>\n#text-box-1437392920 {\n  width: 86%;\n}\n#text-box-1437392920 .text-box-content {\n  font-size: 100%;\n}\n<\/style>\n    <\/div>\n \n\n        <\/div>\n      <\/div>\n\n            \n<style>\n#banner-1625355699 {\n  padding-top: 350px;\n}\n#banner-1625355699 .bg.bg-loaded {\n  background-image: url(https:\/\/ksapa.org\/fr\/wp-content\/uploads\/sites\/1\/2019\/02\/a-propos-de-l-auteur-farid-baddache.jpg);\n}\n#banner-1625355699 .overlay {\n  background-color: rgba(0, 0, 0, 0.6);\n}\n<\/style>\n  <\/div>\n\n\n\t<section class=\"section\" id=\"section_1566920327\">\n\t\t<div class=\"bg section-bg fill bg-fill  bg-loaded\" >\n\n\t\t\t\n\t\t\t\n\t\t\t\n\n\t\t<\/div>\n\n\t\t<div class=\"section-content relative\">\n\t\t\t\n\n<div class=\"container section-title-container\" ><h2 class=\"section-title section-title-center\"><b><\/b><span class=\"section-title-main\" ><i class=\"icon-angle-down\" ><\/i>Pourquoi ce blog ?<\/span><b><\/b><\/h2><\/div>\n\n<div class=\"row\"  id=\"row-1628724965\">\n\n\n\t<div id=\"col-222947331\" class=\"col small-12 large-12\"  >\n\t\t\t\t<div class=\"col-inner\"  >\n\t\t\t\n\t\t\t\n\n<p>Ksapa est une entreprise \u00e0 mission. Sa raison d\u2019\u00eatre est de participer au meilleur de ses capacit\u00e9s \u00e0 l\u2019acc\u00e9l\u00e9ration du basculement du monde \u00e9conomique vers des pratiques plus responsables et des mod\u00e8les \u00e9conomiques articul\u00e9s autour des notions de comp\u00e9titivit\u00e9, de durabilit\u00e9 et d\u2019\u00e9quit\u00e9.<\/p>\n<p>Cette raison d\u2019\u00eatre se traduit dans le cadre de ses activit\u00e9s de conseil et d\u2019impact investing, mais \u00e9galement dans le partage de points de vue et d\u2019opinions et dans la participation au d\u00e9bat public.<\/p>\n<p>Les questions environnementales \u2013 les d\u00e9r\u00e8glements climatiques en particulier \u2013, \u00e9thiques et sociales \u2013 l\u2019importance croissante des in\u00e9galit\u00e9s sociales par exemple \u2013 sont en train de modifier en profondeur les attentes des clients, les march\u00e9s et les r\u00e9glementations, amplifiant les pressions soci\u00e9tales y \u00e9tant associ\u00e9es&nbsp;: elles p\u00e8sent sur nos soci\u00e9t\u00e9s, nos march\u00e9s, nos d\u00e9cisions et fa\u00e7onnent en cons\u00e9quence la capacit\u00e9 des entreprises \u00e0 rester comp\u00e9titives.<\/p>\n<p>Depuis plus de vingt ans, nous nous sommes forg\u00e9s la conviction qu\u2019une entreprise n\u2019est pas uniquement destin\u00e9e \u00e0 servir ses actionnaires. Son r\u00f4le est plus large, et elle ne peut d\u2019ailleurs r\u00e9ellement cr\u00e9er de la valeur sur le long terme, y compris pour ses actionnaires, qu\u2019\u00e0 partir du moment o\u00f9 elle donne du sens \u00e0 ses activit\u00e9s, afin d\u2019inspirer, de s\u2019adapter, et d\u2019innover&nbsp;.<\/p>\n<p>Ainsi, nous avons d\u00e9velopp\u00e9 progressivement une r\u00e9flexion strat\u00e9gique et pratique pour les entreprises, permettant de s\u2019appuyer sur les questions environnementales, \u00e9thiques et sociales comme autant de leviers d\u2019innovation, de r\u00e9silience et de comp\u00e9titivit\u00e9. Nos exp\u00e9riences dans l\u2019industrie, dans le d\u00e9veloppement, dans le secteur associatif, dans l\u2019investissement, dans les mondes acad\u00e9mique et \u00e9ditorial, nous ont permis d\u2019explorer de nombreuses facettes de ces questions complexes pour croiser les perspectives, comprendre les blocages et les leviers de changement.<\/p>\n<p>Ce blog permet de partager nos exp\u00e9riences, nos r\u00e9flexions, et un regard. Les partager pour que toujours plus d\u2019individus puissent s\u2019en inspirer et contribuer comme citoyen, \u00e9lecteur, consommateur, producteur, d\u00e9cideur politique ou \u00e9conomique, salari\u00e9 ou entrepreneur \u00e0 int\u00e9grer les enjeux sociaux et environnementaux au c\u0153ur de nos institutions, nos soci\u00e9t\u00e9s et nos entreprises.<\/p>\n<p>Bonne lecture !<\/p>\n\n\t\t<\/div>\n\t\t\t\t\t<\/div>\n\n\t\n\n<\/div>\n\n\t\t<\/div>\n\n\t\t\n<style>\n#section_1566920327 {\n  padding-top: 30px;\n  padding-bottom: 30px;\n}\n<\/style>\n\t<\/section>\n\t\n","protected":false},"excerpt":{"rendered":"","protected":false},"author":1,"featured_media":0,"parent":0,"menu_order":0,"comment_status":"closed","ping_status":"closed","template":"page-blank.php","meta":{"footnotes":""},"class_list":["post-15","page","type-page","status-publish","hentry"],"yoast_head":"<!-- This site is optimized with the Yoast SEO plugin v27.3 - https:\/\/yoast.com\/product\/yoast-seo-wordpress\/ -->\n<title>Ligne \u00e9ditoriale - Ksapa \u2013 Conseil en RSE \/ ESG, Investissement \u00e0 impact, Mobilisation<\/title>\n<meta name=\"description\" content=\"Ksapa est une entreprise \u00e0 mission. Sa raison d\u2019\u00eatre est de participer au meilleur de ses capacit\u00e9s \u00e0 l\u2019acc\u00e9l\u00e9ration du basculement du monde \u00e9conomique vers des pratiques plus responsables et des mod\u00e8les \u00e9conomiques articul\u00e9s autour des notions de comp\u00e9titivit\u00e9, de durabilit\u00e9 et d\u2019\u00e9quit\u00e9. Cette raison d\u2019\u00eatre se traduit dans le cadre de ses activit\u00e9s de conseil et d\u2019impact investing, mais \u00e9galement dans le partage de points de vue et d\u2019opinions et dans la participation au d\u00e9bat public.\" \/>\n<meta name=\"robots\" content=\"index, follow, max-snippet:-1, max-image-preview:large, max-video-preview:-1\" \/>\n<link rel=\"canonical\" href=\"https:\/\/ksapa.org\/fr\/ligne-editoriale\/\" \/>\n<meta property=\"og:locale\" content=\"fr_FR\" \/>\n<meta property=\"og:type\" content=\"article\" \/>\n<meta property=\"og:title\" content=\"Ligne \u00e9ditoriale - Ksapa \u2013 Conseil en RSE \/ ESG, Investissement \u00e0 impact, Mobilisation\" \/>\n<meta property=\"og:description\" content=\"Ksapa est une entreprise \u00e0 mission. Sa raison d\u2019\u00eatre est de participer au meilleur de ses capacit\u00e9s \u00e0 l\u2019acc\u00e9l\u00e9ration du basculement du monde \u00e9conomique vers des pratiques plus responsables et des mod\u00e8les \u00e9conomiques articul\u00e9s autour des notions de comp\u00e9titivit\u00e9, de durabilit\u00e9 et d\u2019\u00e9quit\u00e9. Cette raison d\u2019\u00eatre se traduit dans le cadre de ses activit\u00e9s de conseil et d\u2019impact investing, mais \u00e9galement dans le partage de points de vue et d\u2019opinions et dans la participation au d\u00e9bat public.\" \/>\n<meta property=\"og:url\" content=\"https:\/\/ksapa.org\/fr\/ligne-editoriale\/\" \/>\n<meta property=\"og:site_name\" content=\"Ksapa - fr\" \/>\n<meta property=\"article:modified_time\" content=\"2021-08-07T16:53:43+00:00\" \/>\n<meta name=\"twitter:card\" content=\"summary_large_image\" \/>\n<meta name=\"twitter:site\" content=\"@KsapaOrg\" \/>\n<meta name=\"twitter:label1\" content=\"Dur\u00e9e de lecture estim\u00e9e\" \/>\n\t<meta name=\"twitter:data1\" content=\"2 minutes\" \/>\n<script type=\"application\/ld+json\" class=\"yoast-schema-graph\">{\"@context\":\"https:\\\/\\\/schema.org\",\"@graph\":[{\"@type\":\"WebPage\",\"@id\":\"https:\\\/\\\/ksapa.org\\\/fr\\\/ligne-editoriale\\\/\",\"url\":\"https:\\\/\\\/ksapa.org\\\/fr\\\/ligne-editoriale\\\/\",\"name\":\"Ligne \u00e9ditoriale - Ksapa \u2013 Conseil en RSE \\\/ ESG, Investissement \u00e0 impact, Mobilisation\",\"isPartOf\":{\"@id\":\"https:\\\/\\\/ksapa.org\\\/fr\\\/#website\"},\"datePublished\":\"2019-02-03T22:17:20+00:00\",\"dateModified\":\"2021-08-07T16:53:43+00:00\",\"description\":\"Ksapa est une entreprise \u00e0 mission. Sa raison d\u2019\u00eatre est de participer au meilleur de ses capacit\u00e9s \u00e0 l\u2019acc\u00e9l\u00e9ration du basculement du monde \u00e9conomique vers des pratiques plus responsables et des mod\u00e8les \u00e9conomiques articul\u00e9s autour des notions de comp\u00e9titivit\u00e9, de durabilit\u00e9 et d\u2019\u00e9quit\u00e9. Cette raison d\u2019\u00eatre se traduit dans le cadre de ses activit\u00e9s de conseil et d\u2019impact investing, mais \u00e9galement dans le partage de points de vue et d\u2019opinions et dans la participation au d\u00e9bat public.\",\"breadcrumb\":{\"@id\":\"https:\\\/\\\/ksapa.org\\\/fr\\\/ligne-editoriale\\\/#breadcrumb\"},\"inLanguage\":\"fr-FR\",\"potentialAction\":[{\"@type\":\"ReadAction\",\"target\":[\"https:\\\/\\\/ksapa.org\\\/fr\\\/ligne-editoriale\\\/\"]}]},{\"@type\":\"BreadcrumbList\",\"@id\":\"https:\\\/\\\/ksapa.org\\\/fr\\\/ligne-editoriale\\\/#breadcrumb\",\"itemListElement\":[{\"@type\":\"ListItem\",\"position\":1,\"name\":\"Home\",\"item\":\"https:\\\/\\\/ksapa.org\\\/fr\\\/\"},{\"@type\":\"ListItem\",\"position\":2,\"name\":\"Ligne Editoriale\"}]},{\"@type\":\"WebSite\",\"@id\":\"https:\\\/\\\/ksapa.org\\\/fr\\\/#website\",\"url\":\"https:\\\/\\\/ksapa.org\\\/fr\\\/\",\"name\":\"Ksapa - fr\",\"description\":\"\",\"publisher\":{\"@id\":\"https:\\\/\\\/ksapa.org\\\/fr\\\/#organization\"},\"potentialAction\":[{\"@type\":\"SearchAction\",\"target\":{\"@type\":\"EntryPoint\",\"urlTemplate\":\"https:\\\/\\\/ksapa.org\\\/fr\\\/?s={search_term_string}\"},\"query-input\":{\"@type\":\"PropertyValueSpecification\",\"valueRequired\":true,\"valueName\":\"search_term_string\"}}],\"inLanguage\":\"fr-FR\"},{\"@type\":\"Organization\",\"@id\":\"https:\\\/\\\/ksapa.org\\\/fr\\\/#organization\",\"name\":\"ksapa\",\"url\":\"https:\\\/\\\/ksapa.org\\\/fr\\\/\",\"logo\":{\"@type\":\"ImageObject\",\"inLanguage\":\"fr-FR\",\"@id\":\"https:\\\/\\\/ksapa.org\\\/fr\\\/#\\\/schema\\\/logo\\\/image\\\/\",\"url\":\"https:\\\/\\\/ksapa.org\\\/fr\\\/wp-content\\\/uploads\\\/sites\\\/1\\\/2019\\\/06\\\/icone-ksapa.jpg\",\"contentUrl\":\"https:\\\/\\\/ksapa.org\\\/fr\\\/wp-content\\\/uploads\\\/sites\\\/1\\\/2019\\\/06\\\/icone-ksapa.jpg\",\"width\":\"442\",\"height\":\"421\",\"caption\":\"ksapa\"},\"image\":{\"@id\":\"https:\\\/\\\/ksapa.org\\\/fr\\\/#\\\/schema\\\/logo\\\/image\\\/\"},\"sameAs\":[\"https:\\\/\\\/x.com\\\/KsapaOrg\"]}]}<\/script>\n<!-- \/ Yoast SEO plugin. -->","yoast_head_json":{"title":"Ligne \u00e9ditoriale - Ksapa \u2013 Conseil en RSE \/ ESG, Investissement \u00e0 impact, Mobilisation","description":"Ksapa est une entreprise \u00e0 mission. Sa raison d\u2019\u00eatre est de participer au meilleur de ses capacit\u00e9s \u00e0 l\u2019acc\u00e9l\u00e9ration du basculement du monde \u00e9conomique vers des pratiques plus responsables et des mod\u00e8les \u00e9conomiques articul\u00e9s autour des notions de comp\u00e9titivit\u00e9, de durabilit\u00e9 et d\u2019\u00e9quit\u00e9. Cette raison d\u2019\u00eatre se traduit dans le cadre de ses activit\u00e9s de conseil et d\u2019impact investing, mais \u00e9galement dans le partage de points de vue et d\u2019opinions et dans la participation au d\u00e9bat public.","robots":{"index":"index","follow":"follow","max-snippet":"max-snippet:-1","max-image-preview":"max-image-preview:large","max-video-preview":"max-video-preview:-1"},"canonical":"https:\/\/ksapa.org\/fr\/ligne-editoriale\/","og_locale":"fr_FR","og_type":"article","og_title":"Ligne \u00e9ditoriale - Ksapa \u2013 Conseil en RSE \/ ESG, Investissement \u00e0 impact, Mobilisation","og_description":"Ksapa est une entreprise \u00e0 mission. Sa raison d\u2019\u00eatre est de participer au meilleur de ses capacit\u00e9s \u00e0 l\u2019acc\u00e9l\u00e9ration du basculement du monde \u00e9conomique vers des pratiques plus responsables et des mod\u00e8les \u00e9conomiques articul\u00e9s autour des notions de comp\u00e9titivit\u00e9, de durabilit\u00e9 et d\u2019\u00e9quit\u00e9. Cette raison d\u2019\u00eatre se traduit dans le cadre de ses activit\u00e9s de conseil et d\u2019impact investing, mais \u00e9galement dans le partage de points de vue et d\u2019opinions et dans la participation au d\u00e9bat public.","og_url":"https:\/\/ksapa.org\/fr\/ligne-editoriale\/","og_site_name":"Ksapa - fr","article_modified_time":"2021-08-07T16:53:43+00:00","twitter_card":"summary_large_image","twitter_site":"@KsapaOrg","twitter_misc":{"Dur\u00e9e de lecture estim\u00e9e":"2 minutes"},"schema":{"@context":"https:\/\/schema.org","@graph":[{"@type":"WebPage","@id":"https:\/\/ksapa.org\/fr\/ligne-editoriale\/","url":"https:\/\/ksapa.org\/fr\/ligne-editoriale\/","name":"Ligne \u00e9ditoriale - Ksapa \u2013 Conseil en RSE \/ ESG, Investissement \u00e0 impact, Mobilisation","isPartOf":{"@id":"https:\/\/ksapa.org\/fr\/#website"},"datePublished":"2019-02-03T22:17:20+00:00","dateModified":"2021-08-07T16:53:43+00:00","description":"Ksapa est une entreprise \u00e0 mission. Sa raison d\u2019\u00eatre est de participer au meilleur de ses capacit\u00e9s \u00e0 l\u2019acc\u00e9l\u00e9ration du basculement du monde \u00e9conomique vers des pratiques plus responsables et des mod\u00e8les \u00e9conomiques articul\u00e9s autour des notions de comp\u00e9titivit\u00e9, de durabilit\u00e9 et d\u2019\u00e9quit\u00e9. Cette raison d\u2019\u00eatre se traduit dans le cadre de ses activit\u00e9s de conseil et d\u2019impact investing, mais \u00e9galement dans le partage de points de vue et d\u2019opinions et dans la participation au d\u00e9bat public.","breadcrumb":{"@id":"https:\/\/ksapa.org\/fr\/ligne-editoriale\/#breadcrumb"},"inLanguage":"fr-FR","potentialAction":[{"@type":"ReadAction","target":["https:\/\/ksapa.org\/fr\/ligne-editoriale\/"]}]},{"@type":"BreadcrumbList","@id":"https:\/\/ksapa.org\/fr\/ligne-editoriale\/#breadcrumb","itemListElement":[{"@type":"ListItem","position":1,"name":"Home","item":"https:\/\/ksapa.org\/fr\/"},{"@type":"ListItem","position":2,"name":"Ligne Editoriale"}]},{"@type":"WebSite","@id":"https:\/\/ksapa.org\/fr\/#website","url":"https:\/\/ksapa.org\/fr\/","name":"Ksapa - fr","description":"","publisher":{"@id":"https:\/\/ksapa.org\/fr\/#organization"},"potentialAction":[{"@type":"SearchAction","target":{"@type":"EntryPoint","urlTemplate":"https:\/\/ksapa.org\/fr\/?s={search_term_string}"},"query-input":{"@type":"PropertyValueSpecification","valueRequired":true,"valueName":"search_term_string"}}],"inLanguage":"fr-FR"},{"@type":"Organization","@id":"https:\/\/ksapa.org\/fr\/#organization","name":"ksapa","url":"https:\/\/ksapa.org\/fr\/","logo":{"@type":"ImageObject","inLanguage":"fr-FR","@id":"https:\/\/ksapa.org\/fr\/#\/schema\/logo\/image\/","url":"https:\/\/ksapa.org\/fr\/wp-content\/uploads\/sites\/1\/2019\/06\/icone-ksapa.jpg","contentUrl":"https:\/\/ksapa.org\/fr\/wp-content\/uploads\/sites\/1\/2019\/06\/icone-ksapa.jpg","width":"442","height":"421","caption":"ksapa"},"image":{"@id":"https:\/\/ksapa.org\/fr\/#\/schema\/logo\/image\/"},"sameAs":["https:\/\/x.com\/KsapaOrg"]}]}},"_links":{"self":[{"href":"https:\/\/ksapa.org\/fr\/wp-json\/wp\/v2\/pages\/15","targetHints":{"allow":["GET"]}}],"collection":[{"href":"https:\/\/ksapa.org\/fr\/wp-json\/wp\/v2\/pages"}],"about":[{"href":"https:\/\/ksapa.org\/fr\/wp-json\/wp\/v2\/types\/page"}],"author":[{"embeddable":true,"href":"https:\/\/ksapa.org\/fr\/wp-json\/wp\/v2\/users\/1"}],"replies":[{"embeddable":true,"href":"https:\/\/ksapa.org\/fr\/wp-json\/wp\/v2\/comments?post=15"}],"version-history":[{"count":2,"href":"https:\/\/ksapa.org\/fr\/wp-json\/wp\/v2\/pages\/15\/revisions"}],"predecessor-version":[{"id":4518,"href":"https:\/\/ksapa.org\/fr\/wp-json\/wp\/v2\/pages\/15\/revisions\/4518"}],"wp:attachment":[{"href":"https:\/\/ksapa.org\/fr\/wp-json\/wp\/v2\/media?parent=15"}],"curies":[{"name":"wp","href":"https:\/\/api.w.org\/{rel}","templated":true}]}}