{"id":151,"date":"2019-02-13T21:13:08","date_gmt":"2019-02-13T21:13:08","guid":{"rendered":"https:\/\/resilients.xk-consulting.fr\/?page_id=151"},"modified":"2021-06-08T19:01:22","modified_gmt":"2021-06-08T18:01:22","slug":"le-developpement-durable-au-quotidien","status":"publish","type":"page","link":"https:\/\/ksapa.org\/fr\/mobiliser\/publications\/le-developpement-durable-au-quotidien\/","title":{"rendered":"Le d\u00e9veloppement durable au quotidien"},"content":{"rendered":"\n\n  <div class=\"banner has-hover\" id=\"banner-1405993734\">\n          <div class=\"banner-inner fill\">\n        <div class=\"banner-bg fill\" >\n            <div class=\"bg fill bg-fill \"><\/div>\n                        <div class=\"overlay\"><\/div>            \n                    <\/div>\n        <div class=\"banner-layers container\">\n            <div class=\"fill banner-link\"><\/div>            \n\n   <div id=\"text-box-1106133145\" class=\"text-box banner-layer x50 md-x50 lg-x50 y50 md-y50 lg-y50 res-text\">\n                                <div class=\"text-box-content text dark\">\n              \n              <div class=\"text-inner text-center\">\n                  \n\n<h1 class=\"uppercase\"><b>Le d\u00e9veloppement durable au quotidien<\/b><\/h1>\n<p id=\"title\" class=\"a-size-large a-spacing-none\">Eyrolles &#8211; 25 Mai 2010<\/p>\n\n              <\/div>\n           <\/div>\n                            \n<style>\n#text-box-1106133145 {\n  width: 90%;\n}\n#text-box-1106133145 .text-box-content {\n  font-size: 100%;\n}\n<\/style>\n    <\/div>\n \n\n        <\/div>\n      <\/div>\n\n            \n<style>\n#banner-1405993734 {\n  padding-top: 350px;\n}\n#banner-1405993734 .bg.bg-loaded {\n  background-image: url(https:\/\/ksapa.org\/fr\/wp-content\/uploads\/sites\/1\/2019\/02\/developpement-durable-au-quotidien-1204x800.jpg);\n}\n#banner-1405993734 .overlay {\n  background-color: rgba(0, 0, 0, 0.7);\n}\n#banner-1405993734 .bg {\n  background-position: 30% 44%;\n}\n<\/style>\n  <\/div>\n\n\n<div class=\"row align-middle\"  id=\"row-967316764\">\n\n\n\t<div id=\"col-1261363653\" class=\"col medium-6 small-12 large-6\"  >\n\t\t\t\t<div class=\"col-inner\"  >\n\t\t\t\n\t\t\t\n\n<p>Ce guide fait le point sur le concept de d\u00e9veloppement durable : il en retrace l&rsquo;histoire et le d\u00e9crit dons ses diff\u00e9rents aspects (environnemental, humain, \u00e9conomique, politique &#8230;). A travers toute une s\u00e9rie de conseils, il vous permet d&rsquo;agir, de changer vos habitudes de consommation et de progresser vers un mode de vie \u00a0\u00bb durable \u00ab\u00a0. Il constitue ainsi la r\u00e9f\u00e9rence pratique de votre quotidien !<\/p>\n<a rel=\"noopener noreferrer\" href=\"https:\/\/www.eyrolles.com\/Loisirs\/Livre\/le-developpement-durable-9782212546835\/\" target=\"_blank\" class=\"button primary is-outline\"  >\n    <span>Commander chez Eyrolles<\/span>\n  <\/a>\n\n\n\n\t\t<\/div>\n\t\t\t\t\t<\/div>\n\n\t\n\n\t<div id=\"col-1723645868\" class=\"col medium-6 small-12 large-6\"  >\n\t\t\t\t<div class=\"col-inner\"  >\n\t\t\t\n\t\t\t\n\n\t<div class=\"img has-hover x md-x lg-x y md-y lg-y\" id=\"image_1783676091\">\n\t\t\t\t\t\t\t\t<div class=\"img-inner dark\" >\n\t\t\t<img decoding=\"async\" width=\"560\" height=\"800\" src=\"https:\/\/ksapa.org\/fr\/wp-content\/uploads\/sites\/1\/2019\/02\/Le-developpement-durable-au-quotidien-livre-farid-baddache-eyrolles-560x800.jpg\" class=\"attachment-large size-large\" alt=\"Le d\u00e9veloppement durable au quotidien, Farid Baddache, Eyrolles pratique avec Ademe\" srcset=\"https:\/\/ksapa.org\/fr\/wp-content\/uploads\/sites\/1\/2019\/02\/Le-developpement-durable-au-quotidien-livre-farid-baddache-eyrolles-560x800.jpg 560w, https:\/\/ksapa.org\/fr\/wp-content\/uploads\/sites\/1\/2019\/02\/Le-developpement-durable-au-quotidien-livre-farid-baddache-eyrolles-280x400.jpg 280w, https:\/\/ksapa.org\/fr\/wp-content\/uploads\/sites\/1\/2019\/02\/Le-developpement-durable-au-quotidien-livre-farid-baddache-eyrolles-768x1098.jpg 768w, https:\/\/ksapa.org\/fr\/wp-content\/uploads\/sites\/1\/2019\/02\/Le-developpement-durable-au-quotidien-livre-farid-baddache-eyrolles-600x857.jpg 600w, https:\/\/ksapa.org\/fr\/wp-content\/uploads\/sites\/1\/2019\/02\/Le-developpement-durable-au-quotidien-livre-farid-baddache-eyrolles.jpg 1720w\" sizes=\"(max-width: 560px) 100vw, 560px\" \/>\t\t\t\t\t\t\n\t\t\t\t\t<\/div>\n\t\t\t\t\t\t\t\t\n<style>\n#image_1783676091 {\n  width: 100%;\n}\n<\/style>\n\t<\/div>\n\t\n\n\n\t\t<\/div>\n\t\t\t\t\t<\/div>\n\n\t\n\n<\/div>\n","protected":false},"excerpt":{"rendered":"","protected":false},"author":1,"featured_media":164,"parent":141,"menu_order":0,"comment_status":"closed","ping_status":"closed","template":"page-blank.php","meta":{"footnotes":""},"class_list":["post-151","page","type-page","status-publish","has-post-thumbnail","hentry"],"yoast_head":"<!-- This site is optimized with the Yoast SEO plugin v27.3 - https:\/\/yoast.com\/product\/yoast-seo-wordpress\/ -->\n<title>Farid Baddache, le d\u00e9veloppement durable au quotidien, Eyrolles<\/title>\n<meta name=\"description\" content=\"Ce guide fait le point sur le concept de d\u00e9veloppement durable : il en retrace l&#039;histoire et le d\u00e9crit dans ses diff\u00e9rents aspects.\" \/>\n<meta name=\"robots\" content=\"index, follow, max-snippet:-1, max-image-preview:large, max-video-preview:-1\" \/>\n<link rel=\"canonical\" href=\"https:\/\/ksapa.org\/fr\/mobiliser\/publications\/le-developpement-durable-au-quotidien\/\" \/>\n<meta property=\"og:locale\" content=\"fr_FR\" \/>\n<meta property=\"og:type\" content=\"article\" \/>\n<meta property=\"og:title\" content=\"Farid Baddache, le d\u00e9veloppement durable au quotidien, Eyrolles\" \/>\n<meta property=\"og:description\" content=\"Ce guide fait le point sur le concept de d\u00e9veloppement durable : il en retrace l&#039;histoire et le d\u00e9crit dans ses diff\u00e9rents aspects.\" \/>\n<meta property=\"og:url\" content=\"https:\/\/ksapa.org\/fr\/mobiliser\/publications\/le-developpement-durable-au-quotidien\/\" \/>\n<meta property=\"og:site_name\" content=\"Ksapa - fr\" \/>\n<meta property=\"article:modified_time\" content=\"2021-06-08T18:01:22+00:00\" \/>\n<meta property=\"og:image\" content=\"https:\/\/ksapa.org\/fr\/wp-content\/uploads\/sites\/1\/2019\/02\/developpement-durable-au-quotidien.jpg\" \/>\n\t<meta property=\"og:image:width\" content=\"1691\" \/>\n\t<meta property=\"og:image:height\" content=\"1124\" \/>\n\t<meta property=\"og:image:type\" content=\"image\/jpeg\" \/>\n<meta name=\"twitter:card\" content=\"summary_large_image\" \/>\n<meta name=\"twitter:site\" content=\"@KsapaOrg\" \/>\n<meta name=\"twitter:label1\" content=\"Dur\u00e9e de lecture estim\u00e9e\" \/>\n\t<meta name=\"twitter:data1\" content=\"1 minute\" \/>\n<script type=\"application\/ld+json\" class=\"yoast-schema-graph\">{\"@context\":\"https:\\\/\\\/schema.org\",\"@graph\":[{\"@type\":\"WebPage\",\"@id\":\"https:\\\/\\\/ksapa.org\\\/fr\\\/mobiliser\\\/publications\\\/le-developpement-durable-au-quotidien\\\/\",\"url\":\"https:\\\/\\\/ksapa.org\\\/fr\\\/mobiliser\\\/publications\\\/le-developpement-durable-au-quotidien\\\/\",\"name\":\"Farid Baddache, le d\u00e9veloppement durable au quotidien, Eyrolles\",\"isPartOf\":{\"@id\":\"https:\\\/\\\/ksapa.org\\\/fr\\\/#website\"},\"primaryImageOfPage\":{\"@id\":\"https:\\\/\\\/ksapa.org\\\/fr\\\/mobiliser\\\/publications\\\/le-developpement-durable-au-quotidien\\\/#primaryimage\"},\"image\":{\"@id\":\"https:\\\/\\\/ksapa.org\\\/fr\\\/mobiliser\\\/publications\\\/le-developpement-durable-au-quotidien\\\/#primaryimage\"},\"thumbnailUrl\":\"https:\\\/\\\/ksapa.org\\\/fr\\\/wp-content\\\/uploads\\\/sites\\\/1\\\/2019\\\/02\\\/developpement-durable-au-quotidien.jpg\",\"datePublished\":\"2019-02-13T21:13:08+00:00\",\"dateModified\":\"2021-06-08T18:01:22+00:00\",\"description\":\"Ce guide fait le point sur le concept de d\u00e9veloppement durable : il en retrace l'histoire et le d\u00e9crit dans ses diff\u00e9rents aspects.\",\"breadcrumb\":{\"@id\":\"https:\\\/\\\/ksapa.org\\\/fr\\\/mobiliser\\\/publications\\\/le-developpement-durable-au-quotidien\\\/#breadcrumb\"},\"inLanguage\":\"fr-FR\",\"potentialAction\":[{\"@type\":\"ReadAction\",\"target\":[\"https:\\\/\\\/ksapa.org\\\/fr\\\/mobiliser\\\/publications\\\/le-developpement-durable-au-quotidien\\\/\"]}]},{\"@type\":\"ImageObject\",\"inLanguage\":\"fr-FR\",\"@id\":\"https:\\\/\\\/ksapa.org\\\/fr\\\/mobiliser\\\/publications\\\/le-developpement-durable-au-quotidien\\\/#primaryimage\",\"url\":\"https:\\\/\\\/ksapa.org\\\/fr\\\/wp-content\\\/uploads\\\/sites\\\/1\\\/2019\\\/02\\\/developpement-durable-au-quotidien.jpg\",\"contentUrl\":\"https:\\\/\\\/ksapa.org\\\/fr\\\/wp-content\\\/uploads\\\/sites\\\/1\\\/2019\\\/02\\\/developpement-durable-au-quotidien.jpg\",\"width\":1691,\"height\":1124,\"caption\":\"Le d\u00e9veloppement durable au quotidien, avec Ademe, Farid Baddache, Eyrolles\"},{\"@type\":\"BreadcrumbList\",\"@id\":\"https:\\\/\\\/ksapa.org\\\/fr\\\/mobiliser\\\/publications\\\/le-developpement-durable-au-quotidien\\\/#breadcrumb\",\"itemListElement\":[{\"@type\":\"ListItem\",\"position\":1,\"name\":\"Home\",\"item\":\"https:\\\/\\\/ksapa.org\\\/fr\\\/\"},{\"@type\":\"ListItem\",\"position\":2,\"name\":\"Mobiliser\",\"item\":\"https:\\\/\\\/ksapa.org\\\/fr\\\/mobiliser\\\/\"},{\"@type\":\"ListItem\",\"position\":3,\"name\":\"Publications\",\"item\":\"https:\\\/\\\/ksapa.org\\\/fr\\\/mobiliser\\\/publications\\\/\"},{\"@type\":\"ListItem\",\"position\":4,\"name\":\"Le d\u00e9veloppement durable au quotidien\"}]},{\"@type\":\"WebSite\",\"@id\":\"https:\\\/\\\/ksapa.org\\\/fr\\\/#website\",\"url\":\"https:\\\/\\\/ksapa.org\\\/fr\\\/\",\"name\":\"Ksapa - fr\",\"description\":\"\",\"publisher\":{\"@id\":\"https:\\\/\\\/ksapa.org\\\/fr\\\/#organization\"},\"potentialAction\":[{\"@type\":\"SearchAction\",\"target\":{\"@type\":\"EntryPoint\",\"urlTemplate\":\"https:\\\/\\\/ksapa.org\\\/fr\\\/?s={search_term_string}\"},\"query-input\":{\"@type\":\"PropertyValueSpecification\",\"valueRequired\":true,\"valueName\":\"search_term_string\"}}],\"inLanguage\":\"fr-FR\"},{\"@type\":\"Organization\",\"@id\":\"https:\\\/\\\/ksapa.org\\\/fr\\\/#organization\",\"name\":\"ksapa\",\"url\":\"https:\\\/\\\/ksapa.org\\\/fr\\\/\",\"logo\":{\"@type\":\"ImageObject\",\"inLanguage\":\"fr-FR\",\"@id\":\"https:\\\/\\\/ksapa.org\\\/fr\\\/#\\\/schema\\\/logo\\\/image\\\/\",\"url\":\"https:\\\/\\\/ksapa.org\\\/fr\\\/wp-content\\\/uploads\\\/sites\\\/1\\\/2019\\\/06\\\/icone-ksapa.jpg\",\"contentUrl\":\"https:\\\/\\\/ksapa.org\\\/fr\\\/wp-content\\\/uploads\\\/sites\\\/1\\\/2019\\\/06\\\/icone-ksapa.jpg\",\"width\":\"442\",\"height\":\"421\",\"caption\":\"ksapa\"},\"image\":{\"@id\":\"https:\\\/\\\/ksapa.org\\\/fr\\\/#\\\/schema\\\/logo\\\/image\\\/\"},\"sameAs\":[\"https:\\\/\\\/x.com\\\/KsapaOrg\"]}]}<\/script>\n<!-- \/ Yoast SEO plugin. -->","yoast_head_json":{"title":"Farid Baddache, le d\u00e9veloppement durable au quotidien, Eyrolles","description":"Ce guide fait le point sur le concept de d\u00e9veloppement durable : il en retrace l'histoire et le d\u00e9crit dans ses diff\u00e9rents aspects.","robots":{"index":"index","follow":"follow","max-snippet":"max-snippet:-1","max-image-preview":"max-image-preview:large","max-video-preview":"max-video-preview:-1"},"canonical":"https:\/\/ksapa.org\/fr\/mobiliser\/publications\/le-developpement-durable-au-quotidien\/","og_locale":"fr_FR","og_type":"article","og_title":"Farid Baddache, le d\u00e9veloppement durable au quotidien, Eyrolles","og_description":"Ce guide fait le point sur le concept de d\u00e9veloppement durable : il en retrace l'histoire et le d\u00e9crit dans ses diff\u00e9rents aspects.","og_url":"https:\/\/ksapa.org\/fr\/mobiliser\/publications\/le-developpement-durable-au-quotidien\/","og_site_name":"Ksapa - fr","article_modified_time":"2021-06-08T18:01:22+00:00","og_image":[{"width":1691,"height":1124,"url":"https:\/\/ksapa.org\/fr\/wp-content\/uploads\/sites\/1\/2019\/02\/developpement-durable-au-quotidien.jpg","type":"image\/jpeg"}],"twitter_card":"summary_large_image","twitter_site":"@KsapaOrg","twitter_misc":{"Dur\u00e9e de lecture estim\u00e9e":"1 minute"},"schema":{"@context":"https:\/\/schema.org","@graph":[{"@type":"WebPage","@id":"https:\/\/ksapa.org\/fr\/mobiliser\/publications\/le-developpement-durable-au-quotidien\/","url":"https:\/\/ksapa.org\/fr\/mobiliser\/publications\/le-developpement-durable-au-quotidien\/","name":"Farid Baddache, le d\u00e9veloppement durable au quotidien, Eyrolles","isPartOf":{"@id":"https:\/\/ksapa.org\/fr\/#website"},"primaryImageOfPage":{"@id":"https:\/\/ksapa.org\/fr\/mobiliser\/publications\/le-developpement-durable-au-quotidien\/#primaryimage"},"image":{"@id":"https:\/\/ksapa.org\/fr\/mobiliser\/publications\/le-developpement-durable-au-quotidien\/#primaryimage"},"thumbnailUrl":"https:\/\/ksapa.org\/fr\/wp-content\/uploads\/sites\/1\/2019\/02\/developpement-durable-au-quotidien.jpg","datePublished":"2019-02-13T21:13:08+00:00","dateModified":"2021-06-08T18:01:22+00:00","description":"Ce guide fait le point sur le concept de d\u00e9veloppement durable : il en retrace l'histoire et le d\u00e9crit dans ses diff\u00e9rents aspects.","breadcrumb":{"@id":"https:\/\/ksapa.org\/fr\/mobiliser\/publications\/le-developpement-durable-au-quotidien\/#breadcrumb"},"inLanguage":"fr-FR","potentialAction":[{"@type":"ReadAction","target":["https:\/\/ksapa.org\/fr\/mobiliser\/publications\/le-developpement-durable-au-quotidien\/"]}]},{"@type":"ImageObject","inLanguage":"fr-FR","@id":"https:\/\/ksapa.org\/fr\/mobiliser\/publications\/le-developpement-durable-au-quotidien\/#primaryimage","url":"https:\/\/ksapa.org\/fr\/wp-content\/uploads\/sites\/1\/2019\/02\/developpement-durable-au-quotidien.jpg","contentUrl":"https:\/\/ksapa.org\/fr\/wp-content\/uploads\/sites\/1\/2019\/02\/developpement-durable-au-quotidien.jpg","width":1691,"height":1124,"caption":"Le d\u00e9veloppement durable au quotidien, avec Ademe, Farid Baddache, Eyrolles"},{"@type":"BreadcrumbList","@id":"https:\/\/ksapa.org\/fr\/mobiliser\/publications\/le-developpement-durable-au-quotidien\/#breadcrumb","itemListElement":[{"@type":"ListItem","position":1,"name":"Home","item":"https:\/\/ksapa.org\/fr\/"},{"@type":"ListItem","position":2,"name":"Mobiliser","item":"https:\/\/ksapa.org\/fr\/mobiliser\/"},{"@type":"ListItem","position":3,"name":"Publications","item":"https:\/\/ksapa.org\/fr\/mobiliser\/publications\/"},{"@type":"ListItem","position":4,"name":"Le d\u00e9veloppement durable au quotidien"}]},{"@type":"WebSite","@id":"https:\/\/ksapa.org\/fr\/#website","url":"https:\/\/ksapa.org\/fr\/","name":"Ksapa - fr","description":"","publisher":{"@id":"https:\/\/ksapa.org\/fr\/#organization"},"potentialAction":[{"@type":"SearchAction","target":{"@type":"EntryPoint","urlTemplate":"https:\/\/ksapa.org\/fr\/?s={search_term_string}"},"query-input":{"@type":"PropertyValueSpecification","valueRequired":true,"valueName":"search_term_string"}}],"inLanguage":"fr-FR"},{"@type":"Organization","@id":"https:\/\/ksapa.org\/fr\/#organization","name":"ksapa","url":"https:\/\/ksapa.org\/fr\/","logo":{"@type":"ImageObject","inLanguage":"fr-FR","@id":"https:\/\/ksapa.org\/fr\/#\/schema\/logo\/image\/","url":"https:\/\/ksapa.org\/fr\/wp-content\/uploads\/sites\/1\/2019\/06\/icone-ksapa.jpg","contentUrl":"https:\/\/ksapa.org\/fr\/wp-content\/uploads\/sites\/1\/2019\/06\/icone-ksapa.jpg","width":"442","height":"421","caption":"ksapa"},"image":{"@id":"https:\/\/ksapa.org\/fr\/#\/schema\/logo\/image\/"},"sameAs":["https:\/\/x.com\/KsapaOrg"]}]}},"_links":{"self":[{"href":"https:\/\/ksapa.org\/fr\/wp-json\/wp\/v2\/pages\/151","targetHints":{"allow":["GET"]}}],"collection":[{"href":"https:\/\/ksapa.org\/fr\/wp-json\/wp\/v2\/pages"}],"about":[{"href":"https:\/\/ksapa.org\/fr\/wp-json\/wp\/v2\/types\/page"}],"author":[{"embeddable":true,"href":"https:\/\/ksapa.org\/fr\/wp-json\/wp\/v2\/users\/1"}],"replies":[{"embeddable":true,"href":"https:\/\/ksapa.org\/fr\/wp-json\/wp\/v2\/comments?post=151"}],"version-history":[{"count":1,"href":"https:\/\/ksapa.org\/fr\/wp-json\/wp\/v2\/pages\/151\/revisions"}],"predecessor-version":[{"id":2457,"href":"https:\/\/ksapa.org\/fr\/wp-json\/wp\/v2\/pages\/151\/revisions\/2457"}],"up":[{"embeddable":true,"href":"https:\/\/ksapa.org\/fr\/wp-json\/wp\/v2\/pages\/141"}],"wp:featuredmedia":[{"embeddable":true,"href":"https:\/\/ksapa.org\/fr\/wp-json\/wp\/v2\/media\/164"}],"wp:attachment":[{"href":"https:\/\/ksapa.org\/fr\/wp-json\/wp\/v2\/media?parent=151"}],"curies":[{"name":"wp","href":"https:\/\/api.w.org\/{rel}","templated":true}]}}