{"id":1510,"date":"2020-01-13T16:46:55","date_gmt":"2020-01-13T15:46:55","guid":{"rendered":"https:\/\/ksapa.org\/fr\/?page_id=1510"},"modified":"2021-10-14T16:44:32","modified_gmt":"2021-10-14T15:44:32","slug":"newsletters-des-mois-precedents","status":"publish","type":"page","link":"https:\/\/ksapa.org\/fr\/mobiliser\/newsletter\/newsletters-des-mois-precedents\/","title":{"rendered":"Newsletters des mois pr\u00e9c\u00e9dents"},"content":{"rendered":"\n\n  <div class=\"banner has-hover\" id=\"banner-977224105\">\n          <div class=\"banner-inner fill\">\n        <div class=\"banner-bg fill\" >\n            <div class=\"bg fill bg-fill \"><\/div>\n                        <div class=\"overlay\"><\/div>            \n                    <\/div>\n        <div class=\"banner-layers container\">\n            <div class=\"fill banner-link\"><\/div>            \n\n   <div id=\"text-box-1439961779\" class=\"text-box banner-layer x50 md-x50 lg-x50 y50 md-y50 lg-y50 res-text\">\n                                <div class=\"text-box-content text dark\">\n              \n              <div class=\"text-inner text-center\">\n                  \n\n<h1 class=\"uppercase\"><strong>Newsletters pass\u00e9es<br><\/strong><\/h1>\n<p>Explorez les newsletters des mois pr\u00e9c\u00e9dents<\/p>\n\n              <\/div>\n           <\/div>\n                            \n<style>\n#text-box-1439961779 {\n  width: 60%;\n}\n#text-box-1439961779 .text-box-content {\n  font-size: 100%;\n}\n<\/style>\n    <\/div>\n \n\n        <\/div>\n      <\/div>\n\n            \n<style>\n#banner-977224105 {\n  padding-top: 350px;\n}\n#banner-977224105 .bg.bg-loaded {\n  background-image: url(https:\/\/ksapa.org\/fr\/wp-content\/uploads\/sites\/1\/2019\/06\/newsletter-ksapa.jpg);\n}\n#banner-977224105 .overlay {\n  background-color: rgba(0, 0, 0, 0.7);\n}\n#banner-977224105 .bg {\n  background-position: 2% 25%;\n}\n<\/style>\n  <\/div>\n\n\n<div class=\"row\"  id=\"row-1308971346\">\n\n\n\t<div id=\"col-878119997\" class=\"col small-12 large-12\"  >\n\t\t\t\t<div class=\"col-inner\"  >\n\t\t\t\n\t\t\t\n\n<p>Vous trouverez ci-dessous nos newsletters pass\u00e9es. <a href=\"https:\/\/ksapa.org\/fr\/mobiliser\/newsletter\/\">Cliquez-ici pour vous inscrire \u00e0 notre newsletter<\/a>.<\/p>\n\n\t\t<\/div>\n\t\t\t\t\t<\/div>\n\n\t\n\n<\/div>\n\t<section class=\"section\" id=\"section_532832762\">\n\t\t<div class=\"bg section-bg fill bg-fill  bg-loaded\" >\n\n\t\t\t\n\t\t\t\n\t\t\t\n\n\t\t<\/div>\n\n\t\t<div class=\"section-content relative\">\n\t\t\t\n\n<div class=\"container section-title-container\" style=\"max-width:1350px;\"><h3 class=\"section-title section-title-center\"><b><\/b><span class=\"section-title-main\" >Newsletters pr\u00e9c\u00e9dentes<\/span><b><\/b><\/h3><\/div>\n\n<div class=\"row\"  id=\"row-898028881\">\n\n\n\t<div id=\"col-1304232767\" class=\"col small-12 large-12\"  >\n\t\t\t\t<div class=\"col-inner\"  >\n\t\t\t\n\t\t\t\n\n\n\n<script language=\"javascript\" src=\"\/\/ksapa.us3.list-manage.com\/generate-js\/?u=a9215f7d810f542dae254be41&amp;fid=28822&amp;show=10\" type=\"text\/javascript\"><\/script>\n\n\n\t\t<\/div>\n\t\t\t\t\t<\/div>\n\n\t\n\n<\/div>\n\n\t\t<\/div>\n\n\t\t\n<style>\n#section_532832762 {\n  padding-top: 30px;\n  padding-bottom: 30px;\n}\n<\/style>\n\t<\/section>\n\t\n\t<section class=\"section\" id=\"section_988414861\">\n\t\t<div class=\"bg section-bg fill bg-fill  bg-loaded\" >\n\n\t\t\t\n\t\t\t\n\t\t\t\n\n\t\t<\/div>\n\n\t\t<div class=\"section-content relative\">\n\t\t\t\n\n<div class=\"container section-title-container\" style=\"max-width:1350px;\"><h3 class=\"section-title section-title-center\"><b><\/b><span class=\"section-title-main\" >Editions plus anciennes<\/span><b><\/b><\/h3><\/div>\n\n<div class=\"row\" style=\"max-width:1350px\" id=\"row-971981767\">\n\n\n\t<div id=\"col-609419912\" class=\"col small-12 large-12\"  >\n\t\t\t\t<div class=\"col-inner\"  >\n\t\t\t\n\t\t\t\n\n<div class=\"accordion\" rel=\"\">\n\n<div class=\"accordion-item\"><a href=\"#\" class=\"accordion-title plain\"><button class=\"toggle\"><i class=\"icon-angle-down\"><\/i><\/button><span>Septembre 2021<\/span><\/a><div class=\"accordion-inner\">\n\n\n<!-- iframe plugin v.6.0 wordpress.org\/plugins\/iframe\/ -->\n<iframe src=\"https:\/\/x0t7x.mjt.lu\/nl2\/x0t7x\/5r8lw.html?hl=fr\" height=\"750\" width=\"100%\" scrolling=\"yes\" class=\"iframe-class\" frameborder=\"0\"><\/iframe>\n\n\n<\/div><\/div>\n<div class=\"accordion-item\"><a href=\"#\" class=\"accordion-title plain\"><button class=\"toggle\"><i class=\"icon-angle-down\"><\/i><\/button><span>Juillet 2021<\/span><\/a><div class=\"accordion-inner\">\n\n\n<!-- iframe plugin v.6.0 wordpress.org\/plugins\/iframe\/ -->\n<iframe src=\"https:\/\/x0t7x.mjt.lu\/nl2\/x0t7x\/5r7hu.html?hl=fr\" height=\"750\" width=\"100%\" scrolling=\"yes\" class=\"iframe-class\" frameborder=\"0\"><\/iframe>\n\n\n<\/div><\/div>\n<div class=\"accordion-item\"><a href=\"#\" class=\"accordion-title plain\"><button class=\"toggle\"><i class=\"icon-angle-down\"><\/i><\/button><span>Juin 2021<\/span><\/a><div class=\"accordion-inner\">\n\n\n<!-- iframe plugin v.6.0 wordpress.org\/plugins\/iframe\/ -->\n<iframe src=\"https:\/\/x0t7x.mjt.lu\/nl2\/x0t7x\/5r75j.html?hl=fr\" height=\"750\" width=\"100%\" scrolling=\"yes\" class=\"iframe-class\" frameborder=\"0\"><\/iframe>\n\n\n<\/div><\/div>\n<div class=\"accordion-item\"><a href=\"#\" class=\"accordion-title plain\"><button class=\"toggle\"><i class=\"icon-angle-down\"><\/i><\/button><span>Mai 2021<\/span><\/a><div class=\"accordion-inner\">\n\n\n<!-- iframe plugin v.6.0 wordpress.org\/plugins\/iframe\/ -->\n<iframe src=\"https:\/\/x0t7x.mjt.lu\/nl2\/x0t7x\/5r7x5.html?hl=fr\" height=\"750\" width=\"100%\" scrolling=\"yes\" class=\"iframe-class\" frameborder=\"0\"><\/iframe>\n\n\n<\/div><\/div>\n<div class=\"accordion-item\"><a href=\"#\" class=\"accordion-title plain\"><button class=\"toggle\"><i class=\"icon-angle-down\"><\/i><\/button><span>Avril 2021<\/span><\/a><div class=\"accordion-inner\">\n\n\n<!-- iframe plugin v.6.0 wordpress.org\/plugins\/iframe\/ -->\n<iframe src=\"https:\/\/x0t7x.mjt.lu\/nl2\/x0t7x\/5rrnz.html?hl=fr\" height=\"750\" width=\"100%\" scrolling=\"yes\" class=\"iframe-class\" frameborder=\"0\"><\/iframe>\n\n\n<\/div><\/div>\n<div class=\"accordion-item\"><a href=\"#\" class=\"accordion-title plain\"><button class=\"toggle\"><i class=\"icon-angle-down\"><\/i><\/button><span>Mars 2021<\/span><\/a><div class=\"accordion-inner\">\n\n\n<!-- iframe plugin v.6.0 wordpress.org\/plugins\/iframe\/ -->\n<iframe src=\"https:\/\/x0t7x.mjt.lu\/nl2\/x0t7x\/5rrz2.html?hl=fr\" height=\"750\" width=\"100%\" scrolling=\"yes\" class=\"iframe-class\" frameborder=\"0\"><\/iframe>\n\n\n<\/div><\/div>\n<div class=\"accordion-item\"><a href=\"#\" class=\"accordion-title plain\"><button class=\"toggle\"><i class=\"icon-angle-down\"><\/i><\/button><span>F\u00e9vrier 2021<\/span><\/a><div class=\"accordion-inner\">\n\n\n<!-- iframe plugin v.6.0 wordpress.org\/plugins\/iframe\/ -->\n<iframe src=\"https:\/\/x0t7x.mjt.lu\/nl2\/x0t7x\/5rrl9.html?hl=fr\" height=\"750\" width=\"100%\" scrolling=\"yes\" class=\"iframe-class\" frameborder=\"0\"><\/iframe>\n\n\n<\/div><\/div>\n<div class=\"accordion-item\"><a href=\"#\" class=\"accordion-title plain\"><button class=\"toggle\"><i class=\"icon-angle-down\"><\/i><\/button><span>Janvier 2021<\/span><\/a><div class=\"accordion-inner\">\n\n\n<!-- iframe plugin v.6.0 wordpress.org\/plugins\/iframe\/ -->\n<iframe src=\"https:\/\/x0t7x.mjt.lu\/nl2\/x0t7x\/5rq9p.html?hl=fr\" height=\"750\" width=\"100%\" scrolling=\"yes\" class=\"iframe-class\" frameborder=\"0\"><\/iframe>\n\n\n<\/div><\/div>\n<div class=\"accordion-item\"><a href=\"#\" class=\"accordion-title plain\"><button class=\"toggle\"><i class=\"icon-angle-down\"><\/i><\/button><span>D\u00e9cembre 2020<\/span><\/a><div class=\"accordion-inner\">\n\n\n<!-- iframe plugin v.6.0 wordpress.org\/plugins\/iframe\/ -->\n<iframe src=\"https:\/\/x0t7x.mjt.lu\/nl2\/x0t7x\/5rqk7.html?hl=fr\" height=\"750\" width=\"100%\" scrolling=\"yes\" class=\"iframe-class\" frameborder=\"0\"><\/iframe>\n\n\n<\/div><\/div>\n<div class=\"accordion-item\"><a href=\"#\" class=\"accordion-title plain\"><button class=\"toggle\"><i class=\"icon-angle-down\"><\/i><\/button><span>Novembre 2020<\/span><\/a><div class=\"accordion-inner\">\n\n\n<!-- iframe plugin v.6.0 wordpress.org\/plugins\/iframe\/ -->\n<iframe src=\"https:\/\/x0t7x.mjt.lu\/nl2\/x0t7x\/5rqun.html?hl=fr\" height=\"750\" width=\"100%\" scrolling=\"yes\" class=\"iframe-class\" frameborder=\"0\"><\/iframe>\n\n\n<\/div><\/div>\n<div class=\"accordion-item\"><a href=\"#\" class=\"accordion-title plain\"><button class=\"toggle\"><i class=\"icon-angle-down\"><\/i><\/button><span>Octobre 2020<\/span><\/a><div class=\"accordion-inner\">\n\n\n<!-- iframe plugin v.6.0 wordpress.org\/plugins\/iframe\/ -->\n<iframe src=\"https:\/\/x0t7x.mjt.lu\/nl2\/x0t7x\/5rq33.html?hl=fr\" height=\"750\" width=\"100%\" scrolling=\"yes\" class=\"iframe-class\" frameborder=\"0\"><\/iframe>\n\n\n<\/div><\/div>\n<div class=\"accordion-item\"><a href=\"#\" class=\"accordion-title plain\"><button class=\"toggle\"><i class=\"icon-angle-down\"><\/i><\/button><span>Septembre 2020<\/span><\/a><div class=\"accordion-inner\">\n\n\n<!-- iframe plugin v.6.0 wordpress.org\/plugins\/iframe\/ -->\n<iframe src=\"https:\/\/x0t7x.mjt.lu\/nl2\/x0t7x\/5rq01.html?hl=fr\" height=\"750\" width=\"100%\" scrolling=\"yes\" class=\"iframe-class\" frameborder=\"0\"><\/iframe>\n\n\n<\/div><\/div>\n<div class=\"accordion-item\"><a href=\"#\" class=\"accordion-title plain\"><button class=\"toggle\"><i class=\"icon-angle-down\"><\/i><\/button><span>Juillet 2020<\/span><\/a><div class=\"accordion-inner\">\n\n\n<!-- iframe plugin v.6.0 wordpress.org\/plugins\/iframe\/ -->\n<iframe src=\"https:\/\/x0t7x.mjt.lu\/nl2\/x0t7x\/5rni7.html?hl=fr\" height=\"750\" width=\"100%\" scrolling=\"yes\" class=\"iframe-class\" frameborder=\"0\"><\/iframe>\n\n\n<\/div><\/div>\n<div class=\"accordion-item\"><a href=\"#\" class=\"accordion-title plain\"><button class=\"toggle\"><i class=\"icon-angle-down\"><\/i><\/button><span>Juin 2020<\/span><\/a><div class=\"accordion-inner\">\n\n\n<!-- iframe plugin v.6.0 wordpress.org\/plugins\/iframe\/ -->\n<iframe src=\"https:\/\/x0t7x.mjt.lu\/nl2\/x0t7x\/5rn56.html?hl=fr\" height=\"750\" width=\"100%\" scrolling=\"yes\" class=\"iframe-class\" frameborder=\"0\"><\/iframe>\n\n\n<\/div><\/div>\n<div class=\"accordion-item\"><a href=\"#\" class=\"accordion-title plain\"><button class=\"toggle\"><i class=\"icon-angle-down\"><\/i><\/button><span>Mai 2020<\/span><\/a><div class=\"accordion-inner\">\n\n\n<!-- iframe plugin v.6.0 wordpress.org\/plugins\/iframe\/ -->\n<iframe src=\"https:\/\/x0t7x.mjt.lu\/nl2\/x0t7x\/5rnl5.html?hl=fr\" height=\"750\" width=\"100%\" scrolling=\"yes\" class=\"iframe-class\" frameborder=\"0\"><\/iframe>\n\n\n<\/div><\/div>\n<div class=\"accordion-item\"><a href=\"#\" class=\"accordion-title plain\"><button class=\"toggle\"><i class=\"icon-angle-down\"><\/i><\/button><span>Avril 2020<\/span><\/a><div class=\"accordion-inner\">\n\n\n<!-- iframe plugin v.6.0 wordpress.org\/plugins\/iframe\/ -->\n<iframe src=\"https:\/\/x0t7x.mjt.lu\/nl2\/x0t7x\/5rk86.html?hl=fr\" height=\"750\" width=\"100%\" scrolling=\"yes\" class=\"iframe-class\" frameborder=\"0\"><\/iframe>\n\n\n<\/div><\/div>\n<div class=\"accordion-item\"><a href=\"#\" class=\"accordion-title plain\"><button class=\"toggle\"><i class=\"icon-angle-down\"><\/i><\/button><span>Mars 2020<\/span><\/a><div class=\"accordion-inner\">\n\n\n<!-- iframe plugin v.6.0 wordpress.org\/plugins\/iframe\/ -->\n<iframe src=\"https:\/\/x0t7x.mjt.lu\/nl2\/x0t7x\/5rkg8.html?hl=fr\" height=\"750\" width=\"100%\" scrolling=\"yes\" class=\"iframe-class\" frameborder=\"0\"><\/iframe>\n\n\n<\/div><\/div>\n<div class=\"accordion-item\"><a href=\"#\" class=\"accordion-title plain\"><button class=\"toggle\"><i class=\"icon-angle-down\"><\/i><\/button><span>F\u00e9vrier 2020<\/span><\/a><div class=\"accordion-inner\">\n\n\n<!-- iframe plugin v.6.0 wordpress.org\/plugins\/iframe\/ -->\n<iframe src=\"https:\/\/x0t7x.mjt.lu\/nl2\/x0t7x\/5rk43.html?hl=fr\" height=\"750\" width=\"100%\" scrolling=\"yes\" class=\"iframe-class\" frameborder=\"0\"><\/iframe>\n\n\n<\/div><\/div>\n<div class=\"accordion-item\"><a href=\"#\" class=\"accordion-title plain\"><button class=\"toggle\"><i class=\"icon-angle-down\"><\/i><\/button><span>Janvier 2020<\/span><\/a><div class=\"accordion-inner\">\n\n\n<!-- iframe plugin v.6.0 wordpress.org\/plugins\/iframe\/ -->\n<iframe src=\"https:\/\/x0t7x.mjt.lu\/nl2\/x0t7x\/5rj9k.html?hl=fr\" height=\"750\" width=\"100%\" scrolling=\"yes\" class=\"iframe-class\" frameborder=\"0\"><\/iframe>\n\n\n<\/div><\/div>\n<div class=\"accordion-item\"><a href=\"#\" class=\"accordion-title plain\"><button class=\"toggle\"><i class=\"icon-angle-down\"><\/i><\/button><span>D\u00e9cembre 2019<\/span><\/a><div class=\"accordion-inner\">\n\n\n<!-- iframe plugin v.6.0 wordpress.org\/plugins\/iframe\/ -->\n<iframe src=\"https:\/\/x0t7x.mjt.lu\/nl2\/x0t7x\/5rjg4.html?hl=fr%20\" height=\"750\" width=\"100%\" scrolling=\"yes\" class=\"iframe-class\" frameborder=\"0\"><\/iframe>\n\n\n<\/div><\/div>\n<div class=\"accordion-item\"><a href=\"#\" class=\"accordion-title plain\"><button class=\"toggle\"><i class=\"icon-angle-down\"><\/i><\/button><span>Novembre 2019<\/span><\/a><div class=\"accordion-inner\">\n\n\n<!-- iframe plugin v.6.0 wordpress.org\/plugins\/iframe\/ -->\n<iframe src=\"https:\/\/x0t7x.mjt.lu\/nl2\/x0t7x\/5rjmu.html?hl=fr\" height=\"750\" width=\"100%\" scrolling=\"yes\" class=\"iframe-class\" frameborder=\"0\"><\/iframe>\n\n\n<\/div><\/div>\n<div class=\"accordion-item\"><a href=\"#\" class=\"accordion-title plain\"><button class=\"toggle\"><i class=\"icon-angle-down\"><\/i><\/button><span>Octobre 2019<\/span><\/a><div class=\"accordion-inner\">\n\n\n<!-- iframe plugin v.6.0 wordpress.org\/plugins\/iframe\/ -->\n<iframe src=\"https:\/\/x0t7x.mjt.lu\/nl2\/x0t7x\/5rioq.html?hl=fr\" height=\"750\" width=\"100%\" scrolling=\"yes\" class=\"iframe-class\" frameborder=\"0\"><\/iframe>\n\n\n<\/div><\/div>\n<div class=\"accordion-item\"><a href=\"#\" class=\"accordion-title plain\"><button class=\"toggle\"><i class=\"icon-angle-down\"><\/i><\/button><span>Septembre 2019<\/span><\/a><div class=\"accordion-inner\">\n\n\n<!-- iframe plugin v.6.0 wordpress.org\/plugins\/iframe\/ -->\n<iframe src=\"https:\/\/x0t7x.mjt.lu\/nl2\/x0t7x\/5rh99.html?hl=fr\" height=\"750\" width=\"100%\" scrolling=\"yes\" class=\"iframe-class\" frameborder=\"0\"><\/iframe>\n\n\n<\/div><\/div>\n\n<\/div>\n\n\t\t<\/div>\n\t\t\t\t\t<\/div>\n\n\t\n\n<\/div>\n\n\t\t<\/div>\n\n\t\t\n<style>\n#section_988414861 {\n  padding-top: 30px;\n  padding-bottom: 30px;\n}\n<\/style>\n\t<\/section>\n\t\n","protected":false},"excerpt":{"rendered":"","protected":false},"author":55,"featured_media":0,"parent":521,"menu_order":0,"comment_status":"closed","ping_status":"closed","template":"page-blank.php","meta":{"footnotes":""},"class_list":["post-1510","page","type-page","status-publish","hentry"],"yoast_head":"<!-- This site is optimized with the Yoast SEO plugin v27.3 - https:\/\/yoast.com\/product\/yoast-seo-wordpress\/ -->\n<title>Ksapa - fr - Pr\u00e9c\u00e9dentes Newsletters<\/title>\n<meta name=\"description\" content=\"Ksapa est une entreprise \u00e0 mission. Nous contribuons ainsi \u00e0 mobiliser un nombre croissant d\u2019acteurs et \u00e0 r\u00e9aliser les ODD d\u2019ici \u00e0 2030 via nos activit\u00e9s de blogs, rapports, \u00e9v\u00e9nements et webinaires. Suivez nos activit\u00e9s avec notre newsletter\" \/>\n<meta name=\"robots\" content=\"index, follow, max-snippet:-1, max-image-preview:large, max-video-preview:-1\" \/>\n<link rel=\"canonical\" href=\"https:\/\/ksapa.org\/fr\/mobiliser\/newsletter\/newsletters-des-mois-precedents\/\" \/>\n<meta property=\"og:locale\" content=\"fr_FR\" \/>\n<meta property=\"og:type\" content=\"article\" \/>\n<meta property=\"og:title\" content=\"Ksapa - fr - Pr\u00e9c\u00e9dentes Newsletters\" \/>\n<meta property=\"og:description\" content=\"Ksapa est une entreprise \u00e0 mission. Nous contribuons ainsi \u00e0 mobiliser un nombre croissant d\u2019acteurs et \u00e0 r\u00e9aliser les ODD d\u2019ici \u00e0 2030 via nos activit\u00e9s de blogs, rapports, \u00e9v\u00e9nements et webinaires. Suivez nos activit\u00e9s avec notre newsletter\" \/>\n<meta property=\"og:url\" content=\"https:\/\/ksapa.org\/fr\/mobiliser\/newsletter\/newsletters-des-mois-precedents\/\" \/>\n<meta property=\"og:site_name\" content=\"Ksapa - fr\" \/>\n<meta property=\"article:modified_time\" content=\"2021-10-14T15:44:32+00:00\" \/>\n<meta name=\"twitter:card\" content=\"summary_large_image\" \/>\n<meta name=\"twitter:site\" content=\"@KsapaOrg\" \/>\n<meta name=\"twitter:label1\" content=\"Dur\u00e9e de lecture estim\u00e9e\" \/>\n\t<meta name=\"twitter:data1\" content=\"3 minutes\" \/>\n<script type=\"application\/ld+json\" class=\"yoast-schema-graph\">{\"@context\":\"https:\\\/\\\/schema.org\",\"@graph\":[{\"@type\":\"WebPage\",\"@id\":\"https:\\\/\\\/ksapa.org\\\/fr\\\/mobiliser\\\/newsletter\\\/newsletters-des-mois-precedents\\\/\",\"url\":\"https:\\\/\\\/ksapa.org\\\/fr\\\/mobiliser\\\/newsletter\\\/newsletters-des-mois-precedents\\\/\",\"name\":\"Ksapa - fr - Pr\u00e9c\u00e9dentes Newsletters\",\"isPartOf\":{\"@id\":\"https:\\\/\\\/ksapa.org\\\/fr\\\/#website\"},\"datePublished\":\"2020-01-13T15:46:55+00:00\",\"dateModified\":\"2021-10-14T15:44:32+00:00\",\"description\":\"Ksapa est une entreprise \u00e0 mission. Nous contribuons ainsi \u00e0 mobiliser un nombre croissant d\u2019acteurs et \u00e0 r\u00e9aliser les ODD d\u2019ici \u00e0 2030 via nos activit\u00e9s de blogs, rapports, \u00e9v\u00e9nements et webinaires. Suivez nos activit\u00e9s avec notre newsletter\",\"breadcrumb\":{\"@id\":\"https:\\\/\\\/ksapa.org\\\/fr\\\/mobiliser\\\/newsletter\\\/newsletters-des-mois-precedents\\\/#breadcrumb\"},\"inLanguage\":\"fr-FR\",\"potentialAction\":[{\"@type\":\"ReadAction\",\"target\":[\"https:\\\/\\\/ksapa.org\\\/fr\\\/mobiliser\\\/newsletter\\\/newsletters-des-mois-precedents\\\/\"]}]},{\"@type\":\"BreadcrumbList\",\"@id\":\"https:\\\/\\\/ksapa.org\\\/fr\\\/mobiliser\\\/newsletter\\\/newsletters-des-mois-precedents\\\/#breadcrumb\",\"itemListElement\":[{\"@type\":\"ListItem\",\"position\":1,\"name\":\"Home\",\"item\":\"https:\\\/\\\/ksapa.org\\\/fr\\\/\"},{\"@type\":\"ListItem\",\"position\":2,\"name\":\"Mobiliser\",\"item\":\"https:\\\/\\\/ksapa.org\\\/fr\\\/mobiliser\\\/\"},{\"@type\":\"ListItem\",\"position\":3,\"name\":\"Newsletter ESG mensuelle\",\"item\":\"https:\\\/\\\/ksapa.org\\\/fr\\\/mobiliser\\\/newsletter\\\/\"},{\"@type\":\"ListItem\",\"position\":4,\"name\":\"Newsletters des mois pr\u00e9c\u00e9dents\"}]},{\"@type\":\"WebSite\",\"@id\":\"https:\\\/\\\/ksapa.org\\\/fr\\\/#website\",\"url\":\"https:\\\/\\\/ksapa.org\\\/fr\\\/\",\"name\":\"Ksapa - fr\",\"description\":\"\",\"publisher\":{\"@id\":\"https:\\\/\\\/ksapa.org\\\/fr\\\/#organization\"},\"potentialAction\":[{\"@type\":\"SearchAction\",\"target\":{\"@type\":\"EntryPoint\",\"urlTemplate\":\"https:\\\/\\\/ksapa.org\\\/fr\\\/?s={search_term_string}\"},\"query-input\":{\"@type\":\"PropertyValueSpecification\",\"valueRequired\":true,\"valueName\":\"search_term_string\"}}],\"inLanguage\":\"fr-FR\"},{\"@type\":\"Organization\",\"@id\":\"https:\\\/\\\/ksapa.org\\\/fr\\\/#organization\",\"name\":\"ksapa\",\"url\":\"https:\\\/\\\/ksapa.org\\\/fr\\\/\",\"logo\":{\"@type\":\"ImageObject\",\"inLanguage\":\"fr-FR\",\"@id\":\"https:\\\/\\\/ksapa.org\\\/fr\\\/#\\\/schema\\\/logo\\\/image\\\/\",\"url\":\"https:\\\/\\\/ksapa.org\\\/fr\\\/wp-content\\\/uploads\\\/sites\\\/1\\\/2019\\\/06\\\/icone-ksapa.jpg\",\"contentUrl\":\"https:\\\/\\\/ksapa.org\\\/fr\\\/wp-content\\\/uploads\\\/sites\\\/1\\\/2019\\\/06\\\/icone-ksapa.jpg\",\"width\":\"442\",\"height\":\"421\",\"caption\":\"ksapa\"},\"image\":{\"@id\":\"https:\\\/\\\/ksapa.org\\\/fr\\\/#\\\/schema\\\/logo\\\/image\\\/\"},\"sameAs\":[\"https:\\\/\\\/x.com\\\/KsapaOrg\"]}]}<\/script>\n<!-- \/ Yoast SEO plugin. -->","yoast_head_json":{"title":"Ksapa - fr - Pr\u00e9c\u00e9dentes Newsletters","description":"Ksapa est une entreprise \u00e0 mission. Nous contribuons ainsi \u00e0 mobiliser un nombre croissant d\u2019acteurs et \u00e0 r\u00e9aliser les ODD d\u2019ici \u00e0 2030 via nos activit\u00e9s de blogs, rapports, \u00e9v\u00e9nements et webinaires. Suivez nos activit\u00e9s avec notre newsletter","robots":{"index":"index","follow":"follow","max-snippet":"max-snippet:-1","max-image-preview":"max-image-preview:large","max-video-preview":"max-video-preview:-1"},"canonical":"https:\/\/ksapa.org\/fr\/mobiliser\/newsletter\/newsletters-des-mois-precedents\/","og_locale":"fr_FR","og_type":"article","og_title":"Ksapa - fr - Pr\u00e9c\u00e9dentes Newsletters","og_description":"Ksapa est une entreprise \u00e0 mission. Nous contribuons ainsi \u00e0 mobiliser un nombre croissant d\u2019acteurs et \u00e0 r\u00e9aliser les ODD d\u2019ici \u00e0 2030 via nos activit\u00e9s de blogs, rapports, \u00e9v\u00e9nements et webinaires. Suivez nos activit\u00e9s avec notre newsletter","og_url":"https:\/\/ksapa.org\/fr\/mobiliser\/newsletter\/newsletters-des-mois-precedents\/","og_site_name":"Ksapa - fr","article_modified_time":"2021-10-14T15:44:32+00:00","twitter_card":"summary_large_image","twitter_site":"@KsapaOrg","twitter_misc":{"Dur\u00e9e de lecture estim\u00e9e":"3 minutes"},"schema":{"@context":"https:\/\/schema.org","@graph":[{"@type":"WebPage","@id":"https:\/\/ksapa.org\/fr\/mobiliser\/newsletter\/newsletters-des-mois-precedents\/","url":"https:\/\/ksapa.org\/fr\/mobiliser\/newsletter\/newsletters-des-mois-precedents\/","name":"Ksapa - fr - Pr\u00e9c\u00e9dentes Newsletters","isPartOf":{"@id":"https:\/\/ksapa.org\/fr\/#website"},"datePublished":"2020-01-13T15:46:55+00:00","dateModified":"2021-10-14T15:44:32+00:00","description":"Ksapa est une entreprise \u00e0 mission. Nous contribuons ainsi \u00e0 mobiliser un nombre croissant d\u2019acteurs et \u00e0 r\u00e9aliser les ODD d\u2019ici \u00e0 2030 via nos activit\u00e9s de blogs, rapports, \u00e9v\u00e9nements et webinaires. Suivez nos activit\u00e9s avec notre newsletter","breadcrumb":{"@id":"https:\/\/ksapa.org\/fr\/mobiliser\/newsletter\/newsletters-des-mois-precedents\/#breadcrumb"},"inLanguage":"fr-FR","potentialAction":[{"@type":"ReadAction","target":["https:\/\/ksapa.org\/fr\/mobiliser\/newsletter\/newsletters-des-mois-precedents\/"]}]},{"@type":"BreadcrumbList","@id":"https:\/\/ksapa.org\/fr\/mobiliser\/newsletter\/newsletters-des-mois-precedents\/#breadcrumb","itemListElement":[{"@type":"ListItem","position":1,"name":"Home","item":"https:\/\/ksapa.org\/fr\/"},{"@type":"ListItem","position":2,"name":"Mobiliser","item":"https:\/\/ksapa.org\/fr\/mobiliser\/"},{"@type":"ListItem","position":3,"name":"Newsletter ESG mensuelle","item":"https:\/\/ksapa.org\/fr\/mobiliser\/newsletter\/"},{"@type":"ListItem","position":4,"name":"Newsletters des mois pr\u00e9c\u00e9dents"}]},{"@type":"WebSite","@id":"https:\/\/ksapa.org\/fr\/#website","url":"https:\/\/ksapa.org\/fr\/","name":"Ksapa - fr","description":"","publisher":{"@id":"https:\/\/ksapa.org\/fr\/#organization"},"potentialAction":[{"@type":"SearchAction","target":{"@type":"EntryPoint","urlTemplate":"https:\/\/ksapa.org\/fr\/?s={search_term_string}"},"query-input":{"@type":"PropertyValueSpecification","valueRequired":true,"valueName":"search_term_string"}}],"inLanguage":"fr-FR"},{"@type":"Organization","@id":"https:\/\/ksapa.org\/fr\/#organization","name":"ksapa","url":"https:\/\/ksapa.org\/fr\/","logo":{"@type":"ImageObject","inLanguage":"fr-FR","@id":"https:\/\/ksapa.org\/fr\/#\/schema\/logo\/image\/","url":"https:\/\/ksapa.org\/fr\/wp-content\/uploads\/sites\/1\/2019\/06\/icone-ksapa.jpg","contentUrl":"https:\/\/ksapa.org\/fr\/wp-content\/uploads\/sites\/1\/2019\/06\/icone-ksapa.jpg","width":"442","height":"421","caption":"ksapa"},"image":{"@id":"https:\/\/ksapa.org\/fr\/#\/schema\/logo\/image\/"},"sameAs":["https:\/\/x.com\/KsapaOrg"]}]}},"_links":{"self":[{"href":"https:\/\/ksapa.org\/fr\/wp-json\/wp\/v2\/pages\/1510","targetHints":{"allow":["GET"]}}],"collection":[{"href":"https:\/\/ksapa.org\/fr\/wp-json\/wp\/v2\/pages"}],"about":[{"href":"https:\/\/ksapa.org\/fr\/wp-json\/wp\/v2\/types\/page"}],"author":[{"embeddable":true,"href":"https:\/\/ksapa.org\/fr\/wp-json\/wp\/v2\/users\/55"}],"replies":[{"embeddable":true,"href":"https:\/\/ksapa.org\/fr\/wp-json\/wp\/v2\/comments?post=1510"}],"version-history":[{"count":19,"href":"https:\/\/ksapa.org\/fr\/wp-json\/wp\/v2\/pages\/1510\/revisions"}],"predecessor-version":[{"id":5375,"href":"https:\/\/ksapa.org\/fr\/wp-json\/wp\/v2\/pages\/1510\/revisions\/5375"}],"up":[{"embeddable":true,"href":"https:\/\/ksapa.org\/fr\/wp-json\/wp\/v2\/pages\/521"}],"wp:attachment":[{"href":"https:\/\/ksapa.org\/fr\/wp-json\/wp\/v2\/media?parent=1510"}],"curies":[{"name":"wp","href":"https:\/\/api.w.org\/{rel}","templated":true}]}}