{"id":3380,"date":"2021-05-14T17:35:13","date_gmt":"2021-05-14T16:35:13","guid":{"rendered":"https:\/\/ksapa.org\/fr\/?page_id=3380"},"modified":"2024-12-10T22:43:08","modified_gmt":"2024-12-10T21:43:08","slug":"activer","status":"publish","type":"page","link":"https:\/\/ksapa.org\/fr\/activer\/","title":{"rendered":"Activer"},"content":{"rendered":"\n\n  <div class=\"banner has-hover\" id=\"banner-1522949425\">\n          <div class=\"banner-inner fill\">\n        <div class=\"banner-bg fill\" >\n            <div class=\"bg fill bg-fill \"><\/div>\n                        <div class=\"overlay\"><\/div>            \n                    <\/div>\n        <div class=\"banner-layers container\">\n            <div class=\"fill banner-link\"><\/div>            \n\n   <div id=\"text-box-1246625562\" class=\"text-box banner-layer x50 md-x50 lg-x50 y50 md-y50 lg-y50 res-text\">\n                                <div class=\"text-box-content text dark\">\n              \n              <div class=\"text-inner text-center\">\n                  \n\n<h1 class=\"uppercase\" style=\"text-align: center;\">ActivER<\/h1>\n<div class=\"is-divider divider clearfix\" style=\"background-color:rgb(255, 255, 255);\"><\/div>\n\n\n              <\/div>\n           <\/div>\n                            \n<style>\n#text-box-1246625562 {\n  width: 100%;\n}\n#text-box-1246625562 .text-box-content {\n  font-size: 100%;\n}\n<\/style>\n    <\/div>\n \n\n        <\/div>\n      <\/div>\n\n            \n<style>\n#banner-1522949425 {\n  padding-top: 350px;\n  background-color: rgb(255,255,255);\n}\n#banner-1522949425 .bg.bg-loaded {\n  background-image: url(https:\/\/ksapa.org\/fr\/wp-content\/uploads\/sites\/1\/2021\/04\/Image1-2-scaled.jpg);\n}\n#banner-1522949425 .overlay {\n  background-color: rgba(0, 0, 0, 0.25);\n}\n#banner-1522949425 .bg {\n  background-position: 0% 50%;\n}\n<\/style>\n  <\/div>\n\n\n\t<section class=\"section\" id=\"section_1329511950\">\n\t\t<div class=\"bg section-bg fill bg-fill  bg-loaded\" >\n\n\t\t\t\n\t\t\t\n\t\t\t\n\n\t\t<\/div>\n\n\t\t<div class=\"section-content relative\">\n\t\t\t\n\n<div class=\"row\"  id=\"row-1115090215\">\n\n\n\t<div id=\"col-2095363741\" class=\"col small-12 large-12\"  >\n\t\t\t\t<div class=\"col-inner\"  >\n\t\t\t\n\t\t\t\n\n<p style=\"text-align: justify\">Ksapa est une entreprise \u00e0 mission. Notre but est de concevoir et mettre en \u0153uvre des solutions \u00e0 impact positif sur le plan social et environnemental.<\/p>\n<p style=\"text-align: justify\">Nous nous appuyons sur nos expertises dans des domaines vari\u00e9s (approvisionnement responsable &amp; durabilit\u00e9, finance &amp; investissement, solutions digitales, agronomie, etc.) et sur un r\u00e9seau international d\u2019experts et d\u2019organisations partenaires. Ensemble, nous d\u00e9veloppons des solutions innovantes, int\u00e9grant des leviers digitaux et financiers, pour coupler performance \u00e9conomique et progr\u00e8s sociaux &amp; environnementaux.<\/p>\n<p style=\"text-align: justify\">D\u00e9couvrez ici nos solutions !<\/p>\n<div class=\"text-center\"><div class=\"is-divider divider clearfix\" style=\"background-color:rgb(170, 170, 170);\"><\/div><\/div>\n\n<div class=\"row align-center\"  id=\"row-2048227724\">\n\n\n\t<div id=\"col-979673366\" class=\"col medium-4 small-12 large-4\"  >\n\t\t\t\t<div class=\"col-inner\"  >\n\t\t\t\n\t\t\t\n\n\n  <div class=\"banner has-hover bg-zoom\" id=\"banner-1994232156\">\n          <div class=\"banner-inner fill\">\n        <div class=\"banner-bg fill\" >\n            <div class=\"bg fill bg-fill \"><\/div>\n                        <div class=\"overlay\"><\/div>            \n                    <\/div>\n        <div class=\"banner-layers container\">\n            <a class=\"fill\" href=\"https:\/\/ksapa.org\/fr\/activer\/sutti-presentation\/\"  ><div class=\"fill banner-link\"><\/div><\/a>            \n\n   <div id=\"text-box-1806395717\" class=\"text-box banner-layer x50 md-x50 lg-x50 y50 md-y50 lg-y50 res-text\">\n                                <div class=\"text-box-content text dark\">\n              \n              <div class=\"text-inner text-center\">\n                  \n\n<h3 class=\"uppercase\"><a href=\"https:\/\/ksapa.org\/fr\/activer\/sutti-presentation\/\"><b>D\u00e9couvrez le programme SUTTI<\/b><\/a><\/h3>\n\n              <\/div>\n           <\/div>\n                            \n<style>\n#text-box-1806395717 {\n  width: 60%;\n}\n#text-box-1806395717 .text-box-content {\n  font-size: 150%;\n}\n<\/style>\n    <\/div>\n \n\n        <\/div>\n      <\/div>\n\n            \n<style>\n#banner-1994232156 {\n  padding-top: 200px;\n}\n#banner-1994232156 .bg.bg-loaded {\n  background-image: url(https:\/\/ksapa.org\/fr\/wp-content\/uploads\/sites\/1\/2021\/04\/rice-paddies.jpg);\n}\n#banner-1994232156 .overlay {\n  background-color: rgba(0,0,0,.5);\n}\n#banner-1994232156 .bg {\n  background-position: 67% 71%;\n}\n<\/style>\n  <\/div>\n\n\n<p style=\"text-align: center\">Mettre en place des cha\u00eenes d\u2019approvisionnement agricoles r\u00e9silientes. Passer \u00e0 l&rsquo;\u00e9chelle en mati\u00e8re de formations, tra\u00e7abilit\u00e9 et impact en s&rsquo;appuyant sur des solutions fond\u00e9es sur la nature.<\/p>\n\n\t\t<\/div>\n\t\t\t\t\t<\/div>\n\n\t\n\n\t<div id=\"col-1787370150\" class=\"col medium-4 small-12 large-4\"  >\n\t\t\t\t<div class=\"col-inner\"  >\n\t\t\t\n\t\t\t\n\n\n  <div class=\"banner has-hover bg-zoom\" id=\"banner-1180593944\">\n          <div class=\"banner-inner fill\">\n        <div class=\"banner-bg fill\" >\n            <div class=\"bg fill bg-fill \"><\/div>\n                        <div class=\"overlay\"><\/div>            \n                    <\/div>\n        <div class=\"banner-layers container\">\n            <a class=\"fill\" href=\"https:\/\/ksapa.org\/fr\/activer\/suite-digitale-sutti\/\"  ><div class=\"fill banner-link\"><\/div><\/a>            \n\n   <div id=\"text-box-1176128224\" class=\"text-box banner-layer x50 md-x50 lg-x50 y50 md-y50 lg-y50 res-text\">\n                                <div class=\"text-box-content text dark\">\n              \n              <div class=\"text-inner text-center\">\n                  \n\n<h3 class=\"uppercase\"><a href=\"https:\/\/ksapa.org\/fr\/activer\/suite-digitale-sutti\/\" data-wplink-url-error=\"true\"><b>D\u00e9couvrez la suite applicative SUTTI Digital<\/b><\/a><\/h3>\n\n              <\/div>\n           <\/div>\n                            \n<style>\n#text-box-1176128224 {\n  width: 79%;\n}\n#text-box-1176128224 .text-box-content {\n  font-size: 150%;\n}\n<\/style>\n    <\/div>\n \n\n        <\/div>\n      <\/div>\n\n            \n<style>\n#banner-1180593944 {\n  padding-top: 200px;\n}\n#banner-1180593944 .bg.bg-loaded {\n  background-image: url(https:\/\/ksapa.org\/fr\/wp-content\/uploads\/sites\/1\/2021\/05\/pexels-sorapong-chaipanya-4530774-1200x800.jpg);\n}\n#banner-1180593944 .overlay {\n  background-color: rgba(0,0,0,.5);\n}\n#banner-1180593944 .bg {\n  background-position: 9% 55%;\n}\n<\/style>\n  <\/div>\n\n\n<p style=\"text-align: center\">S\u2019appuyer sur du digital low tech pour diss\u00e9miner et inclure de larges populations fragment\u00e9es dans des programmes responsables<\/p>\n\n\t\t<\/div>\n\t\t\t\t\t<\/div>\n\n\t\n\n\t<div id=\"col-1522852255\" class=\"col medium-4 small-12 large-4\"  >\n\t\t\t\t<div class=\"col-inner\"  >\n\t\t\t\n\t\t\t\n\n\n  <div class=\"banner has-hover bg-zoom\" id=\"banner-703475285\">\n          <div class=\"banner-inner fill\">\n        <div class=\"banner-bg fill\" >\n            <div class=\"bg fill bg-fill \"><\/div>\n                        <div class=\"overlay\"><\/div>            \n                    <\/div>\n        <div class=\"banner-layers container\">\n            <a class=\"fill\" href=\"https:\/\/ksapa.org\/fr\/activer\/presentation-de-v-chet\/\"  ><div class=\"fill banner-link\"><\/div><\/a>            \n\n   <div id=\"text-box-1608732934\" class=\"text-box banner-layer x50 md-x50 lg-x50 y50 md-y50 lg-y50 res-text\">\n                                <div class=\"text-box-content text dark\">\n              \n              <div class=\"text-inner text-center\">\n                  \n\n<h3 class=\"uppercase\"><a href=\"https:\/\/ksapa.org\/fr\/activer\/presentation-de-v-chet\/\"><b>D\u00e9couvrez le programme V-CHET \u2013 Value Chain Energy Transition<\/b><\/a><\/h3>\n\n              <\/div>\n           <\/div>\n                            \n<style>\n#text-box-1608732934 {\n  width: 79%;\n}\n#text-box-1608732934 .text-box-content {\n  font-size: 150%;\n}\n<\/style>\n    <\/div>\n \n\n        <\/div>\n      <\/div>\n\n            \n<style>\n#banner-703475285 {\n  padding-top: 200px;\n}\n#banner-703475285 .bg.bg-loaded {\n  background-image: url(https:\/\/ksapa.org\/fr\/wp-content\/uploads\/sites\/1\/2021\/05\/article22.png);\n}\n#banner-703475285 .overlay {\n  background-color: rgba(0,0,0,.5);\n}\n#banner-703475285 .bg {\n  background-position: 9% 55%;\n}\n<\/style>\n  <\/div>\n\n\n<p style=\"text-align: center\">Faites passer la transition climatique de vos op\u00e9rations et cha\u00eenes de valeur \u00e0 la vitesse sup\u00e9rieure. Embarquez op\u00e9rations et fournisseurs.<\/p>\n\n\t\t<\/div>\n\t\t\t\t\t<\/div>\n\n\t\n\n<\/div>\n\n\t\t<\/div>\n\t\t\t\t\t<\/div>\n\n\t\n\n<\/div>\n\n\t\t<\/div>\n\n\t\t\n<style>\n#section_1329511950 {\n  padding-top: 30px;\n  padding-bottom: 30px;\n}\n<\/style>\n\t<\/section>\n\t\n\n","protected":false},"excerpt":{"rendered":"","protected":false},"author":81,"featured_media":581,"parent":0,"menu_order":0,"comment_status":"closed","ping_status":"closed","template":"page-blank.php","meta":{"footnotes":""},"class_list":["post-3380","page","type-page","status-publish","has-post-thumbnail","hentry"],"yoast_head":"<!-- This site is optimized with the Yoast SEO plugin v27.3 - https:\/\/yoast.com\/product\/yoast-seo-wordpress\/ -->\n<title>Ksapa - fr - Activer<\/title>\n<meta name=\"description\" content=\"Ksapa est une entreprise \u00e0 mission. Notre but est de concevoir et mettre en \u0153uvre des solutions \u00e0 impact positif sur le plan social et environnemental.\" \/>\n<meta name=\"robots\" content=\"index, follow, max-snippet:-1, max-image-preview:large, max-video-preview:-1\" \/>\n<link rel=\"canonical\" href=\"https:\/\/ksapa.org\/fr\/activer\/\" \/>\n<meta property=\"og:locale\" content=\"fr_FR\" \/>\n<meta property=\"og:type\" content=\"article\" \/>\n<meta property=\"og:title\" content=\"Ksapa - fr - Activer\" \/>\n<meta property=\"og:description\" content=\"Ksapa est une entreprise \u00e0 mission. Notre but est de concevoir et mettre en \u0153uvre des solutions \u00e0 impact positif sur le plan social et environnemental.\" \/>\n<meta property=\"og:url\" content=\"https:\/\/ksapa.org\/fr\/activer\/\" \/>\n<meta property=\"og:site_name\" content=\"Ksapa - fr\" \/>\n<meta property=\"article:modified_time\" content=\"2024-12-10T21:43:08+00:00\" \/>\n<meta property=\"og:image\" content=\"https:\/\/ksapa.org\/fr\/wp-content\/uploads\/sites\/1\/2019\/06\/IMG_7271-1067x800.jpg\" \/>\n\t<meta property=\"og:image:width\" content=\"1067\" \/>\n\t<meta property=\"og:image:height\" content=\"800\" \/>\n\t<meta property=\"og:image:type\" content=\"image\/jpeg\" \/>\n<meta name=\"twitter:card\" content=\"summary_large_image\" \/>\n<meta name=\"twitter:site\" content=\"@KsapaOrg\" \/>\n<meta name=\"twitter:label1\" content=\"Dur\u00e9e de lecture estim\u00e9e\" \/>\n\t<meta name=\"twitter:data1\" content=\"2 minutes\" \/>\n<script type=\"application\/ld+json\" class=\"yoast-schema-graph\">{\"@context\":\"https:\\\/\\\/schema.org\",\"@graph\":[{\"@type\":\"WebPage\",\"@id\":\"https:\\\/\\\/ksapa.org\\\/fr\\\/activer\\\/\",\"url\":\"https:\\\/\\\/ksapa.org\\\/fr\\\/activer\\\/\",\"name\":\"Ksapa - fr - Activer\",\"isPartOf\":{\"@id\":\"https:\\\/\\\/ksapa.org\\\/fr\\\/#website\"},\"primaryImageOfPage\":{\"@id\":\"https:\\\/\\\/ksapa.org\\\/fr\\\/activer\\\/#primaryimage\"},\"image\":{\"@id\":\"https:\\\/\\\/ksapa.org\\\/fr\\\/activer\\\/#primaryimage\"},\"thumbnailUrl\":\"https:\\\/\\\/ksapa.org\\\/fr\\\/wp-content\\\/uploads\\\/sites\\\/1\\\/2019\\\/06\\\/IMG_7271.jpg\",\"datePublished\":\"2021-05-14T16:35:13+00:00\",\"dateModified\":\"2024-12-10T21:43:08+00:00\",\"description\":\"Ksapa est une entreprise \u00e0 mission. Notre but est de concevoir et mettre en \u0153uvre des solutions \u00e0 impact positif sur le plan social et environnemental.\",\"breadcrumb\":{\"@id\":\"https:\\\/\\\/ksapa.org\\\/fr\\\/activer\\\/#breadcrumb\"},\"inLanguage\":\"fr-FR\",\"potentialAction\":[{\"@type\":\"ReadAction\",\"target\":[\"https:\\\/\\\/ksapa.org\\\/fr\\\/activer\\\/\"]}]},{\"@type\":\"ImageObject\",\"inLanguage\":\"fr-FR\",\"@id\":\"https:\\\/\\\/ksapa.org\\\/fr\\\/activer\\\/#primaryimage\",\"url\":\"https:\\\/\\\/ksapa.org\\\/fr\\\/wp-content\\\/uploads\\\/sites\\\/1\\\/2019\\\/06\\\/IMG_7271.jpg\",\"contentUrl\":\"https:\\\/\\\/ksapa.org\\\/fr\\\/wp-content\\\/uploads\\\/sites\\\/1\\\/2019\\\/06\\\/IMG_7271.jpg\",\"width\":\"4032\",\"height\":\"3024\",\"caption\":\"Conception & D\u00e9ploiement de Fonds ESG | Ksapa\"},{\"@type\":\"BreadcrumbList\",\"@id\":\"https:\\\/\\\/ksapa.org\\\/fr\\\/activer\\\/#breadcrumb\",\"itemListElement\":[{\"@type\":\"ListItem\",\"position\":1,\"name\":\"Home\",\"item\":\"https:\\\/\\\/ksapa.org\\\/fr\\\/\"},{\"@type\":\"ListItem\",\"position\":2,\"name\":\"Activer\"}]},{\"@type\":\"WebSite\",\"@id\":\"https:\\\/\\\/ksapa.org\\\/fr\\\/#website\",\"url\":\"https:\\\/\\\/ksapa.org\\\/fr\\\/\",\"name\":\"Ksapa - fr\",\"description\":\"\",\"publisher\":{\"@id\":\"https:\\\/\\\/ksapa.org\\\/fr\\\/#organization\"},\"potentialAction\":[{\"@type\":\"SearchAction\",\"target\":{\"@type\":\"EntryPoint\",\"urlTemplate\":\"https:\\\/\\\/ksapa.org\\\/fr\\\/?s={search_term_string}\"},\"query-input\":{\"@type\":\"PropertyValueSpecification\",\"valueRequired\":true,\"valueName\":\"search_term_string\"}}],\"inLanguage\":\"fr-FR\"},{\"@type\":\"Organization\",\"@id\":\"https:\\\/\\\/ksapa.org\\\/fr\\\/#organization\",\"name\":\"ksapa\",\"url\":\"https:\\\/\\\/ksapa.org\\\/fr\\\/\",\"logo\":{\"@type\":\"ImageObject\",\"inLanguage\":\"fr-FR\",\"@id\":\"https:\\\/\\\/ksapa.org\\\/fr\\\/#\\\/schema\\\/logo\\\/image\\\/\",\"url\":\"https:\\\/\\\/ksapa.org\\\/fr\\\/wp-content\\\/uploads\\\/sites\\\/1\\\/2019\\\/06\\\/icone-ksapa.jpg\",\"contentUrl\":\"https:\\\/\\\/ksapa.org\\\/fr\\\/wp-content\\\/uploads\\\/sites\\\/1\\\/2019\\\/06\\\/icone-ksapa.jpg\",\"width\":\"442\",\"height\":\"421\",\"caption\":\"ksapa\"},\"image\":{\"@id\":\"https:\\\/\\\/ksapa.org\\\/fr\\\/#\\\/schema\\\/logo\\\/image\\\/\"},\"sameAs\":[\"https:\\\/\\\/x.com\\\/KsapaOrg\"]}]}<\/script>\n<!-- \/ Yoast SEO plugin. -->","yoast_head_json":{"title":"Ksapa - fr - Activer","description":"Ksapa est une entreprise \u00e0 mission. Notre but est de concevoir et mettre en \u0153uvre des solutions \u00e0 impact positif sur le plan social et environnemental.","robots":{"index":"index","follow":"follow","max-snippet":"max-snippet:-1","max-image-preview":"max-image-preview:large","max-video-preview":"max-video-preview:-1"},"canonical":"https:\/\/ksapa.org\/fr\/activer\/","og_locale":"fr_FR","og_type":"article","og_title":"Ksapa - fr - Activer","og_description":"Ksapa est une entreprise \u00e0 mission. Notre but est de concevoir et mettre en \u0153uvre des solutions \u00e0 impact positif sur le plan social et environnemental.","og_url":"https:\/\/ksapa.org\/fr\/activer\/","og_site_name":"Ksapa - fr","article_modified_time":"2024-12-10T21:43:08+00:00","og_image":[{"width":1067,"height":800,"url":"https:\/\/ksapa.org\/fr\/wp-content\/uploads\/sites\/1\/2019\/06\/IMG_7271-1067x800.jpg","type":"image\/jpeg"}],"twitter_card":"summary_large_image","twitter_site":"@KsapaOrg","twitter_misc":{"Dur\u00e9e de lecture estim\u00e9e":"2 minutes"},"schema":{"@context":"https:\/\/schema.org","@graph":[{"@type":"WebPage","@id":"https:\/\/ksapa.org\/fr\/activer\/","url":"https:\/\/ksapa.org\/fr\/activer\/","name":"Ksapa - fr - Activer","isPartOf":{"@id":"https:\/\/ksapa.org\/fr\/#website"},"primaryImageOfPage":{"@id":"https:\/\/ksapa.org\/fr\/activer\/#primaryimage"},"image":{"@id":"https:\/\/ksapa.org\/fr\/activer\/#primaryimage"},"thumbnailUrl":"https:\/\/ksapa.org\/fr\/wp-content\/uploads\/sites\/1\/2019\/06\/IMG_7271.jpg","datePublished":"2021-05-14T16:35:13+00:00","dateModified":"2024-12-10T21:43:08+00:00","description":"Ksapa est une entreprise \u00e0 mission. Notre but est de concevoir et mettre en \u0153uvre des solutions \u00e0 impact positif sur le plan social et environnemental.","breadcrumb":{"@id":"https:\/\/ksapa.org\/fr\/activer\/#breadcrumb"},"inLanguage":"fr-FR","potentialAction":[{"@type":"ReadAction","target":["https:\/\/ksapa.org\/fr\/activer\/"]}]},{"@type":"ImageObject","inLanguage":"fr-FR","@id":"https:\/\/ksapa.org\/fr\/activer\/#primaryimage","url":"https:\/\/ksapa.org\/fr\/wp-content\/uploads\/sites\/1\/2019\/06\/IMG_7271.jpg","contentUrl":"https:\/\/ksapa.org\/fr\/wp-content\/uploads\/sites\/1\/2019\/06\/IMG_7271.jpg","width":"4032","height":"3024","caption":"Conception & D\u00e9ploiement de Fonds ESG | Ksapa"},{"@type":"BreadcrumbList","@id":"https:\/\/ksapa.org\/fr\/activer\/#breadcrumb","itemListElement":[{"@type":"ListItem","position":1,"name":"Home","item":"https:\/\/ksapa.org\/fr\/"},{"@type":"ListItem","position":2,"name":"Activer"}]},{"@type":"WebSite","@id":"https:\/\/ksapa.org\/fr\/#website","url":"https:\/\/ksapa.org\/fr\/","name":"Ksapa - fr","description":"","publisher":{"@id":"https:\/\/ksapa.org\/fr\/#organization"},"potentialAction":[{"@type":"SearchAction","target":{"@type":"EntryPoint","urlTemplate":"https:\/\/ksapa.org\/fr\/?s={search_term_string}"},"query-input":{"@type":"PropertyValueSpecification","valueRequired":true,"valueName":"search_term_string"}}],"inLanguage":"fr-FR"},{"@type":"Organization","@id":"https:\/\/ksapa.org\/fr\/#organization","name":"ksapa","url":"https:\/\/ksapa.org\/fr\/","logo":{"@type":"ImageObject","inLanguage":"fr-FR","@id":"https:\/\/ksapa.org\/fr\/#\/schema\/logo\/image\/","url":"https:\/\/ksapa.org\/fr\/wp-content\/uploads\/sites\/1\/2019\/06\/icone-ksapa.jpg","contentUrl":"https:\/\/ksapa.org\/fr\/wp-content\/uploads\/sites\/1\/2019\/06\/icone-ksapa.jpg","width":"442","height":"421","caption":"ksapa"},"image":{"@id":"https:\/\/ksapa.org\/fr\/#\/schema\/logo\/image\/"},"sameAs":["https:\/\/x.com\/KsapaOrg"]}]}},"_links":{"self":[{"href":"https:\/\/ksapa.org\/fr\/wp-json\/wp\/v2\/pages\/3380","targetHints":{"allow":["GET"]}}],"collection":[{"href":"https:\/\/ksapa.org\/fr\/wp-json\/wp\/v2\/pages"}],"about":[{"href":"https:\/\/ksapa.org\/fr\/wp-json\/wp\/v2\/types\/page"}],"author":[{"embeddable":true,"href":"https:\/\/ksapa.org\/fr\/wp-json\/wp\/v2\/users\/81"}],"replies":[{"embeddable":true,"href":"https:\/\/ksapa.org\/fr\/wp-json\/wp\/v2\/comments?post=3380"}],"version-history":[{"count":34,"href":"https:\/\/ksapa.org\/fr\/wp-json\/wp\/v2\/pages\/3380\/revisions"}],"predecessor-version":[{"id":9311,"href":"https:\/\/ksapa.org\/fr\/wp-json\/wp\/v2\/pages\/3380\/revisions\/9311"}],"wp:featuredmedia":[{"embeddable":true,"href":"https:\/\/ksapa.org\/fr\/wp-json\/wp\/v2\/media\/581"}],"wp:attachment":[{"href":"https:\/\/ksapa.org\/fr\/wp-json\/wp\/v2\/media?parent=3380"}],"curies":[{"name":"wp","href":"https:\/\/api.w.org\/{rel}","templated":true}]}}