{"id":4115,"date":"2021-07-09T10:09:15","date_gmt":"2021-07-09T09:09:15","guid":{"rendered":"https:\/\/ksapa.org\/fr\/?page_id=4115"},"modified":"2025-02-18T14:00:57","modified_gmt":"2025-02-18T13:00:57","slug":"presentation-de-v-chet","status":"publish","type":"page","link":"https:\/\/ksapa.org\/fr\/activer\/presentation-de-v-chet\/","title":{"rendered":"Pr\u00e9sentation de V-CHET"},"content":{"rendered":"\n\n  <div class=\"banner has-hover\" id=\"banner-281121733\">\n          <div class=\"banner-inner fill\">\n        <div class=\"banner-bg fill\" >\n            <div class=\"bg fill bg-fill \"><\/div>\n                        <div class=\"overlay\"><\/div>            \n                    <\/div>\n        <div class=\"banner-layers container\">\n            <div class=\"fill banner-link\"><\/div>            \n\n   <div id=\"text-box-1719574312\" class=\"text-box banner-layer x50 md-x50 lg-x50 y50 md-y50 lg-y50 res-text\">\n                                <div class=\"text-box-content text dark\">\n              \n              <div class=\"text-inner text-center\">\n                  \n\n<h1 class=\"uppercase\" style=\"text-align: center\"><span class=\"TextRunBCX0 SCXW182109225\" lang=\"FR-FR\" xml:lang=\"FR-FR\" data-contrast=\"auto\"><span class=\"NormalTextRunBCX0 SCXW182109225\">Value Chain Energy Transition<\/span><\/span><\/h1>\n<div class=\"is-divider divider clearfix\" style=\"background-color:rgb(255, 255, 255);\"><\/div>\n\n\n              <\/div>\n           <\/div>\n                            \n<style>\n#text-box-1719574312 {\n  width: 100%;\n}\n#text-box-1719574312 .text-box-content {\n  font-size: 100%;\n}\n<\/style>\n    <\/div>\n \n\n        <\/div>\n      <\/div>\n\n            \n<style>\n#banner-281121733 {\n  padding-top: 439px;\n}\n#banner-281121733 .bg.bg-loaded {\n  background-image: url(https:\/\/ksapa.org\/fr\/wp-content\/uploads\/sites\/1\/2021\/06\/jason-blackeye-s1w1SguZTI-unsplash-1200x800.jpg);\n}\n#banner-281121733 .overlay {\n  background-color: rgba(0, 0, 0, 0.17);\n}\n<\/style>\n  <\/div>\n\n\n\t<section class=\"section\" id=\"section_722397205\">\n\t\t<div class=\"bg section-bg fill bg-fill  bg-loaded\" >\n\n\t\t\t\n\t\t\t\n\t\t\t\n\n\t\t<\/div>\n\n\t\t<div class=\"section-content relative\">\n\t\t\t\n\n<div class=\"row\"  id=\"row-858478392\">\n\n\n\t<div id=\"col-865407417\" class=\"col small-12 large-12\"  >\n\t\t\t\t<div class=\"col-inner text-center\"  >\n\t\t\t\n\t\t\t\n\n<p class=\"lead\" style=\"text-align: justify\">Les annonces d\u2019objectifs de neutralit\u00e9 carbone se multiplient parmi les plus grandes entreprises du monde. Parall\u00e8lement, les gestionnaires et d\u00e9tenteurs d&rsquo;actifs s\u2019engagent en nombre \u00e0 constituer des portefeuilles neutres en carbone avant 2050, voire 2030, et\u202fles investissements dans les infrastructures et l&rsquo;innovation de solutions \u00e0 faible \u00e9mission en carbone vont croissant pour engager la transition \u00e9nerg\u00e9tique des entreprises.<\/p>\n<p class=\"lead\" style=\"text-align: justify\">D\u00e9couvrez V.CHET \u2013 Value Chain Energy Transition \u2013 notre m\u00e9canisme innovant combinant expertise technique et solutions de financement dans l\u2019accompagnement des entreprises dans leur transition \u00e9nerg\u00e9tique.<\/p>\n\n\t\t<\/div>\n\t\t\t\t\t<\/div>\n\n\t\n\n<\/div>\n<div class=\"row\"  id=\"row-1677498411\">\n\n\n\t<div id=\"col-706176107\" class=\"col small-12 large-12\"  >\n\t\t\t\t<div class=\"col-inner text-center\"  >\n\t\t\t\n\t\t\t\n\n<h2 style=\"text-align: center\">Pourquoi V.CHET\u202f ?<\/h2>\n<div class=\"row align-middle align-center\"  id=\"row-477618043\">\n\n\n\t<div id=\"col-1806474604\" class=\"col small-12 large-12\"  >\n\t\t\t\t<div class=\"col-inner text-center\"  >\n\t\t\t\n\t\t\t\n\n<p class=\"lead\" style=\"text-align: justify\">La transition \u00e9nerg\u00e9tique est un levier cl\u00e9 de comp\u00e9titivit\u00e9 et de r\u00e9silience pour les entreprises. Le d\u00e9fi pour un grand groupe industriel est d\u2019embarquer l\u2019ensemble de sa cha\u00eene de valeur dans sa transition \u00e9nerg\u00e9tique : ses sites, ses joint-ventures et filiales et son \u00e9cosyst\u00e8me de fournisseurs prioritaires.<\/p>\n<p class=\"lead\" style=\"text-align: justify\">Op\u00e9rationnellement, les principaux obstacles \u00e0 l\u2019engagement et la mise en \u0153uvre de projets de transition \u00e9nerg\u00e9tique sont des capacit\u00e9s d\u2019investissement limit\u00e9es, ainsi qu\u2019un manque d&rsquo;expertise et de temps.<\/p>\n\t<div class=\"img has-hover x md-x lg-x y md-y lg-y\" id=\"image_78852780\">\n\t\t\t\t\t\t\t\t<div class=\"img-inner dark\" >\n\t\t\t<img decoding=\"async\" width=\"430\" height=\"298\" src=\"https:\/\/ksapa.org\/fr\/wp-content\/uploads\/sites\/1\/2021\/06\/Capture-decran-2021-06-29-110605.jpg\" class=\"attachment-large size-large\" alt=\"Solution technique et de financement Ksapa - transition \u00e9nerg\u00e9tique des actifs\" \/>\t\t\t\t\t\t\n\t\t\t\t\t<\/div>\n\t\t\t\t\t\t\t\t\n<style>\n#image_78852780 {\n  width: 35%;\n}\n<\/style>\n\t<\/div>\n\t\n\n\n\t\t<\/div>\n\t\t\t\t\t<\/div>\n\n\t\n\n<\/div>\n<div class=\"text-center\"><div class=\"is-divider divider clearfix\" ><\/div><\/div>\n\n<h2 style=\"text-align: center\">V.CHET\u202f: un dispositif de transition \u00e9nerg\u00e9tique 3 en 1<\/h2>\n<div class=\"row row-collapse row-full-width align-middle align-center\"  id=\"row-63872156\">\n\n\n\t<div id=\"col-8850306\" class=\"col small-12 large-12\"  >\n\t\t\t\t<div class=\"col-inner text-right\"  >\n\t\t\t\n\t\t\t\n\n<p class=\"lead\" style=\"text-align: justify\">En s&rsquo;appuyant sur la dynamique des investissements verts, nous proposons un dispositif qui r\u00e9pond aux besoins des entreprises industrielles en termes de comp\u00e9tences tout en concevant des solutions de financement innovantes adapt\u00e9es \u00e0 l&rsquo;entreprise et pouvant f\u00e9d\u00e9rer partenaires financiers et investisseurs.<\/p>\n<p class=\"lead\" style=\"text-align: justify\">Con\u00e7u dans une logique \u00e0 long terme et int\u00e9grative, V.CHET se d\u00e9cline 3 volets\u202f:<\/p>\n<ol style=\"text-align: justify\">\n<li>\n<p class=\"lead\">D\u00e9finition de la strat\u00e9gie de transition \u00e9nerg\u00e9tique pour l\u2019ensemble des acteurs de la cha\u00eene de valeur : analyse et pr\u00e9conisations par sujet en r\u00e9unissant, vision d\u2019ensemble et monitoring global.<\/p>\n<\/li>\n<li>\n<p class=\"lead\">D\u00e9veloppement d\u2019un plan de financement des strat\u00e9gies pr\u00e9conis\u00e9es.<\/p>\n<\/li>\n<li>\n<p class=\"lead\">D\u00e9ploiement des solutions (efficacit\u00e9 \u00e9nerg\u00e9tique, ENR, etc\u2026) par un \u00e9cosyst\u00e8me de partenaires techniques pour la mise en \u0153uvre op\u00e9rationnelle des projets.<\/p>\n<\/li>\n<\/ol>\n\n\t\t<\/div>\n\t\t\t\t\t<\/div>\n\n\t\n\n<\/div>\n<div class=\"text-center\"><div class=\"is-divider divider clearfix\" ><\/div><\/div>\n\n<h2 style=\"text-align: center\">Structurer une strat\u00e9gie de transition \u00e9nerg\u00e9tique<\/h2>\n<div class=\"row align-middle align-center\"  id=\"row-1742236552\">\n\n\n\t<div id=\"col-1818873380\" class=\"col small-12 large-12\"  >\n\t\t\t\t<div class=\"col-inner text-left\"  >\n\t\t\t\n\t\t\t\n\n<p class=\"lead\" style=\"text-align: justify\">Nous proposons ici une approche syst\u00e9mique mais adaptable en 3 phases \u2013 analyse, recommandations, solutions de financement &#8211; permettant \u00e0 une entreprise industrielle d&rsquo;aborder la question de la transition \u00e9nerg\u00e9tique de mani\u00e8re globale, en embarquant les cha\u00eenons prioritaires de sa cha\u00eene de valeur.<\/p>\n<p class=\"lead\" style=\"text-align: justify\">Nous nous appuyons pour cela sur notre double ADN de Durabilit\u00e9 &amp; Finance, mais \u00e9galement sur un r\u00e9seau de partenaires de premier plan\u202f: efficacit\u00e9 \u00e9nerg\u00e9tique, \u00e9coconception, d\u00e9veloppeur \u00e9nergies renouvelables, juridique, audit et r\u00e8glementation, partenaires bancaires, investisseurs, etc.<\/p>\n\n\t\t<\/div>\n\t\t\t\t\t<\/div>\n\n\t\n\n<\/div>\n\t<div class=\"img has-hover x md-x lg-x y md-y lg-y\" id=\"image_1123805300\">\n\t\t\t\t\t\t\t\t<div class=\"img-inner dark\" >\n\t\t\t<img decoding=\"async\" width=\"959\" height=\"465\" src=\"https:\/\/ksapa.org\/fr\/wp-content\/uploads\/sites\/1\/2021\/06\/Capture-decran-2021-06-29-110810.jpg\" class=\"attachment-large size-large\" alt=\"Solution technique et de financement Ksapa - transition \u00e9nerg\u00e9tique des actifs\" srcset=\"https:\/\/ksapa.org\/fr\/wp-content\/uploads\/sites\/1\/2021\/06\/Capture-decran-2021-06-29-110810.jpg 959w, https:\/\/ksapa.org\/fr\/wp-content\/uploads\/sites\/1\/2021\/06\/Capture-decran-2021-06-29-110810-800x388.jpg 800w, https:\/\/ksapa.org\/fr\/wp-content\/uploads\/sites\/1\/2021\/06\/Capture-decran-2021-06-29-110810-768x372.jpg 768w\" sizes=\"(max-width: 959px) 100vw, 959px\" \/>\t\t\t\t\t\t\n\t\t\t\t\t<\/div>\n\t\t\t\t\t\t\t\t\n<style>\n#image_1123805300 {\n  width: 100%;\n}\n@media (min-width:550px) {\n  #image_1123805300 {\n    width: 70%;\n  }\n}\n<\/style>\n\t<\/div>\n\t\n\n<div class=\"row align-middle align-center\"  id=\"row-189148838\">\n\n\n\t<div id=\"col-504618805\" class=\"col small-12 large-12\"  >\n\t\t\t\t<div class=\"col-inner text-left\"  >\n\t\t\t\n\t\t\t\n\n<p class=\"lead\" style=\"text-align: justify\">VCHET r\u00e9unit ainsi les expertises techniques, financi\u00e8res et juridiques n\u00e9cessaires \u00e0 identifier les solutions et structurer les financements tout au long de la cha\u00eene de valeur, en f\u00e9d\u00e9rant \u00e9galement des financeurs et investisseurs tiers.<\/p>\n<div class=\"text-center\"><div class=\"is-divider divider clearfix\" ><\/div><\/div>\n\n<h2 style=\"text-align: center\">Un dispositif avant tout sur mesure<\/h2>\n<p class=\"lead\" style=\"text-align: justify\">Les r\u00e9alit\u00e9s de chaque entreprise \u00e9tant diff\u00e9rentes, le dispositif V.CHET repose sur un principe de modularit\u00e9 que ce soit en termes de solutions de transition \u00e9nerg\u00e9tique \u00e0 mettre en \u0153uvre ou de solutions de financement. <\/p>\n<p class=\"lead\" style=\"text-align: justify\">Par ailleurs, certaines solutions de financement innovantes, telles que la supply chain finance (SCF) en jouant sur les conditions de paiement pour incentiver les fournisseurs engag\u00e9s dans la transition, peuvent \u00e9galement servir de levier pour embarquer une cha\u00eene de valeur dans la transition \u00e9nerg\u00e9tique\u202f: une entreprise industrielle acheteuse est ainsi en mesure d\u2019inciter sa cha\u00eene de valeur \u00e0 s\u2019engager dans la transition \u00e9nerg\u00e9tique tout en am\u00e9liorant la gestion de son actif circulant. <\/p>\n\n\t\t<\/div>\n\t\t\t\t\t<\/div>\n\n\t\n\n<\/div>\n\t<div class=\"img has-hover x md-x lg-x y md-y lg-y\" id=\"image_616453543\">\n\t\t\t\t\t\t\t\t<div class=\"img-inner dark\" >\n\t\t\t<img decoding=\"async\" width=\"910\" height=\"402\" src=\"https:\/\/ksapa.org\/fr\/wp-content\/uploads\/sites\/1\/2021\/06\/Capture-decran-2021-06-29-113837.jpg\" class=\"attachment-large size-large\" alt=\"Solution technique et de financement Ksapa - transition \u00e9nerg\u00e9tique des actifs\" srcset=\"https:\/\/ksapa.org\/fr\/wp-content\/uploads\/sites\/1\/2021\/06\/Capture-decran-2021-06-29-113837.jpg 910w, https:\/\/ksapa.org\/fr\/wp-content\/uploads\/sites\/1\/2021\/06\/Capture-decran-2021-06-29-113837-800x353.jpg 800w, https:\/\/ksapa.org\/fr\/wp-content\/uploads\/sites\/1\/2021\/06\/Capture-decran-2021-06-29-113837-768x339.jpg 768w\" sizes=\"(max-width: 910px) 100vw, 910px\" \/>\t\t\t\t\t\t\n\t\t\t\t\t<\/div>\n\t\t\t\t\t\t\t\t\n<style>\n#image_616453543 {\n  width: 100%;\n}\n@media (min-width:550px) {\n  #image_616453543 {\n    width: 60%;\n  }\n}\n<\/style>\n\t<\/div>\n\t\n\n<div class=\"row align-middle align-center\"  id=\"row-1077378677\">\n\n\n\t<div id=\"col-911838774\" class=\"col small-12 large-12\"  >\n\t\t\t\t<div class=\"col-inner text-left\"  >\n\t\t\t\n\t\t\t\n\n<p class=\"lead\" style=\"text-align: justify\">Les caract\u00e9ristiques des op\u00e9rations de transition \u00e9nerg\u00e9tique varient en fonction des r\u00e9alit\u00e9s des entreprises, de leurs ambitions et de leur capacit\u00e9 d\u2019investissement. Pour s&rsquo;adapter \u00e0 la dur\u00e9e et \u00e0 la taille variables des investissements des projets verts, des solutions de financement innovantes et collaboratives ont \u00e9merg\u00e9es. Ces nouveaux dispositifs permettent ainsi d&rsquo;adapter le dispositif V.CHET aux besoins de financement de l&rsquo;entreprise et d&rsquo;\u00e9quilibrer sa capacit\u00e9 d&rsquo;investissement limit\u00e9e.<\/p>\n\n\t\t<\/div>\n\t\t\t\t\t<\/div>\n\n\t\n\n<\/div>\n\t<div class=\"img has-hover x md-x lg-x y md-y lg-y\" id=\"image_840334839\">\n\t\t\t\t\t\t\t\t<div class=\"img-inner dark\" >\n\t\t\t<img decoding=\"async\" width=\"1001\" height=\"597\" src=\"https:\/\/ksapa.org\/fr\/wp-content\/uploads\/sites\/1\/2021\/06\/Capture-decran-2021-06-29-112540.jpg\" class=\"attachment-large size-large\" alt=\"Solution technique et de financement Ksapa - transition \u00e9nerg\u00e9tique des actifs\" srcset=\"https:\/\/ksapa.org\/fr\/wp-content\/uploads\/sites\/1\/2021\/06\/Capture-decran-2021-06-29-112540.jpg 1001w, https:\/\/ksapa.org\/fr\/wp-content\/uploads\/sites\/1\/2021\/06\/Capture-decran-2021-06-29-112540-671x400.jpg 671w, https:\/\/ksapa.org\/fr\/wp-content\/uploads\/sites\/1\/2021\/06\/Capture-decran-2021-06-29-112540-768x458.jpg 768w\" sizes=\"(max-width: 1001px) 100vw, 1001px\" \/>\t\t\t\t\t\t\n\t\t\t\t\t<\/div>\n\t\t\t\t\t\t\t\t\n<style>\n#image_840334839 {\n  width: 100%;\n}\n@media (min-width:550px) {\n  #image_840334839 {\n    width: 70%;\n  }\n}\n<\/style>\n\t<\/div>\n\t\n\n<div class=\"row align-middle align-center\"  id=\"row-349191669\">\n\n\n\t<div id=\"col-1959136752\" class=\"col small-12 large-12\"  >\n\t\t\t\t<div class=\"col-inner text-left\"  >\n\t\t\t\n\t\t\t\n\n<div class=\"text-center\"><div class=\"is-divider divider clearfix\" ><\/div><\/div>\n\n<h2 style=\"text-align: center\">Mise en \u0153uvre op\u00e9rationnelle<\/h2>\n<p class=\"lead\" style=\"text-align: justify\">La force du dispositif V.CHET de Ksapa est de d\u00e9ployer un \u00e9cosyst\u00e8me d\u2019experts pour la mise en \u0153uvre op\u00e9rationnelle des projets de transition \u00e9nerg\u00e9tique\u202f: expert technique en efficacit\u00e9 \u00e9nerg\u00e9tique, d\u00e9veloppeur de projet d&rsquo;\u00e9nergie renouvelable, pool de partenaires bancaires, investisseurs tiers, groupe industriel, fournisseurs&#8230; <\/p>\n<p class=\"lead\" style=\"text-align: justify\">L\u2019appui du r\u00e9seau de partenaires techniques et financiers de Ksapa permet au dispositif VCHET d\u2019\u00eatre r\u00e9plicable sur l\u2019ensemble de la cha\u00eene de valeur et d\u2019acc\u00e9l\u00e9rer la transition \u00e9nerg\u00e9tique de fa\u00e7on syst\u00e9mique, avec une participation de financeurs et investisseurs externes.<\/p>\n\n\t\t<\/div>\n\t\t\t\t\t<\/div>\n\n\t\n\n<\/div>\n\n\t\t<\/div>\n\t\t\t\t\t<\/div>\n\n\t\n\n<\/div>\n\n\t\t<\/div>\n\n\t\t\n<style>\n#section_722397205 {\n  padding-top: 20px;\n  padding-bottom: 20px;\n}\n<\/style>\n\t<\/section>\n\t\n\n","protected":false},"excerpt":{"rendered":"","protected":false},"author":81,"featured_media":568,"parent":3380,"menu_order":2,"comment_status":"closed","ping_status":"closed","template":"page-blank.php","meta":{"footnotes":""},"class_list":["post-4115","page","type-page","status-publish","has-post-thumbnail","hentry"],"yoast_head":"<!-- This site is optimized with the Yoast SEO plugin v27.3 - https:\/\/yoast.com\/product\/yoast-seo-wordpress\/ -->\n<title>Ksapa- Transition Energ\u00e9tique des Chaines de Valeurs (V-CHET)<\/title>\n<meta name=\"description\" content=\"D\u00e9couvrez V-CHET, notre m\u00e9canisme innovant combinant expertise technique et solutions de financement dans l\u2019accompagnement des entreprises dans leur transition \u00e9nerg\u00e9tique.\" \/>\n<meta name=\"robots\" content=\"index, follow, max-snippet:-1, max-image-preview:large, max-video-preview:-1\" \/>\n<link rel=\"canonical\" href=\"https:\/\/ksapa.org\/fr\/activer\/presentation-de-v-chet\/\" \/>\n<meta property=\"og:locale\" content=\"fr_FR\" \/>\n<meta property=\"og:type\" content=\"article\" \/>\n<meta property=\"og:title\" content=\"Ksapa- Transition Energ\u00e9tique des Chaines de Valeurs (V-CHET)\" \/>\n<meta property=\"og:description\" content=\"D\u00e9couvrez V-CHET, notre m\u00e9canisme innovant combinant expertise technique et solutions de financement dans l\u2019accompagnement des entreprises dans leur transition \u00e9nerg\u00e9tique.\" \/>\n<meta property=\"og:url\" content=\"https:\/\/ksapa.org\/fr\/activer\/presentation-de-v-chet\/\" \/>\n<meta property=\"og:site_name\" content=\"Ksapa - fr\" \/>\n<meta property=\"article:modified_time\" content=\"2025-02-18T13:00:57+00:00\" \/>\n<meta property=\"og:image\" content=\"https:\/\/ksapa.org\/fr\/wp-content\/uploads\/sites\/1\/2019\/06\/hurricane-earth-satellite-tracking-71116.jpeg\" \/>\n\t<meta property=\"og:image:width\" content=\"1480\" \/>\n\t<meta property=\"og:image:height\" content=\"1500\" \/>\n\t<meta property=\"og:image:type\" content=\"image\/jpeg\" \/>\n<meta name=\"twitter:card\" content=\"summary_large_image\" \/>\n<meta name=\"twitter:site\" content=\"@KsapaOrg\" \/>\n<meta name=\"twitter:label1\" content=\"Dur\u00e9e de lecture estim\u00e9e\" \/>\n\t<meta name=\"twitter:data1\" content=\"4 minutes\" \/>\n<script type=\"application\/ld+json\" class=\"yoast-schema-graph\">{\"@context\":\"https:\\\/\\\/schema.org\",\"@graph\":[{\"@type\":\"WebPage\",\"@id\":\"https:\\\/\\\/ksapa.org\\\/fr\\\/activer\\\/presentation-de-v-chet\\\/\",\"url\":\"https:\\\/\\\/ksapa.org\\\/fr\\\/activer\\\/presentation-de-v-chet\\\/\",\"name\":\"Ksapa- Transition Energ\u00e9tique des Chaines de Valeurs (V-CHET)\",\"isPartOf\":{\"@id\":\"https:\\\/\\\/ksapa.org\\\/fr\\\/#website\"},\"primaryImageOfPage\":{\"@id\":\"https:\\\/\\\/ksapa.org\\\/fr\\\/activer\\\/presentation-de-v-chet\\\/#primaryimage\"},\"image\":{\"@id\":\"https:\\\/\\\/ksapa.org\\\/fr\\\/activer\\\/presentation-de-v-chet\\\/#primaryimage\"},\"thumbnailUrl\":\"https:\\\/\\\/ksapa.org\\\/fr\\\/wp-content\\\/uploads\\\/sites\\\/1\\\/2019\\\/06\\\/hurricane-earth-satellite-tracking-71116.jpeg\",\"datePublished\":\"2021-07-09T09:09:15+00:00\",\"dateModified\":\"2025-02-18T13:00:57+00:00\",\"description\":\"D\u00e9couvrez V-CHET, notre m\u00e9canisme innovant combinant expertise technique et solutions de financement dans l\u2019accompagnement des entreprises dans leur transition \u00e9nerg\u00e9tique.\",\"breadcrumb\":{\"@id\":\"https:\\\/\\\/ksapa.org\\\/fr\\\/activer\\\/presentation-de-v-chet\\\/#breadcrumb\"},\"inLanguage\":\"fr-FR\",\"potentialAction\":[{\"@type\":\"ReadAction\",\"target\":[\"https:\\\/\\\/ksapa.org\\\/fr\\\/activer\\\/presentation-de-v-chet\\\/\"]}]},{\"@type\":\"ImageObject\",\"inLanguage\":\"fr-FR\",\"@id\":\"https:\\\/\\\/ksapa.org\\\/fr\\\/activer\\\/presentation-de-v-chet\\\/#primaryimage\",\"url\":\"https:\\\/\\\/ksapa.org\\\/fr\\\/wp-content\\\/uploads\\\/sites\\\/1\\\/2019\\\/06\\\/hurricane-earth-satellite-tracking-71116.jpeg\",\"contentUrl\":\"https:\\\/\\\/ksapa.org\\\/fr\\\/wp-content\\\/uploads\\\/sites\\\/1\\\/2019\\\/06\\\/hurricane-earth-satellite-tracking-71116.jpeg\",\"width\":\"1480\",\"height\":\"1500\",\"caption\":\"Ksapa : Solutions durables & engagement international\"},{\"@type\":\"BreadcrumbList\",\"@id\":\"https:\\\/\\\/ksapa.org\\\/fr\\\/activer\\\/presentation-de-v-chet\\\/#breadcrumb\",\"itemListElement\":[{\"@type\":\"ListItem\",\"position\":1,\"name\":\"Home\",\"item\":\"https:\\\/\\\/ksapa.org\\\/fr\\\/\"},{\"@type\":\"ListItem\",\"position\":2,\"name\":\"Activer\",\"item\":\"https:\\\/\\\/ksapa.org\\\/fr\\\/activer\\\/\"},{\"@type\":\"ListItem\",\"position\":3,\"name\":\"Pr\u00e9sentation de V-CHET\"}]},{\"@type\":\"WebSite\",\"@id\":\"https:\\\/\\\/ksapa.org\\\/fr\\\/#website\",\"url\":\"https:\\\/\\\/ksapa.org\\\/fr\\\/\",\"name\":\"Ksapa - fr\",\"description\":\"\",\"publisher\":{\"@id\":\"https:\\\/\\\/ksapa.org\\\/fr\\\/#organization\"},\"potentialAction\":[{\"@type\":\"SearchAction\",\"target\":{\"@type\":\"EntryPoint\",\"urlTemplate\":\"https:\\\/\\\/ksapa.org\\\/fr\\\/?s={search_term_string}\"},\"query-input\":{\"@type\":\"PropertyValueSpecification\",\"valueRequired\":true,\"valueName\":\"search_term_string\"}}],\"inLanguage\":\"fr-FR\"},{\"@type\":\"Organization\",\"@id\":\"https:\\\/\\\/ksapa.org\\\/fr\\\/#organization\",\"name\":\"ksapa\",\"url\":\"https:\\\/\\\/ksapa.org\\\/fr\\\/\",\"logo\":{\"@type\":\"ImageObject\",\"inLanguage\":\"fr-FR\",\"@id\":\"https:\\\/\\\/ksapa.org\\\/fr\\\/#\\\/schema\\\/logo\\\/image\\\/\",\"url\":\"https:\\\/\\\/ksapa.org\\\/fr\\\/wp-content\\\/uploads\\\/sites\\\/1\\\/2019\\\/06\\\/icone-ksapa.jpg\",\"contentUrl\":\"https:\\\/\\\/ksapa.org\\\/fr\\\/wp-content\\\/uploads\\\/sites\\\/1\\\/2019\\\/06\\\/icone-ksapa.jpg\",\"width\":\"442\",\"height\":\"421\",\"caption\":\"ksapa\"},\"image\":{\"@id\":\"https:\\\/\\\/ksapa.org\\\/fr\\\/#\\\/schema\\\/logo\\\/image\\\/\"},\"sameAs\":[\"https:\\\/\\\/x.com\\\/KsapaOrg\"]}]}<\/script>\n<!-- \/ Yoast SEO plugin. -->","yoast_head_json":{"title":"Ksapa- Transition Energ\u00e9tique des Chaines de Valeurs (V-CHET)","description":"D\u00e9couvrez V-CHET, notre m\u00e9canisme innovant combinant expertise technique et solutions de financement dans l\u2019accompagnement des entreprises dans leur transition \u00e9nerg\u00e9tique.","robots":{"index":"index","follow":"follow","max-snippet":"max-snippet:-1","max-image-preview":"max-image-preview:large","max-video-preview":"max-video-preview:-1"},"canonical":"https:\/\/ksapa.org\/fr\/activer\/presentation-de-v-chet\/","og_locale":"fr_FR","og_type":"article","og_title":"Ksapa- Transition Energ\u00e9tique des Chaines de Valeurs (V-CHET)","og_description":"D\u00e9couvrez V-CHET, notre m\u00e9canisme innovant combinant expertise technique et solutions de financement dans l\u2019accompagnement des entreprises dans leur transition \u00e9nerg\u00e9tique.","og_url":"https:\/\/ksapa.org\/fr\/activer\/presentation-de-v-chet\/","og_site_name":"Ksapa - fr","article_modified_time":"2025-02-18T13:00:57+00:00","og_image":[{"width":1480,"height":1500,"url":"https:\/\/ksapa.org\/fr\/wp-content\/uploads\/sites\/1\/2019\/06\/hurricane-earth-satellite-tracking-71116.jpeg","type":"image\/jpeg"}],"twitter_card":"summary_large_image","twitter_site":"@KsapaOrg","twitter_misc":{"Dur\u00e9e de lecture estim\u00e9e":"4 minutes"},"schema":{"@context":"https:\/\/schema.org","@graph":[{"@type":"WebPage","@id":"https:\/\/ksapa.org\/fr\/activer\/presentation-de-v-chet\/","url":"https:\/\/ksapa.org\/fr\/activer\/presentation-de-v-chet\/","name":"Ksapa- Transition Energ\u00e9tique des Chaines de Valeurs (V-CHET)","isPartOf":{"@id":"https:\/\/ksapa.org\/fr\/#website"},"primaryImageOfPage":{"@id":"https:\/\/ksapa.org\/fr\/activer\/presentation-de-v-chet\/#primaryimage"},"image":{"@id":"https:\/\/ksapa.org\/fr\/activer\/presentation-de-v-chet\/#primaryimage"},"thumbnailUrl":"https:\/\/ksapa.org\/fr\/wp-content\/uploads\/sites\/1\/2019\/06\/hurricane-earth-satellite-tracking-71116.jpeg","datePublished":"2021-07-09T09:09:15+00:00","dateModified":"2025-02-18T13:00:57+00:00","description":"D\u00e9couvrez V-CHET, notre m\u00e9canisme innovant combinant expertise technique et solutions de financement dans l\u2019accompagnement des entreprises dans leur transition \u00e9nerg\u00e9tique.","breadcrumb":{"@id":"https:\/\/ksapa.org\/fr\/activer\/presentation-de-v-chet\/#breadcrumb"},"inLanguage":"fr-FR","potentialAction":[{"@type":"ReadAction","target":["https:\/\/ksapa.org\/fr\/activer\/presentation-de-v-chet\/"]}]},{"@type":"ImageObject","inLanguage":"fr-FR","@id":"https:\/\/ksapa.org\/fr\/activer\/presentation-de-v-chet\/#primaryimage","url":"https:\/\/ksapa.org\/fr\/wp-content\/uploads\/sites\/1\/2019\/06\/hurricane-earth-satellite-tracking-71116.jpeg","contentUrl":"https:\/\/ksapa.org\/fr\/wp-content\/uploads\/sites\/1\/2019\/06\/hurricane-earth-satellite-tracking-71116.jpeg","width":"1480","height":"1500","caption":"Ksapa : Solutions durables & engagement international"},{"@type":"BreadcrumbList","@id":"https:\/\/ksapa.org\/fr\/activer\/presentation-de-v-chet\/#breadcrumb","itemListElement":[{"@type":"ListItem","position":1,"name":"Home","item":"https:\/\/ksapa.org\/fr\/"},{"@type":"ListItem","position":2,"name":"Activer","item":"https:\/\/ksapa.org\/fr\/activer\/"},{"@type":"ListItem","position":3,"name":"Pr\u00e9sentation de V-CHET"}]},{"@type":"WebSite","@id":"https:\/\/ksapa.org\/fr\/#website","url":"https:\/\/ksapa.org\/fr\/","name":"Ksapa - fr","description":"","publisher":{"@id":"https:\/\/ksapa.org\/fr\/#organization"},"potentialAction":[{"@type":"SearchAction","target":{"@type":"EntryPoint","urlTemplate":"https:\/\/ksapa.org\/fr\/?s={search_term_string}"},"query-input":{"@type":"PropertyValueSpecification","valueRequired":true,"valueName":"search_term_string"}}],"inLanguage":"fr-FR"},{"@type":"Organization","@id":"https:\/\/ksapa.org\/fr\/#organization","name":"ksapa","url":"https:\/\/ksapa.org\/fr\/","logo":{"@type":"ImageObject","inLanguage":"fr-FR","@id":"https:\/\/ksapa.org\/fr\/#\/schema\/logo\/image\/","url":"https:\/\/ksapa.org\/fr\/wp-content\/uploads\/sites\/1\/2019\/06\/icone-ksapa.jpg","contentUrl":"https:\/\/ksapa.org\/fr\/wp-content\/uploads\/sites\/1\/2019\/06\/icone-ksapa.jpg","width":"442","height":"421","caption":"ksapa"},"image":{"@id":"https:\/\/ksapa.org\/fr\/#\/schema\/logo\/image\/"},"sameAs":["https:\/\/x.com\/KsapaOrg"]}]}},"_links":{"self":[{"href":"https:\/\/ksapa.org\/fr\/wp-json\/wp\/v2\/pages\/4115","targetHints":{"allow":["GET"]}}],"collection":[{"href":"https:\/\/ksapa.org\/fr\/wp-json\/wp\/v2\/pages"}],"about":[{"href":"https:\/\/ksapa.org\/fr\/wp-json\/wp\/v2\/types\/page"}],"author":[{"embeddable":true,"href":"https:\/\/ksapa.org\/fr\/wp-json\/wp\/v2\/users\/81"}],"replies":[{"embeddable":true,"href":"https:\/\/ksapa.org\/fr\/wp-json\/wp\/v2\/comments?post=4115"}],"version-history":[{"count":18,"href":"https:\/\/ksapa.org\/fr\/wp-json\/wp\/v2\/pages\/4115\/revisions"}],"predecessor-version":[{"id":10298,"href":"https:\/\/ksapa.org\/fr\/wp-json\/wp\/v2\/pages\/4115\/revisions\/10298"}],"up":[{"embeddable":true,"href":"https:\/\/ksapa.org\/fr\/wp-json\/wp\/v2\/pages\/3380"}],"wp:featuredmedia":[{"embeddable":true,"href":"https:\/\/ksapa.org\/fr\/wp-json\/wp\/v2\/media\/568"}],"wp:attachment":[{"href":"https:\/\/ksapa.org\/fr\/wp-json\/wp\/v2\/media?parent=4115"}],"curies":[{"name":"wp","href":"https:\/\/api.w.org\/{rel}","templated":true}]}}