{"id":4828,"date":"2021-09-13T15:32:01","date_gmt":"2021-09-13T14:32:01","guid":{"rendered":"https:\/\/ksapa.org\/fr\/?page_id=4828"},"modified":"2025-10-06T16:22:57","modified_gmt":"2025-10-06T15:22:57","slug":"comment-un-leader-mondial-du-transport-refond-sa-strategie-esg","status":"publish","type":"page","link":"https:\/\/ksapa.org\/fr\/a-propos\/etudes-de-cas-du-defi-esg-vers-la-transformation-odd-durable\/comment-un-leader-mondial-du-transport-refond-sa-strategie-esg\/","title":{"rendered":"Comment un leader mondial du transport refond sa strat\u00e9gie ESG"},"content":{"rendered":"\n\n  <div class=\"banner has-hover\" id=\"banner-1493378407\">\n          <div class=\"banner-inner fill\">\n        <div class=\"banner-bg fill\" >\n            <div class=\"bg fill bg-fill \"><\/div>\n                        <div class=\"overlay\"><\/div>            \n                    <\/div>\n        <div class=\"banner-layers container\">\n            <div class=\"fill banner-link\"><\/div>            \n\n   <div id=\"text-box-796692291\" class=\"text-box banner-layer x50 md-x50 lg-x50 y80 md-y50 lg-y50 res-text\">\n                                <div class=\"text-box-content text dark\">\n              \n              <div class=\"text-inner text-center\">\n                  \n\n<h1 class=\"uppercase\" style=\"text-align: center\"><strong>Comment un leader mondial du transport refond sa strat\u00e9gie ESG<\/strong><\/h1>\n\n              <\/div>\n           <\/div>\n                            \n<style>\n#text-box-796692291 {\n  width: 95%;\n}\n#text-box-796692291 .text-box-content {\n  font-size: 100%;\n}\n@media (min-width:550px) {\n  #text-box-796692291 {\n    width: 65%;\n  }\n}\n<\/style>\n    <\/div>\n \n\n        <\/div>\n      <\/div>\n\n            \n<style>\n#banner-1493378407 {\n  padding-top: 350px;\n}\n#banner-1493378407 .bg.bg-loaded {\n  background-image: url(https:\/\/ksapa.org\/fr\/wp-content\/uploads\/sites\/1\/2021\/07\/pexels-george-desipris-732142-scaled.jpg);\n}\n#banner-1493378407 .overlay {\n  background-color: rgba(0,0,0,.5);\n}\n#banner-1493378407 .bg {\n  background-position: 53% 100%;\n}\n<\/style>\n  <\/div>\n\n\n\t<section class=\"section\" id=\"section_1908840972\">\n\t\t<div class=\"bg section-bg fill bg-fill  bg-loaded\" >\n\n\t\t\t\n\t\t\t\n\t\t\t\n\n\t\t<\/div>\n\n\t\t<div class=\"section-content relative\">\n\t\t\t\n\n<div class=\"row\"  id=\"row-470381734\">\n\n\n\t<div id=\"col-1006534711\" class=\"col small-12 large-12\"  >\n\t\t\t\t<div class=\"col-inner\"  >\n\t\t\t\n\t\t\t\n\n<div class=\"row\"  id=\"row-1648880049\">\n\n\n\t<div id=\"col-2015095862\" class=\"col small-12 large-12\"  >\n\t\t\t\t<div class=\"col-inner\"  >\n\t\t\t\n\t\t\t\n\n<p class=\"lead\" style=\"text-align: center\">D\u00e9couvrez comment Ksapa a accompagn\u00e9 un leader mondial des infrastructures de transport dans le d\u00e9veloppement et la mise en \u0153uvre d&rsquo;une politique de durabilit\u00e9 unifi\u00e9e \u00e0 travers des actifs internationaux diversifi\u00e9s<\/p>\n\n\t\t<\/div>\n\t\t\t\t\t<\/div>\n\n\t\n\n<\/div>\n<h2 style=\"text-align: left\">L&rsquo;enjeu du client<\/h2>\n<p style=\"text-align: left\">Un op\u00e9rateur international de premier plan dans le secteur des infrastructures de transport, g\u00e9rant des actifs vari\u00e9s sur plusieurs continents, devait concevoir un cadre ESG complet articul\u00e9 avec les ODD. Celui-ci devait prendre en compte les variations locales tout en respectant un cadre inclusif d&rsquo;ensemble. Le client souhaitait une politique directive mais non prescriptive, permettant \u00e0 chaque actif de prioriser des initiatives selon ses sp\u00e9cificit\u00e9s.<\/p>\n<h2 style=\"text-align: left\">Notre approche<\/h2>\n<p style=\"text-align: left\">\u00ab\u00a0Ksapa nous a aid\u00e9s \u00e0 transformer nos ambitions de durabilit\u00e9 en strat\u00e9gies concr\u00e8tes \u00e0 l\u2019\u00e9chelle internationale. Leur cadre m\u00e9thodologique a structur\u00e9 une orientation claire\u00a0 tout en laissant place \u00e0 de l\u2019adaptation locale lorsque n\u00e9cessaire\u00a0\u00bb, Sophie Debost, Directrice RSE, Vinci Concessions.<\/p>\n<p style=\"text-align: left\">Ksapa a \u00e9labor\u00e9 une strat\u00e9gie inclusive et en plusieurs phases :<\/p>\n<ul style=\"text-align: left\">\n<li>Analyse approfondie de la documentation au niveau du groupe et des actifs<\/li>\n<li>Interviews cibl\u00e9es des parties prenantes pour recueillir attentes et perspectives<\/li>\n<li>Analyse comparative avec les leaders du secteur<\/li>\n<li>Cr\u00e9ation d\u2019un Comit\u00e9 de Pilotage d\u00e9di\u00e9 pour superviser la politique<\/li>\n<li>Organisation d\u2019ateliers en Am\u00e9rique latine, Europe, Afrique et Asie-Pacifique<\/li>\n<\/ul>\n<h2 style=\"text-align: left\">R\u00e9sultats cl\u00e9s<\/h2>\n<ul style=\"text-align: left\">\n<li>\u00c9laboration et mise en \u0153uvre r\u00e9ussies d&rsquo;une politique de durabilit\u00e9 unifi\u00e9e<\/li>\n<li>Adoption par les cadres dirigeants et engagement au niveau des actifs<\/li>\n<li>Int\u00e9gration des enjeux climatiques, de biodiversit\u00e9 et des droits humains<\/li>\n<li>Alignement des nouvelles initiatives de durabilit\u00e9 sur les politiques environnementales existantes<\/li>\n<li>Cr\u00e9ation de directives claires pour les gestionnaires des concessions<\/li>\n<\/ul>\n<h2 style=\"text-align: left\">Facteurs de succ\u00e8s <\/h2>\n<ul style=\"text-align: left\">\n<li><strong>Port\u00e9e internationale<\/strong>: Mise en \u0153uvre r\u00e9ussie sur 4 continents.<\/li>\n<li><strong>Engagement des parties prenantes<\/strong> : Participation de 100 % des repr\u00e9sentants des actifs aux ateliers<\/li>\n<li><strong>Soutien des dirigeants<\/strong> : Approbation du conseil d\u2019administration et du PDG<\/li>\n<li><strong>Application pratique<\/strong> : Directives claires pour les op\u00e9rations quotidiennes.<\/li>\n<\/ul>\n<h2 style=\"text-align: left\">Pr\u00eat \u00e0 transformer la strat\u00e9gie de durabilit\u00e9 de votre organisation ?<\/h2>\n<p style=\"text-align: left\">Contactez Ksapa pour d\u00e9couvrir comment nous pouvons vous aider \u00e0 d\u00e9velopper et mettre en \u0153uvre un cadre ESG complet qui g\u00e9n\u00e8re un impact r\u00e9el \u00e0 travers vos op\u00e9rations. Planifiez une consultation d\u00e8s aujourd&rsquo;hui \u00e0 <a rel=\"noopener\">contact@ksapa.org<\/a>.<\/p>\n<div class=\"text-center\"><div class=\"is-divider divider clearfix\" ><\/div><\/div>\n\n<div class=\"row\"  id=\"row-813398464\">\n\n\n\t<div id=\"col-1690656418\" class=\"col small-12 large-12\"  >\n\t\t\t\t<div class=\"col-inner\"  >\n\t\t\t\n\t\t\t\n\n<h2>En savoir plus<\/h2>\n\t<div id=\"gap-2126354952\" class=\"gap-element clearfix\" style=\"display:block; height:auto;\">\n\t\t\n<style>\n#gap-2126354952 {\n  padding-top: 30px;\n}\n<\/style>\n\t<\/div>\n\t\n\n<div class=\"row\"  id=\"row-1963410167\">\n\n\n\t<div id=\"col-1933993960\" class=\"col medium-4 small-12 large-4\"  >\n\t\t\t\t<div class=\"col-inner\"  >\n\t\t\t\n\t\t\t\n\n<h3 style=\"text-align: center\"><a href=\"https:\/\/ksapa.org\/fr\/mobiliser\/blog\/\">Article de blog<\/a><\/h3>\n\n  <div class=\"banner has-hover\" id=\"banner-113817763\">\n          <div class=\"banner-inner fill\">\n        <div class=\"banner-bg fill\" >\n            <div class=\"bg fill bg-fill \"><\/div>\n                        <div class=\"overlay\"><\/div>            \n                    <\/div>\n        <div class=\"banner-layers container\">\n            <a class=\"fill\" href=\"https:\/\/ksapa.org\/fr\/5-mutations-societales-qui-vont-bousculer-les-entreprises\/\"  ><div class=\"fill banner-link\"><\/div><\/a>            \n\n   <div id=\"text-box-496916876\" class=\"text-box banner-layer x50 md-x50 lg-x50 y50 md-y50 lg-y50 res-text\">\n                                <div class=\"text-box-content text dark\">\n              \n              <div class=\"text-inner text-center\">\n                  \n\n<h2 class=\"thin-font\"><a href=\"https:\/\/ksapa.org\/fr\/5-mutations-societales-qui-vont-bousculer-les-entreprises\/\">5 mutations soci\u00e9tales qui vont bousculer les entreprises<\/a><\/h2>\n<a href=\"https:\/\/ksapa.org\/fr\/5-mutations-societales-qui-vont-bousculer-les-entreprises\/\" target=\"_self\" class=\"button white is-outline\"  >\n    <span>Lire la suite<\/span>\n  <\/a>\n\n\n\n              <\/div>\n           <\/div>\n                            \n<style>\n#text-box-496916876 {\n  width: 60%;\n}\n#text-box-496916876 .text-box-content {\n  font-size: 100%;\n}\n<\/style>\n    <\/div>\n \n\n        <\/div>\n      <\/div>\n\n            \n<style>\n#banner-113817763 {\n  padding-top: 250px;\n}\n#banner-113817763 .bg.bg-loaded {\n  background-image: url(https:\/\/ksapa.org\/fr\/wp-content\/uploads\/sites\/1\/2020\/08\/Societal-Changes-Shaking-Up-Business-Kompass.jpg);\n}\n#banner-113817763 .overlay {\n  background-color: rgba(0,0,0,.5);\n}\n<\/style>\n  <\/div>\n\n\n\n\t\t<\/div>\n\t\t\t\t\t<\/div>\n\n\t\n\n\t<div id=\"col-2107903128\" class=\"col medium-4 small-12 large-4\"  >\n\t\t\t\t<div class=\"col-inner\"  >\n\t\t\t\n\t\t\t\n\n<h3 style=\"text-align: center\"><a href=\"https:\/\/ksapa.org\/fr\/conseiller\/\">Nos services<\/a><\/h3>\n\n  <div class=\"banner has-hover\" id=\"banner-1001066675\">\n          <div class=\"banner-inner fill\">\n        <div class=\"banner-bg fill\" >\n            <div class=\"bg fill bg-fill \"><\/div>\n                        <div class=\"overlay\"><\/div>            \n                    <\/div>\n        <div class=\"banner-layers container\">\n            <a class=\"fill\" href=\"https:\/\/ksapa.org\/fr\/conseiller\/conseil-en-durabilite\/\"  ><div class=\"fill banner-link\"><\/div><\/a>            \n\n   <div id=\"text-box-2121398314\" class=\"text-box banner-layer x50 md-x50 lg-x50 y50 md-y50 lg-y50 res-text\">\n                                <div class=\"text-box-content text dark\">\n              \n              <div class=\"text-inner text-center\">\n                  \n\n<h2 class=\"uppercase\"><a href=\"https:\/\/ksapa.org\/fr\/conseiller\/conseil-en-durabilite\/\">CONSEIL EN DURABILIT\u00e9<\/a><\/h2>\n\n              <\/div>\n           <\/div>\n                            \n<style>\n#text-box-2121398314 {\n  width: 60%;\n}\n#text-box-2121398314 .text-box-content {\n  font-size: 100%;\n}\n<\/style>\n    <\/div>\n \n\n        <\/div>\n      <\/div>\n\n            \n<style>\n#banner-1001066675 {\n  padding-top: 250px;\n}\n#banner-1001066675 .bg.bg-loaded {\n  background-image: url(https:\/\/ksapa.org\/fr\/wp-content\/uploads\/sites\/1\/2020\/11\/pexels-startup-stock-photos-212286-1200x800.jpg);\n}\n#banner-1001066675 .overlay {\n  background-color: rgba(0,0,0,.5);\n}\n<\/style>\n  <\/div>\n\n\n\n\t\t<\/div>\n\t\t\t\t\t<\/div>\n\n\t\n\n\t<div id=\"col-1405692964\" class=\"col medium-4 small-12 large-4\"  >\n\t\t\t\t<div class=\"col-inner\"  >\n\t\t\t\n\t\t\t\n\n    <div class=\"box has-hover has-hover box-text-bottom\" >\n\n                  <div class=\"box-image \" style=\"width:45%;\">\n           <div class=\"box-image-inner image-cover\" style=\"border-radius:100%;padding-top:100%;\">\n              <img decoding=\"async\" width=\"2560\" height=\"2560\" src=\"https:\/\/ksapa.org\/fr\/wp-content\/uploads\/sites\/1\/2020\/08\/Sona-Kessaria-scaled.jpg\" class=\"attachment- size-\" alt=\"Sona Kessaria - Ksapa\" srcset=\"https:\/\/ksapa.org\/fr\/wp-content\/uploads\/sites\/1\/2020\/08\/Sona-Kessaria-scaled.jpg 2560w, https:\/\/ksapa.org\/fr\/wp-content\/uploads\/sites\/1\/2020\/08\/Sona-Kessaria-400x400.jpg 400w, https:\/\/ksapa.org\/fr\/wp-content\/uploads\/sites\/1\/2020\/08\/Sona-Kessaria-800x800.jpg 800w, https:\/\/ksapa.org\/fr\/wp-content\/uploads\/sites\/1\/2020\/08\/Sona-Kessaria-280x280.jpg 280w, https:\/\/ksapa.org\/fr\/wp-content\/uploads\/sites\/1\/2020\/08\/Sona-Kessaria-768x768.jpg 768w, https:\/\/ksapa.org\/fr\/wp-content\/uploads\/sites\/1\/2020\/08\/Sona-Kessaria-1536x1536.jpg 1536w, https:\/\/ksapa.org\/fr\/wp-content\/uploads\/sites\/1\/2020\/08\/Sona-Kessaria-2048x2048.jpg 2048w\" sizes=\"(max-width: 2560px) 100vw, 2560px\" \/>                         <\/div>\n          <\/div>\n         \n          <div class=\"box-text text-center\" >\n                <div class=\"box-text-inner\">\n                  <h4 class=\"uppercase\">\n                    <span class=\"person-name\">Sona Kessaria<\/span><br\/>\n                    <span class=\"person-title is-small thin-font op-7\">\n                      Consultante                    <\/span>\n                  <\/h4>\n                                  \n\n<a href=\"https:\/\/ksapa.org\/fr\/impliquez-vous\/contact\/\" target=\"_self\" class=\"button primary is-outline\"  style=\"border-radius:99px;\">\n    <span>CONTACTEZ NOUS<\/span>\n  <\/a>\n\n\n\n                <\/div>\n          <\/div>\n    <\/div>\n\n    \n    \n\n\t\t<\/div>\n\t\t\t\t\t<\/div>\n\n\t\n\n<\/div>\n\n\t\t<\/div>\n\t\t\t\t\t<\/div>\n\n\t\n\n<\/div>\n<div class=\"row align-center\"  id=\"row-1603525034\">\n\n\n\t<div id=\"col-2065797080\" class=\"col small-12 large-12\"  >\n\t\t\t\t<div class=\"col-inner text-center\"  >\n\t\t\t\n\t\t\t\n\n<a href=\"https:\/\/ksapa.org\/fr\/a-propos\/nos-etudes-de-cas\/\" target=\"_self\" class=\"button primary lowercase\"  style=\"border-radius:99px;\">\n    <span>Nos \u00e9tudes de cas<\/span>\n  <\/a>\n\n\n\n\t\t<\/div>\n\t\t\t\t\t<\/div>\n\n\t\n\n<\/div>\n\n\t\t<\/div>\n\t\t\t\t\t<\/div>\n\n\t\n\n<\/div>\n\n\t\t<\/div>\n\n\t\t\n<style>\n#section_1908840972 {\n  padding-top: 30px;\n  padding-bottom: 30px;\n}\n<\/style>\n\t<\/section>\n\t\n\n","protected":false},"excerpt":{"rendered":"","protected":false},"author":70,"featured_media":4311,"parent":3335,"menu_order":0,"comment_status":"closed","ping_status":"closed","template":"page-blank.php","meta":{"footnotes":""},"class_list":["post-4828","page","type-page","status-publish","has-post-thumbnail","hentry"],"yoast_head":"<!-- This site is optimized with the Yoast SEO plugin v27.3 - https:\/\/yoast.com\/product\/yoast-seo-wordpress\/ -->\n<title>Comment un leader mondial du transport refond sa strat\u00e9gie ESG<\/title>\n<meta name=\"description\" content=\"Comment Ksapa a aid\u00e9 un leader mondial des infrastructures de transport \u00e0 refondre une politique ESG unifi\u00e9e pour des actifs diversifi\u00e9s\" \/>\n<meta name=\"robots\" content=\"index, follow, max-snippet:-1, max-image-preview:large, max-video-preview:-1\" \/>\n<link rel=\"canonical\" href=\"https:\/\/ksapa.org\/fr\/a-propos\/etudes-de-cas-du-defi-esg-vers-la-transformation-odd-durable\/comment-un-leader-mondial-du-transport-refond-sa-strategie-esg\/\" \/>\n<meta property=\"og:locale\" content=\"fr_FR\" \/>\n<meta property=\"og:type\" content=\"article\" \/>\n<meta property=\"og:title\" content=\"Comment un leader mondial du transport refond sa strat\u00e9gie ESG\" \/>\n<meta property=\"og:description\" content=\"Comment Ksapa a aid\u00e9 un leader mondial des infrastructures de transport \u00e0 refondre une politique ESG unifi\u00e9e pour des actifs diversifi\u00e9s\" \/>\n<meta property=\"og:url\" content=\"https:\/\/ksapa.org\/fr\/a-propos\/etudes-de-cas-du-defi-esg-vers-la-transformation-odd-durable\/comment-un-leader-mondial-du-transport-refond-sa-strategie-esg\/\" \/>\n<meta property=\"og:site_name\" content=\"Ksapa - fr\" \/>\n<meta property=\"article:modified_time\" content=\"2025-10-06T15:22:57+00:00\" \/>\n<meta property=\"og:image\" content=\"https:\/\/ksapa.org\/fr\/wp-content\/uploads\/sites\/1\/2021\/07\/pexels-george-desipris-732142-scaled.jpg\" \/>\n\t<meta property=\"og:image:width\" content=\"2560\" \/>\n\t<meta property=\"og:image:height\" content=\"1152\" \/>\n\t<meta property=\"og:image:type\" content=\"image\/jpeg\" \/>\n<meta name=\"twitter:card\" content=\"summary_large_image\" \/>\n<meta name=\"twitter:site\" content=\"@KsapaOrg\" \/>\n<meta name=\"twitter:label1\" content=\"Dur\u00e9e de lecture estim\u00e9e\" \/>\n\t<meta name=\"twitter:data1\" content=\"3 minutes\" \/>\n<script type=\"application\/ld+json\" class=\"yoast-schema-graph\">{\"@context\":\"https:\\\/\\\/schema.org\",\"@graph\":[{\"@type\":\"WebPage\",\"@id\":\"https:\\\/\\\/ksapa.org\\\/fr\\\/a-propos\\\/etudes-de-cas-du-defi-esg-vers-la-transformation-odd-durable\\\/comment-un-leader-mondial-du-transport-refond-sa-strategie-esg\\\/\",\"url\":\"https:\\\/\\\/ksapa.org\\\/fr\\\/a-propos\\\/etudes-de-cas-du-defi-esg-vers-la-transformation-odd-durable\\\/comment-un-leader-mondial-du-transport-refond-sa-strategie-esg\\\/\",\"name\":\"Comment un leader mondial du transport refond sa strat\u00e9gie ESG\",\"isPartOf\":{\"@id\":\"https:\\\/\\\/ksapa.org\\\/fr\\\/#website\"},\"primaryImageOfPage\":{\"@id\":\"https:\\\/\\\/ksapa.org\\\/fr\\\/a-propos\\\/etudes-de-cas-du-defi-esg-vers-la-transformation-odd-durable\\\/comment-un-leader-mondial-du-transport-refond-sa-strategie-esg\\\/#primaryimage\"},\"image\":{\"@id\":\"https:\\\/\\\/ksapa.org\\\/fr\\\/a-propos\\\/etudes-de-cas-du-defi-esg-vers-la-transformation-odd-durable\\\/comment-un-leader-mondial-du-transport-refond-sa-strategie-esg\\\/#primaryimage\"},\"thumbnailUrl\":\"https:\\\/\\\/ksapa.org\\\/fr\\\/wp-content\\\/uploads\\\/sites\\\/1\\\/2021\\\/07\\\/pexels-george-desipris-732142-scaled.jpg\",\"datePublished\":\"2021-09-13T14:32:01+00:00\",\"dateModified\":\"2025-10-06T15:22:57+00:00\",\"description\":\"Comment Ksapa a aid\u00e9 un leader mondial des infrastructures de transport \u00e0 refondre une politique ESG unifi\u00e9e pour des actifs diversifi\u00e9s\",\"breadcrumb\":{\"@id\":\"https:\\\/\\\/ksapa.org\\\/fr\\\/a-propos\\\/etudes-de-cas-du-defi-esg-vers-la-transformation-odd-durable\\\/comment-un-leader-mondial-du-transport-refond-sa-strategie-esg\\\/#breadcrumb\"},\"inLanguage\":\"fr-FR\",\"potentialAction\":[{\"@type\":\"ReadAction\",\"target\":[\"https:\\\/\\\/ksapa.org\\\/fr\\\/a-propos\\\/etudes-de-cas-du-defi-esg-vers-la-transformation-odd-durable\\\/comment-un-leader-mondial-du-transport-refond-sa-strategie-esg\\\/\"]}]},{\"@type\":\"ImageObject\",\"inLanguage\":\"fr-FR\",\"@id\":\"https:\\\/\\\/ksapa.org\\\/fr\\\/a-propos\\\/etudes-de-cas-du-defi-esg-vers-la-transformation-odd-durable\\\/comment-un-leader-mondial-du-transport-refond-sa-strategie-esg\\\/#primaryimage\",\"url\":\"https:\\\/\\\/ksapa.org\\\/fr\\\/wp-content\\\/uploads\\\/sites\\\/1\\\/2021\\\/07\\\/pexels-george-desipris-732142-scaled.jpg\",\"contentUrl\":\"https:\\\/\\\/ksapa.org\\\/fr\\\/wp-content\\\/uploads\\\/sites\\\/1\\\/2021\\\/07\\\/pexels-george-desipris-732142-scaled.jpg\",\"width\":2560,\"height\":1152,\"caption\":\"Comment un leader mondial du transport refond sa strat\u00e9gie ESG\"},{\"@type\":\"BreadcrumbList\",\"@id\":\"https:\\\/\\\/ksapa.org\\\/fr\\\/a-propos\\\/etudes-de-cas-du-defi-esg-vers-la-transformation-odd-durable\\\/comment-un-leader-mondial-du-transport-refond-sa-strategie-esg\\\/#breadcrumb\",\"itemListElement\":[{\"@type\":\"ListItem\",\"position\":1,\"name\":\"Home\",\"item\":\"https:\\\/\\\/ksapa.org\\\/fr\\\/\"},{\"@type\":\"ListItem\",\"position\":2,\"name\":\"\u00c0 propos\",\"item\":\"https:\\\/\\\/ksapa.org\\\/fr\\\/a-propos\\\/\"},{\"@type\":\"ListItem\",\"position\":3,\"name\":\"Etudes de cas\",\"item\":\"https:\\\/\\\/ksapa.org\\\/fr\\\/a-propos\\\/etudes-de-cas-du-defi-esg-vers-la-transformation-odd-durable\\\/\"},{\"@type\":\"ListItem\",\"position\":4,\"name\":\"Comment un leader mondial du transport refond sa strat\u00e9gie ESG\"}]},{\"@type\":\"WebSite\",\"@id\":\"https:\\\/\\\/ksapa.org\\\/fr\\\/#website\",\"url\":\"https:\\\/\\\/ksapa.org\\\/fr\\\/\",\"name\":\"Ksapa - fr\",\"description\":\"\",\"publisher\":{\"@id\":\"https:\\\/\\\/ksapa.org\\\/fr\\\/#organization\"},\"potentialAction\":[{\"@type\":\"SearchAction\",\"target\":{\"@type\":\"EntryPoint\",\"urlTemplate\":\"https:\\\/\\\/ksapa.org\\\/fr\\\/?s={search_term_string}\"},\"query-input\":{\"@type\":\"PropertyValueSpecification\",\"valueRequired\":true,\"valueName\":\"search_term_string\"}}],\"inLanguage\":\"fr-FR\"},{\"@type\":\"Organization\",\"@id\":\"https:\\\/\\\/ksapa.org\\\/fr\\\/#organization\",\"name\":\"ksapa\",\"url\":\"https:\\\/\\\/ksapa.org\\\/fr\\\/\",\"logo\":{\"@type\":\"ImageObject\",\"inLanguage\":\"fr-FR\",\"@id\":\"https:\\\/\\\/ksapa.org\\\/fr\\\/#\\\/schema\\\/logo\\\/image\\\/\",\"url\":\"https:\\\/\\\/ksapa.org\\\/fr\\\/wp-content\\\/uploads\\\/sites\\\/1\\\/2019\\\/06\\\/icone-ksapa.jpg\",\"contentUrl\":\"https:\\\/\\\/ksapa.org\\\/fr\\\/wp-content\\\/uploads\\\/sites\\\/1\\\/2019\\\/06\\\/icone-ksapa.jpg\",\"width\":\"442\",\"height\":\"421\",\"caption\":\"ksapa\"},\"image\":{\"@id\":\"https:\\\/\\\/ksapa.org\\\/fr\\\/#\\\/schema\\\/logo\\\/image\\\/\"},\"sameAs\":[\"https:\\\/\\\/x.com\\\/KsapaOrg\"]}]}<\/script>\n<!-- \/ Yoast SEO plugin. -->","yoast_head_json":{"title":"Comment un leader mondial du transport refond sa strat\u00e9gie ESG","description":"Comment Ksapa a aid\u00e9 un leader mondial des infrastructures de transport \u00e0 refondre une politique ESG unifi\u00e9e pour des actifs diversifi\u00e9s","robots":{"index":"index","follow":"follow","max-snippet":"max-snippet:-1","max-image-preview":"max-image-preview:large","max-video-preview":"max-video-preview:-1"},"canonical":"https:\/\/ksapa.org\/fr\/a-propos\/etudes-de-cas-du-defi-esg-vers-la-transformation-odd-durable\/comment-un-leader-mondial-du-transport-refond-sa-strategie-esg\/","og_locale":"fr_FR","og_type":"article","og_title":"Comment un leader mondial du transport refond sa strat\u00e9gie ESG","og_description":"Comment Ksapa a aid\u00e9 un leader mondial des infrastructures de transport \u00e0 refondre une politique ESG unifi\u00e9e pour des actifs diversifi\u00e9s","og_url":"https:\/\/ksapa.org\/fr\/a-propos\/etudes-de-cas-du-defi-esg-vers-la-transformation-odd-durable\/comment-un-leader-mondial-du-transport-refond-sa-strategie-esg\/","og_site_name":"Ksapa - fr","article_modified_time":"2025-10-06T15:22:57+00:00","og_image":[{"width":2560,"height":1152,"url":"https:\/\/ksapa.org\/fr\/wp-content\/uploads\/sites\/1\/2021\/07\/pexels-george-desipris-732142-scaled.jpg","type":"image\/jpeg"}],"twitter_card":"summary_large_image","twitter_site":"@KsapaOrg","twitter_misc":{"Dur\u00e9e de lecture estim\u00e9e":"3 minutes"},"schema":{"@context":"https:\/\/schema.org","@graph":[{"@type":"WebPage","@id":"https:\/\/ksapa.org\/fr\/a-propos\/etudes-de-cas-du-defi-esg-vers-la-transformation-odd-durable\/comment-un-leader-mondial-du-transport-refond-sa-strategie-esg\/","url":"https:\/\/ksapa.org\/fr\/a-propos\/etudes-de-cas-du-defi-esg-vers-la-transformation-odd-durable\/comment-un-leader-mondial-du-transport-refond-sa-strategie-esg\/","name":"Comment un leader mondial du transport refond sa strat\u00e9gie ESG","isPartOf":{"@id":"https:\/\/ksapa.org\/fr\/#website"},"primaryImageOfPage":{"@id":"https:\/\/ksapa.org\/fr\/a-propos\/etudes-de-cas-du-defi-esg-vers-la-transformation-odd-durable\/comment-un-leader-mondial-du-transport-refond-sa-strategie-esg\/#primaryimage"},"image":{"@id":"https:\/\/ksapa.org\/fr\/a-propos\/etudes-de-cas-du-defi-esg-vers-la-transformation-odd-durable\/comment-un-leader-mondial-du-transport-refond-sa-strategie-esg\/#primaryimage"},"thumbnailUrl":"https:\/\/ksapa.org\/fr\/wp-content\/uploads\/sites\/1\/2021\/07\/pexels-george-desipris-732142-scaled.jpg","datePublished":"2021-09-13T14:32:01+00:00","dateModified":"2025-10-06T15:22:57+00:00","description":"Comment Ksapa a aid\u00e9 un leader mondial des infrastructures de transport \u00e0 refondre une politique ESG unifi\u00e9e pour des actifs diversifi\u00e9s","breadcrumb":{"@id":"https:\/\/ksapa.org\/fr\/a-propos\/etudes-de-cas-du-defi-esg-vers-la-transformation-odd-durable\/comment-un-leader-mondial-du-transport-refond-sa-strategie-esg\/#breadcrumb"},"inLanguage":"fr-FR","potentialAction":[{"@type":"ReadAction","target":["https:\/\/ksapa.org\/fr\/a-propos\/etudes-de-cas-du-defi-esg-vers-la-transformation-odd-durable\/comment-un-leader-mondial-du-transport-refond-sa-strategie-esg\/"]}]},{"@type":"ImageObject","inLanguage":"fr-FR","@id":"https:\/\/ksapa.org\/fr\/a-propos\/etudes-de-cas-du-defi-esg-vers-la-transformation-odd-durable\/comment-un-leader-mondial-du-transport-refond-sa-strategie-esg\/#primaryimage","url":"https:\/\/ksapa.org\/fr\/wp-content\/uploads\/sites\/1\/2021\/07\/pexels-george-desipris-732142-scaled.jpg","contentUrl":"https:\/\/ksapa.org\/fr\/wp-content\/uploads\/sites\/1\/2021\/07\/pexels-george-desipris-732142-scaled.jpg","width":2560,"height":1152,"caption":"Comment un leader mondial du transport refond sa strat\u00e9gie ESG"},{"@type":"BreadcrumbList","@id":"https:\/\/ksapa.org\/fr\/a-propos\/etudes-de-cas-du-defi-esg-vers-la-transformation-odd-durable\/comment-un-leader-mondial-du-transport-refond-sa-strategie-esg\/#breadcrumb","itemListElement":[{"@type":"ListItem","position":1,"name":"Home","item":"https:\/\/ksapa.org\/fr\/"},{"@type":"ListItem","position":2,"name":"\u00c0 propos","item":"https:\/\/ksapa.org\/fr\/a-propos\/"},{"@type":"ListItem","position":3,"name":"Etudes de cas","item":"https:\/\/ksapa.org\/fr\/a-propos\/etudes-de-cas-du-defi-esg-vers-la-transformation-odd-durable\/"},{"@type":"ListItem","position":4,"name":"Comment un leader mondial du transport refond sa strat\u00e9gie ESG"}]},{"@type":"WebSite","@id":"https:\/\/ksapa.org\/fr\/#website","url":"https:\/\/ksapa.org\/fr\/","name":"Ksapa - fr","description":"","publisher":{"@id":"https:\/\/ksapa.org\/fr\/#organization"},"potentialAction":[{"@type":"SearchAction","target":{"@type":"EntryPoint","urlTemplate":"https:\/\/ksapa.org\/fr\/?s={search_term_string}"},"query-input":{"@type":"PropertyValueSpecification","valueRequired":true,"valueName":"search_term_string"}}],"inLanguage":"fr-FR"},{"@type":"Organization","@id":"https:\/\/ksapa.org\/fr\/#organization","name":"ksapa","url":"https:\/\/ksapa.org\/fr\/","logo":{"@type":"ImageObject","inLanguage":"fr-FR","@id":"https:\/\/ksapa.org\/fr\/#\/schema\/logo\/image\/","url":"https:\/\/ksapa.org\/fr\/wp-content\/uploads\/sites\/1\/2019\/06\/icone-ksapa.jpg","contentUrl":"https:\/\/ksapa.org\/fr\/wp-content\/uploads\/sites\/1\/2019\/06\/icone-ksapa.jpg","width":"442","height":"421","caption":"ksapa"},"image":{"@id":"https:\/\/ksapa.org\/fr\/#\/schema\/logo\/image\/"},"sameAs":["https:\/\/x.com\/KsapaOrg"]}]}},"_links":{"self":[{"href":"https:\/\/ksapa.org\/fr\/wp-json\/wp\/v2\/pages\/4828","targetHints":{"allow":["GET"]}}],"collection":[{"href":"https:\/\/ksapa.org\/fr\/wp-json\/wp\/v2\/pages"}],"about":[{"href":"https:\/\/ksapa.org\/fr\/wp-json\/wp\/v2\/types\/page"}],"author":[{"embeddable":true,"href":"https:\/\/ksapa.org\/fr\/wp-json\/wp\/v2\/users\/70"}],"replies":[{"embeddable":true,"href":"https:\/\/ksapa.org\/fr\/wp-json\/wp\/v2\/comments?post=4828"}],"version-history":[{"count":22,"href":"https:\/\/ksapa.org\/fr\/wp-json\/wp\/v2\/pages\/4828\/revisions"}],"predecessor-version":[{"id":10894,"href":"https:\/\/ksapa.org\/fr\/wp-json\/wp\/v2\/pages\/4828\/revisions\/10894"}],"up":[{"embeddable":true,"href":"https:\/\/ksapa.org\/fr\/wp-json\/wp\/v2\/pages\/3335"}],"wp:featuredmedia":[{"embeddable":true,"href":"https:\/\/ksapa.org\/fr\/wp-json\/wp\/v2\/media\/4311"}],"wp:attachment":[{"href":"https:\/\/ksapa.org\/fr\/wp-json\/wp\/v2\/media?parent=4828"}],"curies":[{"name":"wp","href":"https:\/\/api.w.org\/{rel}","templated":true}]}}