{"id":4893,"date":"2021-09-14T09:35:06","date_gmt":"2021-09-14T08:35:06","guid":{"rendered":"https:\/\/ksapa.org\/fr\/?page_id=4893"},"modified":"2025-01-01T17:29:10","modified_gmt":"2025-01-01T16:29:10","slug":"conseiller","status":"publish","type":"page","link":"https:\/\/ksapa.org\/fr\/conseiller\/","title":{"rendered":"Conseiller"},"content":{"rendered":"\n\n  <div class=\"banner has-hover\" id=\"banner-1555488768\">\n          <div class=\"banner-inner fill\">\n        <div class=\"banner-bg fill\" >\n            <div class=\"bg fill bg-fill \"><\/div>\n                        <div class=\"overlay\"><\/div>            \n                    <\/div>\n        <div class=\"banner-layers container\">\n            <div class=\"fill banner-link\"><\/div>            \n\n   <div id=\"text-box-534035424\" class=\"text-box banner-layer x50 md-x50 lg-x50 y50 md-y50 lg-y50 res-text\">\n                                <div class=\"text-box-content text dark\">\n              \n              <div class=\"text-inner text-center\">\n                  \n\n<h1 class=\"uppercase\"><strong>conseiller<\/strong><\/h1>\n<div class=\"is-divider divider clearfix\" style=\"background-color:rgb(255, 255, 255);\"><\/div>\n\n\n              <\/div>\n           <\/div>\n                            \n<style>\n#text-box-534035424 {\n  width: 88%;\n}\n#text-box-534035424 .text-box-content {\n  font-size: 110%;\n}\n@media (min-width:550px) {\n  #text-box-534035424 .text-box-content {\n    font-size: 100%;\n  }\n}\n@media (min-width:850px) {\n  #text-box-534035424 {\n    width: 100%;\n  }\n}\n<\/style>\n    <\/div>\n \n\n        <\/div>\n      <\/div>\n\n            \n<style>\n#banner-1555488768 {\n  padding-top: 350px;\n  background-color: rgb(255,255,255);\n}\n#banner-1555488768 .bg.bg-loaded {\n  background-image: url(https:\/\/ksapa.org\/fr\/wp-content\/uploads\/sites\/1\/2019\/06\/Advise-sustainability-trends-strategic-ksapa.jpg);\n}\n#banner-1555488768 .overlay {\n  background-color: rgba(0,0,0,.5);\n}\n#banner-1555488768 .bg {\n  background-position: 21% 40%;\n}\n<\/style>\n  <\/div>\n\n\n<div class=\"row align-center\"  id=\"row-452383235\">\n\n\n\t<div id=\"col-1226584293\" class=\"col medium-9 small-12 large-9\"  >\n\t\t\t\t<div class=\"col-inner text-center\"  >\n\t\t\t\n\t\t\t\n\n<div class=\"row align-center\"  id=\"row-2089302896\">\n\n\n\t<div id=\"col-913816145\" class=\"col small-12 large-12\"  >\n\t\t\t\t<div class=\"col-inner\"  >\n\t\t\t\n\t\t\t\n\n<h3 style=\"text-align: center\">LES PRIORIT\u00c9S DE KSAPA POUR UNE TRANSFORMATION IMM\u00c9DIATE<\/h3>\n<p class=\"lead\" style=\"text-align: center\"><span data-contrast=\"none\">La pression qui s\u2019exerce sur les entreprises pour qu&rsquo;elles adoptent une d\u00e9marche volontaire sur les enjeux socio-environnementaux et les droits humain ne saurait \u00eatre plus forte. Il s\u2019agit pour chacun d&rsquo;acc\u00e9l\u00e9rer la capacit\u00e9 de transformation pour rester comp\u00e9titif et pertinent dans un monde en profonde mutation. <\/span><span data-ccp-props=\"{&quot;134233279&quot;:true,&quot;201341983&quot;:0,&quot;335551550&quot;:6,&quot;335551620&quot;:6,&quot;335559739&quot;:160,&quot;335559740&quot;:216}\">\u00a0<\/span><\/p>\n<p class=\"lead\" style=\"text-align: center\"><span data-contrast=\"none\">Ksapa\u00a0a publi\u00e9 le\u00a0<\/span><span data-contrast=\"none\">rapport\u00a0<a href=\"https:\/\/ksapa.org\/fr\/mobiliser\/publications\/welcome-to-the-delivery-decade\/\">Towards\u00a02030<\/a><\/span><span data-contrast=\"none\"> dans lequel les principales opportunit\u00e9s offertes aux entreprises et aux investisseurs de contribuer aux Objectifs de D\u00e9veloppement Durable sont explor\u00e9es. Technologies et solutions financi\u00e8res innovantes peuvent renforcer ces d\u00e9marches d\u2019impact positif. A <\/span><span data-contrast=\"none\">grande \u00e9chelle.<\/span><\/p>\n\n\t\t<\/div>\n\t\t\t\t\t<\/div>\n\n\t\n\n<\/div>\n\n\t\t<\/div>\n\t\t\t\t\n<style>\n#col-1226584293 > .col-inner {\n  margin: 0px 0px -35px 0px;\n}\n<\/style>\n\t<\/div>\n\n\t\n\n<\/div>\n<div class=\"row align-center\"  id=\"row-157990762\">\n\n\n\t<div id=\"col-1441939935\" class=\"col medium-6 small-12 large-6\"  >\n\t\t\t\t<div class=\"col-inner text-center\"  >\n\t\t\t\n\t\t\t\n\n<h2 class=\"uppercase\">nos services<\/h2>\n\t<div id=\"gap-1936878950\" class=\"gap-element clearfix\" style=\"display:block; height:auto;\">\n\t\t\n<style>\n#gap-1936878950 {\n  padding-top: 30px;\n}\n<\/style>\n\t<\/div>\n\t\n\n\n  <div class=\"banner has-hover bg-zoom\" id=\"banner-933009318\">\n          <div class=\"banner-inner fill\">\n        <div class=\"banner-bg fill\" >\n            <div class=\"bg fill bg-fill \"><\/div>\n                        <div class=\"overlay\"><\/div>            \n                    <\/div>\n        <div class=\"banner-layers container\">\n            <a class=\"fill\" href=\"https:\/\/ksapa.org\/fr\/conseiller\/conseil-en-durabilite\/\"  ><div class=\"fill banner-link\"><\/div><\/a>            \n\n   <div id=\"text-box-1184019528\" class=\"text-box banner-layer x50 md-x50 lg-x50 y50 md-y50 lg-y50 res-text\">\n                                <div class=\"text-box-content text dark\">\n              \n              <div class=\"text-inner text-center\">\n                  \n\n<h2 class=\"uppercase\"><a href=\"https:\/\/ksapa.org\/fr\/conseiller\/conseil-en-durabilite\/\">conseil en durabilit\u00e9<\/a><\/h2>\n\n              <\/div>\n           <\/div>\n                            \n<style>\n#text-box-1184019528 {\n  width: 60%;\n}\n#text-box-1184019528 .text-box-content {\n  font-size: 100%;\n}\n<\/style>\n    <\/div>\n \n\n        <\/div>\n      <\/div>\n\n            \n<style>\n#banner-933009318 {\n  padding-top: 200px;\n}\n#banner-933009318 .bg.bg-loaded {\n  background-image: url(https:\/\/ksapa.org\/fr\/wp-content\/uploads\/sites\/1\/2020\/11\/pexels-startup-stock-photos-212286-600x400.jpg);\n}\n#banner-933009318 .overlay {\n  background-color: rgba(0,0,0,.5);\n}\n<\/style>\n  <\/div>\n\n\n\n\t\t<\/div>\n\t\t\t\t\t<\/div>\n\n\t\n\n<\/div>\n<div class=\"row\"  id=\"row-736141677\">\n\n\n\t<div id=\"col-2018311322\" class=\"col medium-6 small-12 large-6\"  >\n\t\t\t\t<div class=\"col-inner\"  >\n\t\t\t\n\t\t\t\n\n\n  <div class=\"banner has-hover bg-zoom\" id=\"banner-721528586\">\n          <div class=\"banner-inner fill\">\n        <div class=\"banner-bg fill\" >\n            <div class=\"bg fill bg-fill \"><\/div>\n                        <div class=\"overlay\"><\/div>            \n                    <\/div>\n        <div class=\"banner-layers container\">\n            <a class=\"fill\" href=\"https:\/\/ksapa.org\/fr\/conseiller\/entreprises-et-droits-humains\/\"  ><div class=\"fill banner-link\"><\/div><\/a>            \n\n   <div id=\"text-box-999544549\" class=\"text-box banner-layer x50 md-x50 lg-x50 y50 md-y50 lg-y50 res-text\">\n                                <div class=\"text-box-content text dark\">\n              \n              <div class=\"text-inner text-center\">\n                  \n\n<h2 class=\"uppercase\"><a href=\"https:\/\/ksapa.org\/fr\/conseiller\/entreprises-et-droits-humains\/\">entreprises et droits humains<\/a><\/h2>\n\n              <\/div>\n           <\/div>\n                            \n<style>\n#text-box-999544549 {\n  width: 60%;\n}\n#text-box-999544549 .text-box-content {\n  font-size: 100%;\n}\n<\/style>\n    <\/div>\n \n\n        <\/div>\n      <\/div>\n\n            \n<style>\n#banner-721528586 {\n  padding-top: 200px;\n}\n#banner-721528586 .bg.bg-loaded {\n  background-image: url(https:\/\/ksapa.org\/fr\/wp-content\/uploads\/sites\/1\/2021\/07\/workers-5708691_1920-1-600x400.jpg);\n}\n#banner-721528586 .overlay {\n  background-color: rgba(0,0,0,.5);\n}\n<\/style>\n  <\/div>\n\n\n\n\t\t<\/div>\n\t\t\t\t\t<\/div>\n\n\t\n\n\t<div id=\"col-269324113\" class=\"col medium-6 small-12 large-6\"  >\n\t\t\t\t<div class=\"col-inner\"  >\n\t\t\t\n\t\t\t\n\n\n  <div class=\"banner has-hover bg-zoom\" id=\"banner-1903335681\">\n          <div class=\"banner-inner fill\">\n        <div class=\"banner-bg fill\" >\n            <div class=\"bg fill bg-fill \"><\/div>\n                        <div class=\"overlay\"><\/div>            \n                    <\/div>\n        <div class=\"banner-layers container\">\n            <a class=\"fill\" href=\"https:\/\/ksapa.org\/fr\/conseiller\/climat-et-circularite\/\"  ><div class=\"fill banner-link\"><\/div><\/a>            \n\n   <div id=\"text-box-2091062564\" class=\"text-box banner-layer x50 md-x50 lg-x50 y50 md-y50 lg-y50 res-text\">\n                                <div class=\"text-box-content text dark\">\n              \n              <div class=\"text-inner text-center\">\n                  \n\n<h2 class=\"uppercase\"><a href=\"https:\/\/ksapa.org\/fr\/conseiller\/climat-et-circularite\/\">climat et circularit\u00e9<\/a><\/h2>\n\n              <\/div>\n           <\/div>\n                            \n<style>\n#text-box-2091062564 {\n  width: 60%;\n}\n#text-box-2091062564 .text-box-content {\n  font-size: 100%;\n}\n<\/style>\n    <\/div>\n \n\n        <\/div>\n      <\/div>\n\n            \n<style>\n#banner-1903335681 {\n  padding-top: 200px;\n}\n#banner-1903335681 .bg.bg-loaded {\n  background-image: url(https:\/\/ksapa.org\/fr\/wp-content\/uploads\/sites\/1\/2021\/09\/pexels-photo-2547565-1-600x400.jpeg);\n}\n#banner-1903335681 .overlay {\n  background-color: rgba(0,0,0,.5);\n}\n<\/style>\n  <\/div>\n\n\n\n\t\t<\/div>\n\t\t\t\t\t<\/div>\n\n\t\n\n\t<div id=\"col-873658231\" class=\"col medium-6 small-12 large-6\"  >\n\t\t\t\t<div class=\"col-inner\"  >\n\t\t\t\n\t\t\t\n\n\n  <div class=\"banner has-hover bg-zoom\" id=\"banner-1676991133\">\n          <div class=\"banner-inner fill\">\n        <div class=\"banner-bg fill\" >\n            <div class=\"bg fill bg-fill \"><\/div>\n                        <div class=\"overlay\"><\/div>            \n                    <\/div>\n        <div class=\"banner-layers container\">\n            <a class=\"fill\" href=\"https:\/\/ksapa.org\/fr\/conseiller\/chaines-dapprovisionnement-durables\/\"  ><div class=\"fill banner-link\"><\/div><\/a>            \n\n   <div id=\"text-box-109132301\" class=\"text-box banner-layer x50 md-x50 lg-x50 y50 md-y50 lg-y50 res-text\">\n                                <div class=\"text-box-content text dark\">\n              \n              <div class=\"text-inner text-center\">\n                  \n\n<h2><a href=\"https:\/\/ksapa.org\/fr\/conseiller\/chaines-dapprovisionnement-durables\/\">CHAINES D&rsquo;APPROVISIONNEMENT DURABLES<\/a><\/h2>\n\n              <\/div>\n           <\/div>\n                            \n<style>\n#text-box-109132301 {\n  width: 100%;\n}\n#text-box-109132301 .text-box-content {\n  font-size: 85%;\n}\n@media (min-width:550px) {\n  #text-box-109132301 {\n    width: 100%;\n  }\n  #text-box-109132301 .text-box-content {\n    font-size: 110%;\n  }\n}\n@media (min-width:850px) {\n  #text-box-109132301 {\n    width: 83%;\n  }\n  #text-box-109132301 .text-box-content {\n    font-size: 100%;\n  }\n}\n<\/style>\n    <\/div>\n \n\n        <\/div>\n      <\/div>\n\n            \n<style>\n#banner-1676991133 {\n  padding-top: 200px;\n}\n#banner-1676991133 .bg.bg-loaded {\n  background-image: url(https:\/\/ksapa.org\/fr\/wp-content\/uploads\/sites\/1\/2020\/06\/CPO-3-Solutions-to-Maximize-Value-of-Responsible-Supply-Chain-Programs-267x400.jpg);\n}\n#banner-1676991133 .overlay {\n  background-color: rgba(0,0,0,.5);\n}\n#banner-1676991133 .bg {\n  background-position: 15% 59%;\n}\n<\/style>\n  <\/div>\n\n\n\n\t\t<\/div>\n\t\t\t\t\t<\/div>\n\n\t\n\n\t<div id=\"col-321520751\" class=\"col medium-6 small-12 large-6\"  >\n\t\t\t\t<div class=\"col-inner\"  >\n\t\t\t\n\t\t\t\n\n\n  <div class=\"banner has-hover bg-zoom\" id=\"banner-878497435\">\n          <div class=\"banner-inner fill\">\n        <div class=\"banner-bg fill\" >\n            <div class=\"bg fill bg-fill \"><\/div>\n                        <div class=\"overlay\"><\/div>            \n                    <\/div>\n        <div class=\"banner-layers container\">\n            <a class=\"fill\" href=\"https:\/\/ksapa.org\/fr\/conseiller\/finance-durable-impact-et-esg\/\"  ><div class=\"fill banner-link\"><\/div><\/a>            \n\n   <div id=\"text-box-856548336\" class=\"text-box banner-layer x50 md-x50 lg-x50 y50 md-y50 lg-y50 res-text\">\n                                <div class=\"text-box-content text dark\">\n              \n              <div class=\"text-inner text-center\">\n                  \n\n<h2 class=\"uppercase\"><a href=\"https:\/\/ksapa.org\/fr\/conseiller\/finance-durable-impact-et-esg\/\">finance durable, impact et esg<\/a><\/h2>\n\n              <\/div>\n           <\/div>\n                            \n<style>\n#text-box-856548336 {\n  width: 60%;\n}\n#text-box-856548336 .text-box-content {\n  font-size: 100%;\n}\n<\/style>\n    <\/div>\n \n\n        <\/div>\n      <\/div>\n\n            \n<style>\n#banner-878497435 {\n  padding-top: 200px;\n}\n#banner-878497435 .bg.bg-loaded {\n  background-image: url(https:\/\/ksapa.org\/fr\/wp-content\/uploads\/sites\/1\/2021\/09\/pexels-photo-2529179-320x400.jpeg);\n}\n#banner-878497435 .overlay {\n  background-color: rgba(0,0,0,.5);\n}\n<\/style>\n  <\/div>\n\n\n\n\t\t<\/div>\n\t\t\t\t\t<\/div>\n\n\t\n\n<\/div>\n\n","protected":false},"excerpt":{"rendered":"","protected":false},"author":70,"featured_media":475,"parent":0,"menu_order":0,"comment_status":"closed","ping_status":"closed","template":"page-blank.php","meta":{"footnotes":""},"class_list":["post-4893","page","type-page","status-publish","has-post-thumbnail","hentry"],"yoast_head":"<!-- This site is optimized with the Yoast SEO plugin v27.3 - https:\/\/yoast.com\/product\/yoast-seo-wordpress\/ -->\n<title>Ksapa : Solutions ESG &amp; Impact pour Entreprises et D\u00e9cideurs<\/title>\n<meta name=\"description\" content=\"Ksapa accompagne entreprises et investisseurs dans le d\u00e9ploiement de solutions ESG et d&#039;investissement \u00e0 impact pour une performance durable\" \/>\n<meta name=\"robots\" content=\"index, follow, max-snippet:-1, max-image-preview:large, max-video-preview:-1\" \/>\n<link rel=\"canonical\" href=\"https:\/\/ksapa.org\/fr\/conseiller\/\" \/>\n<meta property=\"og:locale\" content=\"fr_FR\" \/>\n<meta property=\"og:type\" content=\"article\" \/>\n<meta property=\"og:title\" content=\"Ksapa : Solutions ESG &amp; Impact pour Entreprises et D\u00e9cideurs\" \/>\n<meta property=\"og:description\" content=\"Ksapa accompagne entreprises et investisseurs dans le d\u00e9ploiement de solutions ESG et d&#039;investissement \u00e0 impact pour une performance durable\" \/>\n<meta property=\"og:url\" content=\"https:\/\/ksapa.org\/fr\/conseiller\/\" \/>\n<meta property=\"og:site_name\" content=\"Ksapa - fr\" \/>\n<meta property=\"article:modified_time\" content=\"2025-01-01T16:29:10+00:00\" \/>\n<meta property=\"og:image\" content=\"https:\/\/ksapa.org\/fr\/wp-content\/uploads\/sites\/1\/2019\/06\/Advise-sustainability-trends-strategic-ksapa.jpg\" \/>\n\t<meta property=\"og:image:width\" content=\"2000\" \/>\n\t<meta property=\"og:image:height\" content=\"1500\" \/>\n\t<meta property=\"og:image:type\" content=\"image\/jpeg\" \/>\n<meta name=\"twitter:card\" content=\"summary_large_image\" \/>\n<meta name=\"twitter:site\" content=\"@KsapaOrg\" \/>\n<meta name=\"twitter:label1\" content=\"Dur\u00e9e de lecture estim\u00e9e\" \/>\n\t<meta name=\"twitter:data1\" content=\"2 minutes\" \/>\n<script type=\"application\/ld+json\" class=\"yoast-schema-graph\">{\"@context\":\"https:\\\/\\\/schema.org\",\"@graph\":[{\"@type\":\"WebPage\",\"@id\":\"https:\\\/\\\/ksapa.org\\\/fr\\\/conseiller\\\/\",\"url\":\"https:\\\/\\\/ksapa.org\\\/fr\\\/conseiller\\\/\",\"name\":\"Ksapa : Solutions ESG & Impact pour Entreprises et D\u00e9cideurs\",\"isPartOf\":{\"@id\":\"https:\\\/\\\/ksapa.org\\\/fr\\\/#website\"},\"primaryImageOfPage\":{\"@id\":\"https:\\\/\\\/ksapa.org\\\/fr\\\/conseiller\\\/#primaryimage\"},\"image\":{\"@id\":\"https:\\\/\\\/ksapa.org\\\/fr\\\/conseiller\\\/#primaryimage\"},\"thumbnailUrl\":\"https:\\\/\\\/ksapa.org\\\/fr\\\/wp-content\\\/uploads\\\/sites\\\/1\\\/2019\\\/06\\\/Advise-sustainability-trends-strategic-ksapa.jpg\",\"datePublished\":\"2021-09-14T08:35:06+00:00\",\"dateModified\":\"2025-01-01T16:29:10+00:00\",\"description\":\"Ksapa accompagne entreprises et investisseurs dans le d\u00e9ploiement de solutions ESG et d'investissement \u00e0 impact pour une performance durable\",\"breadcrumb\":{\"@id\":\"https:\\\/\\\/ksapa.org\\\/fr\\\/conseiller\\\/#breadcrumb\"},\"inLanguage\":\"fr-FR\",\"potentialAction\":[{\"@type\":\"ReadAction\",\"target\":[\"https:\\\/\\\/ksapa.org\\\/fr\\\/conseiller\\\/\"]}]},{\"@type\":\"ImageObject\",\"inLanguage\":\"fr-FR\",\"@id\":\"https:\\\/\\\/ksapa.org\\\/fr\\\/conseiller\\\/#primaryimage\",\"url\":\"https:\\\/\\\/ksapa.org\\\/fr\\\/wp-content\\\/uploads\\\/sites\\\/1\\\/2019\\\/06\\\/Advise-sustainability-trends-strategic-ksapa.jpg\",\"contentUrl\":\"https:\\\/\\\/ksapa.org\\\/fr\\\/wp-content\\\/uploads\\\/sites\\\/1\\\/2019\\\/06\\\/Advise-sustainability-trends-strategic-ksapa.jpg\",\"width\":\"2000\",\"height\":\"1500\",\"caption\":\"Ksapa - Conseil ESG & Solutions Durables\"},{\"@type\":\"BreadcrumbList\",\"@id\":\"https:\\\/\\\/ksapa.org\\\/fr\\\/conseiller\\\/#breadcrumb\",\"itemListElement\":[{\"@type\":\"ListItem\",\"position\":1,\"name\":\"Home\",\"item\":\"https:\\\/\\\/ksapa.org\\\/fr\\\/\"},{\"@type\":\"ListItem\",\"position\":2,\"name\":\"Conseiller\"}]},{\"@type\":\"WebSite\",\"@id\":\"https:\\\/\\\/ksapa.org\\\/fr\\\/#website\",\"url\":\"https:\\\/\\\/ksapa.org\\\/fr\\\/\",\"name\":\"Ksapa - fr\",\"description\":\"\",\"publisher\":{\"@id\":\"https:\\\/\\\/ksapa.org\\\/fr\\\/#organization\"},\"potentialAction\":[{\"@type\":\"SearchAction\",\"target\":{\"@type\":\"EntryPoint\",\"urlTemplate\":\"https:\\\/\\\/ksapa.org\\\/fr\\\/?s={search_term_string}\"},\"query-input\":{\"@type\":\"PropertyValueSpecification\",\"valueRequired\":true,\"valueName\":\"search_term_string\"}}],\"inLanguage\":\"fr-FR\"},{\"@type\":\"Organization\",\"@id\":\"https:\\\/\\\/ksapa.org\\\/fr\\\/#organization\",\"name\":\"ksapa\",\"url\":\"https:\\\/\\\/ksapa.org\\\/fr\\\/\",\"logo\":{\"@type\":\"ImageObject\",\"inLanguage\":\"fr-FR\",\"@id\":\"https:\\\/\\\/ksapa.org\\\/fr\\\/#\\\/schema\\\/logo\\\/image\\\/\",\"url\":\"https:\\\/\\\/ksapa.org\\\/fr\\\/wp-content\\\/uploads\\\/sites\\\/1\\\/2019\\\/06\\\/icone-ksapa.jpg\",\"contentUrl\":\"https:\\\/\\\/ksapa.org\\\/fr\\\/wp-content\\\/uploads\\\/sites\\\/1\\\/2019\\\/06\\\/icone-ksapa.jpg\",\"width\":\"442\",\"height\":\"421\",\"caption\":\"ksapa\"},\"image\":{\"@id\":\"https:\\\/\\\/ksapa.org\\\/fr\\\/#\\\/schema\\\/logo\\\/image\\\/\"},\"sameAs\":[\"https:\\\/\\\/x.com\\\/KsapaOrg\"]}]}<\/script>\n<!-- \/ Yoast SEO plugin. -->","yoast_head_json":{"title":"Ksapa : Solutions ESG & Impact pour Entreprises et D\u00e9cideurs","description":"Ksapa accompagne entreprises et investisseurs dans le d\u00e9ploiement de solutions ESG et d'investissement \u00e0 impact pour une performance durable","robots":{"index":"index","follow":"follow","max-snippet":"max-snippet:-1","max-image-preview":"max-image-preview:large","max-video-preview":"max-video-preview:-1"},"canonical":"https:\/\/ksapa.org\/fr\/conseiller\/","og_locale":"fr_FR","og_type":"article","og_title":"Ksapa : Solutions ESG & Impact pour Entreprises et D\u00e9cideurs","og_description":"Ksapa accompagne entreprises et investisseurs dans le d\u00e9ploiement de solutions ESG et d'investissement \u00e0 impact pour une performance durable","og_url":"https:\/\/ksapa.org\/fr\/conseiller\/","og_site_name":"Ksapa - fr","article_modified_time":"2025-01-01T16:29:10+00:00","og_image":[{"width":2000,"height":1500,"url":"https:\/\/ksapa.org\/fr\/wp-content\/uploads\/sites\/1\/2019\/06\/Advise-sustainability-trends-strategic-ksapa.jpg","type":"image\/jpeg"}],"twitter_card":"summary_large_image","twitter_site":"@KsapaOrg","twitter_misc":{"Dur\u00e9e de lecture estim\u00e9e":"2 minutes"},"schema":{"@context":"https:\/\/schema.org","@graph":[{"@type":"WebPage","@id":"https:\/\/ksapa.org\/fr\/conseiller\/","url":"https:\/\/ksapa.org\/fr\/conseiller\/","name":"Ksapa : Solutions ESG & Impact pour Entreprises et D\u00e9cideurs","isPartOf":{"@id":"https:\/\/ksapa.org\/fr\/#website"},"primaryImageOfPage":{"@id":"https:\/\/ksapa.org\/fr\/conseiller\/#primaryimage"},"image":{"@id":"https:\/\/ksapa.org\/fr\/conseiller\/#primaryimage"},"thumbnailUrl":"https:\/\/ksapa.org\/fr\/wp-content\/uploads\/sites\/1\/2019\/06\/Advise-sustainability-trends-strategic-ksapa.jpg","datePublished":"2021-09-14T08:35:06+00:00","dateModified":"2025-01-01T16:29:10+00:00","description":"Ksapa accompagne entreprises et investisseurs dans le d\u00e9ploiement de solutions ESG et d'investissement \u00e0 impact pour une performance durable","breadcrumb":{"@id":"https:\/\/ksapa.org\/fr\/conseiller\/#breadcrumb"},"inLanguage":"fr-FR","potentialAction":[{"@type":"ReadAction","target":["https:\/\/ksapa.org\/fr\/conseiller\/"]}]},{"@type":"ImageObject","inLanguage":"fr-FR","@id":"https:\/\/ksapa.org\/fr\/conseiller\/#primaryimage","url":"https:\/\/ksapa.org\/fr\/wp-content\/uploads\/sites\/1\/2019\/06\/Advise-sustainability-trends-strategic-ksapa.jpg","contentUrl":"https:\/\/ksapa.org\/fr\/wp-content\/uploads\/sites\/1\/2019\/06\/Advise-sustainability-trends-strategic-ksapa.jpg","width":"2000","height":"1500","caption":"Ksapa - Conseil ESG & Solutions Durables"},{"@type":"BreadcrumbList","@id":"https:\/\/ksapa.org\/fr\/conseiller\/#breadcrumb","itemListElement":[{"@type":"ListItem","position":1,"name":"Home","item":"https:\/\/ksapa.org\/fr\/"},{"@type":"ListItem","position":2,"name":"Conseiller"}]},{"@type":"WebSite","@id":"https:\/\/ksapa.org\/fr\/#website","url":"https:\/\/ksapa.org\/fr\/","name":"Ksapa - fr","description":"","publisher":{"@id":"https:\/\/ksapa.org\/fr\/#organization"},"potentialAction":[{"@type":"SearchAction","target":{"@type":"EntryPoint","urlTemplate":"https:\/\/ksapa.org\/fr\/?s={search_term_string}"},"query-input":{"@type":"PropertyValueSpecification","valueRequired":true,"valueName":"search_term_string"}}],"inLanguage":"fr-FR"},{"@type":"Organization","@id":"https:\/\/ksapa.org\/fr\/#organization","name":"ksapa","url":"https:\/\/ksapa.org\/fr\/","logo":{"@type":"ImageObject","inLanguage":"fr-FR","@id":"https:\/\/ksapa.org\/fr\/#\/schema\/logo\/image\/","url":"https:\/\/ksapa.org\/fr\/wp-content\/uploads\/sites\/1\/2019\/06\/icone-ksapa.jpg","contentUrl":"https:\/\/ksapa.org\/fr\/wp-content\/uploads\/sites\/1\/2019\/06\/icone-ksapa.jpg","width":"442","height":"421","caption":"ksapa"},"image":{"@id":"https:\/\/ksapa.org\/fr\/#\/schema\/logo\/image\/"},"sameAs":["https:\/\/x.com\/KsapaOrg"]}]}},"_links":{"self":[{"href":"https:\/\/ksapa.org\/fr\/wp-json\/wp\/v2\/pages\/4893","targetHints":{"allow":["GET"]}}],"collection":[{"href":"https:\/\/ksapa.org\/fr\/wp-json\/wp\/v2\/pages"}],"about":[{"href":"https:\/\/ksapa.org\/fr\/wp-json\/wp\/v2\/types\/page"}],"author":[{"embeddable":true,"href":"https:\/\/ksapa.org\/fr\/wp-json\/wp\/v2\/users\/70"}],"replies":[{"embeddable":true,"href":"https:\/\/ksapa.org\/fr\/wp-json\/wp\/v2\/comments?post=4893"}],"version-history":[{"count":27,"href":"https:\/\/ksapa.org\/fr\/wp-json\/wp\/v2\/pages\/4893\/revisions"}],"predecessor-version":[{"id":5145,"href":"https:\/\/ksapa.org\/fr\/wp-json\/wp\/v2\/pages\/4893\/revisions\/5145"}],"wp:featuredmedia":[{"embeddable":true,"href":"https:\/\/ksapa.org\/fr\/wp-json\/wp\/v2\/media\/475"}],"wp:attachment":[{"href":"https:\/\/ksapa.org\/fr\/wp-json\/wp\/v2\/media?parent=4893"}],"curies":[{"name":"wp","href":"https:\/\/api.w.org\/{rel}","templated":true}]}}