{"id":4933,"date":"2021-09-14T10:49:09","date_gmt":"2021-09-14T09:49:09","guid":{"rendered":"https:\/\/ksapa.org\/fr\/?page_id=4933"},"modified":"2025-10-06T14:50:24","modified_gmt":"2025-10-06T13:50:24","slug":"climat-et-circularite","status":"publish","type":"page","link":"https:\/\/ksapa.org\/fr\/conseiller\/climat-et-circularite\/","title":{"rendered":"Climat et circularit\u00e9"},"content":{"rendered":"\n\n  <div class=\"banner has-hover\" id=\"banner-604978759\">\n          <div class=\"banner-inner fill\">\n        <div class=\"banner-bg fill\" >\n            <div class=\"bg fill bg-fill \"><\/div>\n                        <div class=\"overlay\"><\/div>            \n                    <\/div>\n        <div class=\"banner-layers container\">\n            <div class=\"fill banner-link\"><\/div>            \n\n   <div id=\"text-box-186292239\" class=\"text-box banner-layer x50 md-x50 lg-x50 y50 md-y50 lg-y50 res-text\">\n                                <div class=\"text-box-content text dark\">\n              \n              <div class=\"text-inner text-center\">\n                  \n\n<h1 class=\"uppercase\"><strong>climat et circularit\u00e9<\/strong><\/h1>\n<div class=\"is-divider divider clearfix\" style=\"background-color:rgb(255, 255, 255);\"><\/div>\n\n\n              <\/div>\n           <\/div>\n                            \n<style>\n#text-box-186292239 {\n  width: 88%;\n}\n#text-box-186292239 .text-box-content {\n  font-size: 110%;\n}\n@media (min-width:550px) {\n  #text-box-186292239 .text-box-content {\n    font-size: 100%;\n  }\n}\n@media (min-width:850px) {\n  #text-box-186292239 {\n    width: 100%;\n  }\n}\n<\/style>\n    <\/div>\n \n\n        <\/div>\n      <\/div>\n\n            \n<style>\n#banner-604978759 {\n  padding-top: 350px;\n  background-color: rgb(255,255,255);\n}\n#banner-604978759 .bg.bg-loaded {\n  background-image: url(https:\/\/ksapa.org\/fr\/wp-content\/uploads\/sites\/1\/2021\/09\/pexels-photo-2547565-1.jpeg);\n}\n#banner-604978759 .overlay {\n  background-color: rgba(0,0,0,.5);\n}\n#banner-604978759 .bg {\n  background-position: 20% 67%;\n}\n<\/style>\n  <\/div>\n\n\n<div class=\"row align-center\"  id=\"row-651449192\">\n\n\n\t<div id=\"col-433192170\" class=\"col small-12 large-12\"  >\n\t\t\t\t<div class=\"col-inner\"  >\n\t\t\t\n\t\t\t\n\n<div class=\"row align-center\"  id=\"row-2066141729\">\n\n\n\t<div id=\"col-7246880\" class=\"col small-12 large-12\"  >\n\t\t\t\t<div class=\"col-inner\"  >\n\t\t\t\n\t\t\t\n\n<p class=\"lead\" style=\"text-align: center\">Un nombre toujours croissant des plus grandes entreprises du monde se sont fix\u00e9 des objectifs de neutralit\u00e9 carbone. Des gestionnaires d&rsquo;actifs \u00e0 la t\u00eate de milliards de dollars se sont engag\u00e9s \u00e0 structurer des portefeuilles neutres en carbone dans des \u00e9ch\u00e9ances toujours plus courtes.<\/p>\n<p class=\"lead\" style=\"text-align: center\">Dans le m\u00eame temps, le co\u00fbt d\u2019une transition neutre en carbone \u00e0 l\u2019horizon 2050 est estim\u00e9 entre 92 et 173 000 milliards de dollars sur les 30 prochaines ann\u00e9es. L&rsquo;heure n\u2019est donc plus aux engagements de forme. Les entreprises et investisseurs doivent plus que jamais intensifier leurs efforts \u2013 tant en termes d&rsquo;ambition que dans les moyens op\u00e9rationnels acc\u00e9l\u00e9rant les transformations.<\/p>\n\n\t\t<\/div>\n\t\t\t\t\t<\/div>\n\n\t\n\n<\/div>\n<h2>Neutralit\u00e9 Carbone<\/h2>\n<p>L&rsquo;Agence internationale de l&rsquo;\u00e9nergie a recommand\u00e9 une s\u00e9rie de mesures urgentes pour permettre aux entreprises et aux investisseurs d\u2019atteindre la neutralit\u00e9 carbone d&rsquo;ici \u00e0 2050. Les conclusions de son rapport constituant une menace majeure pour tout acteur \u00e9conomique, contactez Ksapa pour savoir comment nous pouvons aider votre organisation \u00e0 s\u2019y pr\u00e9parer :<\/p>\n<ul>\n<li>Nous travaillons dans un premier temps avec les organisations pour prendre la pleine mesure de leurs <strong>responsabilit\u00e9s et de leurs impacts.<\/strong> Nous couvrons l\u2019ensemble de leur cha\u00eene de valeur, dont l&#8217;empreinte carbone qu&rsquo;elles tendent \u00e0 externaliser vers leurs consommateurs ;<\/li>\n<li>Ensuite, nous aidons les d\u00e9cideurs \u00e0 remettre en question leurs mod\u00e8les \u00e9conomiques pour justifier<strong> leurs activit\u00e9s de compensation<\/strong> en l&rsquo;absence d&rsquo;une alternative solide ;<\/li>\n<li>Enfin, nous aidons les \u00e9quipes op\u00e9rationnelles \u00e0 anticiper <strong>les risques juridiques<\/strong> li\u00e9s au manque de compr\u00e9hension ou \u00e0 l\u2019insuffisance de leurs efforts, tant en termes d\u2019\u00e9chelle que d\u2019ambition.<\/li>\n<\/ul>\n<h2>Circularit\u00e9<\/h2>\n<p>L&rsquo;imbrication croissante de crises climatique, sociale et sanitaire montre combien il est crucial pour les entreprises et investisseurs d&rsquo;analyser ce qu&rsquo;ils ach\u00e8tent et vendent. Il s\u2019agit de s\u00e9curiser\u00a0leur proposition de valeur \u00e0 destination de la communaut\u00e9 internationale tout en renfor\u00e7ant leur contribution pour les autres acteurs en aval de la cha\u00eene de valeur.<\/p>\n<p>Ksapa rel\u00e8ve ces d\u00e9fis de circularit\u00e9 en combinant efforts de hi\u00e9rarchisation, mod\u00e8les d&rsquo;investissement innovants et initiatives collaboratives :<\/p>\n<ul>\n<li>D&rsquo;abord, nous concevons et coordonnons <strong>des programmes de dialogue inter-parties prenantes<\/strong> qui permettent \u00e0 nos partenaires de jauger l\u2019acceptabilit\u00e9 de produits qui ne seraient pas con\u00e7us selon les principes de l\u2019\u00e9conomie circulaire. Le cas \u00e9ch\u00e9ant, nous d\u00e9veloppons des m\u00e9thodologies pour accompagner \u00e0 votre organisation dans l\u2019\u00e9limination de produits devenus probl\u00e9matiques.<\/li>\n<li>Ensuite, nous d\u00e9veloppons <strong>des mod\u00e8les de financement innovants<\/strong> passibles de conjuguer les perspectives d\u2019investisseurs \u00e0 impact avec celles des industries. C&rsquo;est ainsi que nous prenons une part active au partage des ressources et la g\u00e9n\u00e9ralisation de technologies industrielles ou de solutions d&#8217;emballage alternatives, pour r\u00e9duire leur d\u00e9pendances de syst\u00e8mes non circulaires.<\/li>\n<li>Enfin, nous menons et contribuons \u00e0 <strong>des initiatives collaboratives<\/strong> pour aider nos clients \u00e0 adopter une approche plus syst\u00e9mique de la circularit\u00e9. Les collaborations simplifient la gestion de l&rsquo;approvisionnement, \u00e0 la fois directement et indirectement. Elles sont en effet porteuses de sens dans un environnement des plus complexes, pour d\u00e9velopper et impl\u00e9menter des solutions \u00e0 grande \u00e9chelle et sur le long terme.<\/li>\n<\/ul>\n<p>Un aspect cl\u00e9 de notre vision \u00e0 Ksapa est d&rsquo;aller au-del\u00e0 du conseil strat\u00e9gique et d&rsquo;assortir nos recommandations de solutions concr\u00e8tes pour aller de l&rsquo;avant. C\u2019est particuli\u00e8rement vrai de notre programme <a href=\"https:\/\/ksapa.org\/activate\/v-chet-presentation\/\">VCHET<\/a> pour l&rsquo;att\u00e9nuation des risques climatiques. Nos \u00e9quipes facilitent le d\u00e9veloppement de strat\u00e9gies de transition pertinentes, l\u2019acc\u00e8s \u00e0 diff\u00e9rents experts techniques et la mobilisation de fonds de roulement pour d\u00e9ployer vos ambitions \u00e9nerg\u00e9tiques \u00e0 travers votre cha\u00eene de valeur.<\/p>\n<p>D\u00e9couvrez plus largement <a href=\"https:\/\/ksapa.org\/fr\/conseiller\/\">l&rsquo;offre de conseil en d\u00e9veloppement durable de<\/a> Ksapa. Nos \u00e9quipes peuvent en effet aider votre organisation \u00e0 combiner des m\u00e9thodologies de pointe, des plans d&rsquo;action audacieux et les moyens financiers n\u00e9cessaires pour intensifier vos efforts en mati\u00e8re de climat et de circularit\u00e9.<\/p>\n\n\t\t<\/div>\n\t\t\t\t\t<\/div>\n\n\t\n\n<\/div>\n<div class=\"row align-center\"  id=\"row-779486189\">\n\n\n\t<div id=\"col-965879473\" class=\"col small-12 large-12\"  >\n\t\t\t\t<div class=\"col-inner\"  >\n\t\t\t\n\t\t\t\n\n<div class=\"text-center\"><div class=\"is-divider divider clearfix\" ><\/div><\/div>\n\n<h2 style=\"text-align: center\">En savoir plus sur le climat et la circularit\u00e9<\/h2>\n\t<div id=\"gap-1600135455\" class=\"gap-element clearfix\" style=\"display:block; height:auto;\">\n\t\t\n<style>\n#gap-1600135455 {\n  padding-top: 30px;\n}\n<\/style>\n\t<\/div>\n\t\n\n<div class=\"row\"  id=\"row-1966369509\">\n\n\n\t<div id=\"col-890274320\" class=\"col medium-4 small-12 large-4\"  >\n\t\t\t\t<div class=\"col-inner\"  >\n\t\t\t\n\t\t\t\n\n\n  <div class=\"banner has-hover bg-zoom\" id=\"banner-1993232733\">\n          <div class=\"banner-inner fill\">\n        <div class=\"banner-bg fill\" >\n            <div class=\"bg fill bg-fill \"><\/div>\n                        <div class=\"overlay\"><\/div>            \n                    <\/div>\n        <div class=\"banner-layers container\">\n            <a class=\"fill\" href=\"https:\/\/ksapa.org\/fr\/a-propos\/nos-etudes-de-cas\/\"  ><div class=\"fill banner-link\"><\/div><\/a>            \n\n   <div id=\"text-box-2091201985\" class=\"text-box banner-layer x50 md-x50 lg-x50 y50 md-y50 lg-y50 res-text\">\n                                <div class=\"text-box-content text dark\">\n              \n              <div class=\"text-inner text-center\">\n                  \n\n<h2 class=\"uppercase\"><a href=\"https:\/\/ksapa.org\/fr\/a-propos\/etudes-de-cas-du-defi-esg-vers-la-transformation-odd-durable\/\">NOS \u00c9TUDES DE CAS<\/a><\/h2>\n\n              <\/div>\n           <\/div>\n                            \n<style>\n#text-box-2091201985 {\n  width: 60%;\n}\n#text-box-2091201985 .text-box-content {\n  font-size: 100%;\n}\n<\/style>\n    <\/div>\n \n\n        <\/div>\n      <\/div>\n\n            \n<style>\n#banner-1993232733 {\n  padding-top: 150px;\n}\n#banner-1993232733 .bg.bg-loaded {\n  background-image: url(https:\/\/ksapa.org\/fr\/wp-content\/uploads\/sites\/1\/2021\/08\/pexels-mentatdgt-2173508-600x400.jpg);\n}\n#banner-1993232733 .overlay {\n  background-color: rgba(0,0,0,.5);\n}\n<\/style>\n  <\/div>\n\n\n\n\t\t<\/div>\n\t\t\t\t\t<\/div>\n\n\t\n\n\t<div id=\"col-2117965151\" class=\"col medium-4 small-12 large-4\"  >\n\t\t\t\t<div class=\"col-inner\"  >\n\t\t\t\n\t\t\t\n\n\n  <div class=\"banner has-hover bg-zoom\" id=\"banner-1901449331\">\n          <div class=\"banner-inner fill\">\n        <div class=\"banner-bg fill\" >\n            <div class=\"bg fill bg-fill \"><\/div>\n                        <div class=\"overlay\"><\/div>            \n                    <\/div>\n        <div class=\"banner-layers container\">\n            <a class=\"fill\" href=\"https:\/\/ksapa.org\/fr\/mobiliser\/blog\/\"  ><div class=\"fill banner-link\"><\/div><\/a>            \n\n   <div id=\"text-box-926306006\" class=\"text-box banner-layer x50 md-x50 lg-x50 y50 md-y50 lg-y50 res-text\">\n                                <div class=\"text-box-content text dark\">\n              \n              <div class=\"text-inner text-center\">\n                  \n\n<h2 class=\"uppercase\"><a href=\"https:\/\/ksapa.org\/fr\/mobiliser\/blog\/\">blog<\/a><\/h2>\n\n              <\/div>\n           <\/div>\n                            \n<style>\n#text-box-926306006 {\n  width: 60%;\n}\n#text-box-926306006 .text-box-content {\n  font-size: 100%;\n}\n<\/style>\n    <\/div>\n \n\n        <\/div>\n      <\/div>\n\n            \n<style>\n#banner-1901449331 {\n  padding-top: 150px;\n}\n#banner-1901449331 .bg.bg-loaded {\n  background-image: url(https:\/\/ksapa.org\/fr\/wp-content\/uploads\/sites\/1\/2019\/02\/bienvenue-sur-le-blog-de-farid-baddache-resilience-impact-inclusion-601x400.jpg);\n}\n#banner-1901449331 .overlay {\n  background-color: rgba(0,0,0,.5);\n}\n<\/style>\n  <\/div>\n\n\n\n\t\t<\/div>\n\t\t\t\t\t<\/div>\n\n\t\n\n\t<div id=\"col-302122921\" class=\"col medium-4 small-12 large-4\"  >\n\t\t\t\t<div class=\"col-inner\"  >\n\t\t\t\n\t\t\t\n\n\n  <div class=\"banner has-hover bg-zoom\" id=\"banner-674463045\">\n          <div class=\"banner-inner fill\">\n        <div class=\"banner-bg fill\" >\n            <div class=\"bg fill bg-fill \"><\/div>\n                        <div class=\"overlay\"><\/div>            \n                    <\/div>\n        <div class=\"banner-layers container\">\n            <a class=\"fill\" href=\"https:\/\/ksapa.org\/fr\/mobiliser\/publications\/\"  ><div class=\"fill banner-link\"><\/div><\/a>            \n\n   <div id=\"text-box-250328848\" class=\"text-box banner-layer x50 md-x50 lg-x50 y50 md-y50 lg-y50 res-text\">\n                                <div class=\"text-box-content text dark\">\n              \n              <div class=\"text-inner text-center\">\n                  \n\n<h2 class=\"uppercase\"><a href=\"https:\/\/ksapa.org\/fr\/mobiliser\/publications\/\">publications<\/a><\/h2>\n\n              <\/div>\n           <\/div>\n                            \n<style>\n#text-box-250328848 {\n  width: 100%;\n}\n#text-box-250328848 .text-box-content {\n  font-size: 100%;\n}\n<\/style>\n    <\/div>\n \n\n        <\/div>\n      <\/div>\n\n            \n<style>\n#banner-674463045 {\n  padding-top: 150px;\n}\n#banner-674463045 .bg.bg-loaded {\n  background-image: url(https:\/\/ksapa.org\/fr\/wp-content\/uploads\/sites\/1\/2019\/02\/livres-publications-ouvrages-farid-baddache-600x400.jpg);\n}\n#banner-674463045 .overlay {\n  background-color: rgba(0,0,0,.5);\n}\n<\/style>\n  <\/div>\n\n\n\n\t\t<\/div>\n\t\t\t\t\t<\/div>\n\n\t\n\n\t<div id=\"col-1399135609\" class=\"col small-12 large-12\"  >\n\t\t\t\t<div class=\"col-inner text-center\"  >\n\t\t\t\n\t\t\t\n\n<a href=\"https:\/\/ksapa.org\/fr\/conseiller\/\" target=\"_self\" class=\"button primary\"  style=\"border-radius:99px;\">\n    <span>Conseiller<\/span>\n  <\/a>\n\n\n\n\t\t<\/div>\n\t\t\t\t\t<\/div>\n\n\t\n\n<\/div>\n\n\t\t<\/div>\n\t\t\t\t\t<\/div>\n\n\t\n\n<\/div>\n\n","protected":false},"excerpt":{"rendered":"","protected":false},"author":70,"featured_media":4876,"parent":4893,"menu_order":0,"comment_status":"closed","ping_status":"closed","template":"page-blank.php","meta":{"footnotes":""},"class_list":["post-4933","page","type-page","status-publish","has-post-thumbnail","hentry"],"yoast_head":"<!-- This site is optimized with the Yoast SEO plugin v27.3 - https:\/\/yoast.com\/product\/yoast-seo-wordpress\/ -->\n<title>Ksapa \u2013 Conseiller - Climat et circularit\u00e9<\/title>\n<meta name=\"description\" content=\"Contactez-nous pour savoir comment nous pouvons aider votre organisation \u00e0 se pr\u00e9parer \u00e0 vos objectifs Net-Zero. Gr\u00e2ce \u00e0 la cartographie, \u00e0 la sensibilisation et au soutien op\u00e9rationnel, nous pouvons vous aider \u00e0 mettre en \u0153uvre une strat\u00e9gie rigoureuse et une mise en \u0153uvre op\u00e9rationnelle.\" \/>\n<meta name=\"robots\" content=\"index, follow, max-snippet:-1, max-image-preview:large, max-video-preview:-1\" \/>\n<link rel=\"canonical\" href=\"https:\/\/ksapa.org\/fr\/conseiller\/climat-et-circularite\/\" \/>\n<meta property=\"og:locale\" content=\"fr_FR\" \/>\n<meta property=\"og:type\" content=\"article\" \/>\n<meta property=\"og:title\" content=\"Ksapa \u2013 Conseiller - Climat et circularit\u00e9\" \/>\n<meta property=\"og:description\" content=\"Contactez-nous pour savoir comment nous pouvons aider votre organisation \u00e0 se pr\u00e9parer \u00e0 vos objectifs Net-Zero. Gr\u00e2ce \u00e0 la cartographie, \u00e0 la sensibilisation et au soutien op\u00e9rationnel, nous pouvons vous aider \u00e0 mettre en \u0153uvre une strat\u00e9gie rigoureuse et une mise en \u0153uvre op\u00e9rationnelle.\" \/>\n<meta property=\"og:url\" content=\"https:\/\/ksapa.org\/fr\/conseiller\/climat-et-circularite\/\" \/>\n<meta property=\"og:site_name\" content=\"Ksapa - fr\" \/>\n<meta property=\"article:modified_time\" content=\"2025-10-06T13:50:24+00:00\" \/>\n<meta property=\"og:image\" content=\"https:\/\/ksapa.org\/fr\/wp-content\/uploads\/sites\/1\/2021\/09\/pexels-photo-2547565-1.jpeg\" \/>\n\t<meta property=\"og:image:width\" content=\"1000\" \/>\n\t<meta property=\"og:image:height\" content=\"667\" \/>\n\t<meta property=\"og:image:type\" content=\"image\/jpeg\" \/>\n<meta name=\"twitter:card\" content=\"summary_large_image\" \/>\n<meta name=\"twitter:site\" content=\"@KsapaOrg\" \/>\n<meta name=\"twitter:label1\" content=\"Dur\u00e9e de lecture estim\u00e9e\" \/>\n\t<meta name=\"twitter:data1\" content=\"4 minutes\" \/>\n<script type=\"application\/ld+json\" class=\"yoast-schema-graph\">{\"@context\":\"https:\\\/\\\/schema.org\",\"@graph\":[{\"@type\":\"WebPage\",\"@id\":\"https:\\\/\\\/ksapa.org\\\/fr\\\/conseiller\\\/climat-et-circularite\\\/\",\"url\":\"https:\\\/\\\/ksapa.org\\\/fr\\\/conseiller\\\/climat-et-circularite\\\/\",\"name\":\"Ksapa \u2013 Conseiller - Climat et circularit\u00e9\",\"isPartOf\":{\"@id\":\"https:\\\/\\\/ksapa.org\\\/fr\\\/#website\"},\"primaryImageOfPage\":{\"@id\":\"https:\\\/\\\/ksapa.org\\\/fr\\\/conseiller\\\/climat-et-circularite\\\/#primaryimage\"},\"image\":{\"@id\":\"https:\\\/\\\/ksapa.org\\\/fr\\\/conseiller\\\/climat-et-circularite\\\/#primaryimage\"},\"thumbnailUrl\":\"https:\\\/\\\/ksapa.org\\\/fr\\\/wp-content\\\/uploads\\\/sites\\\/1\\\/2021\\\/09\\\/pexels-photo-2547565-1.jpeg\",\"datePublished\":\"2021-09-14T09:49:09+00:00\",\"dateModified\":\"2025-10-06T13:50:24+00:00\",\"description\":\"Contactez-nous pour savoir comment nous pouvons aider votre organisation \u00e0 se pr\u00e9parer \u00e0 vos objectifs Net-Zero. Gr\u00e2ce \u00e0 la cartographie, \u00e0 la sensibilisation et au soutien op\u00e9rationnel, nous pouvons vous aider \u00e0 mettre en \u0153uvre une strat\u00e9gie rigoureuse et une mise en \u0153uvre op\u00e9rationnelle.\",\"breadcrumb\":{\"@id\":\"https:\\\/\\\/ksapa.org\\\/fr\\\/conseiller\\\/climat-et-circularite\\\/#breadcrumb\"},\"inLanguage\":\"fr-FR\",\"potentialAction\":[{\"@type\":\"ReadAction\",\"target\":[\"https:\\\/\\\/ksapa.org\\\/fr\\\/conseiller\\\/climat-et-circularite\\\/\"]}]},{\"@type\":\"ImageObject\",\"inLanguage\":\"fr-FR\",\"@id\":\"https:\\\/\\\/ksapa.org\\\/fr\\\/conseiller\\\/climat-et-circularite\\\/#primaryimage\",\"url\":\"https:\\\/\\\/ksapa.org\\\/fr\\\/wp-content\\\/uploads\\\/sites\\\/1\\\/2021\\\/09\\\/pexels-photo-2547565-1.jpeg\",\"contentUrl\":\"https:\\\/\\\/ksapa.org\\\/fr\\\/wp-content\\\/uploads\\\/sites\\\/1\\\/2021\\\/09\\\/pexels-photo-2547565-1.jpeg\",\"width\":1000,\"height\":667},{\"@type\":\"BreadcrumbList\",\"@id\":\"https:\\\/\\\/ksapa.org\\\/fr\\\/conseiller\\\/climat-et-circularite\\\/#breadcrumb\",\"itemListElement\":[{\"@type\":\"ListItem\",\"position\":1,\"name\":\"Home\",\"item\":\"https:\\\/\\\/ksapa.org\\\/fr\\\/\"},{\"@type\":\"ListItem\",\"position\":2,\"name\":\"Conseiller\",\"item\":\"https:\\\/\\\/ksapa.org\\\/fr\\\/conseiller\\\/\"},{\"@type\":\"ListItem\",\"position\":3,\"name\":\"Climat et circularit\u00e9\"}]},{\"@type\":\"WebSite\",\"@id\":\"https:\\\/\\\/ksapa.org\\\/fr\\\/#website\",\"url\":\"https:\\\/\\\/ksapa.org\\\/fr\\\/\",\"name\":\"Ksapa - fr\",\"description\":\"\",\"publisher\":{\"@id\":\"https:\\\/\\\/ksapa.org\\\/fr\\\/#organization\"},\"potentialAction\":[{\"@type\":\"SearchAction\",\"target\":{\"@type\":\"EntryPoint\",\"urlTemplate\":\"https:\\\/\\\/ksapa.org\\\/fr\\\/?s={search_term_string}\"},\"query-input\":{\"@type\":\"PropertyValueSpecification\",\"valueRequired\":true,\"valueName\":\"search_term_string\"}}],\"inLanguage\":\"fr-FR\"},{\"@type\":\"Organization\",\"@id\":\"https:\\\/\\\/ksapa.org\\\/fr\\\/#organization\",\"name\":\"ksapa\",\"url\":\"https:\\\/\\\/ksapa.org\\\/fr\\\/\",\"logo\":{\"@type\":\"ImageObject\",\"inLanguage\":\"fr-FR\",\"@id\":\"https:\\\/\\\/ksapa.org\\\/fr\\\/#\\\/schema\\\/logo\\\/image\\\/\",\"url\":\"https:\\\/\\\/ksapa.org\\\/fr\\\/wp-content\\\/uploads\\\/sites\\\/1\\\/2019\\\/06\\\/icone-ksapa.jpg\",\"contentUrl\":\"https:\\\/\\\/ksapa.org\\\/fr\\\/wp-content\\\/uploads\\\/sites\\\/1\\\/2019\\\/06\\\/icone-ksapa.jpg\",\"width\":\"442\",\"height\":\"421\",\"caption\":\"ksapa\"},\"image\":{\"@id\":\"https:\\\/\\\/ksapa.org\\\/fr\\\/#\\\/schema\\\/logo\\\/image\\\/\"},\"sameAs\":[\"https:\\\/\\\/x.com\\\/KsapaOrg\"]}]}<\/script>\n<!-- \/ Yoast SEO plugin. -->","yoast_head_json":{"title":"Ksapa \u2013 Conseiller - Climat et circularit\u00e9","description":"Contactez-nous pour savoir comment nous pouvons aider votre organisation \u00e0 se pr\u00e9parer \u00e0 vos objectifs Net-Zero. Gr\u00e2ce \u00e0 la cartographie, \u00e0 la sensibilisation et au soutien op\u00e9rationnel, nous pouvons vous aider \u00e0 mettre en \u0153uvre une strat\u00e9gie rigoureuse et une mise en \u0153uvre op\u00e9rationnelle.","robots":{"index":"index","follow":"follow","max-snippet":"max-snippet:-1","max-image-preview":"max-image-preview:large","max-video-preview":"max-video-preview:-1"},"canonical":"https:\/\/ksapa.org\/fr\/conseiller\/climat-et-circularite\/","og_locale":"fr_FR","og_type":"article","og_title":"Ksapa \u2013 Conseiller - Climat et circularit\u00e9","og_description":"Contactez-nous pour savoir comment nous pouvons aider votre organisation \u00e0 se pr\u00e9parer \u00e0 vos objectifs Net-Zero. Gr\u00e2ce \u00e0 la cartographie, \u00e0 la sensibilisation et au soutien op\u00e9rationnel, nous pouvons vous aider \u00e0 mettre en \u0153uvre une strat\u00e9gie rigoureuse et une mise en \u0153uvre op\u00e9rationnelle.","og_url":"https:\/\/ksapa.org\/fr\/conseiller\/climat-et-circularite\/","og_site_name":"Ksapa - fr","article_modified_time":"2025-10-06T13:50:24+00:00","og_image":[{"width":1000,"height":667,"url":"https:\/\/ksapa.org\/fr\/wp-content\/uploads\/sites\/1\/2021\/09\/pexels-photo-2547565-1.jpeg","type":"image\/jpeg"}],"twitter_card":"summary_large_image","twitter_site":"@KsapaOrg","twitter_misc":{"Dur\u00e9e de lecture estim\u00e9e":"4 minutes"},"schema":{"@context":"https:\/\/schema.org","@graph":[{"@type":"WebPage","@id":"https:\/\/ksapa.org\/fr\/conseiller\/climat-et-circularite\/","url":"https:\/\/ksapa.org\/fr\/conseiller\/climat-et-circularite\/","name":"Ksapa \u2013 Conseiller - Climat et circularit\u00e9","isPartOf":{"@id":"https:\/\/ksapa.org\/fr\/#website"},"primaryImageOfPage":{"@id":"https:\/\/ksapa.org\/fr\/conseiller\/climat-et-circularite\/#primaryimage"},"image":{"@id":"https:\/\/ksapa.org\/fr\/conseiller\/climat-et-circularite\/#primaryimage"},"thumbnailUrl":"https:\/\/ksapa.org\/fr\/wp-content\/uploads\/sites\/1\/2021\/09\/pexels-photo-2547565-1.jpeg","datePublished":"2021-09-14T09:49:09+00:00","dateModified":"2025-10-06T13:50:24+00:00","description":"Contactez-nous pour savoir comment nous pouvons aider votre organisation \u00e0 se pr\u00e9parer \u00e0 vos objectifs Net-Zero. Gr\u00e2ce \u00e0 la cartographie, \u00e0 la sensibilisation et au soutien op\u00e9rationnel, nous pouvons vous aider \u00e0 mettre en \u0153uvre une strat\u00e9gie rigoureuse et une mise en \u0153uvre op\u00e9rationnelle.","breadcrumb":{"@id":"https:\/\/ksapa.org\/fr\/conseiller\/climat-et-circularite\/#breadcrumb"},"inLanguage":"fr-FR","potentialAction":[{"@type":"ReadAction","target":["https:\/\/ksapa.org\/fr\/conseiller\/climat-et-circularite\/"]}]},{"@type":"ImageObject","inLanguage":"fr-FR","@id":"https:\/\/ksapa.org\/fr\/conseiller\/climat-et-circularite\/#primaryimage","url":"https:\/\/ksapa.org\/fr\/wp-content\/uploads\/sites\/1\/2021\/09\/pexels-photo-2547565-1.jpeg","contentUrl":"https:\/\/ksapa.org\/fr\/wp-content\/uploads\/sites\/1\/2021\/09\/pexels-photo-2547565-1.jpeg","width":1000,"height":667},{"@type":"BreadcrumbList","@id":"https:\/\/ksapa.org\/fr\/conseiller\/climat-et-circularite\/#breadcrumb","itemListElement":[{"@type":"ListItem","position":1,"name":"Home","item":"https:\/\/ksapa.org\/fr\/"},{"@type":"ListItem","position":2,"name":"Conseiller","item":"https:\/\/ksapa.org\/fr\/conseiller\/"},{"@type":"ListItem","position":3,"name":"Climat et circularit\u00e9"}]},{"@type":"WebSite","@id":"https:\/\/ksapa.org\/fr\/#website","url":"https:\/\/ksapa.org\/fr\/","name":"Ksapa - fr","description":"","publisher":{"@id":"https:\/\/ksapa.org\/fr\/#organization"},"potentialAction":[{"@type":"SearchAction","target":{"@type":"EntryPoint","urlTemplate":"https:\/\/ksapa.org\/fr\/?s={search_term_string}"},"query-input":{"@type":"PropertyValueSpecification","valueRequired":true,"valueName":"search_term_string"}}],"inLanguage":"fr-FR"},{"@type":"Organization","@id":"https:\/\/ksapa.org\/fr\/#organization","name":"ksapa","url":"https:\/\/ksapa.org\/fr\/","logo":{"@type":"ImageObject","inLanguage":"fr-FR","@id":"https:\/\/ksapa.org\/fr\/#\/schema\/logo\/image\/","url":"https:\/\/ksapa.org\/fr\/wp-content\/uploads\/sites\/1\/2019\/06\/icone-ksapa.jpg","contentUrl":"https:\/\/ksapa.org\/fr\/wp-content\/uploads\/sites\/1\/2019\/06\/icone-ksapa.jpg","width":"442","height":"421","caption":"ksapa"},"image":{"@id":"https:\/\/ksapa.org\/fr\/#\/schema\/logo\/image\/"},"sameAs":["https:\/\/x.com\/KsapaOrg"]}]}},"_links":{"self":[{"href":"https:\/\/ksapa.org\/fr\/wp-json\/wp\/v2\/pages\/4933","targetHints":{"allow":["GET"]}}],"collection":[{"href":"https:\/\/ksapa.org\/fr\/wp-json\/wp\/v2\/pages"}],"about":[{"href":"https:\/\/ksapa.org\/fr\/wp-json\/wp\/v2\/types\/page"}],"author":[{"embeddable":true,"href":"https:\/\/ksapa.org\/fr\/wp-json\/wp\/v2\/users\/70"}],"replies":[{"embeddable":true,"href":"https:\/\/ksapa.org\/fr\/wp-json\/wp\/v2\/comments?post=4933"}],"version-history":[{"count":13,"href":"https:\/\/ksapa.org\/fr\/wp-json\/wp\/v2\/pages\/4933\/revisions"}],"predecessor-version":[{"id":10864,"href":"https:\/\/ksapa.org\/fr\/wp-json\/wp\/v2\/pages\/4933\/revisions\/10864"}],"up":[{"embeddable":true,"href":"https:\/\/ksapa.org\/fr\/wp-json\/wp\/v2\/pages\/4893"}],"wp:featuredmedia":[{"embeddable":true,"href":"https:\/\/ksapa.org\/fr\/wp-json\/wp\/v2\/media\/4876"}],"wp:attachment":[{"href":"https:\/\/ksapa.org\/fr\/wp-json\/wp\/v2\/media?parent=4933"}],"curies":[{"name":"wp","href":"https:\/\/api.w.org\/{rel}","templated":true}]}}