{"id":4939,"date":"2021-09-14T10:55:06","date_gmt":"2021-09-14T09:55:06","guid":{"rendered":"https:\/\/ksapa.org\/fr\/?page_id=4939"},"modified":"2026-02-10T16:48:10","modified_gmt":"2026-02-10T15:48:10","slug":"chaines-dapprovisionnement-durables","status":"publish","type":"page","link":"https:\/\/ksapa.org\/fr\/conseiller\/chaines-dapprovisionnement-durables\/","title":{"rendered":"Cha\u00eenes d&rsquo;approvisionnement durables"},"content":{"rendered":"\n\n  <div class=\"banner has-hover\" id=\"banner-1761983930\">\n          <div class=\"banner-inner fill\">\n        <div class=\"banner-bg fill\" >\n            <div class=\"bg fill bg-fill \"><\/div>\n                        <div class=\"overlay\"><\/div>            \n                    <\/div>\n        <div class=\"banner-layers container\">\n            <div class=\"fill banner-link\"><\/div>            \n\n   <div id=\"text-box-1557093006\" class=\"text-box banner-layer x50 md-x50 lg-x50 y50 md-y50 lg-y50 res-text\">\n                                <div class=\"text-box-content text dark\">\n              \n              <div class=\"text-inner text-center\">\n                  \n\n<h1 class=\"uppercase\"><strong>CHA\u00eenes D&rsquo;APPROVISIONNEMENT DURABLES<\/strong><\/h1>\n<div class=\"is-divider divider clearfix\" style=\"background-color:rgb(255, 255, 255);\"><\/div>\n\n\n              <\/div>\n           <\/div>\n                            \n<style>\n#text-box-1557093006 {\n  width: 100%;\n}\n#text-box-1557093006 .text-box-content {\n  font-size: 72%;\n}\n@media (min-width:550px) {\n  #text-box-1557093006 {\n    width: 88%;\n  }\n  #text-box-1557093006 .text-box-content {\n    font-size: 100%;\n  }\n}\n@media (min-width:850px) {\n  #text-box-1557093006 {\n    width: 100%;\n  }\n}\n<\/style>\n    <\/div>\n \n\n        <\/div>\n      <\/div>\n\n            \n<style>\n#banner-1761983930 {\n  padding-top: 350px;\n  background-color: rgb(255,255,255);\n}\n#banner-1761983930 .bg.bg-loaded {\n  background-image: url(https:\/\/ksapa.org\/fr\/wp-content\/uploads\/sites\/1\/2020\/06\/CPO-3-Solutions-to-Maximize-Value-of-Responsible-Supply-Chain-Programs-scaled.jpg);\n}\n#banner-1761983930 .overlay {\n  background-color: rgba(0,0,0,.5);\n}\n#banner-1761983930 .bg {\n  background-position: 20% 54%;\n}\n<\/style>\n  <\/div>\n\n\n<div class=\"row align-center\"  id=\"row-353657876\">\n\n\n\t<div id=\"col-241552543\" class=\"col small-12 large-12\"  >\n\t\t\t\t<div class=\"col-inner\"  >\n\t\t\t\n\t\t\t\n\n<div class=\"row align-center\"  id=\"row-1198320218\">\n\n\n\t<div id=\"col-381614535\" class=\"col small-12 large-12\"  >\n\t\t\t\t<div class=\"col-inner\"  >\n\t\t\t\n\t\t\t\n\n<p class=\"lead\" style=\"text-align: center\">La fonction achats des entreprises et les responsables de l\u2019approvisionnement sont soumis \u00e0 <strong>des injonctions contradictoires.<\/strong> Ils doivent cr\u00e9er de la valeur commerciale en optimisant les co\u00fbts et int\u00e9grer une approche durable dans l\u2019\u00e9valuation des risques de leur cha\u00eene d\u2019approvisionnement.<\/p>\n\n\t\t<\/div>\n\t\t\t\t\t<\/div>\n\n\t\n\n<\/div>\n<p>Ksapa offre ainsi des m\u00e9thodologies et solutions concr\u00e8tes pour structurer l\u2019am\u00e9lioration de la performance des actifs, l\u2019approvisionnement durable et \u00e9thique ou encore le respect de standards de r\u00e9f\u00e9rence. Nous nous d\u00e9ployons \u00e0 ce titre dans une logique collaborative tir\u00e9e par les fili\u00e8res.<\/p>\n<p>Gr\u00e2ce \u00e0 notre connaissance fine des r\u00e9alit\u00e9s contextuelles et op\u00e9rationnelles des fournisseurs et des territoires, Ksapa accompagne les acheteurs dans leurs diff\u00e9rents programmes de rem\u00e9diation de leurs risques socio-environnementaux complexes et interconnect\u00e9s.<\/p>\n<p>L\u2019action de Ksapa vise \u00e0 d\u00e9passer la logique conventionnelle <strong>du triptyque code-standard-audit.<\/strong> Nous d\u00e9ployons ainsi en compl\u00e9ment des d\u00e9marches innovantes sur le plan organisationnel, de la technologie ou encore de l\u2019acc\u00e8s \u00e0 la formation. Autant de d\u00e9marches que nous avons combin\u00e9es dans notre programme <a href=\"https:\/\/ksapa.org\/fr\/activer\/suite-digitale-sutti\/\">Suite SUTTI digitale.<\/a><\/p>\n<p>Nous \u0153uvrons ainsi \u00e0 faciliter l&rsquo;int\u00e9gration des \u00e9quipes &#8211; et notamment des maillons temporaires et contractuels, obtenir l\u2019adh\u00e9sion des fournisseurs, corriger les non-conformit\u00e9s r\u00e9currentes et organiser ainsi des cha\u00eenes d\u2019approvisionnement plus r\u00e9silientes.<\/p>\n<h2>Nos prestations clefs<\/h2>\n<ul>\n<li>Gr\u00e2ce \u00e0 <strong>nos solutions digitales,<\/strong> nos \u00e9quipes combinent des approches conventionnelles d\u2019audit et des solutions innovantes de gestion de risques. En maximisant le potentiel du Big Data, la t\u00e9l\u00e9phonie mobile et la r\u00e9alit\u00e9 virtuelle, des solutions telles <a href=\"https:\/\/ksapa.org\/activate\/sutti-digital-solution\/\">SUTTI digital<\/a> permettent \u00e0 nos clients de g\u00e9rer la complexit\u00e9 de leurs cha\u00eenes d\u2019approvisionnement et s\u00e9curiser le d\u00e9ploiement de leurs programmes d\u2019achats responsables \u00e0 grande \u00e9chelle.<\/li>\n<li>Nos \u00e9quipes mobilisent les fournisseurs dans une d\u00e9marche syst\u00e9miques de transition climatique. Outre le cadrage strat\u00e9gique, Ksapa con\u00e7oit des m\u00e9canismes innovants combinant expertise technique et solutions de financement tels que <a href=\"https:\/\/ksapa.org\/activate\/v-chet-presentation\/\">VCHET.<\/a><\/li>\n<\/ul>\n\n\t\t<\/div>\n\t\t\t\t\t<\/div>\n\n\t\n\n<\/div>\n<div class=\"row align-middle align-center\"  id=\"row-1774836420\">\n\n\n\t<div id=\"col-1595925455\" class=\"col small-12 large-12\"  >\n\t\t\t\t<div class=\"col-inner\"  >\n\t\t\t\n\t\t\t\n\n<div class=\"text-center\"><div class=\"is-divider divider clearfix\" ><\/div><\/div>\n\n<h2 style=\"text-align: center\">En savoir plus sur les cha\u00eenes d&rsquo;approvisionnement durables<\/h2>\n\t<div id=\"gap-1152104833\" class=\"gap-element clearfix\" style=\"display:block; height:auto;\">\n\t\t\n<style>\n#gap-1152104833 {\n  padding-top: 30px;\n}\n<\/style>\n\t<\/div>\n\t\n\n<div class=\"row\"  id=\"row-810427309\">\n\n\n\t<div id=\"col-1426542157\" class=\"col medium-4 small-12 large-4\"  >\n\t\t\t\t<div class=\"col-inner\"  >\n\t\t\t\n\t\t\t\n\n\n  <div class=\"banner has-hover bg-zoom\" id=\"banner-2001525178\">\n          <div class=\"banner-inner fill\">\n        <div class=\"banner-bg fill\" >\n            <div class=\"bg fill bg-fill \"><\/div>\n                        <div class=\"overlay\"><\/div>            \n                    <\/div>\n        <div class=\"banner-layers container\">\n            <a class=\"fill\" href=\"https:\/\/ksapa.org\/fr\/a-propos\/nos-etudes-de-cas\/\"  ><div class=\"fill banner-link\"><\/div><\/a>            \n\n   <div id=\"text-box-1301049914\" class=\"text-box banner-layer x50 md-x50 lg-x50 y50 md-y50 lg-y50 res-text\">\n                                <div class=\"text-box-content text dark\">\n              \n              <div class=\"text-inner text-center\">\n                  \n\n<h2 class=\"uppercase\"><a href=\"https:\/\/ksapa.org\/fr\/a-propos\/etudes-de-cas-du-defi-esg-vers-la-transformation-odd-durable\/\">NOS \u00c9TUDES DE CAS<\/a><\/h2>\n\n              <\/div>\n           <\/div>\n                            \n<style>\n#text-box-1301049914 {\n  width: 60%;\n}\n#text-box-1301049914 .text-box-content {\n  font-size: 100%;\n}\n<\/style>\n    <\/div>\n \n\n        <\/div>\n      <\/div>\n\n            \n<style>\n#banner-2001525178 {\n  padding-top: 150px;\n}\n#banner-2001525178 .bg.bg-loaded {\n  background-image: url(https:\/\/ksapa.org\/fr\/wp-content\/uploads\/sites\/1\/2021\/08\/pexels-mentatdgt-2173508-600x400.jpg);\n}\n#banner-2001525178 .overlay {\n  background-color: rgba(0,0,0,.5);\n}\n<\/style>\n  <\/div>\n\n\n\n\t\t<\/div>\n\t\t\t\t\t<\/div>\n\n\t\n\n\t<div id=\"col-1439219324\" class=\"col medium-4 small-12 large-4\"  >\n\t\t\t\t<div class=\"col-inner\"  >\n\t\t\t\n\t\t\t\n\n\n  <div class=\"banner has-hover bg-zoom\" id=\"banner-1647084068\">\n          <div class=\"banner-inner fill\">\n        <div class=\"banner-bg fill\" >\n            <div class=\"bg fill bg-fill \"><\/div>\n                        <div class=\"overlay\"><\/div>            \n                    <\/div>\n        <div class=\"banner-layers container\">\n            <a class=\"fill\" href=\"https:\/\/ksapa.org\/fr\/mobiliser\/blog\/\"  ><div class=\"fill banner-link\"><\/div><\/a>            \n\n   <div id=\"text-box-682125577\" class=\"text-box banner-layer x50 md-x50 lg-x50 y50 md-y50 lg-y50 res-text\">\n                                <div class=\"text-box-content text dark\">\n              \n              <div class=\"text-inner text-center\">\n                  \n\n<h2 class=\"uppercase\"><span style=\"font-size: 110%\"><a href=\"https:\/\/ksapa.org\/fr\/mobiliser\/blog\/\">blog<\/a><\/span><\/h2>\n\n              <\/div>\n           <\/div>\n                            \n<style>\n#text-box-682125577 {\n  width: 60%;\n}\n#text-box-682125577 .text-box-content {\n  font-size: 100%;\n}\n<\/style>\n    <\/div>\n \n\n        <\/div>\n      <\/div>\n\n            \n<style>\n#banner-1647084068 {\n  padding-top: 150px;\n}\n#banner-1647084068 .bg.bg-loaded {\n  background-image: url(https:\/\/ksapa.org\/fr\/wp-content\/uploads\/sites\/1\/2019\/02\/bienvenue-sur-le-blog-de-farid-baddache-resilience-impact-inclusion-601x400.jpg);\n}\n#banner-1647084068 .overlay {\n  background-color: rgba(0,0,0,.5);\n}\n<\/style>\n  <\/div>\n\n\n\n\t\t<\/div>\n\t\t\t\t\t<\/div>\n\n\t\n\n\t<div id=\"col-1533058293\" class=\"col medium-4 small-12 large-4\"  >\n\t\t\t\t<div class=\"col-inner\"  >\n\t\t\t\n\t\t\t\n\n\n  <div class=\"banner has-hover bg-zoom\" id=\"banner-1910456435\">\n          <div class=\"banner-inner fill\">\n        <div class=\"banner-bg fill\" >\n            <div class=\"bg fill bg-fill \"><\/div>\n                        <div class=\"overlay\"><\/div>            \n                    <\/div>\n        <div class=\"banner-layers container\">\n            <a class=\"fill\" href=\"https:\/\/ksapa.org\/fr\/mobiliser\/publications\/\"  ><div class=\"fill banner-link\"><\/div><\/a>            \n\n   <div id=\"text-box-1873199803\" class=\"text-box banner-layer x50 md-x50 lg-x50 y50 md-y50 lg-y50 res-text\">\n                                <div class=\"text-box-content text dark\">\n              \n              <div class=\"text-inner text-center\">\n                  \n\n<h2 class=\"uppercase\"><span style=\"font-size: 110%\"><a href=\"https:\/\/ksapa.org\/fr\/mobiliser\/publications\/\">publications<\/a><\/span><\/h2>\n\n              <\/div>\n           <\/div>\n                            \n<style>\n#text-box-1873199803 {\n  width: 100%;\n}\n#text-box-1873199803 .text-box-content {\n  font-size: 100%;\n}\n@media (min-width:550px) {\n  #text-box-1873199803 {\n    width: 60%;\n  }\n}\n<\/style>\n    <\/div>\n \n\n        <\/div>\n      <\/div>\n\n            \n<style>\n#banner-1910456435 {\n  padding-top: 150px;\n}\n#banner-1910456435 .bg.bg-loaded {\n  background-image: url(https:\/\/ksapa.org\/fr\/wp-content\/uploads\/sites\/1\/2019\/02\/livres-publications-ouvrages-farid-baddache-600x400.jpg);\n}\n#banner-1910456435 .overlay {\n  background-color: rgba(0,0,0,.5);\n}\n<\/style>\n  <\/div>\n\n\n\n\t\t<\/div>\n\t\t\t\t\t<\/div>\n\n\t\n\n\t<div id=\"col-1963373671\" class=\"col small-12 large-12\"  >\n\t\t\t\t<div class=\"col-inner text-center\"  >\n\t\t\t\n\t\t\t\n\n<a href=\"https:\/\/ksapa.org\/fr\/conseiller\/\" target=\"_self\" class=\"button primary\"  style=\"border-radius:99px;\">\n    <span>Conseiller<\/span>\n  <\/a>\n\n\n\n\t\t<\/div>\n\t\t\t\t\t<\/div>\n\n\t\n\n<\/div>\n\n\t\t<\/div>\n\t\t\t\t\t<\/div>\n\n\t\n\n<\/div>\n\n","protected":false},"excerpt":{"rendered":"","protected":false},"author":70,"featured_media":1953,"parent":4893,"menu_order":0,"comment_status":"closed","ping_status":"closed","template":"page-blank.php","meta":{"footnotes":""},"class_list":["post-4939","page","type-page","status-publish","has-post-thumbnail","hentry"],"yoast_head":"<!-- This site is optimized with the Yoast SEO plugin v27.3 - https:\/\/yoast.com\/product\/yoast-seo-wordpress\/ -->\n<title>Ksapa \u2013 Conseiller - Cha\u00eenes d&#039;approvisionnement durables<\/title>\n<meta name=\"description\" content=\"Les responsables des cha\u00eenes d&#039;approvisionnement sont confront\u00e9s \u00e0 des exigences contradictoires. Ils doivent cr\u00e9er de la valeur commerciale en optimisant les co\u00fbts, tout en int\u00e9grant une approche durable dans l&#039;\u00e9valuation des risques de leur cha\u00eene d&#039;approvisionnement. Ksapa fournit des m\u00e9thodologies et des solutions concr\u00e8tes pour g\u00e9rer ces probl\u00e9matiques.\" \/>\n<meta name=\"robots\" content=\"index, follow, max-snippet:-1, max-image-preview:large, max-video-preview:-1\" \/>\n<link rel=\"canonical\" href=\"https:\/\/ksapa.org\/fr\/conseiller\/chaines-dapprovisionnement-durables\/\" \/>\n<meta property=\"og:locale\" content=\"fr_FR\" \/>\n<meta property=\"og:type\" content=\"article\" \/>\n<meta property=\"og:title\" content=\"Ksapa \u2013 Conseiller - Cha\u00eenes d&#039;approvisionnement durables\" \/>\n<meta property=\"og:description\" content=\"Les responsables des cha\u00eenes d&#039;approvisionnement sont confront\u00e9s \u00e0 des exigences contradictoires. Ils doivent cr\u00e9er de la valeur commerciale en optimisant les co\u00fbts, tout en int\u00e9grant une approche durable dans l&#039;\u00e9valuation des risques de leur cha\u00eene d&#039;approvisionnement. Ksapa fournit des m\u00e9thodologies et des solutions concr\u00e8tes pour g\u00e9rer ces probl\u00e9matiques.\" \/>\n<meta property=\"og:url\" content=\"https:\/\/ksapa.org\/fr\/conseiller\/chaines-dapprovisionnement-durables\/\" \/>\n<meta property=\"og:site_name\" content=\"Ksapa - fr\" \/>\n<meta property=\"article:modified_time\" content=\"2026-02-10T15:48:10+00:00\" \/>\n<meta property=\"og:image\" content=\"https:\/\/ksapa.org\/fr\/wp-content\/uploads\/sites\/1\/2020\/06\/CPO-3-Solutions-to-Maximize-Value-of-Responsible-Supply-Chain-Programs-scaled.jpg\" \/>\n\t<meta property=\"og:image:width\" content=\"1709\" \/>\n\t<meta property=\"og:image:height\" content=\"2560\" \/>\n\t<meta property=\"og:image:type\" content=\"image\/jpeg\" \/>\n<meta name=\"twitter:card\" content=\"summary_large_image\" \/>\n<meta name=\"twitter:site\" content=\"@KsapaOrg\" \/>\n<meta name=\"twitter:label1\" content=\"Dur\u00e9e de lecture estim\u00e9e\" \/>\n\t<meta name=\"twitter:data1\" content=\"3 minutes\" \/>\n<script type=\"application\/ld+json\" class=\"yoast-schema-graph\">{\"@context\":\"https:\\\/\\\/schema.org\",\"@graph\":[{\"@type\":\"WebPage\",\"@id\":\"https:\\\/\\\/ksapa.org\\\/fr\\\/conseiller\\\/chaines-dapprovisionnement-durables\\\/\",\"url\":\"https:\\\/\\\/ksapa.org\\\/fr\\\/conseiller\\\/chaines-dapprovisionnement-durables\\\/\",\"name\":\"Ksapa \u2013 Conseiller - Cha\u00eenes d'approvisionnement durables\",\"isPartOf\":{\"@id\":\"https:\\\/\\\/ksapa.org\\\/fr\\\/#website\"},\"primaryImageOfPage\":{\"@id\":\"https:\\\/\\\/ksapa.org\\\/fr\\\/conseiller\\\/chaines-dapprovisionnement-durables\\\/#primaryimage\"},\"image\":{\"@id\":\"https:\\\/\\\/ksapa.org\\\/fr\\\/conseiller\\\/chaines-dapprovisionnement-durables\\\/#primaryimage\"},\"thumbnailUrl\":\"https:\\\/\\\/ksapa.org\\\/fr\\\/wp-content\\\/uploads\\\/sites\\\/1\\\/2020\\\/06\\\/CPO-3-Solutions-to-Maximize-Value-of-Responsible-Supply-Chain-Programs-scaled.jpg\",\"datePublished\":\"2021-09-14T09:55:06+00:00\",\"dateModified\":\"2026-02-10T15:48:10+00:00\",\"description\":\"Les responsables des cha\u00eenes d'approvisionnement sont confront\u00e9s \u00e0 des exigences contradictoires. Ils doivent cr\u00e9er de la valeur commerciale en optimisant les co\u00fbts, tout en int\u00e9grant une approche durable dans l'\u00e9valuation des risques de leur cha\u00eene d'approvisionnement. Ksapa fournit des m\u00e9thodologies et des solutions concr\u00e8tes pour g\u00e9rer ces probl\u00e9matiques.\",\"breadcrumb\":{\"@id\":\"https:\\\/\\\/ksapa.org\\\/fr\\\/conseiller\\\/chaines-dapprovisionnement-durables\\\/#breadcrumb\"},\"inLanguage\":\"fr-FR\",\"potentialAction\":[{\"@type\":\"ReadAction\",\"target\":[\"https:\\\/\\\/ksapa.org\\\/fr\\\/conseiller\\\/chaines-dapprovisionnement-durables\\\/\"]}]},{\"@type\":\"ImageObject\",\"inLanguage\":\"fr-FR\",\"@id\":\"https:\\\/\\\/ksapa.org\\\/fr\\\/conseiller\\\/chaines-dapprovisionnement-durables\\\/#primaryimage\",\"url\":\"https:\\\/\\\/ksapa.org\\\/fr\\\/wp-content\\\/uploads\\\/sites\\\/1\\\/2020\\\/06\\\/CPO-3-Solutions-to-Maximize-Value-of-Responsible-Supply-Chain-Programs-scaled.jpg\",\"contentUrl\":\"https:\\\/\\\/ksapa.org\\\/fr\\\/wp-content\\\/uploads\\\/sites\\\/1\\\/2020\\\/06\\\/CPO-3-Solutions-to-Maximize-Value-of-Responsible-Supply-Chain-Programs-scaled.jpg\",\"width\":\"1709\",\"height\":\"2560\",\"caption\":\"D\u00e9couvrez 3 solutions concr\u00e8tes pour transformer vos achats et les adapter aux d\u00e9fis actuels, valid\u00e9es par des CPO exp\u00e9riment\u00e9s\"},{\"@type\":\"BreadcrumbList\",\"@id\":\"https:\\\/\\\/ksapa.org\\\/fr\\\/conseiller\\\/chaines-dapprovisionnement-durables\\\/#breadcrumb\",\"itemListElement\":[{\"@type\":\"ListItem\",\"position\":1,\"name\":\"Home\",\"item\":\"https:\\\/\\\/ksapa.org\\\/fr\\\/\"},{\"@type\":\"ListItem\",\"position\":2,\"name\":\"Conseiller\",\"item\":\"https:\\\/\\\/ksapa.org\\\/fr\\\/conseiller\\\/\"},{\"@type\":\"ListItem\",\"position\":3,\"name\":\"Cha\u00eenes d&rsquo;approvisionnement durables\"}]},{\"@type\":\"WebSite\",\"@id\":\"https:\\\/\\\/ksapa.org\\\/fr\\\/#website\",\"url\":\"https:\\\/\\\/ksapa.org\\\/fr\\\/\",\"name\":\"Ksapa - fr\",\"description\":\"\",\"publisher\":{\"@id\":\"https:\\\/\\\/ksapa.org\\\/fr\\\/#organization\"},\"potentialAction\":[{\"@type\":\"SearchAction\",\"target\":{\"@type\":\"EntryPoint\",\"urlTemplate\":\"https:\\\/\\\/ksapa.org\\\/fr\\\/?s={search_term_string}\"},\"query-input\":{\"@type\":\"PropertyValueSpecification\",\"valueRequired\":true,\"valueName\":\"search_term_string\"}}],\"inLanguage\":\"fr-FR\"},{\"@type\":\"Organization\",\"@id\":\"https:\\\/\\\/ksapa.org\\\/fr\\\/#organization\",\"name\":\"ksapa\",\"url\":\"https:\\\/\\\/ksapa.org\\\/fr\\\/\",\"logo\":{\"@type\":\"ImageObject\",\"inLanguage\":\"fr-FR\",\"@id\":\"https:\\\/\\\/ksapa.org\\\/fr\\\/#\\\/schema\\\/logo\\\/image\\\/\",\"url\":\"https:\\\/\\\/ksapa.org\\\/fr\\\/wp-content\\\/uploads\\\/sites\\\/1\\\/2019\\\/06\\\/icone-ksapa.jpg\",\"contentUrl\":\"https:\\\/\\\/ksapa.org\\\/fr\\\/wp-content\\\/uploads\\\/sites\\\/1\\\/2019\\\/06\\\/icone-ksapa.jpg\",\"width\":\"442\",\"height\":\"421\",\"caption\":\"ksapa\"},\"image\":{\"@id\":\"https:\\\/\\\/ksapa.org\\\/fr\\\/#\\\/schema\\\/logo\\\/image\\\/\"},\"sameAs\":[\"https:\\\/\\\/x.com\\\/KsapaOrg\"]}]}<\/script>\n<!-- \/ Yoast SEO plugin. -->","yoast_head_json":{"title":"Ksapa \u2013 Conseiller - Cha\u00eenes d'approvisionnement durables","description":"Les responsables des cha\u00eenes d'approvisionnement sont confront\u00e9s \u00e0 des exigences contradictoires. Ils doivent cr\u00e9er de la valeur commerciale en optimisant les co\u00fbts, tout en int\u00e9grant une approche durable dans l'\u00e9valuation des risques de leur cha\u00eene d'approvisionnement. Ksapa fournit des m\u00e9thodologies et des solutions concr\u00e8tes pour g\u00e9rer ces probl\u00e9matiques.","robots":{"index":"index","follow":"follow","max-snippet":"max-snippet:-1","max-image-preview":"max-image-preview:large","max-video-preview":"max-video-preview:-1"},"canonical":"https:\/\/ksapa.org\/fr\/conseiller\/chaines-dapprovisionnement-durables\/","og_locale":"fr_FR","og_type":"article","og_title":"Ksapa \u2013 Conseiller - Cha\u00eenes d'approvisionnement durables","og_description":"Les responsables des cha\u00eenes d'approvisionnement sont confront\u00e9s \u00e0 des exigences contradictoires. Ils doivent cr\u00e9er de la valeur commerciale en optimisant les co\u00fbts, tout en int\u00e9grant une approche durable dans l'\u00e9valuation des risques de leur cha\u00eene d'approvisionnement. Ksapa fournit des m\u00e9thodologies et des solutions concr\u00e8tes pour g\u00e9rer ces probl\u00e9matiques.","og_url":"https:\/\/ksapa.org\/fr\/conseiller\/chaines-dapprovisionnement-durables\/","og_site_name":"Ksapa - fr","article_modified_time":"2026-02-10T15:48:10+00:00","og_image":[{"width":1709,"height":2560,"url":"https:\/\/ksapa.org\/fr\/wp-content\/uploads\/sites\/1\/2020\/06\/CPO-3-Solutions-to-Maximize-Value-of-Responsible-Supply-Chain-Programs-scaled.jpg","type":"image\/jpeg"}],"twitter_card":"summary_large_image","twitter_site":"@KsapaOrg","twitter_misc":{"Dur\u00e9e de lecture estim\u00e9e":"3 minutes"},"schema":{"@context":"https:\/\/schema.org","@graph":[{"@type":"WebPage","@id":"https:\/\/ksapa.org\/fr\/conseiller\/chaines-dapprovisionnement-durables\/","url":"https:\/\/ksapa.org\/fr\/conseiller\/chaines-dapprovisionnement-durables\/","name":"Ksapa \u2013 Conseiller - Cha\u00eenes d'approvisionnement durables","isPartOf":{"@id":"https:\/\/ksapa.org\/fr\/#website"},"primaryImageOfPage":{"@id":"https:\/\/ksapa.org\/fr\/conseiller\/chaines-dapprovisionnement-durables\/#primaryimage"},"image":{"@id":"https:\/\/ksapa.org\/fr\/conseiller\/chaines-dapprovisionnement-durables\/#primaryimage"},"thumbnailUrl":"https:\/\/ksapa.org\/fr\/wp-content\/uploads\/sites\/1\/2020\/06\/CPO-3-Solutions-to-Maximize-Value-of-Responsible-Supply-Chain-Programs-scaled.jpg","datePublished":"2021-09-14T09:55:06+00:00","dateModified":"2026-02-10T15:48:10+00:00","description":"Les responsables des cha\u00eenes d'approvisionnement sont confront\u00e9s \u00e0 des exigences contradictoires. Ils doivent cr\u00e9er de la valeur commerciale en optimisant les co\u00fbts, tout en int\u00e9grant une approche durable dans l'\u00e9valuation des risques de leur cha\u00eene d'approvisionnement. Ksapa fournit des m\u00e9thodologies et des solutions concr\u00e8tes pour g\u00e9rer ces probl\u00e9matiques.","breadcrumb":{"@id":"https:\/\/ksapa.org\/fr\/conseiller\/chaines-dapprovisionnement-durables\/#breadcrumb"},"inLanguage":"fr-FR","potentialAction":[{"@type":"ReadAction","target":["https:\/\/ksapa.org\/fr\/conseiller\/chaines-dapprovisionnement-durables\/"]}]},{"@type":"ImageObject","inLanguage":"fr-FR","@id":"https:\/\/ksapa.org\/fr\/conseiller\/chaines-dapprovisionnement-durables\/#primaryimage","url":"https:\/\/ksapa.org\/fr\/wp-content\/uploads\/sites\/1\/2020\/06\/CPO-3-Solutions-to-Maximize-Value-of-Responsible-Supply-Chain-Programs-scaled.jpg","contentUrl":"https:\/\/ksapa.org\/fr\/wp-content\/uploads\/sites\/1\/2020\/06\/CPO-3-Solutions-to-Maximize-Value-of-Responsible-Supply-Chain-Programs-scaled.jpg","width":"1709","height":"2560","caption":"D\u00e9couvrez 3 solutions concr\u00e8tes pour transformer vos achats et les adapter aux d\u00e9fis actuels, valid\u00e9es par des CPO exp\u00e9riment\u00e9s"},{"@type":"BreadcrumbList","@id":"https:\/\/ksapa.org\/fr\/conseiller\/chaines-dapprovisionnement-durables\/#breadcrumb","itemListElement":[{"@type":"ListItem","position":1,"name":"Home","item":"https:\/\/ksapa.org\/fr\/"},{"@type":"ListItem","position":2,"name":"Conseiller","item":"https:\/\/ksapa.org\/fr\/conseiller\/"},{"@type":"ListItem","position":3,"name":"Cha\u00eenes d&rsquo;approvisionnement durables"}]},{"@type":"WebSite","@id":"https:\/\/ksapa.org\/fr\/#website","url":"https:\/\/ksapa.org\/fr\/","name":"Ksapa - fr","description":"","publisher":{"@id":"https:\/\/ksapa.org\/fr\/#organization"},"potentialAction":[{"@type":"SearchAction","target":{"@type":"EntryPoint","urlTemplate":"https:\/\/ksapa.org\/fr\/?s={search_term_string}"},"query-input":{"@type":"PropertyValueSpecification","valueRequired":true,"valueName":"search_term_string"}}],"inLanguage":"fr-FR"},{"@type":"Organization","@id":"https:\/\/ksapa.org\/fr\/#organization","name":"ksapa","url":"https:\/\/ksapa.org\/fr\/","logo":{"@type":"ImageObject","inLanguage":"fr-FR","@id":"https:\/\/ksapa.org\/fr\/#\/schema\/logo\/image\/","url":"https:\/\/ksapa.org\/fr\/wp-content\/uploads\/sites\/1\/2019\/06\/icone-ksapa.jpg","contentUrl":"https:\/\/ksapa.org\/fr\/wp-content\/uploads\/sites\/1\/2019\/06\/icone-ksapa.jpg","width":"442","height":"421","caption":"ksapa"},"image":{"@id":"https:\/\/ksapa.org\/fr\/#\/schema\/logo\/image\/"},"sameAs":["https:\/\/x.com\/KsapaOrg"]}]}},"_links":{"self":[{"href":"https:\/\/ksapa.org\/fr\/wp-json\/wp\/v2\/pages\/4939","targetHints":{"allow":["GET"]}}],"collection":[{"href":"https:\/\/ksapa.org\/fr\/wp-json\/wp\/v2\/pages"}],"about":[{"href":"https:\/\/ksapa.org\/fr\/wp-json\/wp\/v2\/types\/page"}],"author":[{"embeddable":true,"href":"https:\/\/ksapa.org\/fr\/wp-json\/wp\/v2\/users\/70"}],"replies":[{"embeddable":true,"href":"https:\/\/ksapa.org\/fr\/wp-json\/wp\/v2\/comments?post=4939"}],"version-history":[{"count":17,"href":"https:\/\/ksapa.org\/fr\/wp-json\/wp\/v2\/pages\/4939\/revisions"}],"predecessor-version":[{"id":10865,"href":"https:\/\/ksapa.org\/fr\/wp-json\/wp\/v2\/pages\/4939\/revisions\/10865"}],"up":[{"embeddable":true,"href":"https:\/\/ksapa.org\/fr\/wp-json\/wp\/v2\/pages\/4893"}],"wp:featuredmedia":[{"embeddable":true,"href":"https:\/\/ksapa.org\/fr\/wp-json\/wp\/v2\/media\/1953"}],"wp:attachment":[{"href":"https:\/\/ksapa.org\/fr\/wp-json\/wp\/v2\/media?parent=4939"}],"curies":[{"name":"wp","href":"https:\/\/api.w.org\/{rel}","templated":true}]}}