{"id":496,"date":"2019-06-17T13:04:32","date_gmt":"2019-06-17T13:04:32","guid":{"rendered":"https:\/\/ksapa.xk-consulting.fr\/?page_id=496"},"modified":"2025-09-08T11:23:33","modified_gmt":"2025-09-08T10:23:33","slug":"partenaires","status":"publish","type":"page","link":"https:\/\/ksapa.org\/fr\/a-propos\/partenaires\/","title":{"rendered":"Notre \u00e9cosyst\u00e8me"},"content":{"rendered":"\n\n  <div class=\"banner has-hover\" id=\"banner-1087274693\">\n          <div class=\"banner-inner fill\">\n        <div class=\"banner-bg fill\" >\n            <div class=\"bg fill bg-fill \"><\/div>\n                        <div class=\"overlay\"><\/div>            \n                    <\/div>\n        <div class=\"banner-layers container\">\n            <div class=\"fill banner-link\"><\/div>            \n\n   <div id=\"text-box-780087924\" class=\"text-box banner-layer x50 md-x50 lg-x50 y50 md-y50 lg-y50 res-text\">\n                                <div class=\"text-box-content text dark\">\n              \n              <div class=\"text-inner text-center\">\n                  \n\n<h1 class=\"uppercase\"><strong>notre ecosyst\u00e8me<br \/><\/strong><\/h1>\n<div class=\"is-divider divider clearfix\" style=\"background-color:rgb(255, 255, 255);\"><\/div>\n\n\n              <\/div>\n           <\/div>\n                            \n<style>\n#text-box-780087924 {\n  width: 100%;\n}\n#text-box-780087924 .text-box-content {\n  font-size: 90%;\n}\n@media (min-width:550px) {\n  #text-box-780087924 {\n    width: 60%;\n  }\n  #text-box-780087924 .text-box-content {\n    font-size: 100%;\n  }\n}\n<\/style>\n    <\/div>\n \n\n        <\/div>\n      <\/div>\n\n            \n<style>\n#banner-1087274693 {\n  padding-top: 350px;\n}\n#banner-1087274693 .bg.bg-loaded {\n  background-image: url(https:\/\/ksapa.org\/fr\/wp-content\/uploads\/sites\/1\/2019\/06\/stakeholder.jpg);\n}\n#banner-1087274693 .overlay {\n  background-color: rgba(0,0,0,.5);\n}\n#banner-1087274693 .bg {\n  background-position: 50% 46%;\n}\n<\/style>\n  <\/div>\n\n\n\t<section class=\"section\" id=\"section_934744223\">\n\t\t<div class=\"bg section-bg fill bg-fill  bg-loaded\" >\n\n\t\t\t\n\t\t\t\n\t\t\t\n\n\t\t<\/div>\n\n\t\t<div class=\"section-content relative\">\n\t\t\t\n\n<h2 class=\"uppercase\" style=\"text-align: center\">nos parties prenantes<\/h2>\n<div class=\"text-center\"><div class=\"is-divider divider clearfix\" style=\"background-color:rgb(170, 170, 170);\"><\/div><\/div>\n\n<div class=\"row align-middle\"  id=\"row-1708027981\">\n\n\n\t<div id=\"col-1973023163\" class=\"col medium-7 small-12 large-7\"  >\n\t\t\t\t<div class=\"col-inner\"  >\n\t\t\t\n\t\t\t\n\n<h3 style=\"text-align: left\">L&rsquo;engagement avec nos partenaires et parties prenantes nous est essentiel !<\/h3>\n<p>Que ce soit pour nos prestations de conseil, nos solutions financi\u00e8res innovantes ou notre volont\u00e9 de mobiliser au-del\u00e0 de notre organisation, travailler main dans la main avec nos partenaires est pour nous un \u00e9l\u00e9ment essentiel \u00e0 la r\u00e9alisation de notre mission. Nous travaillons dans un esprit d&rsquo;entrepreneuriat, en d\u00e9veloppant des approches innovantes bas\u00e9es sur nos expertises en mati\u00e8re de d\u00e9veloppement durable et de finance, nous appuyant sur la r\u00e9volution num\u00e9rique afin de favoriser l\u2019\u00e9mergence de mod\u00e8les \u00e9conomiques inclusifs et responsables. Or nous consid\u00e9rons que nous ne parviendrons \u00e0 r\u00e9aliser notre mission et \u00e0 prendre part \u00e0 l\u2019acc\u00e9l\u00e9ration des progr\u00e8s collectifs vers la r\u00e9alisation des Objectifs de D\u00e9veloppement Durable de 2030 que gr\u00e2ce \u00e0 un engagement et une collaboration \u00e9troits avec nos partenaires et parties prenantes.<\/p>\n\n\t\t<\/div>\n\t\t\t\t\t<\/div>\n\n\t\n\n\t<div id=\"col-1311704496\" class=\"col medium-5 small-12 large-5\"  >\n\t\t\t\t<div class=\"col-inner\"  >\n\t\t\t\n\t\t\t\n\n\t<div class=\"img has-hover x md-x lg-x y md-y lg-y\" id=\"image_526847452\">\n\t\t\t\t\t\t\t\t<div class=\"img-inner dark\" >\n\t\t\t<img decoding=\"async\" width=\"1020\" height=\"530\" src=\"https:\/\/ksapa.org\/fr\/wp-content\/uploads\/sites\/1\/2019\/06\/Partner-1400x727.jpg\" class=\"attachment-large size-large\" alt=\"Associez-vous \u00e0 Ksapa pour faire progresser la durabilit\u00e9 et l&#039;ESG par le conseil, l&#039;investissement et le plaidoyer\" srcset=\"https:\/\/ksapa.org\/fr\/wp-content\/uploads\/sites\/1\/2019\/06\/Partner-1400x727.jpg 1400w, https:\/\/ksapa.org\/fr\/wp-content\/uploads\/sites\/1\/2019\/06\/Partner-770x400.jpg 770w, https:\/\/ksapa.org\/fr\/wp-content\/uploads\/sites\/1\/2019\/06\/Partner-768x399.jpg 768w, https:\/\/ksapa.org\/fr\/wp-content\/uploads\/sites\/1\/2019\/06\/Partner-600x312.jpg 600w, https:\/\/ksapa.org\/fr\/wp-content\/uploads\/sites\/1\/2019\/06\/Partner.jpg 1540w\" sizes=\"(max-width: 1020px) 100vw, 1020px\" \/>\t\t\t\t\t\t\n\t\t\t\t\t<\/div>\n\t\t\t\t\t\t\t\t\n<style>\n#image_526847452 {\n  width: 100%;\n}\n<\/style>\n\t<\/div>\n\t\n\n\n\t\t<\/div>\n\t\t\t\t\t<\/div>\n\n\t\n\n<\/div>\n<div class=\"row\"  id=\"row-508006910\">\n\n\n\t<div id=\"col-1298047140\" class=\"col small-12 large-12\"  >\n\t\t\t\t<div class=\"col-inner\"  >\n\t\t\t\n\t\t\t\n\n<p>A cet effet, nous nous appuyons sur un r\u00e9seau international de 150+ experts dans de nombreux domaines, notamment en Europe, en Afrique, en Asie du Sud-Est, et en Am\u00e9rique du Nord et du Sud : Ce r\u00e9seau d\u2019experts en RSE, droits humains, HSE, technologies digitales, d\u00e9veloppement et conditions de travail, agronomie, mesure de l\u2019impact, conseils juridiques, expertise-comptable &amp; audit, instituts de formation s\u2019associe \u00e0 notre \u00e9quipe pour accompagner nos clients au plus pr\u00eat des r\u00e9alit\u00e9s contextuelles et op\u00e9rationnelles. \u00c9galement, nous sommes heureux de compter sur diff\u00e9rents partenaires strat\u00e9giques globaux, mais \u00e9galement de multiples partenaires locaux d\u2019impl\u00e9mentation au travers le monde, qui nous accompagnent sous statut de consultants ou d\u2019ONG.<\/p>\n<div id=\"row-1253747714\" class=\"row\">\n<div class=\"col small-12 large-12\">\n<div class=\"col-inner\">\n<p>Enfin, Ksapa est une plateforme internationale de r\u00e9f\u00e9rence soucieuse de faire avancer les questions de droits humains, climat, \u00e9conomie circulaire port\u00e9es par l\u2019Agenda 2030. A cet effet les acteurs s\u2019impliquant dans nos initiatives sont toujours plus nombreux et nous sommes heureux d\u2019avoir pu compter :<\/p>\n<ul>\n<li>\n<p>Notamment sur les entreprises et investisseurs suivants (non exhaustif) : Agence Francaise de D\u00e9veloppement, Airbus, Allianz, Alstom, Amazon, Amundi, Axa, Banque Africaine de D\u00e9veloppement, Banque Asiatique de D\u00e9veloppement, Banque Asiatique d&rsquo;Investissement dans les Infrastructures, Banque de D\u00e9veloppement du Conseil de l&rsquo;Europe, Banque Europ\u00e9enne d\u2019Investissement, Banque Interam\u00e9ricaine de D\u00e9veloppement, Banque Mondiale, BlackRock, BNP Paribas, Bollor\u00e9, Bosch, British International Investment, Bureau V\u00e9ritas, BP, BPI France, Bridgestone, Canon, Carlsberg, Chevron, Cisco, Coca-Cola, Continental, Cr\u00e9dit Agricole, Danone, De Beers, Decathlon, DG Tr\u00e9sor, DHL, DSM, EDF, Edmond de Rothshild, Eiffage, Emerging Africa Infrastructure Funds, Engie, Essilor, Est\u00e9e Lauder, Firmenich, Foncia, Four Seasons Hotels, Givaudan, Goodyear, Google, H&amp;M, Hewlett-Packard, Innocent Drinks, Jica, Johnson &amp; Johnson, KFW DEG, KKR, L\u2019Or\u00e9al, La Caisse des D\u00e9p\u00f4ts, La Mutuelle G\u00e9n\u00e9rale, Marriott, Mars, Mercedes, Meridiam, Michelin, Microsoft, Mondel\u0113z, Moody&rsquo;s, Morgan Stanley, Nike, Nestl\u00e9, Nokia, Novartis, Novo-Nordisk, OCDE, Pierre &amp; Vacances Center Parcs, Perial AM, Pirelli, Proparco, PVH, Groupe RATP, Reckitt Benckiser, Rexel, Richemont, Roche, SAP, Schneider Electric, Sephora, Shell, Soci\u00e9t\u00e9 G\u00e9n\u00e9rale, Solvay, Stellantis, Streem, Suez, Swen Capital Partners, Thales, The Walt Disney Company, Totalenergies, Unilever, UPS, US International Development Finance Corporation, VF Corporation, Vinci, Volkswagen, Volvo, Walmart.\u00a0<\/p>\n<\/li>\n<li>Notamment sur les institutions, organismes de presse, agences de notation, associations et universit\u00e9s suivants (non exhaustif) : Abdul Latif Jameel Poverty Action Lab, Action Contre la Faim, Afnor, AFIT, AGEFI, CDP, Centre Fran\u00e7ais des Fonds et Fondations, Challenges, Chapter Zero, Compliance Magazine, The Consumer Goods Forum, Council on Business &amp; Society, Corporate Excellence, EcoVadis, Efrag, ESG Factor Magazine, ESI Business School, ESSEC, Fondation Ensemble, Forest Carbon, France 24, Gartner, Global Compact, Globescan, Groupe de travail des Nations unies sur les entreprises et les Droits de l\u2019Homme, HEC, Human Rights Watch, IIRC, INSEAD Business School, Imperial College of London, Institut de Prospective et S\u00e9curit\u00e9 en Europe, Les Echos, Le Figaro, McKinsey &amp; Company, Moody&rsquo;s VE, MSCI, OCDE, Oxford Policy Management, Oxford University Press, Paris Good Fashion, PNUE, Principes des Nations unies sur l\u2019Investissement Responsable, Soci\u00e9t\u00e9 Financi\u00e8re Internationale, Soci\u00e9t\u00e9 mondiale de Protection des Animaux, Standard &amp; Poor\u2019s, Sustainalytics, TechRound, The Danish Industry Forum, The Economist, The Huffington Post, WBCSD, World Economic Forum, World Environment Center, World Resource Institute, The World Wildlife Fund.<\/li>\n<\/ul>\n<\/div>\n<\/div>\n<\/div>\n\n\t\t<\/div>\n\t\t\t\t\t<\/div>\n\n\t\n\n<\/div>\n\n\t\t<\/div>\n\n\t\t\n<style>\n#section_934744223 {\n  padding-top: 30px;\n  padding-bottom: 30px;\n}\n<\/style>\n\t<\/section>\n\t\n\n","protected":false},"excerpt":{"rendered":"","protected":false},"author":1,"featured_media":566,"parent":431,"menu_order":0,"comment_status":"closed","ping_status":"closed","template":"page-blank.php","meta":{"footnotes":""},"class_list":["post-496","page","type-page","status-publish","has-post-thumbnail","hentry"],"yoast_head":"<!-- This site is optimized with the Yoast SEO plugin v27.3 - https:\/\/yoast.com\/product\/yoast-seo-wordpress\/ -->\n<title>Partenaires \u2013 Conseil en RSE \/ ESG, Investissement \u00e0 impact, Mobilisation<\/title>\n<meta name=\"description\" content=\"Que ce soit pour nos prestations de conseil RSE \/ ESG, nos solutions financi\u00e8res innovantes ou notre volont\u00e9 de mobiliser au-del\u00e0 de notre organisation, travailler main dans la main avec nos partenaires est pour Ksapa un \u00e9l\u00e9ment essentiel \u00e0 la r\u00e9alisation de notre mission.\" \/>\n<meta name=\"robots\" content=\"index, follow, max-snippet:-1, max-image-preview:large, max-video-preview:-1\" \/>\n<link rel=\"canonical\" href=\"https:\/\/ksapa.org\/fr\/a-propos\/partenaires\/\" \/>\n<meta property=\"og:locale\" content=\"fr_FR\" \/>\n<meta property=\"og:type\" content=\"article\" \/>\n<meta property=\"og:title\" content=\"Partenaires \u2013 Conseil en RSE \/ ESG, Investissement \u00e0 impact, Mobilisation\" \/>\n<meta property=\"og:description\" content=\"Que ce soit pour nos prestations de conseil RSE \/ ESG, nos solutions financi\u00e8res innovantes ou notre volont\u00e9 de mobiliser au-del\u00e0 de notre organisation, travailler main dans la main avec nos partenaires est pour Ksapa un \u00e9l\u00e9ment essentiel \u00e0 la r\u00e9alisation de notre mission.\" \/>\n<meta property=\"og:url\" content=\"https:\/\/ksapa.org\/fr\/a-propos\/partenaires\/\" \/>\n<meta property=\"og:site_name\" content=\"Ksapa - fr\" \/>\n<meta property=\"article:modified_time\" content=\"2025-09-08T10:23:33+00:00\" \/>\n<meta property=\"og:image\" content=\"https:\/\/ksapa.org\/fr\/wp-content\/uploads\/sites\/1\/2019\/06\/stakeholder.jpg\" \/>\n\t<meta property=\"og:image:width\" content=\"790\" \/>\n\t<meta property=\"og:image:height\" content=\"668\" \/>\n\t<meta property=\"og:image:type\" content=\"image\/jpeg\" \/>\n<meta name=\"twitter:card\" content=\"summary_large_image\" \/>\n<meta name=\"twitter:site\" content=\"@KsapaOrg\" \/>\n<meta name=\"twitter:label1\" content=\"Dur\u00e9e de lecture estim\u00e9e\" \/>\n\t<meta name=\"twitter:data1\" content=\"4 minutes\" \/>\n<script type=\"application\/ld+json\" class=\"yoast-schema-graph\">{\"@context\":\"https:\\\/\\\/schema.org\",\"@graph\":[{\"@type\":\"WebPage\",\"@id\":\"https:\\\/\\\/ksapa.org\\\/fr\\\/a-propos\\\/partenaires\\\/\",\"url\":\"https:\\\/\\\/ksapa.org\\\/fr\\\/a-propos\\\/partenaires\\\/\",\"name\":\"Partenaires \u2013 Conseil en RSE \\\/ ESG, Investissement \u00e0 impact, Mobilisation\",\"isPartOf\":{\"@id\":\"https:\\\/\\\/ksapa.org\\\/fr\\\/#website\"},\"primaryImageOfPage\":{\"@id\":\"https:\\\/\\\/ksapa.org\\\/fr\\\/a-propos\\\/partenaires\\\/#primaryimage\"},\"image\":{\"@id\":\"https:\\\/\\\/ksapa.org\\\/fr\\\/a-propos\\\/partenaires\\\/#primaryimage\"},\"thumbnailUrl\":\"https:\\\/\\\/ksapa.org\\\/fr\\\/wp-content\\\/uploads\\\/sites\\\/1\\\/2019\\\/06\\\/stakeholder.jpg\",\"datePublished\":\"2019-06-17T13:04:32+00:00\",\"dateModified\":\"2025-09-08T10:23:33+00:00\",\"description\":\"Que ce soit pour nos prestations de conseil RSE \\\/ ESG, nos solutions financi\u00e8res innovantes ou notre volont\u00e9 de mobiliser au-del\u00e0 de notre organisation, travailler main dans la main avec nos partenaires est pour Ksapa un \u00e9l\u00e9ment essentiel \u00e0 la r\u00e9alisation de notre mission.\",\"breadcrumb\":{\"@id\":\"https:\\\/\\\/ksapa.org\\\/fr\\\/a-propos\\\/partenaires\\\/#breadcrumb\"},\"inLanguage\":\"fr-FR\",\"potentialAction\":[{\"@type\":\"ReadAction\",\"target\":[\"https:\\\/\\\/ksapa.org\\\/fr\\\/a-propos\\\/partenaires\\\/\"]}]},{\"@type\":\"ImageObject\",\"inLanguage\":\"fr-FR\",\"@id\":\"https:\\\/\\\/ksapa.org\\\/fr\\\/a-propos\\\/partenaires\\\/#primaryimage\",\"url\":\"https:\\\/\\\/ksapa.org\\\/fr\\\/wp-content\\\/uploads\\\/sites\\\/1\\\/2019\\\/06\\\/stakeholder.jpg\",\"contentUrl\":\"https:\\\/\\\/ksapa.org\\\/fr\\\/wp-content\\\/uploads\\\/sites\\\/1\\\/2019\\\/06\\\/stakeholder.jpg\",\"width\":\"790\",\"height\":\"668\",\"caption\":\"Ksapa - Solutions ESG & Durabilit\u00e9\"},{\"@type\":\"BreadcrumbList\",\"@id\":\"https:\\\/\\\/ksapa.org\\\/fr\\\/a-propos\\\/partenaires\\\/#breadcrumb\",\"itemListElement\":[{\"@type\":\"ListItem\",\"position\":1,\"name\":\"Home\",\"item\":\"https:\\\/\\\/ksapa.org\\\/fr\\\/\"},{\"@type\":\"ListItem\",\"position\":2,\"name\":\"\u00c0 propos\",\"item\":\"https:\\\/\\\/ksapa.org\\\/fr\\\/a-propos\\\/\"},{\"@type\":\"ListItem\",\"position\":3,\"name\":\"Notre \u00e9cosyst\u00e8me\"}]},{\"@type\":\"WebSite\",\"@id\":\"https:\\\/\\\/ksapa.org\\\/fr\\\/#website\",\"url\":\"https:\\\/\\\/ksapa.org\\\/fr\\\/\",\"name\":\"Ksapa - fr\",\"description\":\"\",\"publisher\":{\"@id\":\"https:\\\/\\\/ksapa.org\\\/fr\\\/#organization\"},\"potentialAction\":[{\"@type\":\"SearchAction\",\"target\":{\"@type\":\"EntryPoint\",\"urlTemplate\":\"https:\\\/\\\/ksapa.org\\\/fr\\\/?s={search_term_string}\"},\"query-input\":{\"@type\":\"PropertyValueSpecification\",\"valueRequired\":true,\"valueName\":\"search_term_string\"}}],\"inLanguage\":\"fr-FR\"},{\"@type\":\"Organization\",\"@id\":\"https:\\\/\\\/ksapa.org\\\/fr\\\/#organization\",\"name\":\"ksapa\",\"url\":\"https:\\\/\\\/ksapa.org\\\/fr\\\/\",\"logo\":{\"@type\":\"ImageObject\",\"inLanguage\":\"fr-FR\",\"@id\":\"https:\\\/\\\/ksapa.org\\\/fr\\\/#\\\/schema\\\/logo\\\/image\\\/\",\"url\":\"https:\\\/\\\/ksapa.org\\\/fr\\\/wp-content\\\/uploads\\\/sites\\\/1\\\/2019\\\/06\\\/icone-ksapa.jpg\",\"contentUrl\":\"https:\\\/\\\/ksapa.org\\\/fr\\\/wp-content\\\/uploads\\\/sites\\\/1\\\/2019\\\/06\\\/icone-ksapa.jpg\",\"width\":\"442\",\"height\":\"421\",\"caption\":\"ksapa\"},\"image\":{\"@id\":\"https:\\\/\\\/ksapa.org\\\/fr\\\/#\\\/schema\\\/logo\\\/image\\\/\"},\"sameAs\":[\"https:\\\/\\\/x.com\\\/KsapaOrg\"]}]}<\/script>\n<!-- \/ Yoast SEO plugin. -->","yoast_head_json":{"title":"Partenaires \u2013 Conseil en RSE \/ ESG, Investissement \u00e0 impact, Mobilisation","description":"Que ce soit pour nos prestations de conseil RSE \/ ESG, nos solutions financi\u00e8res innovantes ou notre volont\u00e9 de mobiliser au-del\u00e0 de notre organisation, travailler main dans la main avec nos partenaires est pour Ksapa un \u00e9l\u00e9ment essentiel \u00e0 la r\u00e9alisation de notre mission.","robots":{"index":"index","follow":"follow","max-snippet":"max-snippet:-1","max-image-preview":"max-image-preview:large","max-video-preview":"max-video-preview:-1"},"canonical":"https:\/\/ksapa.org\/fr\/a-propos\/partenaires\/","og_locale":"fr_FR","og_type":"article","og_title":"Partenaires \u2013 Conseil en RSE \/ ESG, Investissement \u00e0 impact, Mobilisation","og_description":"Que ce soit pour nos prestations de conseil RSE \/ ESG, nos solutions financi\u00e8res innovantes ou notre volont\u00e9 de mobiliser au-del\u00e0 de notre organisation, travailler main dans la main avec nos partenaires est pour Ksapa un \u00e9l\u00e9ment essentiel \u00e0 la r\u00e9alisation de notre mission.","og_url":"https:\/\/ksapa.org\/fr\/a-propos\/partenaires\/","og_site_name":"Ksapa - fr","article_modified_time":"2025-09-08T10:23:33+00:00","og_image":[{"width":790,"height":668,"url":"https:\/\/ksapa.org\/fr\/wp-content\/uploads\/sites\/1\/2019\/06\/stakeholder.jpg","type":"image\/jpeg"}],"twitter_card":"summary_large_image","twitter_site":"@KsapaOrg","twitter_misc":{"Dur\u00e9e de lecture estim\u00e9e":"4 minutes"},"schema":{"@context":"https:\/\/schema.org","@graph":[{"@type":"WebPage","@id":"https:\/\/ksapa.org\/fr\/a-propos\/partenaires\/","url":"https:\/\/ksapa.org\/fr\/a-propos\/partenaires\/","name":"Partenaires \u2013 Conseil en RSE \/ ESG, Investissement \u00e0 impact, Mobilisation","isPartOf":{"@id":"https:\/\/ksapa.org\/fr\/#website"},"primaryImageOfPage":{"@id":"https:\/\/ksapa.org\/fr\/a-propos\/partenaires\/#primaryimage"},"image":{"@id":"https:\/\/ksapa.org\/fr\/a-propos\/partenaires\/#primaryimage"},"thumbnailUrl":"https:\/\/ksapa.org\/fr\/wp-content\/uploads\/sites\/1\/2019\/06\/stakeholder.jpg","datePublished":"2019-06-17T13:04:32+00:00","dateModified":"2025-09-08T10:23:33+00:00","description":"Que ce soit pour nos prestations de conseil RSE \/ ESG, nos solutions financi\u00e8res innovantes ou notre volont\u00e9 de mobiliser au-del\u00e0 de notre organisation, travailler main dans la main avec nos partenaires est pour Ksapa un \u00e9l\u00e9ment essentiel \u00e0 la r\u00e9alisation de notre mission.","breadcrumb":{"@id":"https:\/\/ksapa.org\/fr\/a-propos\/partenaires\/#breadcrumb"},"inLanguage":"fr-FR","potentialAction":[{"@type":"ReadAction","target":["https:\/\/ksapa.org\/fr\/a-propos\/partenaires\/"]}]},{"@type":"ImageObject","inLanguage":"fr-FR","@id":"https:\/\/ksapa.org\/fr\/a-propos\/partenaires\/#primaryimage","url":"https:\/\/ksapa.org\/fr\/wp-content\/uploads\/sites\/1\/2019\/06\/stakeholder.jpg","contentUrl":"https:\/\/ksapa.org\/fr\/wp-content\/uploads\/sites\/1\/2019\/06\/stakeholder.jpg","width":"790","height":"668","caption":"Ksapa - Solutions ESG & Durabilit\u00e9"},{"@type":"BreadcrumbList","@id":"https:\/\/ksapa.org\/fr\/a-propos\/partenaires\/#breadcrumb","itemListElement":[{"@type":"ListItem","position":1,"name":"Home","item":"https:\/\/ksapa.org\/fr\/"},{"@type":"ListItem","position":2,"name":"\u00c0 propos","item":"https:\/\/ksapa.org\/fr\/a-propos\/"},{"@type":"ListItem","position":3,"name":"Notre \u00e9cosyst\u00e8me"}]},{"@type":"WebSite","@id":"https:\/\/ksapa.org\/fr\/#website","url":"https:\/\/ksapa.org\/fr\/","name":"Ksapa - fr","description":"","publisher":{"@id":"https:\/\/ksapa.org\/fr\/#organization"},"potentialAction":[{"@type":"SearchAction","target":{"@type":"EntryPoint","urlTemplate":"https:\/\/ksapa.org\/fr\/?s={search_term_string}"},"query-input":{"@type":"PropertyValueSpecification","valueRequired":true,"valueName":"search_term_string"}}],"inLanguage":"fr-FR"},{"@type":"Organization","@id":"https:\/\/ksapa.org\/fr\/#organization","name":"ksapa","url":"https:\/\/ksapa.org\/fr\/","logo":{"@type":"ImageObject","inLanguage":"fr-FR","@id":"https:\/\/ksapa.org\/fr\/#\/schema\/logo\/image\/","url":"https:\/\/ksapa.org\/fr\/wp-content\/uploads\/sites\/1\/2019\/06\/icone-ksapa.jpg","contentUrl":"https:\/\/ksapa.org\/fr\/wp-content\/uploads\/sites\/1\/2019\/06\/icone-ksapa.jpg","width":"442","height":"421","caption":"ksapa"},"image":{"@id":"https:\/\/ksapa.org\/fr\/#\/schema\/logo\/image\/"},"sameAs":["https:\/\/x.com\/KsapaOrg"]}]}},"_links":{"self":[{"href":"https:\/\/ksapa.org\/fr\/wp-json\/wp\/v2\/pages\/496","targetHints":{"allow":["GET"]}}],"collection":[{"href":"https:\/\/ksapa.org\/fr\/wp-json\/wp\/v2\/pages"}],"about":[{"href":"https:\/\/ksapa.org\/fr\/wp-json\/wp\/v2\/types\/page"}],"author":[{"embeddable":true,"href":"https:\/\/ksapa.org\/fr\/wp-json\/wp\/v2\/users\/1"}],"replies":[{"embeddable":true,"href":"https:\/\/ksapa.org\/fr\/wp-json\/wp\/v2\/comments?post=496"}],"version-history":[{"count":22,"href":"https:\/\/ksapa.org\/fr\/wp-json\/wp\/v2\/pages\/496\/revisions"}],"predecessor-version":[{"id":10757,"href":"https:\/\/ksapa.org\/fr\/wp-json\/wp\/v2\/pages\/496\/revisions\/10757"}],"up":[{"embeddable":true,"href":"https:\/\/ksapa.org\/fr\/wp-json\/wp\/v2\/pages\/431"}],"wp:featuredmedia":[{"embeddable":true,"href":"https:\/\/ksapa.org\/fr\/wp-json\/wp\/v2\/media\/566"}],"wp:attachment":[{"href":"https:\/\/ksapa.org\/fr\/wp-json\/wp\/v2\/media?parent=496"}],"curies":[{"name":"wp","href":"https:\/\/api.w.org\/{rel}","templated":true}]}}