{"id":508,"date":"2019-06-17T13:08:23","date_gmt":"2019-06-17T13:08:23","guid":{"rendered":"https:\/\/ksapa.xk-consulting.fr\/?page_id=508"},"modified":"2025-10-06T14:40:24","modified_gmt":"2025-10-06T13:40:24","slug":"investir","status":"publish","type":"page","link":"https:\/\/ksapa.org\/fr\/investir\/","title":{"rendered":"Investir"},"content":{"rendered":"\n\n  <div class=\"banner has-hover\" id=\"banner-825216984\">\n          <div class=\"banner-inner fill\">\n        <div class=\"banner-bg fill\" >\n            <div class=\"bg fill bg-fill \"><\/div>\n                        <div class=\"overlay\"><\/div>            \n                    <\/div>\n        <div class=\"banner-layers container\">\n            <div class=\"fill banner-link\"><\/div>            \n\n   <div id=\"text-box-516547135\" class=\"text-box banner-layer x50 md-x50 lg-x50 y50 md-y50 lg-y50 res-text\">\n                                <div class=\"text-box-content text dark\">\n              \n              <div class=\"text-inner text-center\">\n                  \n\n<h1 class=\"uppercase\" style=\"text-align: center\">Investir<\/h1>\n<div class=\"is-divider divider clearfix\" style=\"background-color:rgb(255, 255, 255);\"><\/div>\n\n\n              <\/div>\n           <\/div>\n                            \n<style>\n#text-box-516547135 {\n  width: 100%;\n}\n#text-box-516547135 .text-box-content {\n  font-size: 100%;\n}\n<\/style>\n    <\/div>\n \n\n        <\/div>\n      <\/div>\n\n            \n<style>\n#banner-825216984 {\n  padding-top: 350px;\n  background-color: rgb(255,255,255);\n}\n#banner-825216984 .bg.bg-loaded {\n  background-image: url(https:\/\/ksapa.org\/fr\/wp-content\/uploads\/sites\/1\/2019\/06\/IMG_7271.jpg);\n}\n#banner-825216984 .overlay {\n  background-color: rgba(0, 0, 0, 0.25);\n}\n#banner-825216984 .bg {\n  background-position: 0% 100%;\n}\n<\/style>\n  <\/div>\n\n\n\t<section class=\"section\" id=\"section_885228144\">\n\t\t<div class=\"bg section-bg fill bg-fill  bg-loaded\" >\n\n\t\t\t\n\t\t\t\n\t\t\t\n\n\t\t<\/div>\n\n\t\t<div class=\"section-content relative\">\n\t\t\t\n\n<div class=\"row\"  id=\"row-126146060\">\n\n\n\t<div id=\"col-2135926014\" class=\"col small-12 large-12\"  >\n\t\t\t\t<div class=\"col-inner\"  >\n\t\t\t\n\t\t\t\n\n<p>Les efforts en mati\u00e8re de d\u00e9veloppement durable se sont amplifi\u00e9s au cours des derni\u00e8res d\u00e9cennies, mais demeurent insuffisants \u00e0 ce stade pour parachever la construction de soci\u00e9t\u00e9s plus \u00e9quitables et r\u00e9pondre au d\u00e9fi climatique.<\/p>\n<p>Nous proposons des solutions d\u2019impact investment innovantes ayant vocation \u00e0 se d\u00e9ployer sur un terrain international afin d\u2019acc\u00e9l\u00e9rer la r\u00e9alisation des Objectifs de D\u00e9veloppement Durable.<\/p>\n<p>En nous appuyant sur nos expertises en mati\u00e8re de finance et de d\u00e9veloppement durable, nous travaillons aussi bien avec les investisseurs institutionnels et priv\u00e9s qu\u2019avec les entreprises, dans tous types de secteur.\u00a0Nos solutions financi\u00e8res et programmes d\u2019investissement ont pour ambition d\u2019\u00eatre performants \u00e9conomiquement tout en produisant un impact positif et en b\u00e9n\u00e9ficiant au plus grand nombre, et ce dans une perspective de p\u00e9rennit\u00e9.<\/p>\n<p>A ce titre, nous structurons et g\u00e9rons des fonds <a href=\"https:\/\/ksapa.org\/fr\/investir\/conception-deploiement-de-fonds-a-impact-esg-ksapa\/\"><u>d&rsquo;impact investing<\/u><\/a> d\u2019une part, et nous concevons et mettons en \u0153uvre des <a href=\"https:\/\/ksapa.org\/fr\/investir\/programmes-dinvestissement-thematiques\/\"><u>programmes d&rsquo;investissement th\u00e9matiques<\/u><\/a> ayant vocation \u00e0 avoir un impact op\u00e9rationnel effectif, notamment sur les th\u00e8mes suivants : \u00e9ducation et formation professionnelle, salaire et travail d\u00e9cents, action pour le climat, \u00e9conomie circulaire, sant\u00e9, \u00e9galit\u00e9 hommes-femmes, \u00e9nergie, nutrition.<br \/>A titre d&rsquo;exemple, Ksapa d\u00e9veloppe le programme d&rsquo;investissement SUTTI (Scale Up Techinical Training Initiative), dont l\u2019objet est la conception et l\u2019organisation de programmes de formation professionnelle \u00e0 destination des fermiers &amp; travailleurs des exploitations agricoles familiales de petite taille (smallholder farmers) intervenant dans des cha\u00eenes d\u2019approvisionnement de production de mati\u00e8res premi\u00e8res agricoles fragment\u00e9es, principalement en Asie du Sud-Est.<br \/>Cliquez <a href=\"https:\/\/ksapa.org\/fr\/investir\/programmes-dinvestissement-thematiques\/\">ici<\/a> pour en savoir plus!<\/p>\n<p>Par ailleurs, nous accompagnons les entreprises et les investisseurs dans la s\u00e9lection et la gestion de leurs investissements, leurs actifs financiers, leurs participations et leurs filiales, dans le cadre de nos prestations de conseil et de repr\u00e9sentation.<\/p>\n<div class=\"text-center\"><div class=\"is-divider divider clearfix\" style=\"background-color:rgb(170, 170, 170);\"><\/div><\/div>\n\n<div class=\"row\"  id=\"row-1565144974\">\n\n\n\t<div id=\"col-555714745\" class=\"col medium-6 small-12 large-6\"  >\n\t\t\t\t<div class=\"col-inner\"  >\n\t\t\t\n\t\t\t\n\n\n  <div class=\"banner has-hover bg-zoom\" id=\"banner-1871413751\">\n          <div class=\"banner-inner fill\">\n        <div class=\"banner-bg fill\" >\n            <div class=\"bg fill bg-fill \"><\/div>\n                        <div class=\"overlay\"><\/div>            \n                    <\/div>\n        <div class=\"banner-layers container\">\n            <a class=\"fill\" href=\"https:\/\/ksapa.org\/fr\/investir\/impact-investing\/\"  ><div class=\"fill banner-link\"><\/div><\/a>            \n\n   <div id=\"text-box-1725914921\" class=\"text-box banner-layer x50 md-x50 lg-x50 y50 md-y50 lg-y50 res-text\">\n                                <div class=\"text-box-content text dark\">\n              \n              <div class=\"text-inner text-center\">\n                  \n\n<h3 class=\"uppercase\"><a href=\"https:\/\/ksapa.org\/fr\/investir\/conception-deploiement-de-fonds-a-impact-esg-ksapa\/\"><strong>Impact investing<\/strong><\/a><\/h3>\n\n              <\/div>\n           <\/div>\n                            \n<style>\n#text-box-1725914921 {\n  width: 60%;\n}\n#text-box-1725914921 .text-box-content {\n  font-size: 150%;\n}\n<\/style>\n    <\/div>\n \n\n        <\/div>\n      <\/div>\n\n            \n<style>\n#banner-1871413751 {\n  padding-top: 200px;\n}\n#banner-1871413751 .bg.bg-loaded {\n  background-image: url(https:\/\/ksapa.org\/fr\/wp-content\/uploads\/sites\/1\/2019\/06\/pexels-photo-2132048-1199x800.jpeg);\n}\n#banner-1871413751 .overlay {\n  background-color: rgba(0,0,0,.5);\n}\n#banner-1871413751 .bg {\n  background-position: 67% 71%;\n}\n<\/style>\n  <\/div>\n\n\n\n\t\t<\/div>\n\t\t\t\t\t<\/div>\n\n\t\n\n\t<div id=\"col-939209590\" class=\"col medium-6 small-12 large-6\"  >\n\t\t\t\t<div class=\"col-inner\"  >\n\t\t\t\n\t\t\t\n\n\n  <div class=\"banner has-hover bg-zoom\" id=\"banner-1795326337\">\n          <div class=\"banner-inner fill\">\n        <div class=\"banner-bg fill\" >\n            <div class=\"bg fill bg-fill \"><\/div>\n                        <div class=\"overlay\"><\/div>            \n                    <\/div>\n        <div class=\"banner-layers container\">\n            <a class=\"fill\" href=\"https:\/\/ksapa.org\/fr\/investir\/programmes-dinvestissement-thematiques\/\"  ><div class=\"fill banner-link\"><\/div><\/a>            \n\n   <div id=\"text-box-1294615302\" class=\"text-box banner-layer x50 md-x50 lg-x50 y50 md-y50 lg-y50 res-text\">\n                                <div class=\"text-box-content text dark\">\n              \n              <div class=\"text-inner text-center\">\n                  \n\n<h3 class=\"uppercase\"><a href=\"https:\/\/ksapa.org\/fr\/investir\/programmes-dinvestissement-thematiques\/\"><strong>programmes d&rsquo;investissement th\u00e9matiques<\/strong><\/a><\/h3>\n\n              <\/div>\n           <\/div>\n                            \n<style>\n#text-box-1294615302 {\n  width: 79%;\n}\n#text-box-1294615302 .text-box-content {\n  font-size: 150%;\n}\n<\/style>\n    <\/div>\n \n\n        <\/div>\n      <\/div>\n\n            \n<style>\n#banner-1795326337 {\n  padding-top: 200px;\n}\n#banner-1795326337 .bg.bg-loaded {\n  background-image: url(https:\/\/ksapa.org\/fr\/wp-content\/uploads\/sites\/1\/2019\/06\/Sustainability-Themes-Investing-800x800.jpg);\n}\n#banner-1795326337 .overlay {\n  background-color: rgba(0,0,0,.5);\n}\n#banner-1795326337 .bg {\n  background-position: 9% 55%;\n}\n<\/style>\n  <\/div>\n\n\n\n\t\t<\/div>\n\t\t\t\t\t<\/div>\n\n\t\n\n<\/div>\n\n\t\t<\/div>\n\t\t\t\t\t<\/div>\n\n\t\n\n<\/div>\n\n\t\t<\/div>\n\n\t\t\n<style>\n#section_885228144 {\n  padding-top: 30px;\n  padding-bottom: 30px;\n}\n<\/style>\n\t<\/section>\n\t\n\n","protected":false},"excerpt":{"rendered":"","protected":false},"author":1,"featured_media":581,"parent":0,"menu_order":0,"comment_status":"closed","ping_status":"closed","template":"page-blank.php","meta":{"footnotes":""},"class_list":["post-508","page","type-page","status-publish","has-post-thumbnail","hentry"],"yoast_head":"<!-- This site is optimized with the Yoast SEO plugin v27.3 - https:\/\/yoast.com\/product\/yoast-seo-wordpress\/ -->\n<title>Investir : Conseil en RSE \/ ESG, Investissement \u00e0 impact, Mobilisation<\/title>\n<meta name=\"description\" content=\"Ksapa combine des expertises en mati\u00e8re de finance et de RSE \/ ESG. Nous travaillons aussi bien avec les investisseurs institutionnels et priv\u00e9s qu\u2019avec les entreprises, dans tous types de secteur. Nos solutions financi\u00e8res et programmes d\u2019investissement ont pour ambition d\u2019\u00eatre performants \u00e9conomiquement tout en produisant un impact positif et en b\u00e9n\u00e9ficiant au plus grand nombre, et ce dans une perspective de p\u00e9rennit\u00e9.\" \/>\n<meta name=\"robots\" content=\"index, follow, max-snippet:-1, max-image-preview:large, max-video-preview:-1\" \/>\n<link rel=\"canonical\" href=\"https:\/\/ksapa.org\/fr\/investir\/\" \/>\n<meta property=\"og:locale\" content=\"fr_FR\" \/>\n<meta property=\"og:type\" content=\"article\" \/>\n<meta property=\"og:title\" content=\"Investir : Conseil en RSE \/ ESG, Investissement \u00e0 impact, Mobilisation\" \/>\n<meta property=\"og:description\" content=\"Ksapa combine des expertises en mati\u00e8re de finance et de RSE \/ ESG. Nous travaillons aussi bien avec les investisseurs institutionnels et priv\u00e9s qu\u2019avec les entreprises, dans tous types de secteur. Nos solutions financi\u00e8res et programmes d\u2019investissement ont pour ambition d\u2019\u00eatre performants \u00e9conomiquement tout en produisant un impact positif et en b\u00e9n\u00e9ficiant au plus grand nombre, et ce dans une perspective de p\u00e9rennit\u00e9.\" \/>\n<meta property=\"og:url\" content=\"https:\/\/ksapa.org\/fr\/investir\/\" \/>\n<meta property=\"og:site_name\" content=\"Ksapa - fr\" \/>\n<meta property=\"article:modified_time\" content=\"2025-10-06T13:40:24+00:00\" \/>\n<meta property=\"og:image\" content=\"https:\/\/ksapa.org\/fr\/wp-content\/uploads\/sites\/1\/2019\/06\/IMG_7271-1067x800.jpg\" \/>\n\t<meta property=\"og:image:width\" content=\"1067\" \/>\n\t<meta property=\"og:image:height\" content=\"800\" \/>\n\t<meta property=\"og:image:type\" content=\"image\/jpeg\" \/>\n<meta name=\"twitter:card\" content=\"summary_large_image\" \/>\n<meta name=\"twitter:site\" content=\"@KsapaOrg\" \/>\n<meta name=\"twitter:label1\" content=\"Dur\u00e9e de lecture estim\u00e9e\" \/>\n\t<meta name=\"twitter:data1\" content=\"2 minutes\" \/>\n<script type=\"application\/ld+json\" class=\"yoast-schema-graph\">{\"@context\":\"https:\\\/\\\/schema.org\",\"@graph\":[{\"@type\":\"WebPage\",\"@id\":\"https:\\\/\\\/ksapa.org\\\/fr\\\/investir\\\/\",\"url\":\"https:\\\/\\\/ksapa.org\\\/fr\\\/investir\\\/\",\"name\":\"Investir : Conseil en RSE \\\/ ESG, Investissement \u00e0 impact, Mobilisation\",\"isPartOf\":{\"@id\":\"https:\\\/\\\/ksapa.org\\\/fr\\\/#website\"},\"primaryImageOfPage\":{\"@id\":\"https:\\\/\\\/ksapa.org\\\/fr\\\/investir\\\/#primaryimage\"},\"image\":{\"@id\":\"https:\\\/\\\/ksapa.org\\\/fr\\\/investir\\\/#primaryimage\"},\"thumbnailUrl\":\"https:\\\/\\\/ksapa.org\\\/fr\\\/wp-content\\\/uploads\\\/sites\\\/1\\\/2019\\\/06\\\/IMG_7271.jpg\",\"datePublished\":\"2019-06-17T13:08:23+00:00\",\"dateModified\":\"2025-10-06T13:40:24+00:00\",\"description\":\"Ksapa combine des expertises en mati\u00e8re de finance et de RSE \\\/ ESG. Nous travaillons aussi bien avec les investisseurs institutionnels et priv\u00e9s qu\u2019avec les entreprises, dans tous types de secteur. Nos solutions financi\u00e8res et programmes d\u2019investissement ont pour ambition d\u2019\u00eatre performants \u00e9conomiquement tout en produisant un impact positif et en b\u00e9n\u00e9ficiant au plus grand nombre, et ce dans une perspective de p\u00e9rennit\u00e9.\",\"breadcrumb\":{\"@id\":\"https:\\\/\\\/ksapa.org\\\/fr\\\/investir\\\/#breadcrumb\"},\"inLanguage\":\"fr-FR\",\"potentialAction\":[{\"@type\":\"ReadAction\",\"target\":[\"https:\\\/\\\/ksapa.org\\\/fr\\\/investir\\\/\"]}]},{\"@type\":\"ImageObject\",\"inLanguage\":\"fr-FR\",\"@id\":\"https:\\\/\\\/ksapa.org\\\/fr\\\/investir\\\/#primaryimage\",\"url\":\"https:\\\/\\\/ksapa.org\\\/fr\\\/wp-content\\\/uploads\\\/sites\\\/1\\\/2019\\\/06\\\/IMG_7271.jpg\",\"contentUrl\":\"https:\\\/\\\/ksapa.org\\\/fr\\\/wp-content\\\/uploads\\\/sites\\\/1\\\/2019\\\/06\\\/IMG_7271.jpg\",\"width\":\"4032\",\"height\":\"3024\",\"caption\":\"Conception & D\u00e9ploiement de Fonds ESG | Ksapa\"},{\"@type\":\"BreadcrumbList\",\"@id\":\"https:\\\/\\\/ksapa.org\\\/fr\\\/investir\\\/#breadcrumb\",\"itemListElement\":[{\"@type\":\"ListItem\",\"position\":1,\"name\":\"Home\",\"item\":\"https:\\\/\\\/ksapa.org\\\/fr\\\/\"},{\"@type\":\"ListItem\",\"position\":2,\"name\":\"Investir\"}]},{\"@type\":\"WebSite\",\"@id\":\"https:\\\/\\\/ksapa.org\\\/fr\\\/#website\",\"url\":\"https:\\\/\\\/ksapa.org\\\/fr\\\/\",\"name\":\"Ksapa - fr\",\"description\":\"\",\"publisher\":{\"@id\":\"https:\\\/\\\/ksapa.org\\\/fr\\\/#organization\"},\"potentialAction\":[{\"@type\":\"SearchAction\",\"target\":{\"@type\":\"EntryPoint\",\"urlTemplate\":\"https:\\\/\\\/ksapa.org\\\/fr\\\/?s={search_term_string}\"},\"query-input\":{\"@type\":\"PropertyValueSpecification\",\"valueRequired\":true,\"valueName\":\"search_term_string\"}}],\"inLanguage\":\"fr-FR\"},{\"@type\":\"Organization\",\"@id\":\"https:\\\/\\\/ksapa.org\\\/fr\\\/#organization\",\"name\":\"ksapa\",\"url\":\"https:\\\/\\\/ksapa.org\\\/fr\\\/\",\"logo\":{\"@type\":\"ImageObject\",\"inLanguage\":\"fr-FR\",\"@id\":\"https:\\\/\\\/ksapa.org\\\/fr\\\/#\\\/schema\\\/logo\\\/image\\\/\",\"url\":\"https:\\\/\\\/ksapa.org\\\/fr\\\/wp-content\\\/uploads\\\/sites\\\/1\\\/2019\\\/06\\\/icone-ksapa.jpg\",\"contentUrl\":\"https:\\\/\\\/ksapa.org\\\/fr\\\/wp-content\\\/uploads\\\/sites\\\/1\\\/2019\\\/06\\\/icone-ksapa.jpg\",\"width\":\"442\",\"height\":\"421\",\"caption\":\"ksapa\"},\"image\":{\"@id\":\"https:\\\/\\\/ksapa.org\\\/fr\\\/#\\\/schema\\\/logo\\\/image\\\/\"},\"sameAs\":[\"https:\\\/\\\/x.com\\\/KsapaOrg\"]}]}<\/script>\n<!-- \/ Yoast SEO plugin. -->","yoast_head_json":{"title":"Investir : Conseil en RSE \/ ESG, Investissement \u00e0 impact, Mobilisation","description":"Ksapa combine des expertises en mati\u00e8re de finance et de RSE \/ ESG. Nous travaillons aussi bien avec les investisseurs institutionnels et priv\u00e9s qu\u2019avec les entreprises, dans tous types de secteur. Nos solutions financi\u00e8res et programmes d\u2019investissement ont pour ambition d\u2019\u00eatre performants \u00e9conomiquement tout en produisant un impact positif et en b\u00e9n\u00e9ficiant au plus grand nombre, et ce dans une perspective de p\u00e9rennit\u00e9.","robots":{"index":"index","follow":"follow","max-snippet":"max-snippet:-1","max-image-preview":"max-image-preview:large","max-video-preview":"max-video-preview:-1"},"canonical":"https:\/\/ksapa.org\/fr\/investir\/","og_locale":"fr_FR","og_type":"article","og_title":"Investir : Conseil en RSE \/ ESG, Investissement \u00e0 impact, Mobilisation","og_description":"Ksapa combine des expertises en mati\u00e8re de finance et de RSE \/ ESG. Nous travaillons aussi bien avec les investisseurs institutionnels et priv\u00e9s qu\u2019avec les entreprises, dans tous types de secteur. Nos solutions financi\u00e8res et programmes d\u2019investissement ont pour ambition d\u2019\u00eatre performants \u00e9conomiquement tout en produisant un impact positif et en b\u00e9n\u00e9ficiant au plus grand nombre, et ce dans une perspective de p\u00e9rennit\u00e9.","og_url":"https:\/\/ksapa.org\/fr\/investir\/","og_site_name":"Ksapa - fr","article_modified_time":"2025-10-06T13:40:24+00:00","og_image":[{"width":1067,"height":800,"url":"https:\/\/ksapa.org\/fr\/wp-content\/uploads\/sites\/1\/2019\/06\/IMG_7271-1067x800.jpg","type":"image\/jpeg"}],"twitter_card":"summary_large_image","twitter_site":"@KsapaOrg","twitter_misc":{"Dur\u00e9e de lecture estim\u00e9e":"2 minutes"},"schema":{"@context":"https:\/\/schema.org","@graph":[{"@type":"WebPage","@id":"https:\/\/ksapa.org\/fr\/investir\/","url":"https:\/\/ksapa.org\/fr\/investir\/","name":"Investir : Conseil en RSE \/ ESG, Investissement \u00e0 impact, Mobilisation","isPartOf":{"@id":"https:\/\/ksapa.org\/fr\/#website"},"primaryImageOfPage":{"@id":"https:\/\/ksapa.org\/fr\/investir\/#primaryimage"},"image":{"@id":"https:\/\/ksapa.org\/fr\/investir\/#primaryimage"},"thumbnailUrl":"https:\/\/ksapa.org\/fr\/wp-content\/uploads\/sites\/1\/2019\/06\/IMG_7271.jpg","datePublished":"2019-06-17T13:08:23+00:00","dateModified":"2025-10-06T13:40:24+00:00","description":"Ksapa combine des expertises en mati\u00e8re de finance et de RSE \/ ESG. Nous travaillons aussi bien avec les investisseurs institutionnels et priv\u00e9s qu\u2019avec les entreprises, dans tous types de secteur. Nos solutions financi\u00e8res et programmes d\u2019investissement ont pour ambition d\u2019\u00eatre performants \u00e9conomiquement tout en produisant un impact positif et en b\u00e9n\u00e9ficiant au plus grand nombre, et ce dans une perspective de p\u00e9rennit\u00e9.","breadcrumb":{"@id":"https:\/\/ksapa.org\/fr\/investir\/#breadcrumb"},"inLanguage":"fr-FR","potentialAction":[{"@type":"ReadAction","target":["https:\/\/ksapa.org\/fr\/investir\/"]}]},{"@type":"ImageObject","inLanguage":"fr-FR","@id":"https:\/\/ksapa.org\/fr\/investir\/#primaryimage","url":"https:\/\/ksapa.org\/fr\/wp-content\/uploads\/sites\/1\/2019\/06\/IMG_7271.jpg","contentUrl":"https:\/\/ksapa.org\/fr\/wp-content\/uploads\/sites\/1\/2019\/06\/IMG_7271.jpg","width":"4032","height":"3024","caption":"Conception & D\u00e9ploiement de Fonds ESG | Ksapa"},{"@type":"BreadcrumbList","@id":"https:\/\/ksapa.org\/fr\/investir\/#breadcrumb","itemListElement":[{"@type":"ListItem","position":1,"name":"Home","item":"https:\/\/ksapa.org\/fr\/"},{"@type":"ListItem","position":2,"name":"Investir"}]},{"@type":"WebSite","@id":"https:\/\/ksapa.org\/fr\/#website","url":"https:\/\/ksapa.org\/fr\/","name":"Ksapa - fr","description":"","publisher":{"@id":"https:\/\/ksapa.org\/fr\/#organization"},"potentialAction":[{"@type":"SearchAction","target":{"@type":"EntryPoint","urlTemplate":"https:\/\/ksapa.org\/fr\/?s={search_term_string}"},"query-input":{"@type":"PropertyValueSpecification","valueRequired":true,"valueName":"search_term_string"}}],"inLanguage":"fr-FR"},{"@type":"Organization","@id":"https:\/\/ksapa.org\/fr\/#organization","name":"ksapa","url":"https:\/\/ksapa.org\/fr\/","logo":{"@type":"ImageObject","inLanguage":"fr-FR","@id":"https:\/\/ksapa.org\/fr\/#\/schema\/logo\/image\/","url":"https:\/\/ksapa.org\/fr\/wp-content\/uploads\/sites\/1\/2019\/06\/icone-ksapa.jpg","contentUrl":"https:\/\/ksapa.org\/fr\/wp-content\/uploads\/sites\/1\/2019\/06\/icone-ksapa.jpg","width":"442","height":"421","caption":"ksapa"},"image":{"@id":"https:\/\/ksapa.org\/fr\/#\/schema\/logo\/image\/"},"sameAs":["https:\/\/x.com\/KsapaOrg"]}]}},"_links":{"self":[{"href":"https:\/\/ksapa.org\/fr\/wp-json\/wp\/v2\/pages\/508","targetHints":{"allow":["GET"]}}],"collection":[{"href":"https:\/\/ksapa.org\/fr\/wp-json\/wp\/v2\/pages"}],"about":[{"href":"https:\/\/ksapa.org\/fr\/wp-json\/wp\/v2\/types\/page"}],"author":[{"embeddable":true,"href":"https:\/\/ksapa.org\/fr\/wp-json\/wp\/v2\/users\/1"}],"replies":[{"embeddable":true,"href":"https:\/\/ksapa.org\/fr\/wp-json\/wp\/v2\/comments?post=508"}],"version-history":[{"count":6,"href":"https:\/\/ksapa.org\/fr\/wp-json\/wp\/v2\/pages\/508\/revisions"}],"predecessor-version":[{"id":10859,"href":"https:\/\/ksapa.org\/fr\/wp-json\/wp\/v2\/pages\/508\/revisions\/10859"}],"wp:featuredmedia":[{"embeddable":true,"href":"https:\/\/ksapa.org\/fr\/wp-json\/wp\/v2\/media\/581"}],"wp:attachment":[{"href":"https:\/\/ksapa.org\/fr\/wp-json\/wp\/v2\/media?parent=508"}],"curies":[{"name":"wp","href":"https:\/\/api.w.org\/{rel}","templated":true}]}}