{"id":5084,"date":"2021-09-14T20:27:05","date_gmt":"2021-09-14T19:27:05","guid":{"rendered":"https:\/\/ksapa.org\/fr\/?page_id=5084"},"modified":"2025-01-08T11:37:33","modified_gmt":"2025-01-08T10:37:33","slug":"etude-de-cas-identifier-les-indicateurs-sociaux-dans-un-projet-a-fort-impact","status":"publish","type":"page","link":"https:\/\/ksapa.org\/fr\/a-propos\/etudes-de-cas-du-defi-esg-vers-la-transformation-odd-durable\/etude-de-cas-identifier-les-indicateurs-sociaux-dans-un-projet-a-fort-impact\/","title":{"rendered":"Mesurer l&rsquo;impact social d&rsquo;un nouveau barrage en Afrique"},"content":{"rendered":"\n\n  <div class=\"banner has-hover\" id=\"banner-464308316\">\n          <div class=\"banner-inner fill\">\n        <div class=\"banner-bg fill\" >\n            <div class=\"bg fill bg-fill \"><\/div>\n                        <div class=\"overlay\"><\/div>            \n                    <\/div>\n        <div class=\"banner-layers container\">\n            <div class=\"fill banner-link\"><\/div>            \n\n   <div id=\"text-box-739035971\" class=\"text-box banner-layer x50 md-x50 lg-x50 y95 md-y50 lg-y50 res-text\">\n                                <div class=\"text-box-content text dark\">\n              \n              <div class=\"text-inner text-center\">\n                  \n\n<h1 class=\"uppercase\"><strong>Mesurer l&rsquo;Impact Social d&rsquo;un Barrage en Afrique<br \/><\/strong><\/h1>\n\n              <\/div>\n           <\/div>\n                            \n<style>\n#text-box-739035971 {\n  width: 60%;\n}\n#text-box-739035971 .text-box-content {\n  font-size: 100%;\n}\n<\/style>\n    <\/div>\n \n\n        <\/div>\n      <\/div>\n\n            \n<style>\n#banner-464308316 {\n  padding-top: 350px;\n}\n#banner-464308316 .bg.bg-loaded {\n  background-image: url(https:\/\/ksapa.org\/fr\/wp-content\/uploads\/sites\/1\/2021\/09\/pexels-tope-a-asokere-6193209-scaled.jpg);\n}\n#banner-464308316 .overlay {\n  background-color: rgba(0,0,0,.5);\n}\n#banner-464308316 .bg {\n  background-position: 57% 63%;\n}\n<\/style>\n  <\/div>\n\n\n\t<section class=\"section\" id=\"section_1754266902\">\n\t\t<div class=\"bg section-bg fill bg-fill  bg-loaded\" >\n\n\t\t\t\n\t\t\t\n\t\t\t\n\n\t\t<\/div>\n\n\t\t<div class=\"section-content relative\">\n\t\t\t\n\n<div class=\"row\"  id=\"row-1106888619\">\n\n\n\t<div id=\"col-2064450573\" class=\"col small-12 large-12\"  >\n\t\t\t\t<div class=\"col-inner\"  >\n\t\t\t\n\t\t\t\n\n<p class=\"lead\" style=\"text-align: center;\">D\u00e9couvrez comment Ksapa a con\u00e7u des indicateurs optimis\u00e9s pour maximiser l&rsquo;impact communautaire d&rsquo;un barrage hydro\u00e9lectrique en Afrique align\u00e9 sur les standards internationaux.<\/p>\n\t<div id=\"gap-1914514965\" class=\"gap-element clearfix\" style=\"display:block; height:auto;\">\n\t\t\n<style>\n#gap-1914514965 {\n  padding-top: 30px;\n}\n<\/style>\n\t<\/div>\n\t\n\n<h2 class=\"whitespace-pre-wrap break-words\">L&rsquo;enjeu du client<\/h2>\n<p class=\"whitespace-pre-wrap break-words\">Une entreprise majeure d&rsquo;infrastructure devait quantifier et communiquer les b\u00e9n\u00e9fices sociaux d&rsquo;un nouveau barrage hydro\u00e9lectrique construit sur 4 ans, tout en cr\u00e9ant une m\u00e9thodologie reproductible pour les initiatives similaires futures. Ils cherchaient \u00e0 \u00e9quilibrer une mesure d&rsquo;impact rigoureuse avec une mise en \u0153uvre pratique.<\/p>\n<h2 class=\"whitespace-pre-wrap break-words\">Notre approche<\/h2>\n<p class=\"whitespace-pre-wrap break-words\">\u00c0 travers une consultation approfondie des parties prenantes, nous avons :<\/p>\n<ul class=\"-mt-1 &#091;li&gt;&amp;&#093;:mt-2 list-disc space-y-2 pl-8\">\n<li class=\"whitespace-normal break-words\">Men\u00e9 des consultations approfondies avec les dirigeants pluridisciplinaires, incluant la direction du site, les \u00e9quipes techniques, les Ressources Humaines, la finance et ESG<\/li>\n<li class=\"whitespace-normal break-words\">Cartographi\u00e9 les th\u00e8mes d&rsquo;impact social prioritaires selon les normes internationales IRIS+ pour assurer la comparabilit\u00e9 des donn\u00e9es<\/li>\n<li class=\"whitespace-normal break-words\">Align\u00e9 les indicateurs avec les Objectifs de D\u00e9veloppement Durable de l&rsquo;ONU pour d\u00e9montrer une contribution plus large<\/li>\n<li class=\"whitespace-normal break-words\">\u00c9valu\u00e9 la faisabilit\u00e9 de mise en \u0153uvre en tenant compte de la disponibilit\u00e9 des donn\u00e9es et des m\u00e9thodes de collecte<\/li>\n<\/ul>\n<h2 class=\"whitespace-pre-wrap break-words\">R\u00e9sultats<\/h2>\n<p class=\"whitespace-pre-wrap break-words\">Nous avons livr\u00e9 un cadre d&rsquo;impact social personnalis\u00e9 qui :<\/p>\n<ul class=\"-mt-1 &#091;li&gt;&amp;&#093;:mt-2 list-disc space-y-2 pl-8\">\n<li class=\"whitespace-normal break-words\">A \u00e9tabli des m\u00e9triques sp\u00e9cifiques au contexte, prioris\u00e9es par les parties prenantes internes<\/li>\n<li class=\"whitespace-normal break-words\">A fourni des directives d\u00e9taill\u00e9es de mise en \u0153uvre utilisant la m\u00e9thodologie IRIS+<\/li>\n<li class=\"whitespace-normal break-words\">A cr\u00e9\u00e9 un mod\u00e8le \u00e9volutif pour les futurs projets d&rsquo;infrastructure<\/li>\n<li class=\"whitespace-normal break-words\">A permis une standardisation du reporting d&rsquo;impact \u00e0 travers l&rsquo;organisation<\/li>\n<\/ul>\n<h2 class=\"whitespace-pre-wrap break-words\">Pr\u00eat \u00e0 mesurer et maximiser l&rsquo;impact social de votre projet d&rsquo;infrastructure ?<\/h2>\n<p class=\"whitespace-pre-wrap break-words\">Contactez nos experts pour d\u00e9velopper votre cadre d&rsquo;impact personnalis\u00e9 : <a href=\"mailto:contact@ksapa.org\">contact@ksapa.org<\/a><\/p>\n<div class=\"text-center\"><div class=\"is-divider divider clearfix\" ><\/div><\/div>\n\n<div class=\"row\"  id=\"row-32030686\">\n\n\n\t<div id=\"col-1747415284\" class=\"col small-12 large-12\"  >\n\t\t\t\t<div class=\"col-inner\"  >\n\t\t\t\n\t\t\t\n\n<h2>En savoir plus<\/h2>\n\t<div id=\"gap-1602448887\" class=\"gap-element clearfix\" style=\"display:block; height:auto;\">\n\t\t\n<style>\n#gap-1602448887 {\n  padding-top: 30px;\n}\n<\/style>\n\t<\/div>\n\t\n\n<div class=\"row\"  id=\"row-2069691327\">\n\n\n\t<div id=\"col-60391928\" class=\"col medium-4 small-12 large-4\"  >\n\t\t\t\t<div class=\"col-inner\"  >\n\t\t\t\n\t\t\t\n\n<h3 style=\"text-align: center\"><a href=\"https:\/\/ksapa.org\/fr\/mobiliser\/blog\/\">Article de blog<\/a><\/h3>\n\n  <div class=\"banner has-hover bg-zoom\" id=\"banner-920684354\">\n          <div class=\"banner-inner fill\">\n        <div class=\"banner-bg fill\" >\n            <div class=\"bg fill bg-fill \"><\/div>\n                        <div class=\"overlay\"><\/div>            \n                    <\/div>\n        <div class=\"banner-layers container\">\n            <a class=\"fill\" href=\"https:\/\/ksapa.org\/fr\/credibiliser-les-engagements-odd-grace-a-la-mesure-dimpact\/\"  ><div class=\"fill banner-link\"><\/div><\/a>            \n\n   <div id=\"text-box-689197375\" class=\"text-box banner-layer x50 md-x50 lg-x50 y50 md-y50 lg-y50 res-text\">\n                                <div class=\"text-box-content text dark\">\n              \n              <div class=\"text-inner text-center\">\n                  \n\n<h2 class=\"thin-font\"><a href=\"https:\/\/ksapa.org\/fr\/credibiliser-les-engagements-odd-grace-a-la-mesure-dimpact\/\">Cr\u00e9dibiliser les engagements ODD gr\u00e2ce \u00e0 la mesure d&rsquo;impact<\/a><\/h2>\n<a href=\"https:\/\/ksapa.org\/fr\/credibiliser-les-engagements-odd-grace-a-la-mesure-dimpact\/\" target=\"_self\" class=\"button white is-outline\"  >\n    <span>Lire la suite<\/span>\n  <\/a>\n\n\n\n              <\/div>\n           <\/div>\n                            \n<style>\n#text-box-689197375 {\n  width: 60%;\n}\n#text-box-689197375 .text-box-content {\n  font-size: 100%;\n}\n<\/style>\n    <\/div>\n \n\n        <\/div>\n      <\/div>\n\n            \n<style>\n#banner-920684354 {\n  padding-top: 250px;\n}\n#banner-920684354 .bg.bg-loaded {\n  background-image: url(https:\/\/ksapa.org\/fr\/wp-content\/uploads\/sites\/1\/2021\/08\/ODD-600x400.jpg);\n}\n#banner-920684354 .overlay {\n  background-color: rgba(0,0,0,.5);\n}\n<\/style>\n  <\/div>\n\n\n\n\t\t<\/div>\n\t\t\t\t\t<\/div>\n\n\t\n\n\t<div id=\"col-1476486911\" class=\"col medium-4 small-12 large-4\"  >\n\t\t\t\t<div class=\"col-inner\"  >\n\t\t\t\n\t\t\t\n\n<h3 style=\"text-align: center\"><a href=\"https:\/\/ksapa.org\/fr\/conseiller\/\">Nos services<\/a><\/h3>\n\n  <div class=\"banner has-hover bg-zoom\" id=\"banner-1755938181\">\n          <div class=\"banner-inner fill\">\n        <div class=\"banner-bg fill\" >\n            <div class=\"bg fill bg-fill \"><\/div>\n                        <div class=\"overlay\"><\/div>            \n                    <\/div>\n        <div class=\"banner-layers container\">\n            <a class=\"fill\" href=\"https:\/\/ksapa.org\/fr\/conseiller\/entreprises-et-droits-humains\/\"  ><div class=\"fill banner-link\"><\/div><\/a>            \n\n   <div id=\"text-box-1872816363\" class=\"text-box banner-layer x50 md-x50 lg-x50 y50 md-y50 lg-y50 res-text\">\n                                <div class=\"text-box-content text dark\">\n              \n              <div class=\"text-inner text-center\">\n                  \n\n<h2 class=\"uppercase\"><a href=\"https:\/\/ksapa.org\/fr\/conseiller\/entreprises-et-droits-humains\/\">entreprises et droits humains<\/a><\/h2>\n\n              <\/div>\n           <\/div>\n                            \n<style>\n#text-box-1872816363 {\n  width: 96%;\n}\n#text-box-1872816363 .text-box-content {\n  font-size: 100%;\n}\n@media (min-width:550px) {\n  #text-box-1872816363 {\n    width: 60%;\n  }\n}\n<\/style>\n    <\/div>\n \n\n        <\/div>\n      <\/div>\n\n            \n<style>\n#banner-1755938181 {\n  padding-top: 250px;\n}\n#banner-1755938181 .bg.bg-loaded {\n  background-image: url(https:\/\/ksapa.org\/fr\/wp-content\/uploads\/sites\/1\/2021\/07\/workers-5708691_1920-1-600x400.jpg);\n}\n#banner-1755938181 .overlay {\n  background-color: rgba(0,0,0,.5);\n}\n<\/style>\n  <\/div>\n\n\n\n\t\t<\/div>\n\t\t\t\t\t<\/div>\n\n\t\n\n\t<div id=\"col-1064887810\" class=\"col medium-4 small-12 large-4\"  >\n\t\t\t\t<div class=\"col-inner\"  >\n\t\t\t\n\t\t\t\n\n    <div class=\"box has-hover has-hover box-text-bottom\" >\n\n                  <div class=\"box-image \" style=\"width:45%;\">\n           <div class=\"box-image-inner image-cover\" style=\"border-radius:100%;padding-top:100%;\">\n              <img decoding=\"async\" width=\"2560\" height=\"2560\" src=\"https:\/\/ksapa.org\/fr\/wp-content\/uploads\/sites\/1\/2020\/08\/Sona-Kessaria-scaled.jpg\" class=\"attachment- size-\" alt=\"Sona Kessaria - Ksapa\" srcset=\"https:\/\/ksapa.org\/fr\/wp-content\/uploads\/sites\/1\/2020\/08\/Sona-Kessaria-scaled.jpg 2560w, https:\/\/ksapa.org\/fr\/wp-content\/uploads\/sites\/1\/2020\/08\/Sona-Kessaria-400x400.jpg 400w, https:\/\/ksapa.org\/fr\/wp-content\/uploads\/sites\/1\/2020\/08\/Sona-Kessaria-800x800.jpg 800w, https:\/\/ksapa.org\/fr\/wp-content\/uploads\/sites\/1\/2020\/08\/Sona-Kessaria-280x280.jpg 280w, https:\/\/ksapa.org\/fr\/wp-content\/uploads\/sites\/1\/2020\/08\/Sona-Kessaria-768x768.jpg 768w, https:\/\/ksapa.org\/fr\/wp-content\/uploads\/sites\/1\/2020\/08\/Sona-Kessaria-1536x1536.jpg 1536w, https:\/\/ksapa.org\/fr\/wp-content\/uploads\/sites\/1\/2020\/08\/Sona-Kessaria-2048x2048.jpg 2048w\" sizes=\"(max-width: 2560px) 100vw, 2560px\" \/>                         <\/div>\n          <\/div>\n         \n          <div class=\"box-text text-center\" >\n                <div class=\"box-text-inner\">\n                  <h4 class=\"uppercase\">\n                    <span class=\"person-name\">Sona Kessaria<\/span><br\/>\n                    <span class=\"person-title is-small thin-font op-7\">\n                      Consultante                    <\/span>\n                  <\/h4>\n                                  \n\n<a href=\"https:\/\/ksapa.org\/fr\/impliquez-vous\/contact\/\" target=\"_self\" class=\"button primary is-outline\"  style=\"border-radius:99px;\">\n    <span>CONTACTEZ NOUS<\/span>\n  <\/a>\n\n\n\n                <\/div>\n          <\/div>\n    <\/div>\n\n    \n    \n\n\t\t<\/div>\n\t\t\t\t\t<\/div>\n\n\t\n\n<\/div>\n\n\t\t<\/div>\n\t\t\t\t\t<\/div>\n\n\t\n\n<\/div>\n<div class=\"row align-center\"  id=\"row-633599065\">\n\n\n\t<div id=\"col-1573776805\" class=\"col small-12 large-12\"  >\n\t\t\t\t<div class=\"col-inner text-center\"  >\n\t\t\t\n\t\t\t\n\n<a href=\"https:\/\/ksapa.org\/fr\/a-propos\/nos-etudes-de-cas\/\" target=\"_self\" class=\"button primary lowercase\"  style=\"border-radius:99px;\">\n    <span>Nos \u00e9tudes de cas<\/span>\n  <\/a>\n\n\n\n\t\t<\/div>\n\t\t\t\t\t<\/div>\n\n\t\n\n<\/div>\n\n\t\t<\/div>\n\t\t\t\t\t<\/div>\n\n\t\n\n<\/div>\n\n\t\t<\/div>\n\n\t\t\n<style>\n#section_1754266902 {\n  padding-top: 30px;\n  padding-bottom: 30px;\n}\n<\/style>\n\t<\/section>\n\t\n\n","protected":false},"excerpt":{"rendered":"","protected":false},"author":70,"featured_media":4706,"parent":3335,"menu_order":0,"comment_status":"closed","ping_status":"closed","template":"page-blank.php","meta":{"footnotes":""},"class_list":["post-5084","page","type-page","status-publish","has-post-thumbnail","hentry"],"yoast_head":"<!-- This site is optimized with the Yoast SEO plugin v27.3 - https:\/\/yoast.com\/product\/yoast-seo-wordpress\/ -->\n<title>Mesurer l&#039;impact social d&#039;un nouveau barrage en Afrique<\/title>\n<meta name=\"description\" content=\"Ksapa a con\u00e7u pour ce projet des indicateurs optimis\u00e9s pour maximiser l&#039;impact communautaire d&#039;un nouveau barrage hydro\u00e9lectrique en Afrique.\" \/>\n<meta name=\"robots\" content=\"index, follow, max-snippet:-1, max-image-preview:large, max-video-preview:-1\" \/>\n<link rel=\"canonical\" href=\"https:\/\/ksapa.org\/fr\/a-propos\/etudes-de-cas-du-defi-esg-vers-la-transformation-odd-durable\/etude-de-cas-identifier-les-indicateurs-sociaux-dans-un-projet-a-fort-impact\/\" \/>\n<meta property=\"og:locale\" content=\"fr_FR\" \/>\n<meta property=\"og:type\" content=\"article\" \/>\n<meta property=\"og:title\" content=\"Mesurer l&#039;impact social d&#039;un nouveau barrage en Afrique\" \/>\n<meta property=\"og:description\" content=\"Ksapa a con\u00e7u pour ce projet des indicateurs optimis\u00e9s pour maximiser l&#039;impact communautaire d&#039;un nouveau barrage hydro\u00e9lectrique en Afrique.\" \/>\n<meta property=\"og:url\" content=\"https:\/\/ksapa.org\/fr\/a-propos\/etudes-de-cas-du-defi-esg-vers-la-transformation-odd-durable\/etude-de-cas-identifier-les-indicateurs-sociaux-dans-un-projet-a-fort-impact\/\" \/>\n<meta property=\"og:site_name\" content=\"Ksapa - fr\" \/>\n<meta property=\"article:modified_time\" content=\"2025-01-08T10:37:33+00:00\" \/>\n<meta property=\"og:image\" content=\"https:\/\/ksapa.org\/fr\/wp-content\/uploads\/sites\/1\/2021\/09\/pexels-tope-a-asokere-6193209-scaled.jpg\" \/>\n\t<meta property=\"og:image:width\" content=\"2560\" \/>\n\t<meta property=\"og:image:height\" content=\"1920\" \/>\n\t<meta property=\"og:image:type\" content=\"image\/jpeg\" \/>\n<meta name=\"twitter:card\" content=\"summary_large_image\" \/>\n<meta name=\"twitter:site\" content=\"@KsapaOrg\" \/>\n<meta name=\"twitter:label1\" content=\"Dur\u00e9e de lecture estim\u00e9e\" \/>\n\t<meta name=\"twitter:data1\" content=\"3 minutes\" \/>\n<script type=\"application\/ld+json\" class=\"yoast-schema-graph\">{\"@context\":\"https:\\\/\\\/schema.org\",\"@graph\":[{\"@type\":\"WebPage\",\"@id\":\"https:\\\/\\\/ksapa.org\\\/fr\\\/a-propos\\\/etudes-de-cas-du-defi-esg-vers-la-transformation-odd-durable\\\/etude-de-cas-identifier-les-indicateurs-sociaux-dans-un-projet-a-fort-impact\\\/\",\"url\":\"https:\\\/\\\/ksapa.org\\\/fr\\\/a-propos\\\/etudes-de-cas-du-defi-esg-vers-la-transformation-odd-durable\\\/etude-de-cas-identifier-les-indicateurs-sociaux-dans-un-projet-a-fort-impact\\\/\",\"name\":\"Mesurer l'impact social d'un nouveau barrage en Afrique\",\"isPartOf\":{\"@id\":\"https:\\\/\\\/ksapa.org\\\/fr\\\/#website\"},\"primaryImageOfPage\":{\"@id\":\"https:\\\/\\\/ksapa.org\\\/fr\\\/a-propos\\\/etudes-de-cas-du-defi-esg-vers-la-transformation-odd-durable\\\/etude-de-cas-identifier-les-indicateurs-sociaux-dans-un-projet-a-fort-impact\\\/#primaryimage\"},\"image\":{\"@id\":\"https:\\\/\\\/ksapa.org\\\/fr\\\/a-propos\\\/etudes-de-cas-du-defi-esg-vers-la-transformation-odd-durable\\\/etude-de-cas-identifier-les-indicateurs-sociaux-dans-un-projet-a-fort-impact\\\/#primaryimage\"},\"thumbnailUrl\":\"https:\\\/\\\/ksapa.org\\\/fr\\\/wp-content\\\/uploads\\\/sites\\\/1\\\/2021\\\/09\\\/pexels-tope-a-asokere-6193209-scaled.jpg\",\"datePublished\":\"2021-09-14T19:27:05+00:00\",\"dateModified\":\"2025-01-08T10:37:33+00:00\",\"description\":\"Ksapa a con\u00e7u pour ce projet des indicateurs optimis\u00e9s pour maximiser l'impact communautaire d'un nouveau barrage hydro\u00e9lectrique en Afrique.\",\"breadcrumb\":{\"@id\":\"https:\\\/\\\/ksapa.org\\\/fr\\\/a-propos\\\/etudes-de-cas-du-defi-esg-vers-la-transformation-odd-durable\\\/etude-de-cas-identifier-les-indicateurs-sociaux-dans-un-projet-a-fort-impact\\\/#breadcrumb\"},\"inLanguage\":\"fr-FR\",\"potentialAction\":[{\"@type\":\"ReadAction\",\"target\":[\"https:\\\/\\\/ksapa.org\\\/fr\\\/a-propos\\\/etudes-de-cas-du-defi-esg-vers-la-transformation-odd-durable\\\/etude-de-cas-identifier-les-indicateurs-sociaux-dans-un-projet-a-fort-impact\\\/\"]}]},{\"@type\":\"ImageObject\",\"inLanguage\":\"fr-FR\",\"@id\":\"https:\\\/\\\/ksapa.org\\\/fr\\\/a-propos\\\/etudes-de-cas-du-defi-esg-vers-la-transformation-odd-durable\\\/etude-de-cas-identifier-les-indicateurs-sociaux-dans-un-projet-a-fort-impact\\\/#primaryimage\",\"url\":\"https:\\\/\\\/ksapa.org\\\/fr\\\/wp-content\\\/uploads\\\/sites\\\/1\\\/2021\\\/09\\\/pexels-tope-a-asokere-6193209-scaled.jpg\",\"contentUrl\":\"https:\\\/\\\/ksapa.org\\\/fr\\\/wp-content\\\/uploads\\\/sites\\\/1\\\/2021\\\/09\\\/pexels-tope-a-asokere-6193209-scaled.jpg\",\"width\":2560,\"height\":1920,\"caption\":\"Ksapa a con\u00e7u pour ce projet des indicateurs optimis\u00e9s pour maximiser l'impact communautaire d'un nouveau barrage hydro\u00e9lectrique en Afrique.\"},{\"@type\":\"BreadcrumbList\",\"@id\":\"https:\\\/\\\/ksapa.org\\\/fr\\\/a-propos\\\/etudes-de-cas-du-defi-esg-vers-la-transformation-odd-durable\\\/etude-de-cas-identifier-les-indicateurs-sociaux-dans-un-projet-a-fort-impact\\\/#breadcrumb\",\"itemListElement\":[{\"@type\":\"ListItem\",\"position\":1,\"name\":\"Home\",\"item\":\"https:\\\/\\\/ksapa.org\\\/fr\\\/\"},{\"@type\":\"ListItem\",\"position\":2,\"name\":\"\u00c0 propos\",\"item\":\"https:\\\/\\\/ksapa.org\\\/fr\\\/a-propos\\\/\"},{\"@type\":\"ListItem\",\"position\":3,\"name\":\"Etudes de cas\",\"item\":\"https:\\\/\\\/ksapa.org\\\/fr\\\/a-propos\\\/etudes-de-cas-du-defi-esg-vers-la-transformation-odd-durable\\\/\"},{\"@type\":\"ListItem\",\"position\":4,\"name\":\"Mesurer l&rsquo;impact social d&rsquo;un nouveau barrage en Afrique\"}]},{\"@type\":\"WebSite\",\"@id\":\"https:\\\/\\\/ksapa.org\\\/fr\\\/#website\",\"url\":\"https:\\\/\\\/ksapa.org\\\/fr\\\/\",\"name\":\"Ksapa - fr\",\"description\":\"\",\"publisher\":{\"@id\":\"https:\\\/\\\/ksapa.org\\\/fr\\\/#organization\"},\"potentialAction\":[{\"@type\":\"SearchAction\",\"target\":{\"@type\":\"EntryPoint\",\"urlTemplate\":\"https:\\\/\\\/ksapa.org\\\/fr\\\/?s={search_term_string}\"},\"query-input\":{\"@type\":\"PropertyValueSpecification\",\"valueRequired\":true,\"valueName\":\"search_term_string\"}}],\"inLanguage\":\"fr-FR\"},{\"@type\":\"Organization\",\"@id\":\"https:\\\/\\\/ksapa.org\\\/fr\\\/#organization\",\"name\":\"ksapa\",\"url\":\"https:\\\/\\\/ksapa.org\\\/fr\\\/\",\"logo\":{\"@type\":\"ImageObject\",\"inLanguage\":\"fr-FR\",\"@id\":\"https:\\\/\\\/ksapa.org\\\/fr\\\/#\\\/schema\\\/logo\\\/image\\\/\",\"url\":\"https:\\\/\\\/ksapa.org\\\/fr\\\/wp-content\\\/uploads\\\/sites\\\/1\\\/2019\\\/06\\\/icone-ksapa.jpg\",\"contentUrl\":\"https:\\\/\\\/ksapa.org\\\/fr\\\/wp-content\\\/uploads\\\/sites\\\/1\\\/2019\\\/06\\\/icone-ksapa.jpg\",\"width\":\"442\",\"height\":\"421\",\"caption\":\"ksapa\"},\"image\":{\"@id\":\"https:\\\/\\\/ksapa.org\\\/fr\\\/#\\\/schema\\\/logo\\\/image\\\/\"},\"sameAs\":[\"https:\\\/\\\/x.com\\\/KsapaOrg\"]}]}<\/script>\n<!-- \/ Yoast SEO plugin. -->","yoast_head_json":{"title":"Mesurer l'impact social d'un nouveau barrage en Afrique","description":"Ksapa a con\u00e7u pour ce projet des indicateurs optimis\u00e9s pour maximiser l'impact communautaire d'un nouveau barrage hydro\u00e9lectrique en Afrique.","robots":{"index":"index","follow":"follow","max-snippet":"max-snippet:-1","max-image-preview":"max-image-preview:large","max-video-preview":"max-video-preview:-1"},"canonical":"https:\/\/ksapa.org\/fr\/a-propos\/etudes-de-cas-du-defi-esg-vers-la-transformation-odd-durable\/etude-de-cas-identifier-les-indicateurs-sociaux-dans-un-projet-a-fort-impact\/","og_locale":"fr_FR","og_type":"article","og_title":"Mesurer l'impact social d'un nouveau barrage en Afrique","og_description":"Ksapa a con\u00e7u pour ce projet des indicateurs optimis\u00e9s pour maximiser l'impact communautaire d'un nouveau barrage hydro\u00e9lectrique en Afrique.","og_url":"https:\/\/ksapa.org\/fr\/a-propos\/etudes-de-cas-du-defi-esg-vers-la-transformation-odd-durable\/etude-de-cas-identifier-les-indicateurs-sociaux-dans-un-projet-a-fort-impact\/","og_site_name":"Ksapa - fr","article_modified_time":"2025-01-08T10:37:33+00:00","og_image":[{"width":2560,"height":1920,"url":"https:\/\/ksapa.org\/fr\/wp-content\/uploads\/sites\/1\/2021\/09\/pexels-tope-a-asokere-6193209-scaled.jpg","type":"image\/jpeg"}],"twitter_card":"summary_large_image","twitter_site":"@KsapaOrg","twitter_misc":{"Dur\u00e9e de lecture estim\u00e9e":"3 minutes"},"schema":{"@context":"https:\/\/schema.org","@graph":[{"@type":"WebPage","@id":"https:\/\/ksapa.org\/fr\/a-propos\/etudes-de-cas-du-defi-esg-vers-la-transformation-odd-durable\/etude-de-cas-identifier-les-indicateurs-sociaux-dans-un-projet-a-fort-impact\/","url":"https:\/\/ksapa.org\/fr\/a-propos\/etudes-de-cas-du-defi-esg-vers-la-transformation-odd-durable\/etude-de-cas-identifier-les-indicateurs-sociaux-dans-un-projet-a-fort-impact\/","name":"Mesurer l'impact social d'un nouveau barrage en Afrique","isPartOf":{"@id":"https:\/\/ksapa.org\/fr\/#website"},"primaryImageOfPage":{"@id":"https:\/\/ksapa.org\/fr\/a-propos\/etudes-de-cas-du-defi-esg-vers-la-transformation-odd-durable\/etude-de-cas-identifier-les-indicateurs-sociaux-dans-un-projet-a-fort-impact\/#primaryimage"},"image":{"@id":"https:\/\/ksapa.org\/fr\/a-propos\/etudes-de-cas-du-defi-esg-vers-la-transformation-odd-durable\/etude-de-cas-identifier-les-indicateurs-sociaux-dans-un-projet-a-fort-impact\/#primaryimage"},"thumbnailUrl":"https:\/\/ksapa.org\/fr\/wp-content\/uploads\/sites\/1\/2021\/09\/pexels-tope-a-asokere-6193209-scaled.jpg","datePublished":"2021-09-14T19:27:05+00:00","dateModified":"2025-01-08T10:37:33+00:00","description":"Ksapa a con\u00e7u pour ce projet des indicateurs optimis\u00e9s pour maximiser l'impact communautaire d'un nouveau barrage hydro\u00e9lectrique en Afrique.","breadcrumb":{"@id":"https:\/\/ksapa.org\/fr\/a-propos\/etudes-de-cas-du-defi-esg-vers-la-transformation-odd-durable\/etude-de-cas-identifier-les-indicateurs-sociaux-dans-un-projet-a-fort-impact\/#breadcrumb"},"inLanguage":"fr-FR","potentialAction":[{"@type":"ReadAction","target":["https:\/\/ksapa.org\/fr\/a-propos\/etudes-de-cas-du-defi-esg-vers-la-transformation-odd-durable\/etude-de-cas-identifier-les-indicateurs-sociaux-dans-un-projet-a-fort-impact\/"]}]},{"@type":"ImageObject","inLanguage":"fr-FR","@id":"https:\/\/ksapa.org\/fr\/a-propos\/etudes-de-cas-du-defi-esg-vers-la-transformation-odd-durable\/etude-de-cas-identifier-les-indicateurs-sociaux-dans-un-projet-a-fort-impact\/#primaryimage","url":"https:\/\/ksapa.org\/fr\/wp-content\/uploads\/sites\/1\/2021\/09\/pexels-tope-a-asokere-6193209-scaled.jpg","contentUrl":"https:\/\/ksapa.org\/fr\/wp-content\/uploads\/sites\/1\/2021\/09\/pexels-tope-a-asokere-6193209-scaled.jpg","width":2560,"height":1920,"caption":"Ksapa a con\u00e7u pour ce projet des indicateurs optimis\u00e9s pour maximiser l'impact communautaire d'un nouveau barrage hydro\u00e9lectrique en Afrique."},{"@type":"BreadcrumbList","@id":"https:\/\/ksapa.org\/fr\/a-propos\/etudes-de-cas-du-defi-esg-vers-la-transformation-odd-durable\/etude-de-cas-identifier-les-indicateurs-sociaux-dans-un-projet-a-fort-impact\/#breadcrumb","itemListElement":[{"@type":"ListItem","position":1,"name":"Home","item":"https:\/\/ksapa.org\/fr\/"},{"@type":"ListItem","position":2,"name":"\u00c0 propos","item":"https:\/\/ksapa.org\/fr\/a-propos\/"},{"@type":"ListItem","position":3,"name":"Etudes de cas","item":"https:\/\/ksapa.org\/fr\/a-propos\/etudes-de-cas-du-defi-esg-vers-la-transformation-odd-durable\/"},{"@type":"ListItem","position":4,"name":"Mesurer l&rsquo;impact social d&rsquo;un nouveau barrage en Afrique"}]},{"@type":"WebSite","@id":"https:\/\/ksapa.org\/fr\/#website","url":"https:\/\/ksapa.org\/fr\/","name":"Ksapa - fr","description":"","publisher":{"@id":"https:\/\/ksapa.org\/fr\/#organization"},"potentialAction":[{"@type":"SearchAction","target":{"@type":"EntryPoint","urlTemplate":"https:\/\/ksapa.org\/fr\/?s={search_term_string}"},"query-input":{"@type":"PropertyValueSpecification","valueRequired":true,"valueName":"search_term_string"}}],"inLanguage":"fr-FR"},{"@type":"Organization","@id":"https:\/\/ksapa.org\/fr\/#organization","name":"ksapa","url":"https:\/\/ksapa.org\/fr\/","logo":{"@type":"ImageObject","inLanguage":"fr-FR","@id":"https:\/\/ksapa.org\/fr\/#\/schema\/logo\/image\/","url":"https:\/\/ksapa.org\/fr\/wp-content\/uploads\/sites\/1\/2019\/06\/icone-ksapa.jpg","contentUrl":"https:\/\/ksapa.org\/fr\/wp-content\/uploads\/sites\/1\/2019\/06\/icone-ksapa.jpg","width":"442","height":"421","caption":"ksapa"},"image":{"@id":"https:\/\/ksapa.org\/fr\/#\/schema\/logo\/image\/"},"sameAs":["https:\/\/x.com\/KsapaOrg"]}]}},"_links":{"self":[{"href":"https:\/\/ksapa.org\/fr\/wp-json\/wp\/v2\/pages\/5084","targetHints":{"allow":["GET"]}}],"collection":[{"href":"https:\/\/ksapa.org\/fr\/wp-json\/wp\/v2\/pages"}],"about":[{"href":"https:\/\/ksapa.org\/fr\/wp-json\/wp\/v2\/types\/page"}],"author":[{"embeddable":true,"href":"https:\/\/ksapa.org\/fr\/wp-json\/wp\/v2\/users\/70"}],"replies":[{"embeddable":true,"href":"https:\/\/ksapa.org\/fr\/wp-json\/wp\/v2\/comments?post=5084"}],"version-history":[{"count":18,"href":"https:\/\/ksapa.org\/fr\/wp-json\/wp\/v2\/pages\/5084\/revisions"}],"predecessor-version":[{"id":10045,"href":"https:\/\/ksapa.org\/fr\/wp-json\/wp\/v2\/pages\/5084\/revisions\/10045"}],"up":[{"embeddable":true,"href":"https:\/\/ksapa.org\/fr\/wp-json\/wp\/v2\/pages\/3335"}],"wp:featuredmedia":[{"embeddable":true,"href":"https:\/\/ksapa.org\/fr\/wp-json\/wp\/v2\/media\/4706"}],"wp:attachment":[{"href":"https:\/\/ksapa.org\/fr\/wp-json\/wp\/v2\/media?parent=5084"}],"curies":[{"name":"wp","href":"https:\/\/api.w.org\/{rel}","templated":true}]}}