{"id":511,"date":"2019-06-17T13:09:22","date_gmt":"2019-06-17T13:09:22","guid":{"rendered":"https:\/\/ksapa.xk-consulting.fr\/?page_id=511"},"modified":"2024-12-20T15:42:03","modified_gmt":"2024-12-20T14:42:03","slug":"conception-deploiement-de-fonds-a-impact-esg-ksapa","status":"publish","type":"page","link":"https:\/\/ksapa.org\/fr\/investir\/conception-deploiement-de-fonds-a-impact-esg-ksapa\/","title":{"rendered":"Investissements \u00e0 Impact"},"content":{"rendered":"\n\n  <div class=\"banner has-hover\" id=\"banner-902636867\">\n          <div class=\"banner-inner fill\">\n        <div class=\"banner-bg fill\" >\n            <div class=\"bg fill bg-fill \"><\/div>\n                        <div class=\"overlay\"><\/div>            \n                    <\/div>\n        <div class=\"banner-layers container\">\n            <div class=\"fill banner-link\"><\/div>            \n\n   <div id=\"text-box-2012576505\" class=\"text-box banner-layer x50 md-x50 lg-x50 y50 md-y50 lg-y50 res-text\">\n                                <div class=\"text-box-content text dark\">\n              \n              <div class=\"text-inner text-center\">\n                  \n\n<h1 class=\"uppercase\"><strong>Impact investing<\/strong><\/h1>\n<div class=\"is-divider divider clearfix\" style=\"background-color:rgb(255, 255, 255);\"><\/div>\n\n\n              <\/div>\n           <\/div>\n                            \n<style>\n#text-box-2012576505 {\n  width: 60%;\n}\n#text-box-2012576505 .text-box-content {\n  font-size: 100%;\n}\n<\/style>\n    <\/div>\n \n\n        <\/div>\n      <\/div>\n\n            \n<style>\n#banner-902636867 {\n  padding-top: 350px;\n  background-color: rgb(255,255,255);\n}\n#banner-902636867 .bg.bg-loaded {\n  background-image: url(https:\/\/ksapa.org\/fr\/wp-content\/uploads\/sites\/1\/2019\/06\/pexels-photo-2132048.jpeg);\n}\n#banner-902636867 .overlay {\n  background-color: rgba(0,0,0,.5);\n}\n#banner-902636867 .bg {\n  background-position: 32% 53%;\n}\n<\/style>\n  <\/div>\n\n\n\t<section class=\"section\" id=\"section_2116511531\">\n\t\t<div class=\"bg section-bg fill bg-fill  bg-loaded\" >\n\n\t\t\t\n\t\t\t\n\t\t\t\n\n\t\t<\/div>\n\n\t\t<div class=\"section-content relative\">\n\t\t\t\n\n<div class=\"row align-center\"  id=\"row-34155384\">\n\n\n\t<div id=\"col-1567186130\" class=\"col medium-9 small-12 large-9\"  >\n\t\t\t\t<div class=\"col-inner\"  >\n\t\t\t\n\t\t\t\n\n<p>Ksapa con\u00e7oit, d\u00e9veloppe, conseille et assiste des fonds d\u2019impact investing dont la vocation est d\u2019investir en g\u00e9n\u00e9rant un impact significatif en mati\u00e8re d\u2019Objectifs de D\u00e9veloppement Durables identifi\u00e9s d\u2019une part, et un retour sur investissement performant d\u2019autre part. Dans ce cadre, nous attachons une attention soutenue \u00e0 la fiabilit\u00e9 et la comparabilit\u00e9 des mesures de performance \u00e9conomique, sociale et environnementale.<\/p>\n<p>Les fonds d&rsquo;impact Investment d\u00e9velopp\u00e9s par Ksapa ne sont pas des fonds d&rsquo;investissement de type &lsquo;venture capital&rsquo; prenant des participations dans des start-ups ou des entreprises, mais ont vocation \u00e0 investir dans des <a href=\"https:\/\/ksapa.org\/fr\/investir\/programmes-dinvestissement-thematiques\/\">Programmes d&rsquo;investissement th\u00e9matiques<\/a> tels que le programme SUTTI (Scale Up Techinical Training Initiative), dont l&rsquo;objet est la conception et l&rsquo;organisation de programmes de formation professionnelle \u00e0 destination des fermiers &amp; travailleurs des&nbsp; exploitations agricoles familiales de petite taille (<em>smallholder farmers<\/em>) intervenant dans des cha\u00eenes d&rsquo;approvisionnement de production de mati\u00e8res premi\u00e8res agricoles fragment\u00e9es, notamment en Asie.<\/p>\n<p>Cliquez <a href=\"https:\/\/ksapa.org\/fr\/investir\/programmes-dinvestissement-thematiques\/\">ici<\/a> pour en savoir plus!<\/p>\n<p>Nous proposons \u00e9galement la conception et la gestion de fonds d\u2019investissement afin de d\u00e9ployer des strat\u00e9gies d\u2019investissement innovantes d\u2019int\u00e9gration des enjeux de durabilit\u00e9 au c\u0153ur des cha\u00eenes de valeur, en y associant notamment les \u00e9cosyst\u00e8mes de fournisseur de groupes industriels sur des sujets divers : transition \u00e9nerg\u00e9tique, intensit\u00e9 carbone, circularit\u00e9, \u00e9volution des cha\u00eenes d\u2019approvisionnement pour en am\u00e9liorer la r\u00e9silience, entre autres sujets.<\/p>\n<p>&nbsp;<\/p>\n\t<div class=\"img has-hover x md-x lg-x y md-y lg-y\" id=\"image_845609527\">\n\t\t\t\t\t\t\t\t<div class=\"img-inner dark\" >\n\t\t\t<img decoding=\"async\" width=\"1250\" height=\"734\" src=\"https:\/\/ksapa.org\/fr\/wp-content\/uploads\/sites\/1\/2019\/06\/impact-investing-ksapa-programs-trust.jpg\" class=\"attachment-original size-original\" alt=\"Ksapa con\u00e7oit et d\u00e9ploie des fonds d&#039;impact ESG g\u00e9n\u00e9rant des rendements financiers et des r\u00e9sultats ODD mesurables\" srcset=\"https:\/\/ksapa.org\/fr\/wp-content\/uploads\/sites\/1\/2019\/06\/impact-investing-ksapa-programs-trust.jpg 1250w, https:\/\/ksapa.org\/fr\/wp-content\/uploads\/sites\/1\/2019\/06\/impact-investing-ksapa-programs-trust-681x400.jpg 681w, https:\/\/ksapa.org\/fr\/wp-content\/uploads\/sites\/1\/2019\/06\/impact-investing-ksapa-programs-trust-768x451.jpg 768w, https:\/\/ksapa.org\/fr\/wp-content\/uploads\/sites\/1\/2019\/06\/impact-investing-ksapa-programs-trust-600x352.jpg 600w\" sizes=\"(max-width: 1250px) 100vw, 1250px\" \/>\t\t\t\t\t\t\n\t\t\t\t\t<\/div>\n\t\t\t\t\t\t\t\t\n<style>\n#image_845609527 {\n  width: 100%;\n}\n<\/style>\n\t<\/div>\n\t\n\n\n\t\t<\/div>\n\t\t\t\t\t<\/div>\n\n\t\n\n<\/div>\n<div class=\"row\"  id=\"row-1549078308\">\n\n\n\t<div id=\"col-1788463623\" class=\"col small-12 large-12\"  >\n\t\t\t\t<div class=\"col-inner\"  >\n\t\t\t\n\t\t\t\n\n<div class=\"text-center\"><div class=\"is-divider divider clearfix\" style=\"background-color:rgb(136, 136, 136);\"><\/div><\/div>\n\n\n\t\t<\/div>\n\t\t\t\t\t<\/div>\n\n\t\n\n<\/div>\n<div class=\"row\"  id=\"row-459772536\">\n\n\n\t<div id=\"col-222542418\" class=\"col medium-6 small-12 large-6\"  >\n\t\t\t\t<div class=\"col-inner\"  >\n\t\t\t\n\t\t\t\n\n\n\t\t<div class=\"icon-box featured-box icon-box-left text-left\"  >\n\t\t\t\t\t<div class=\"icon-box-img\" style=\"width: 60px\">\n\t\t\t\t<div class=\"icon\">\n\t\t\t\t\t<div class=\"icon-inner\" >\n\t\t\t\t\t\t<img decoding=\"async\" width=\"250\" height=\"250\" src=\"https:\/\/ksapa.org\/fr\/wp-content\/uploads\/sites\/1\/2019\/06\/social-innovation-ksapa.png\" class=\"attachment-medium size-medium\" alt=\"Collaborez avec Ksapa pour stimuler l&#039;innovation durable RSE\/ESG via le conseil, l&#039;investissement d&#039;impact et le plaidoyer\" srcset=\"https:\/\/ksapa.org\/fr\/wp-content\/uploads\/sites\/1\/2019\/06\/social-innovation-ksapa.png 250w, https:\/\/ksapa.org\/fr\/wp-content\/uploads\/sites\/1\/2019\/06\/social-innovation-ksapa-100x100.png 100w\" sizes=\"(max-width: 250px) 100vw, 250px\" \/>\t\t\t\t\t<\/div>\n\t\t\t\t<\/div>\n\t\t\t<\/div>\n\t\t\t\t<div class=\"icon-box-text last-reset\">\n\t\t\t<h5 class=\"uppercase\">Innovation sociale<\/h5>\t\t\t\t\t\t\n\n<p>Le d\u00e9veloppement de l\u2019impact investing est l\u2019une des innovations sociales les plus marquantes du d\u00e9but du XXIe si\u00e8cle et permet d\u2019orienter les capitaux et les march\u00e9s vers des dispositifs aux ambitions plus larges que le simple retour sur investissement.&nbsp;Les attentes relatives \u00e0 la prise en compte de l\u2019int\u00e9r\u00eat g\u00e9n\u00e9ral par les institutions financi\u00e8res et les multinationales vont croissant. Elles repr\u00e9sentent en r\u00e9alit\u00e9 une opportunit\u00e9&nbsp;: repenser des mod\u00e8les \u00e9conomiques plus durables, renforcer la prise en compte des perspectives long terme dans la conception et la gestion des acteurs du monde \u00e9conomique, et red\u00e9finir la lecture du couple rendement-risque en y int\u00e9grant la prise en compte des impacts sociaux et environnementaux.<\/p>\n\n\t\t<\/div>\n\t<\/div>\n\t\n\t\n\n\t\t<\/div>\n\t\t\t\t\t<\/div>\n\n\t\n\n\t<div id=\"col-1580873939\" class=\"col medium-6 small-12 large-6\"  >\n\t\t\t\t<div class=\"col-inner\"  >\n\t\t\t\n\t\t\t\n\n\n\t\t<div class=\"icon-box featured-box icon-box-left text-left\"  >\n\t\t\t\t\t<div class=\"icon-box-img\" style=\"width: 60px\">\n\t\t\t\t<div class=\"icon\">\n\t\t\t\t\t<div class=\"icon-inner\" >\n\t\t\t\t\t\t<img decoding=\"async\" width=\"250\" height=\"250\" src=\"https:\/\/ksapa.org\/fr\/wp-content\/uploads\/sites\/1\/2019\/06\/impact-investing-ksapa-colored.png\" class=\"attachment-medium size-medium\" alt=\"Ksapa con\u00e7oit et d\u00e9ploie des fonds d&#039;impact ESG g\u00e9n\u00e9rant des rendements financiers et des r\u00e9sultats ODD mesurables\" srcset=\"https:\/\/ksapa.org\/fr\/wp-content\/uploads\/sites\/1\/2019\/06\/impact-investing-ksapa-colored.png 250w, https:\/\/ksapa.org\/fr\/wp-content\/uploads\/sites\/1\/2019\/06\/impact-investing-ksapa-colored-100x100.png 100w\" sizes=\"(max-width: 250px) 100vw, 250px\" \/>\t\t\t\t\t<\/div>\n\t\t\t\t<\/div>\n\t\t\t<\/div>\n\t\t\t\t<div class=\"icon-box-text last-reset\">\n\t\t\t<h5 class=\"uppercase\">MONITORING FINANCIER ET EXTRA-FINANCIER<\/h5>\t\t\t\t\t\t\n\n<p>Investir massivement dans un fonds d\u2019investissement ou une entreprise sans \u00e9tats financiers audit\u00e9s et fiables est impensable. De la m\u00eame mani\u00e8re, il est indispensable de proposer aux investisseurs en impact investing une estimation ind\u00e9pendante des mesures d\u2019impact social et environnemental. Les bouleversements climatiques, digitaux et sociaux en cours sont source d\u2019incertitudes et de risques significatifs&nbsp;et font d\u00e9sormais partie int\u00e9grante de la conception et de l\u2019appr\u00e9ciation des politiques de gestion des risques. Notre philosophie en la mati\u00e8re est bas\u00e9e sur les notions de bon sens et de transparence&nbsp;: fournir des mesures d\u2019impact cr\u00e9dibles, mais \u00e9galement comparables aux standards internationaux, afin d\u2019\u00e9clairer les processus de d\u00e9cision des investisseurs.<\/p>\n\n\t\t<\/div>\n\t<\/div>\n\t\n\t\n\n\t\t<\/div>\n\t\t\t\t\t<\/div>\n\n\t\n\n<\/div>\n<div class=\"row\"  id=\"row-1724386596\">\n\n\n\t<div id=\"col-2056489154\" class=\"col medium-6 small-12 large-6\"  >\n\t\t\t\t<div class=\"col-inner\"  >\n\t\t\t\n\t\t\t\n\n\n\t\t<div class=\"icon-box featured-box icon-box-left text-left\"  >\n\t\t\t\t\t<div class=\"icon-box-img\" style=\"width: 60px\">\n\t\t\t\t<div class=\"icon\">\n\t\t\t\t\t<div class=\"icon-inner\" >\n\t\t\t\t\t\t<img decoding=\"async\" width=\"250\" height=\"250\" src=\"https:\/\/ksapa.org\/fr\/wp-content\/uploads\/sites\/1\/2019\/06\/responsible-investing-ksapa-colored.png\" class=\"attachment-medium size-medium\" alt=\"Ksapa con\u00e7oit et d\u00e9ploie des fonds d&#039;impact ESG g\u00e9n\u00e9rant des rendements financiers et des r\u00e9sultats ODD mesurables\" srcset=\"https:\/\/ksapa.org\/fr\/wp-content\/uploads\/sites\/1\/2019\/06\/responsible-investing-ksapa-colored.png 250w, https:\/\/ksapa.org\/fr\/wp-content\/uploads\/sites\/1\/2019\/06\/responsible-investing-ksapa-colored-100x100.png 100w\" sizes=\"(max-width: 250px) 100vw, 250px\" \/>\t\t\t\t\t<\/div>\n\t\t\t\t<\/div>\n\t\t\t<\/div>\n\t\t\t\t<div class=\"icon-box-text last-reset\">\n\t\t\t<h5 class=\"uppercase\">CONCEPTION, STRUCTURATION ET MANAGEMENT<\/h5>\t\t\t\t\t\t\n\n<p>Ksapa structure et g\u00e8re des fonds d\u2019investissement d\u2019impact et intervient \u00e0 toutes les \u00e9tapes de leur conception et de leur d\u00e9veloppement.<\/p>\n<ul>\n<li>En nous appuyant sur notre r\u00e9seau de partenaires (conseils, banques, etc.), nous identifions et d\u00e9finissons des strat\u00e9gies d\u2019investissement \u00e0 impact environnemental et social positif. Elles se traduisent dans la participation aux programmes d\u2019investissement con\u00e7us et g\u00e9r\u00e9s par Ksapa ou par des investissements ayant vocation \u00e0 aider \u00e0 la r\u00e9alisation des ODD<\/li>\n<li>Notre r\u00e9seau de conseils et d\u2019experts professionnels de l\u2019investissement situ\u00e9s sur tous les continents nous permet d\u2019organiser des structurations juridiques complexes sur-mesure : cabinets d\u2019expertise comptable et d\u2019audit, conseils juridiques, r\u00e8glementaires et fiscaux, banques&#8230;<\/li>\n<li>En liaison avec ces derniers, nous pilotons nos fonds d\u2019investissement dans le cadre de la bonne r\u00e9alisation de leurs strat\u00e9gies d\u2019investissement en prenant en compte les \u00e9volutions l\u00e9gislatives et r\u00e8glementaires applicables<\/li>\n<\/ul>\n<p>Notre ambition est de favoriser par ce biais l\u2019investissement des ressources, notamment financi\u00e8res, dans des projets, des entreprises et des fonds d\u2019investissement engag\u00e9s dans la r\u00e9alisation des Objectifs de D\u00e9veloppement Durable<\/p>\n\n\t\t<\/div>\n\t<\/div>\n\t\n\t\n\n\t\t<\/div>\n\t\t\t\t\t<\/div>\n\n\t\n\n\t<div id=\"col-47689505\" class=\"col medium-6 small-12 large-6\"  >\n\t\t\t\t<div class=\"col-inner\"  >\n\t\t\t\n\t\t\t\n\n\n\t\t<div class=\"icon-box featured-box icon-box-left text-left\"  >\n\t\t\t\t\t<div class=\"icon-box-img\" style=\"width: 60px\">\n\t\t\t\t<div class=\"icon\">\n\t\t\t\t\t<div class=\"icon-inner\" >\n\t\t\t\t\t\t<img decoding=\"async\" width=\"250\" height=\"250\" src=\"https:\/\/ksapa.org\/fr\/wp-content\/uploads\/sites\/1\/2019\/06\/working-with-us-ksapa-colored.png\" class=\"attachment-medium size-medium\" alt=\"D\u00e9couvrez Ksapa, cabinet international d&#039;experts RSE collaborant avec 150+ professionnels et les plus grands noms des entreprises et de la finance Fortune 500 pour transformer les entreprises et leurs supply chains vers un d\u00e9veloppement durable et responsable\" srcset=\"https:\/\/ksapa.org\/fr\/wp-content\/uploads\/sites\/1\/2019\/06\/working-with-us-ksapa-colored.png 250w, https:\/\/ksapa.org\/fr\/wp-content\/uploads\/sites\/1\/2019\/06\/working-with-us-ksapa-colored-100x100.png 100w\" sizes=\"(max-width: 250px) 100vw, 250px\" \/>\t\t\t\t\t<\/div>\n\t\t\t\t<\/div>\n\t\t\t<\/div>\n\t\t\t\t<div class=\"icon-box-text last-reset\">\n\t\t\t<h5 class=\"uppercase\">Partenariat<\/h5>\t\t\t\t\t\t\n\n<p>L\u2019impact investing conna\u00eet une croissance particuli\u00e8rement rapide. Avec Ksapa, les investisseurs et les entreprises b\u00e9n\u00e9ficient d\u2019une combinaison d&rsquo;expertise financi\u00e8re approfondie et d&rsquo;exp\u00e9rience sur le terrain en mati\u00e8re de durabilit\u00e9, permettant de faire le lien entre l&rsquo;\u00e9conomie r\u00e9elle et la finance innovante, dans le respect des fondamentaux \u00e9conomiques et de leurs strat\u00e9gies d\u2019investissement<\/p>\n\n\t\t<\/div>\n\t<\/div>\n\t\n\t\n\n\t\t<\/div>\n\t\t\t\t\t<\/div>\n\n\t\n\n<\/div>\n\n\t\t<\/div>\n\n\t\t\n<style>\n#section_2116511531 {\n  padding-top: 30px;\n  padding-bottom: 30px;\n}\n<\/style>\n\t<\/section>\n\t\n","protected":false},"excerpt":{"rendered":"","protected":false},"author":1,"featured_media":582,"parent":508,"menu_order":0,"comment_status":"closed","ping_status":"closed","template":"page-blank.php","meta":{"footnotes":""},"class_list":["post-511","page","type-page","status-publish","has-post-thumbnail","hentry"],"yoast_head":"<!-- This site is optimized with the Yoast SEO plugin v27.3 - https:\/\/yoast.com\/product\/yoast-seo-wordpress\/ -->\n<title>Conception &amp; D\u00e9ploiement de Fonds \u00e0 impact ESG | Ksapa<\/title>\n<meta name=\"description\" content=\"Ksapa con\u00e7oit et d\u00e9ploie des fonds d&#039;impact ESG g\u00e9n\u00e9rant des rendements financiers et des r\u00e9sultats ODD mesurables\" \/>\n<meta name=\"robots\" content=\"index, follow, max-snippet:-1, max-image-preview:large, max-video-preview:-1\" \/>\n<link rel=\"canonical\" href=\"https:\/\/ksapa.org\/fr\/investir\/conception-deploiement-de-fonds-a-impact-esg-ksapa\/\" \/>\n<meta property=\"og:locale\" content=\"fr_FR\" \/>\n<meta property=\"og:type\" content=\"article\" \/>\n<meta property=\"og:title\" content=\"Conception &amp; D\u00e9ploiement de Fonds \u00e0 impact ESG | Ksapa\" \/>\n<meta property=\"og:description\" content=\"Ksapa con\u00e7oit et d\u00e9ploie des fonds d&#039;impact ESG g\u00e9n\u00e9rant des rendements financiers et des r\u00e9sultats ODD mesurables\" \/>\n<meta property=\"og:url\" content=\"https:\/\/ksapa.org\/fr\/investir\/conception-deploiement-de-fonds-a-impact-esg-ksapa\/\" \/>\n<meta property=\"og:site_name\" content=\"Ksapa - fr\" \/>\n<meta property=\"article:modified_time\" content=\"2024-12-20T14:42:03+00:00\" \/>\n<meta property=\"og:image\" content=\"https:\/\/ksapa.org\/fr\/wp-content\/uploads\/sites\/1\/2019\/06\/pexels-photo-2132048.jpeg\" \/>\n\t<meta property=\"og:image:width\" content=\"2249\" \/>\n\t<meta property=\"og:image:height\" content=\"1500\" \/>\n\t<meta property=\"og:image:type\" content=\"image\/jpeg\" \/>\n<meta name=\"twitter:card\" content=\"summary_large_image\" \/>\n<meta name=\"twitter:site\" content=\"@KsapaOrg\" \/>\n<meta name=\"twitter:label1\" content=\"Dur\u00e9e de lecture estim\u00e9e\" \/>\n\t<meta name=\"twitter:data1\" content=\"4 minutes\" \/>\n<script type=\"application\/ld+json\" class=\"yoast-schema-graph\">{\"@context\":\"https:\\\/\\\/schema.org\",\"@graph\":[{\"@type\":\"WebPage\",\"@id\":\"https:\\\/\\\/ksapa.org\\\/fr\\\/investir\\\/conception-deploiement-de-fonds-a-impact-esg-ksapa\\\/\",\"url\":\"https:\\\/\\\/ksapa.org\\\/fr\\\/investir\\\/conception-deploiement-de-fonds-a-impact-esg-ksapa\\\/\",\"name\":\"Conception & D\u00e9ploiement de Fonds \u00e0 impact ESG | Ksapa\",\"isPartOf\":{\"@id\":\"https:\\\/\\\/ksapa.org\\\/fr\\\/#website\"},\"primaryImageOfPage\":{\"@id\":\"https:\\\/\\\/ksapa.org\\\/fr\\\/investir\\\/conception-deploiement-de-fonds-a-impact-esg-ksapa\\\/#primaryimage\"},\"image\":{\"@id\":\"https:\\\/\\\/ksapa.org\\\/fr\\\/investir\\\/conception-deploiement-de-fonds-a-impact-esg-ksapa\\\/#primaryimage\"},\"thumbnailUrl\":\"https:\\\/\\\/ksapa.org\\\/fr\\\/wp-content\\\/uploads\\\/sites\\\/1\\\/2019\\\/06\\\/pexels-photo-2132048.jpeg\",\"datePublished\":\"2019-06-17T13:09:22+00:00\",\"dateModified\":\"2024-12-20T14:42:03+00:00\",\"description\":\"Ksapa con\u00e7oit et d\u00e9ploie des fonds d'impact ESG g\u00e9n\u00e9rant des rendements financiers et des r\u00e9sultats ODD mesurables\",\"breadcrumb\":{\"@id\":\"https:\\\/\\\/ksapa.org\\\/fr\\\/investir\\\/conception-deploiement-de-fonds-a-impact-esg-ksapa\\\/#breadcrumb\"},\"inLanguage\":\"fr-FR\",\"potentialAction\":[{\"@type\":\"ReadAction\",\"target\":[\"https:\\\/\\\/ksapa.org\\\/fr\\\/investir\\\/conception-deploiement-de-fonds-a-impact-esg-ksapa\\\/\"]}]},{\"@type\":\"ImageObject\",\"inLanguage\":\"fr-FR\",\"@id\":\"https:\\\/\\\/ksapa.org\\\/fr\\\/investir\\\/conception-deploiement-de-fonds-a-impact-esg-ksapa\\\/#primaryimage\",\"url\":\"https:\\\/\\\/ksapa.org\\\/fr\\\/wp-content\\\/uploads\\\/sites\\\/1\\\/2019\\\/06\\\/pexels-photo-2132048.jpeg\",\"contentUrl\":\"https:\\\/\\\/ksapa.org\\\/fr\\\/wp-content\\\/uploads\\\/sites\\\/1\\\/2019\\\/06\\\/pexels-photo-2132048.jpeg\",\"width\":\"2249\",\"height\":\"1500\",\"caption\":\"Conception & D\u00e9ploiement de Fonds ESG | Ksapa\"},{\"@type\":\"BreadcrumbList\",\"@id\":\"https:\\\/\\\/ksapa.org\\\/fr\\\/investir\\\/conception-deploiement-de-fonds-a-impact-esg-ksapa\\\/#breadcrumb\",\"itemListElement\":[{\"@type\":\"ListItem\",\"position\":1,\"name\":\"Home\",\"item\":\"https:\\\/\\\/ksapa.org\\\/fr\\\/\"},{\"@type\":\"ListItem\",\"position\":2,\"name\":\"Investir\",\"item\":\"https:\\\/\\\/ksapa.org\\\/fr\\\/investir\\\/\"},{\"@type\":\"ListItem\",\"position\":3,\"name\":\"Investissements \u00e0 Impact\"}]},{\"@type\":\"WebSite\",\"@id\":\"https:\\\/\\\/ksapa.org\\\/fr\\\/#website\",\"url\":\"https:\\\/\\\/ksapa.org\\\/fr\\\/\",\"name\":\"Ksapa - fr\",\"description\":\"\",\"publisher\":{\"@id\":\"https:\\\/\\\/ksapa.org\\\/fr\\\/#organization\"},\"potentialAction\":[{\"@type\":\"SearchAction\",\"target\":{\"@type\":\"EntryPoint\",\"urlTemplate\":\"https:\\\/\\\/ksapa.org\\\/fr\\\/?s={search_term_string}\"},\"query-input\":{\"@type\":\"PropertyValueSpecification\",\"valueRequired\":true,\"valueName\":\"search_term_string\"}}],\"inLanguage\":\"fr-FR\"},{\"@type\":\"Organization\",\"@id\":\"https:\\\/\\\/ksapa.org\\\/fr\\\/#organization\",\"name\":\"ksapa\",\"url\":\"https:\\\/\\\/ksapa.org\\\/fr\\\/\",\"logo\":{\"@type\":\"ImageObject\",\"inLanguage\":\"fr-FR\",\"@id\":\"https:\\\/\\\/ksapa.org\\\/fr\\\/#\\\/schema\\\/logo\\\/image\\\/\",\"url\":\"https:\\\/\\\/ksapa.org\\\/fr\\\/wp-content\\\/uploads\\\/sites\\\/1\\\/2019\\\/06\\\/icone-ksapa.jpg\",\"contentUrl\":\"https:\\\/\\\/ksapa.org\\\/fr\\\/wp-content\\\/uploads\\\/sites\\\/1\\\/2019\\\/06\\\/icone-ksapa.jpg\",\"width\":\"442\",\"height\":\"421\",\"caption\":\"ksapa\"},\"image\":{\"@id\":\"https:\\\/\\\/ksapa.org\\\/fr\\\/#\\\/schema\\\/logo\\\/image\\\/\"},\"sameAs\":[\"https:\\\/\\\/x.com\\\/KsapaOrg\"]}]}<\/script>\n<!-- \/ Yoast SEO plugin. -->","yoast_head_json":{"title":"Conception & D\u00e9ploiement de Fonds \u00e0 impact ESG | Ksapa","description":"Ksapa con\u00e7oit et d\u00e9ploie des fonds d'impact ESG g\u00e9n\u00e9rant des rendements financiers et des r\u00e9sultats ODD mesurables","robots":{"index":"index","follow":"follow","max-snippet":"max-snippet:-1","max-image-preview":"max-image-preview:large","max-video-preview":"max-video-preview:-1"},"canonical":"https:\/\/ksapa.org\/fr\/investir\/conception-deploiement-de-fonds-a-impact-esg-ksapa\/","og_locale":"fr_FR","og_type":"article","og_title":"Conception & D\u00e9ploiement de Fonds \u00e0 impact ESG | Ksapa","og_description":"Ksapa con\u00e7oit et d\u00e9ploie des fonds d'impact ESG g\u00e9n\u00e9rant des rendements financiers et des r\u00e9sultats ODD mesurables","og_url":"https:\/\/ksapa.org\/fr\/investir\/conception-deploiement-de-fonds-a-impact-esg-ksapa\/","og_site_name":"Ksapa - fr","article_modified_time":"2024-12-20T14:42:03+00:00","og_image":[{"width":2249,"height":1500,"url":"https:\/\/ksapa.org\/fr\/wp-content\/uploads\/sites\/1\/2019\/06\/pexels-photo-2132048.jpeg","type":"image\/jpeg"}],"twitter_card":"summary_large_image","twitter_site":"@KsapaOrg","twitter_misc":{"Dur\u00e9e de lecture estim\u00e9e":"4 minutes"},"schema":{"@context":"https:\/\/schema.org","@graph":[{"@type":"WebPage","@id":"https:\/\/ksapa.org\/fr\/investir\/conception-deploiement-de-fonds-a-impact-esg-ksapa\/","url":"https:\/\/ksapa.org\/fr\/investir\/conception-deploiement-de-fonds-a-impact-esg-ksapa\/","name":"Conception & D\u00e9ploiement de Fonds \u00e0 impact ESG | Ksapa","isPartOf":{"@id":"https:\/\/ksapa.org\/fr\/#website"},"primaryImageOfPage":{"@id":"https:\/\/ksapa.org\/fr\/investir\/conception-deploiement-de-fonds-a-impact-esg-ksapa\/#primaryimage"},"image":{"@id":"https:\/\/ksapa.org\/fr\/investir\/conception-deploiement-de-fonds-a-impact-esg-ksapa\/#primaryimage"},"thumbnailUrl":"https:\/\/ksapa.org\/fr\/wp-content\/uploads\/sites\/1\/2019\/06\/pexels-photo-2132048.jpeg","datePublished":"2019-06-17T13:09:22+00:00","dateModified":"2024-12-20T14:42:03+00:00","description":"Ksapa con\u00e7oit et d\u00e9ploie des fonds d'impact ESG g\u00e9n\u00e9rant des rendements financiers et des r\u00e9sultats ODD mesurables","breadcrumb":{"@id":"https:\/\/ksapa.org\/fr\/investir\/conception-deploiement-de-fonds-a-impact-esg-ksapa\/#breadcrumb"},"inLanguage":"fr-FR","potentialAction":[{"@type":"ReadAction","target":["https:\/\/ksapa.org\/fr\/investir\/conception-deploiement-de-fonds-a-impact-esg-ksapa\/"]}]},{"@type":"ImageObject","inLanguage":"fr-FR","@id":"https:\/\/ksapa.org\/fr\/investir\/conception-deploiement-de-fonds-a-impact-esg-ksapa\/#primaryimage","url":"https:\/\/ksapa.org\/fr\/wp-content\/uploads\/sites\/1\/2019\/06\/pexels-photo-2132048.jpeg","contentUrl":"https:\/\/ksapa.org\/fr\/wp-content\/uploads\/sites\/1\/2019\/06\/pexels-photo-2132048.jpeg","width":"2249","height":"1500","caption":"Conception & D\u00e9ploiement de Fonds ESG | Ksapa"},{"@type":"BreadcrumbList","@id":"https:\/\/ksapa.org\/fr\/investir\/conception-deploiement-de-fonds-a-impact-esg-ksapa\/#breadcrumb","itemListElement":[{"@type":"ListItem","position":1,"name":"Home","item":"https:\/\/ksapa.org\/fr\/"},{"@type":"ListItem","position":2,"name":"Investir","item":"https:\/\/ksapa.org\/fr\/investir\/"},{"@type":"ListItem","position":3,"name":"Investissements \u00e0 Impact"}]},{"@type":"WebSite","@id":"https:\/\/ksapa.org\/fr\/#website","url":"https:\/\/ksapa.org\/fr\/","name":"Ksapa - fr","description":"","publisher":{"@id":"https:\/\/ksapa.org\/fr\/#organization"},"potentialAction":[{"@type":"SearchAction","target":{"@type":"EntryPoint","urlTemplate":"https:\/\/ksapa.org\/fr\/?s={search_term_string}"},"query-input":{"@type":"PropertyValueSpecification","valueRequired":true,"valueName":"search_term_string"}}],"inLanguage":"fr-FR"},{"@type":"Organization","@id":"https:\/\/ksapa.org\/fr\/#organization","name":"ksapa","url":"https:\/\/ksapa.org\/fr\/","logo":{"@type":"ImageObject","inLanguage":"fr-FR","@id":"https:\/\/ksapa.org\/fr\/#\/schema\/logo\/image\/","url":"https:\/\/ksapa.org\/fr\/wp-content\/uploads\/sites\/1\/2019\/06\/icone-ksapa.jpg","contentUrl":"https:\/\/ksapa.org\/fr\/wp-content\/uploads\/sites\/1\/2019\/06\/icone-ksapa.jpg","width":"442","height":"421","caption":"ksapa"},"image":{"@id":"https:\/\/ksapa.org\/fr\/#\/schema\/logo\/image\/"},"sameAs":["https:\/\/x.com\/KsapaOrg"]}]}},"_links":{"self":[{"href":"https:\/\/ksapa.org\/fr\/wp-json\/wp\/v2\/pages\/511","targetHints":{"allow":["GET"]}}],"collection":[{"href":"https:\/\/ksapa.org\/fr\/wp-json\/wp\/v2\/pages"}],"about":[{"href":"https:\/\/ksapa.org\/fr\/wp-json\/wp\/v2\/types\/page"}],"author":[{"embeddable":true,"href":"https:\/\/ksapa.org\/fr\/wp-json\/wp\/v2\/users\/1"}],"replies":[{"embeddable":true,"href":"https:\/\/ksapa.org\/fr\/wp-json\/wp\/v2\/comments?post=511"}],"version-history":[{"count":2,"href":"https:\/\/ksapa.org\/fr\/wp-json\/wp\/v2\/pages\/511\/revisions"}],"predecessor-version":[{"id":9702,"href":"https:\/\/ksapa.org\/fr\/wp-json\/wp\/v2\/pages\/511\/revisions\/9702"}],"up":[{"embeddable":true,"href":"https:\/\/ksapa.org\/fr\/wp-json\/wp\/v2\/pages\/508"}],"wp:featuredmedia":[{"embeddable":true,"href":"https:\/\/ksapa.org\/fr\/wp-json\/wp\/v2\/media\/582"}],"wp:attachment":[{"href":"https:\/\/ksapa.org\/fr\/wp-json\/wp\/v2\/media?parent=511"}],"curies":[{"name":"wp","href":"https:\/\/api.w.org\/{rel}","templated":true}]}}