{"id":513,"date":"2019-06-17T13:10:05","date_gmt":"2019-06-17T13:10:05","guid":{"rendered":"https:\/\/ksapa.xk-consulting.fr\/?page_id=513"},"modified":"2021-12-02T21:36:34","modified_gmt":"2021-12-02T20:36:34","slug":"programmes-dinvestissement-thematiques","status":"publish","type":"page","link":"https:\/\/ksapa.org\/fr\/investir\/programmes-dinvestissement-thematiques\/","title":{"rendered":"Programmes d\u2019investissement th\u00e9matiques"},"content":{"rendered":"\n\n  <div class=\"banner has-hover\" id=\"banner-1215723163\">\n          <div class=\"banner-inner fill\">\n        <div class=\"banner-bg fill\" >\n            <div class=\"bg fill bg-fill \"><\/div>\n                        <div class=\"overlay\"><\/div>            \n                    <\/div>\n        <div class=\"banner-layers container\">\n            <div class=\"fill banner-link\"><\/div>            \n\n   <div id=\"text-box-1698827695\" class=\"text-box banner-layer x50 md-x50 lg-x50 y50 md-y50 lg-y50 res-text\">\n                                <div class=\"text-box-content text dark\">\n              \n              <div class=\"text-inner text-center\">\n                  \n\n<h1 class=\"uppercase\"><strong>programmes d&rsquo;investissement th\u00e9matiques<\/strong><\/h1>\n<div class=\"is-divider divider clearfix\" style=\"background-color:rgb(255, 255, 255);\"><\/div>\n\n\n              <\/div>\n           <\/div>\n                            \n<style>\n#text-box-1698827695 {\n  width: 100%;\n}\n#text-box-1698827695 .text-box-content {\n  font-size: 80%;\n}\n@media (min-width:550px) {\n  #text-box-1698827695 {\n    width: 77%;\n  }\n  #text-box-1698827695 .text-box-content {\n    font-size: 100%;\n  }\n}\n@media (min-width:850px) {\n  #text-box-1698827695 {\n    width: 60%;\n  }\n}\n<\/style>\n    <\/div>\n \n\n        <\/div>\n      <\/div>\n\n            \n<style>\n#banner-1215723163 {\n  padding-top: 350px;\n  background-color: rgb(255,255,255);\n}\n#banner-1215723163 .bg.bg-loaded {\n  background-image: url(https:\/\/ksapa.org\/fr\/wp-content\/uploads\/sites\/1\/2019\/06\/Sustainability-Themes-Investing.jpg);\n}\n#banner-1215723163 .overlay {\n  background-color: rgba(0,0,0,.5);\n}\n#banner-1215723163 .bg {\n  background-position: 32% 53%;\n}\n<\/style>\n  <\/div>\n\n\n\t<section class=\"section\" id=\"section_1887509465\">\n\t\t<div class=\"bg section-bg fill bg-fill  bg-loaded\" >\n\n\t\t\t\n\t\t\t\n\t\t\t\n\n\t\t<\/div>\n\n\t\t<div class=\"section-content relative\">\n\t\t\t\n\n<div class=\"row align-center\"  id=\"row-1390384404\">\n\n\n\t<div id=\"col-736106630\" class=\"col medium-9 small-12 large-9\"  >\n\t\t\t\t<div class=\"col-inner\"  >\n\t\t\t\n\t\t\t\n\n<p>Ksapa con\u00e7oit et g\u00e8re des programmes d\u2019investissement sur-mesure f\u00e9d\u00e9rant des entreprises et des investisseurs souhaitant allier performance \u00e9conomique et impact positif, dans le cadre du d\u00e9veloppement d\u2019une finance inclusive et durable.<\/p>\n<p>A titre d\u2019exemple, Ksapa d\u00e9veloppe le programme <a href=\"https:\/\/ksapa.org\/fr\/activer\/sutti-presentation\/\">SUTTI \u2013 Scale Up Technical Training Initiative<\/a>. <br \/>SUTTI est un programme d\u2019investissement visant \u00e0 concevoir et organiser des programmes de formation professionnelle de grande \u00e9chelle. Ces derni\u00e8res sont \u00e0 destination de fermiers travaillant dans des exploitations de petite taille \u00e0 la production de diff\u00e9rentes mati\u00e8res premi\u00e8res agricoles, dans le cadre de cha\u00eenes d\u2019approvisionnement fragment\u00e9es, principalement en Asie du Sud-Est. <br \/><a href=\"https:\/\/ksapa.org\/fr\/impliquez-vous\/contact\/\">Contactez-nous<\/a> pour \u00e9changer sur notre programme SUTTI, d\u00e9crit ci-dessous!<\/p>\n\t<div class=\"img has-hover x md-x lg-x y md-y lg-y\" id=\"image_1842779482\">\n\t\t\t\t\t\t\t\t<div class=\"img-inner dark\" >\n\t\t\t<img decoding=\"async\" width=\"1020\" height=\"720\" src=\"https:\/\/ksapa.org\/fr\/wp-content\/uploads\/sites\/1\/2020\/01\/SUTTI-photo-1133x800.jpg\" class=\"attachment-large size-large\" alt=\"\" srcset=\"https:\/\/ksapa.org\/fr\/wp-content\/uploads\/sites\/1\/2020\/01\/SUTTI-photo-1133x800.jpg 1133w, https:\/\/ksapa.org\/fr\/wp-content\/uploads\/sites\/1\/2020\/01\/SUTTI-photo-567x400.jpg 567w, https:\/\/ksapa.org\/fr\/wp-content\/uploads\/sites\/1\/2020\/01\/SUTTI-photo-768x542.jpg 768w, https:\/\/ksapa.org\/fr\/wp-content\/uploads\/sites\/1\/2020\/01\/SUTTI-photo-1536x1084.jpg 1536w, https:\/\/ksapa.org\/fr\/wp-content\/uploads\/sites\/1\/2020\/01\/SUTTI-photo-2048x1446.jpg 2048w\" sizes=\"(max-width: 1020px) 100vw, 1020px\" \/>\t\t\t\t\t\t\n\t\t\t\t\t<\/div>\n\t\t\t\t\t\t\t\t\n<style>\n#image_1842779482 {\n  width: 100%;\n}\n<\/style>\n\t<\/div>\n\t\n\n<div class=\"text-center\"><div class=\"is-divider divider clearfix\" style=\"background-color:rgb(136, 136, 136);\"><\/div><\/div>\n\n\n\t\t<\/div>\n\t\t\t\t\t<\/div>\n\n\t\n\n<\/div>\n<div class=\"row\"  id=\"row-661169792\">\n\n\n\t<div id=\"col-664025948\" class=\"col medium-6 small-12 large-6\"  >\n\t\t\t\t<div class=\"col-inner\"  >\n\t\t\t\n\t\t\t\n\n\n\t\t<div class=\"icon-box featured-box icon-box-left text-left\"  >\n\t\t\t\t\t<div class=\"icon-box-img\" style=\"width: 60px\">\n\t\t\t\t<div class=\"icon\">\n\t\t\t\t\t<div class=\"icon-inner\" >\n\t\t\t\t\t\t<img decoding=\"async\" width=\"250\" height=\"250\" src=\"https:\/\/ksapa.org\/fr\/wp-content\/uploads\/sites\/1\/2019\/06\/responsible-investing-ksapa-colored.png\" class=\"attachment-medium size-medium\" alt=\"Ksapa con\u00e7oit et d\u00e9ploie des fonds d&#039;impact ESG g\u00e9n\u00e9rant des rendements financiers et des r\u00e9sultats ODD mesurables\" srcset=\"https:\/\/ksapa.org\/fr\/wp-content\/uploads\/sites\/1\/2019\/06\/responsible-investing-ksapa-colored.png 250w, https:\/\/ksapa.org\/fr\/wp-content\/uploads\/sites\/1\/2019\/06\/responsible-investing-ksapa-colored-100x100.png 100w\" sizes=\"(max-width: 250px) 100vw, 250px\" \/>\t\t\t\t\t<\/div>\n\t\t\t\t<\/div>\n\t\t\t<\/div>\n\t\t\t\t<div class=\"icon-box-text last-reset\">\n\t\t\t<h5 class=\"uppercase\">L\u2019\u00e9ducation &amp; la formation, leviers majeurs pour acc\u00e9l\u00e9rer sur la r\u00e9alisation des ODD<\/h5>\t\t\t\t\t\t\n\n<p>L\u2019\u00e9ducation &amp; la formation professionnelle sont des leviers-cl\u00e9s permettant d\u2019agir sur plusieurs Objectifs de D\u00e9veloppement Durable simultan\u00e9ment.<br \/>\nAm\u00e9lioration des revenus et des conditions de travail (sant\u00e9, s\u00e9curit\u00e9, \u2026), promotion des pratiques d\u2019agriculture durable, d\u00e9carbonation des cha\u00eenes de valeur : le programme SUTTI permet d\u2019avoir des impacts sur diff\u00e9rents ODD &#8211; Pas de pauvret\u00e9 (#1), Education de qualit\u00e9 (#4), Travail d\u00e9cent (#8), R\u00e9duction des in\u00e9galit\u00e9s (#10), Production Responsable (#12) et Lutte contre les changements climatiques (#13)<\/p>\n\n\t\t<\/div>\n\t<\/div>\n\t\n\t\n\n\t\t<\/div>\n\t\t\t\t\t<\/div>\n\n\t\n\n\t<div id=\"col-1834477021\" class=\"col medium-6 small-12 large-6\"  >\n\t\t\t\t<div class=\"col-inner\"  >\n\t\t\t\n\t\t\t\n\n\n\t\t<div class=\"icon-box featured-box icon-box-left text-left\"  >\n\t\t\t\t\t<div class=\"icon-box-img\" style=\"width: 60px\">\n\t\t\t\t<div class=\"icon\">\n\t\t\t\t\t<div class=\"icon-inner\" >\n\t\t\t\t\t\t<img decoding=\"async\" width=\"250\" height=\"250\" src=\"https:\/\/ksapa.org\/fr\/wp-content\/uploads\/sites\/1\/2019\/06\/tools-methods-credentials-ksapa-colored.png\" class=\"attachment-medium size-medium\" alt=\"D\u00e9couvrez Ksapa, cabinet international d&#039;experts RSE collaborant avec 150+ professionnels et les plus grands noms des entreprises et de la finance Fortune 500 pour transformer les entreprises et leurs supply chains vers un d\u00e9veloppement durable et responsable\" srcset=\"https:\/\/ksapa.org\/fr\/wp-content\/uploads\/sites\/1\/2019\/06\/tools-methods-credentials-ksapa-colored.png 250w, https:\/\/ksapa.org\/fr\/wp-content\/uploads\/sites\/1\/2019\/06\/tools-methods-credentials-ksapa-colored-100x100.png 100w\" sizes=\"(max-width: 250px) 100vw, 250px\" \/>\t\t\t\t\t<\/div>\n\t\t\t\t<\/div>\n\t\t\t<\/div>\n\t\t\t\t<div class=\"icon-box-text last-reset\">\n\t\t\t<h5 class=\"uppercase\">SOLUTIONS DE FORMATION ORIGINALES<\/h5>\t\t\t\t\t\t\n\n<p>mis en \u0153uvre dans le cadre d\u2019une solution de formation hybride : d\u2019une part, des sessions de formation pr\u00e9sentielle s\u2019appuyant sur des partenariats locaux, d\u2019autre part l\u2019acc\u00e8s \u00e0 des solutions digitales adaptables \u00e0 chaque fili\u00e8re de production et chaque pays, permettant l\u2019acc\u00e8s aux enseignements et leur approfondissement, le suivi de la mesure d\u2019impact social, \u00e9conomique et environnemental, et l\u2019am\u00e9lioration de la tra\u00e7abilit\u00e9 des cha\u00eenes d\u2019approvisionnement.<br \/>\nEn lien avec nos experts et partenaires sp\u00e9cialistes du d\u00e9veloppement et de l\u2019agronomie, et avec les acteurs industriels, le programme SUTTI allie acc\u00e8s aux meilleures pratiques agricoles en terme de productivit\u00e9 et de durabilit\u00e9 et formation et sensibilisation aux notions \u00e9conomiques de base (financial literacy).<\/p>\n\n\t\t<\/div>\n\t<\/div>\n\t\n\t\n\n\t\t<\/div>\n\t\t\t\t\t<\/div>\n\n\t\n\n<\/div>\n<div class=\"row\"  id=\"row-247553850\">\n\n\n\t<div id=\"col-758783637\" class=\"col medium-6 small-12 large-6\"  >\n\t\t\t\t<div class=\"col-inner\"  >\n\t\t\t\n\t\t\t\n\n\n\t\t<div class=\"icon-box featured-box icon-box-left text-left\"  >\n\t\t\t\t\t<div class=\"icon-box-img\" style=\"width: 60px\">\n\t\t\t\t<div class=\"icon\">\n\t\t\t\t\t<div class=\"icon-inner\" >\n\t\t\t\t\t\t<img decoding=\"async\" width=\"250\" height=\"250\" src=\"https:\/\/ksapa.org\/fr\/wp-content\/uploads\/sites\/1\/2019\/06\/strategic-advice-ksapa-colored.png\" class=\"attachment-medium size-medium\" alt=\"Associez-vous \u00e0 Ksapa pour faire progresser la durabilit\u00e9 et l&#039;ESG par le conseil, l&#039;investissement et le plaidoyer\" srcset=\"https:\/\/ksapa.org\/fr\/wp-content\/uploads\/sites\/1\/2019\/06\/strategic-advice-ksapa-colored.png 250w, https:\/\/ksapa.org\/fr\/wp-content\/uploads\/sites\/1\/2019\/06\/strategic-advice-ksapa-colored-100x100.png 100w\" sizes=\"(max-width: 250px) 100vw, 250px\" \/>\t\t\t\t\t<\/div>\n\t\t\t\t<\/div>\n\t\t\t<\/div>\n\t\t\t\t<div class=\"icon-box-text last-reset\">\n\t\t\t<h5 class=\"uppercase\">F\u00e9d\u00e9rer des \u00e9nergies<\/h5>\t\t\t\t\t\t\n\n<p>L\u2019objectif \u00e9tant d\u2019avoir un impact syst\u00e9mique, \u00e0 une large \u00e9chelle, l\u2019architecture p\u00e9dagogique et digitale du programme SUTTI a vocation \u00e0 \u00eatre adaptable \u00e0 diff\u00e9rentes fili\u00e8res de production, dans diff\u00e9rents pays, dans un premier temps principalement en Asie du Sud-Est.<br \/>\nNous appuyant sur nos diff\u00e9rents domaines d\u2019expertise sur les sujets de durabilit\u00e9, de finance et de d\u00e9veloppement, nous rassemblons des entreprises et des investisseurs, ainsi que diff\u00e9rents acteurs, partenaires et experts locaux et internationaux, pour organiser et mettre en \u0153uvre des programmes de formation dans des cha\u00eenes d\u2019approvisionnement complexes et fragment\u00e9es.<\/p>\n\n\t\t<\/div>\n\t<\/div>\n\t\n\t\n\n\t\t<\/div>\n\t\t\t\t\t<\/div>\n\n\t\n\n\t<div id=\"col-261264579\" class=\"col medium-6 small-12 large-6\"  >\n\t\t\t\t<div class=\"col-inner\"  >\n\t\t\t\n\t\t\t\n\n\n\t\t<div class=\"icon-box featured-box icon-box-left text-left\"  >\n\t\t\t\t\t<div class=\"icon-box-img\" style=\"width: 60px\">\n\t\t\t\t<div class=\"icon\">\n\t\t\t\t\t<div class=\"icon-inner\" >\n\t\t\t\t\t\t<img decoding=\"async\" width=\"250\" height=\"250\" src=\"https:\/\/ksapa.org\/fr\/wp-content\/uploads\/sites\/1\/2019\/06\/helping-innovate-ksapa.png\" class=\"attachment-medium size-medium\" alt=\"Collaborez avec Ksapa pour stimuler l&#039;innovation durable RSE\/ESG via le conseil, l&#039;investissement d&#039;impact et le plaidoyer\" srcset=\"https:\/\/ksapa.org\/fr\/wp-content\/uploads\/sites\/1\/2019\/06\/helping-innovate-ksapa.png 250w, https:\/\/ksapa.org\/fr\/wp-content\/uploads\/sites\/1\/2019\/06\/helping-innovate-ksapa-100x100.png 100w\" sizes=\"(max-width: 250px) 100vw, 250px\" \/>\t\t\t\t\t<\/div>\n\t\t\t\t<\/div>\n\t\t\t<\/div>\n\t\t\t\t<div class=\"icon-box-text last-reset\">\n\t\t\t<h5 class=\"uppercase\">S\u00e9curisation et am\u00e9lioration des cha\u00eenes d\u2019approvisionnement strat\u00e9giques<\/h5>\t\t\t\t\t\t\n\n<p>En augmentant les revenus des fermiers participants et en permettant leur mont\u00e9es en comp\u00e9tences sur l\u2019efficacit\u00e9 et de la durabilit\u00e9 de leurs pratiques, nous mettons en place des dispositifs d\u2019am\u00e9lioration des supply chains et de partage de la valeur ajout\u00e9e, b\u00e9n\u00e9ficiant \u00e0 tous les intervenants : fermiers participants, partenaires locaux &amp; internationaux, entreprises industrielles et investisseurs.<br \/>\nCoupler les innovations digitales et les solutions financi\u00e8res dans le cadre de programmes d\u2019ampleur permet notamment l\u2019alignement des objectifs des investisseurs, des entreprises partenaires et des parties prenantes. Notre conviction est que les rendements et am\u00e9liorations sociales et environnementales ainsi g\u00e9n\u00e9r\u00e9s seront \u00e9galement les plus p\u00e9rennes, au b\u00e9n\u00e9fice de tous, et notamment du plus grand nombre<\/p>\n\n\t\t<\/div>\n\t<\/div>\n\t\n\t\n\n\t\t<\/div>\n\t\t\t\t\t<\/div>\n\n\t\n\n<\/div>\n\n\t\t<\/div>\n\n\t\t\n<style>\n#section_1887509465 {\n  padding-top: 30px;\n  padding-bottom: 30px;\n}\n<\/style>\n\t<\/section>\n\t\n\n","protected":false},"excerpt":{"rendered":"","protected":false},"author":1,"featured_media":583,"parent":508,"menu_order":0,"comment_status":"closed","ping_status":"closed","template":"page-blank.php","meta":{"footnotes":""},"class_list":["post-513","page","type-page","status-publish","has-post-thumbnail","hentry"],"yoast_head":"<!-- This site is optimized with the Yoast SEO plugin v27.3 - https:\/\/yoast.com\/product\/yoast-seo-wordpress\/ -->\n<title>Ksapa - fr - Investissements th\u00e9matiques<\/title>\n<meta name=\"description\" content=\"Ksapa con\u00e7oit et g\u00e8re des programmes d\u2019investissement sur-mesure f\u00e9d\u00e9rant des entreprises et des investisseurs souhaitant allier performance \u00e9conomique et impact positif, dans le cadre du d\u00e9veloppement d\u2019une finance inclusive et durable.\" \/>\n<meta name=\"robots\" content=\"index, follow, max-snippet:-1, max-image-preview:large, max-video-preview:-1\" \/>\n<link rel=\"canonical\" href=\"https:\/\/ksapa.org\/fr\/investir\/programmes-dinvestissement-thematiques\/\" \/>\n<meta property=\"og:locale\" content=\"fr_FR\" \/>\n<meta property=\"og:type\" content=\"article\" \/>\n<meta property=\"og:title\" content=\"Ksapa - fr - Investissements th\u00e9matiques\" \/>\n<meta property=\"og:description\" content=\"Ksapa con\u00e7oit et g\u00e8re des programmes d\u2019investissement sur-mesure f\u00e9d\u00e9rant des entreprises et des investisseurs souhaitant allier performance \u00e9conomique et impact positif, dans le cadre du d\u00e9veloppement d\u2019une finance inclusive et durable.\" \/>\n<meta property=\"og:url\" content=\"https:\/\/ksapa.org\/fr\/investir\/programmes-dinvestissement-thematiques\/\" \/>\n<meta property=\"og:site_name\" content=\"Ksapa - fr\" \/>\n<meta property=\"article:modified_time\" content=\"2021-12-02T20:36:34+00:00\" \/>\n<meta property=\"og:image\" content=\"https:\/\/ksapa.org\/fr\/wp-content\/uploads\/sites\/1\/2019\/06\/Sustainability-Themes-Investing.jpg\" \/>\n\t<meta property=\"og:image:width\" content=\"1200\" \/>\n\t<meta property=\"og:image:height\" content=\"1200\" \/>\n\t<meta property=\"og:image:type\" content=\"image\/jpeg\" \/>\n<meta name=\"twitter:card\" content=\"summary_large_image\" \/>\n<meta name=\"twitter:site\" content=\"@KsapaOrg\" \/>\n<meta name=\"twitter:label1\" content=\"Dur\u00e9e de lecture estim\u00e9e\" \/>\n\t<meta name=\"twitter:data1\" content=\"4 minutes\" \/>\n<script type=\"application\/ld+json\" class=\"yoast-schema-graph\">{\"@context\":\"https:\\\/\\\/schema.org\",\"@graph\":[{\"@type\":\"WebPage\",\"@id\":\"https:\\\/\\\/ksapa.org\\\/fr\\\/investir\\\/programmes-dinvestissement-thematiques\\\/\",\"url\":\"https:\\\/\\\/ksapa.org\\\/fr\\\/investir\\\/programmes-dinvestissement-thematiques\\\/\",\"name\":\"Ksapa - fr - Investissements th\u00e9matiques\",\"isPartOf\":{\"@id\":\"https:\\\/\\\/ksapa.org\\\/fr\\\/#website\"},\"primaryImageOfPage\":{\"@id\":\"https:\\\/\\\/ksapa.org\\\/fr\\\/investir\\\/programmes-dinvestissement-thematiques\\\/#primaryimage\"},\"image\":{\"@id\":\"https:\\\/\\\/ksapa.org\\\/fr\\\/investir\\\/programmes-dinvestissement-thematiques\\\/#primaryimage\"},\"thumbnailUrl\":\"https:\\\/\\\/ksapa.org\\\/fr\\\/wp-content\\\/uploads\\\/sites\\\/1\\\/2019\\\/06\\\/Sustainability-Themes-Investing.jpg\",\"datePublished\":\"2019-06-17T13:10:05+00:00\",\"dateModified\":\"2021-12-02T20:36:34+00:00\",\"description\":\"Ksapa con\u00e7oit et g\u00e8re des programmes d\u2019investissement sur-mesure f\u00e9d\u00e9rant des entreprises et des investisseurs souhaitant allier performance \u00e9conomique et impact positif, dans le cadre du d\u00e9veloppement d\u2019une finance inclusive et durable.\",\"breadcrumb\":{\"@id\":\"https:\\\/\\\/ksapa.org\\\/fr\\\/investir\\\/programmes-dinvestissement-thematiques\\\/#breadcrumb\"},\"inLanguage\":\"fr-FR\",\"potentialAction\":[{\"@type\":\"ReadAction\",\"target\":[\"https:\\\/\\\/ksapa.org\\\/fr\\\/investir\\\/programmes-dinvestissement-thematiques\\\/\"]}]},{\"@type\":\"ImageObject\",\"inLanguage\":\"fr-FR\",\"@id\":\"https:\\\/\\\/ksapa.org\\\/fr\\\/investir\\\/programmes-dinvestissement-thematiques\\\/#primaryimage\",\"url\":\"https:\\\/\\\/ksapa.org\\\/fr\\\/wp-content\\\/uploads\\\/sites\\\/1\\\/2019\\\/06\\\/Sustainability-Themes-Investing.jpg\",\"contentUrl\":\"https:\\\/\\\/ksapa.org\\\/fr\\\/wp-content\\\/uploads\\\/sites\\\/1\\\/2019\\\/06\\\/Sustainability-Themes-Investing.jpg\",\"width\":\"1200\",\"height\":\"1200\",\"caption\":\"Conception & D\u00e9ploiement de Fonds ESG | Ksapa\"},{\"@type\":\"BreadcrumbList\",\"@id\":\"https:\\\/\\\/ksapa.org\\\/fr\\\/investir\\\/programmes-dinvestissement-thematiques\\\/#breadcrumb\",\"itemListElement\":[{\"@type\":\"ListItem\",\"position\":1,\"name\":\"Home\",\"item\":\"https:\\\/\\\/ksapa.org\\\/fr\\\/\"},{\"@type\":\"ListItem\",\"position\":2,\"name\":\"Investir\",\"item\":\"https:\\\/\\\/ksapa.org\\\/fr\\\/investir\\\/\"},{\"@type\":\"ListItem\",\"position\":3,\"name\":\"Programmes d\u2019investissement th\u00e9matiques\"}]},{\"@type\":\"WebSite\",\"@id\":\"https:\\\/\\\/ksapa.org\\\/fr\\\/#website\",\"url\":\"https:\\\/\\\/ksapa.org\\\/fr\\\/\",\"name\":\"Ksapa - fr\",\"description\":\"\",\"publisher\":{\"@id\":\"https:\\\/\\\/ksapa.org\\\/fr\\\/#organization\"},\"potentialAction\":[{\"@type\":\"SearchAction\",\"target\":{\"@type\":\"EntryPoint\",\"urlTemplate\":\"https:\\\/\\\/ksapa.org\\\/fr\\\/?s={search_term_string}\"},\"query-input\":{\"@type\":\"PropertyValueSpecification\",\"valueRequired\":true,\"valueName\":\"search_term_string\"}}],\"inLanguage\":\"fr-FR\"},{\"@type\":\"Organization\",\"@id\":\"https:\\\/\\\/ksapa.org\\\/fr\\\/#organization\",\"name\":\"ksapa\",\"url\":\"https:\\\/\\\/ksapa.org\\\/fr\\\/\",\"logo\":{\"@type\":\"ImageObject\",\"inLanguage\":\"fr-FR\",\"@id\":\"https:\\\/\\\/ksapa.org\\\/fr\\\/#\\\/schema\\\/logo\\\/image\\\/\",\"url\":\"https:\\\/\\\/ksapa.org\\\/fr\\\/wp-content\\\/uploads\\\/sites\\\/1\\\/2019\\\/06\\\/icone-ksapa.jpg\",\"contentUrl\":\"https:\\\/\\\/ksapa.org\\\/fr\\\/wp-content\\\/uploads\\\/sites\\\/1\\\/2019\\\/06\\\/icone-ksapa.jpg\",\"width\":\"442\",\"height\":\"421\",\"caption\":\"ksapa\"},\"image\":{\"@id\":\"https:\\\/\\\/ksapa.org\\\/fr\\\/#\\\/schema\\\/logo\\\/image\\\/\"},\"sameAs\":[\"https:\\\/\\\/x.com\\\/KsapaOrg\"]}]}<\/script>\n<!-- \/ Yoast SEO plugin. -->","yoast_head_json":{"title":"Ksapa - fr - Investissements th\u00e9matiques","description":"Ksapa con\u00e7oit et g\u00e8re des programmes d\u2019investissement sur-mesure f\u00e9d\u00e9rant des entreprises et des investisseurs souhaitant allier performance \u00e9conomique et impact positif, dans le cadre du d\u00e9veloppement d\u2019une finance inclusive et durable.","robots":{"index":"index","follow":"follow","max-snippet":"max-snippet:-1","max-image-preview":"max-image-preview:large","max-video-preview":"max-video-preview:-1"},"canonical":"https:\/\/ksapa.org\/fr\/investir\/programmes-dinvestissement-thematiques\/","og_locale":"fr_FR","og_type":"article","og_title":"Ksapa - fr - Investissements th\u00e9matiques","og_description":"Ksapa con\u00e7oit et g\u00e8re des programmes d\u2019investissement sur-mesure f\u00e9d\u00e9rant des entreprises et des investisseurs souhaitant allier performance \u00e9conomique et impact positif, dans le cadre du d\u00e9veloppement d\u2019une finance inclusive et durable.","og_url":"https:\/\/ksapa.org\/fr\/investir\/programmes-dinvestissement-thematiques\/","og_site_name":"Ksapa - fr","article_modified_time":"2021-12-02T20:36:34+00:00","og_image":[{"width":1200,"height":1200,"url":"https:\/\/ksapa.org\/fr\/wp-content\/uploads\/sites\/1\/2019\/06\/Sustainability-Themes-Investing.jpg","type":"image\/jpeg"}],"twitter_card":"summary_large_image","twitter_site":"@KsapaOrg","twitter_misc":{"Dur\u00e9e de lecture estim\u00e9e":"4 minutes"},"schema":{"@context":"https:\/\/schema.org","@graph":[{"@type":"WebPage","@id":"https:\/\/ksapa.org\/fr\/investir\/programmes-dinvestissement-thematiques\/","url":"https:\/\/ksapa.org\/fr\/investir\/programmes-dinvestissement-thematiques\/","name":"Ksapa - fr - Investissements th\u00e9matiques","isPartOf":{"@id":"https:\/\/ksapa.org\/fr\/#website"},"primaryImageOfPage":{"@id":"https:\/\/ksapa.org\/fr\/investir\/programmes-dinvestissement-thematiques\/#primaryimage"},"image":{"@id":"https:\/\/ksapa.org\/fr\/investir\/programmes-dinvestissement-thematiques\/#primaryimage"},"thumbnailUrl":"https:\/\/ksapa.org\/fr\/wp-content\/uploads\/sites\/1\/2019\/06\/Sustainability-Themes-Investing.jpg","datePublished":"2019-06-17T13:10:05+00:00","dateModified":"2021-12-02T20:36:34+00:00","description":"Ksapa con\u00e7oit et g\u00e8re des programmes d\u2019investissement sur-mesure f\u00e9d\u00e9rant des entreprises et des investisseurs souhaitant allier performance \u00e9conomique et impact positif, dans le cadre du d\u00e9veloppement d\u2019une finance inclusive et durable.","breadcrumb":{"@id":"https:\/\/ksapa.org\/fr\/investir\/programmes-dinvestissement-thematiques\/#breadcrumb"},"inLanguage":"fr-FR","potentialAction":[{"@type":"ReadAction","target":["https:\/\/ksapa.org\/fr\/investir\/programmes-dinvestissement-thematiques\/"]}]},{"@type":"ImageObject","inLanguage":"fr-FR","@id":"https:\/\/ksapa.org\/fr\/investir\/programmes-dinvestissement-thematiques\/#primaryimage","url":"https:\/\/ksapa.org\/fr\/wp-content\/uploads\/sites\/1\/2019\/06\/Sustainability-Themes-Investing.jpg","contentUrl":"https:\/\/ksapa.org\/fr\/wp-content\/uploads\/sites\/1\/2019\/06\/Sustainability-Themes-Investing.jpg","width":"1200","height":"1200","caption":"Conception & D\u00e9ploiement de Fonds ESG | Ksapa"},{"@type":"BreadcrumbList","@id":"https:\/\/ksapa.org\/fr\/investir\/programmes-dinvestissement-thematiques\/#breadcrumb","itemListElement":[{"@type":"ListItem","position":1,"name":"Home","item":"https:\/\/ksapa.org\/fr\/"},{"@type":"ListItem","position":2,"name":"Investir","item":"https:\/\/ksapa.org\/fr\/investir\/"},{"@type":"ListItem","position":3,"name":"Programmes d\u2019investissement th\u00e9matiques"}]},{"@type":"WebSite","@id":"https:\/\/ksapa.org\/fr\/#website","url":"https:\/\/ksapa.org\/fr\/","name":"Ksapa - fr","description":"","publisher":{"@id":"https:\/\/ksapa.org\/fr\/#organization"},"potentialAction":[{"@type":"SearchAction","target":{"@type":"EntryPoint","urlTemplate":"https:\/\/ksapa.org\/fr\/?s={search_term_string}"},"query-input":{"@type":"PropertyValueSpecification","valueRequired":true,"valueName":"search_term_string"}}],"inLanguage":"fr-FR"},{"@type":"Organization","@id":"https:\/\/ksapa.org\/fr\/#organization","name":"ksapa","url":"https:\/\/ksapa.org\/fr\/","logo":{"@type":"ImageObject","inLanguage":"fr-FR","@id":"https:\/\/ksapa.org\/fr\/#\/schema\/logo\/image\/","url":"https:\/\/ksapa.org\/fr\/wp-content\/uploads\/sites\/1\/2019\/06\/icone-ksapa.jpg","contentUrl":"https:\/\/ksapa.org\/fr\/wp-content\/uploads\/sites\/1\/2019\/06\/icone-ksapa.jpg","width":"442","height":"421","caption":"ksapa"},"image":{"@id":"https:\/\/ksapa.org\/fr\/#\/schema\/logo\/image\/"},"sameAs":["https:\/\/x.com\/KsapaOrg"]}]}},"_links":{"self":[{"href":"https:\/\/ksapa.org\/fr\/wp-json\/wp\/v2\/pages\/513","targetHints":{"allow":["GET"]}}],"collection":[{"href":"https:\/\/ksapa.org\/fr\/wp-json\/wp\/v2\/pages"}],"about":[{"href":"https:\/\/ksapa.org\/fr\/wp-json\/wp\/v2\/types\/page"}],"author":[{"embeddable":true,"href":"https:\/\/ksapa.org\/fr\/wp-json\/wp\/v2\/users\/1"}],"replies":[{"embeddable":true,"href":"https:\/\/ksapa.org\/fr\/wp-json\/wp\/v2\/comments?post=513"}],"version-history":[{"count":2,"href":"https:\/\/ksapa.org\/fr\/wp-json\/wp\/v2\/pages\/513\/revisions"}],"predecessor-version":[{"id":5750,"href":"https:\/\/ksapa.org\/fr\/wp-json\/wp\/v2\/pages\/513\/revisions\/5750"}],"up":[{"embeddable":true,"href":"https:\/\/ksapa.org\/fr\/wp-json\/wp\/v2\/pages\/508"}],"wp:featuredmedia":[{"embeddable":true,"href":"https:\/\/ksapa.org\/fr\/wp-json\/wp\/v2\/media\/583"}],"wp:attachment":[{"href":"https:\/\/ksapa.org\/fr\/wp-json\/wp\/v2\/media?parent=513"}],"curies":[{"name":"wp","href":"https:\/\/api.w.org\/{rel}","templated":true}]}}