{"id":517,"date":"2019-06-17T13:11:26","date_gmt":"2019-06-17T13:11:26","guid":{"rendered":"https:\/\/ksapa.xk-consulting.fr\/?page_id=517"},"modified":"2025-10-06T14:52:28","modified_gmt":"2025-10-06T13:52:28","slug":"mobiliser","status":"publish","type":"page","link":"https:\/\/ksapa.org\/fr\/mobiliser\/","title":{"rendered":"Mobiliser"},"content":{"rendered":"\n\n  <div class=\"banner has-hover\" id=\"banner-1093523582\">\n          <div class=\"banner-inner fill\">\n        <div class=\"banner-bg fill\" >\n            <div class=\"bg fill bg-fill \"><\/div>\n                        <div class=\"overlay\"><\/div>            \n                    <\/div>\n        <div class=\"banner-layers container\">\n            <div class=\"fill banner-link\"><\/div>            \n\n   <div id=\"text-box-1192317354\" class=\"text-box banner-layer x50 md-x50 lg-x50 y50 md-y50 lg-y50 res-text\">\n                                <div class=\"text-box-content text dark\">\n              \n              <div class=\"text-inner text-center\">\n                  \n\n<h1 class=\"uppercase\" style=\"text-align: center\">mobiliser<\/h1>\n<div class=\"is-divider divider clearfix\" style=\"background-color:rgb(255, 255, 255);\"><\/div>\n\n\n              <\/div>\n           <\/div>\n                            \n<style>\n#text-box-1192317354 {\n  width: 100%;\n}\n#text-box-1192317354 .text-box-content {\n  font-size: 100%;\n}\n<\/style>\n    <\/div>\n \n\n        <\/div>\n      <\/div>\n\n            \n<style>\n#banner-1093523582 {\n  padding-top: 350px;\n  background-color: rgb(255,255,255);\n}\n#banner-1093523582 .bg.bg-loaded {\n  background-image: url(https:\/\/ksapa.org\/fr\/wp-content\/uploads\/sites\/1\/2019\/06\/pexels-photo-680230.jpeg);\n}\n#banner-1093523582 .overlay {\n  background-color: rgba(0, 0, 0, 0.25);\n}\n#banner-1093523582 .bg {\n  background-position: 9% 55%;\n}\n<\/style>\n  <\/div>\n\n\n\t<section class=\"section\" id=\"section_1688009748\">\n\t\t<div class=\"bg section-bg fill bg-fill  bg-loaded\" >\n\n\t\t\t\n\t\t\t\n\t\t\t\n\n\t\t<\/div>\n\n\t\t<div class=\"section-content relative\">\n\t\t\t\n\n<div class=\"row\"  id=\"row-696607829\">\n\n\n\t<div id=\"col-1502522779\" class=\"col small-12 large-12\"  >\n\t\t\t\t<div class=\"col-inner\"  >\n\t\t\t\n\t\t\t\n\n<p>Nous sommes une entreprise \u00e0 mission. Nous voulons que les investisseurs et les entreprises conjuguent cr\u00e9ation de valeur, comp\u00e9titivit\u00e9 et impact sur les priorit\u00e9s ODD 2030 \u00e9tant en rapport avec leurs portefeuilles et leurs activit\u00e9s. Nous fournissons des perspectives r\u00e9guli\u00e8res et esp\u00e9rons contribuer ainsi \u00e0 mobiliser un nombre croissant d&rsquo;acteurs et \u00e0 r\u00e9aliser les ODD d\u2019ici \u00e0 2030. A cet effet, nous travaillons selon les lignes \u00e9ditoriales suivantes :<\/p>\n<ul>\n<li>Offrir notre perspective concernant des fili\u00e8res sp\u00e9cifiques pour lesquelles nous estimons que certains points n\u00e9vralgiques ne sont pas explor\u00e9s avec suffisamment d\u2019ambition, d\u2019\u00e9chelle et de rapidit\u00e9. L&rsquo;absence d&rsquo;un mod\u00e8le r\u00e9silient et inclusif entra\u00eene des risques \u00e9lev\u00e9s pour les investisseurs et les entreprises<\/li>\n<li>Influencer les pratiques des investisseurs, des entreprises et des organismes de r\u00e9glementation pour acc\u00e9l\u00e9rer la meilleure prise en compte de la contrainte environnementale, ainsi que l&rsquo;alimentation d&rsquo;une croissance plus inclusive<\/li>\n<\/ul>\n<div class=\"text-center\"><div class=\"is-divider divider clearfix\" style=\"background-color:rgb(170, 170, 170);\"><\/div><\/div>\n\n<div class=\"row\"  id=\"row-606279106\">\n\n\n\t<div id=\"col-1588113069\" class=\"col medium-6 small-12 large-6\"  >\n\t\t\t\t<div class=\"col-inner\"  >\n\t\t\t\n\t\t\t\n\n\n  <div class=\"banner has-hover bg-zoom\" id=\"banner-554995207\">\n          <div class=\"banner-inner fill\">\n        <div class=\"banner-bg fill\" >\n            <div class=\"bg fill bg-fill \"><\/div>\n                        <div class=\"overlay\"><\/div>            \n                    <\/div>\n        <div class=\"banner-layers container\">\n            <a class=\"fill\" href=\"https:\/\/ksapa.org\/fr\/mobiliser\/blog\/\"  ><div class=\"fill banner-link\"><\/div><\/a>            \n\n   <div id=\"text-box-1901201780\" class=\"text-box banner-layer x50 md-x50 lg-x50 y50 md-y50 lg-y50 res-text\">\n                                <div class=\"text-box-content text dark\">\n              \n              <div class=\"text-inner text-center\">\n                  \n\n<h3 class=\"uppercase\"><a href=\"https:\/\/ksapa.org\/fr\/mobiliser\/blog\/\"><strong>Blog<\/strong><\/a><\/h3>\n\n              <\/div>\n           <\/div>\n                            \n<style>\n#text-box-1901201780 {\n  width: 79%;\n}\n#text-box-1901201780 .text-box-content {\n  font-size: 150%;\n}\n<\/style>\n    <\/div>\n \n\n        <\/div>\n      <\/div>\n\n            \n<style>\n#banner-554995207 {\n  padding-top: 200px;\n}\n#banner-554995207 .bg.bg-loaded {\n  background-image: url(https:\/\/ksapa.org\/fr\/wp-content\/uploads\/sites\/1\/2019\/02\/bienvenue-sur-le-blog-de-farid-baddache-resilience-impact-inclusion-1201x800.jpg);\n}\n#banner-554995207 .overlay {\n  background-color: rgba(0,0,0,.5);\n}\n#banner-554995207 .bg {\n  background-position: 22% 27%;\n}\n<\/style>\n  <\/div>\n\n\n\n\t\t<\/div>\n\t\t\t\t\t<\/div>\n\n\t\n\n\t<div id=\"col-1942963974\" class=\"col medium-6 small-12 large-6\"  >\n\t\t\t\t<div class=\"col-inner\"  >\n\t\t\t\n\t\t\t\n\n\n  <div class=\"banner has-hover bg-zoom\" id=\"banner-1436820868\">\n          <div class=\"banner-inner fill\">\n        <div class=\"banner-bg fill\" >\n            <div class=\"bg fill bg-fill \"><\/div>\n                        <div class=\"overlay\"><\/div>            \n                    <\/div>\n        <div class=\"banner-layers container\">\n            <a class=\"fill\" href=\"https:\/\/ksapa.org\/fr\/mobiliser\/publications\/\"  ><div class=\"fill banner-link\"><\/div><\/a>            \n\n   <div id=\"text-box-205467959\" class=\"text-box banner-layer x50 md-x50 lg-x50 y50 md-y50 lg-y50 res-text\">\n                                <div class=\"text-box-content text dark\">\n              \n              <div class=\"text-inner text-center\">\n                  \n\n<h3 class=\"uppercase\"><a href=\"https:\/\/ksapa.org\/fr\/mobiliser\/publications\/\"><strong>Publications<\/strong><\/a><\/h3>\n\n              <\/div>\n           <\/div>\n                            \n<style>\n#text-box-205467959 {\n  width: 97%;\n}\n#text-box-205467959 .text-box-content {\n  font-size: 150%;\n}\n@media (min-width:550px) {\n  #text-box-205467959 {\n    width: 60%;\n  }\n}\n<\/style>\n    <\/div>\n \n\n        <\/div>\n      <\/div>\n\n            \n<style>\n#banner-1436820868 {\n  padding-top: 200px;\n}\n#banner-1436820868 .bg.bg-loaded {\n  background-image: url(https:\/\/ksapa.org\/fr\/wp-content\/uploads\/sites\/1\/2019\/02\/livres-publications-ouvrages-farid-baddache-1200x800.jpg);\n}\n#banner-1436820868 .overlay {\n  background-color: rgba(0,0,0,.5);\n}\n#banner-1436820868 .bg {\n  background-position: 100% 66%;\n}\n<\/style>\n  <\/div>\n\n\n\n\t\t<\/div>\n\t\t\t\t\t<\/div>\n\n\t\n\n\t<div id=\"col-2078616381\" class=\"col medium-6 small-12 large-6\"  >\n\t\t\t\t<div class=\"col-inner\"  >\n\t\t\t\n\t\t\t\n\n\n  <div class=\"banner has-hover bg-zoom\" id=\"banner-1703209599\">\n          <div class=\"banner-inner fill\">\n        <div class=\"banner-bg fill\" >\n            <div class=\"bg fill bg-fill \"><\/div>\n                        <div class=\"overlay\"><\/div>            \n                    <\/div>\n        <div class=\"banner-layers container\">\n            <a class=\"fill\" href=\"https:\/\/ksapa.org\/fr\/mobiliser\/nos-initiatives-collaboratives\/\"  ><div class=\"fill banner-link\"><\/div><\/a>            \n\n   <div id=\"text-box-1433340266\" class=\"text-box banner-layer x50 md-x50 lg-x50 y50 md-y50 lg-y50 res-text\">\n                                <div class=\"text-box-content text dark\">\n              \n              <div class=\"text-inner text-center\">\n                  \n\n<h3 class=\"uppercase\"><a href=\"https:\/\/ksapa.org\/fr\/mobiliser\/initiatives-collaboratives\/\"><b>INITIATIVES COLLABORATIVES<\/b><\/a><\/h3>\n\n              <\/div>\n           <\/div>\n                            \n<style>\n#text-box-1433340266 {\n  width: 97%;\n}\n#text-box-1433340266 .text-box-content {\n  font-size: 150%;\n}\n@media (min-width:550px) {\n  #text-box-1433340266 {\n    width: 60%;\n  }\n}\n<\/style>\n    <\/div>\n \n\n        <\/div>\n      <\/div>\n\n            \n<style>\n#banner-1703209599 {\n  padding-top: 200px;\n}\n#banner-1703209599 .bg.bg-loaded {\n  background-image: url(https:\/\/ksapa.org\/fr\/wp-content\/uploads\/sites\/1\/2023\/06\/business-innovation-money-icon-40218-1200x800.jpeg);\n}\n#banner-1703209599 .overlay {\n  background-color: rgba(0,0,0,.5);\n}\n#banner-1703209599 .bg {\n  background-position: 100% 66%;\n}\n<\/style>\n  <\/div>\n\n\n\n\t\t<\/div>\n\t\t\t\t\t<\/div>\n\n\t\n\n\t<div id=\"col-116024283\" class=\"col medium-6 small-12 large-6\"  >\n\t\t\t\t<div class=\"col-inner\"  >\n\t\t\t\n\t\t\t\n\n\n  <div class=\"banner has-hover bg-zoom\" id=\"banner-728111819\">\n          <div class=\"banner-inner fill\">\n        <div class=\"banner-bg fill\" >\n            <div class=\"bg fill bg-fill \"><\/div>\n                        <div class=\"overlay\"><\/div>            \n                    <\/div>\n        <div class=\"banner-layers container\">\n            <a class=\"fill\" href=\"https:\/\/ksapa.org\/fr\/mobiliser\/newsletter\/\"  ><div class=\"fill banner-link\"><\/div><\/a>            \n\n   <div id=\"text-box-1046894457\" class=\"text-box banner-layer x50 md-x50 lg-x50 y50 md-y50 lg-y50 res-text\">\n                                <div class=\"text-box-content text dark\">\n              \n              <div class=\"text-inner text-center\">\n                  \n\n<h3 class=\"uppercase\"><a href=\"https:\/\/ksapa.org\/fr\/mobiliser\/newsletter\/\"><strong>Newsletter<\/strong><\/a><\/h3>\n\n              <\/div>\n           <\/div>\n                            \n<style>\n#text-box-1046894457 {\n  width: 100%;\n}\n#text-box-1046894457 .text-box-content {\n  font-size: 150%;\n}\n@media (min-width:850px) {\n  #text-box-1046894457 {\n    width: 79%;\n  }\n}\n<\/style>\n    <\/div>\n \n\n        <\/div>\n      <\/div>\n\n            \n<style>\n#banner-728111819 {\n  padding-top: 200px;\n}\n#banner-728111819 .bg.bg-loaded {\n  background-image: url(https:\/\/ksapa.org\/fr\/wp-content\/uploads\/sites\/1\/2019\/06\/newsletter-ksapa-1202x800.jpg);\n}\n#banner-728111819 .overlay {\n  background-color: rgba(0,0,0,.5);\n}\n<\/style>\n  <\/div>\n\n\n\n\t\t<\/div>\n\t\t\t\t\t<\/div>\n\n\t\n\n\t<div id=\"col-220928892\" class=\"col medium-6 small-12 large-6\"  >\n\t\t\t\t<div class=\"col-inner\"  >\n\t\t\t\n\t\t\t\n\n\n  <div class=\"banner has-hover bg-zoom\" id=\"banner-37150661\">\n          <div class=\"banner-inner fill\">\n        <div class=\"banner-bg fill\" >\n            <div class=\"bg fill bg-fill \"><\/div>\n                        <div class=\"overlay\"><\/div>            \n                    <\/div>\n        <div class=\"banner-layers container\">\n            <a class=\"fill\" href=\"https:\/\/ksapa.org\/fr\/mobiliser\/webinars\/\"  ><div class=\"fill banner-link\"><\/div><\/a>            \n\n   <div id=\"text-box-231502757\" class=\"text-box banner-layer x50 md-x50 lg-x50 y50 md-y50 lg-y50 res-text\">\n                                <div class=\"text-box-content text dark\">\n              \n              <div class=\"text-inner text-center\">\n                  \n\n<h3 class=\"uppercase\"><a href=\"https:\/\/ksapa.org\/fr\/mobiliser\/evenements-et-webinaires\/\"><strong>W\u00e9binaires &amp; \u00e9v\u00e9nements<\/strong><\/a><\/h3>\n\n              <\/div>\n           <\/div>\n                            \n<style>\n#text-box-231502757 {\n  width: 100%;\n}\n#text-box-231502757 .text-box-content {\n  font-size: 150%;\n}\n@media (min-width:850px) {\n  #text-box-231502757 {\n    width: 79%;\n  }\n}\n<\/style>\n    <\/div>\n \n\n        <\/div>\n      <\/div>\n\n            \n<style>\n#banner-37150661 {\n  padding-top: 200px;\n}\n#banner-37150661 .bg.bg-loaded {\n  background-image: url(https:\/\/ksapa.org\/fr\/wp-content\/uploads\/sites\/1\/2019\/12\/webinar-ksapa-1400x732.jpg);\n}\n#banner-37150661 .overlay {\n  background-color: rgba(0,0,0,.5);\n}\n#banner-37150661 .bg {\n  background-position: 0% 39%;\n}\n<\/style>\n  <\/div>\n\n\n\n\t\t<\/div>\n\t\t\t\t\t<\/div>\n\n\t\n\n\t<div id=\"col-1402539895\" class=\"col medium-6 small-12 large-6\"  >\n\t\t\t\t<div class=\"col-inner\"  >\n\t\t\t\n\t\t\t\n\n\n  <div class=\"banner has-hover bg-zoom\" id=\"banner-158461300\">\n          <div class=\"banner-inner fill\">\n        <div class=\"banner-bg fill\" >\n            <div class=\"bg fill bg-fill \"><\/div>\n                        <div class=\"overlay\"><\/div>            \n                    <\/div>\n        <div class=\"banner-layers container\">\n            <a class=\"fill\" href=\"https:\/\/ksapa.org\/fr\/mobiliser\/medias-sociaux\/\"  ><div class=\"fill banner-link\"><\/div><\/a>            \n\n   <div id=\"text-box-1216423183\" class=\"text-box banner-layer x50 md-x50 lg-x50 y50 md-y50 lg-y50 res-text\">\n                                <div class=\"text-box-content text dark\">\n              \n              <div class=\"text-inner text-center\">\n                  \n\n<h3 class=\"uppercase\"><a href=\"https:\/\/ksapa.org\/fr\/mobiliser\/medias-sociaux\/\"><strong>Media sociaux<\/strong><\/a><\/h3>\n\n              <\/div>\n           <\/div>\n                            \n<style>\n#text-box-1216423183 {\n  width: 100%;\n}\n#text-box-1216423183 .text-box-content {\n  font-size: 150%;\n}\n@media (min-width:850px) {\n  #text-box-1216423183 {\n    width: 79%;\n  }\n}\n<\/style>\n    <\/div>\n \n\n        <\/div>\n      <\/div>\n\n            \n<style>\n#banner-158461300 {\n  padding-top: 200px;\n}\n#banner-158461300 .bg.bg-loaded {\n  background-image: url(https:\/\/ksapa.org\/fr\/wp-content\/uploads\/sites\/1\/2019\/06\/social-networks-ksapa-twitter-linkedin-1400x800.png);\n}\n#banner-158461300 .overlay {\n  background-color: rgba(0,0,0,.5);\n}\n#banner-158461300 .bg {\n  background-position: 0% 39%;\n}\n<\/style>\n  <\/div>\n\n\n\n\t\t<\/div>\n\t\t\t\t\t<\/div>\n\n\t\n\n<\/div>\n\n\t\t<\/div>\n\t\t\t\t\t<\/div>\n\n\t\n\n<\/div>\n\n\t\t<\/div>\n\n\t\t\n<style>\n#section_1688009748 {\n  padding-top: 30px;\n  padding-bottom: 30px;\n}\n<\/style>\n\t<\/section>\n\t\n\n","protected":false},"excerpt":{"rendered":"","protected":false},"author":1,"featured_media":589,"parent":0,"menu_order":0,"comment_status":"closed","ping_status":"closed","template":"page-blank.php","meta":{"footnotes":""},"class_list":["post-517","page","type-page","status-publish","has-post-thumbnail","hentry"],"yoast_head":"<!-- This site is optimized with the Yoast SEO plugin v27.3 - https:\/\/yoast.com\/product\/yoast-seo-wordpress\/ -->\n<title>Ksapa - fr - Mobiliser<\/title>\n<meta name=\"description\" content=\"Ksapa est une entreprise \u00e0 mission. Nous contribuons ainsi \u00e0 mobiliser un nombre croissant d\u2019acteurs et \u00e0 r\u00e9aliser les ODD d\u2019ici \u00e0 2030 via nos activit\u00e9s de blogs, rapports, \u00e9v\u00e9nements et webinaires.\" \/>\n<meta name=\"robots\" content=\"index, follow, max-snippet:-1, max-image-preview:large, max-video-preview:-1\" \/>\n<link rel=\"canonical\" href=\"https:\/\/ksapa.org\/fr\/mobiliser\/\" \/>\n<meta property=\"og:locale\" content=\"fr_FR\" \/>\n<meta property=\"og:type\" content=\"article\" \/>\n<meta property=\"og:title\" content=\"Ksapa - fr - Mobiliser\" \/>\n<meta property=\"og:description\" content=\"Ksapa est une entreprise \u00e0 mission. Nous contribuons ainsi \u00e0 mobiliser un nombre croissant d\u2019acteurs et \u00e0 r\u00e9aliser les ODD d\u2019ici \u00e0 2030 via nos activit\u00e9s de blogs, rapports, \u00e9v\u00e9nements et webinaires.\" \/>\n<meta property=\"og:url\" content=\"https:\/\/ksapa.org\/fr\/mobiliser\/\" \/>\n<meta property=\"og:site_name\" content=\"Ksapa - fr\" \/>\n<meta property=\"article:modified_time\" content=\"2025-10-06T13:52:28+00:00\" \/>\n<meta property=\"og:image\" content=\"https:\/\/ksapa.org\/fr\/wp-content\/uploads\/sites\/1\/2019\/06\/pexels-photo-680230.jpeg\" \/>\n\t<meta property=\"og:image:width\" content=\"2520\" \/>\n\t<meta property=\"og:image:height\" content=\"1412\" \/>\n\t<meta property=\"og:image:type\" content=\"image\/jpeg\" \/>\n<meta name=\"twitter:card\" content=\"summary_large_image\" \/>\n<meta name=\"twitter:site\" content=\"@KsapaOrg\" \/>\n<meta name=\"twitter:label1\" content=\"Dur\u00e9e de lecture estim\u00e9e\" \/>\n\t<meta name=\"twitter:data1\" content=\"2 minutes\" \/>\n<script type=\"application\/ld+json\" class=\"yoast-schema-graph\">{\"@context\":\"https:\\\/\\\/schema.org\",\"@graph\":[{\"@type\":\"WebPage\",\"@id\":\"https:\\\/\\\/ksapa.org\\\/fr\\\/mobiliser\\\/\",\"url\":\"https:\\\/\\\/ksapa.org\\\/fr\\\/mobiliser\\\/\",\"name\":\"Ksapa - fr - Mobiliser\",\"isPartOf\":{\"@id\":\"https:\\\/\\\/ksapa.org\\\/fr\\\/#website\"},\"primaryImageOfPage\":{\"@id\":\"https:\\\/\\\/ksapa.org\\\/fr\\\/mobiliser\\\/#primaryimage\"},\"image\":{\"@id\":\"https:\\\/\\\/ksapa.org\\\/fr\\\/mobiliser\\\/#primaryimage\"},\"thumbnailUrl\":\"https:\\\/\\\/ksapa.org\\\/fr\\\/wp-content\\\/uploads\\\/sites\\\/1\\\/2019\\\/06\\\/pexels-photo-680230.jpeg\",\"datePublished\":\"2019-06-17T13:11:26+00:00\",\"dateModified\":\"2025-10-06T13:52:28+00:00\",\"description\":\"Ksapa est une entreprise \u00e0 mission. Nous contribuons ainsi \u00e0 mobiliser un nombre croissant d\u2019acteurs et \u00e0 r\u00e9aliser les ODD d\u2019ici \u00e0 2030 via nos activit\u00e9s de blogs, rapports, \u00e9v\u00e9nements et webinaires.\",\"breadcrumb\":{\"@id\":\"https:\\\/\\\/ksapa.org\\\/fr\\\/mobiliser\\\/#breadcrumb\"},\"inLanguage\":\"fr-FR\",\"potentialAction\":[{\"@type\":\"ReadAction\",\"target\":[\"https:\\\/\\\/ksapa.org\\\/fr\\\/mobiliser\\\/\"]}]},{\"@type\":\"ImageObject\",\"inLanguage\":\"fr-FR\",\"@id\":\"https:\\\/\\\/ksapa.org\\\/fr\\\/mobiliser\\\/#primaryimage\",\"url\":\"https:\\\/\\\/ksapa.org\\\/fr\\\/wp-content\\\/uploads\\\/sites\\\/1\\\/2019\\\/06\\\/pexels-photo-680230.jpeg\",\"contentUrl\":\"https:\\\/\\\/ksapa.org\\\/fr\\\/wp-content\\\/uploads\\\/sites\\\/1\\\/2019\\\/06\\\/pexels-photo-680230.jpeg\",\"width\":\"2520\",\"height\":\"1412\",\"caption\":\"Newsletter Ksapa : Cr\u00e9er de la Valeur Durable et R\u00e9siliente\"},{\"@type\":\"BreadcrumbList\",\"@id\":\"https:\\\/\\\/ksapa.org\\\/fr\\\/mobiliser\\\/#breadcrumb\",\"itemListElement\":[{\"@type\":\"ListItem\",\"position\":1,\"name\":\"Home\",\"item\":\"https:\\\/\\\/ksapa.org\\\/fr\\\/\"},{\"@type\":\"ListItem\",\"position\":2,\"name\":\"Mobiliser\"}]},{\"@type\":\"WebSite\",\"@id\":\"https:\\\/\\\/ksapa.org\\\/fr\\\/#website\",\"url\":\"https:\\\/\\\/ksapa.org\\\/fr\\\/\",\"name\":\"Ksapa - fr\",\"description\":\"\",\"publisher\":{\"@id\":\"https:\\\/\\\/ksapa.org\\\/fr\\\/#organization\"},\"potentialAction\":[{\"@type\":\"SearchAction\",\"target\":{\"@type\":\"EntryPoint\",\"urlTemplate\":\"https:\\\/\\\/ksapa.org\\\/fr\\\/?s={search_term_string}\"},\"query-input\":{\"@type\":\"PropertyValueSpecification\",\"valueRequired\":true,\"valueName\":\"search_term_string\"}}],\"inLanguage\":\"fr-FR\"},{\"@type\":\"Organization\",\"@id\":\"https:\\\/\\\/ksapa.org\\\/fr\\\/#organization\",\"name\":\"ksapa\",\"url\":\"https:\\\/\\\/ksapa.org\\\/fr\\\/\",\"logo\":{\"@type\":\"ImageObject\",\"inLanguage\":\"fr-FR\",\"@id\":\"https:\\\/\\\/ksapa.org\\\/fr\\\/#\\\/schema\\\/logo\\\/image\\\/\",\"url\":\"https:\\\/\\\/ksapa.org\\\/fr\\\/wp-content\\\/uploads\\\/sites\\\/1\\\/2019\\\/06\\\/icone-ksapa.jpg\",\"contentUrl\":\"https:\\\/\\\/ksapa.org\\\/fr\\\/wp-content\\\/uploads\\\/sites\\\/1\\\/2019\\\/06\\\/icone-ksapa.jpg\",\"width\":\"442\",\"height\":\"421\",\"caption\":\"ksapa\"},\"image\":{\"@id\":\"https:\\\/\\\/ksapa.org\\\/fr\\\/#\\\/schema\\\/logo\\\/image\\\/\"},\"sameAs\":[\"https:\\\/\\\/x.com\\\/KsapaOrg\"]}]}<\/script>\n<!-- \/ Yoast SEO plugin. -->","yoast_head_json":{"title":"Ksapa - fr - Mobiliser","description":"Ksapa est une entreprise \u00e0 mission. Nous contribuons ainsi \u00e0 mobiliser un nombre croissant d\u2019acteurs et \u00e0 r\u00e9aliser les ODD d\u2019ici \u00e0 2030 via nos activit\u00e9s de blogs, rapports, \u00e9v\u00e9nements et webinaires.","robots":{"index":"index","follow":"follow","max-snippet":"max-snippet:-1","max-image-preview":"max-image-preview:large","max-video-preview":"max-video-preview:-1"},"canonical":"https:\/\/ksapa.org\/fr\/mobiliser\/","og_locale":"fr_FR","og_type":"article","og_title":"Ksapa - fr - Mobiliser","og_description":"Ksapa est une entreprise \u00e0 mission. Nous contribuons ainsi \u00e0 mobiliser un nombre croissant d\u2019acteurs et \u00e0 r\u00e9aliser les ODD d\u2019ici \u00e0 2030 via nos activit\u00e9s de blogs, rapports, \u00e9v\u00e9nements et webinaires.","og_url":"https:\/\/ksapa.org\/fr\/mobiliser\/","og_site_name":"Ksapa - fr","article_modified_time":"2025-10-06T13:52:28+00:00","og_image":[{"width":2520,"height":1412,"url":"https:\/\/ksapa.org\/fr\/wp-content\/uploads\/sites\/1\/2019\/06\/pexels-photo-680230.jpeg","type":"image\/jpeg"}],"twitter_card":"summary_large_image","twitter_site":"@KsapaOrg","twitter_misc":{"Dur\u00e9e de lecture estim\u00e9e":"2 minutes"},"schema":{"@context":"https:\/\/schema.org","@graph":[{"@type":"WebPage","@id":"https:\/\/ksapa.org\/fr\/mobiliser\/","url":"https:\/\/ksapa.org\/fr\/mobiliser\/","name":"Ksapa - fr - Mobiliser","isPartOf":{"@id":"https:\/\/ksapa.org\/fr\/#website"},"primaryImageOfPage":{"@id":"https:\/\/ksapa.org\/fr\/mobiliser\/#primaryimage"},"image":{"@id":"https:\/\/ksapa.org\/fr\/mobiliser\/#primaryimage"},"thumbnailUrl":"https:\/\/ksapa.org\/fr\/wp-content\/uploads\/sites\/1\/2019\/06\/pexels-photo-680230.jpeg","datePublished":"2019-06-17T13:11:26+00:00","dateModified":"2025-10-06T13:52:28+00:00","description":"Ksapa est une entreprise \u00e0 mission. Nous contribuons ainsi \u00e0 mobiliser un nombre croissant d\u2019acteurs et \u00e0 r\u00e9aliser les ODD d\u2019ici \u00e0 2030 via nos activit\u00e9s de blogs, rapports, \u00e9v\u00e9nements et webinaires.","breadcrumb":{"@id":"https:\/\/ksapa.org\/fr\/mobiliser\/#breadcrumb"},"inLanguage":"fr-FR","potentialAction":[{"@type":"ReadAction","target":["https:\/\/ksapa.org\/fr\/mobiliser\/"]}]},{"@type":"ImageObject","inLanguage":"fr-FR","@id":"https:\/\/ksapa.org\/fr\/mobiliser\/#primaryimage","url":"https:\/\/ksapa.org\/fr\/wp-content\/uploads\/sites\/1\/2019\/06\/pexels-photo-680230.jpeg","contentUrl":"https:\/\/ksapa.org\/fr\/wp-content\/uploads\/sites\/1\/2019\/06\/pexels-photo-680230.jpeg","width":"2520","height":"1412","caption":"Newsletter Ksapa : Cr\u00e9er de la Valeur Durable et R\u00e9siliente"},{"@type":"BreadcrumbList","@id":"https:\/\/ksapa.org\/fr\/mobiliser\/#breadcrumb","itemListElement":[{"@type":"ListItem","position":1,"name":"Home","item":"https:\/\/ksapa.org\/fr\/"},{"@type":"ListItem","position":2,"name":"Mobiliser"}]},{"@type":"WebSite","@id":"https:\/\/ksapa.org\/fr\/#website","url":"https:\/\/ksapa.org\/fr\/","name":"Ksapa - fr","description":"","publisher":{"@id":"https:\/\/ksapa.org\/fr\/#organization"},"potentialAction":[{"@type":"SearchAction","target":{"@type":"EntryPoint","urlTemplate":"https:\/\/ksapa.org\/fr\/?s={search_term_string}"},"query-input":{"@type":"PropertyValueSpecification","valueRequired":true,"valueName":"search_term_string"}}],"inLanguage":"fr-FR"},{"@type":"Organization","@id":"https:\/\/ksapa.org\/fr\/#organization","name":"ksapa","url":"https:\/\/ksapa.org\/fr\/","logo":{"@type":"ImageObject","inLanguage":"fr-FR","@id":"https:\/\/ksapa.org\/fr\/#\/schema\/logo\/image\/","url":"https:\/\/ksapa.org\/fr\/wp-content\/uploads\/sites\/1\/2019\/06\/icone-ksapa.jpg","contentUrl":"https:\/\/ksapa.org\/fr\/wp-content\/uploads\/sites\/1\/2019\/06\/icone-ksapa.jpg","width":"442","height":"421","caption":"ksapa"},"image":{"@id":"https:\/\/ksapa.org\/fr\/#\/schema\/logo\/image\/"},"sameAs":["https:\/\/x.com\/KsapaOrg"]}]}},"_links":{"self":[{"href":"https:\/\/ksapa.org\/fr\/wp-json\/wp\/v2\/pages\/517","targetHints":{"allow":["GET"]}}],"collection":[{"href":"https:\/\/ksapa.org\/fr\/wp-json\/wp\/v2\/pages"}],"about":[{"href":"https:\/\/ksapa.org\/fr\/wp-json\/wp\/v2\/types\/page"}],"author":[{"embeddable":true,"href":"https:\/\/ksapa.org\/fr\/wp-json\/wp\/v2\/users\/1"}],"replies":[{"embeddable":true,"href":"https:\/\/ksapa.org\/fr\/wp-json\/wp\/v2\/comments?post=517"}],"version-history":[{"count":7,"href":"https:\/\/ksapa.org\/fr\/wp-json\/wp\/v2\/pages\/517\/revisions"}],"predecessor-version":[{"id":10872,"href":"https:\/\/ksapa.org\/fr\/wp-json\/wp\/v2\/pages\/517\/revisions\/10872"}],"wp:featuredmedia":[{"embeddable":true,"href":"https:\/\/ksapa.org\/fr\/wp-json\/wp\/v2\/media\/589"}],"wp:attachment":[{"href":"https:\/\/ksapa.org\/fr\/wp-json\/wp\/v2\/media?parent=517"}],"curies":[{"name":"wp","href":"https:\/\/api.w.org\/{rel}","templated":true}]}}