{"id":519,"date":"2019-06-17T13:12:42","date_gmt":"2019-06-17T13:12:42","guid":{"rendered":"https:\/\/ksapa.xk-consulting.fr\/?page_id=519"},"modified":"2025-02-05T12:04:03","modified_gmt":"2025-02-05T11:04:03","slug":"medias-sociaux","status":"publish","type":"page","link":"https:\/\/ksapa.org\/fr\/mobiliser\/medias-sociaux\/","title":{"rendered":"M\u00e9dias sociaux"},"content":{"rendered":"\n\n  <div class=\"banner has-hover\" id=\"banner-1953085945\">\n          <div class=\"banner-inner fill\">\n        <div class=\"banner-bg fill\" >\n            <div class=\"bg fill bg-fill \"><\/div>\n                        <div class=\"overlay\"><\/div>            \n                    <\/div>\n        <div class=\"banner-layers container\">\n            <div class=\"fill banner-link\"><\/div>            \n\n   <div id=\"text-box-188820088\" class=\"text-box banner-layer x50 md-x50 lg-x50 y50 md-y50 lg-y50 res-text\">\n                                <div class=\"text-box-content text dark\">\n              \n              <div class=\"text-inner text-center\">\n                  \n\n<h1 class=\"uppercase\" style=\"text-align: center;\">Medias sociaux<\/h1>\n<div class=\"is-divider divider clearfix\" style=\"background-color:rgb(255, 255, 255);\"><\/div>\n\n\n              <\/div>\n           <\/div>\n                            \n<style>\n#text-box-188820088 {\n  width: 100%;\n}\n#text-box-188820088 .text-box-content {\n  font-size: 100%;\n}\n<\/style>\n    <\/div>\n \n\n        <\/div>\n      <\/div>\n\n            \n<style>\n#banner-1953085945 {\n  padding-top: 350px;\n  background-color: rgb(255,255,255);\n}\n#banner-1953085945 .bg.bg-loaded {\n  background-image: url(https:\/\/ksapa.org\/fr\/wp-content\/uploads\/sites\/1\/2019\/06\/social-networks-ksapa-twitter-linkedin.png);\n}\n#banner-1953085945 .overlay {\n  background-color: rgba(0, 0, 0, 0.25);\n}\n#banner-1953085945 .bg {\n  background-position: 4% 52%;\n}\n<\/style>\n  <\/div>\n\n\n\t<section class=\"section\" id=\"section_732018427\">\n\t\t<div class=\"bg section-bg fill bg-fill  bg-loaded\" >\n\n\t\t\t\n\t\t\t\n\t\t\t\n\n\t\t<\/div>\n\n\t\t<div class=\"section-content relative\">\n\t\t\t\n\n<h2 style=\"text-align: center;\">Suivez notre flux d&rsquo;actualit\u00e9s\u00a0<a href=\"https:\/\/www.linkedin.com\/company\/ksapa\/\" target=\"_blank\" rel=\"noopener noreferrer\">Linkedin<\/a> !<\/h2>\n<div class=\"text-center\"><div class=\"is-divider divider clearfix\" ><\/div><\/div>\n\n<div class=\"row align-center\"  id=\"row-889828594\">\n\n\n\t<div id=\"col-506795306\" class=\"col medium-8 small-12 large-8\"  >\n\t\t\t\t<div class=\"col-inner\"  >\n\t\t\t\n\t\t\t\n\n\n\t\t<\/div>\n\t\t\t\t\t<\/div>\n\n\t\n\n<\/div>\n<div class=\"row align-center\"  id=\"row-155466291\">\n\n\n\t<div id=\"col-1130995203\" class=\"col medium-5 small-12 large-4\"  >\n\t\t\t\t<div class=\"col-inner text-center\"  >\n\t\t\t\n\t\t\t\n\n<a rel=\"noopener noreferrer\" href=\"https:\/\/www.linkedin.com\/company\/ksapa\/\" target=\"_blank\" class=\"button primary is-outline\"  >\n    <span>Suivez-nous sur linkedin<\/span>\n  <\/a>\n\n\n\n\t\t<\/div>\n\t\t\t\t\t<\/div>\n\n\t\n\n<\/div>\n\n\t\t<\/div>\n\n\t\t\n<style>\n#section_732018427 {\n  padding-top: 30px;\n  padding-bottom: 30px;\n}\n<\/style>\n\t<\/section>\n\t\n\n","protected":false},"excerpt":{"rendered":"","protected":false},"author":1,"featured_media":452,"parent":517,"menu_order":0,"comment_status":"closed","ping_status":"closed","template":"page-blank.php","meta":{"footnotes":""},"class_list":["post-519","page","type-page","status-publish","has-post-thumbnail","hentry"],"yoast_head":"<!-- This site is optimized with the Yoast SEO plugin v27.3 - https:\/\/yoast.com\/product\/yoast-seo-wordpress\/ -->\n<title>Ksapa - fr - M\u00e9dias Sociaux<\/title>\n<meta name=\"description\" content=\"Ksapa est une entreprise \u00e0 mission. Twitter @KsapaOrg et page LinkedIn Ksapa partagent les contenus de nos experts et r\u00e9seaux pour contribuer \u00e0 acc\u00e9l\u00e9rer les transformations sociales, environnementales et soci\u00e9tales en cours aupr\u00e8s des entreprises et investisseurs\" \/>\n<meta name=\"robots\" content=\"index, follow, max-snippet:-1, max-image-preview:large, max-video-preview:-1\" \/>\n<link rel=\"canonical\" href=\"https:\/\/ksapa.org\/fr\/mobiliser\/medias-sociaux\/\" \/>\n<meta property=\"og:locale\" content=\"fr_FR\" \/>\n<meta property=\"og:type\" content=\"article\" \/>\n<meta property=\"og:title\" content=\"Ksapa - fr - M\u00e9dias Sociaux\" \/>\n<meta property=\"og:description\" content=\"Ksapa est une entreprise \u00e0 mission. Twitter @KsapaOrg et page LinkedIn Ksapa partagent les contenus de nos experts et r\u00e9seaux pour contribuer \u00e0 acc\u00e9l\u00e9rer les transformations sociales, environnementales et soci\u00e9tales en cours aupr\u00e8s des entreprises et investisseurs\" \/>\n<meta property=\"og:url\" content=\"https:\/\/ksapa.org\/fr\/mobiliser\/medias-sociaux\/\" \/>\n<meta property=\"og:site_name\" content=\"Ksapa - fr\" \/>\n<meta property=\"article:modified_time\" content=\"2025-02-05T11:04:03+00:00\" \/>\n<meta property=\"og:image\" content=\"https:\/\/ksapa.org\/fr\/wp-content\/uploads\/sites\/1\/2019\/06\/social-networks-ksapa-twitter-linkedin.png\" \/>\n\t<meta property=\"og:image:width\" content=\"1680\" \/>\n\t<meta property=\"og:image:height\" content=\"960\" \/>\n\t<meta property=\"og:image:type\" content=\"image\/png\" \/>\n<meta name=\"twitter:card\" content=\"summary_large_image\" \/>\n<meta name=\"twitter:site\" content=\"@KsapaOrg\" \/>\n<script type=\"application\/ld+json\" class=\"yoast-schema-graph\">{\"@context\":\"https:\\\/\\\/schema.org\",\"@graph\":[{\"@type\":\"WebPage\",\"@id\":\"https:\\\/\\\/ksapa.org\\\/fr\\\/mobiliser\\\/medias-sociaux\\\/\",\"url\":\"https:\\\/\\\/ksapa.org\\\/fr\\\/mobiliser\\\/medias-sociaux\\\/\",\"name\":\"Ksapa - fr - M\u00e9dias Sociaux\",\"isPartOf\":{\"@id\":\"https:\\\/\\\/ksapa.org\\\/fr\\\/#website\"},\"primaryImageOfPage\":{\"@id\":\"https:\\\/\\\/ksapa.org\\\/fr\\\/mobiliser\\\/medias-sociaux\\\/#primaryimage\"},\"image\":{\"@id\":\"https:\\\/\\\/ksapa.org\\\/fr\\\/mobiliser\\\/medias-sociaux\\\/#primaryimage\"},\"thumbnailUrl\":\"https:\\\/\\\/ksapa.org\\\/fr\\\/wp-content\\\/uploads\\\/sites\\\/1\\\/2019\\\/06\\\/social-networks-ksapa-twitter-linkedin.png\",\"datePublished\":\"2019-06-17T13:12:42+00:00\",\"dateModified\":\"2025-02-05T11:04:03+00:00\",\"description\":\"Ksapa est une entreprise \u00e0 mission. Twitter @KsapaOrg et page LinkedIn Ksapa partagent les contenus de nos experts et r\u00e9seaux pour contribuer \u00e0 acc\u00e9l\u00e9rer les transformations sociales, environnementales et soci\u00e9tales en cours aupr\u00e8s des entreprises et investisseurs\",\"breadcrumb\":{\"@id\":\"https:\\\/\\\/ksapa.org\\\/fr\\\/mobiliser\\\/medias-sociaux\\\/#breadcrumb\"},\"inLanguage\":\"fr-FR\",\"potentialAction\":[{\"@type\":\"ReadAction\",\"target\":[\"https:\\\/\\\/ksapa.org\\\/fr\\\/mobiliser\\\/medias-sociaux\\\/\"]}]},{\"@type\":\"ImageObject\",\"inLanguage\":\"fr-FR\",\"@id\":\"https:\\\/\\\/ksapa.org\\\/fr\\\/mobiliser\\\/medias-sociaux\\\/#primaryimage\",\"url\":\"https:\\\/\\\/ksapa.org\\\/fr\\\/wp-content\\\/uploads\\\/sites\\\/1\\\/2019\\\/06\\\/social-networks-ksapa-twitter-linkedin.png\",\"contentUrl\":\"https:\\\/\\\/ksapa.org\\\/fr\\\/wp-content\\\/uploads\\\/sites\\\/1\\\/2019\\\/06\\\/social-networks-ksapa-twitter-linkedin.png\",\"width\":\"1680\",\"height\":\"960\",\"caption\":\"Restez Connect\u00e9 avec Ksapa sur LinkedIn\"},{\"@type\":\"BreadcrumbList\",\"@id\":\"https:\\\/\\\/ksapa.org\\\/fr\\\/mobiliser\\\/medias-sociaux\\\/#breadcrumb\",\"itemListElement\":[{\"@type\":\"ListItem\",\"position\":1,\"name\":\"Home\",\"item\":\"https:\\\/\\\/ksapa.org\\\/fr\\\/\"},{\"@type\":\"ListItem\",\"position\":2,\"name\":\"Mobiliser\",\"item\":\"https:\\\/\\\/ksapa.org\\\/fr\\\/mobiliser\\\/\"},{\"@type\":\"ListItem\",\"position\":3,\"name\":\"M\u00e9dias sociaux\"}]},{\"@type\":\"WebSite\",\"@id\":\"https:\\\/\\\/ksapa.org\\\/fr\\\/#website\",\"url\":\"https:\\\/\\\/ksapa.org\\\/fr\\\/\",\"name\":\"Ksapa - fr\",\"description\":\"\",\"publisher\":{\"@id\":\"https:\\\/\\\/ksapa.org\\\/fr\\\/#organization\"},\"potentialAction\":[{\"@type\":\"SearchAction\",\"target\":{\"@type\":\"EntryPoint\",\"urlTemplate\":\"https:\\\/\\\/ksapa.org\\\/fr\\\/?s={search_term_string}\"},\"query-input\":{\"@type\":\"PropertyValueSpecification\",\"valueRequired\":true,\"valueName\":\"search_term_string\"}}],\"inLanguage\":\"fr-FR\"},{\"@type\":\"Organization\",\"@id\":\"https:\\\/\\\/ksapa.org\\\/fr\\\/#organization\",\"name\":\"ksapa\",\"url\":\"https:\\\/\\\/ksapa.org\\\/fr\\\/\",\"logo\":{\"@type\":\"ImageObject\",\"inLanguage\":\"fr-FR\",\"@id\":\"https:\\\/\\\/ksapa.org\\\/fr\\\/#\\\/schema\\\/logo\\\/image\\\/\",\"url\":\"https:\\\/\\\/ksapa.org\\\/fr\\\/wp-content\\\/uploads\\\/sites\\\/1\\\/2019\\\/06\\\/icone-ksapa.jpg\",\"contentUrl\":\"https:\\\/\\\/ksapa.org\\\/fr\\\/wp-content\\\/uploads\\\/sites\\\/1\\\/2019\\\/06\\\/icone-ksapa.jpg\",\"width\":\"442\",\"height\":\"421\",\"caption\":\"ksapa\"},\"image\":{\"@id\":\"https:\\\/\\\/ksapa.org\\\/fr\\\/#\\\/schema\\\/logo\\\/image\\\/\"},\"sameAs\":[\"https:\\\/\\\/x.com\\\/KsapaOrg\"]}]}<\/script>\n<!-- \/ Yoast SEO plugin. -->","yoast_head_json":{"title":"Ksapa - fr - M\u00e9dias Sociaux","description":"Ksapa est une entreprise \u00e0 mission. Twitter @KsapaOrg et page LinkedIn Ksapa partagent les contenus de nos experts et r\u00e9seaux pour contribuer \u00e0 acc\u00e9l\u00e9rer les transformations sociales, environnementales et soci\u00e9tales en cours aupr\u00e8s des entreprises et investisseurs","robots":{"index":"index","follow":"follow","max-snippet":"max-snippet:-1","max-image-preview":"max-image-preview:large","max-video-preview":"max-video-preview:-1"},"canonical":"https:\/\/ksapa.org\/fr\/mobiliser\/medias-sociaux\/","og_locale":"fr_FR","og_type":"article","og_title":"Ksapa - fr - M\u00e9dias Sociaux","og_description":"Ksapa est une entreprise \u00e0 mission. Twitter @KsapaOrg et page LinkedIn Ksapa partagent les contenus de nos experts et r\u00e9seaux pour contribuer \u00e0 acc\u00e9l\u00e9rer les transformations sociales, environnementales et soci\u00e9tales en cours aupr\u00e8s des entreprises et investisseurs","og_url":"https:\/\/ksapa.org\/fr\/mobiliser\/medias-sociaux\/","og_site_name":"Ksapa - fr","article_modified_time":"2025-02-05T11:04:03+00:00","og_image":[{"width":1680,"height":960,"url":"https:\/\/ksapa.org\/fr\/wp-content\/uploads\/sites\/1\/2019\/06\/social-networks-ksapa-twitter-linkedin.png","type":"image\/png"}],"twitter_card":"summary_large_image","twitter_site":"@KsapaOrg","schema":{"@context":"https:\/\/schema.org","@graph":[{"@type":"WebPage","@id":"https:\/\/ksapa.org\/fr\/mobiliser\/medias-sociaux\/","url":"https:\/\/ksapa.org\/fr\/mobiliser\/medias-sociaux\/","name":"Ksapa - fr - M\u00e9dias Sociaux","isPartOf":{"@id":"https:\/\/ksapa.org\/fr\/#website"},"primaryImageOfPage":{"@id":"https:\/\/ksapa.org\/fr\/mobiliser\/medias-sociaux\/#primaryimage"},"image":{"@id":"https:\/\/ksapa.org\/fr\/mobiliser\/medias-sociaux\/#primaryimage"},"thumbnailUrl":"https:\/\/ksapa.org\/fr\/wp-content\/uploads\/sites\/1\/2019\/06\/social-networks-ksapa-twitter-linkedin.png","datePublished":"2019-06-17T13:12:42+00:00","dateModified":"2025-02-05T11:04:03+00:00","description":"Ksapa est une entreprise \u00e0 mission. Twitter @KsapaOrg et page LinkedIn Ksapa partagent les contenus de nos experts et r\u00e9seaux pour contribuer \u00e0 acc\u00e9l\u00e9rer les transformations sociales, environnementales et soci\u00e9tales en cours aupr\u00e8s des entreprises et investisseurs","breadcrumb":{"@id":"https:\/\/ksapa.org\/fr\/mobiliser\/medias-sociaux\/#breadcrumb"},"inLanguage":"fr-FR","potentialAction":[{"@type":"ReadAction","target":["https:\/\/ksapa.org\/fr\/mobiliser\/medias-sociaux\/"]}]},{"@type":"ImageObject","inLanguage":"fr-FR","@id":"https:\/\/ksapa.org\/fr\/mobiliser\/medias-sociaux\/#primaryimage","url":"https:\/\/ksapa.org\/fr\/wp-content\/uploads\/sites\/1\/2019\/06\/social-networks-ksapa-twitter-linkedin.png","contentUrl":"https:\/\/ksapa.org\/fr\/wp-content\/uploads\/sites\/1\/2019\/06\/social-networks-ksapa-twitter-linkedin.png","width":"1680","height":"960","caption":"Restez Connect\u00e9 avec Ksapa sur LinkedIn"},{"@type":"BreadcrumbList","@id":"https:\/\/ksapa.org\/fr\/mobiliser\/medias-sociaux\/#breadcrumb","itemListElement":[{"@type":"ListItem","position":1,"name":"Home","item":"https:\/\/ksapa.org\/fr\/"},{"@type":"ListItem","position":2,"name":"Mobiliser","item":"https:\/\/ksapa.org\/fr\/mobiliser\/"},{"@type":"ListItem","position":3,"name":"M\u00e9dias sociaux"}]},{"@type":"WebSite","@id":"https:\/\/ksapa.org\/fr\/#website","url":"https:\/\/ksapa.org\/fr\/","name":"Ksapa - fr","description":"","publisher":{"@id":"https:\/\/ksapa.org\/fr\/#organization"},"potentialAction":[{"@type":"SearchAction","target":{"@type":"EntryPoint","urlTemplate":"https:\/\/ksapa.org\/fr\/?s={search_term_string}"},"query-input":{"@type":"PropertyValueSpecification","valueRequired":true,"valueName":"search_term_string"}}],"inLanguage":"fr-FR"},{"@type":"Organization","@id":"https:\/\/ksapa.org\/fr\/#organization","name":"ksapa","url":"https:\/\/ksapa.org\/fr\/","logo":{"@type":"ImageObject","inLanguage":"fr-FR","@id":"https:\/\/ksapa.org\/fr\/#\/schema\/logo\/image\/","url":"https:\/\/ksapa.org\/fr\/wp-content\/uploads\/sites\/1\/2019\/06\/icone-ksapa.jpg","contentUrl":"https:\/\/ksapa.org\/fr\/wp-content\/uploads\/sites\/1\/2019\/06\/icone-ksapa.jpg","width":"442","height":"421","caption":"ksapa"},"image":{"@id":"https:\/\/ksapa.org\/fr\/#\/schema\/logo\/image\/"},"sameAs":["https:\/\/x.com\/KsapaOrg"]}]}},"_links":{"self":[{"href":"https:\/\/ksapa.org\/fr\/wp-json\/wp\/v2\/pages\/519","targetHints":{"allow":["GET"]}}],"collection":[{"href":"https:\/\/ksapa.org\/fr\/wp-json\/wp\/v2\/pages"}],"about":[{"href":"https:\/\/ksapa.org\/fr\/wp-json\/wp\/v2\/types\/page"}],"author":[{"embeddable":true,"href":"https:\/\/ksapa.org\/fr\/wp-json\/wp\/v2\/users\/1"}],"replies":[{"embeddable":true,"href":"https:\/\/ksapa.org\/fr\/wp-json\/wp\/v2\/comments?post=519"}],"version-history":[{"count":9,"href":"https:\/\/ksapa.org\/fr\/wp-json\/wp\/v2\/pages\/519\/revisions"}],"predecessor-version":[{"id":10291,"href":"https:\/\/ksapa.org\/fr\/wp-json\/wp\/v2\/pages\/519\/revisions\/10291"}],"up":[{"embeddable":true,"href":"https:\/\/ksapa.org\/fr\/wp-json\/wp\/v2\/pages\/517"}],"wp:featuredmedia":[{"embeddable":true,"href":"https:\/\/ksapa.org\/fr\/wp-json\/wp\/v2\/media\/452"}],"wp:attachment":[{"href":"https:\/\/ksapa.org\/fr\/wp-json\/wp\/v2\/media?parent=519"}],"curies":[{"name":"wp","href":"https:\/\/api.w.org\/{rel}","templated":true}]}}