{"id":521,"date":"2019-06-17T13:13:26","date_gmt":"2019-06-17T13:13:26","guid":{"rendered":"https:\/\/ksapa.xk-consulting.fr\/?page_id=521"},"modified":"2025-04-04T21:13:42","modified_gmt":"2025-04-04T20:13:42","slug":"newsletter","status":"publish","type":"page","link":"https:\/\/ksapa.org\/fr\/mobiliser\/newsletter\/","title":{"rendered":"Newsletter ESG mensuelle"},"content":{"rendered":"\n\n  <div class=\"banner has-hover\" id=\"banner-1638316225\">\n          <div class=\"banner-inner fill\">\n        <div class=\"banner-bg fill\" >\n            <div class=\"bg fill bg-fill \"><\/div>\n                        <div class=\"overlay\"><\/div>            \n                    <\/div>\n        <div class=\"banner-layers container\">\n            <div class=\"fill banner-link\"><\/div>            \n\n   <div id=\"text-box-233183332\" class=\"text-box banner-layer x50 md-x50 lg-x50 y50 md-y50 lg-y50 res-text\">\n                                <div class=\"text-box-content text dark\">\n              \n              <div class=\"text-inner text-center\">\n                  \n\n<h1 class=\"uppercase\" style=\"text-align: center\">Newsletter<\/h1>\n<div class=\"is-divider divider clearfix\" style=\"background-color:rgb(255, 255, 255);\"><\/div>\n\n\n              <\/div>\n           <\/div>\n                            \n<style>\n#text-box-233183332 {\n  width: 100%;\n}\n#text-box-233183332 .text-box-content {\n  font-size: 100%;\n}\n<\/style>\n    <\/div>\n \n\n        <\/div>\n      <\/div>\n\n            \n<style>\n#banner-1638316225 {\n  padding-top: 350px;\n  background-color: rgb(255,255,255);\n}\n#banner-1638316225 .bg.bg-loaded {\n  background-image: url(https:\/\/ksapa.org\/fr\/wp-content\/uploads\/sites\/1\/2019\/06\/newsletter-ksapa.jpg);\n}\n#banner-1638316225 .overlay {\n  background-color: rgba(0, 0, 0, 0.25);\n}\n#banner-1638316225 .bg {\n  background-position: 9% 26%;\n}\n<\/style>\n  <\/div>\n\n\n<div class=\"row align-center\"  id=\"row-291582258\">\n\n\n\t<div id=\"col-588472451\" class=\"col small-12 large-12\"  >\n\t\t\t\t<div class=\"col-inner\"  >\n\t\t\t\n\t\t\t\n\n<p>Nos projets sont essentiellement confidentiels. Pour autant, nous sommes heureux de vous tenir inform\u00e9s par newsletter des tendances que nous observons, de nos publications et des derniers articles publi\u00e9s sur notre blog.<\/p>\n<p>Si vous souhaitez vous tenir inform\u00e9s de nos activit\u00e9s et recevoir notre Newsletter, veuillez compl\u00e9ter le formulaire ci-dessous. Vous pouvez consulter nos newsletters pass\u00e9es <a href=\"https:\/\/ksapa.org\/fr\/newsletter\/\">sur cette page<\/a>.<\/p>\n\n\t\t<\/div>\n\t\t\t\t\t<\/div>\n\n\t\n\n<\/div>\n<div class=\"row align-center\"  id=\"row-705701916\">\n\n\n\t<div id=\"col-2109635475\" class=\"col medium-6 small-12 large-6\"  >\n\t\t\t\t<div class=\"col-inner\"  >\n\t\t\t\n\t\t\t\n\n\n\n<div id=\"mc_embed_shell\">\n      <link href=\"\/\/cdn-images.mailchimp.com\/embedcode\/classic-061523.css\" rel=\"stylesheet\" type=\"text\/css\">\n  <style type=\"text\/css\">\n        #mc_embed_signup{background:#fff; false;clear:left; font:14px Helvetica,Arial,sans-serif; width: 600px;}\n        \/* Add your own Mailchimp form style overrides in your site stylesheet or in this style block.\n           We recommend moving this block and the preceding CSS link to the HEAD of your HTML file. *\/\n<\/style>\n<div id=\"mc_embed_signup\">\n    <form action=\"https:\/\/ksapa.us3.list-manage.com\/subscribe\/post?u=a9215f7d810f542dae254be41&amp;id=520a4b7102&amp;f_id=00483ee2f0\" method=\"post\" id=\"mc-embedded-subscribe-form\" name=\"mc-embedded-subscribe-form\" class=\"validate\" target=\"_blank\">\n        <div id=\"mc_embed_signup_scroll\"><h2>Abonnez-vous \u00e0 notre Newsletter mensuelle<\/h2>\n            <div class=\"indicates-required\"><span class=\"asterisk\">*<\/span> indicates required<\/div>\n            <div class=\"mc-field-group\"><label for=\"mce-EMAIL\">Adresse Email <span class=\"asterisk\">*<\/span><\/label><input type=\"email\" name=\"EMAIL\" class=\"required email\" id=\"mce-EMAIL\" required=\"\" value=\"\"><\/div><div class=\"mc-field-group\"><label for=\"mce-FNAME\">Pr\u00e9nom <span class=\"asterisk\">*<\/span><\/label><input type=\"text\" name=\"FNAME\" class=\"required text\" id=\"mce-FNAME\" value=\"\" required=\"\"><\/div><div class=\"mc-field-group\"><label for=\"mce-LNAME\">Nom <span class=\"asterisk\">*<\/span><\/label><input type=\"text\" name=\"LNAME\" class=\"required text\" id=\"mce-LNAME\" value=\"\" required=\"\"><\/div><div class=\"mc-field-group\"><label for=\"mce-TITLE\">Titre ou fonction <span class=\"asterisk\">*<\/span><\/label><input type=\"text\" name=\"TITLE\" class=\"required text\" id=\"mce-TITLE\" value=\"\" required=\"\"><\/div><div class=\"mc-field-group\"><label for=\"mce-ORGA\">Organisation <span class=\"asterisk\">*<\/span><\/label><input type=\"text\" name=\"ORGA\" class=\"required text\" id=\"mce-ORGA\" value=\"\" required=\"\"><\/div><div class=\"mc-field-group input-group\"><strong>Options d&rsquo;abonnement <span class=\"asterisk\">*<\/span><\/strong><ul><li><input type=\"radio\" name=\"MMERGE4\" id=\"mce-MMERGE40\" value=\"Newsletter seulement\"><label for=\"mce-MMERGE40\">Newsletter seulement<\/label><\/li><li><input type=\"radio\" name=\"MMERGE4\" id=\"mce-MMERGE41\" value=\"Publications seulement\"><label for=\"mce-MMERGE41\">Publications seulement<\/label><\/li><li><input type=\"radio\" name=\"MMERGE4\" id=\"mce-MMERGE42\" value=\"Newsletter et Publications\"><label for=\"mce-MMERGE42\">Newsletter et Publications<\/label><\/li><\/ul><\/div><div class=\"mc-field-group input-group\"><strong>Th\u00e9matiques qui vous int\u00e9ressent <\/strong><ul><li><input type=\"checkbox\" name=\"group&#091;104038&#093;&#091;1&#093;\" id=\"mce-group&#091;104038&#093;-104038-0\" value=\"\"><label for=\"mce-group&#091;104038&#093;-104038-0\">Human Rights<\/label><\/li><li><input type=\"checkbox\" name=\"group&#091;104038&#093;&#091;2&#093;\" id=\"mce-group&#091;104038&#093;-104038-1\" value=\"\"><label for=\"mce-group&#091;104038&#093;-104038-1\">Sustainability<\/label><\/li><li><input type=\"checkbox\" name=\"group&#091;104038&#093;&#091;4&#093;\" id=\"mce-group&#091;104038&#093;-104038-2\" value=\"\"><label for=\"mce-group&#091;104038&#093;-104038-2\">Circularity<\/label><\/li><li><input type=\"checkbox\" name=\"group&#091;104038&#093;&#091;8&#093;\" id=\"mce-group&#091;104038&#093;-104038-3\" value=\"\"><label for=\"mce-group&#091;104038&#093;-104038-3\">Climate Change<\/label><\/li><li><input type=\"checkbox\" name=\"group&#091;104038&#093;&#091;16&#093;\" id=\"mce-group&#091;104038&#093;-104038-4\" value=\"\"><label for=\"mce-group&#091;104038&#093;-104038-4\">ESG<\/label><\/li><li><input type=\"checkbox\" name=\"group&#091;104038&#093;&#091;32&#093;\" id=\"mce-group&#091;104038&#093;-104038-5\" value=\"\"><label for=\"mce-group&#091;104038&#093;-104038-5\">Impact Investing<\/label><\/li><\/ul><\/div>\n        <div id=\"mce-responses\" class=\"clear\">\n            <div class=\"response\" id=\"mce-error-response\" style=\"display: none;\"><\/div>\n            <div class=\"response\" id=\"mce-success-response\" style=\"display: none;\"><\/div>\n        <\/div><div style=\"position: absolute; left: -5000px;\" aria-hidden=\"true\"><input type=\"text\" name=\"b_a9215f7d810f542dae254be41_520a4b7102\" tabindex=\"-1\" value=\"\"><\/div><div class=\"clear\"><input type=\"submit\" name=\"subscribe\" id=\"mc-embedded-subscribe\" class=\"button\" value=\"Subscribe\"><\/div>\n    <\/div>\n<\/form>\n<\/div>\n<script type=\"text\/javascript\" src=\"\/\/s3.amazonaws.com\/downloads.mailchimp.com\/js\/mc-validate.js\"><\/script><script type=\"text\/javascript\">(function($) {window.fnames = new Array(); window.ftypes = new Array();fnames[0]='EMAIL';ftypes[0]='email';fnames[1]='FNAME';ftypes[1]='text';fnames[2]='LNAME';ftypes[2]='text';fnames[5]='TITLE';ftypes[5]='text';fnames[3]='ORGA';ftypes[3]='text';fnames[4]='MMERGE4';ftypes[4]='radio';\/*\n * Translated default messages for the $ validation plugin.\n * Locale: FR\n *\/\n$.extend($.validator.messages, {\n        required: \"Ce champ est requis.\",\n        remote: \"Veuillez remplir ce champ pour continuer.\",\n        email: \"Veuillez entrer une adresse email valide.\",\n        url: \"Veuillez entrer une URL valide.\",\n        date: \"Veuillez entrer une date valide.\",\n        dateISO: \"Veuillez entrer une date valide (ISO).\",\n        number: \"Veuillez entrer un nombre valide.\",\n        digits: \"Veuillez entrer (seulement) une valeur num\u00e9rique.\",\n        creditcard: \"Veuillez entrer un num\u00e9ro de carte de cr\u00e9dit valide.\",\n        equalTo: \"Veuillez entrer une nouvelle fois la m\u00eame valeur.\",\n        accept: \"Veuillez entrer une valeur avec une extension valide.\",\n        maxlength: $.validator.format(\"Veuillez ne pas entrer plus de {0} caract\u00e8res.\"),\n        minlength: $.validator.format(\"Veuillez entrer au moins {0} caract\u00e8res.\"),\n        rangelength: $.validator.format(\"Veuillez entrer entre {0} et {1} caract\u00e8res.\"),\n        range: $.validator.format(\"Veuillez entrer une valeur entre {0} et {1}.\"),\n        max: $.validator.format(\"Veuillez entrer une valeur inf\u00e9rieure ou \u00e9gale \u00e0 {0}.\"),\n        min: $.validator.format(\"Veuillez entrer une valeur sup\u00e9rieure ou \u00e9gale \u00e0 {0}.\")\n});}(jQuery));var $mcj = jQuery.noConflict(true);<\/script><\/div>\n\n\n\t\t<\/div>\n\t\t\t\t\t<\/div>\n\n\t\n\n<\/div>\n<div class=\"row\"  id=\"row-233807112\">\n\n\n\t<div id=\"col-572502724\" class=\"col small-12 large-12\"  >\n\t\t\t\t<div class=\"col-inner\"  >\n\t\t\t\n\t\t\t\n\n<p>Nous proposons \u00e9galement une newsletter en anglais, merci de <a href=\"https:\/\/ksapa.org\/advocate\/newsletter\/\">cliquez ici<\/a> si vous souhaitez vous y abonner.<\/p>\n\n\t\t<\/div>\n\t\t\t\t\t<\/div>\n\n\t\n\n<\/div>\n\n","protected":false},"excerpt":{"rendered":"","protected":false},"author":1,"featured_media":453,"parent":517,"menu_order":0,"comment_status":"closed","ping_status":"closed","template":"page-blank.php","meta":{"footnotes":""},"class_list":["post-521","page","type-page","status-publish","has-post-thumbnail","hentry"],"yoast_head":"<!-- This site is optimized with the Yoast SEO plugin v27.3 - https:\/\/yoast.com\/product\/yoast-seo-wordpress\/ -->\n<title>Newsletter ESG Ksapa : Cr\u00e9er de la Valeur Durable et R\u00e9siliente<\/title>\n<meta name=\"description\" content=\"Acc\u00e9dez gratuitement aux analyses mensuelles ESG de Ksapa sur les strat\u00e9gies durables RSE et programmes de r\u00e9silience\" \/>\n<meta name=\"robots\" content=\"index, follow, max-snippet:-1, max-image-preview:large, max-video-preview:-1\" \/>\n<link rel=\"canonical\" href=\"https:\/\/ksapa.org\/fr\/mobiliser\/newsletter\/\" \/>\n<meta property=\"og:locale\" content=\"fr_FR\" \/>\n<meta property=\"og:type\" content=\"article\" \/>\n<meta property=\"og:title\" content=\"Newsletter ESG Ksapa : Cr\u00e9er de la Valeur Durable et R\u00e9siliente\" \/>\n<meta property=\"og:description\" content=\"Acc\u00e9dez gratuitement aux analyses mensuelles ESG de Ksapa sur les strat\u00e9gies durables RSE et programmes de r\u00e9silience\" \/>\n<meta property=\"og:url\" content=\"https:\/\/ksapa.org\/fr\/mobiliser\/newsletter\/\" \/>\n<meta property=\"og:site_name\" content=\"Ksapa - fr\" \/>\n<meta property=\"article:modified_time\" content=\"2025-04-04T20:13:42+00:00\" \/>\n<meta property=\"og:image\" content=\"https:\/\/ksapa.org\/fr\/wp-content\/uploads\/sites\/1\/2019\/06\/newsletter-ksapa.jpg\" \/>\n\t<meta property=\"og:image:width\" content=\"2000\" \/>\n\t<meta property=\"og:image:height\" content=\"1331\" \/>\n\t<meta property=\"og:image:type\" content=\"image\/jpeg\" \/>\n<meta name=\"twitter:card\" content=\"summary_large_image\" \/>\n<meta name=\"twitter:site\" content=\"@KsapaOrg\" \/>\n<meta name=\"twitter:label1\" content=\"Dur\u00e9e de lecture estim\u00e9e\" \/>\n\t<meta name=\"twitter:data1\" content=\"1 minute\" \/>\n<script type=\"application\/ld+json\" class=\"yoast-schema-graph\">{\"@context\":\"https:\\\/\\\/schema.org\",\"@graph\":[{\"@type\":\"WebPage\",\"@id\":\"https:\\\/\\\/ksapa.org\\\/fr\\\/mobiliser\\\/newsletter\\\/\",\"url\":\"https:\\\/\\\/ksapa.org\\\/fr\\\/mobiliser\\\/newsletter\\\/\",\"name\":\"Newsletter ESG Ksapa : Cr\u00e9er de la Valeur Durable et R\u00e9siliente\",\"isPartOf\":{\"@id\":\"https:\\\/\\\/ksapa.org\\\/fr\\\/#website\"},\"primaryImageOfPage\":{\"@id\":\"https:\\\/\\\/ksapa.org\\\/fr\\\/mobiliser\\\/newsletter\\\/#primaryimage\"},\"image\":{\"@id\":\"https:\\\/\\\/ksapa.org\\\/fr\\\/mobiliser\\\/newsletter\\\/#primaryimage\"},\"thumbnailUrl\":\"https:\\\/\\\/ksapa.org\\\/fr\\\/wp-content\\\/uploads\\\/sites\\\/1\\\/2019\\\/06\\\/newsletter-ksapa.jpg\",\"datePublished\":\"2019-06-17T13:13:26+00:00\",\"dateModified\":\"2025-04-04T20:13:42+00:00\",\"description\":\"Acc\u00e9dez gratuitement aux analyses mensuelles ESG de Ksapa sur les strat\u00e9gies durables RSE et programmes de r\u00e9silience\",\"breadcrumb\":{\"@id\":\"https:\\\/\\\/ksapa.org\\\/fr\\\/mobiliser\\\/newsletter\\\/#breadcrumb\"},\"inLanguage\":\"fr-FR\",\"potentialAction\":[{\"@type\":\"ReadAction\",\"target\":[\"https:\\\/\\\/ksapa.org\\\/fr\\\/mobiliser\\\/newsletter\\\/\"]}]},{\"@type\":\"ImageObject\",\"inLanguage\":\"fr-FR\",\"@id\":\"https:\\\/\\\/ksapa.org\\\/fr\\\/mobiliser\\\/newsletter\\\/#primaryimage\",\"url\":\"https:\\\/\\\/ksapa.org\\\/fr\\\/wp-content\\\/uploads\\\/sites\\\/1\\\/2019\\\/06\\\/newsletter-ksapa.jpg\",\"contentUrl\":\"https:\\\/\\\/ksapa.org\\\/fr\\\/wp-content\\\/uploads\\\/sites\\\/1\\\/2019\\\/06\\\/newsletter-ksapa.jpg\",\"width\":\"2000\",\"height\":\"1331\",\"caption\":\"Acc\u00e9dez gratuitement aux analyses mensuelles de Ksapa sur les strat\u00e9gies durables et programmes de r\u00e9silience\"},{\"@type\":\"BreadcrumbList\",\"@id\":\"https:\\\/\\\/ksapa.org\\\/fr\\\/mobiliser\\\/newsletter\\\/#breadcrumb\",\"itemListElement\":[{\"@type\":\"ListItem\",\"position\":1,\"name\":\"Home\",\"item\":\"https:\\\/\\\/ksapa.org\\\/fr\\\/\"},{\"@type\":\"ListItem\",\"position\":2,\"name\":\"Mobiliser\",\"item\":\"https:\\\/\\\/ksapa.org\\\/fr\\\/mobiliser\\\/\"},{\"@type\":\"ListItem\",\"position\":3,\"name\":\"Newsletter ESG mensuelle\"}]},{\"@type\":\"WebSite\",\"@id\":\"https:\\\/\\\/ksapa.org\\\/fr\\\/#website\",\"url\":\"https:\\\/\\\/ksapa.org\\\/fr\\\/\",\"name\":\"Ksapa - fr\",\"description\":\"\",\"publisher\":{\"@id\":\"https:\\\/\\\/ksapa.org\\\/fr\\\/#organization\"},\"potentialAction\":[{\"@type\":\"SearchAction\",\"target\":{\"@type\":\"EntryPoint\",\"urlTemplate\":\"https:\\\/\\\/ksapa.org\\\/fr\\\/?s={search_term_string}\"},\"query-input\":{\"@type\":\"PropertyValueSpecification\",\"valueRequired\":true,\"valueName\":\"search_term_string\"}}],\"inLanguage\":\"fr-FR\"},{\"@type\":\"Organization\",\"@id\":\"https:\\\/\\\/ksapa.org\\\/fr\\\/#organization\",\"name\":\"ksapa\",\"url\":\"https:\\\/\\\/ksapa.org\\\/fr\\\/\",\"logo\":{\"@type\":\"ImageObject\",\"inLanguage\":\"fr-FR\",\"@id\":\"https:\\\/\\\/ksapa.org\\\/fr\\\/#\\\/schema\\\/logo\\\/image\\\/\",\"url\":\"https:\\\/\\\/ksapa.org\\\/fr\\\/wp-content\\\/uploads\\\/sites\\\/1\\\/2019\\\/06\\\/icone-ksapa.jpg\",\"contentUrl\":\"https:\\\/\\\/ksapa.org\\\/fr\\\/wp-content\\\/uploads\\\/sites\\\/1\\\/2019\\\/06\\\/icone-ksapa.jpg\",\"width\":\"442\",\"height\":\"421\",\"caption\":\"ksapa\"},\"image\":{\"@id\":\"https:\\\/\\\/ksapa.org\\\/fr\\\/#\\\/schema\\\/logo\\\/image\\\/\"},\"sameAs\":[\"https:\\\/\\\/x.com\\\/KsapaOrg\"]}]}<\/script>\n<!-- \/ Yoast SEO plugin. -->","yoast_head_json":{"title":"Newsletter ESG Ksapa : Cr\u00e9er de la Valeur Durable et R\u00e9siliente","description":"Acc\u00e9dez gratuitement aux analyses mensuelles ESG de Ksapa sur les strat\u00e9gies durables RSE et programmes de r\u00e9silience","robots":{"index":"index","follow":"follow","max-snippet":"max-snippet:-1","max-image-preview":"max-image-preview:large","max-video-preview":"max-video-preview:-1"},"canonical":"https:\/\/ksapa.org\/fr\/mobiliser\/newsletter\/","og_locale":"fr_FR","og_type":"article","og_title":"Newsletter ESG Ksapa : Cr\u00e9er de la Valeur Durable et R\u00e9siliente","og_description":"Acc\u00e9dez gratuitement aux analyses mensuelles ESG de Ksapa sur les strat\u00e9gies durables RSE et programmes de r\u00e9silience","og_url":"https:\/\/ksapa.org\/fr\/mobiliser\/newsletter\/","og_site_name":"Ksapa - fr","article_modified_time":"2025-04-04T20:13:42+00:00","og_image":[{"width":2000,"height":1331,"url":"https:\/\/ksapa.org\/fr\/wp-content\/uploads\/sites\/1\/2019\/06\/newsletter-ksapa.jpg","type":"image\/jpeg"}],"twitter_card":"summary_large_image","twitter_site":"@KsapaOrg","twitter_misc":{"Dur\u00e9e de lecture estim\u00e9e":"1 minute"},"schema":{"@context":"https:\/\/schema.org","@graph":[{"@type":"WebPage","@id":"https:\/\/ksapa.org\/fr\/mobiliser\/newsletter\/","url":"https:\/\/ksapa.org\/fr\/mobiliser\/newsletter\/","name":"Newsletter ESG Ksapa : Cr\u00e9er de la Valeur Durable et R\u00e9siliente","isPartOf":{"@id":"https:\/\/ksapa.org\/fr\/#website"},"primaryImageOfPage":{"@id":"https:\/\/ksapa.org\/fr\/mobiliser\/newsletter\/#primaryimage"},"image":{"@id":"https:\/\/ksapa.org\/fr\/mobiliser\/newsletter\/#primaryimage"},"thumbnailUrl":"https:\/\/ksapa.org\/fr\/wp-content\/uploads\/sites\/1\/2019\/06\/newsletter-ksapa.jpg","datePublished":"2019-06-17T13:13:26+00:00","dateModified":"2025-04-04T20:13:42+00:00","description":"Acc\u00e9dez gratuitement aux analyses mensuelles ESG de Ksapa sur les strat\u00e9gies durables RSE et programmes de r\u00e9silience","breadcrumb":{"@id":"https:\/\/ksapa.org\/fr\/mobiliser\/newsletter\/#breadcrumb"},"inLanguage":"fr-FR","potentialAction":[{"@type":"ReadAction","target":["https:\/\/ksapa.org\/fr\/mobiliser\/newsletter\/"]}]},{"@type":"ImageObject","inLanguage":"fr-FR","@id":"https:\/\/ksapa.org\/fr\/mobiliser\/newsletter\/#primaryimage","url":"https:\/\/ksapa.org\/fr\/wp-content\/uploads\/sites\/1\/2019\/06\/newsletter-ksapa.jpg","contentUrl":"https:\/\/ksapa.org\/fr\/wp-content\/uploads\/sites\/1\/2019\/06\/newsletter-ksapa.jpg","width":"2000","height":"1331","caption":"Acc\u00e9dez gratuitement aux analyses mensuelles de Ksapa sur les strat\u00e9gies durables et programmes de r\u00e9silience"},{"@type":"BreadcrumbList","@id":"https:\/\/ksapa.org\/fr\/mobiliser\/newsletter\/#breadcrumb","itemListElement":[{"@type":"ListItem","position":1,"name":"Home","item":"https:\/\/ksapa.org\/fr\/"},{"@type":"ListItem","position":2,"name":"Mobiliser","item":"https:\/\/ksapa.org\/fr\/mobiliser\/"},{"@type":"ListItem","position":3,"name":"Newsletter ESG mensuelle"}]},{"@type":"WebSite","@id":"https:\/\/ksapa.org\/fr\/#website","url":"https:\/\/ksapa.org\/fr\/","name":"Ksapa - fr","description":"","publisher":{"@id":"https:\/\/ksapa.org\/fr\/#organization"},"potentialAction":[{"@type":"SearchAction","target":{"@type":"EntryPoint","urlTemplate":"https:\/\/ksapa.org\/fr\/?s={search_term_string}"},"query-input":{"@type":"PropertyValueSpecification","valueRequired":true,"valueName":"search_term_string"}}],"inLanguage":"fr-FR"},{"@type":"Organization","@id":"https:\/\/ksapa.org\/fr\/#organization","name":"ksapa","url":"https:\/\/ksapa.org\/fr\/","logo":{"@type":"ImageObject","inLanguage":"fr-FR","@id":"https:\/\/ksapa.org\/fr\/#\/schema\/logo\/image\/","url":"https:\/\/ksapa.org\/fr\/wp-content\/uploads\/sites\/1\/2019\/06\/icone-ksapa.jpg","contentUrl":"https:\/\/ksapa.org\/fr\/wp-content\/uploads\/sites\/1\/2019\/06\/icone-ksapa.jpg","width":"442","height":"421","caption":"ksapa"},"image":{"@id":"https:\/\/ksapa.org\/fr\/#\/schema\/logo\/image\/"},"sameAs":["https:\/\/x.com\/KsapaOrg"]}]}},"_links":{"self":[{"href":"https:\/\/ksapa.org\/fr\/wp-json\/wp\/v2\/pages\/521","targetHints":{"allow":["GET"]}}],"collection":[{"href":"https:\/\/ksapa.org\/fr\/wp-json\/wp\/v2\/pages"}],"about":[{"href":"https:\/\/ksapa.org\/fr\/wp-json\/wp\/v2\/types\/page"}],"author":[{"embeddable":true,"href":"https:\/\/ksapa.org\/fr\/wp-json\/wp\/v2\/users\/1"}],"replies":[{"embeddable":true,"href":"https:\/\/ksapa.org\/fr\/wp-json\/wp\/v2\/comments?post=521"}],"version-history":[{"count":15,"href":"https:\/\/ksapa.org\/fr\/wp-json\/wp\/v2\/pages\/521\/revisions"}],"predecessor-version":[{"id":10365,"href":"https:\/\/ksapa.org\/fr\/wp-json\/wp\/v2\/pages\/521\/revisions\/10365"}],"up":[{"embeddable":true,"href":"https:\/\/ksapa.org\/fr\/wp-json\/wp\/v2\/pages\/517"}],"wp:featuredmedia":[{"embeddable":true,"href":"https:\/\/ksapa.org\/fr\/wp-json\/wp\/v2\/media\/453"}],"wp:attachment":[{"href":"https:\/\/ksapa.org\/fr\/wp-json\/wp\/v2\/media?parent=521"}],"curies":[{"name":"wp","href":"https:\/\/api.w.org\/{rel}","templated":true}]}}