{"id":523,"date":"2019-06-17T13:14:53","date_gmt":"2019-06-17T13:14:53","guid":{"rendered":"https:\/\/ksapa.xk-consulting.fr\/?page_id=523"},"modified":"2025-01-30T21:00:29","modified_gmt":"2025-01-30T20:00:29","slug":"impliquez-vous","status":"publish","type":"page","link":"https:\/\/ksapa.org\/fr\/impliquez-vous\/","title":{"rendered":"Impliquez-vous !"},"content":{"rendered":"\n\n  <div class=\"banner has-hover\" id=\"banner-1718411826\">\n          <div class=\"banner-inner fill\">\n        <div class=\"banner-bg fill\" >\n            <div class=\"bg fill bg-fill \"><\/div>\n                        <div class=\"overlay\"><\/div>            \n                    <\/div>\n        <div class=\"banner-layers container\">\n            <div class=\"fill banner-link\"><\/div>            \n\n   <div id=\"text-box-958929402\" class=\"text-box banner-layer x50 md-x50 lg-x50 y50 md-y50 lg-y50 res-text\">\n                                <div class=\"text-box-content text dark\">\n              \n              <div class=\"text-inner text-center\">\n                  \n\n<h1 class=\"uppercase\" style=\"text-align: center;\">impliquez-vous!<\/h1>\n<div class=\"is-divider divider clearfix\" style=\"background-color:rgb(255, 255, 255);\"><\/div>\n\n\n              <\/div>\n           <\/div>\n                            \n<style>\n#text-box-958929402 {\n  width: 100%;\n}\n#text-box-958929402 .text-box-content {\n  font-size: 100%;\n}\n<\/style>\n    <\/div>\n \n\n        <\/div>\n      <\/div>\n\n            \n<style>\n#banner-1718411826 {\n  padding-top: 350px;\n  background-color: rgb(255,255,255);\n}\n#banner-1718411826 .bg.bg-loaded {\n  background-image: url(https:\/\/ksapa.org\/fr\/wp-content\/uploads\/sites\/1\/2019\/06\/pexels-photo-2007396.jpeg);\n}\n#banner-1718411826 .overlay {\n  background-color: rgba(0, 0, 0, 0.25);\n}\n#banner-1718411826 .bg {\n  background-position: 4% 52%;\n}\n<\/style>\n  <\/div>\n\n\n\t<section class=\"section\" id=\"section_81664231\">\n\t\t<div class=\"bg section-bg fill bg-fill  bg-loaded\" >\n\n\t\t\t\n\t\t\t\n\t\t\t\n\n\t\t<\/div>\n\n\t\t<div class=\"section-content relative\">\n\t\t\t\n\n<div class=\"row\"  id=\"row-1138328059\">\n\n\n\t<div id=\"col-1174261031\" class=\"col small-12 large-12\"  >\n\t\t\t\t<div class=\"col-inner text-left\"  >\n\t\t\t\n\t\t\t\n\n<div>Ksapa op\u00e8re d\u00e9j\u00e0 avec un r\u00e9seau d&rsquo;affiliates et de partenaires strat\u00e9giques apportant des expertises compl\u00e9mentaires indispensables \u00e0 la r\u00e9ussite de nos missions, \u00e0 l&rsquo;impact que nous souhaitons. <\/div>\n<div>\u00a0<\/div>\n<div>Explorez cette section de notre site web pour d\u00e9couvrir comment mieux nous conna\u00eetre et rejoindre notre r\u00e9seau.<\/div>\n\n\t\t<\/div>\n\t\t\t\t\t<\/div>\n\n\t\n\n<\/div>\n<div class=\"text-center\"><div class=\"is-divider divider clearfix\" style=\"background-color:rgb(170, 170, 170);\"><\/div><\/div>\n\n<div class=\"row\"  id=\"row-1754790423\">\n\n\n\t<div id=\"col-1797414830\" class=\"col medium-4 small-12 large-4\"  >\n\t\t\t\t<div class=\"col-inner\"  >\n\t\t\t\n\t\t\t\n\n\n  <div class=\"banner has-hover bg-zoom\" id=\"banner-987045251\">\n          <div class=\"banner-inner fill\">\n        <div class=\"banner-bg fill\" >\n            <div class=\"bg fill bg-fill \"><\/div>\n                        <div class=\"overlay\"><\/div>            \n                    <\/div>\n        <div class=\"banner-layers container\">\n            <a class=\"fill\" href=\"https:\/\/ksapa.org\/fr\/impliquez-vous\/devenez-partenaire\/\"  ><div class=\"fill banner-link\"><\/div><\/a>            \n\n   <div id=\"text-box-1049936306\" class=\"text-box banner-layer x50 md-x50 lg-x50 y50 md-y50 lg-y50 res-text\">\n                                <div class=\"text-box-content text dark\">\n              \n              <div class=\"text-inner text-center\">\n                  \n\n<h3 class=\"uppercase\"><a href=\"https:\/\/ksapa.org\/fr\/impliquez-vous\/devenez-partenaire\/\"><strong>Partenariat<\/strong><\/a><\/h3>\n\n              <\/div>\n           <\/div>\n                            \n<style>\n#text-box-1049936306 {\n  width: 97%;\n}\n#text-box-1049936306 .text-box-content {\n  font-size: 150%;\n}\n@media (min-width:550px) {\n  #text-box-1049936306 {\n    width: 60%;\n  }\n}\n<\/style>\n    <\/div>\n \n\n        <\/div>\n      <\/div>\n\n            \n<style>\n#banner-987045251 {\n  padding-top: 200px;\n}\n#banner-987045251 .bg.bg-loaded {\n  background-image: url(https:\/\/ksapa.org\/fr\/wp-content\/uploads\/sites\/1\/2019\/06\/Partner-1400x727.jpg);\n}\n#banner-987045251 .overlay {\n  background-color: rgba(0,0,0,.5);\n}\n#banner-987045251 .bg {\n  background-position: 100% 66%;\n}\n<\/style>\n  <\/div>\n\n\n\n\t\t<\/div>\n\t\t\t\t\t<\/div>\n\n\t\n\n\t<div id=\"col-767944866\" class=\"col medium-4 small-12 large-4\"  >\n\t\t\t\t<div class=\"col-inner\"  >\n\t\t\t\n\t\t\t\n\n\n  <div class=\"banner has-hover bg-zoom\" id=\"banner-653570411\">\n          <div class=\"banner-inner fill\">\n        <div class=\"banner-bg fill\" >\n            <div class=\"bg fill bg-fill \"><\/div>\n                        <div class=\"overlay\"><\/div>            \n                    <\/div>\n        <div class=\"banner-layers container\">\n            <a class=\"fill\" href=\"https:\/\/ksapa.org\/fr\/impliquez-vous\/carrieres\/\"  ><div class=\"fill banner-link\"><\/div><\/a>            \n\n   <div id=\"text-box-1019907341\" class=\"text-box banner-layer x50 md-x50 lg-x50 y50 md-y50 lg-y50 res-text\">\n                                <div class=\"text-box-content text dark\">\n              \n              <div class=\"text-inner text-center\">\n                  \n\n<h3 class=\"uppercase\"><a href=\"https:\/\/ksapa.org\/fr\/impliquez-vous\/carrieres\/\"><strong>Carri\u00e8res<\/strong><\/a><\/h3>\n\n              <\/div>\n           <\/div>\n                            \n<style>\n#text-box-1019907341 {\n  width: 79%;\n}\n#text-box-1019907341 .text-box-content {\n  font-size: 150%;\n}\n<\/style>\n    <\/div>\n \n\n        <\/div>\n      <\/div>\n\n            \n<style>\n#banner-653570411 {\n  padding-top: 200px;\n}\n#banner-653570411 .bg.bg-loaded {\n  background-image: url(https:\/\/ksapa.org\/fr\/wp-content\/uploads\/sites\/1\/2019\/06\/career-1400x546.jpg);\n}\n#banner-653570411 .overlay {\n  background-color: rgba(0,0,0,.5);\n}\n#banner-653570411 .bg {\n  background-position: 22% 27%;\n}\n<\/style>\n  <\/div>\n\n\n\n\t\t<\/div>\n\t\t\t\t\t<\/div>\n\n\t\n\n\t<div id=\"col-907097465\" class=\"col medium-4 small-12 large-4\"  >\n\t\t\t\t<div class=\"col-inner\"  >\n\t\t\t\n\t\t\t\n\n\n  <div class=\"banner has-hover bg-zoom\" id=\"banner-804819011\">\n          <div class=\"banner-inner fill\">\n        <div class=\"banner-bg fill\" >\n            <div class=\"bg fill bg-fill \"><\/div>\n                        <div class=\"overlay\"><\/div>            \n                    <\/div>\n        <div class=\"banner-layers container\">\n            <a class=\"fill\" href=\"https:\/\/ksapa.org\/fr\/impliquez-vous\/contact\/\"  ><div class=\"fill banner-link\"><\/div><\/a>            \n\n   <div id=\"text-box-336176312\" class=\"text-box banner-layer x50 md-x50 lg-x50 y50 md-y50 lg-y50 res-text\">\n                                <div class=\"text-box-content text dark\">\n              \n              <div class=\"text-inner text-center\">\n                  \n\n<h3 class=\"uppercase\"><a href=\"https:\/\/ksapa.org\/fr\/impliquez-vous\/contact\/\"><strong>nous contacter<\/strong><\/a><\/h3>\n\n              <\/div>\n           <\/div>\n                            \n<style>\n#text-box-336176312 {\n  width: 100%;\n}\n#text-box-336176312 .text-box-content {\n  font-size: 150%;\n}\n@media (min-width:850px) {\n  #text-box-336176312 {\n    width: 79%;\n  }\n}\n<\/style>\n    <\/div>\n \n\n        <\/div>\n      <\/div>\n\n            \n<style>\n#banner-804819011 {\n  padding-top: 200px;\n}\n#banner-804819011 .bg.bg-loaded {\n  background-image: url(https:\/\/ksapa.org\/fr\/wp-content\/uploads\/sites\/1\/2019\/02\/contact-farid-baddache-formulaire-email-1400x420.jpg);\n}\n#banner-804819011 .overlay {\n  background-color: rgba(0,0,0,.5);\n}\n#banner-804819011 .bg {\n  background-position: 100% 93%;\n}\n<\/style>\n  <\/div>\n\n\n\n\t\t<\/div>\n\t\t\t\t\t<\/div>\n\n\t\n\n<\/div>\n\n\t\t<\/div>\n\n\t\t\n<style>\n#section_81664231 {\n  padding-top: 30px;\n  padding-bottom: 30px;\n}\n<\/style>\n\t<\/section>\n\t\n\n","protected":false},"excerpt":{"rendered":"","protected":false},"author":1,"featured_media":594,"parent":0,"menu_order":0,"comment_status":"closed","ping_status":"closed","template":"page-blank.php","meta":{"footnotes":""},"class_list":["post-523","page","type-page","status-publish","has-post-thumbnail","hentry"],"yoast_head":"<!-- This site is optimized with the Yoast SEO plugin v27.3 - https:\/\/yoast.com\/product\/yoast-seo-wordpress\/ -->\n<title>Ksapa - fr \u2013 Conseil en RSE \/ ESG, Investissement \u00e0 impact, Mobilisation<\/title>\n<meta name=\"description\" content=\"L&#039;\u00e9quipe Ksapa vous accompagne : conseil RSE\/ESG, impact investing et mobilisation. Parlons de vos projets et partenariats !\" \/>\n<meta name=\"robots\" content=\"index, follow, max-snippet:-1, max-image-preview:large, max-video-preview:-1\" \/>\n<link rel=\"canonical\" href=\"https:\/\/ksapa.org\/fr\/impliquez-vous\/\" \/>\n<meta property=\"og:locale\" content=\"fr_FR\" \/>\n<meta property=\"og:type\" content=\"article\" \/>\n<meta property=\"og:title\" content=\"Ksapa - fr \u2013 Conseil en RSE \/ ESG, Investissement \u00e0 impact, Mobilisation\" \/>\n<meta property=\"og:description\" content=\"L&#039;\u00e9quipe Ksapa vous accompagne : conseil RSE\/ESG, impact investing et mobilisation. Parlons de vos projets et partenariats !\" \/>\n<meta property=\"og:url\" content=\"https:\/\/ksapa.org\/fr\/impliquez-vous\/\" \/>\n<meta property=\"og:site_name\" content=\"Ksapa - fr\" \/>\n<meta property=\"article:modified_time\" content=\"2025-01-30T20:00:29+00:00\" \/>\n<meta property=\"og:image\" content=\"https:\/\/ksapa.org\/fr\/wp-content\/uploads\/sites\/1\/2019\/06\/pexels-photo-2007396.jpeg\" \/>\n\t<meta property=\"og:image:width\" content=\"2250\" \/>\n\t<meta property=\"og:image:height\" content=\"1500\" \/>\n\t<meta property=\"og:image:type\" content=\"image\/jpeg\" \/>\n<meta name=\"twitter:card\" content=\"summary_large_image\" \/>\n<meta name=\"twitter:site\" content=\"@KsapaOrg\" \/>\n<meta name=\"twitter:label1\" content=\"Dur\u00e9e de lecture estim\u00e9e\" \/>\n\t<meta name=\"twitter:data1\" content=\"1 minute\" \/>\n<script type=\"application\/ld+json\" class=\"yoast-schema-graph\">{\"@context\":\"https:\\\/\\\/schema.org\",\"@graph\":[{\"@type\":\"WebPage\",\"@id\":\"https:\\\/\\\/ksapa.org\\\/fr\\\/impliquez-vous\\\/\",\"url\":\"https:\\\/\\\/ksapa.org\\\/fr\\\/impliquez-vous\\\/\",\"name\":\"Ksapa - fr \u2013 Conseil en RSE \\\/ ESG, Investissement \u00e0 impact, Mobilisation\",\"isPartOf\":{\"@id\":\"https:\\\/\\\/ksapa.org\\\/fr\\\/#website\"},\"primaryImageOfPage\":{\"@id\":\"https:\\\/\\\/ksapa.org\\\/fr\\\/impliquez-vous\\\/#primaryimage\"},\"image\":{\"@id\":\"https:\\\/\\\/ksapa.org\\\/fr\\\/impliquez-vous\\\/#primaryimage\"},\"thumbnailUrl\":\"https:\\\/\\\/ksapa.org\\\/fr\\\/wp-content\\\/uploads\\\/sites\\\/1\\\/2019\\\/06\\\/pexels-photo-2007396.jpeg\",\"datePublished\":\"2019-06-17T13:14:53+00:00\",\"dateModified\":\"2025-01-30T20:00:29+00:00\",\"description\":\"L'\u00e9quipe Ksapa vous accompagne : conseil RSE\\\/ESG, impact investing et mobilisation. Parlons de vos projets et partenariats !\",\"breadcrumb\":{\"@id\":\"https:\\\/\\\/ksapa.org\\\/fr\\\/impliquez-vous\\\/#breadcrumb\"},\"inLanguage\":\"fr-FR\",\"potentialAction\":[{\"@type\":\"ReadAction\",\"target\":[\"https:\\\/\\\/ksapa.org\\\/fr\\\/impliquez-vous\\\/\"]}]},{\"@type\":\"ImageObject\",\"inLanguage\":\"fr-FR\",\"@id\":\"https:\\\/\\\/ksapa.org\\\/fr\\\/impliquez-vous\\\/#primaryimage\",\"url\":\"https:\\\/\\\/ksapa.org\\\/fr\\\/wp-content\\\/uploads\\\/sites\\\/1\\\/2019\\\/06\\\/pexels-photo-2007396.jpeg\",\"contentUrl\":\"https:\\\/\\\/ksapa.org\\\/fr\\\/wp-content\\\/uploads\\\/sites\\\/1\\\/2019\\\/06\\\/pexels-photo-2007396.jpeg\",\"width\":\"2250\",\"height\":\"1500\",\"caption\":\"Ksapa : Expertise RSE 360\u00b0 au service des enjeux ESG\"},{\"@type\":\"BreadcrumbList\",\"@id\":\"https:\\\/\\\/ksapa.org\\\/fr\\\/impliquez-vous\\\/#breadcrumb\",\"itemListElement\":[{\"@type\":\"ListItem\",\"position\":1,\"name\":\"Home\",\"item\":\"https:\\\/\\\/ksapa.org\\\/fr\\\/\"},{\"@type\":\"ListItem\",\"position\":2,\"name\":\"Impliquez-vous !\"}]},{\"@type\":\"WebSite\",\"@id\":\"https:\\\/\\\/ksapa.org\\\/fr\\\/#website\",\"url\":\"https:\\\/\\\/ksapa.org\\\/fr\\\/\",\"name\":\"Ksapa - fr\",\"description\":\"\",\"publisher\":{\"@id\":\"https:\\\/\\\/ksapa.org\\\/fr\\\/#organization\"},\"potentialAction\":[{\"@type\":\"SearchAction\",\"target\":{\"@type\":\"EntryPoint\",\"urlTemplate\":\"https:\\\/\\\/ksapa.org\\\/fr\\\/?s={search_term_string}\"},\"query-input\":{\"@type\":\"PropertyValueSpecification\",\"valueRequired\":true,\"valueName\":\"search_term_string\"}}],\"inLanguage\":\"fr-FR\"},{\"@type\":\"Organization\",\"@id\":\"https:\\\/\\\/ksapa.org\\\/fr\\\/#organization\",\"name\":\"ksapa\",\"url\":\"https:\\\/\\\/ksapa.org\\\/fr\\\/\",\"logo\":{\"@type\":\"ImageObject\",\"inLanguage\":\"fr-FR\",\"@id\":\"https:\\\/\\\/ksapa.org\\\/fr\\\/#\\\/schema\\\/logo\\\/image\\\/\",\"url\":\"https:\\\/\\\/ksapa.org\\\/fr\\\/wp-content\\\/uploads\\\/sites\\\/1\\\/2019\\\/06\\\/icone-ksapa.jpg\",\"contentUrl\":\"https:\\\/\\\/ksapa.org\\\/fr\\\/wp-content\\\/uploads\\\/sites\\\/1\\\/2019\\\/06\\\/icone-ksapa.jpg\",\"width\":\"442\",\"height\":\"421\",\"caption\":\"ksapa\"},\"image\":{\"@id\":\"https:\\\/\\\/ksapa.org\\\/fr\\\/#\\\/schema\\\/logo\\\/image\\\/\"},\"sameAs\":[\"https:\\\/\\\/x.com\\\/KsapaOrg\"]}]}<\/script>\n<!-- \/ Yoast SEO plugin. -->","yoast_head_json":{"title":"Ksapa - fr \u2013 Conseil en RSE \/ ESG, Investissement \u00e0 impact, Mobilisation","description":"L'\u00e9quipe Ksapa vous accompagne : conseil RSE\/ESG, impact investing et mobilisation. Parlons de vos projets et partenariats !","robots":{"index":"index","follow":"follow","max-snippet":"max-snippet:-1","max-image-preview":"max-image-preview:large","max-video-preview":"max-video-preview:-1"},"canonical":"https:\/\/ksapa.org\/fr\/impliquez-vous\/","og_locale":"fr_FR","og_type":"article","og_title":"Ksapa - fr \u2013 Conseil en RSE \/ ESG, Investissement \u00e0 impact, Mobilisation","og_description":"L'\u00e9quipe Ksapa vous accompagne : conseil RSE\/ESG, impact investing et mobilisation. Parlons de vos projets et partenariats !","og_url":"https:\/\/ksapa.org\/fr\/impliquez-vous\/","og_site_name":"Ksapa - fr","article_modified_time":"2025-01-30T20:00:29+00:00","og_image":[{"width":2250,"height":1500,"url":"https:\/\/ksapa.org\/fr\/wp-content\/uploads\/sites\/1\/2019\/06\/pexels-photo-2007396.jpeg","type":"image\/jpeg"}],"twitter_card":"summary_large_image","twitter_site":"@KsapaOrg","twitter_misc":{"Dur\u00e9e de lecture estim\u00e9e":"1 minute"},"schema":{"@context":"https:\/\/schema.org","@graph":[{"@type":"WebPage","@id":"https:\/\/ksapa.org\/fr\/impliquez-vous\/","url":"https:\/\/ksapa.org\/fr\/impliquez-vous\/","name":"Ksapa - fr \u2013 Conseil en RSE \/ ESG, Investissement \u00e0 impact, Mobilisation","isPartOf":{"@id":"https:\/\/ksapa.org\/fr\/#website"},"primaryImageOfPage":{"@id":"https:\/\/ksapa.org\/fr\/impliquez-vous\/#primaryimage"},"image":{"@id":"https:\/\/ksapa.org\/fr\/impliquez-vous\/#primaryimage"},"thumbnailUrl":"https:\/\/ksapa.org\/fr\/wp-content\/uploads\/sites\/1\/2019\/06\/pexels-photo-2007396.jpeg","datePublished":"2019-06-17T13:14:53+00:00","dateModified":"2025-01-30T20:00:29+00:00","description":"L'\u00e9quipe Ksapa vous accompagne : conseil RSE\/ESG, impact investing et mobilisation. Parlons de vos projets et partenariats !","breadcrumb":{"@id":"https:\/\/ksapa.org\/fr\/impliquez-vous\/#breadcrumb"},"inLanguage":"fr-FR","potentialAction":[{"@type":"ReadAction","target":["https:\/\/ksapa.org\/fr\/impliquez-vous\/"]}]},{"@type":"ImageObject","inLanguage":"fr-FR","@id":"https:\/\/ksapa.org\/fr\/impliquez-vous\/#primaryimage","url":"https:\/\/ksapa.org\/fr\/wp-content\/uploads\/sites\/1\/2019\/06\/pexels-photo-2007396.jpeg","contentUrl":"https:\/\/ksapa.org\/fr\/wp-content\/uploads\/sites\/1\/2019\/06\/pexels-photo-2007396.jpeg","width":"2250","height":"1500","caption":"Ksapa : Expertise RSE 360\u00b0 au service des enjeux ESG"},{"@type":"BreadcrumbList","@id":"https:\/\/ksapa.org\/fr\/impliquez-vous\/#breadcrumb","itemListElement":[{"@type":"ListItem","position":1,"name":"Home","item":"https:\/\/ksapa.org\/fr\/"},{"@type":"ListItem","position":2,"name":"Impliquez-vous !"}]},{"@type":"WebSite","@id":"https:\/\/ksapa.org\/fr\/#website","url":"https:\/\/ksapa.org\/fr\/","name":"Ksapa - fr","description":"","publisher":{"@id":"https:\/\/ksapa.org\/fr\/#organization"},"potentialAction":[{"@type":"SearchAction","target":{"@type":"EntryPoint","urlTemplate":"https:\/\/ksapa.org\/fr\/?s={search_term_string}"},"query-input":{"@type":"PropertyValueSpecification","valueRequired":true,"valueName":"search_term_string"}}],"inLanguage":"fr-FR"},{"@type":"Organization","@id":"https:\/\/ksapa.org\/fr\/#organization","name":"ksapa","url":"https:\/\/ksapa.org\/fr\/","logo":{"@type":"ImageObject","inLanguage":"fr-FR","@id":"https:\/\/ksapa.org\/fr\/#\/schema\/logo\/image\/","url":"https:\/\/ksapa.org\/fr\/wp-content\/uploads\/sites\/1\/2019\/06\/icone-ksapa.jpg","contentUrl":"https:\/\/ksapa.org\/fr\/wp-content\/uploads\/sites\/1\/2019\/06\/icone-ksapa.jpg","width":"442","height":"421","caption":"ksapa"},"image":{"@id":"https:\/\/ksapa.org\/fr\/#\/schema\/logo\/image\/"},"sameAs":["https:\/\/x.com\/KsapaOrg"]}]}},"_links":{"self":[{"href":"https:\/\/ksapa.org\/fr\/wp-json\/wp\/v2\/pages\/523","targetHints":{"allow":["GET"]}}],"collection":[{"href":"https:\/\/ksapa.org\/fr\/wp-json\/wp\/v2\/pages"}],"about":[{"href":"https:\/\/ksapa.org\/fr\/wp-json\/wp\/v2\/types\/page"}],"author":[{"embeddable":true,"href":"https:\/\/ksapa.org\/fr\/wp-json\/wp\/v2\/users\/1"}],"replies":[{"embeddable":true,"href":"https:\/\/ksapa.org\/fr\/wp-json\/wp\/v2\/comments?post=523"}],"version-history":[{"count":4,"href":"https:\/\/ksapa.org\/fr\/wp-json\/wp\/v2\/pages\/523\/revisions"}],"predecessor-version":[{"id":9306,"href":"https:\/\/ksapa.org\/fr\/wp-json\/wp\/v2\/pages\/523\/revisions\/9306"}],"wp:featuredmedia":[{"embeddable":true,"href":"https:\/\/ksapa.org\/fr\/wp-json\/wp\/v2\/media\/594"}],"wp:attachment":[{"href":"https:\/\/ksapa.org\/fr\/wp-json\/wp\/v2\/media?parent=523"}],"curies":[{"name":"wp","href":"https:\/\/api.w.org\/{rel}","templated":true}]}}