{"id":525,"date":"2019-06-17T13:15:35","date_gmt":"2019-06-17T13:15:35","guid":{"rendered":"https:\/\/ksapa.xk-consulting.fr\/?page_id=525"},"modified":"2024-12-10T22:35:29","modified_gmt":"2024-12-10T21:35:29","slug":"devenez-partenaire","status":"publish","type":"page","link":"https:\/\/ksapa.org\/fr\/impliquez-vous\/devenez-partenaire\/","title":{"rendered":"Devenez partenaire"},"content":{"rendered":"\n\n  <div class=\"banner has-hover\" id=\"banner-68967326\">\n          <div class=\"banner-inner fill\">\n        <div class=\"banner-bg fill\" >\n            <div class=\"bg fill bg-fill \"><\/div>\n                        <div class=\"overlay\"><\/div>            \n                    <\/div>\n        <div class=\"banner-layers container\">\n            <div class=\"fill banner-link\"><\/div>            \n\n   <div id=\"text-box-1032534977\" class=\"text-box banner-layer x50 md-x50 lg-x50 y50 md-y50 lg-y50 res-text\">\n                                <div class=\"text-box-content text dark\">\n              \n              <div class=\"text-inner text-center\">\n                  \n\n<h1 class=\"uppercase\" style=\"text-align: center;\">partenariats<\/h1>\n<div class=\"is-divider divider clearfix\" style=\"background-color:rgb(255, 255, 255);\"><\/div>\n\n\n              <\/div>\n           <\/div>\n                            \n<style>\n#text-box-1032534977 {\n  width: 100%;\n}\n#text-box-1032534977 .text-box-content {\n  font-size: 100%;\n}\n<\/style>\n    <\/div>\n \n\n        <\/div>\n      <\/div>\n\n            \n<style>\n#banner-68967326 {\n  padding-top: 350px;\n}\n#banner-68967326 .bg.bg-loaded {\n  background-image: url(https:\/\/ksapa.org\/fr\/wp-content\/uploads\/sites\/1\/2019\/06\/Partner.jpg);\n}\n#banner-68967326 .overlay {\n  background-color: rgba(0, 0, 0, 0.25);\n}\n#banner-68967326 .bg {\n  background-position: 4% 41%;\n}\n<\/style>\n  <\/div>\n\n\n\t<section class=\"section\" id=\"section_1591855292\">\n\t\t<div class=\"bg section-bg fill bg-fill  bg-loaded\" >\n\n\t\t\t\n\t\t\t\n\t\t\t\n\n\t\t<\/div>\n\n\t\t<div class=\"section-content relative\">\n\t\t\t\n\n<div class=\"row\"  id=\"row-312745185\">\n\n\n\t<div id=\"col-314529646\" class=\"col small-12 large-12\"  >\n\t\t\t\t<div class=\"col-inner\"  >\n\t\t\t\n\t\t\t\n\n<h2 class=\"uppercase\" style=\"text-align: center\">unissons nos energies pour davantage d&rsquo;impact<\/h2>\n<div class=\"text-center\"><div class=\"is-divider divider clearfix\" style=\"background-color:rgb(170, 170, 170);\"><\/div><\/div>\n\n<div>\n<p>Que ce soit pour nos prestations de conseil, nos solutions financi\u00e8res innovantes ou notre volont\u00e9 de mobiliser au-del\u00e0 de notre organisation, travailler main dans la main avec nos partenaires est pour nous un \u00e9l\u00e9ment essentiel \u00e0 la r\u00e9alisation de notre mission. Nous travaillons dans un esprit d&rsquo;entrepreneuriat, en d\u00e9veloppant des approches innovantes bas\u00e9es sur nos expertises en mati\u00e8re de d\u00e9veloppement durable et de finance, nous appuyant sur la r\u00e9volution num\u00e9rique afin de favoriser l\u2019\u00e9mergence de mod\u00e8les \u00e9conomiques inclusifs et responsables. Or nous consid\u00e9rons que nous ne parviendrons \u00e0 r\u00e9aliser notre mission et \u00e0 prendre part \u00e0 l\u2019acc\u00e9l\u00e9ration des progr\u00e8s collectifs vers la r\u00e9alisation des Objectifs de D\u00e9veloppement Durable de 2030 que gr\u00e2ce \u00e0 un engagement et une collaboration \u00e9troits avec nos partenaires et parties prenantes.<\/p>\n<p>A cet effet, nous nous appuyons sur un r\u00e9seau international de 150+ experts dans de nombreux domaines, notamment en Europe, en Afrique, en Asie du Sud-Est, et en Am\u00e9rique du Nord et du Sud : Ce r\u00e9seau d\u2019experts en RSE, droits humains, HSE, technologies digitales, d\u00e9veloppement et conditions de travail, agronomie, mesure de l\u2019impact, conseils juridiques, expertise-comptable &amp; audit, instituts de formation s\u2019associe \u00e0 notre \u00e9quipe pour accompagner nos clients au plus pr\u00eat des r\u00e9alit\u00e9s contextuelles et op\u00e9rationnelles. \u00c9galement, nous sommes heureux de compter sur diff\u00e9rents partenaires strat\u00e9giques globaux, mais \u00e9galement de multiples partenaires locaux d\u2019impl\u00e9mentation au travers le monde, qui nous accompagnent sous statut de consultants ou d\u2019ONG.<\/p>\n<div id=\"row-1253747714\" class=\"row\">\n<div class=\"col small-12 large-12\">\n<div class=\"col-inner\">\n<p>Enfin, Ksapa est une plateforme internationale de r\u00e9f\u00e9rence soucieuse de faire avancer les questions de droits humains, climat, \u00e9conomie circulaire port\u00e9es par l\u2019Agenda 2030. A cet effet les acteurs s\u2019impliquant dans nos initiatives sont toujours plus nombreux et nous sommes heureux d\u2019avoir pu compter :<\/p>\n<ul>\n<li>\n<p>Notamment sur les entreprises et investisseurs suivants (non exhaustif) : Airbus, Allianz, Alstom, Amazon, Axa, BlackRock, BNP Paribas, Bollor\u00e9, Bosch, Bureau V\u00e9ritas, BP, BPI France, Bridgestone, Canon, Carlsberg, Chevron, Cisco, Coca-Cola, Danone, De Beers, DHL, DSM, Engie, Eramet, Essilor, Est\u00e9e Lauder, Firmenich, Foncia, Givaudan, Google, H&amp;M, Hewlett-Packard, Johnson &amp; Johnson, Kering, KissKissBankBank, L\u2019Or\u00e9al, La Caisse des D\u00e9p\u00f4ts, La Mutuelle G\u00e9n\u00e9rale, Marriott, Mars, Michelin, Microsoft, Mondel\u0113z, Moody\u2019s, Morgan Stanley, Nike, Nokia, Novartis, Novo-Nordisk, Pirelli, PVH, Rexel, Richemont, Roche, Sanofi, SAP, Schneider Electric, Sephora, Shell, Soci\u00e9t\u00e9 G\u00e9n\u00e9rale, Solvay, Suez, The Walt Disney Company, Total, Unilever, UPS, Vinci, Volvo, Walmart.&nbsp;<\/p>\n<\/li>\n<li>\n<p>Notamment sur les institutions, organismes de presse, agences de notation, associations et universit\u00e9s suivants (non exhaustif) : Action Contre la Faim, Banque Europ\u00e9enne d\u2019Investissement, Banque Interam\u00e9ricaine de D\u00e9veloppement, Banque Mondiale, CDP, Centre Fran\u00e7ais des Fonds et Fondations, Challenges, The Consumer Goods Forum, EcoVadis, ERM, ESI Business School, ESSEC, Europe 1, Finance for Tomorrow, Fondation Ensemble, Forest Carbon, France 24, Gartner, Global Compact, Globescan, Groupe de travail des Nations unies sur les entreprises et les Droits de l\u2019Homme, Groupe SOS, HEC, Human Rights Watch, IIRC, INSEAD Business School, Agence Fran\u00e7aise de D\u00e9veloppement, Imperial College of London, Institut de Prospective et S\u00e9curit\u00e9 en Europe, Le Figaro, McKinsey &amp; Company, MSCI, Novethic, OCDE, Oxford Policy Management, Oxford University Press, Paris Good Fashion, PNUE, Principes des Nations unies sur l\u2019Investissement Responsable, Soci\u00e9t\u00e9 Financi\u00e8re Internationale, Soci\u00e9t\u00e9 mondiale de Protection des Animaux, Standard &amp; Poor\u2019s, Sustainalytics, The Danish Industry Forum, The Huffington Post, Vigeo-Eiris, WBCSD, The World Wildlife Fund.<\/p>\n<\/li>\n<\/ul>\n<\/div>\n<\/div>\n<\/div>\n<\/div>\n<a href=\"https:\/\/ksapa.org\/fr\/impliquez-vous\/contact\/\" target=\"_self\" class=\"button primary is-outline\"  >\n    <span>Nous contacter pour un partenariat<\/span>\n  <\/a>\n\n\n\n\t\t<\/div>\n\t\t\t\t\t<\/div>\n\n\t\n\n<\/div>\n\n\t\t<\/div>\n\n\t\t\n<style>\n#section_1591855292 {\n  padding-top: 30px;\n  padding-bottom: 30px;\n}\n<\/style>\n\t<\/section>\n\t\n\n","protected":false},"excerpt":{"rendered":"","protected":false},"author":1,"featured_media":489,"parent":523,"menu_order":0,"comment_status":"closed","ping_status":"closed","template":"page-blank.php","meta":{"footnotes":""},"class_list":["post-525","page","type-page","status-publish","has-post-thumbnail","hentry"],"yoast_head":"<!-- This site is optimized with the Yoast SEO plugin v27.3 - https:\/\/yoast.com\/product\/yoast-seo-wordpress\/ -->\n<title>Partenariat : conseil en RSE \/ ESG, investissement \u00e0 impact, mobilisation<\/title>\n<meta name=\"description\" content=\"Echangez avec l&#039;\u00e9quipe Ksapa, toujours \u00e0 l&#039;\u00e9coute de projets, propositions de candidatures et partenariats pour faire avancer nos solutions de conseil en RSE \/ ESG, investissement \u00e0 impact, et mobilisation\" \/>\n<meta name=\"robots\" content=\"index, follow, max-snippet:-1, max-image-preview:large, max-video-preview:-1\" \/>\n<link rel=\"canonical\" href=\"https:\/\/ksapa.org\/fr\/impliquez-vous\/devenez-partenaire\/\" \/>\n<meta property=\"og:locale\" content=\"fr_FR\" \/>\n<meta property=\"og:type\" content=\"article\" \/>\n<meta property=\"og:title\" content=\"Partenariat : conseil en RSE \/ ESG, investissement \u00e0 impact, mobilisation\" \/>\n<meta property=\"og:description\" content=\"Echangez avec l&#039;\u00e9quipe Ksapa, toujours \u00e0 l&#039;\u00e9coute de projets, propositions de candidatures et partenariats pour faire avancer nos solutions de conseil en RSE \/ ESG, investissement \u00e0 impact, et mobilisation\" \/>\n<meta property=\"og:url\" content=\"https:\/\/ksapa.org\/fr\/impliquez-vous\/devenez-partenaire\/\" \/>\n<meta property=\"og:site_name\" content=\"Ksapa - fr\" \/>\n<meta property=\"article:modified_time\" content=\"2024-12-10T21:35:29+00:00\" \/>\n<meta property=\"og:image\" content=\"https:\/\/ksapa.org\/fr\/wp-content\/uploads\/sites\/1\/2019\/06\/Partner.jpg\" \/>\n\t<meta property=\"og:image:width\" content=\"1540\" \/>\n\t<meta property=\"og:image:height\" content=\"800\" \/>\n\t<meta property=\"og:image:type\" content=\"image\/jpeg\" \/>\n<meta name=\"twitter:card\" content=\"summary_large_image\" \/>\n<meta name=\"twitter:site\" content=\"@KsapaOrg\" \/>\n<meta name=\"twitter:label1\" content=\"Dur\u00e9e de lecture estim\u00e9e\" \/>\n\t<meta name=\"twitter:data1\" content=\"3 minutes\" \/>\n<script type=\"application\/ld+json\" class=\"yoast-schema-graph\">{\"@context\":\"https:\\\/\\\/schema.org\",\"@graph\":[{\"@type\":\"WebPage\",\"@id\":\"https:\\\/\\\/ksapa.org\\\/fr\\\/impliquez-vous\\\/devenez-partenaire\\\/\",\"url\":\"https:\\\/\\\/ksapa.org\\\/fr\\\/impliquez-vous\\\/devenez-partenaire\\\/\",\"name\":\"Partenariat : conseil en RSE \\\/ ESG, investissement \u00e0 impact, mobilisation\",\"isPartOf\":{\"@id\":\"https:\\\/\\\/ksapa.org\\\/fr\\\/#website\"},\"primaryImageOfPage\":{\"@id\":\"https:\\\/\\\/ksapa.org\\\/fr\\\/impliquez-vous\\\/devenez-partenaire\\\/#primaryimage\"},\"image\":{\"@id\":\"https:\\\/\\\/ksapa.org\\\/fr\\\/impliquez-vous\\\/devenez-partenaire\\\/#primaryimage\"},\"thumbnailUrl\":\"https:\\\/\\\/ksapa.org\\\/fr\\\/wp-content\\\/uploads\\\/sites\\\/1\\\/2019\\\/06\\\/Partner.jpg\",\"datePublished\":\"2019-06-17T13:15:35+00:00\",\"dateModified\":\"2024-12-10T21:35:29+00:00\",\"description\":\"Echangez avec l'\u00e9quipe Ksapa, toujours \u00e0 l'\u00e9coute de projets, propositions de candidatures et partenariats pour faire avancer nos solutions de conseil en RSE \\\/ ESG, investissement \u00e0 impact, et mobilisation\",\"breadcrumb\":{\"@id\":\"https:\\\/\\\/ksapa.org\\\/fr\\\/impliquez-vous\\\/devenez-partenaire\\\/#breadcrumb\"},\"inLanguage\":\"fr-FR\",\"potentialAction\":[{\"@type\":\"ReadAction\",\"target\":[\"https:\\\/\\\/ksapa.org\\\/fr\\\/impliquez-vous\\\/devenez-partenaire\\\/\"]}]},{\"@type\":\"ImageObject\",\"inLanguage\":\"fr-FR\",\"@id\":\"https:\\\/\\\/ksapa.org\\\/fr\\\/impliquez-vous\\\/devenez-partenaire\\\/#primaryimage\",\"url\":\"https:\\\/\\\/ksapa.org\\\/fr\\\/wp-content\\\/uploads\\\/sites\\\/1\\\/2019\\\/06\\\/Partner.jpg\",\"contentUrl\":\"https:\\\/\\\/ksapa.org\\\/fr\\\/wp-content\\\/uploads\\\/sites\\\/1\\\/2019\\\/06\\\/Partner.jpg\",\"width\":\"1540\",\"height\":\"800\",\"caption\":\"Ksapa - Solutions ESG & Durabilit\u00e9\"},{\"@type\":\"BreadcrumbList\",\"@id\":\"https:\\\/\\\/ksapa.org\\\/fr\\\/impliquez-vous\\\/devenez-partenaire\\\/#breadcrumb\",\"itemListElement\":[{\"@type\":\"ListItem\",\"position\":1,\"name\":\"Home\",\"item\":\"https:\\\/\\\/ksapa.org\\\/fr\\\/\"},{\"@type\":\"ListItem\",\"position\":2,\"name\":\"Impliquez-vous !\",\"item\":\"https:\\\/\\\/ksapa.org\\\/fr\\\/impliquez-vous\\\/\"},{\"@type\":\"ListItem\",\"position\":3,\"name\":\"Devenez partenaire\"}]},{\"@type\":\"WebSite\",\"@id\":\"https:\\\/\\\/ksapa.org\\\/fr\\\/#website\",\"url\":\"https:\\\/\\\/ksapa.org\\\/fr\\\/\",\"name\":\"Ksapa - fr\",\"description\":\"\",\"publisher\":{\"@id\":\"https:\\\/\\\/ksapa.org\\\/fr\\\/#organization\"},\"potentialAction\":[{\"@type\":\"SearchAction\",\"target\":{\"@type\":\"EntryPoint\",\"urlTemplate\":\"https:\\\/\\\/ksapa.org\\\/fr\\\/?s={search_term_string}\"},\"query-input\":{\"@type\":\"PropertyValueSpecification\",\"valueRequired\":true,\"valueName\":\"search_term_string\"}}],\"inLanguage\":\"fr-FR\"},{\"@type\":\"Organization\",\"@id\":\"https:\\\/\\\/ksapa.org\\\/fr\\\/#organization\",\"name\":\"ksapa\",\"url\":\"https:\\\/\\\/ksapa.org\\\/fr\\\/\",\"logo\":{\"@type\":\"ImageObject\",\"inLanguage\":\"fr-FR\",\"@id\":\"https:\\\/\\\/ksapa.org\\\/fr\\\/#\\\/schema\\\/logo\\\/image\\\/\",\"url\":\"https:\\\/\\\/ksapa.org\\\/fr\\\/wp-content\\\/uploads\\\/sites\\\/1\\\/2019\\\/06\\\/icone-ksapa.jpg\",\"contentUrl\":\"https:\\\/\\\/ksapa.org\\\/fr\\\/wp-content\\\/uploads\\\/sites\\\/1\\\/2019\\\/06\\\/icone-ksapa.jpg\",\"width\":\"442\",\"height\":\"421\",\"caption\":\"ksapa\"},\"image\":{\"@id\":\"https:\\\/\\\/ksapa.org\\\/fr\\\/#\\\/schema\\\/logo\\\/image\\\/\"},\"sameAs\":[\"https:\\\/\\\/x.com\\\/KsapaOrg\"]}]}<\/script>\n<!-- \/ Yoast SEO plugin. -->","yoast_head_json":{"title":"Partenariat : conseil en RSE \/ ESG, investissement \u00e0 impact, mobilisation","description":"Echangez avec l'\u00e9quipe Ksapa, toujours \u00e0 l'\u00e9coute de projets, propositions de candidatures et partenariats pour faire avancer nos solutions de conseil en RSE \/ ESG, investissement \u00e0 impact, et mobilisation","robots":{"index":"index","follow":"follow","max-snippet":"max-snippet:-1","max-image-preview":"max-image-preview:large","max-video-preview":"max-video-preview:-1"},"canonical":"https:\/\/ksapa.org\/fr\/impliquez-vous\/devenez-partenaire\/","og_locale":"fr_FR","og_type":"article","og_title":"Partenariat : conseil en RSE \/ ESG, investissement \u00e0 impact, mobilisation","og_description":"Echangez avec l'\u00e9quipe Ksapa, toujours \u00e0 l'\u00e9coute de projets, propositions de candidatures et partenariats pour faire avancer nos solutions de conseil en RSE \/ ESG, investissement \u00e0 impact, et mobilisation","og_url":"https:\/\/ksapa.org\/fr\/impliquez-vous\/devenez-partenaire\/","og_site_name":"Ksapa - fr","article_modified_time":"2024-12-10T21:35:29+00:00","og_image":[{"width":1540,"height":800,"url":"https:\/\/ksapa.org\/fr\/wp-content\/uploads\/sites\/1\/2019\/06\/Partner.jpg","type":"image\/jpeg"}],"twitter_card":"summary_large_image","twitter_site":"@KsapaOrg","twitter_misc":{"Dur\u00e9e de lecture estim\u00e9e":"3 minutes"},"schema":{"@context":"https:\/\/schema.org","@graph":[{"@type":"WebPage","@id":"https:\/\/ksapa.org\/fr\/impliquez-vous\/devenez-partenaire\/","url":"https:\/\/ksapa.org\/fr\/impliquez-vous\/devenez-partenaire\/","name":"Partenariat : conseil en RSE \/ ESG, investissement \u00e0 impact, mobilisation","isPartOf":{"@id":"https:\/\/ksapa.org\/fr\/#website"},"primaryImageOfPage":{"@id":"https:\/\/ksapa.org\/fr\/impliquez-vous\/devenez-partenaire\/#primaryimage"},"image":{"@id":"https:\/\/ksapa.org\/fr\/impliquez-vous\/devenez-partenaire\/#primaryimage"},"thumbnailUrl":"https:\/\/ksapa.org\/fr\/wp-content\/uploads\/sites\/1\/2019\/06\/Partner.jpg","datePublished":"2019-06-17T13:15:35+00:00","dateModified":"2024-12-10T21:35:29+00:00","description":"Echangez avec l'\u00e9quipe Ksapa, toujours \u00e0 l'\u00e9coute de projets, propositions de candidatures et partenariats pour faire avancer nos solutions de conseil en RSE \/ ESG, investissement \u00e0 impact, et mobilisation","breadcrumb":{"@id":"https:\/\/ksapa.org\/fr\/impliquez-vous\/devenez-partenaire\/#breadcrumb"},"inLanguage":"fr-FR","potentialAction":[{"@type":"ReadAction","target":["https:\/\/ksapa.org\/fr\/impliquez-vous\/devenez-partenaire\/"]}]},{"@type":"ImageObject","inLanguage":"fr-FR","@id":"https:\/\/ksapa.org\/fr\/impliquez-vous\/devenez-partenaire\/#primaryimage","url":"https:\/\/ksapa.org\/fr\/wp-content\/uploads\/sites\/1\/2019\/06\/Partner.jpg","contentUrl":"https:\/\/ksapa.org\/fr\/wp-content\/uploads\/sites\/1\/2019\/06\/Partner.jpg","width":"1540","height":"800","caption":"Ksapa - Solutions ESG & Durabilit\u00e9"},{"@type":"BreadcrumbList","@id":"https:\/\/ksapa.org\/fr\/impliquez-vous\/devenez-partenaire\/#breadcrumb","itemListElement":[{"@type":"ListItem","position":1,"name":"Home","item":"https:\/\/ksapa.org\/fr\/"},{"@type":"ListItem","position":2,"name":"Impliquez-vous !","item":"https:\/\/ksapa.org\/fr\/impliquez-vous\/"},{"@type":"ListItem","position":3,"name":"Devenez partenaire"}]},{"@type":"WebSite","@id":"https:\/\/ksapa.org\/fr\/#website","url":"https:\/\/ksapa.org\/fr\/","name":"Ksapa - fr","description":"","publisher":{"@id":"https:\/\/ksapa.org\/fr\/#organization"},"potentialAction":[{"@type":"SearchAction","target":{"@type":"EntryPoint","urlTemplate":"https:\/\/ksapa.org\/fr\/?s={search_term_string}"},"query-input":{"@type":"PropertyValueSpecification","valueRequired":true,"valueName":"search_term_string"}}],"inLanguage":"fr-FR"},{"@type":"Organization","@id":"https:\/\/ksapa.org\/fr\/#organization","name":"ksapa","url":"https:\/\/ksapa.org\/fr\/","logo":{"@type":"ImageObject","inLanguage":"fr-FR","@id":"https:\/\/ksapa.org\/fr\/#\/schema\/logo\/image\/","url":"https:\/\/ksapa.org\/fr\/wp-content\/uploads\/sites\/1\/2019\/06\/icone-ksapa.jpg","contentUrl":"https:\/\/ksapa.org\/fr\/wp-content\/uploads\/sites\/1\/2019\/06\/icone-ksapa.jpg","width":"442","height":"421","caption":"ksapa"},"image":{"@id":"https:\/\/ksapa.org\/fr\/#\/schema\/logo\/image\/"},"sameAs":["https:\/\/x.com\/KsapaOrg"]}]}},"_links":{"self":[{"href":"https:\/\/ksapa.org\/fr\/wp-json\/wp\/v2\/pages\/525","targetHints":{"allow":["GET"]}}],"collection":[{"href":"https:\/\/ksapa.org\/fr\/wp-json\/wp\/v2\/pages"}],"about":[{"href":"https:\/\/ksapa.org\/fr\/wp-json\/wp\/v2\/types\/page"}],"author":[{"embeddable":true,"href":"https:\/\/ksapa.org\/fr\/wp-json\/wp\/v2\/users\/1"}],"replies":[{"embeddable":true,"href":"https:\/\/ksapa.org\/fr\/wp-json\/wp\/v2\/comments?post=525"}],"version-history":[{"count":3,"href":"https:\/\/ksapa.org\/fr\/wp-json\/wp\/v2\/pages\/525\/revisions"}],"predecessor-version":[{"id":9304,"href":"https:\/\/ksapa.org\/fr\/wp-json\/wp\/v2\/pages\/525\/revisions\/9304"}],"up":[{"embeddable":true,"href":"https:\/\/ksapa.org\/fr\/wp-json\/wp\/v2\/pages\/523"}],"wp:featuredmedia":[{"embeddable":true,"href":"https:\/\/ksapa.org\/fr\/wp-json\/wp\/v2\/media\/489"}],"wp:attachment":[{"href":"https:\/\/ksapa.org\/fr\/wp-json\/wp\/v2\/media?parent=525"}],"curies":[{"name":"wp","href":"https:\/\/api.w.org\/{rel}","templated":true}]}}