{"id":527,"date":"2019-06-17T13:16:17","date_gmt":"2019-06-17T13:16:17","guid":{"rendered":"https:\/\/ksapa.xk-consulting.fr\/?page_id=527"},"modified":"2025-06-20T16:11:09","modified_gmt":"2025-06-20T15:11:09","slug":"ksapa-solutions-esg-durabilite","status":"publish","type":"page","link":"https:\/\/ksapa.org\/fr\/impliquez-vous\/ksapa-solutions-esg-durabilite\/","title":{"rendered":"Contact"},"content":{"rendered":"\n\n  <div class=\"banner has-hover\" id=\"banner-209293494\">\n          <div class=\"banner-inner fill\">\n        <div class=\"banner-bg fill\" >\n            <div class=\"bg fill bg-fill \"><\/div>\n                        <div class=\"overlay\"><\/div>            \n                    <\/div>\n        <div class=\"banner-layers container\">\n            <div class=\"fill banner-link\"><\/div>            \n\n   <div id=\"text-box-130499025\" class=\"text-box banner-layer x50 md-x50 lg-x50 y50 md-y50 lg-y50 res-text\">\n                                <div class=\"text-box-content text dark\">\n              \n              <div class=\"text-inner text-center\">\n                  \n\n<h1 class=\"uppercase\">Contact<\/h1>\n\n              <\/div>\n           <\/div>\n                            \n<style>\n#text-box-130499025 {\n  width: 60%;\n}\n#text-box-130499025 .text-box-content {\n  font-size: 100%;\n}\n<\/style>\n    <\/div>\n \n\n        <\/div>\n      <\/div>\n\n            \n<style>\n#banner-209293494 {\n  padding-top: 350px;\n}\n#banner-209293494 .bg.bg-loaded {\n  background-image: url(https:\/\/ksapa.org\/fr\/wp-content\/uploads\/sites\/1\/2019\/02\/contact-farid-baddache-formulaire-email-1400x420.jpg);\n}\n#banner-209293494 .overlay {\n  background-color: rgba(0, 0, 0, 0.7);\n}\n<\/style>\n  <\/div>\n\n\n\t<section class=\"section\" id=\"section_1419338809\">\n\t\t<div class=\"bg section-bg fill bg-fill  bg-loaded\" >\n\n\t\t\t\n\t\t\t\n\t\t\t\n\n\t\t<\/div>\n\n\t\t<div class=\"section-content relative\">\n\t\t\t\n\n<div class=\"container section-title-container\" ><h3 class=\"section-title section-title-bold-center\"><b><\/b><span class=\"section-title-main\" ><i class=\"icon-phone\" ><\/i>Contact<\/span><b><\/b><\/h3><\/div>\n\n<div class=\"row\"  id=\"row-1978885893\">\n\n\n\t<div id=\"col-1008145918\" class=\"col small-12 large-12\"  >\n\t\t\t\t<div class=\"col-inner\"  >\n\t\t\t\n\t\t\t\n\n<p style=\"text-align: center\">N\u2019h\u00e9sitez pas \u00e0 nous contacter sur <a href=\"mailto:contact@ksapa.org\">contact@ksapa.org<\/a>, ou au moyen du formulaire ci-dessous<\/p>\n\n\t\t<\/div>\n\t\t\t\t\t<\/div>\n\n\t\n\n<\/div>\n<div class=\"row align-center\"  id=\"row-1439911872\">\n\n\n\t<div id=\"col-2057537497\" class=\"col medium-7 small-12 large-7\"  >\n\t\t\t\t<div class=\"col-inner\"  >\n\t\t\t\n\t\t\t\n\n\n\n<form name=\"insightly_web_to_lead\" action=\"https:\/\/crm.na1.insightly.com\/WebToLead\/Create\" method=\"post\"><input type=\"hidden\" name=\"formId\" value=\"1UySnZ6NF3+0gnhoJjNSgA==\"><label for=\"insightly_title\">Title: <\/label><input id=\"insightly_Title\" name=\"Title\" type=\"text\"><br><label for=\"insightly_firstName\">First Name: <\/label><input id=\"insightly_firstName\" name=\"FirstName\" type=\"text\"><br><label for=\"insightly_lastName\">Last Name: <\/label><input id=\"insightly_lastName\" name=\"LastName\" type=\"text\"><br><label for=\"email\">Email: <\/label><input id=\"insightly_Email\" name=\"email\" type=\"text\"><br><label for=\"insightly_organization\">Organization: <\/label><input id=\"insightly_organization\" name=\"OrganizationName\" type=\"text\"><br><label for=\"phone\">Phone: <\/label><input id=\"insightly_Phone\" name=\"phone\" type=\"text\"><br><input type=\"hidden\" id=\"insightly_ResponsibleUser\" name=\"ResponsibleUser\" value=\"1823021\"><input type=\"hidden\" id=\"insightly_LeadSource\" name=\"LeadSource\" value=\"3040427\"><script src=\"https:\/\/www.google.com\/recaptcha\/api.js\" async=\"\" defer=\"\"><\/script><div class=\"g-recaptcha\" data-sitekey=\"6LdVqdYUAAAAACKhIh_VdslJi59GzFLYXcT637IV\"><\/div><input type=\"submit\" value=\"Submit\"><\/form>\n\n\n\t\t<\/div>\n\t\t\t\t\t<\/div>\n\n\t\n\n<\/div>\n\n\t\t<\/div>\n\n\t\t\n<style>\n#section_1419338809 {\n  padding-top: 30px;\n  padding-bottom: 30px;\n}\n<\/style>\n\t<\/section>\n\t\n<div class=\"container section-title-container\" ><h3 class=\"section-title section-title-center\"><b><\/b><span class=\"section-title-main\" ><i class=\"icon-map-pin-fill\" ><\/i>ACCES A NOS BUREAUX<\/span><b><\/b><\/h3><\/div>\n\n<p style=\"text-align: center\">Nos bureaux sont situ\u00e9s au 10 rue de Louvois &#8211; 75002 Paris &#8211; France. Standard: +33 950 85 48 48<br>Acc\u00e8s transports publics \u00e0 proximit\u00e9 : lignes de m\u00e9tro 1, 3, 7, 8 &amp; 9 \/ RER A &amp; E<\/p>\n\n\t<script type=\"text\/javascript\">\n  jQuery( document ).ready(function() {\n    function initialize() {\n        var styles = {\n            'flatsome':  [{\n            \"featureType\": \"administrative\",\n            \"stylers\": [\n              { \"visibility\": \"on\" }\n            ]\n          },\n          {\n            \"featureType\": \"road\",\n            \"stylers\": [\n              { \"visibility\": \"on\" },\n              { \"hue\": \"\" }\n            ]\n          },\n          {\n            \"stylers\": [\n\t\t\t  { \"visibility\": \"on\" },\n\t\t\t  { \"hue\": \"\" },\n\t\t\t  { \"saturation\": -26 }\n            ]\n          }\n        ]};\n\n        var myLatlng = new google.maps.LatLng(48.8684, 2.3371099999999);\n        var myOptions = {\n            zoom: 15,\n            center: myLatlng,\n            mapTypeId: google.maps.MapTypeId.ROADMAP,\n            disableDefaultUI: true,\n            mapTypeId: 'flatsome',\n            draggable: true,\n            zoomControl: true,\n            zoomControlOptions: {\n              position: google.maps.ControlPosition.TOP_LEFT\n            },\n      \t\t\t\/\/ panControl: true,\n            \/\/ panControlOptions: {\n            \/\/   position: google.maps.ControlPosition.TOP_LEFT\n            \/\/ },\n      \t\t\tmapTypeControl: true,\n            mapTypeControlOptions: {\n              position: google.maps.ControlPosition.TOP_LEFT\n            },\n      \t\t\t\/\/ scaleControl: true,\n            \/\/ scaleControlOptions: {\n            \/\/   position: google.maps.ControlPosition.TOP_LEFT\n            \/\/ },\n      \t\t\tstreetViewControl: true,\n            streetViewControlOptions: {\n              position: google.maps.ControlPosition.TOP_LEFT\n            },\n      \t\t\t\/\/ overviewMapControl: true,\n            \/\/ overviewMapControlOptions: {\n            \/\/   position: google.maps.ControlPosition.TOP_LEFT\n            \/\/ },\n            scrollwheel: false,\n            disableDoubleClickZoom: true\n        }\n        var map = new google.maps.Map(document.getElementById(\"map-594849983-inner\"), myOptions);\n        var styledMapType = new google.maps.StyledMapType(styles['flatsome'], {name: 'flatsome'});\n        map.mapTypes.set('flatsome', styledMapType);\n\n        var marker = new google.maps.Marker({\n            position: myLatlng,\n            map: map,\n            title:\"\"\n        });\n    }\n\n    \/\/ Required to proceed\n    if (!(typeof google === 'object' && typeof google.maps === 'object')) {\n      return\n    }\n\n    initialize()\n    google.maps.event.addDomListener(window, 'resize', initialize);\n    });\n    <\/script>\n\n    <div class=\"google-map relative mb\" id=\"map-594849983\">\n        <div class=\"map-height\" id=\"map-594849983-inner\"><\/div>\n        <div id=\"map_overlay_top\"><\/div>\n        <div id=\"map_overlay_bottom\"><\/div>\n                  <div class=\"map_inner map-inner last-reset absolute x100 md-x85 lg-x85 y100 md-y75 lg-y75\">\n              \n\n<p>KSAPA SAS &#8211; 10 rue de Louvois &#8211; 75002 &#8211; Paris &#8211; FRANCE<\/p>\n\n         <\/div>\n       \n       \n<style>\n#map-594849983 .map-inner {\n  background-color: #fff;\n  max-width: 100%;\n}\n#map-594849983 .map-height {\n  height: 400px;\n}\n@media (min-width:550px) {\n  #map-594849983 .map-inner {\n    max-width: 40%;\n  }\n}\n@media (min-width:850px) {\n  #map-594849983 .map-inner {\n    max-width: 30%;\n  }\n}\n<\/style>\n    <\/div>\n\n\t\n\n\n\n<p><\/p>\n","protected":false},"excerpt":{"rendered":"","protected":false},"author":1,"featured_media":125,"parent":523,"menu_order":0,"comment_status":"closed","ping_status":"closed","template":"page-blank.php","meta":{"footnotes":""},"class_list":["post-527","page","type-page","status-publish","has-post-thumbnail","hentry"],"yoast_head":"<!-- This site is optimized with the Yoast SEO plugin v27.3 - https:\/\/yoast.com\/product\/yoast-seo-wordpress\/ -->\n<title>Ksapa - Solutions ESG &amp; Durabilit\u00e9<\/title>\n<meta name=\"description\" content=\"Collaborez avec Ksapa pour stimuler la durabilit\u00e9 et l&#039;ESG via le conseil, l&#039;investissement d&#039;impact et le plaidoyer\" \/>\n<meta name=\"robots\" content=\"index, follow, max-snippet:-1, max-image-preview:large, max-video-preview:-1\" \/>\n<link rel=\"canonical\" href=\"https:\/\/ksapa.org\/fr\/impliquez-vous\/ksapa-solutions-esg-durabilite\/\" \/>\n<meta property=\"og:locale\" content=\"fr_FR\" \/>\n<meta property=\"og:type\" content=\"article\" \/>\n<meta property=\"og:title\" content=\"Ksapa - Solutions ESG &amp; Durabilit\u00e9\" \/>\n<meta property=\"og:description\" content=\"Collaborez avec Ksapa pour stimuler la durabilit\u00e9 et l&#039;ESG via le conseil, l&#039;investissement d&#039;impact et le plaidoyer\" \/>\n<meta property=\"og:url\" content=\"https:\/\/ksapa.org\/fr\/impliquez-vous\/ksapa-solutions-esg-durabilite\/\" \/>\n<meta property=\"og:site_name\" content=\"Ksapa - fr\" \/>\n<meta property=\"article:modified_time\" content=\"2025-06-20T15:11:09+00:00\" \/>\n<meta property=\"og:image\" content=\"https:\/\/ksapa.org\/fr\/wp-content\/uploads\/sites\/1\/2019\/02\/contact-farid-baddache-formulaire-email.jpg\" \/>\n\t<meta property=\"og:image:width\" content=\"2000\" \/>\n\t<meta property=\"og:image:height\" content=\"600\" \/>\n\t<meta property=\"og:image:type\" content=\"image\/jpeg\" \/>\n<meta name=\"twitter:card\" content=\"summary_large_image\" \/>\n<meta name=\"twitter:site\" content=\"@KsapaOrg\" \/>\n<meta name=\"twitter:label1\" content=\"Dur\u00e9e de lecture estim\u00e9e\" \/>\n\t<meta name=\"twitter:data1\" content=\"1 minute\" \/>\n<script type=\"application\/ld+json\" class=\"yoast-schema-graph\">{\"@context\":\"https:\\\/\\\/schema.org\",\"@graph\":[{\"@type\":\"WebPage\",\"@id\":\"https:\\\/\\\/ksapa.org\\\/fr\\\/impliquez-vous\\\/ksapa-solutions-esg-durabilite\\\/\",\"url\":\"https:\\\/\\\/ksapa.org\\\/fr\\\/impliquez-vous\\\/ksapa-solutions-esg-durabilite\\\/\",\"name\":\"Ksapa - Solutions ESG & Durabilit\u00e9\",\"isPartOf\":{\"@id\":\"https:\\\/\\\/ksapa.org\\\/fr\\\/#website\"},\"primaryImageOfPage\":{\"@id\":\"https:\\\/\\\/ksapa.org\\\/fr\\\/impliquez-vous\\\/ksapa-solutions-esg-durabilite\\\/#primaryimage\"},\"image\":{\"@id\":\"https:\\\/\\\/ksapa.org\\\/fr\\\/impliquez-vous\\\/ksapa-solutions-esg-durabilite\\\/#primaryimage\"},\"thumbnailUrl\":\"https:\\\/\\\/ksapa.org\\\/fr\\\/wp-content\\\/uploads\\\/sites\\\/1\\\/2019\\\/02\\\/contact-farid-baddache-formulaire-email.jpg\",\"datePublished\":\"2019-06-17T13:16:17+00:00\",\"dateModified\":\"2025-06-20T15:11:09+00:00\",\"description\":\"Collaborez avec Ksapa pour stimuler la durabilit\u00e9 et l'ESG via le conseil, l'investissement d'impact et le plaidoyer\",\"breadcrumb\":{\"@id\":\"https:\\\/\\\/ksapa.org\\\/fr\\\/impliquez-vous\\\/ksapa-solutions-esg-durabilite\\\/#breadcrumb\"},\"inLanguage\":\"fr-FR\",\"potentialAction\":[{\"@type\":\"ReadAction\",\"target\":[\"https:\\\/\\\/ksapa.org\\\/fr\\\/impliquez-vous\\\/ksapa-solutions-esg-durabilite\\\/\"]}]},{\"@type\":\"ImageObject\",\"inLanguage\":\"fr-FR\",\"@id\":\"https:\\\/\\\/ksapa.org\\\/fr\\\/impliquez-vous\\\/ksapa-solutions-esg-durabilite\\\/#primaryimage\",\"url\":\"https:\\\/\\\/ksapa.org\\\/fr\\\/wp-content\\\/uploads\\\/sites\\\/1\\\/2019\\\/02\\\/contact-farid-baddache-formulaire-email.jpg\",\"contentUrl\":\"https:\\\/\\\/ksapa.org\\\/fr\\\/wp-content\\\/uploads\\\/sites\\\/1\\\/2019\\\/02\\\/contact-farid-baddache-formulaire-email.jpg\",\"width\":2000,\"height\":600,\"caption\":\"Collaborez avec Ksapa pour stimuler la durabilit\u00e9 et l'ESG via le conseil, l'investissement d'impact et le plaidoyer\"},{\"@type\":\"BreadcrumbList\",\"@id\":\"https:\\\/\\\/ksapa.org\\\/fr\\\/impliquez-vous\\\/ksapa-solutions-esg-durabilite\\\/#breadcrumb\",\"itemListElement\":[{\"@type\":\"ListItem\",\"position\":1,\"name\":\"Home\",\"item\":\"https:\\\/\\\/ksapa.org\\\/fr\\\/\"},{\"@type\":\"ListItem\",\"position\":2,\"name\":\"Impliquez-vous !\",\"item\":\"https:\\\/\\\/ksapa.org\\\/fr\\\/impliquez-vous\\\/\"},{\"@type\":\"ListItem\",\"position\":3,\"name\":\"Contact\"}]},{\"@type\":\"WebSite\",\"@id\":\"https:\\\/\\\/ksapa.org\\\/fr\\\/#website\",\"url\":\"https:\\\/\\\/ksapa.org\\\/fr\\\/\",\"name\":\"Ksapa - fr\",\"description\":\"\",\"publisher\":{\"@id\":\"https:\\\/\\\/ksapa.org\\\/fr\\\/#organization\"},\"potentialAction\":[{\"@type\":\"SearchAction\",\"target\":{\"@type\":\"EntryPoint\",\"urlTemplate\":\"https:\\\/\\\/ksapa.org\\\/fr\\\/?s={search_term_string}\"},\"query-input\":{\"@type\":\"PropertyValueSpecification\",\"valueRequired\":true,\"valueName\":\"search_term_string\"}}],\"inLanguage\":\"fr-FR\"},{\"@type\":\"Organization\",\"@id\":\"https:\\\/\\\/ksapa.org\\\/fr\\\/#organization\",\"name\":\"ksapa\",\"url\":\"https:\\\/\\\/ksapa.org\\\/fr\\\/\",\"logo\":{\"@type\":\"ImageObject\",\"inLanguage\":\"fr-FR\",\"@id\":\"https:\\\/\\\/ksapa.org\\\/fr\\\/#\\\/schema\\\/logo\\\/image\\\/\",\"url\":\"https:\\\/\\\/ksapa.org\\\/fr\\\/wp-content\\\/uploads\\\/sites\\\/1\\\/2019\\\/06\\\/icone-ksapa.jpg\",\"contentUrl\":\"https:\\\/\\\/ksapa.org\\\/fr\\\/wp-content\\\/uploads\\\/sites\\\/1\\\/2019\\\/06\\\/icone-ksapa.jpg\",\"width\":\"442\",\"height\":\"421\",\"caption\":\"ksapa\"},\"image\":{\"@id\":\"https:\\\/\\\/ksapa.org\\\/fr\\\/#\\\/schema\\\/logo\\\/image\\\/\"},\"sameAs\":[\"https:\\\/\\\/x.com\\\/KsapaOrg\"]}]}<\/script>\n<!-- \/ Yoast SEO plugin. -->","yoast_head_json":{"title":"Ksapa - Solutions ESG & Durabilit\u00e9","description":"Collaborez avec Ksapa pour stimuler la durabilit\u00e9 et l'ESG via le conseil, l'investissement d'impact et le plaidoyer","robots":{"index":"index","follow":"follow","max-snippet":"max-snippet:-1","max-image-preview":"max-image-preview:large","max-video-preview":"max-video-preview:-1"},"canonical":"https:\/\/ksapa.org\/fr\/impliquez-vous\/ksapa-solutions-esg-durabilite\/","og_locale":"fr_FR","og_type":"article","og_title":"Ksapa - Solutions ESG & Durabilit\u00e9","og_description":"Collaborez avec Ksapa pour stimuler la durabilit\u00e9 et l'ESG via le conseil, l'investissement d'impact et le plaidoyer","og_url":"https:\/\/ksapa.org\/fr\/impliquez-vous\/ksapa-solutions-esg-durabilite\/","og_site_name":"Ksapa - fr","article_modified_time":"2025-06-20T15:11:09+00:00","og_image":[{"width":2000,"height":600,"url":"https:\/\/ksapa.org\/fr\/wp-content\/uploads\/sites\/1\/2019\/02\/contact-farid-baddache-formulaire-email.jpg","type":"image\/jpeg"}],"twitter_card":"summary_large_image","twitter_site":"@KsapaOrg","twitter_misc":{"Dur\u00e9e de lecture estim\u00e9e":"1 minute"},"schema":{"@context":"https:\/\/schema.org","@graph":[{"@type":"WebPage","@id":"https:\/\/ksapa.org\/fr\/impliquez-vous\/ksapa-solutions-esg-durabilite\/","url":"https:\/\/ksapa.org\/fr\/impliquez-vous\/ksapa-solutions-esg-durabilite\/","name":"Ksapa - Solutions ESG & Durabilit\u00e9","isPartOf":{"@id":"https:\/\/ksapa.org\/fr\/#website"},"primaryImageOfPage":{"@id":"https:\/\/ksapa.org\/fr\/impliquez-vous\/ksapa-solutions-esg-durabilite\/#primaryimage"},"image":{"@id":"https:\/\/ksapa.org\/fr\/impliquez-vous\/ksapa-solutions-esg-durabilite\/#primaryimage"},"thumbnailUrl":"https:\/\/ksapa.org\/fr\/wp-content\/uploads\/sites\/1\/2019\/02\/contact-farid-baddache-formulaire-email.jpg","datePublished":"2019-06-17T13:16:17+00:00","dateModified":"2025-06-20T15:11:09+00:00","description":"Collaborez avec Ksapa pour stimuler la durabilit\u00e9 et l'ESG via le conseil, l'investissement d'impact et le plaidoyer","breadcrumb":{"@id":"https:\/\/ksapa.org\/fr\/impliquez-vous\/ksapa-solutions-esg-durabilite\/#breadcrumb"},"inLanguage":"fr-FR","potentialAction":[{"@type":"ReadAction","target":["https:\/\/ksapa.org\/fr\/impliquez-vous\/ksapa-solutions-esg-durabilite\/"]}]},{"@type":"ImageObject","inLanguage":"fr-FR","@id":"https:\/\/ksapa.org\/fr\/impliquez-vous\/ksapa-solutions-esg-durabilite\/#primaryimage","url":"https:\/\/ksapa.org\/fr\/wp-content\/uploads\/sites\/1\/2019\/02\/contact-farid-baddache-formulaire-email.jpg","contentUrl":"https:\/\/ksapa.org\/fr\/wp-content\/uploads\/sites\/1\/2019\/02\/contact-farid-baddache-formulaire-email.jpg","width":2000,"height":600,"caption":"Collaborez avec Ksapa pour stimuler la durabilit\u00e9 et l'ESG via le conseil, l'investissement d'impact et le plaidoyer"},{"@type":"BreadcrumbList","@id":"https:\/\/ksapa.org\/fr\/impliquez-vous\/ksapa-solutions-esg-durabilite\/#breadcrumb","itemListElement":[{"@type":"ListItem","position":1,"name":"Home","item":"https:\/\/ksapa.org\/fr\/"},{"@type":"ListItem","position":2,"name":"Impliquez-vous !","item":"https:\/\/ksapa.org\/fr\/impliquez-vous\/"},{"@type":"ListItem","position":3,"name":"Contact"}]},{"@type":"WebSite","@id":"https:\/\/ksapa.org\/fr\/#website","url":"https:\/\/ksapa.org\/fr\/","name":"Ksapa - fr","description":"","publisher":{"@id":"https:\/\/ksapa.org\/fr\/#organization"},"potentialAction":[{"@type":"SearchAction","target":{"@type":"EntryPoint","urlTemplate":"https:\/\/ksapa.org\/fr\/?s={search_term_string}"},"query-input":{"@type":"PropertyValueSpecification","valueRequired":true,"valueName":"search_term_string"}}],"inLanguage":"fr-FR"},{"@type":"Organization","@id":"https:\/\/ksapa.org\/fr\/#organization","name":"ksapa","url":"https:\/\/ksapa.org\/fr\/","logo":{"@type":"ImageObject","inLanguage":"fr-FR","@id":"https:\/\/ksapa.org\/fr\/#\/schema\/logo\/image\/","url":"https:\/\/ksapa.org\/fr\/wp-content\/uploads\/sites\/1\/2019\/06\/icone-ksapa.jpg","contentUrl":"https:\/\/ksapa.org\/fr\/wp-content\/uploads\/sites\/1\/2019\/06\/icone-ksapa.jpg","width":"442","height":"421","caption":"ksapa"},"image":{"@id":"https:\/\/ksapa.org\/fr\/#\/schema\/logo\/image\/"},"sameAs":["https:\/\/x.com\/KsapaOrg"]}]}},"_links":{"self":[{"href":"https:\/\/ksapa.org\/fr\/wp-json\/wp\/v2\/pages\/527","targetHints":{"allow":["GET"]}}],"collection":[{"href":"https:\/\/ksapa.org\/fr\/wp-json\/wp\/v2\/pages"}],"about":[{"href":"https:\/\/ksapa.org\/fr\/wp-json\/wp\/v2\/types\/page"}],"author":[{"embeddable":true,"href":"https:\/\/ksapa.org\/fr\/wp-json\/wp\/v2\/users\/1"}],"replies":[{"embeddable":true,"href":"https:\/\/ksapa.org\/fr\/wp-json\/wp\/v2\/comments?post=527"}],"version-history":[{"count":4,"href":"https:\/\/ksapa.org\/fr\/wp-json\/wp\/v2\/pages\/527\/revisions"}],"predecessor-version":[{"id":10604,"href":"https:\/\/ksapa.org\/fr\/wp-json\/wp\/v2\/pages\/527\/revisions\/10604"}],"up":[{"embeddable":true,"href":"https:\/\/ksapa.org\/fr\/wp-json\/wp\/v2\/pages\/523"}],"wp:featuredmedia":[{"embeddable":true,"href":"https:\/\/ksapa.org\/fr\/wp-json\/wp\/v2\/media\/125"}],"wp:attachment":[{"href":"https:\/\/ksapa.org\/fr\/wp-json\/wp\/v2\/media?parent=527"}],"curies":[{"name":"wp","href":"https:\/\/api.w.org\/{rel}","templated":true}]}}