{"id":529,"date":"2019-06-17T13:16:55","date_gmt":"2019-06-17T13:16:55","guid":{"rendered":"https:\/\/ksapa.xk-consulting.fr\/?page_id=529"},"modified":"2025-06-20T13:42:18","modified_gmt":"2025-06-20T12:42:18","slug":"carrieres","status":"publish","type":"page","link":"https:\/\/ksapa.org\/fr\/impliquez-vous\/carrieres\/","title":{"rendered":"Carri\u00e8res"},"content":{"rendered":"\n\n  <div class=\"banner has-hover\" id=\"banner-530859643\">\n          <div class=\"banner-inner fill\">\n        <div class=\"banner-bg fill\" >\n            <div class=\"bg fill bg-fill \"><\/div>\n                        <div class=\"overlay\"><\/div>            \n                    <\/div>\n        <div class=\"banner-layers container\">\n            <div class=\"fill banner-link\"><\/div>            \n\n   <div id=\"text-box-2001099859\" class=\"text-box banner-layer x50 md-x50 lg-x50 y50 md-y50 lg-y50 res-text\">\n                                <div class=\"text-box-content text dark\">\n              \n              <div class=\"text-inner text-center\">\n                  \n\n<h2 class=\"uppercase\" style=\"text-align: center\">carri\u00e8res<\/h2>\n<div class=\"is-divider divider clearfix\" style=\"background-color:rgb(255, 255, 255);\"><\/div>\n\n<p>Pour conna\u00eetre les offres d&#8217;emploi actuelles et les possibilit\u00e9s de stages<\/p>\n\n              <\/div>\n           <\/div>\n                            \n<style>\n#text-box-2001099859 {\n  width: 100%;\n}\n#text-box-2001099859 .text-box-content {\n  font-size: 100%;\n}\n<\/style>\n    <\/div>\n \n\n        <\/div>\n      <\/div>\n\n            \n<style>\n#banner-530859643 {\n  padding-top: 350px;\n  background-color: rgb(255,255,255);\n}\n#banner-530859643 .bg.bg-loaded {\n  background-image: url(https:\/\/ksapa.org\/fr\/wp-content\/uploads\/sites\/1\/2019\/06\/career.jpg);\n}\n#banner-530859643 .overlay {\n  background-color: rgba(0,0,0,.5);\n}\n#banner-530859643 .bg {\n  background-position: 37% 40%;\n}\n<\/style>\n  <\/div>\n\n\n\t<section class=\"section\" id=\"section_1149422885\">\n\t\t<div class=\"bg section-bg fill bg-fill  bg-loaded\" >\n\n\t\t\t\n\t\t\t\n\t\t\t\n\n\t\t<\/div>\n\n\t\t<div class=\"section-content relative\">\n\t\t\t\n\n<h2 class=\"uppercase\" style=\"text-align: center;\">offres d&#8217;emplois, DE STAGES et D&rsquo;ALTERNANCE<\/h2>\n<div class=\"text-center\"><div class=\"is-divider divider clearfix\" style=\"background-color:rgb(170, 170, 170);\"><\/div><\/div>\n\n<div class=\"row\"  id=\"row-1322664189\">\n\n\n\t<div id=\"col-431432368\" class=\"col small-12 large-12\"  >\n\t\t\t\t<div class=\"col-inner\"  >\n\t\t\t\n\t\t\t\n\n\n  \n    <div class=\"row large-columns-2 medium-columns- small-columns-\">\n          <div class=\"page-col col\" >\n          <div class=\"col-inner\" >\n          <a class=\"plain\" href=\"https:\/\/ksapa.org\/fr\/impliquez-vous\/carrieres\/sutti-cdd-fullstack-developpeur\/\" title=\"SUTTI \u2013 CDD - Fullstack d\u00e9veloppeur JS\" target=\"\">\n            <div class=\"page-box box has-hover\">\n                  <div class=\"box-image\" >\n                      <div class=\"box-image image-cover\" style=\"padding-top:56.25%;\">\n                      <img decoding=\"async\" width=\"267\" height=\"400\" src=\"https:\/\/ksapa.org\/fr\/wp-content\/uploads\/sites\/1\/2023\/09\/Ksapa-CSRD-ESG-Reporting-267x400.jpg\" class=\"attachment-medium size-medium\" alt=\"CSRD : Guide du reporting ESG en 3 \u00e9tapes\" srcset=\"https:\/\/ksapa.org\/fr\/wp-content\/uploads\/sites\/1\/2023\/09\/Ksapa-CSRD-ESG-Reporting-267x400.jpg 267w, https:\/\/ksapa.org\/fr\/wp-content\/uploads\/sites\/1\/2023\/09\/Ksapa-CSRD-ESG-Reporting-534x800.jpg 534w, https:\/\/ksapa.org\/fr\/wp-content\/uploads\/sites\/1\/2023\/09\/Ksapa-CSRD-ESG-Reporting-768x1150.jpg 768w, https:\/\/ksapa.org\/fr\/wp-content\/uploads\/sites\/1\/2023\/09\/Ksapa-CSRD-ESG-Reporting-1025x1536.jpg 1025w, https:\/\/ksapa.org\/fr\/wp-content\/uploads\/sites\/1\/2023\/09\/Ksapa-CSRD-ESG-Reporting-1367x2048.jpg 1367w, https:\/\/ksapa.org\/fr\/wp-content\/uploads\/sites\/1\/2023\/09\/Ksapa-CSRD-ESG-Reporting-scaled.jpg 1709w\" sizes=\"(max-width: 267px) 100vw, 267px\" \/>                      <\/div>\n                                                              <\/div>\n                  <div class=\"box-text text-left\" >\n                        <div class=\"box-text-inner\">\n                            <p>SUTTI \u2013 CDD - Fullstack d\u00e9veloppeur JS<\/p>\n                        <\/div>\n                  <\/div>\n              <\/div>\n            <\/a>\n            <\/div>\n          <\/div>\n                 <div class=\"page-col col\" >\n          <div class=\"col-inner\" >\n          <a class=\"plain\" href=\"https:\/\/ksapa.org\/fr\/impliquez-vous\/carrieres\/sutti-stage-charge-de-programme\/\" title=\"SUTTI \u2013 Stage - Charg\u00e9.e de programme junior (H\/F)\" target=\"\">\n            <div class=\"page-box box has-hover\">\n                  <div class=\"box-image\" >\n                      <div class=\"box-image image-cover\" style=\"padding-top:56.25%;\">\n                      <img decoding=\"async\" width=\"251\" height=\"400\" src=\"https:\/\/ksapa.org\/fr\/wp-content\/uploads\/sites\/1\/2024\/12\/pexels-photo-2468399-251x400.jpeg\" class=\"attachment-medium size-medium\" alt=\"D\u00e9couvrez les pratiques essentielles de protection des sols pour les entreprises : durabilit\u00e9, impact et viabilit\u00e9 agricole.\" srcset=\"https:\/\/ksapa.org\/fr\/wp-content\/uploads\/sites\/1\/2024\/12\/pexels-photo-2468399-251x400.jpeg 251w, https:\/\/ksapa.org\/fr\/wp-content\/uploads\/sites\/1\/2024\/12\/pexels-photo-2468399-502x800.jpeg 502w, https:\/\/ksapa.org\/fr\/wp-content\/uploads\/sites\/1\/2024\/12\/pexels-photo-2468399.jpeg 600w\" sizes=\"(max-width: 251px) 100vw, 251px\" \/>                      <\/div>\n                                                              <\/div>\n                  <div class=\"box-text text-left\" >\n                        <div class=\"box-text-inner\">\n                            <p>SUTTI \u2013 Stage - Charg\u00e9.e de programme junior (H\/F)<\/p>\n                        <\/div>\n                  <\/div>\n              <\/div>\n            <\/a>\n            <\/div>\n          <\/div>\n                 <div class=\"page-col col\" >\n          <div class=\"col-inner\" >\n          <a class=\"plain\" href=\"https:\/\/ksapa.org\/fr\/impliquez-vous\/carrieres\/sutti-carbon-and-impact-officer-philippines\/\" title=\"SUTTI \u2013 Carbon and Impact Officer (Philippines)\" target=\"\">\n            <div class=\"page-box box has-hover\">\n                  <div class=\"box-image\" >\n                      <div class=\"box-image image-cover\" style=\"padding-top:56.25%;\">\n                      <img decoding=\"async\" width=\"251\" height=\"400\" src=\"https:\/\/ksapa.org\/fr\/wp-content\/uploads\/sites\/1\/2024\/12\/pexels-photo-2468399-251x400.jpeg\" class=\"attachment-medium size-medium\" alt=\"D\u00e9couvrez les pratiques essentielles de protection des sols pour les entreprises : durabilit\u00e9, impact et viabilit\u00e9 agricole.\" srcset=\"https:\/\/ksapa.org\/fr\/wp-content\/uploads\/sites\/1\/2024\/12\/pexels-photo-2468399-251x400.jpeg 251w, https:\/\/ksapa.org\/fr\/wp-content\/uploads\/sites\/1\/2024\/12\/pexels-photo-2468399-502x800.jpeg 502w, https:\/\/ksapa.org\/fr\/wp-content\/uploads\/sites\/1\/2024\/12\/pexels-photo-2468399.jpeg 600w\" sizes=\"(max-width: 251px) 100vw, 251px\" \/>                      <\/div>\n                                                              <\/div>\n                  <div class=\"box-text text-left\" >\n                        <div class=\"box-text-inner\">\n                            <p>SUTTI \u2013 Carbon and Impact Officer (Philippines)<\/p>\n                        <\/div>\n                  <\/div>\n              <\/div>\n            <\/a>\n            <\/div>\n          <\/div>\n         <\/div>\n\n<p class=\"lead\" style=\"text-align: center;\">Nous n&rsquo;avons actuellement aucun autre poste \u00e0 pourvoir. N&rsquo;h\u00e9sitez pas \u00e0 v\u00e9rifier de temps en temps pour toute mise \u00e0 jour !<\/p>\n\n\t\t<\/div>\n\t\t\t\t\t<\/div>\n\n\t\n\n<\/div>\n\n\t\t<\/div>\n\n\t\t\n<style>\n#section_1149422885 {\n  padding-top: 30px;\n  padding-bottom: 30px;\n}\n<\/style>\n\t<\/section>\n\t\n\t<section class=\"section\" id=\"section_1796027546\">\n\t\t<div class=\"bg section-bg fill bg-fill  bg-loaded\" >\n\n\t\t\t\n\t\t\t\n\t\t\t\n\n\t\t<\/div>\n\n\t\t<div class=\"section-content relative\">\n\t\t\t\n\n<div class=\"row\"  id=\"row-601419923\">\n\n\n\t<div id=\"col-133619121\" class=\"col small-12 large-12\"  >\n\t\t\t\t<div class=\"col-inner\"  >\n\t\t\t\n\t\t\t\n\n<h2 class=\"uppercase\" style=\"text-align: center\">Rejoignez-nous !<\/h2>\n<div class=\"text-center\"><div class=\"is-divider divider clearfix\" style=\"background-color:rgb(170, 170, 170);\"><\/div><\/div>\n\n<h3>Ce que nous recherchons aupr\u00e8s des personnes d\u00e9sireuses de nous rejoindre et renforcer nos \u00e9quipes :<\/h3>\n<ul>\n<li><strong>Exigence<\/strong> : se fixer un haut niveau d\u2019exigence individuel et collectif dans nos diff\u00e9rentes activit\u00e9s, conserver honn\u00eatet\u00e9 intellectuelle et int\u00e9grit\u00e9 en toutes circonstances<\/li>\n<li>\n<p><strong>Adaptabilit\u00e9&nbsp;<\/strong>: pouvoir se remettre en question pour participer aux transformations d&rsquo;un monde de plus en plus changeant<\/p>\n<\/li>\n<li>\n<p><strong>Respect<\/strong> : rester attentif aux autres et respecter les r\u00f4les et responsabilit\u00e9s de chacun, \u00eatre bienveillant et valoriser les mises en perspectives diverses offertes par tout coll\u00e8gue, partenaire ou client. Respecter les engagement mutuels envers les coll\u00e8gues et partenaires. Nous encourageons la diversit\u00e9 et l&rsquo;inclusion dans nos \u00e9quipes<\/p>\n<\/li>\n<li><strong>Vision d&rsquo;ensemble et humilit\u00e9 :<\/strong> faire le lien entre les enjeux tout en conservant humilit\u00e9 et volont\u00e9 d\u2019apprentissage en toutes circonstances<\/li>\n<li><strong>Passion pour l\u2019innovation sociale <\/strong>: s\u2019engager pour am\u00e9liorer la vie des moins fortun\u00e9s dans le respect de notre plan\u00e8te ; et faire primer le collectif sur l\u2019individuel<\/li>\n<\/ul>\n\n\t\t<\/div>\n\t\t\t\t\t<\/div>\n\n\t\n\n<\/div>\n\n\t\t<\/div>\n\n\t\t\n<style>\n#section_1796027546 {\n  padding-top: 30px;\n  padding-bottom: 30px;\n}\n<\/style>\n\t<\/section>\n\t\n\n","protected":false},"excerpt":{"rendered":"","protected":false},"author":1,"featured_media":596,"parent":523,"menu_order":0,"comment_status":"closed","ping_status":"closed","template":"page-blank.php","meta":{"footnotes":""},"class_list":["post-529","page","type-page","status-publish","has-post-thumbnail","hentry"],"yoast_head":"<!-- This site is optimized with the Yoast SEO plugin v27.3 - https:\/\/yoast.com\/product\/yoast-seo-wordpress\/ -->\n<title>Ksapa - fr - Carri\u00e8res : propositions de candidatures et partenariats<\/title>\n<meta name=\"description\" content=\"Echangez avec l&#039;\u00e9quipe Ksapa, toujours \u00e0 l&#039;\u00e9coute de projets, propositions de candidatures et partenariats pour faire avancer nos solutions de conseil en RSE \/ ESG, investissement \u00e0 impact, et mobilisation\" \/>\n<meta name=\"robots\" content=\"index, follow, max-snippet:-1, max-image-preview:large, max-video-preview:-1\" \/>\n<link rel=\"canonical\" href=\"https:\/\/ksapa.org\/fr\/impliquez-vous\/carrieres\/\" \/>\n<meta property=\"og:locale\" content=\"fr_FR\" \/>\n<meta property=\"og:type\" content=\"article\" \/>\n<meta property=\"og:title\" content=\"Ksapa - fr - Carri\u00e8res : propositions de candidatures et partenariats\" \/>\n<meta property=\"og:description\" content=\"Echangez avec l&#039;\u00e9quipe Ksapa, toujours \u00e0 l&#039;\u00e9coute de projets, propositions de candidatures et partenariats pour faire avancer nos solutions de conseil en RSE \/ ESG, investissement \u00e0 impact, et mobilisation\" \/>\n<meta property=\"og:url\" content=\"https:\/\/ksapa.org\/fr\/impliquez-vous\/carrieres\/\" \/>\n<meta property=\"og:site_name\" content=\"Ksapa - fr\" \/>\n<meta property=\"article:modified_time\" content=\"2025-06-20T12:42:18+00:00\" \/>\n<meta property=\"og:image\" content=\"https:\/\/ksapa.org\/fr\/wp-content\/uploads\/sites\/1\/2019\/06\/career.jpg\" \/>\n\t<meta property=\"og:image:width\" content=\"4998\" \/>\n\t<meta property=\"og:image:height\" content=\"1948\" \/>\n\t<meta property=\"og:image:type\" content=\"image\/jpeg\" \/>\n<meta name=\"twitter:card\" content=\"summary_large_image\" \/>\n<meta name=\"twitter:site\" content=\"@KsapaOrg\" \/>\n<meta name=\"twitter:label1\" content=\"Dur\u00e9e de lecture estim\u00e9e\" \/>\n\t<meta name=\"twitter:data1\" content=\"1 minute\" \/>\n<script type=\"application\/ld+json\" class=\"yoast-schema-graph\">{\"@context\":\"https:\\\/\\\/schema.org\",\"@graph\":[{\"@type\":\"WebPage\",\"@id\":\"https:\\\/\\\/ksapa.org\\\/fr\\\/impliquez-vous\\\/carrieres\\\/\",\"url\":\"https:\\\/\\\/ksapa.org\\\/fr\\\/impliquez-vous\\\/carrieres\\\/\",\"name\":\"Ksapa - fr - Carri\u00e8res : propositions de candidatures et partenariats\",\"isPartOf\":{\"@id\":\"https:\\\/\\\/ksapa.org\\\/fr\\\/#website\"},\"primaryImageOfPage\":{\"@id\":\"https:\\\/\\\/ksapa.org\\\/fr\\\/impliquez-vous\\\/carrieres\\\/#primaryimage\"},\"image\":{\"@id\":\"https:\\\/\\\/ksapa.org\\\/fr\\\/impliquez-vous\\\/carrieres\\\/#primaryimage\"},\"thumbnailUrl\":\"https:\\\/\\\/ksapa.org\\\/fr\\\/wp-content\\\/uploads\\\/sites\\\/1\\\/2019\\\/06\\\/career.jpg\",\"datePublished\":\"2019-06-17T13:16:55+00:00\",\"dateModified\":\"2025-06-20T12:42:18+00:00\",\"description\":\"Echangez avec l'\u00e9quipe Ksapa, toujours \u00e0 l'\u00e9coute de projets, propositions de candidatures et partenariats pour faire avancer nos solutions de conseil en RSE \\\/ ESG, investissement \u00e0 impact, et mobilisation\",\"breadcrumb\":{\"@id\":\"https:\\\/\\\/ksapa.org\\\/fr\\\/impliquez-vous\\\/carrieres\\\/#breadcrumb\"},\"inLanguage\":\"fr-FR\",\"potentialAction\":[{\"@type\":\"ReadAction\",\"target\":[\"https:\\\/\\\/ksapa.org\\\/fr\\\/impliquez-vous\\\/carrieres\\\/\"]}]},{\"@type\":\"ImageObject\",\"inLanguage\":\"fr-FR\",\"@id\":\"https:\\\/\\\/ksapa.org\\\/fr\\\/impliquez-vous\\\/carrieres\\\/#primaryimage\",\"url\":\"https:\\\/\\\/ksapa.org\\\/fr\\\/wp-content\\\/uploads\\\/sites\\\/1\\\/2019\\\/06\\\/career.jpg\",\"contentUrl\":\"https:\\\/\\\/ksapa.org\\\/fr\\\/wp-content\\\/uploads\\\/sites\\\/1\\\/2019\\\/06\\\/career.jpg\",\"width\":\"4998\",\"height\":\"1948\",\"caption\":\"Ksapa : Expertise RSE 360\u00b0 au service des enjeux ESG\"},{\"@type\":\"BreadcrumbList\",\"@id\":\"https:\\\/\\\/ksapa.org\\\/fr\\\/impliquez-vous\\\/carrieres\\\/#breadcrumb\",\"itemListElement\":[{\"@type\":\"ListItem\",\"position\":1,\"name\":\"Home\",\"item\":\"https:\\\/\\\/ksapa.org\\\/fr\\\/\"},{\"@type\":\"ListItem\",\"position\":2,\"name\":\"Impliquez-vous !\",\"item\":\"https:\\\/\\\/ksapa.org\\\/fr\\\/impliquez-vous\\\/\"},{\"@type\":\"ListItem\",\"position\":3,\"name\":\"Carri\u00e8res\"}]},{\"@type\":\"WebSite\",\"@id\":\"https:\\\/\\\/ksapa.org\\\/fr\\\/#website\",\"url\":\"https:\\\/\\\/ksapa.org\\\/fr\\\/\",\"name\":\"Ksapa - fr\",\"description\":\"\",\"publisher\":{\"@id\":\"https:\\\/\\\/ksapa.org\\\/fr\\\/#organization\"},\"potentialAction\":[{\"@type\":\"SearchAction\",\"target\":{\"@type\":\"EntryPoint\",\"urlTemplate\":\"https:\\\/\\\/ksapa.org\\\/fr\\\/?s={search_term_string}\"},\"query-input\":{\"@type\":\"PropertyValueSpecification\",\"valueRequired\":true,\"valueName\":\"search_term_string\"}}],\"inLanguage\":\"fr-FR\"},{\"@type\":\"Organization\",\"@id\":\"https:\\\/\\\/ksapa.org\\\/fr\\\/#organization\",\"name\":\"ksapa\",\"url\":\"https:\\\/\\\/ksapa.org\\\/fr\\\/\",\"logo\":{\"@type\":\"ImageObject\",\"inLanguage\":\"fr-FR\",\"@id\":\"https:\\\/\\\/ksapa.org\\\/fr\\\/#\\\/schema\\\/logo\\\/image\\\/\",\"url\":\"https:\\\/\\\/ksapa.org\\\/fr\\\/wp-content\\\/uploads\\\/sites\\\/1\\\/2019\\\/06\\\/icone-ksapa.jpg\",\"contentUrl\":\"https:\\\/\\\/ksapa.org\\\/fr\\\/wp-content\\\/uploads\\\/sites\\\/1\\\/2019\\\/06\\\/icone-ksapa.jpg\",\"width\":\"442\",\"height\":\"421\",\"caption\":\"ksapa\"},\"image\":{\"@id\":\"https:\\\/\\\/ksapa.org\\\/fr\\\/#\\\/schema\\\/logo\\\/image\\\/\"},\"sameAs\":[\"https:\\\/\\\/x.com\\\/KsapaOrg\"]}]}<\/script>\n<!-- \/ Yoast SEO plugin. -->","yoast_head_json":{"title":"Ksapa - fr - Carri\u00e8res : propositions de candidatures et partenariats","description":"Echangez avec l'\u00e9quipe Ksapa, toujours \u00e0 l'\u00e9coute de projets, propositions de candidatures et partenariats pour faire avancer nos solutions de conseil en RSE \/ ESG, investissement \u00e0 impact, et mobilisation","robots":{"index":"index","follow":"follow","max-snippet":"max-snippet:-1","max-image-preview":"max-image-preview:large","max-video-preview":"max-video-preview:-1"},"canonical":"https:\/\/ksapa.org\/fr\/impliquez-vous\/carrieres\/","og_locale":"fr_FR","og_type":"article","og_title":"Ksapa - fr - Carri\u00e8res : propositions de candidatures et partenariats","og_description":"Echangez avec l'\u00e9quipe Ksapa, toujours \u00e0 l'\u00e9coute de projets, propositions de candidatures et partenariats pour faire avancer nos solutions de conseil en RSE \/ ESG, investissement \u00e0 impact, et mobilisation","og_url":"https:\/\/ksapa.org\/fr\/impliquez-vous\/carrieres\/","og_site_name":"Ksapa - fr","article_modified_time":"2025-06-20T12:42:18+00:00","og_image":[{"width":4998,"height":1948,"url":"https:\/\/ksapa.org\/fr\/wp-content\/uploads\/sites\/1\/2019\/06\/career.jpg","type":"image\/jpeg"}],"twitter_card":"summary_large_image","twitter_site":"@KsapaOrg","twitter_misc":{"Dur\u00e9e de lecture estim\u00e9e":"1 minute"},"schema":{"@context":"https:\/\/schema.org","@graph":[{"@type":"WebPage","@id":"https:\/\/ksapa.org\/fr\/impliquez-vous\/carrieres\/","url":"https:\/\/ksapa.org\/fr\/impliquez-vous\/carrieres\/","name":"Ksapa - fr - Carri\u00e8res : propositions de candidatures et partenariats","isPartOf":{"@id":"https:\/\/ksapa.org\/fr\/#website"},"primaryImageOfPage":{"@id":"https:\/\/ksapa.org\/fr\/impliquez-vous\/carrieres\/#primaryimage"},"image":{"@id":"https:\/\/ksapa.org\/fr\/impliquez-vous\/carrieres\/#primaryimage"},"thumbnailUrl":"https:\/\/ksapa.org\/fr\/wp-content\/uploads\/sites\/1\/2019\/06\/career.jpg","datePublished":"2019-06-17T13:16:55+00:00","dateModified":"2025-06-20T12:42:18+00:00","description":"Echangez avec l'\u00e9quipe Ksapa, toujours \u00e0 l'\u00e9coute de projets, propositions de candidatures et partenariats pour faire avancer nos solutions de conseil en RSE \/ ESG, investissement \u00e0 impact, et mobilisation","breadcrumb":{"@id":"https:\/\/ksapa.org\/fr\/impliquez-vous\/carrieres\/#breadcrumb"},"inLanguage":"fr-FR","potentialAction":[{"@type":"ReadAction","target":["https:\/\/ksapa.org\/fr\/impliquez-vous\/carrieres\/"]}]},{"@type":"ImageObject","inLanguage":"fr-FR","@id":"https:\/\/ksapa.org\/fr\/impliquez-vous\/carrieres\/#primaryimage","url":"https:\/\/ksapa.org\/fr\/wp-content\/uploads\/sites\/1\/2019\/06\/career.jpg","contentUrl":"https:\/\/ksapa.org\/fr\/wp-content\/uploads\/sites\/1\/2019\/06\/career.jpg","width":"4998","height":"1948","caption":"Ksapa : Expertise RSE 360\u00b0 au service des enjeux ESG"},{"@type":"BreadcrumbList","@id":"https:\/\/ksapa.org\/fr\/impliquez-vous\/carrieres\/#breadcrumb","itemListElement":[{"@type":"ListItem","position":1,"name":"Home","item":"https:\/\/ksapa.org\/fr\/"},{"@type":"ListItem","position":2,"name":"Impliquez-vous !","item":"https:\/\/ksapa.org\/fr\/impliquez-vous\/"},{"@type":"ListItem","position":3,"name":"Carri\u00e8res"}]},{"@type":"WebSite","@id":"https:\/\/ksapa.org\/fr\/#website","url":"https:\/\/ksapa.org\/fr\/","name":"Ksapa - fr","description":"","publisher":{"@id":"https:\/\/ksapa.org\/fr\/#organization"},"potentialAction":[{"@type":"SearchAction","target":{"@type":"EntryPoint","urlTemplate":"https:\/\/ksapa.org\/fr\/?s={search_term_string}"},"query-input":{"@type":"PropertyValueSpecification","valueRequired":true,"valueName":"search_term_string"}}],"inLanguage":"fr-FR"},{"@type":"Organization","@id":"https:\/\/ksapa.org\/fr\/#organization","name":"ksapa","url":"https:\/\/ksapa.org\/fr\/","logo":{"@type":"ImageObject","inLanguage":"fr-FR","@id":"https:\/\/ksapa.org\/fr\/#\/schema\/logo\/image\/","url":"https:\/\/ksapa.org\/fr\/wp-content\/uploads\/sites\/1\/2019\/06\/icone-ksapa.jpg","contentUrl":"https:\/\/ksapa.org\/fr\/wp-content\/uploads\/sites\/1\/2019\/06\/icone-ksapa.jpg","width":"442","height":"421","caption":"ksapa"},"image":{"@id":"https:\/\/ksapa.org\/fr\/#\/schema\/logo\/image\/"},"sameAs":["https:\/\/x.com\/KsapaOrg"]}]}},"_links":{"self":[{"href":"https:\/\/ksapa.org\/fr\/wp-json\/wp\/v2\/pages\/529","targetHints":{"allow":["GET"]}}],"collection":[{"href":"https:\/\/ksapa.org\/fr\/wp-json\/wp\/v2\/pages"}],"about":[{"href":"https:\/\/ksapa.org\/fr\/wp-json\/wp\/v2\/types\/page"}],"author":[{"embeddable":true,"href":"https:\/\/ksapa.org\/fr\/wp-json\/wp\/v2\/users\/1"}],"replies":[{"embeddable":true,"href":"https:\/\/ksapa.org\/fr\/wp-json\/wp\/v2\/comments?post=529"}],"version-history":[{"count":44,"href":"https:\/\/ksapa.org\/fr\/wp-json\/wp\/v2\/pages\/529\/revisions"}],"predecessor-version":[{"id":10599,"href":"https:\/\/ksapa.org\/fr\/wp-json\/wp\/v2\/pages\/529\/revisions\/10599"}],"up":[{"embeddable":true,"href":"https:\/\/ksapa.org\/fr\/wp-json\/wp\/v2\/pages\/523"}],"wp:featuredmedia":[{"embeddable":true,"href":"https:\/\/ksapa.org\/fr\/wp-json\/wp\/v2\/media\/596"}],"wp:attachment":[{"href":"https:\/\/ksapa.org\/fr\/wp-json\/wp\/v2\/media?parent=529"}],"curies":[{"name":"wp","href":"https:\/\/api.w.org\/{rel}","templated":true}]}}