{"id":5526,"date":"2021-10-25T12:37:34","date_gmt":"2021-10-25T11:37:34","guid":{"rendered":"https:\/\/ksapa.org\/fr\/?page_id=5526"},"modified":"2025-09-08T11:19:58","modified_gmt":"2025-09-08T10:19:58","slug":"etude-de-cas-renforcement-de-la-chaine-de-valeur-de-la-canne-a-sucre-en-inde","status":"publish","type":"page","link":"https:\/\/ksapa.org\/fr\/a-propos\/etudes-de-cas-du-defi-esg-vers-la-transformation-odd-durable\/etude-de-cas-renforcement-de-la-chaine-de-valeur-de-la-canne-a-sucre-en-inde\/","title":{"rendered":"Renforcer la cha\u00eene de valeur de la canne \u00e0 sucre en Inde"},"content":{"rendered":"\n\n  <div class=\"banner has-hover\" id=\"banner-265380481\">\n          <div class=\"banner-inner fill\">\n        <div class=\"banner-bg fill\" >\n            <div class=\"bg fill bg-fill \"><\/div>\n                        <div class=\"overlay\"><\/div>            \n                    <\/div>\n        <div class=\"banner-layers container\">\n            <div class=\"fill banner-link\"><\/div>            \n\n   <div id=\"text-box-1853843548\" class=\"text-box banner-layer x50 md-x50 lg-x50 y80 md-y50 lg-y50 res-text\">\n                                <div class=\"text-box-content text dark\">\n              \n              <div class=\"text-inner text-center\">\n                  \n\n<h1 class=\"uppercase\"><strong>RENFORCEMENT DE LA CHAINE DE VALEUR DE LA CANNE <\/strong>\u00c0 <strong>SUCRE EN INDE<\/strong><\/h1>\n\n              <\/div>\n           <\/div>\n                            \n<style>\n#text-box-1853843548 {\n  width: 85%;\n}\n#text-box-1853843548 .text-box-content {\n  font-size: 100%;\n}\n<\/style>\n    <\/div>\n \n\n        <\/div>\n      <\/div>\n\n            \n<style>\n#banner-265380481 {\n  padding-top: 350px;\n}\n#banner-265380481 .bg.bg-loaded {\n  background-image: url(https:\/\/ksapa.org\/fr\/wp-content\/uploads\/sites\/1\/2021\/10\/pexels-plato-terentev-5909699-scaled.jpg);\n}\n#banner-265380481 .overlay {\n  background-color: rgba(0,0,0,.5);\n}\n#banner-265380481 .bg {\n  background-position: 57% 49%;\n}\n<\/style>\n  <\/div>\n\n\n\t<section class=\"section\" id=\"section_1577542388\">\n\t\t<div class=\"bg section-bg fill bg-fill  bg-loaded\" >\n\n\t\t\t\n\t\t\t\n\t\t\t\n\n\t\t<\/div>\n\n\t\t<div class=\"section-content relative\">\n\t\t\t\n\n<div class=\"row\"  id=\"row-1637535650\">\n\n\n\t<div id=\"col-1358002855\" class=\"col small-12 large-12\"  >\n\t\t\t\t<div class=\"col-inner\"  >\n\t\t\t\n\t\t\t\n\n<p class=\"lead\" style=\"text-align: center\">En Inde, pr\u00e8s de 32 millions de tonne de canne \u00e0 sucre ont \u00e9t\u00e9 cultiv\u00e9s en une ann\u00e9e seulement en 2018. Les enjeux environnementaux et sociaux dans ce secteur sont cruciaux. Ils sont d&rsquo;autant plus critiques que le prix du sucre s&rsquo;effondre dans un contexte de surproduction, ce que les usines ne parviennent pas \u00e0 payer aux producteurs.<\/p>\n<p class=\"lead\" style=\"text-align: center\">Dans ce contexte, nos experts chez Ksapa ont travaill\u00e9 avec des partenaires strat\u00e9giques pour d\u00e9velopper un projet de formation num\u00e9rique. L&rsquo;objectif ? Renforcer les capacit\u00e9s et la r\u00e9silience des producteurs de canne \u00e0 sucre dans les districts de Barabanki et Lucknow.<\/p>\n<h2 class=\"uppercase\" style=\"text-align: left\">LE D\u00e9FI<\/h2>\n<p>Le projet visait \u00e0 encourager l&rsquo;action climatique en aidant les parcelles des petits exploitants \u00e0 obtenir des cr\u00e9dits carbones. Cela permettrait notamment de travailler sur les enjeux de d\u00e9gradation des sols et des r\u00e9serves d&rsquo;eau ainsi que l&rsquo;ins\u00e9curit\u00e9 alimentaire.<\/p>\n<p>L\u2019objectif \u00e9tant de mettre en \u0153uvre des am\u00e9liorations \u00e0 long terme sur des cha\u00eenes de valeur agricoles et des moyens de subsistance des petits exploitants agricoles en Inde, voici trois pistes explor\u00e9es par nos experts :<\/p>\n<ul>\n<li>Am\u00e9liorer la productivit\u00e9 de la canne \u00e0 sucre et r\u00e9duire les co\u00fbts de production annuels ;<\/li>\n<li>Encourager la diversification des cultures, la circularit\u00e9, la valorisation du carbone afin d&rsquo;am\u00e9liorer l&#8217;empreinte environnementale des petits exploitants ;<\/li>\n<li>Avoir un impact positif sur la dynamique sociale \u00e0 travers les communaut\u00e9s productrices de canne \u00e0 sucre en favorisant une plus grande reconnaissance collective des droits de l&rsquo;homme et en affectant l&rsquo;inclusion des jeunes et des femmes dans les activit\u00e9s \u00e9conomiques connexes.<\/li>\n<\/ul>\n\t<div id=\"gap-725456\" class=\"gap-element clearfix\" style=\"display:block; height:auto;\">\n\t\t\n<style>\n#gap-725456 {\n  padding-top: 30px;\n}\n<\/style>\n\t<\/div>\n\t\n\n<h2 class=\"uppercase\" style=\"text-align: left\">NOTRE APPROCHE<\/h2>\n<p>Le programme a \u00e9t\u00e9 lanc\u00e9 par le biais d&rsquo;un m\u00e9canisme de financement mixte. La mise en place d&rsquo;un v\u00e9hicule sp\u00e9cial a permis de combiner des investissements issus du secteur priv\u00e9, des pr\u00eats concessionnels et des subventions.<\/p>\n<p>Notre expert a activement pris part au projet en cr\u00e9ant les synergies avec des acteurs industriels partenaires, des coalitions d&rsquo;entreprises, des organisations \u00e0 but non lucratif et de l&rsquo;informatique dans le cadre d&rsquo;un projet pilote. Nous avons ainsi form\u00e9 100 producteurs de canne \u00e0 sucre sur le terrain, avec un impact positif document\u00e9 pour 500 travailleurs suppl\u00e9mentaires dans la chaine de valeur.<\/p>\n\t<div id=\"gap-68666487\" class=\"gap-element clearfix\" style=\"display:block; height:auto;\">\n\t\t\n<style>\n#gap-68666487 {\n  padding-top: 30px;\n}\n<\/style>\n\t<\/div>\n\t\n\n<h1><span style=\"font-size: 23.04px;text-transform: uppercase\" data-text-color=\"primary\">LES R\u00e9SULTATS ET PROCHAINES \u00e9TAPES<\/span><\/h1>\n<p>Le projet pilote s&rsquo;est d\u00e9roul\u00e9 sur plusieurs ann\u00e9es. L\u2019objectif de ce programme sur le long-terme est d\u2019atteindre 100 000 b\u00e9n\u00e9ficiaires sur les dix prochaines ann\u00e9es.<\/p>\n<div class=\"text-center\"><div class=\"is-divider divider clearfix\" ><\/div><\/div>\n\n<div class=\"row\"  id=\"row-1700903630\">\n\n\n\t<div id=\"col-1158679765\" class=\"col small-12 large-12\"  >\n\t\t\t\t<div class=\"col-inner\"  >\n\t\t\t\n\t\t\t\n\n<h2>En savoir plus<\/h2>\n\t<div id=\"gap-2069112321\" class=\"gap-element clearfix\" style=\"display:block; height:auto;\">\n\t\t\n<style>\n#gap-2069112321 {\n  padding-top: 30px;\n}\n<\/style>\n\t<\/div>\n\t\n\n<div class=\"row\"  id=\"row-259167701\">\n\n\n\t<div id=\"col-879141262\" class=\"col medium-4 small-12 large-4\"  >\n\t\t\t\t<div class=\"col-inner\"  >\n\t\t\t\n\t\t\t\n\n<h3 style=\"text-align: center\"><a href=\"https:\/\/ksapa.org\/fr\/mobiliser\/blog\/\">Article de blog<\/a><\/h3>\n\n  <div class=\"banner has-hover bg-zoom\" id=\"banner-1718202280\">\n          <div class=\"banner-inner fill\">\n        <div class=\"banner-bg fill\" >\n            <div class=\"bg fill bg-fill \"><\/div>\n                        <div class=\"overlay\"><\/div>            \n                    <\/div>\n        <div class=\"banner-layers container\">\n            <a class=\"fill\" href=\"https:\/\/ksapa.org\/fr\/soutenir-les-exploitants-de-plantations-dheveas-indonesiens-en-travaillant-avec-porsche-et-michelin\/\"  ><div class=\"fill banner-link\"><\/div><\/a>            \n\n   <div id=\"text-box-653897310\" class=\"text-box banner-layer x50 md-x50 lg-x50 y50 md-y50 lg-y50 res-text\">\n                                <div class=\"text-box-content text dark\">\n              \n              <div class=\"text-inner text-center\">\n                  \n\n<h2 class=\"thin-font\"><a href=\"https:\/\/ksapa.org\/fr\/soutenir-les-exploitants-de-plantations-dheveas-indonesiens-en-travaillant-avec-porsche-et-michelin\/\">Soutenir les exploitants de plantations d&rsquo;h\u00e9v\u00e9a indon\u00e9sien en travaillant avec Michelin<\/a><\/h2>\n<a href=\"https:\/\/ksapa.org\/fr\/soutenir-les-exploitants-de-plantations-dheveas-indonesiens-en-travaillant-avec-porsche-et-michelin\/\" target=\"_self\" class=\"button white is-outline\"  >\n    <span>Lire la suite<\/span>\n  <\/a>\n\n\n\n              <\/div>\n           <\/div>\n                            \n<style>\n#text-box-653897310 {\n  width: 79%;\n}\n#text-box-653897310 .text-box-content {\n  font-size: 100%;\n}\n<\/style>\n    <\/div>\n \n\n        <\/div>\n      <\/div>\n\n            \n<style>\n#banner-1718202280 {\n  padding-top: 250px;\n}\n#banner-1718202280 .bg.bg-loaded {\n  background-image: url(https:\/\/ksapa.org\/fr\/wp-content\/uploads\/sites\/1\/2021\/10\/Ksapa-Working-With-Porsche-and-Michelin-to-Support-Indonesian-Rubber-Plantation-Farmers-709x400.jpeg);\n}\n#banner-1718202280 .overlay {\n  background-color: rgba(0,0,0,.5);\n}\n<\/style>\n  <\/div>\n\n\n\n\t\t<\/div>\n\t\t\t\t\t<\/div>\n\n\t\n\n\t<div id=\"col-490015670\" class=\"col medium-4 small-12 large-4\"  >\n\t\t\t\t<div class=\"col-inner\"  >\n\t\t\t\n\t\t\t\n\n<h3 style=\"text-align: center\"><a href=\"https:\/\/ksapa.org\/fr\/activer\/\">Nos services<\/a><\/h3>\n\n  <div class=\"banner has-hover bg-zoom\" id=\"banner-1053682229\">\n          <div class=\"banner-inner fill\">\n        <div class=\"banner-bg fill\" >\n            <div class=\"bg fill bg-fill \"><\/div>\n                        <div class=\"overlay\"><\/div>            \n                    <\/div>\n        <div class=\"banner-layers container\">\n            <a class=\"fill\" href=\"https:\/\/ksapa.org\/fr\/activer\/sutti-presentation\/\"  ><div class=\"fill banner-link\"><\/div><\/a>            \n\n   <div id=\"text-box-1803230183\" class=\"text-box banner-layer x50 md-x50 lg-x50 y50 md-y50 lg-y50 res-text\">\n                                <div class=\"text-box-content text dark\">\n              \n              <div class=\"text-inner text-center\">\n                  \n\n<h2 class=\"uppercase\" style=\"text-align: center\"><a href=\"https:\/\/ksapa.org\/fr\/activer\/sutti-presentation\/\">SUTTI<\/a><\/h2>\n<h2 class=\"uppercase thin-font\" style=\"text-align: center\"><a href=\"https:\/\/ksapa.org\/fr\/activer\/sutti-presentation\/\">SCALE UP, training, traceability and impact initiative<\/a><\/h2>\n\n              <\/div>\n           <\/div>\n                            \n<style>\n#text-box-1803230183 {\n  width: 60%;\n}\n#text-box-1803230183 .text-box-content {\n  font-size: 100%;\n}\n<\/style>\n    <\/div>\n \n\n        <\/div>\n      <\/div>\n\n            \n<style>\n#banner-1053682229 {\n  padding-top: 250px;\n}\n#banner-1053682229 .bg.bg-loaded {\n  background-image: url(https:\/\/ksapa.org\/fr\/wp-content\/uploads\/sites\/1\/2021\/04\/investment-5241253_640-600x400.jpg);\n}\n#banner-1053682229 .overlay {\n  background-color: rgba(0,0,0,.5);\n}\n<\/style>\n  <\/div>\n\n\n\n\t\t<\/div>\n\t\t\t\t\t<\/div>\n\n\t\n\n\t<div id=\"col-45433725\" class=\"col medium-4 small-12 large-4\"  >\n\t\t\t\t<div class=\"col-inner\"  >\n\t\t\t\n\t\t\t\n\n    <div class=\"box has-hover has-hover box-text-bottom\" >\n\n                  <div class=\"box-image \" style=\"width:45%;\">\n           <div class=\"box-image-inner image-cover\" style=\"border-radius:100%;padding-top:100%;\">\n              <img decoding=\"async\" width=\"1337\" height=\"1465\" src=\"https:\/\/ksapa.org\/fr\/wp-content\/uploads\/sites\/1\/2019\/11\/Hatim-Issoufaly.jpg\" class=\"attachment- size-\" alt=\"Hatim Issoufaly - Ksapa\" srcset=\"https:\/\/ksapa.org\/fr\/wp-content\/uploads\/sites\/1\/2019\/11\/Hatim-Issoufaly.jpg 1337w, https:\/\/ksapa.org\/fr\/wp-content\/uploads\/sites\/1\/2019\/11\/Hatim-Issoufaly-365x400.jpg 365w, https:\/\/ksapa.org\/fr\/wp-content\/uploads\/sites\/1\/2019\/11\/Hatim-Issoufaly-768x842.jpg 768w, https:\/\/ksapa.org\/fr\/wp-content\/uploads\/sites\/1\/2019\/11\/Hatim-Issoufaly-730x800.jpg 730w\" sizes=\"(max-width: 1337px) 100vw, 1337px\" \/>                         <\/div>\n          <\/div>\n         \n          <div class=\"box-text text-center\" >\n                <div class=\"box-text-inner\">\n                  <h4 class=\"uppercase\">\n                    <span class=\"person-name\">HATIM ISSOUFALY<\/span><br\/>\n                    <span class=\"person-title is-small thin-font op-7\">\n                      DIRECTEUR DES PROGRAMMES                    <\/span>\n                  <\/h4>\n                                  \n\n<a href=\"https:\/\/ksapa.org\/fr\/impliquez-vous\/contact\/\" target=\"_self\" class=\"button primary is-outline\"  style=\"border-radius:99px;\">\n    <span>CONTACTEZ NOUS<\/span>\n  <\/a>\n\n\n\n                <\/div>\n          <\/div>\n    <\/div>\n\n    \n    \n\n\t\t<\/div>\n\t\t\t\t\t<\/div>\n\n\t\n\n<\/div>\n\n\t\t<\/div>\n\t\t\t\t\t<\/div>\n\n\t\n\n<\/div>\n<div class=\"row align-center\"  id=\"row-1210232097\">\n\n\n\t<div id=\"col-293935862\" class=\"col small-12 large-12\"  >\n\t\t\t\t<div class=\"col-inner text-center\"  >\n\t\t\t\n\t\t\t\n\n<a href=\"https:\/\/ksapa.org\/fr\/a-propos\/nos-etudes-de-cas\/\" target=\"_self\" class=\"button primary lowercase\"  style=\"border-radius:99px;\">\n    <span>Nos \u00e9tudes de cas<\/span>\n  <\/a>\n\n\n\n\t\t<\/div>\n\t\t\t\t\t<\/div>\n\n\t\n\n<\/div>\n\n\t\t<\/div>\n\t\t\t\t\t<\/div>\n\n\t\n\n<\/div>\n\n\t\t<\/div>\n\n\t\t\n<style>\n#section_1577542388 {\n  padding-top: 30px;\n  padding-bottom: 30px;\n}\n<\/style>\n\t<\/section>\n\t\n\n","protected":false},"excerpt":{"rendered":"","protected":false},"author":70,"featured_media":5528,"parent":3335,"menu_order":0,"comment_status":"closed","ping_status":"closed","template":"page-blank.php","meta":{"footnotes":""},"class_list":["post-5526","page","type-page","status-publish","has-post-thumbnail","hentry"],"yoast_head":"<!-- This site is optimized with the Yoast SEO plugin v27.3 - https:\/\/yoast.com\/product\/yoast-seo-wordpress\/ -->\n<title>Renforcer la cha\u00eene de valeur de la canne \u00e0 sucre en Inde<\/title>\n<meta name=\"description\" content=\"Les experts Ksapa ont d\u00e9ploy\u00e9 des solutions digitales pour renforcer la durabilit\u00e9 des cultivateurs de canne \u00e0 sucre en Uttar Pradesh, Inde.\" \/>\n<meta name=\"robots\" content=\"index, follow, max-snippet:-1, max-image-preview:large, max-video-preview:-1\" \/>\n<link rel=\"canonical\" href=\"https:\/\/ksapa.org\/fr\/a-propos\/etudes-de-cas-du-defi-esg-vers-la-transformation-odd-durable\/etude-de-cas-renforcement-de-la-chaine-de-valeur-de-la-canne-a-sucre-en-inde\/\" \/>\n<meta property=\"og:locale\" content=\"fr_FR\" \/>\n<meta property=\"og:type\" content=\"article\" \/>\n<meta property=\"og:title\" content=\"Renforcer la cha\u00eene de valeur de la canne \u00e0 sucre en Inde\" \/>\n<meta property=\"og:description\" content=\"Les experts Ksapa ont d\u00e9ploy\u00e9 des solutions digitales pour renforcer la durabilit\u00e9 des cultivateurs de canne \u00e0 sucre en Uttar Pradesh, Inde.\" \/>\n<meta property=\"og:url\" content=\"https:\/\/ksapa.org\/fr\/a-propos\/etudes-de-cas-du-defi-esg-vers-la-transformation-odd-durable\/etude-de-cas-renforcement-de-la-chaine-de-valeur-de-la-canne-a-sucre-en-inde\/\" \/>\n<meta property=\"og:site_name\" content=\"Ksapa - fr\" \/>\n<meta property=\"article:modified_time\" content=\"2025-09-08T10:19:58+00:00\" \/>\n<meta property=\"og:image\" content=\"https:\/\/ksapa.org\/fr\/wp-content\/uploads\/sites\/1\/2021\/10\/pexels-plato-terentev-5909699-scaled.jpg\" \/>\n\t<meta property=\"og:image:width\" content=\"2560\" \/>\n\t<meta property=\"og:image:height\" content=\"1707\" \/>\n\t<meta property=\"og:image:type\" content=\"image\/jpeg\" \/>\n<meta name=\"twitter:card\" content=\"summary_large_image\" \/>\n<meta name=\"twitter:site\" content=\"@KsapaOrg\" \/>\n<meta name=\"twitter:label1\" content=\"Dur\u00e9e de lecture estim\u00e9e\" \/>\n\t<meta name=\"twitter:data1\" content=\"1 minute\" \/>\n<script type=\"application\/ld+json\" class=\"yoast-schema-graph\">{\"@context\":\"https:\\\/\\\/schema.org\",\"@graph\":[{\"@type\":\"WebPage\",\"@id\":\"https:\\\/\\\/ksapa.org\\\/fr\\\/a-propos\\\/etudes-de-cas-du-defi-esg-vers-la-transformation-odd-durable\\\/etude-de-cas-renforcement-de-la-chaine-de-valeur-de-la-canne-a-sucre-en-inde\\\/\",\"url\":\"https:\\\/\\\/ksapa.org\\\/fr\\\/a-propos\\\/etudes-de-cas-du-defi-esg-vers-la-transformation-odd-durable\\\/etude-de-cas-renforcement-de-la-chaine-de-valeur-de-la-canne-a-sucre-en-inde\\\/\",\"name\":\"Renforcer la cha\u00eene de valeur de la canne \u00e0 sucre en Inde\",\"isPartOf\":{\"@id\":\"https:\\\/\\\/ksapa.org\\\/fr\\\/#website\"},\"primaryImageOfPage\":{\"@id\":\"https:\\\/\\\/ksapa.org\\\/fr\\\/a-propos\\\/etudes-de-cas-du-defi-esg-vers-la-transformation-odd-durable\\\/etude-de-cas-renforcement-de-la-chaine-de-valeur-de-la-canne-a-sucre-en-inde\\\/#primaryimage\"},\"image\":{\"@id\":\"https:\\\/\\\/ksapa.org\\\/fr\\\/a-propos\\\/etudes-de-cas-du-defi-esg-vers-la-transformation-odd-durable\\\/etude-de-cas-renforcement-de-la-chaine-de-valeur-de-la-canne-a-sucre-en-inde\\\/#primaryimage\"},\"thumbnailUrl\":\"https:\\\/\\\/ksapa.org\\\/fr\\\/wp-content\\\/uploads\\\/sites\\\/1\\\/2021\\\/10\\\/pexels-plato-terentev-5909699-scaled.jpg\",\"datePublished\":\"2021-10-25T11:37:34+00:00\",\"dateModified\":\"2025-09-08T10:19:58+00:00\",\"description\":\"Les experts Ksapa ont d\u00e9ploy\u00e9 des solutions digitales pour renforcer la durabilit\u00e9 des cultivateurs de canne \u00e0 sucre en Uttar Pradesh, Inde.\",\"breadcrumb\":{\"@id\":\"https:\\\/\\\/ksapa.org\\\/fr\\\/a-propos\\\/etudes-de-cas-du-defi-esg-vers-la-transformation-odd-durable\\\/etude-de-cas-renforcement-de-la-chaine-de-valeur-de-la-canne-a-sucre-en-inde\\\/#breadcrumb\"},\"inLanguage\":\"fr-FR\",\"potentialAction\":[{\"@type\":\"ReadAction\",\"target\":[\"https:\\\/\\\/ksapa.org\\\/fr\\\/a-propos\\\/etudes-de-cas-du-defi-esg-vers-la-transformation-odd-durable\\\/etude-de-cas-renforcement-de-la-chaine-de-valeur-de-la-canne-a-sucre-en-inde\\\/\"]}]},{\"@type\":\"ImageObject\",\"inLanguage\":\"fr-FR\",\"@id\":\"https:\\\/\\\/ksapa.org\\\/fr\\\/a-propos\\\/etudes-de-cas-du-defi-esg-vers-la-transformation-odd-durable\\\/etude-de-cas-renforcement-de-la-chaine-de-valeur-de-la-canne-a-sucre-en-inde\\\/#primaryimage\",\"url\":\"https:\\\/\\\/ksapa.org\\\/fr\\\/wp-content\\\/uploads\\\/sites\\\/1\\\/2021\\\/10\\\/pexels-plato-terentev-5909699-scaled.jpg\",\"contentUrl\":\"https:\\\/\\\/ksapa.org\\\/fr\\\/wp-content\\\/uploads\\\/sites\\\/1\\\/2021\\\/10\\\/pexels-plato-terentev-5909699-scaled.jpg\",\"width\":2560,\"height\":1707,\"caption\":\"Renforcer la cha\u00eene de valeur de la canne \u00e0 sucre en Inde\"},{\"@type\":\"BreadcrumbList\",\"@id\":\"https:\\\/\\\/ksapa.org\\\/fr\\\/a-propos\\\/etudes-de-cas-du-defi-esg-vers-la-transformation-odd-durable\\\/etude-de-cas-renforcement-de-la-chaine-de-valeur-de-la-canne-a-sucre-en-inde\\\/#breadcrumb\",\"itemListElement\":[{\"@type\":\"ListItem\",\"position\":1,\"name\":\"Home\",\"item\":\"https:\\\/\\\/ksapa.org\\\/fr\\\/\"},{\"@type\":\"ListItem\",\"position\":2,\"name\":\"\u00c0 propos\",\"item\":\"https:\\\/\\\/ksapa.org\\\/fr\\\/a-propos\\\/\"},{\"@type\":\"ListItem\",\"position\":3,\"name\":\"Etudes de cas\",\"item\":\"https:\\\/\\\/ksapa.org\\\/fr\\\/a-propos\\\/etudes-de-cas-du-defi-esg-vers-la-transformation-odd-durable\\\/\"},{\"@type\":\"ListItem\",\"position\":4,\"name\":\"Renforcer la cha\u00eene de valeur de la canne \u00e0 sucre en Inde\"}]},{\"@type\":\"WebSite\",\"@id\":\"https:\\\/\\\/ksapa.org\\\/fr\\\/#website\",\"url\":\"https:\\\/\\\/ksapa.org\\\/fr\\\/\",\"name\":\"Ksapa - fr\",\"description\":\"\",\"publisher\":{\"@id\":\"https:\\\/\\\/ksapa.org\\\/fr\\\/#organization\"},\"potentialAction\":[{\"@type\":\"SearchAction\",\"target\":{\"@type\":\"EntryPoint\",\"urlTemplate\":\"https:\\\/\\\/ksapa.org\\\/fr\\\/?s={search_term_string}\"},\"query-input\":{\"@type\":\"PropertyValueSpecification\",\"valueRequired\":true,\"valueName\":\"search_term_string\"}}],\"inLanguage\":\"fr-FR\"},{\"@type\":\"Organization\",\"@id\":\"https:\\\/\\\/ksapa.org\\\/fr\\\/#organization\",\"name\":\"ksapa\",\"url\":\"https:\\\/\\\/ksapa.org\\\/fr\\\/\",\"logo\":{\"@type\":\"ImageObject\",\"inLanguage\":\"fr-FR\",\"@id\":\"https:\\\/\\\/ksapa.org\\\/fr\\\/#\\\/schema\\\/logo\\\/image\\\/\",\"url\":\"https:\\\/\\\/ksapa.org\\\/fr\\\/wp-content\\\/uploads\\\/sites\\\/1\\\/2019\\\/06\\\/icone-ksapa.jpg\",\"contentUrl\":\"https:\\\/\\\/ksapa.org\\\/fr\\\/wp-content\\\/uploads\\\/sites\\\/1\\\/2019\\\/06\\\/icone-ksapa.jpg\",\"width\":\"442\",\"height\":\"421\",\"caption\":\"ksapa\"},\"image\":{\"@id\":\"https:\\\/\\\/ksapa.org\\\/fr\\\/#\\\/schema\\\/logo\\\/image\\\/\"},\"sameAs\":[\"https:\\\/\\\/x.com\\\/KsapaOrg\"]}]}<\/script>\n<!-- \/ Yoast SEO plugin. -->","yoast_head_json":{"title":"Renforcer la cha\u00eene de valeur de la canne \u00e0 sucre en Inde","description":"Les experts Ksapa ont d\u00e9ploy\u00e9 des solutions digitales pour renforcer la durabilit\u00e9 des cultivateurs de canne \u00e0 sucre en Uttar Pradesh, Inde.","robots":{"index":"index","follow":"follow","max-snippet":"max-snippet:-1","max-image-preview":"max-image-preview:large","max-video-preview":"max-video-preview:-1"},"canonical":"https:\/\/ksapa.org\/fr\/a-propos\/etudes-de-cas-du-defi-esg-vers-la-transformation-odd-durable\/etude-de-cas-renforcement-de-la-chaine-de-valeur-de-la-canne-a-sucre-en-inde\/","og_locale":"fr_FR","og_type":"article","og_title":"Renforcer la cha\u00eene de valeur de la canne \u00e0 sucre en Inde","og_description":"Les experts Ksapa ont d\u00e9ploy\u00e9 des solutions digitales pour renforcer la durabilit\u00e9 des cultivateurs de canne \u00e0 sucre en Uttar Pradesh, Inde.","og_url":"https:\/\/ksapa.org\/fr\/a-propos\/etudes-de-cas-du-defi-esg-vers-la-transformation-odd-durable\/etude-de-cas-renforcement-de-la-chaine-de-valeur-de-la-canne-a-sucre-en-inde\/","og_site_name":"Ksapa - fr","article_modified_time":"2025-09-08T10:19:58+00:00","og_image":[{"width":2560,"height":1707,"url":"https:\/\/ksapa.org\/fr\/wp-content\/uploads\/sites\/1\/2021\/10\/pexels-plato-terentev-5909699-scaled.jpg","type":"image\/jpeg"}],"twitter_card":"summary_large_image","twitter_site":"@KsapaOrg","twitter_misc":{"Dur\u00e9e de lecture estim\u00e9e":"1 minute"},"schema":{"@context":"https:\/\/schema.org","@graph":[{"@type":"WebPage","@id":"https:\/\/ksapa.org\/fr\/a-propos\/etudes-de-cas-du-defi-esg-vers-la-transformation-odd-durable\/etude-de-cas-renforcement-de-la-chaine-de-valeur-de-la-canne-a-sucre-en-inde\/","url":"https:\/\/ksapa.org\/fr\/a-propos\/etudes-de-cas-du-defi-esg-vers-la-transformation-odd-durable\/etude-de-cas-renforcement-de-la-chaine-de-valeur-de-la-canne-a-sucre-en-inde\/","name":"Renforcer la cha\u00eene de valeur de la canne \u00e0 sucre en Inde","isPartOf":{"@id":"https:\/\/ksapa.org\/fr\/#website"},"primaryImageOfPage":{"@id":"https:\/\/ksapa.org\/fr\/a-propos\/etudes-de-cas-du-defi-esg-vers-la-transformation-odd-durable\/etude-de-cas-renforcement-de-la-chaine-de-valeur-de-la-canne-a-sucre-en-inde\/#primaryimage"},"image":{"@id":"https:\/\/ksapa.org\/fr\/a-propos\/etudes-de-cas-du-defi-esg-vers-la-transformation-odd-durable\/etude-de-cas-renforcement-de-la-chaine-de-valeur-de-la-canne-a-sucre-en-inde\/#primaryimage"},"thumbnailUrl":"https:\/\/ksapa.org\/fr\/wp-content\/uploads\/sites\/1\/2021\/10\/pexels-plato-terentev-5909699-scaled.jpg","datePublished":"2021-10-25T11:37:34+00:00","dateModified":"2025-09-08T10:19:58+00:00","description":"Les experts Ksapa ont d\u00e9ploy\u00e9 des solutions digitales pour renforcer la durabilit\u00e9 des cultivateurs de canne \u00e0 sucre en Uttar Pradesh, Inde.","breadcrumb":{"@id":"https:\/\/ksapa.org\/fr\/a-propos\/etudes-de-cas-du-defi-esg-vers-la-transformation-odd-durable\/etude-de-cas-renforcement-de-la-chaine-de-valeur-de-la-canne-a-sucre-en-inde\/#breadcrumb"},"inLanguage":"fr-FR","potentialAction":[{"@type":"ReadAction","target":["https:\/\/ksapa.org\/fr\/a-propos\/etudes-de-cas-du-defi-esg-vers-la-transformation-odd-durable\/etude-de-cas-renforcement-de-la-chaine-de-valeur-de-la-canne-a-sucre-en-inde\/"]}]},{"@type":"ImageObject","inLanguage":"fr-FR","@id":"https:\/\/ksapa.org\/fr\/a-propos\/etudes-de-cas-du-defi-esg-vers-la-transformation-odd-durable\/etude-de-cas-renforcement-de-la-chaine-de-valeur-de-la-canne-a-sucre-en-inde\/#primaryimage","url":"https:\/\/ksapa.org\/fr\/wp-content\/uploads\/sites\/1\/2021\/10\/pexels-plato-terentev-5909699-scaled.jpg","contentUrl":"https:\/\/ksapa.org\/fr\/wp-content\/uploads\/sites\/1\/2021\/10\/pexels-plato-terentev-5909699-scaled.jpg","width":2560,"height":1707,"caption":"Renforcer la cha\u00eene de valeur de la canne \u00e0 sucre en Inde"},{"@type":"BreadcrumbList","@id":"https:\/\/ksapa.org\/fr\/a-propos\/etudes-de-cas-du-defi-esg-vers-la-transformation-odd-durable\/etude-de-cas-renforcement-de-la-chaine-de-valeur-de-la-canne-a-sucre-en-inde\/#breadcrumb","itemListElement":[{"@type":"ListItem","position":1,"name":"Home","item":"https:\/\/ksapa.org\/fr\/"},{"@type":"ListItem","position":2,"name":"\u00c0 propos","item":"https:\/\/ksapa.org\/fr\/a-propos\/"},{"@type":"ListItem","position":3,"name":"Etudes de cas","item":"https:\/\/ksapa.org\/fr\/a-propos\/etudes-de-cas-du-defi-esg-vers-la-transformation-odd-durable\/"},{"@type":"ListItem","position":4,"name":"Renforcer la cha\u00eene de valeur de la canne \u00e0 sucre en Inde"}]},{"@type":"WebSite","@id":"https:\/\/ksapa.org\/fr\/#website","url":"https:\/\/ksapa.org\/fr\/","name":"Ksapa - fr","description":"","publisher":{"@id":"https:\/\/ksapa.org\/fr\/#organization"},"potentialAction":[{"@type":"SearchAction","target":{"@type":"EntryPoint","urlTemplate":"https:\/\/ksapa.org\/fr\/?s={search_term_string}"},"query-input":{"@type":"PropertyValueSpecification","valueRequired":true,"valueName":"search_term_string"}}],"inLanguage":"fr-FR"},{"@type":"Organization","@id":"https:\/\/ksapa.org\/fr\/#organization","name":"ksapa","url":"https:\/\/ksapa.org\/fr\/","logo":{"@type":"ImageObject","inLanguage":"fr-FR","@id":"https:\/\/ksapa.org\/fr\/#\/schema\/logo\/image\/","url":"https:\/\/ksapa.org\/fr\/wp-content\/uploads\/sites\/1\/2019\/06\/icone-ksapa.jpg","contentUrl":"https:\/\/ksapa.org\/fr\/wp-content\/uploads\/sites\/1\/2019\/06\/icone-ksapa.jpg","width":"442","height":"421","caption":"ksapa"},"image":{"@id":"https:\/\/ksapa.org\/fr\/#\/schema\/logo\/image\/"},"sameAs":["https:\/\/x.com\/KsapaOrg"]}]}},"_links":{"self":[{"href":"https:\/\/ksapa.org\/fr\/wp-json\/wp\/v2\/pages\/5526","targetHints":{"allow":["GET"]}}],"collection":[{"href":"https:\/\/ksapa.org\/fr\/wp-json\/wp\/v2\/pages"}],"about":[{"href":"https:\/\/ksapa.org\/fr\/wp-json\/wp\/v2\/types\/page"}],"author":[{"embeddable":true,"href":"https:\/\/ksapa.org\/fr\/wp-json\/wp\/v2\/users\/70"}],"replies":[{"embeddable":true,"href":"https:\/\/ksapa.org\/fr\/wp-json\/wp\/v2\/comments?post=5526"}],"version-history":[{"count":7,"href":"https:\/\/ksapa.org\/fr\/wp-json\/wp\/v2\/pages\/5526\/revisions"}],"predecessor-version":[{"id":10752,"href":"https:\/\/ksapa.org\/fr\/wp-json\/wp\/v2\/pages\/5526\/revisions\/10752"}],"up":[{"embeddable":true,"href":"https:\/\/ksapa.org\/fr\/wp-json\/wp\/v2\/pages\/3335"}],"wp:featuredmedia":[{"embeddable":true,"href":"https:\/\/ksapa.org\/fr\/wp-json\/wp\/v2\/media\/5528"}],"wp:attachment":[{"href":"https:\/\/ksapa.org\/fr\/wp-json\/wp\/v2\/media?parent=5526"}],"curies":[{"name":"wp","href":"https:\/\/api.w.org\/{rel}","templated":true}]}}