{"id":7630,"date":"2023-06-08T14:10:49","date_gmt":"2023-06-08T13:10:49","guid":{"rendered":"https:\/\/ksapa.org\/fr\/?page_id=7630"},"modified":"2025-10-06T14:50:24","modified_gmt":"2025-10-06T13:50:24","slug":"initiatives-collaboratives","status":"publish","type":"page","link":"https:\/\/ksapa.org\/fr\/mobiliser\/initiatives-collaboratives\/","title":{"rendered":"Initiatives collaboratives"},"content":{"rendered":"\n\n  <div class=\"banner has-hover\" id=\"banner-338694054\">\n          <div class=\"banner-inner fill\">\n        <div class=\"banner-bg fill\" >\n            <div class=\"bg fill bg-fill \"><\/div>\n                        <div class=\"overlay\"><\/div>            \n                    <\/div>\n        <div class=\"banner-layers container\">\n            <div class=\"fill banner-link\"><\/div>            \n\n   <div id=\"text-box-1294586151\" class=\"text-box banner-layer x50 md-x50 lg-x50 y50 md-y50 lg-y50 res-text\">\n                                <div class=\"text-box-content text dark\">\n              \n              <div class=\"text-inner text-center\">\n                  \n\n<h1 class=\"uppercase\"><strong>nos initiatives collaboratives&nbsp;<\/strong><\/h1>\n<div class=\"is-divider divider clearfix\" style=\"background-color:rgb(255, 255, 255);\"><\/div>\n\n\n              <\/div>\n           <\/div>\n                            \n<style>\n#text-box-1294586151 {\n  width: 93%;\n}\n#text-box-1294586151 .text-box-content {\n  font-size: 100%;\n}\n@media (min-width:850px) {\n  #text-box-1294586151 {\n    width: 99%;\n  }\n}\n<\/style>\n    <\/div>\n \n\n        <\/div>\n      <\/div>\n\n            \n<style>\n#banner-338694054 {\n  padding-top: 350px;\n  background-color: rgb(255,255,255);\n}\n#banner-338694054 .bg.bg-loaded {\n  background-image: url(https:\/\/ksapa.org\/fr\/wp-content\/uploads\/sites\/1\/2023\/06\/business-innovation-money-icon-40218.jpeg);\n}\n#banner-338694054 .overlay {\n  background-color: rgba(0,0,0,.5);\n}\n#banner-338694054 .bg {\n  background-position: 59% 47%;\n}\n<\/style>\n  <\/div>\n\n\n\t<section class=\"section\" id=\"section_1064735631\">\n\t\t<div class=\"bg section-bg fill bg-fill  bg-loaded\" >\n\n\t\t\t\n\t\t\t\n\t\t\t\n\n\t\t<\/div>\n\n\t\t<div class=\"section-content relative\">\n\t\t\t\n\n<div class=\"row align-middle align-center\"  id=\"row-26412525\">\n\n\n\t<div id=\"col-1365875397\" class=\"col small-12 large-12\"  >\n\t\t\t\t<div class=\"col-inner text-center\"  >\n\t\t\t\n\t\t\t\n\n\t<div id=\"text-567832795\" class=\"text\">\n\t\t\n\n<h3 style=\"text-align: center\"><span data-text-color=\"primary\"><strong>Adaptez votre business model en collaborant avec des pairs et parties prenantes !<\/strong><\/span><\/h3>\n\t\t\n<style>\n#text-567832795 {\n  font-size: 1.4rem;\n}\n<\/style>\n\t<\/div>\n\t\n<div class=\"text-center\"><div class=\"is-divider divider clearfix\" ><\/div><\/div>\n\n<h3 class=\"thin-font\" style=\"text-align: center\"><strong>Ksapa apporte m\u00e9thodologies, r\u00e9seau et savoir-faire pour organiser et animer des initiatives collaboratives et soutenir les acteurs priv\u00e9es et publics dans leur engagement RSE pour d\u00e9velopper des programmes collectifs.&nbsp;<\/strong><\/h3>\n\t<div id=\"gap-1533723207\" class=\"gap-element clearfix\" style=\"display:block; height:auto;\">\n\t\t\n<style>\n#gap-1533723207 {\n  padding-top: 30px;\n}\n<\/style>\n\t<\/div>\n\t\n\n<h3 class=\"thin-font\" style=\"text-align: center\">En tant qu&rsquo;entreprise \u00e0 mission, Ksapa organise et coordonne des <strong>groupes de travail collaboratifs<\/strong> r\u00e9unissant plusieurs acteurs souhaitant avancer ensemble sur leurs <strong>d\u00e9fis sociaux, soci\u00e9taux et environnementaux.<\/strong> Ces derniers permettent aux participants de se r\u00e9unir et d&rsquo;\u00e9changer sur leurs enjeux et leurs objectifs, et facilite le <strong>partage de savoir-faire<\/strong>.<\/h3>\n<h3 class=\"thin-font\" style=\"text-align: center\">Au coeur des \u00e9changes, Ksapa apporte son expertise, ses m\u00e9thodologies, et ses r\u00e9seaux internationaux pour garantir la qualit\u00e9 du dialogue et la mise en place de r\u00e9flexions op\u00e9rationnelles. Plusieurs initiatives d\u00e9j\u00e0 en place et&nbsp; dirig\u00e9es par Ksapa peuvent inclure: Coordination de 14 soci\u00e9t\u00e9s de gestion d\u00e9sireuses de renforcer leur approche m\u00e9thodologique de due diligence droits humains en private equity, alignement des attentes entre agences bilat\u00e9rales et multilat\u00e9rales de financement et soci\u00e9t\u00e9s de construction sur des grilles d&rsquo;\u00e9valuation de prise en compte d&rsquo;enjeux climat et droits humains dans les projets de grandes infrastructures, coordination d&rsquo;acheteurs soumis aux r\u00e8glementations USA \/ UE en mati\u00e8re de conformit\u00e9 dans les achats int\u00e9grant des technologies vertes (solaire, \u00e9olien, batteries&#8230;), animation de programmes territoriaux multipartites apportant d\u00e9carbonation et croissance inclusive d\u00e9ploy\u00e9s au sein de diff\u00e9rentes \u00e9conomies \u00e9mergentes dans le monde&#8230; <\/h3>\n\t<div id=\"gap-778851549\" class=\"gap-element clearfix\" style=\"display:block; height:auto;\">\n\t\t\n<style>\n#gap-778851549 {\n  padding-top: 30px;\n}\n<\/style>\n\t<\/div>\n\t\n\n\t<div id=\"text-2710731708\" class=\"text\">\n\t\t\n\n<p class=\"lead\"><strong>Des questions ?<\/strong><\/p>\n\t\t\n<style>\n#text-2710731708 {\n  text-align: center;\n}\n<\/style>\n\t<\/div>\n\t\n<a href=\"https:\/\/ksapa.org\/fr\/impliquez-vous\/contact\/\" target=\"_self\" class=\"button primary\"  >\n    <span>Contactez-nous !<\/span>\n  <\/a>\n\n\n<div class=\"row\"  id=\"row-704017550\">\n\n\n\t<div id=\"col-1461247984\" class=\"col small-12 large-12\"  >\n\t\t\t\t<div class=\"col-inner\"  >\n\t\t\t\n\t\t\t\n\n\t<div id=\"text-2609385174\" class=\"text\">\n\t\t\n\n<p style=\"text-align: center\">En attendant ? Rendez-vous sur <a href=\"https:\/\/ksapa.org\/fr\/mobiliser\/blog\/\">notre blog<\/a> et notre rubrique \u00ab\u00a0<a href=\"https:\/\/ksapa.org\/fr\/conseiller\/\">Conseiller<\/a>\u00a0\u00bb pour consulter nos offres d&rsquo;accompagnement.&nbsp;&nbsp;<\/p>\n\t\t\n<style>\n#text-2609385174 {\n  font-size: 1.2rem;\n  color: rgb(72, 107, 106);\n}\n#text-2609385174 > * {\n  color: rgb(72, 107, 106);\n}\n<\/style>\n\t<\/div>\n\t\n\n\t\t<\/div>\n\t\t\t\t\t<\/div>\n\n\t\n\n<\/div>\n<div class=\"row align-center\"  id=\"row-827203696\">\n\n\n\t<div id=\"col-892163492\" class=\"col medium-4 small-12 large-4\"  >\n\t\t\t\t<div class=\"col-inner\"  >\n\t\t\t\n\t\t\t\n\n<h3><a href=\"https:\/\/ksapa.org\/fr\/conseiller\/\">D\u00e9couvrez nos services<\/a><\/h3>\n\n  <div class=\"banner has-hover bg-zoom-long\" id=\"banner-105757684\">\n          <div class=\"banner-inner fill\">\n        <div class=\"banner-bg fill\" >\n            <div class=\"bg fill bg-fill \"><\/div>\n                        <div class=\"overlay\"><\/div>            \n                    <\/div>\n        <div class=\"banner-layers container\">\n            <a class=\"fill\" href=\"https:\/\/ksapa.org\/fr\/conseiller\/\"  ><div class=\"fill banner-link\"><\/div><\/a>            \n\n   <div id=\"text-box-1056490001\" class=\"text-box banner-layer x50 md-x50 lg-x50 y50 md-y50 lg-y50 res-text\">\n                                <div class=\"text-box-content text dark\">\n              \n              <div class=\"text-inner text-center\">\n                  \n\n\t<div id=\"text-2738129829\" class=\"text\">\n\t\t\n\n<h2 class=\"uppercase\"><a href=\"https:\/\/ksapa.org\/fr\/conseiller\/\"><strong>CONSEILLER<\/strong><\/a><\/h2>\n\t\t\n<style>\n#text-2738129829 {\n  line-height: 2.5;\n}\n<\/style>\n\t<\/div>\n\t\n<div class=\"is-divider divider clearfix\" ><\/div>\n\n\n              <\/div>\n           <\/div>\n                            \n<style>\n#text-box-1056490001 {\n  width: 60%;\n}\n#text-box-1056490001 .text-box-content {\n  font-size: 100%;\n}\n<\/style>\n    <\/div>\n \n\n        <\/div>\n      <\/div>\n\n            \n<style>\n#banner-105757684 {\n  padding-top: 250px;\n}\n#banner-105757684 .bg.bg-loaded {\n  background-image: url(https:\/\/ksapa.org\/fr\/wp-content\/uploads\/sites\/1\/2019\/06\/Advise-sustainability-trends-strategic-ksapa-1067x800.jpg);\n}\n#banner-105757684 .overlay {\n  background-color: rgba(0,0,0,.5);\n}\n#banner-105757684 .bg {\n  background-position: 63% 0%;\n}\n<\/style>\n  <\/div>\n\n\n\n\t\t<\/div>\n\t\t\t\t\t<\/div>\n\n\t\n\n\t<div id=\"col-754745037\" class=\"col medium-4 small-12 large-4\"  >\n\t\t\t\t<div class=\"col-inner\"  >\n\t\t\t\n\t\t\t\n\n<h3><a href=\"https:\/\/ksapa.org\/fr\/mobiliser\/blog\/\">Notre blog<\/a><\/h3>\n\n  <div class=\"banner has-hover bg-zoom-long\" id=\"banner-1247237909\">\n          <div class=\"banner-inner fill\">\n        <div class=\"banner-bg fill\" >\n            <div class=\"bg fill bg-fill \"><\/div>\n                        <div class=\"overlay\"><\/div>            \n                    <\/div>\n        <div class=\"banner-layers container\">\n            <a class=\"fill\" href=\"https:\/\/ksapa.org\/fr\/mobiliser\/blog\/\"  ><div class=\"fill banner-link\"><\/div><\/a>            \n\n   <div id=\"text-box-1036926154\" class=\"text-box banner-layer x50 md-x50 lg-x50 y50 md-y50 lg-y50 res-text\">\n                                <div class=\"text-box-content text dark\">\n              \n              <div class=\"text-inner text-center\">\n                  \n\n\t<div id=\"text-1067557532\" class=\"text\">\n\t\t\n\n<h2 class=\"uppercase\"><a href=\"https:\/\/ksapa.org\/fr\/mobiliser\/blog\/\"><strong>Blog<\/strong><\/a><\/h2>\n\t\t\n<style>\n#text-1067557532 {\n  line-height: 2.5;\n}\n<\/style>\n\t<\/div>\n\t\n<div class=\"is-divider divider clearfix\" ><\/div>\n\n\n              <\/div>\n           <\/div>\n                            \n<style>\n#text-box-1036926154 {\n  width: 60%;\n}\n#text-box-1036926154 .text-box-content {\n  font-size: 100%;\n}\n<\/style>\n    <\/div>\n \n\n        <\/div>\n      <\/div>\n\n            \n<style>\n#banner-1247237909 {\n  padding-top: 250px;\n}\n#banner-1247237909 .bg.bg-loaded {\n  background-image: url(https:\/\/ksapa.org\/fr\/wp-content\/uploads\/sites\/1\/2023\/06\/blog.jpg);\n}\n#banner-1247237909 .overlay {\n  background-color: rgba(0,0,0,.5);\n}\n#banner-1247237909 .bg {\n  background-position: 63% 0%;\n}\n<\/style>\n  <\/div>\n\n\n\n\t\t<\/div>\n\t\t\t\t\t<\/div>\n\n\t\n\n\t<div id=\"col-1346516854\" class=\"col medium-4 small-12 large-4\"  >\n\t\t\t\t<div class=\"col-inner\"  >\n\t\t\t\n\t\t\t\n\n<h3><a href=\"https:\/\/ksapa.org\/fr\/a-propos\/etudes-de-cas-du-defi-esg-vers-la-transformation-odd-durable\/\">Nos accompagnements<\/a><\/h3>\n\n  <div class=\"banner has-hover bg-zoom-long\" id=\"banner-1115496650\">\n          <div class=\"banner-inner fill\">\n        <div class=\"banner-bg fill\" >\n            <div class=\"bg fill bg-fill \"><\/div>\n                        <div class=\"overlay\"><\/div>            \n                    <\/div>\n        <div class=\"banner-layers container\">\n            <a class=\"fill\" href=\"https:\/\/ksapa.org\/fr\/a-propos\/nos-etudes-de-cas\/\"  ><div class=\"fill banner-link\"><\/div><\/a>            \n\n   <div id=\"text-box-29637924\" class=\"text-box banner-layer x50 md-x50 lg-x50 y50 md-y50 lg-y50 res-text\">\n                                <div class=\"text-box-content text dark\">\n              \n              <div class=\"text-inner text-center\">\n                  \n\n\t<div id=\"text-1559277187\" class=\"text\">\n\t\t\n\n<h2 class=\"uppercase\"><a href=\"https:\/\/ksapa.org\/fr\/a-propos\/etudes-de-cas-du-defi-esg-vers-la-transformation-odd-durable\/\"><b>Nos \u00e9tudes de cas<\/b><\/a><\/h2>\n\t\t\n<style>\n#text-1559277187 {\n  line-height: 2.5;\n}\n<\/style>\n\t<\/div>\n\t\n<div class=\"is-divider divider clearfix\" ><\/div>\n\n\n              <\/div>\n           <\/div>\n                            \n<style>\n#text-box-29637924 {\n  width: 60%;\n}\n#text-box-29637924 .text-box-content {\n  font-size: 100%;\n}\n<\/style>\n    <\/div>\n \n\n        <\/div>\n      <\/div>\n\n            \n<style>\n#banner-1115496650 {\n  padding-top: 250px;\n}\n#banner-1115496650 .bg.bg-loaded {\n  background-image: url(https:\/\/ksapa.org\/fr\/wp-content\/uploads\/sites\/1\/2021\/08\/pexels-mentatdgt-2173508-1200x800.jpg);\n}\n#banner-1115496650 .overlay {\n  background-color: rgba(0,0,0,.5);\n}\n#banner-1115496650 .bg {\n  background-position: 63% 0%;\n}\n<\/style>\n  <\/div>\n\n\n\n\t\t<\/div>\n\t\t\t\t\t<\/div>\n\n\t\n\n<\/div>\n\n\t\t<\/div>\n\t\t\t\t\t<\/div>\n\n\t\n\n<\/div>\n\n\t\t<\/div>\n\n\t\t\n<style>\n#section_1064735631 {\n  padding-top: 30px;\n  padding-bottom: 30px;\n}\n<\/style>\n\t<\/section>\n\t\n\n","protected":false},"excerpt":{"rendered":"","protected":false},"author":86,"featured_media":7639,"parent":517,"menu_order":0,"comment_status":"closed","ping_status":"closed","template":"page-blank.php","meta":{"footnotes":""},"class_list":["post-7630","page","type-page","status-publish","has-post-thumbnail","hentry"],"yoast_head":"<!-- This site is optimized with the Yoast SEO plugin v27.3 - https:\/\/yoast.com\/product\/yoast-seo-wordpress\/ -->\n<title>Nos initiatives collaboratives : un accompagnement durable<\/title>\n<meta name=\"description\" content=\"Ksapa apporte m\u00e9thodologies, r\u00e9seaux internationaux, et savoir faire pour organiser et animer des initiatives collaboratives, et soutenir les acteurs priv\u00e9s et publics dans leur engagement RSE pour d\u00e9velopper des programmes collectifs.\" \/>\n<meta name=\"robots\" content=\"index, follow, max-snippet:-1, max-image-preview:large, max-video-preview:-1\" \/>\n<link rel=\"canonical\" href=\"https:\/\/ksapa.org\/fr\/mobiliser\/initiatives-collaboratives\/\" \/>\n<meta property=\"og:locale\" content=\"fr_FR\" \/>\n<meta property=\"og:type\" content=\"article\" \/>\n<meta property=\"og:title\" content=\"Nos initiatives collaboratives : un accompagnement durable\" \/>\n<meta property=\"og:description\" content=\"Ksapa apporte m\u00e9thodologies, r\u00e9seaux internationaux, et savoir faire pour organiser et animer des initiatives collaboratives, et soutenir les acteurs priv\u00e9s et publics dans leur engagement RSE pour d\u00e9velopper des programmes collectifs.\" \/>\n<meta property=\"og:url\" content=\"https:\/\/ksapa.org\/fr\/mobiliser\/initiatives-collaboratives\/\" \/>\n<meta property=\"og:site_name\" content=\"Ksapa - fr\" \/>\n<meta property=\"article:modified_time\" content=\"2025-10-06T13:50:24+00:00\" \/>\n<meta property=\"og:image\" content=\"https:\/\/ksapa.org\/fr\/wp-content\/uploads\/sites\/1\/2023\/06\/business-innovation-money-icon-40218.jpeg\" \/>\n\t<meta property=\"og:image:width\" content=\"2250\" \/>\n\t<meta property=\"og:image:height\" content=\"1500\" \/>\n\t<meta property=\"og:image:type\" content=\"image\/jpeg\" \/>\n<meta name=\"twitter:card\" content=\"summary_large_image\" \/>\n<meta name=\"twitter:site\" content=\"@KsapaOrg\" \/>\n<meta name=\"twitter:label1\" content=\"Dur\u00e9e de lecture estim\u00e9e\" \/>\n\t<meta name=\"twitter:data1\" content=\"3 minutes\" \/>\n<script type=\"application\/ld+json\" class=\"yoast-schema-graph\">{\"@context\":\"https:\\\/\\\/schema.org\",\"@graph\":[{\"@type\":\"WebPage\",\"@id\":\"https:\\\/\\\/ksapa.org\\\/fr\\\/mobiliser\\\/initiatives-collaboratives\\\/\",\"url\":\"https:\\\/\\\/ksapa.org\\\/fr\\\/mobiliser\\\/initiatives-collaboratives\\\/\",\"name\":\"Nos initiatives collaboratives : un accompagnement durable\",\"isPartOf\":{\"@id\":\"https:\\\/\\\/ksapa.org\\\/fr\\\/#website\"},\"primaryImageOfPage\":{\"@id\":\"https:\\\/\\\/ksapa.org\\\/fr\\\/mobiliser\\\/initiatives-collaboratives\\\/#primaryimage\"},\"image\":{\"@id\":\"https:\\\/\\\/ksapa.org\\\/fr\\\/mobiliser\\\/initiatives-collaboratives\\\/#primaryimage\"},\"thumbnailUrl\":\"https:\\\/\\\/ksapa.org\\\/fr\\\/wp-content\\\/uploads\\\/sites\\\/1\\\/2023\\\/06\\\/business-innovation-money-icon-40218.jpeg\",\"datePublished\":\"2023-06-08T13:10:49+00:00\",\"dateModified\":\"2025-10-06T13:50:24+00:00\",\"description\":\"Ksapa apporte m\u00e9thodologies, r\u00e9seaux internationaux, et savoir faire pour organiser et animer des initiatives collaboratives, et soutenir les acteurs priv\u00e9s et publics dans leur engagement RSE pour d\u00e9velopper des programmes collectifs.\",\"breadcrumb\":{\"@id\":\"https:\\\/\\\/ksapa.org\\\/fr\\\/mobiliser\\\/initiatives-collaboratives\\\/#breadcrumb\"},\"inLanguage\":\"fr-FR\",\"potentialAction\":[{\"@type\":\"ReadAction\",\"target\":[\"https:\\\/\\\/ksapa.org\\\/fr\\\/mobiliser\\\/initiatives-collaboratives\\\/\"]}]},{\"@type\":\"ImageObject\",\"inLanguage\":\"fr-FR\",\"@id\":\"https:\\\/\\\/ksapa.org\\\/fr\\\/mobiliser\\\/initiatives-collaboratives\\\/#primaryimage\",\"url\":\"https:\\\/\\\/ksapa.org\\\/fr\\\/wp-content\\\/uploads\\\/sites\\\/1\\\/2023\\\/06\\\/business-innovation-money-icon-40218.jpeg\",\"contentUrl\":\"https:\\\/\\\/ksapa.org\\\/fr\\\/wp-content\\\/uploads\\\/sites\\\/1\\\/2023\\\/06\\\/business-innovation-money-icon-40218.jpeg\",\"width\":2250,\"height\":1500},{\"@type\":\"BreadcrumbList\",\"@id\":\"https:\\\/\\\/ksapa.org\\\/fr\\\/mobiliser\\\/initiatives-collaboratives\\\/#breadcrumb\",\"itemListElement\":[{\"@type\":\"ListItem\",\"position\":1,\"name\":\"Home\",\"item\":\"https:\\\/\\\/ksapa.org\\\/fr\\\/\"},{\"@type\":\"ListItem\",\"position\":2,\"name\":\"Mobiliser\",\"item\":\"https:\\\/\\\/ksapa.org\\\/fr\\\/mobiliser\\\/\"},{\"@type\":\"ListItem\",\"position\":3,\"name\":\"Initiatives collaboratives\"}]},{\"@type\":\"WebSite\",\"@id\":\"https:\\\/\\\/ksapa.org\\\/fr\\\/#website\",\"url\":\"https:\\\/\\\/ksapa.org\\\/fr\\\/\",\"name\":\"Ksapa - fr\",\"description\":\"\",\"publisher\":{\"@id\":\"https:\\\/\\\/ksapa.org\\\/fr\\\/#organization\"},\"potentialAction\":[{\"@type\":\"SearchAction\",\"target\":{\"@type\":\"EntryPoint\",\"urlTemplate\":\"https:\\\/\\\/ksapa.org\\\/fr\\\/?s={search_term_string}\"},\"query-input\":{\"@type\":\"PropertyValueSpecification\",\"valueRequired\":true,\"valueName\":\"search_term_string\"}}],\"inLanguage\":\"fr-FR\"},{\"@type\":\"Organization\",\"@id\":\"https:\\\/\\\/ksapa.org\\\/fr\\\/#organization\",\"name\":\"ksapa\",\"url\":\"https:\\\/\\\/ksapa.org\\\/fr\\\/\",\"logo\":{\"@type\":\"ImageObject\",\"inLanguage\":\"fr-FR\",\"@id\":\"https:\\\/\\\/ksapa.org\\\/fr\\\/#\\\/schema\\\/logo\\\/image\\\/\",\"url\":\"https:\\\/\\\/ksapa.org\\\/fr\\\/wp-content\\\/uploads\\\/sites\\\/1\\\/2019\\\/06\\\/icone-ksapa.jpg\",\"contentUrl\":\"https:\\\/\\\/ksapa.org\\\/fr\\\/wp-content\\\/uploads\\\/sites\\\/1\\\/2019\\\/06\\\/icone-ksapa.jpg\",\"width\":\"442\",\"height\":\"421\",\"caption\":\"ksapa\"},\"image\":{\"@id\":\"https:\\\/\\\/ksapa.org\\\/fr\\\/#\\\/schema\\\/logo\\\/image\\\/\"},\"sameAs\":[\"https:\\\/\\\/x.com\\\/KsapaOrg\"]}]}<\/script>\n<!-- \/ Yoast SEO plugin. -->","yoast_head_json":{"title":"Nos initiatives collaboratives : un accompagnement durable","description":"Ksapa apporte m\u00e9thodologies, r\u00e9seaux internationaux, et savoir faire pour organiser et animer des initiatives collaboratives, et soutenir les acteurs priv\u00e9s et publics dans leur engagement RSE pour d\u00e9velopper des programmes collectifs.","robots":{"index":"index","follow":"follow","max-snippet":"max-snippet:-1","max-image-preview":"max-image-preview:large","max-video-preview":"max-video-preview:-1"},"canonical":"https:\/\/ksapa.org\/fr\/mobiliser\/initiatives-collaboratives\/","og_locale":"fr_FR","og_type":"article","og_title":"Nos initiatives collaboratives : un accompagnement durable","og_description":"Ksapa apporte m\u00e9thodologies, r\u00e9seaux internationaux, et savoir faire pour organiser et animer des initiatives collaboratives, et soutenir les acteurs priv\u00e9s et publics dans leur engagement RSE pour d\u00e9velopper des programmes collectifs.","og_url":"https:\/\/ksapa.org\/fr\/mobiliser\/initiatives-collaboratives\/","og_site_name":"Ksapa - fr","article_modified_time":"2025-10-06T13:50:24+00:00","og_image":[{"width":2250,"height":1500,"url":"https:\/\/ksapa.org\/fr\/wp-content\/uploads\/sites\/1\/2023\/06\/business-innovation-money-icon-40218.jpeg","type":"image\/jpeg"}],"twitter_card":"summary_large_image","twitter_site":"@KsapaOrg","twitter_misc":{"Dur\u00e9e de lecture estim\u00e9e":"3 minutes"},"schema":{"@context":"https:\/\/schema.org","@graph":[{"@type":"WebPage","@id":"https:\/\/ksapa.org\/fr\/mobiliser\/initiatives-collaboratives\/","url":"https:\/\/ksapa.org\/fr\/mobiliser\/initiatives-collaboratives\/","name":"Nos initiatives collaboratives : un accompagnement durable","isPartOf":{"@id":"https:\/\/ksapa.org\/fr\/#website"},"primaryImageOfPage":{"@id":"https:\/\/ksapa.org\/fr\/mobiliser\/initiatives-collaboratives\/#primaryimage"},"image":{"@id":"https:\/\/ksapa.org\/fr\/mobiliser\/initiatives-collaboratives\/#primaryimage"},"thumbnailUrl":"https:\/\/ksapa.org\/fr\/wp-content\/uploads\/sites\/1\/2023\/06\/business-innovation-money-icon-40218.jpeg","datePublished":"2023-06-08T13:10:49+00:00","dateModified":"2025-10-06T13:50:24+00:00","description":"Ksapa apporte m\u00e9thodologies, r\u00e9seaux internationaux, et savoir faire pour organiser et animer des initiatives collaboratives, et soutenir les acteurs priv\u00e9s et publics dans leur engagement RSE pour d\u00e9velopper des programmes collectifs.","breadcrumb":{"@id":"https:\/\/ksapa.org\/fr\/mobiliser\/initiatives-collaboratives\/#breadcrumb"},"inLanguage":"fr-FR","potentialAction":[{"@type":"ReadAction","target":["https:\/\/ksapa.org\/fr\/mobiliser\/initiatives-collaboratives\/"]}]},{"@type":"ImageObject","inLanguage":"fr-FR","@id":"https:\/\/ksapa.org\/fr\/mobiliser\/initiatives-collaboratives\/#primaryimage","url":"https:\/\/ksapa.org\/fr\/wp-content\/uploads\/sites\/1\/2023\/06\/business-innovation-money-icon-40218.jpeg","contentUrl":"https:\/\/ksapa.org\/fr\/wp-content\/uploads\/sites\/1\/2023\/06\/business-innovation-money-icon-40218.jpeg","width":2250,"height":1500},{"@type":"BreadcrumbList","@id":"https:\/\/ksapa.org\/fr\/mobiliser\/initiatives-collaboratives\/#breadcrumb","itemListElement":[{"@type":"ListItem","position":1,"name":"Home","item":"https:\/\/ksapa.org\/fr\/"},{"@type":"ListItem","position":2,"name":"Mobiliser","item":"https:\/\/ksapa.org\/fr\/mobiliser\/"},{"@type":"ListItem","position":3,"name":"Initiatives collaboratives"}]},{"@type":"WebSite","@id":"https:\/\/ksapa.org\/fr\/#website","url":"https:\/\/ksapa.org\/fr\/","name":"Ksapa - fr","description":"","publisher":{"@id":"https:\/\/ksapa.org\/fr\/#organization"},"potentialAction":[{"@type":"SearchAction","target":{"@type":"EntryPoint","urlTemplate":"https:\/\/ksapa.org\/fr\/?s={search_term_string}"},"query-input":{"@type":"PropertyValueSpecification","valueRequired":true,"valueName":"search_term_string"}}],"inLanguage":"fr-FR"},{"@type":"Organization","@id":"https:\/\/ksapa.org\/fr\/#organization","name":"ksapa","url":"https:\/\/ksapa.org\/fr\/","logo":{"@type":"ImageObject","inLanguage":"fr-FR","@id":"https:\/\/ksapa.org\/fr\/#\/schema\/logo\/image\/","url":"https:\/\/ksapa.org\/fr\/wp-content\/uploads\/sites\/1\/2019\/06\/icone-ksapa.jpg","contentUrl":"https:\/\/ksapa.org\/fr\/wp-content\/uploads\/sites\/1\/2019\/06\/icone-ksapa.jpg","width":"442","height":"421","caption":"ksapa"},"image":{"@id":"https:\/\/ksapa.org\/fr\/#\/schema\/logo\/image\/"},"sameAs":["https:\/\/x.com\/KsapaOrg"]}]}},"_links":{"self":[{"href":"https:\/\/ksapa.org\/fr\/wp-json\/wp\/v2\/pages\/7630","targetHints":{"allow":["GET"]}}],"collection":[{"href":"https:\/\/ksapa.org\/fr\/wp-json\/wp\/v2\/pages"}],"about":[{"href":"https:\/\/ksapa.org\/fr\/wp-json\/wp\/v2\/types\/page"}],"author":[{"embeddable":true,"href":"https:\/\/ksapa.org\/fr\/wp-json\/wp\/v2\/users\/86"}],"replies":[{"embeddable":true,"href":"https:\/\/ksapa.org\/fr\/wp-json\/wp\/v2\/comments?post=7630"}],"version-history":[{"count":25,"href":"https:\/\/ksapa.org\/fr\/wp-json\/wp\/v2\/pages\/7630\/revisions"}],"predecessor-version":[{"id":10867,"href":"https:\/\/ksapa.org\/fr\/wp-json\/wp\/v2\/pages\/7630\/revisions\/10867"}],"up":[{"embeddable":true,"href":"https:\/\/ksapa.org\/fr\/wp-json\/wp\/v2\/pages\/517"}],"wp:featuredmedia":[{"embeddable":true,"href":"https:\/\/ksapa.org\/fr\/wp-json\/wp\/v2\/media\/7639"}],"wp:attachment":[{"href":"https:\/\/ksapa.org\/fr\/wp-json\/wp\/v2\/media?parent=7630"}],"curies":[{"name":"wp","href":"https:\/\/api.w.org\/{rel}","templated":true}]}}