{"id":7772,"date":"2023-07-24T16:35:59","date_gmt":"2023-07-24T15:35:59","guid":{"rendered":"https:\/\/ksapa.org\/fr\/?page_id=7772"},"modified":"2025-10-28T14:45:08","modified_gmt":"2025-10-28T13:45:08","slug":"batteries-electriques-risques-droits-humains-et-conformite","status":"publish","type":"page","link":"https:\/\/ksapa.org\/fr\/a-propos\/etudes-de-cas-du-defi-esg-vers-la-transformation-odd-durable\/batteries-electriques-risques-droits-humains-et-conformite\/","title":{"rendered":"Batteries \u00e9lectriques: Risques droits humains &amp; conformit\u00e9"},"content":{"rendered":"\n\n  <div class=\"banner has-hover\" id=\"banner-1309373011\">\n          <div class=\"banner-inner fill\">\n        <div class=\"banner-bg fill\" >\n            <div class=\"bg fill bg-fill \"><\/div>\n                        <div class=\"overlay\"><\/div>            \n                    <\/div>\n        <div class=\"banner-layers container\">\n            <div class=\"fill banner-link\"><\/div>            \n\n   <div id=\"text-box-2016649677\" class=\"text-box banner-layer x50 md-x50 lg-x50 y80 md-y50 lg-y50 res-text\">\n                                <div class=\"text-box-content text dark\">\n              \n              <div class=\"text-inner text-center\">\n                  \n\n<h2 style=\"text-align: center\"><strong>SOUTIEN \u00c0 UN FABRICANT LEADER DE BATTERIES \u00c9LECTRIQUES POUR MIEUX COMPRENDRE LES EXIGENCES R\u00c9GLEMENTAIRES ET LIMITER LES RISQUES D&rsquo;APPROVISIONNEMENT EN MAT\u00c9RIAUX SENSIBLES<\/strong><\/h2>\n\n              <\/div>\n           <\/div>\n                            \n<style>\n#text-box-2016649677 {\n  width: 100%;\n}\n#text-box-2016649677 .text-box-content {\n  font-size: 100%;\n}\n<\/style>\n    <\/div>\n \n\n        <\/div>\n      <\/div>\n\n            \n<style>\n#banner-1309373011 {\n  padding-top: 350px;\n}\n#banner-1309373011 .bg.bg-loaded {\n  background-image: url(https:\/\/ksapa.org\/fr\/wp-content\/uploads\/sites\/1\/2023\/07\/minerais-extraction.jpeg);\n}\n#banner-1309373011 .overlay {\n  background-color: rgba(0,0,0,.5);\n}\n#banner-1309373011 .bg {\n  background-position: 62% 13%;\n}\n<\/style>\n  <\/div>\n\n\n\t<section class=\"section\" id=\"section_855816485\">\n\t\t<div class=\"bg section-bg fill bg-fill  bg-loaded\" >\n\n\t\t\t\n\t\t\t\n\t\t\t\n\n\t\t<\/div>\n\n\t\t<div class=\"section-content relative\">\n\t\t\t\n\n<div class=\"row\"  id=\"row-768760771\">\n\n\n\t<div id=\"col-313208676\" class=\"col small-12 large-12\"  >\n\t\t\t\t<div class=\"col-inner\"  >\n\t\t\t\n\t\t\t\n\n<p class=\"lead\" style=\"text-align: center\">La r\u00e9volution des v\u00e9hicules \u00e9lectriques a entra\u00een\u00e9 une demande croissante de batteries \u00e9lectriques, suscitant des inqui\u00e9tudes quant aux impacts environnementaux et sociaux de l&rsquo;extraction de min\u00e9raux critiques comme le cobalt et le lithium. Des r\u00e9glementations comme le R\u00e8glement europ\u00e9en sur les batteries visent \u00e0 att\u00e9nuer ces risques.<\/p>\n\t<div id=\"gap-612551497\" class=\"gap-element clearfix\" style=\"display:block; height:auto;\">\n\t\t\n<style>\n#gap-612551497 {\n  padding-top: 30px;\n}\n<\/style>\n\t<\/div>\n\t\n\n<h2 class=\"whitespace-pre-wrap break-words\" style=\"text-align: left\">LE D\u00c9FI<\/h2>\n<p class=\"whitespace-pre-wrap break-words\" style=\"text-align: left\">Notre client, un fabricant de batteries de premier plan, a fait appel \u00e0 l&rsquo;expertise de Ksapa pour assurer la conformit\u00e9, optimiser sa cha\u00eene d&rsquo;approvisionnement et r\u00e9pondre aux exigences de ses clients et fournisseurs en mati\u00e8re d&rsquo;approvisionnement responsable.<\/p>\n<h2 class=\"whitespace-pre-wrap break-words\" style=\"text-align: left\">NOTRE APPROCHE<\/h2>\n<p class=\"whitespace-pre-wrap break-words\" style=\"text-align: left\">Ksapa a men\u00e9 une analyse approfondie, notamment :<\/p>\n<ol class=\"-mt-1 &#091;li&gt;&amp;&#093;:mt-2 list-decimal space-y-2 pl-8\" style=\"text-align: left\">\n<li class=\"whitespace-normal break-words\">Examen des processus internes<\/li>\n<li class=\"whitespace-normal break-words\">Identification des lois et normes pertinentes<\/li>\n<li class=\"whitespace-normal break-words\">Application du cadre de diligence raisonnable en 5 \u00e9tapes de l&rsquo;OCDE Cela a permis d&rsquo;\u00e9laborer un plan d&rsquo;action pour renforcer les pratiques d&rsquo;approvisionnement en min\u00e9raux.<\/li>\n<\/ol>\n<h2 class=\"whitespace-pre-wrap break-words\" style=\"text-align: left\">R\u00c9SULTATS ET PROCHAINES \u00c9TAPES<\/h2>\n<p class=\"whitespace-pre-wrap break-words\" style=\"text-align: left\">Cette \u00e9valuation a permis \u00e0 notre client de :<\/p>\n<ul class=\"-mt-1 &#091;li&gt;&amp;&#093;:mt-2 list-disc space-y-2 pl-8\" style=\"text-align: left\">\n<li class=\"whitespace-normal break-words\">Anticiper les \u00e9volutions r\u00e9glementaires<\/li>\n<li class=\"whitespace-normal break-words\">S\u00e9curiser proactivement ses op\u00e9rations d&rsquo;achat<\/li>\n<li class=\"whitespace-normal break-words\">R\u00e9pondre \u00e0 l&rsquo;\u00e9volution des exigences des clients et des fournisseurs<\/li>\n<\/ul>\n<h2 class=\"whitespace-pre-wrap break-words\" style=\"text-align: left\">Vous souhaitez mieux ma\u00eetriser les risques r\u00e9glementaires ESG de vos cha\u00eenes d&rsquo;approvisionnement ?<\/h2>\n<p class=\"whitespace-pre-wrap break-words\" style=\"text-align: left\">Contactez Ksapa pour :<\/p>\n<ul class=\"-mt-1 &#091;li&gt;&amp;&#093;:mt-2 list-disc space-y-2 pl-8\">\n<li class=\"whitespace-normal break-words\" style=\"text-align: left\">\u00c9valuer votre conformit\u00e9 r\u00e9glementaire<\/li>\n<li class=\"whitespace-normal break-words\" style=\"text-align: left\">Optimiser l&rsquo;approvisionnement en min\u00e9raux critiques et autres enjeux strat\u00e9giques<\/li>\n<li class=\"whitespace-normal break-words\" style=\"text-align: left\">Mettre en \u0153uvre des pratiques d&rsquo;achat responsables<\/li>\n<\/ul>\n<div class=\"text-center\"><div class=\"is-divider divider clearfix\" ><\/div><\/div>\n\n<div class=\"row\"  id=\"row-645651109\">\n\n\n\t<div id=\"col-2103006793\" class=\"col small-12 large-12\"  >\n\t\t\t\t<div class=\"col-inner\"  >\n\t\t\t\n\t\t\t\n\n<h2>En savoir plus<\/h2>\n\t<div id=\"gap-2006893255\" class=\"gap-element clearfix\" style=\"display:block; height:auto;\">\n\t\t\n<style>\n#gap-2006893255 {\n  padding-top: 30px;\n}\n<\/style>\n\t<\/div>\n\t\n\n<div class=\"row\"  id=\"row-857747834\">\n\n\n\t<div id=\"col-1673347691\" class=\"col medium-4 small-12 large-4\"  >\n\t\t\t\t<div class=\"col-inner\"  >\n\t\t\t\n\t\t\t\n\n<h3 style=\"text-align: center\"><a href=\"https:\/\/ksapa.org\/fr\/mobiliser\/blog\/\">Article de blog<\/a><\/h3>\n\n  <div class=\"banner has-hover bg-zoom\" id=\"banner-878327921\">\n          <div class=\"banner-inner fill\">\n        <div class=\"banner-bg fill\" >\n            <div class=\"bg fill bg-fill \"><\/div>\n                        <div class=\"overlay\"><\/div>            \n                    <\/div>\n        <div class=\"banner-layers container\">\n            <a class=\"fill\" href=\"https:\/\/ksapa.org\/fr\/garantir-la-surete-en-utilisant-les-vphsr-traite-egalement-des-sujets-droits-humains-et-dengagement-de-parties-prenantes\/\"  ><div class=\"fill banner-link\"><\/div><\/a>            \n\n   <div id=\"text-box-1320728544\" class=\"text-box banner-layer x50 md-x50 lg-x50 y50 md-y50 lg-y50 res-text\">\n                                <div class=\"text-box-content text dark\">\n              \n              <div class=\"text-inner text-center\">\n                  \n\n<h2 class=\"thin-font\" style=\"text-align: center\"><a href=\"https:\/\/ksapa.org\/fr\/publications\/circularite,droit-humains,finance-durable-esg\/5-principes-mettant-en-conformite-les-achats-de-mineraux-et-autres-matieres-premieres-sensibles\/\">5 principes mettant en conformit\u00e9 les achats de mi\u00e9raux et autres mati\u00e8res premi\u00e8res sensibles<\/a><\/h2>\n<a href=\"https:\/\/ksapa.org\/fr\/publications\/circularite,droit-humains,finance-durable-esg\/5-principes-mettant-en-conformite-les-achats-de-mineraux-et-autres-matieres-premieres-sensibles\/\" target=\"_self\" class=\"button white is-outline\"  >\n    <span>Lire la suite<\/span>\n  <\/a>\n\n\n\n              <\/div>\n           <\/div>\n                            \n<style>\n#text-box-1320728544 {\n  width: 91%;\n}\n#text-box-1320728544 .text-box-content {\n  font-size: 100%;\n}\n<\/style>\n    <\/div>\n \n\n        <\/div>\n      <\/div>\n\n            \n<style>\n#banner-878327921 {\n  padding-top: 250px;\n}\n#banner-878327921 .bg.bg-loaded {\n  background-image: url(https:\/\/ksapa.org\/fr\/wp-content\/uploads\/sites\/1\/2023\/06\/pexels-mica-asato-1058142-267x400.jpg);\n}\n#banner-878327921 .overlay {\n  background-color: rgba(0,0,0,.5);\n}\n#banner-878327921 .bg {\n  background-position: 0% 42%;\n}\n<\/style>\n  <\/div>\n\n\n\n\t\t<\/div>\n\t\t\t\t\t<\/div>\n\n\t\n\n\t<div id=\"col-2018271807\" class=\"col medium-4 small-12 large-4\"  >\n\t\t\t\t<div class=\"col-inner\"  >\n\t\t\t\n\t\t\t\n\n<h3 style=\"text-align: center\"><a href=\"https:\/\/ksapa.org\/fr\/conseiller\/\">Nos services<\/a><\/h3>\n\n  <div class=\"banner has-hover bg-zoom\" id=\"banner-848806302\">\n          <div class=\"banner-inner fill\">\n        <div class=\"banner-bg fill\" >\n            <div class=\"bg fill bg-fill \"><\/div>\n                        <div class=\"overlay\"><\/div>            \n                    <\/div>\n        <div class=\"banner-layers container\">\n            <a class=\"fill\" href=\"https:\/\/ksapa.org\/fr\/conseiller\/entreprises-et-droits-humains\/\"  ><div class=\"fill banner-link\"><\/div><\/a>            \n\n   <div id=\"text-box-489708291\" class=\"text-box banner-layer x50 md-x50 lg-x50 y50 md-y50 lg-y50 res-text\">\n                                <div class=\"text-box-content text dark\">\n              \n              <div class=\"text-inner text-center\">\n                  \n\n<h1 class=\"uppercase\"><a href=\"https:\/\/ksapa.org\/fr\/conseiller\/entreprises-et-droits-humains\/\">ENTREPRISES ET DROITS HUMAINS<\/a><\/h1>\n\n              <\/div>\n           <\/div>\n                            \n<style>\n#text-box-489708291 {\n  width: 60%;\n}\n#text-box-489708291 .text-box-content {\n  font-size: 100%;\n}\n<\/style>\n    <\/div>\n \n\n        <\/div>\n      <\/div>\n\n            \n<style>\n#banner-848806302 {\n  padding-top: 250px;\n}\n#banner-848806302 .bg.bg-loaded {\n  background-image: url(https:\/\/ksapa.org\/fr\/wp-content\/uploads\/sites\/1\/2021\/07\/workers-5708691_1920-1-600x400.jpg);\n}\n#banner-848806302 .overlay {\n  background-color: rgba(0,0,0,.5);\n}\n<\/style>\n  <\/div>\n\n\n\n\t\t<\/div>\n\t\t\t\t\t<\/div>\n\n\t\n\n\t<div id=\"col-1861568920\" class=\"col medium-4 small-12 large-4\"  >\n\t\t\t\t<div class=\"col-inner\"  >\n\t\t\t\n\t\t\t\n\n    <div class=\"box has-hover has-hover box-text-bottom\" >\n\n                  <div class=\"box-image \" style=\"width:45%;\">\n           <div class=\"box-image-inner image-cover\" style=\"border-radius:100%;padding-top:100%;\">\n              <img decoding=\"async\" width=\"468\" height=\"468\" src=\"https:\/\/ksapa.org\/fr\/wp-content\/uploads\/sites\/1\/2022\/09\/Solene-Renard.jpg\" class=\"attachment- size-\" alt=\"Sol\u00e8ne Renard - Ksapa\" srcset=\"https:\/\/ksapa.org\/fr\/wp-content\/uploads\/sites\/1\/2022\/09\/Solene-Renard.jpg 468w, https:\/\/ksapa.org\/fr\/wp-content\/uploads\/sites\/1\/2022\/09\/Solene-Renard-400x400.jpg 400w, https:\/\/ksapa.org\/fr\/wp-content\/uploads\/sites\/1\/2022\/09\/Solene-Renard-280x280.jpg 280w, https:\/\/ksapa.org\/fr\/wp-content\/uploads\/sites\/1\/2022\/09\/Solene-Renard-150x150.jpg 150w, https:\/\/ksapa.org\/fr\/wp-content\/uploads\/sites\/1\/2022\/09\/Solene-Renard-70x70.jpg 70w, https:\/\/ksapa.org\/fr\/wp-content\/uploads\/sites\/1\/2022\/09\/Solene-Renard-45x45.jpg 45w\" sizes=\"(max-width: 468px) 100vw, 468px\" \/>                         <\/div>\n          <\/div>\n         \n          <div class=\"box-text text-center\" >\n                <div class=\"box-text-inner\">\n                  <h4 class=\"uppercase\">\n                    <span class=\"person-name\">Sol\u00e8ne Renard<\/span><br\/>\n                    <span class=\"person-title is-small thin-font op-7\">\n                      Junior Consultante                    <\/span>\n                  <\/h4>\n                                  \n\n<a href=\"https:\/\/ksapa.org\/fr\/impliquez-vous\/contact\/\" target=\"_self\" class=\"button primary is-outline\"  style=\"border-radius:99px;\">\n    <span>CONTACTEZ NOUS<\/span>\n  <\/a>\n\n\n\n                <\/div>\n          <\/div>\n    <\/div>\n\n    \n    \n\n\t\t<\/div>\n\t\t\t\t\t<\/div>\n\n\t\n\n<\/div>\n\n\t\t<\/div>\n\t\t\t\t\t<\/div>\n\n\t\n\n<\/div>\n<div class=\"row align-center\"  id=\"row-105771670\">\n\n\n\t<div id=\"col-1536671366\" class=\"col small-12 large-12\"  >\n\t\t\t\t<div class=\"col-inner text-center\"  >\n\t\t\t\n\t\t\t\n\n<a href=\"https:\/\/ksapa.org\/fr\/a-propos\/nos-etudes-de-cas\/\" target=\"_self\" class=\"button primary lowercase\"  style=\"border-radius:99px;\">\n    <span>Nos \u00e9tudes de cas<\/span>\n  <\/a>\n\n\n\n\t\t<\/div>\n\t\t\t\t\t<\/div>\n\n\t\n\n<\/div>\n\n\t\t<\/div>\n\t\t\t\t\t<\/div>\n\n\t\n\n<\/div>\n\n\t\t<\/div>\n\n\t\t\n<style>\n#section_855816485 {\n  padding-top: 30px;\n  padding-bottom: 30px;\n}\n<\/style>\n\t<\/section>\n\t\n\n","protected":false},"excerpt":{"rendered":"","protected":false},"author":70,"featured_media":7712,"parent":3335,"menu_order":0,"comment_status":"closed","ping_status":"closed","template":"page-blank.php","meta":{"footnotes":""},"class_list":["post-7772","page","type-page","status-publish","has-post-thumbnail","hentry"],"yoast_head":"<!-- This site is optimized with the Yoast SEO plugin v27.3 - https:\/\/yoast.com\/product\/yoast-seo-wordpress\/ -->\n<title>Batteries \u00e9lectriques: Risques droits humains &amp; conformit\u00e9<\/title>\n<meta name=\"description\" content=\"Ksapa aide les constructeurs de batteries \u00e9lectriques \u00e0 g\u00e9rer les risques droits humains et \u00e0 se conformer aux normes UE 2025\" \/>\n<meta name=\"robots\" content=\"index, follow, max-snippet:-1, max-image-preview:large, max-video-preview:-1\" \/>\n<link rel=\"canonical\" href=\"https:\/\/ksapa.org\/fr\/a-propos\/etudes-de-cas-du-defi-esg-vers-la-transformation-odd-durable\/batteries-electriques-risques-droits-humains-et-conformite\/\" \/>\n<meta property=\"og:locale\" content=\"fr_FR\" \/>\n<meta property=\"og:type\" content=\"article\" \/>\n<meta property=\"og:title\" content=\"Batteries \u00e9lectriques: Risques droits humains &amp; conformit\u00e9\" \/>\n<meta property=\"og:description\" content=\"Ksapa aide les constructeurs de batteries \u00e9lectriques \u00e0 g\u00e9rer les risques droits humains et \u00e0 se conformer aux normes UE 2025\" \/>\n<meta property=\"og:url\" content=\"https:\/\/ksapa.org\/fr\/a-propos\/etudes-de-cas-du-defi-esg-vers-la-transformation-odd-durable\/batteries-electriques-risques-droits-humains-et-conformite\/\" \/>\n<meta property=\"og:site_name\" content=\"Ksapa - fr\" \/>\n<meta property=\"article:modified_time\" content=\"2025-10-28T13:45:08+00:00\" \/>\n<meta property=\"og:image\" content=\"https:\/\/ksapa.org\/fr\/wp-content\/uploads\/sites\/1\/2023\/06\/Capture-decran-2023-06-28-100803.png\" \/>\n\t<meta property=\"og:image:width\" content=\"1008\" \/>\n\t<meta property=\"og:image:height\" content=\"676\" \/>\n\t<meta property=\"og:image:type\" content=\"image\/png\" \/>\n<meta name=\"twitter:card\" content=\"summary_large_image\" \/>\n<meta name=\"twitter:site\" content=\"@KsapaOrg\" \/>\n<meta name=\"twitter:label1\" content=\"Dur\u00e9e de lecture estim\u00e9e\" \/>\n\t<meta name=\"twitter:data1\" content=\"2 minutes\" \/>\n<script type=\"application\/ld+json\" class=\"yoast-schema-graph\">{\"@context\":\"https:\\\/\\\/schema.org\",\"@graph\":[{\"@type\":\"WebPage\",\"@id\":\"https:\\\/\\\/ksapa.org\\\/fr\\\/a-propos\\\/etudes-de-cas-du-defi-esg-vers-la-transformation-odd-durable\\\/batteries-electriques-risques-droits-humains-et-conformite\\\/\",\"url\":\"https:\\\/\\\/ksapa.org\\\/fr\\\/a-propos\\\/etudes-de-cas-du-defi-esg-vers-la-transformation-odd-durable\\\/batteries-electriques-risques-droits-humains-et-conformite\\\/\",\"name\":\"Batteries \u00e9lectriques: Risques droits humains & conformit\u00e9\",\"isPartOf\":{\"@id\":\"https:\\\/\\\/ksapa.org\\\/fr\\\/#website\"},\"primaryImageOfPage\":{\"@id\":\"https:\\\/\\\/ksapa.org\\\/fr\\\/a-propos\\\/etudes-de-cas-du-defi-esg-vers-la-transformation-odd-durable\\\/batteries-electriques-risques-droits-humains-et-conformite\\\/#primaryimage\"},\"image\":{\"@id\":\"https:\\\/\\\/ksapa.org\\\/fr\\\/a-propos\\\/etudes-de-cas-du-defi-esg-vers-la-transformation-odd-durable\\\/batteries-electriques-risques-droits-humains-et-conformite\\\/#primaryimage\"},\"thumbnailUrl\":\"https:\\\/\\\/ksapa.org\\\/fr\\\/wp-content\\\/uploads\\\/sites\\\/1\\\/2023\\\/06\\\/Capture-decran-2023-06-28-100803.png\",\"datePublished\":\"2023-07-24T15:35:59+00:00\",\"dateModified\":\"2025-10-28T13:45:08+00:00\",\"description\":\"Ksapa aide les constructeurs de batteries \u00e9lectriques \u00e0 g\u00e9rer les risques droits humains et \u00e0 se conformer aux normes UE 2025\",\"breadcrumb\":{\"@id\":\"https:\\\/\\\/ksapa.org\\\/fr\\\/a-propos\\\/etudes-de-cas-du-defi-esg-vers-la-transformation-odd-durable\\\/batteries-electriques-risques-droits-humains-et-conformite\\\/#breadcrumb\"},\"inLanguage\":\"fr-FR\",\"potentialAction\":[{\"@type\":\"ReadAction\",\"target\":[\"https:\\\/\\\/ksapa.org\\\/fr\\\/a-propos\\\/etudes-de-cas-du-defi-esg-vers-la-transformation-odd-durable\\\/batteries-electriques-risques-droits-humains-et-conformite\\\/\"]}]},{\"@type\":\"ImageObject\",\"inLanguage\":\"fr-FR\",\"@id\":\"https:\\\/\\\/ksapa.org\\\/fr\\\/a-propos\\\/etudes-de-cas-du-defi-esg-vers-la-transformation-odd-durable\\\/batteries-electriques-risques-droits-humains-et-conformite\\\/#primaryimage\",\"url\":\"https:\\\/\\\/ksapa.org\\\/fr\\\/wp-content\\\/uploads\\\/sites\\\/1\\\/2023\\\/06\\\/Capture-decran-2023-06-28-100803.png\",\"contentUrl\":\"https:\\\/\\\/ksapa.org\\\/fr\\\/wp-content\\\/uploads\\\/sites\\\/1\\\/2023\\\/06\\\/Capture-decran-2023-06-28-100803.png\",\"width\":1008,\"height\":676,\"caption\":\"Batteries \u00e9lectriques: Risques droits humains & conformit\u00e9\"},{\"@type\":\"BreadcrumbList\",\"@id\":\"https:\\\/\\\/ksapa.org\\\/fr\\\/a-propos\\\/etudes-de-cas-du-defi-esg-vers-la-transformation-odd-durable\\\/batteries-electriques-risques-droits-humains-et-conformite\\\/#breadcrumb\",\"itemListElement\":[{\"@type\":\"ListItem\",\"position\":1,\"name\":\"Home\",\"item\":\"https:\\\/\\\/ksapa.org\\\/fr\\\/\"},{\"@type\":\"ListItem\",\"position\":2,\"name\":\"\u00c0 propos\",\"item\":\"https:\\\/\\\/ksapa.org\\\/fr\\\/a-propos\\\/\"},{\"@type\":\"ListItem\",\"position\":3,\"name\":\"Etudes de cas\",\"item\":\"https:\\\/\\\/ksapa.org\\\/fr\\\/a-propos\\\/etudes-de-cas-du-defi-esg-vers-la-transformation-odd-durable\\\/\"},{\"@type\":\"ListItem\",\"position\":4,\"name\":\"Batteries \u00e9lectriques: Risques droits humains &amp; conformit\u00e9\"}]},{\"@type\":\"WebSite\",\"@id\":\"https:\\\/\\\/ksapa.org\\\/fr\\\/#website\",\"url\":\"https:\\\/\\\/ksapa.org\\\/fr\\\/\",\"name\":\"Ksapa - fr\",\"description\":\"\",\"publisher\":{\"@id\":\"https:\\\/\\\/ksapa.org\\\/fr\\\/#organization\"},\"potentialAction\":[{\"@type\":\"SearchAction\",\"target\":{\"@type\":\"EntryPoint\",\"urlTemplate\":\"https:\\\/\\\/ksapa.org\\\/fr\\\/?s={search_term_string}\"},\"query-input\":{\"@type\":\"PropertyValueSpecification\",\"valueRequired\":true,\"valueName\":\"search_term_string\"}}],\"inLanguage\":\"fr-FR\"},{\"@type\":\"Organization\",\"@id\":\"https:\\\/\\\/ksapa.org\\\/fr\\\/#organization\",\"name\":\"ksapa\",\"url\":\"https:\\\/\\\/ksapa.org\\\/fr\\\/\",\"logo\":{\"@type\":\"ImageObject\",\"inLanguage\":\"fr-FR\",\"@id\":\"https:\\\/\\\/ksapa.org\\\/fr\\\/#\\\/schema\\\/logo\\\/image\\\/\",\"url\":\"https:\\\/\\\/ksapa.org\\\/fr\\\/wp-content\\\/uploads\\\/sites\\\/1\\\/2019\\\/06\\\/icone-ksapa.jpg\",\"contentUrl\":\"https:\\\/\\\/ksapa.org\\\/fr\\\/wp-content\\\/uploads\\\/sites\\\/1\\\/2019\\\/06\\\/icone-ksapa.jpg\",\"width\":\"442\",\"height\":\"421\",\"caption\":\"ksapa\"},\"image\":{\"@id\":\"https:\\\/\\\/ksapa.org\\\/fr\\\/#\\\/schema\\\/logo\\\/image\\\/\"},\"sameAs\":[\"https:\\\/\\\/x.com\\\/KsapaOrg\"]}]}<\/script>\n<!-- \/ Yoast SEO plugin. -->","yoast_head_json":{"title":"Batteries \u00e9lectriques: Risques droits humains & conformit\u00e9","description":"Ksapa aide les constructeurs de batteries \u00e9lectriques \u00e0 g\u00e9rer les risques droits humains et \u00e0 se conformer aux normes UE 2025","robots":{"index":"index","follow":"follow","max-snippet":"max-snippet:-1","max-image-preview":"max-image-preview:large","max-video-preview":"max-video-preview:-1"},"canonical":"https:\/\/ksapa.org\/fr\/a-propos\/etudes-de-cas-du-defi-esg-vers-la-transformation-odd-durable\/batteries-electriques-risques-droits-humains-et-conformite\/","og_locale":"fr_FR","og_type":"article","og_title":"Batteries \u00e9lectriques: Risques droits humains & conformit\u00e9","og_description":"Ksapa aide les constructeurs de batteries \u00e9lectriques \u00e0 g\u00e9rer les risques droits humains et \u00e0 se conformer aux normes UE 2025","og_url":"https:\/\/ksapa.org\/fr\/a-propos\/etudes-de-cas-du-defi-esg-vers-la-transformation-odd-durable\/batteries-electriques-risques-droits-humains-et-conformite\/","og_site_name":"Ksapa - fr","article_modified_time":"2025-10-28T13:45:08+00:00","og_image":[{"width":1008,"height":676,"url":"https:\/\/ksapa.org\/fr\/wp-content\/uploads\/sites\/1\/2023\/06\/Capture-decran-2023-06-28-100803.png","type":"image\/png"}],"twitter_card":"summary_large_image","twitter_site":"@KsapaOrg","twitter_misc":{"Dur\u00e9e de lecture estim\u00e9e":"2 minutes"},"schema":{"@context":"https:\/\/schema.org","@graph":[{"@type":"WebPage","@id":"https:\/\/ksapa.org\/fr\/a-propos\/etudes-de-cas-du-defi-esg-vers-la-transformation-odd-durable\/batteries-electriques-risques-droits-humains-et-conformite\/","url":"https:\/\/ksapa.org\/fr\/a-propos\/etudes-de-cas-du-defi-esg-vers-la-transformation-odd-durable\/batteries-electriques-risques-droits-humains-et-conformite\/","name":"Batteries \u00e9lectriques: Risques droits humains & conformit\u00e9","isPartOf":{"@id":"https:\/\/ksapa.org\/fr\/#website"},"primaryImageOfPage":{"@id":"https:\/\/ksapa.org\/fr\/a-propos\/etudes-de-cas-du-defi-esg-vers-la-transformation-odd-durable\/batteries-electriques-risques-droits-humains-et-conformite\/#primaryimage"},"image":{"@id":"https:\/\/ksapa.org\/fr\/a-propos\/etudes-de-cas-du-defi-esg-vers-la-transformation-odd-durable\/batteries-electriques-risques-droits-humains-et-conformite\/#primaryimage"},"thumbnailUrl":"https:\/\/ksapa.org\/fr\/wp-content\/uploads\/sites\/1\/2023\/06\/Capture-decran-2023-06-28-100803.png","datePublished":"2023-07-24T15:35:59+00:00","dateModified":"2025-10-28T13:45:08+00:00","description":"Ksapa aide les constructeurs de batteries \u00e9lectriques \u00e0 g\u00e9rer les risques droits humains et \u00e0 se conformer aux normes UE 2025","breadcrumb":{"@id":"https:\/\/ksapa.org\/fr\/a-propos\/etudes-de-cas-du-defi-esg-vers-la-transformation-odd-durable\/batteries-electriques-risques-droits-humains-et-conformite\/#breadcrumb"},"inLanguage":"fr-FR","potentialAction":[{"@type":"ReadAction","target":["https:\/\/ksapa.org\/fr\/a-propos\/etudes-de-cas-du-defi-esg-vers-la-transformation-odd-durable\/batteries-electriques-risques-droits-humains-et-conformite\/"]}]},{"@type":"ImageObject","inLanguage":"fr-FR","@id":"https:\/\/ksapa.org\/fr\/a-propos\/etudes-de-cas-du-defi-esg-vers-la-transformation-odd-durable\/batteries-electriques-risques-droits-humains-et-conformite\/#primaryimage","url":"https:\/\/ksapa.org\/fr\/wp-content\/uploads\/sites\/1\/2023\/06\/Capture-decran-2023-06-28-100803.png","contentUrl":"https:\/\/ksapa.org\/fr\/wp-content\/uploads\/sites\/1\/2023\/06\/Capture-decran-2023-06-28-100803.png","width":1008,"height":676,"caption":"Batteries \u00e9lectriques: Risques droits humains & conformit\u00e9"},{"@type":"BreadcrumbList","@id":"https:\/\/ksapa.org\/fr\/a-propos\/etudes-de-cas-du-defi-esg-vers-la-transformation-odd-durable\/batteries-electriques-risques-droits-humains-et-conformite\/#breadcrumb","itemListElement":[{"@type":"ListItem","position":1,"name":"Home","item":"https:\/\/ksapa.org\/fr\/"},{"@type":"ListItem","position":2,"name":"\u00c0 propos","item":"https:\/\/ksapa.org\/fr\/a-propos\/"},{"@type":"ListItem","position":3,"name":"Etudes de cas","item":"https:\/\/ksapa.org\/fr\/a-propos\/etudes-de-cas-du-defi-esg-vers-la-transformation-odd-durable\/"},{"@type":"ListItem","position":4,"name":"Batteries \u00e9lectriques: Risques droits humains &amp; conformit\u00e9"}]},{"@type":"WebSite","@id":"https:\/\/ksapa.org\/fr\/#website","url":"https:\/\/ksapa.org\/fr\/","name":"Ksapa - fr","description":"","publisher":{"@id":"https:\/\/ksapa.org\/fr\/#organization"},"potentialAction":[{"@type":"SearchAction","target":{"@type":"EntryPoint","urlTemplate":"https:\/\/ksapa.org\/fr\/?s={search_term_string}"},"query-input":{"@type":"PropertyValueSpecification","valueRequired":true,"valueName":"search_term_string"}}],"inLanguage":"fr-FR"},{"@type":"Organization","@id":"https:\/\/ksapa.org\/fr\/#organization","name":"ksapa","url":"https:\/\/ksapa.org\/fr\/","logo":{"@type":"ImageObject","inLanguage":"fr-FR","@id":"https:\/\/ksapa.org\/fr\/#\/schema\/logo\/image\/","url":"https:\/\/ksapa.org\/fr\/wp-content\/uploads\/sites\/1\/2019\/06\/icone-ksapa.jpg","contentUrl":"https:\/\/ksapa.org\/fr\/wp-content\/uploads\/sites\/1\/2019\/06\/icone-ksapa.jpg","width":"442","height":"421","caption":"ksapa"},"image":{"@id":"https:\/\/ksapa.org\/fr\/#\/schema\/logo\/image\/"},"sameAs":["https:\/\/x.com\/KsapaOrg"]}]}},"_links":{"self":[{"href":"https:\/\/ksapa.org\/fr\/wp-json\/wp\/v2\/pages\/7772","targetHints":{"allow":["GET"]}}],"collection":[{"href":"https:\/\/ksapa.org\/fr\/wp-json\/wp\/v2\/pages"}],"about":[{"href":"https:\/\/ksapa.org\/fr\/wp-json\/wp\/v2\/types\/page"}],"author":[{"embeddable":true,"href":"https:\/\/ksapa.org\/fr\/wp-json\/wp\/v2\/users\/70"}],"replies":[{"embeddable":true,"href":"https:\/\/ksapa.org\/fr\/wp-json\/wp\/v2\/comments?post=7772"}],"version-history":[{"count":12,"href":"https:\/\/ksapa.org\/fr\/wp-json\/wp\/v2\/pages\/7772\/revisions"}],"predecessor-version":[{"id":10129,"href":"https:\/\/ksapa.org\/fr\/wp-json\/wp\/v2\/pages\/7772\/revisions\/10129"}],"up":[{"embeddable":true,"href":"https:\/\/ksapa.org\/fr\/wp-json\/wp\/v2\/pages\/3335"}],"wp:featuredmedia":[{"embeddable":true,"href":"https:\/\/ksapa.org\/fr\/wp-json\/wp\/v2\/media\/7712"}],"wp:attachment":[{"href":"https:\/\/ksapa.org\/fr\/wp-json\/wp\/v2\/media?parent=7772"}],"curies":[{"name":"wp","href":"https:\/\/api.w.org\/{rel}","templated":true}]}}