{"id":9238,"date":"2024-12-13T15:28:58","date_gmt":"2024-12-13T14:28:58","guid":{"rendered":"https:\/\/ksapa.org\/fr\/?page_id=9238"},"modified":"2025-06-04T16:42:19","modified_gmt":"2025-06-04T15:42:19","slug":"due-diligence-esg-pour-les-acquisitions-dun-leader-du-sport","status":"publish","type":"page","link":"https:\/\/ksapa.org\/fr\/a-propos\/etudes-de-cas-du-defi-esg-vers-la-transformation-odd-durable\/due-diligence-esg-pour-les-acquisitions-dun-leader-du-sport\/","title":{"rendered":"Due diligence ESG pour les acquisitions d\u2019un leader du sport"},"content":{"rendered":"\n<p><\/p>\n\n\n\n\n  <div class=\"banner has-hover\" id=\"banner-95034413\">\n          <div class=\"banner-inner fill\">\n        <div class=\"banner-bg fill\" >\n            <div class=\"bg fill bg-fill \"><\/div>\n                        <div class=\"overlay\"><\/div>            \n                    <\/div>\n        <div class=\"banner-layers container\">\n            <div class=\"fill banner-link\"><\/div>            \n\n   <div id=\"text-box-371655790\" class=\"text-box banner-layer x50 md-x50 lg-x50 y80 md-y50 lg-y50 res-text\">\n                                <div class=\"text-box-content text dark\">\n              \n              <div class=\"text-inner text-center\">\n                  \n\n<h2 class=\"uppercase\"><strong>DUE DILIGENCE esg:<\/strong><\/h2>\n<h1 class=\"uppercase\"><strong> Evaluation des actifs cibles\u00a0 d&rsquo;acquisition d&rsquo;un leader de l&rsquo;habillement et de la chaussure<\/strong><\/h1>\n\n              <\/div>\n           <\/div>\n                            \n<style>\n#text-box-371655790 {\n  width: 100%;\n}\n#text-box-371655790 .text-box-content {\n  font-size: 100%;\n}\n<\/style>\n    <\/div>\n \n\n        <\/div>\n      <\/div>\n\n            \n<style>\n#banner-95034413 {\n  padding-top: 350px;\n}\n#banner-95034413 .bg.bg-loaded {\n  background-image: url(https:\/\/ksapa.org\/fr\/wp-content\/uploads\/sites\/1\/2024\/12\/pexels-sugar-jet-750021845-20688402-scaled.jpg);\n}\n#banner-95034413 .overlay {\n  background-color: rgba(0,0,0,.5);\n}\n#banner-95034413 .bg {\n  background-position: 57% 94%;\n}\n<\/style>\n  <\/div>\n\n\n\t<section class=\"section\" id=\"section_314214327\">\n\t\t<div class=\"bg section-bg fill bg-fill  bg-loaded\" >\n\n\t\t\t\n\t\t\t\n\t\t\t\n\n\t\t<\/div>\n\n\t\t<div class=\"section-content relative\">\n\t\t\t\n\n<div class=\"row\"  id=\"row-932421280\">\n\n\n\t<div id=\"col-405282695\" class=\"col small-12 large-12\"  >\n\t\t\t\t<div class=\"col-inner\"  >\n\t\t\t\n\t\t\t\n\n<p class=\"lead\" style=\"text-align: center\">\u00a0D\u00e9couvrez comment un leader mondial de la distribution de v\u00eatements et de chaussures, sp\u00e9cialis\u00e9 dans la cr\u00e9ation et la production d&rsquo;articles de sport innovants, s&rsquo;associe \u00e0 Ksapa pour mener une due diligence ESG cibl\u00e9e \u00e0 l&rsquo;appui de ses acquisitions sensibles, en veillant \u00e0 la coh\u00e9rence avec ses priorit\u00e9s strat\u00e9giques en mati\u00e8re de d\u00e9veloppement durable.<\/p>\n\t<div id=\"gap-813054184\" class=\"gap-element clearfix\" style=\"display:block; height:auto;\">\n\t\t\n<style>\n#gap-813054184 {\n  padding-top: 30px;\n}\n<\/style>\n\t<\/div>\n\t\n\n<h2 class=\"font-600 text-xl font-bold\">Enjeu client<\/h2>\n<p>Ksapa a \u00e9t\u00e9 mandat\u00e9 par un leader des biens de consommation pour r\u00e9aliser les due diligences ESG des cibles sensibles d&rsquo;acquisition et d&rsquo;investissement en capital-risque, fournissant des \u00e9valuations compl\u00e8tes pour des d\u00e9cisions d&rsquo;investissement \u00e9clair\u00e9es. Ces cibles sont d\u00e9finies pour se concentrer sur certains segments strat\u00e9gique et seuils envisag\u00e9s de transaction.<\/p>\n\t<div id=\"gap-327457233\" class=\"gap-element clearfix\" style=\"display:block; height:auto;\">\n\t\t\n<style>\n#gap-327457233 {\n  padding-top: 30px;\n}\n<\/style>\n\t<\/div>\n\t\n\n<h2 class=\"font-600 text-xl font-bold\">Notre approche m\u00e9thodologique<\/h2>\n<p class=\"whitespace-pre-wrap break-words\">Fort de son expertise internationale, Ksapa a d\u00e9ploy\u00e9 une d\u00e9marche collaborative et rigoureuse en 3 \u00e9tapes cl\u00e9s :<\/p>\n<p><strong>Analyse Flash et Identification des Signaux d\u2019Alerte<\/strong><\/p>\n<ul>\n<li>Exploration des enjeux ESG selon les normes ESRS, OCDE, et de diff\u00e9rentes bases de donn\u00e9es ESG<\/li>\n<li>Priorisation des enjeux ESG avec le client<\/li>\n<li>Affinage des risques et opportunit\u00e9s<\/li>\n<\/ul>\n<p><strong>Due Diligence Approfondie <\/strong><\/p>\n<ul>\n<li>Analyse des risques ESG sectoriels et g\u00e9ographiques<\/li>\n<li>Evaluation de la strat\u00e9gie ESG existante<\/li>\n<li>Identification des besoins d\u2019\u00e9valuation cibl\u00e9es sur site<\/li>\n<\/ul>\n<p><strong>Feuille de route D\u00e9veloppement Durable<\/strong><\/p>\n<ul>\n<li>Recommandations strat\u00e9giques et plan d\u2019action ESG\u00a0<\/li>\n<li>Validation de la coh\u00e9rence avec la politique d\u2019investissement responsable du groupe<\/li>\n<\/ul>\n\t<div id=\"gap-748122757\" class=\"gap-element clearfix\" style=\"display:block; height:auto;\">\n\t\t\n<style>\n#gap-748122757 {\n  padding-top: 30px;\n}\n<\/style>\n\t<\/div>\n\t\n\n<h2 class=\"font-600 text-xl font-bold\">R\u00e9sultats<\/h2>\n<p class=\"whitespace-pre-wrap break-words\">L&rsquo;approche de Ksapa a permis au Groupe d&rsquo;obtenir une visibilit\u00e9 claire sur les risques et opportunit\u00e9s ESG li\u00e9s \u00e0 ses acquisitions potentielles, alignant ainsi ses d\u00e9cisions d&rsquo;investissement sur ses engagements en mati\u00e8re de durabilit\u00e9.<\/p>\n\t<div id=\"gap-2121614163\" class=\"gap-element clearfix\" style=\"display:block; height:auto;\">\n\t\t\n<style>\n#gap-2121614163 {\n  padding-top: 30px;\n}\n<\/style>\n\t<\/div>\n\t\n\n<h2 class=\"font-600 text-xl font-bold\">PASSEZ \u00c0 L&rsquo;ACTION<\/h2>\n<p>Vous souhaitez assurer la conduite de due diligence ESG de qualit\u00e9 pour porter vos d\u00e9cisions strat\u00e9giques de fusions et acquisitions ?<\/p>\n<p><strong>Contactez nos experts Ksapa d\u00e8s aujourd&rsquo;hui pour un accompagnement sur mesure!<\/strong><\/p>\n<div class=\"text-center\"><div class=\"is-divider divider clearfix\" ><\/div><\/div>\n\n<div class=\"row\"  id=\"row-777308905\">\n\n\n\t<div id=\"col-1954206703\" class=\"col small-12 large-12\"  >\n\t\t\t\t<div class=\"col-inner\"  >\n\t\t\t\n\t\t\t\n\n<h2>En savoir plus<\/h2>\n\t<div id=\"gap-179300725\" class=\"gap-element clearfix\" style=\"display:block; height:auto;\">\n\t\t\n<style>\n#gap-179300725 {\n  padding-top: 30px;\n}\n<\/style>\n\t<\/div>\n\t\n\n<div class=\"row\"  id=\"row-287329018\">\n\n\n\t<div id=\"col-267481562\" class=\"col medium-4 small-12 large-4\"  >\n\t\t\t\t<div class=\"col-inner\"  >\n\t\t\t\n\t\t\t\n\n<h3 style=\"text-align: center\"><a href=\"https:\/\/ksapa.org\/fr\/mobiliser\/blog\/\">Article de blog<\/a><\/h3>\n\n  <div class=\"banner has-hover bg-zoom\" id=\"banner-1869223206\">\n          <div class=\"banner-inner fill\">\n        <div class=\"banner-bg fill\" >\n            <div class=\"bg fill bg-fill \"><\/div>\n                        <div class=\"overlay\"><\/div>            \n                    <\/div>\n        <div class=\"banner-layers container\">\n            <a class=\"fill\" href=\"https:\/\/ksapa.org\/fr\/conduire-une-due-diligence-esg-de-qualite-dans-le-capital-investissement\/\"  ><div class=\"fill banner-link\"><\/div><\/a>            \n\n   <div id=\"text-box-1506365724\" class=\"text-box banner-layer x50 md-x50 lg-x50 y50 md-y50 lg-y50 res-text\">\n                                <div class=\"text-box-content text dark\">\n              \n              <div class=\"text-inner text-center\">\n                  \n\n<h2 class=\"thin-font\"><a href=\"https:\/\/ksapa.org\/fr\/conduire-une-due-diligence-esg-de-qualite-dans-le-capital-investissement\/\">Conduire une due diligence ESG de qualit\u00e9 dans le capital-investissement<\/a><\/h2>\n<a href=\"https:\/\/ksapa.org\/fr\/conduire-une-due-diligence-esg-de-qualite-dans-le-capital-investissement\/\" target=\"_self\" class=\"button white is-outline\"  >\n    <span>Lire la suite<\/span>\n  <\/a>\n\n\n\n              <\/div>\n           <\/div>\n                            \n<style>\n#text-box-1506365724 {\n  width: 69%;\n}\n#text-box-1506365724 .text-box-content {\n  font-size: 100%;\n}\n<\/style>\n    <\/div>\n \n\n        <\/div>\n      <\/div>\n\n            \n<style>\n#banner-1869223206 {\n  padding-top: 250px;\n}\n#banner-1869223206 .bg.bg-loaded {\n  background-image: url(https:\/\/ksapa.org\/fr\/wp-content\/uploads\/sites\/1\/2024\/06\/Picture1-600x400.jpg);\n}\n#banner-1869223206 .overlay {\n  background-color: rgba(0,0,0,.5);\n}\n#banner-1869223206 .bg {\n  background-position: 37% 0%;\n}\n<\/style>\n  <\/div>\n\n\n\n\t\t<\/div>\n\t\t\t\t\t<\/div>\n\n\t\n\n\t<div id=\"col-198453351\" class=\"col medium-4 small-12 large-4\"  >\n\t\t\t\t<div class=\"col-inner\"  >\n\t\t\t\n\t\t\t\n\n<h3 style=\"text-align: center\"><a href=\"https:\/\/ksapa.org\/fr\/conseiller\/\">Nos services<\/a><\/h3>\n\n  <div class=\"banner has-hover bg-zoom\" id=\"banner-1232690383\">\n          <div class=\"banner-inner fill\">\n        <div class=\"banner-bg fill\" >\n            <div class=\"bg fill bg-fill \"><\/div>\n                        <div class=\"overlay\"><\/div>            \n                    <\/div>\n        <div class=\"banner-layers container\">\n            <a class=\"fill\" href=\"https:\/\/ksapa.org\/fr\/conseiller\/finance-durable-impact-et-esg\/\"  ><div class=\"fill banner-link\"><\/div><\/a>            \n\n   <div id=\"text-box-665736493\" class=\"text-box banner-layer x50 md-x50 lg-x50 y50 md-y50 lg-y50 res-text\">\n                                <div class=\"text-box-content text dark\">\n              \n              <div class=\"text-inner text-center\">\n                  \n\n<h2 class=\"uppercase\"><a href=\"https:\/\/ksapa.org\/fr\/conseiller\/finance-durable-impact-et-esg\/\">Finance durable, Impact et esg<\/a><\/h2>\n\n              <\/div>\n           <\/div>\n                            \n<style>\n#text-box-665736493 {\n  width: 60%;\n}\n#text-box-665736493 .text-box-content {\n  font-size: 100%;\n}\n<\/style>\n    <\/div>\n \n\n        <\/div>\n      <\/div>\n\n            \n<style>\n#banner-1232690383 {\n  padding-top: 250px;\n}\n#banner-1232690383 .bg.bg-loaded {\n  background-image: url(https:\/\/ksapa.org\/fr\/wp-content\/uploads\/sites\/1\/2021\/09\/pexels-photo-2529179-320x400.jpeg);\n}\n#banner-1232690383 .overlay {\n  background-color: rgba(0,0,0,.5);\n}\n<\/style>\n  <\/div>\n\n\n\n\t\t<\/div>\n\t\t\t\t\t<\/div>\n\n\t\n\n\t<div id=\"col-2098144555\" class=\"col medium-4 small-12 large-4\"  >\n\t\t\t\t<div class=\"col-inner\"  >\n\t\t\t\n\t\t\t\n\n    <div class=\"box has-hover has-hover box-text-bottom\" >\n\n                  <div class=\"box-image \" style=\"width:45%;\">\n           <div class=\"box-image-inner image-cover\" style=\"border-radius:100%;padding-top:100%;\">\n              <img decoding=\"async\" width=\"400\" height=\"400\" src=\"https:\/\/ksapa.org\/fr\/wp-content\/uploads\/sites\/1\/2025\/04\/Farid-Baddache.jpg\" class=\"attachment- size-\" alt=\"Farid Baddache dirige les activit\u00e9s de conseil &amp; de plaidoyer au sein de Ksapa, s\u2019appuyant sur l\u2019am\u00e9lioration des performances environnementales, sociales et \u00e9thiques pour innover et am\u00e9liorer la comp\u00e9titivit\u00e9 des entreprises. Il intervient \u00e9galement sur divers sujets - strat\u00e9gies industrielles, achats responsables notamment - dans le cadre des d\u00e9marches d\u2019investissement d\u2019impact de Ksapa.\" srcset=\"https:\/\/ksapa.org\/fr\/wp-content\/uploads\/sites\/1\/2025\/04\/Farid-Baddache.jpg 400w, https:\/\/ksapa.org\/fr\/wp-content\/uploads\/sites\/1\/2025\/04\/Farid-Baddache-280x280.jpg 280w, https:\/\/ksapa.org\/fr\/wp-content\/uploads\/sites\/1\/2025\/04\/Farid-Baddache-150x150.jpg 150w, https:\/\/ksapa.org\/fr\/wp-content\/uploads\/sites\/1\/2025\/04\/Farid-Baddache-70x70.jpg 70w, https:\/\/ksapa.org\/fr\/wp-content\/uploads\/sites\/1\/2025\/04\/Farid-Baddache-300x300.jpg 300w, https:\/\/ksapa.org\/fr\/wp-content\/uploads\/sites\/1\/2025\/04\/Farid-Baddache-45x45.jpg 45w\" sizes=\"(max-width: 400px) 100vw, 400px\" \/>                         <\/div>\n          <\/div>\n         \n          <div class=\"box-text text-center\" >\n                <div class=\"box-text-inner\">\n                  <h4 class=\"uppercase\">\n                    <span class=\"person-name\">Farid Baddache<\/span><br\/>\n                    <span class=\"person-title is-small thin-font op-7\">\n                      Pr\u00e9sident                    <\/span>\n                  <\/h4>\n                                  \n\n<a href=\"https:\/\/ksapa.org\/fr\/impliquez-vous\/contact\/\" target=\"_self\" class=\"button primary is-outline\"  style=\"border-radius:99px;\">\n    <span>CONTACTEZ NOUS<\/span>\n  <\/a>\n\n\n\n                <\/div>\n          <\/div>\n    <\/div>\n\n    \n    \n\n\t\t<\/div>\n\t\t\t\t\t<\/div>\n\n\t\n\n<\/div>\n\n\t\t<\/div>\n\t\t\t\t\t<\/div>\n\n\t\n\n<\/div>\n<div class=\"row align-center\"  id=\"row-55931324\">\n\n\n\t<div id=\"col-22139900\" class=\"col small-12 large-12\"  >\n\t\t\t\t<div class=\"col-inner text-center\"  >\n\t\t\t\n\t\t\t\n\n<a href=\"https:\/\/ksapa.org\/fr\/a-propos\/nos-etudes-de-cas\/\" target=\"_self\" class=\"button primary lowercase\"  style=\"border-radius:99px;\">\n    <span>Nos \u00e9tudes de cas<\/span>\n  <\/a>\n\n\n\n\t\t<\/div>\n\t\t\t\t\t<\/div>\n\n\t\n\n<\/div>\n\n\t\t<\/div>\n\t\t\t\t\t<\/div>\n\n\t\n\n<\/div>\n\n\t\t<\/div>\n\n\t\t\n<style>\n#section_314214327 {\n  padding-top: 30px;\n  padding-bottom: 30px;\n}\n<\/style>\n\t<\/section>\n\t\n\n","protected":false},"excerpt":{"rendered":"","protected":false},"author":94,"featured_media":9383,"parent":3335,"menu_order":0,"comment_status":"closed","ping_status":"closed","template":"page-blank.php","meta":{"footnotes":""},"class_list":["post-9238","page","type-page","status-publish","has-post-thumbnail","hentry"],"yoast_head":"<!-- This site is optimized with the Yoast SEO plugin v27.3 - https:\/\/yoast.com\/product\/yoast-seo-wordpress\/ -->\n<title>Due diligence ESG pour les acquisitions d\u2019un leader du sport<\/title>\n<meta name=\"description\" content=\"Un leader en articles de sport s\u2019associe \u00e0 Ksapa pour une due diligence ESG align\u00e9e sur ses priorit\u00e9s durables et acquisitions.\" \/>\n<meta name=\"robots\" content=\"index, follow, max-snippet:-1, max-image-preview:large, max-video-preview:-1\" \/>\n<link rel=\"canonical\" href=\"https:\/\/ksapa.org\/fr\/a-propos\/etudes-de-cas-du-defi-esg-vers-la-transformation-odd-durable\/due-diligence-esg-pour-les-acquisitions-dun-leader-du-sport\/\" \/>\n<meta property=\"og:locale\" content=\"fr_FR\" \/>\n<meta property=\"og:type\" content=\"article\" \/>\n<meta property=\"og:title\" content=\"Due diligence ESG pour les acquisitions d\u2019un leader du sport\" \/>\n<meta property=\"og:description\" content=\"Un leader en articles de sport s\u2019associe \u00e0 Ksapa pour une due diligence ESG align\u00e9e sur ses priorit\u00e9s durables et acquisitions.\" \/>\n<meta property=\"og:url\" content=\"https:\/\/ksapa.org\/fr\/a-propos\/etudes-de-cas-du-defi-esg-vers-la-transformation-odd-durable\/due-diligence-esg-pour-les-acquisitions-dun-leader-du-sport\/\" \/>\n<meta property=\"og:site_name\" content=\"Ksapa - fr\" \/>\n<meta property=\"article:modified_time\" content=\"2025-06-04T15:42:19+00:00\" \/>\n<meta property=\"og:image\" content=\"https:\/\/ksapa.org\/fr\/wp-content\/uploads\/sites\/1\/2024\/12\/pexels-sugar-jet-750021845-20688402-scaled.jpg\" \/>\n\t<meta property=\"og:image:width\" content=\"2560\" \/>\n\t<meta property=\"og:image:height\" content=\"1949\" \/>\n\t<meta property=\"og:image:type\" content=\"image\/jpeg\" \/>\n<meta name=\"twitter:card\" content=\"summary_large_image\" \/>\n<meta name=\"twitter:site\" content=\"@KsapaOrg\" \/>\n<meta name=\"twitter:label1\" content=\"Dur\u00e9e de lecture estim\u00e9e\" \/>\n\t<meta name=\"twitter:data1\" content=\"3 minutes\" \/>\n<script type=\"application\/ld+json\" class=\"yoast-schema-graph\">{\"@context\":\"https:\\\/\\\/schema.org\",\"@graph\":[{\"@type\":\"WebPage\",\"@id\":\"https:\\\/\\\/ksapa.org\\\/fr\\\/a-propos\\\/etudes-de-cas-du-defi-esg-vers-la-transformation-odd-durable\\\/due-diligence-esg-pour-les-acquisitions-dun-leader-du-sport\\\/\",\"url\":\"https:\\\/\\\/ksapa.org\\\/fr\\\/a-propos\\\/etudes-de-cas-du-defi-esg-vers-la-transformation-odd-durable\\\/due-diligence-esg-pour-les-acquisitions-dun-leader-du-sport\\\/\",\"name\":\"Due diligence ESG pour les acquisitions d\u2019un leader du sport\",\"isPartOf\":{\"@id\":\"https:\\\/\\\/ksapa.org\\\/fr\\\/#website\"},\"primaryImageOfPage\":{\"@id\":\"https:\\\/\\\/ksapa.org\\\/fr\\\/a-propos\\\/etudes-de-cas-du-defi-esg-vers-la-transformation-odd-durable\\\/due-diligence-esg-pour-les-acquisitions-dun-leader-du-sport\\\/#primaryimage\"},\"image\":{\"@id\":\"https:\\\/\\\/ksapa.org\\\/fr\\\/a-propos\\\/etudes-de-cas-du-defi-esg-vers-la-transformation-odd-durable\\\/due-diligence-esg-pour-les-acquisitions-dun-leader-du-sport\\\/#primaryimage\"},\"thumbnailUrl\":\"https:\\\/\\\/ksapa.org\\\/fr\\\/wp-content\\\/uploads\\\/sites\\\/1\\\/2024\\\/12\\\/pexels-sugar-jet-750021845-20688402-scaled.jpg\",\"datePublished\":\"2024-12-13T14:28:58+00:00\",\"dateModified\":\"2025-06-04T15:42:19+00:00\",\"description\":\"Un leader en articles de sport s\u2019associe \u00e0 Ksapa pour une due diligence ESG align\u00e9e sur ses priorit\u00e9s durables et acquisitions.\",\"breadcrumb\":{\"@id\":\"https:\\\/\\\/ksapa.org\\\/fr\\\/a-propos\\\/etudes-de-cas-du-defi-esg-vers-la-transformation-odd-durable\\\/due-diligence-esg-pour-les-acquisitions-dun-leader-du-sport\\\/#breadcrumb\"},\"inLanguage\":\"fr-FR\",\"potentialAction\":[{\"@type\":\"ReadAction\",\"target\":[\"https:\\\/\\\/ksapa.org\\\/fr\\\/a-propos\\\/etudes-de-cas-du-defi-esg-vers-la-transformation-odd-durable\\\/due-diligence-esg-pour-les-acquisitions-dun-leader-du-sport\\\/\"]}]},{\"@type\":\"ImageObject\",\"inLanguage\":\"fr-FR\",\"@id\":\"https:\\\/\\\/ksapa.org\\\/fr\\\/a-propos\\\/etudes-de-cas-du-defi-esg-vers-la-transformation-odd-durable\\\/due-diligence-esg-pour-les-acquisitions-dun-leader-du-sport\\\/#primaryimage\",\"url\":\"https:\\\/\\\/ksapa.org\\\/fr\\\/wp-content\\\/uploads\\\/sites\\\/1\\\/2024\\\/12\\\/pexels-sugar-jet-750021845-20688402-scaled.jpg\",\"contentUrl\":\"https:\\\/\\\/ksapa.org\\\/fr\\\/wp-content\\\/uploads\\\/sites\\\/1\\\/2024\\\/12\\\/pexels-sugar-jet-750021845-20688402-scaled.jpg\",\"width\":2560,\"height\":1949,\"caption\":\"Un leader en articles de sport s\u2019associe \u00e0 Ksapa pour une due diligence ESG align\u00e9e sur ses priorit\u00e9s durables et acquisitions.\"},{\"@type\":\"BreadcrumbList\",\"@id\":\"https:\\\/\\\/ksapa.org\\\/fr\\\/a-propos\\\/etudes-de-cas-du-defi-esg-vers-la-transformation-odd-durable\\\/due-diligence-esg-pour-les-acquisitions-dun-leader-du-sport\\\/#breadcrumb\",\"itemListElement\":[{\"@type\":\"ListItem\",\"position\":1,\"name\":\"Home\",\"item\":\"https:\\\/\\\/ksapa.org\\\/fr\\\/\"},{\"@type\":\"ListItem\",\"position\":2,\"name\":\"\u00c0 propos\",\"item\":\"https:\\\/\\\/ksapa.org\\\/fr\\\/a-propos\\\/\"},{\"@type\":\"ListItem\",\"position\":3,\"name\":\"Etudes de cas\",\"item\":\"https:\\\/\\\/ksapa.org\\\/fr\\\/a-propos\\\/etudes-de-cas-du-defi-esg-vers-la-transformation-odd-durable\\\/\"},{\"@type\":\"ListItem\",\"position\":4,\"name\":\"Due diligence ESG pour les acquisitions d\u2019un leader du sport\"}]},{\"@type\":\"WebSite\",\"@id\":\"https:\\\/\\\/ksapa.org\\\/fr\\\/#website\",\"url\":\"https:\\\/\\\/ksapa.org\\\/fr\\\/\",\"name\":\"Ksapa - fr\",\"description\":\"\",\"publisher\":{\"@id\":\"https:\\\/\\\/ksapa.org\\\/fr\\\/#organization\"},\"potentialAction\":[{\"@type\":\"SearchAction\",\"target\":{\"@type\":\"EntryPoint\",\"urlTemplate\":\"https:\\\/\\\/ksapa.org\\\/fr\\\/?s={search_term_string}\"},\"query-input\":{\"@type\":\"PropertyValueSpecification\",\"valueRequired\":true,\"valueName\":\"search_term_string\"}}],\"inLanguage\":\"fr-FR\"},{\"@type\":\"Organization\",\"@id\":\"https:\\\/\\\/ksapa.org\\\/fr\\\/#organization\",\"name\":\"ksapa\",\"url\":\"https:\\\/\\\/ksapa.org\\\/fr\\\/\",\"logo\":{\"@type\":\"ImageObject\",\"inLanguage\":\"fr-FR\",\"@id\":\"https:\\\/\\\/ksapa.org\\\/fr\\\/#\\\/schema\\\/logo\\\/image\\\/\",\"url\":\"https:\\\/\\\/ksapa.org\\\/fr\\\/wp-content\\\/uploads\\\/sites\\\/1\\\/2019\\\/06\\\/icone-ksapa.jpg\",\"contentUrl\":\"https:\\\/\\\/ksapa.org\\\/fr\\\/wp-content\\\/uploads\\\/sites\\\/1\\\/2019\\\/06\\\/icone-ksapa.jpg\",\"width\":\"442\",\"height\":\"421\",\"caption\":\"ksapa\"},\"image\":{\"@id\":\"https:\\\/\\\/ksapa.org\\\/fr\\\/#\\\/schema\\\/logo\\\/image\\\/\"},\"sameAs\":[\"https:\\\/\\\/x.com\\\/KsapaOrg\"]}]}<\/script>\n<!-- \/ Yoast SEO plugin. -->","yoast_head_json":{"title":"Due diligence ESG pour les acquisitions d\u2019un leader du sport","description":"Un leader en articles de sport s\u2019associe \u00e0 Ksapa pour une due diligence ESG align\u00e9e sur ses priorit\u00e9s durables et acquisitions.","robots":{"index":"index","follow":"follow","max-snippet":"max-snippet:-1","max-image-preview":"max-image-preview:large","max-video-preview":"max-video-preview:-1"},"canonical":"https:\/\/ksapa.org\/fr\/a-propos\/etudes-de-cas-du-defi-esg-vers-la-transformation-odd-durable\/due-diligence-esg-pour-les-acquisitions-dun-leader-du-sport\/","og_locale":"fr_FR","og_type":"article","og_title":"Due diligence ESG pour les acquisitions d\u2019un leader du sport","og_description":"Un leader en articles de sport s\u2019associe \u00e0 Ksapa pour une due diligence ESG align\u00e9e sur ses priorit\u00e9s durables et acquisitions.","og_url":"https:\/\/ksapa.org\/fr\/a-propos\/etudes-de-cas-du-defi-esg-vers-la-transformation-odd-durable\/due-diligence-esg-pour-les-acquisitions-dun-leader-du-sport\/","og_site_name":"Ksapa - fr","article_modified_time":"2025-06-04T15:42:19+00:00","og_image":[{"width":2560,"height":1949,"url":"https:\/\/ksapa.org\/fr\/wp-content\/uploads\/sites\/1\/2024\/12\/pexels-sugar-jet-750021845-20688402-scaled.jpg","type":"image\/jpeg"}],"twitter_card":"summary_large_image","twitter_site":"@KsapaOrg","twitter_misc":{"Dur\u00e9e de lecture estim\u00e9e":"3 minutes"},"schema":{"@context":"https:\/\/schema.org","@graph":[{"@type":"WebPage","@id":"https:\/\/ksapa.org\/fr\/a-propos\/etudes-de-cas-du-defi-esg-vers-la-transformation-odd-durable\/due-diligence-esg-pour-les-acquisitions-dun-leader-du-sport\/","url":"https:\/\/ksapa.org\/fr\/a-propos\/etudes-de-cas-du-defi-esg-vers-la-transformation-odd-durable\/due-diligence-esg-pour-les-acquisitions-dun-leader-du-sport\/","name":"Due diligence ESG pour les acquisitions d\u2019un leader du sport","isPartOf":{"@id":"https:\/\/ksapa.org\/fr\/#website"},"primaryImageOfPage":{"@id":"https:\/\/ksapa.org\/fr\/a-propos\/etudes-de-cas-du-defi-esg-vers-la-transformation-odd-durable\/due-diligence-esg-pour-les-acquisitions-dun-leader-du-sport\/#primaryimage"},"image":{"@id":"https:\/\/ksapa.org\/fr\/a-propos\/etudes-de-cas-du-defi-esg-vers-la-transformation-odd-durable\/due-diligence-esg-pour-les-acquisitions-dun-leader-du-sport\/#primaryimage"},"thumbnailUrl":"https:\/\/ksapa.org\/fr\/wp-content\/uploads\/sites\/1\/2024\/12\/pexels-sugar-jet-750021845-20688402-scaled.jpg","datePublished":"2024-12-13T14:28:58+00:00","dateModified":"2025-06-04T15:42:19+00:00","description":"Un leader en articles de sport s\u2019associe \u00e0 Ksapa pour une due diligence ESG align\u00e9e sur ses priorit\u00e9s durables et acquisitions.","breadcrumb":{"@id":"https:\/\/ksapa.org\/fr\/a-propos\/etudes-de-cas-du-defi-esg-vers-la-transformation-odd-durable\/due-diligence-esg-pour-les-acquisitions-dun-leader-du-sport\/#breadcrumb"},"inLanguage":"fr-FR","potentialAction":[{"@type":"ReadAction","target":["https:\/\/ksapa.org\/fr\/a-propos\/etudes-de-cas-du-defi-esg-vers-la-transformation-odd-durable\/due-diligence-esg-pour-les-acquisitions-dun-leader-du-sport\/"]}]},{"@type":"ImageObject","inLanguage":"fr-FR","@id":"https:\/\/ksapa.org\/fr\/a-propos\/etudes-de-cas-du-defi-esg-vers-la-transformation-odd-durable\/due-diligence-esg-pour-les-acquisitions-dun-leader-du-sport\/#primaryimage","url":"https:\/\/ksapa.org\/fr\/wp-content\/uploads\/sites\/1\/2024\/12\/pexels-sugar-jet-750021845-20688402-scaled.jpg","contentUrl":"https:\/\/ksapa.org\/fr\/wp-content\/uploads\/sites\/1\/2024\/12\/pexels-sugar-jet-750021845-20688402-scaled.jpg","width":2560,"height":1949,"caption":"Un leader en articles de sport s\u2019associe \u00e0 Ksapa pour une due diligence ESG align\u00e9e sur ses priorit\u00e9s durables et acquisitions."},{"@type":"BreadcrumbList","@id":"https:\/\/ksapa.org\/fr\/a-propos\/etudes-de-cas-du-defi-esg-vers-la-transformation-odd-durable\/due-diligence-esg-pour-les-acquisitions-dun-leader-du-sport\/#breadcrumb","itemListElement":[{"@type":"ListItem","position":1,"name":"Home","item":"https:\/\/ksapa.org\/fr\/"},{"@type":"ListItem","position":2,"name":"\u00c0 propos","item":"https:\/\/ksapa.org\/fr\/a-propos\/"},{"@type":"ListItem","position":3,"name":"Etudes de cas","item":"https:\/\/ksapa.org\/fr\/a-propos\/etudes-de-cas-du-defi-esg-vers-la-transformation-odd-durable\/"},{"@type":"ListItem","position":4,"name":"Due diligence ESG pour les acquisitions d\u2019un leader du sport"}]},{"@type":"WebSite","@id":"https:\/\/ksapa.org\/fr\/#website","url":"https:\/\/ksapa.org\/fr\/","name":"Ksapa - fr","description":"","publisher":{"@id":"https:\/\/ksapa.org\/fr\/#organization"},"potentialAction":[{"@type":"SearchAction","target":{"@type":"EntryPoint","urlTemplate":"https:\/\/ksapa.org\/fr\/?s={search_term_string}"},"query-input":{"@type":"PropertyValueSpecification","valueRequired":true,"valueName":"search_term_string"}}],"inLanguage":"fr-FR"},{"@type":"Organization","@id":"https:\/\/ksapa.org\/fr\/#organization","name":"ksapa","url":"https:\/\/ksapa.org\/fr\/","logo":{"@type":"ImageObject","inLanguage":"fr-FR","@id":"https:\/\/ksapa.org\/fr\/#\/schema\/logo\/image\/","url":"https:\/\/ksapa.org\/fr\/wp-content\/uploads\/sites\/1\/2019\/06\/icone-ksapa.jpg","contentUrl":"https:\/\/ksapa.org\/fr\/wp-content\/uploads\/sites\/1\/2019\/06\/icone-ksapa.jpg","width":"442","height":"421","caption":"ksapa"},"image":{"@id":"https:\/\/ksapa.org\/fr\/#\/schema\/logo\/image\/"},"sameAs":["https:\/\/x.com\/KsapaOrg"]}]}},"_links":{"self":[{"href":"https:\/\/ksapa.org\/fr\/wp-json\/wp\/v2\/pages\/9238","targetHints":{"allow":["GET"]}}],"collection":[{"href":"https:\/\/ksapa.org\/fr\/wp-json\/wp\/v2\/pages"}],"about":[{"href":"https:\/\/ksapa.org\/fr\/wp-json\/wp\/v2\/types\/page"}],"author":[{"embeddable":true,"href":"https:\/\/ksapa.org\/fr\/wp-json\/wp\/v2\/users\/94"}],"replies":[{"embeddable":true,"href":"https:\/\/ksapa.org\/fr\/wp-json\/wp\/v2\/comments?post=9238"}],"version-history":[{"count":7,"href":"https:\/\/ksapa.org\/fr\/wp-json\/wp\/v2\/pages\/9238\/revisions"}],"predecessor-version":[{"id":10368,"href":"https:\/\/ksapa.org\/fr\/wp-json\/wp\/v2\/pages\/9238\/revisions\/10368"}],"up":[{"embeddable":true,"href":"https:\/\/ksapa.org\/fr\/wp-json\/wp\/v2\/pages\/3335"}],"wp:featuredmedia":[{"embeddable":true,"href":"https:\/\/ksapa.org\/fr\/wp-json\/wp\/v2\/media\/9383"}],"wp:attachment":[{"href":"https:\/\/ksapa.org\/fr\/wp-json\/wp\/v2\/media?parent=9238"}],"curies":[{"name":"wp","href":"https:\/\/api.w.org\/{rel}","templated":true}]}}